{"id":58137,"date":"2025-12-12T19:50:42","date_gmt":"2025-12-12T18:50:42","guid":{"rendered":"https:\/\/test.ecbeaute.com\/?post_type=product&#038;p=58137"},"modified":"2025-12-12T19:50:44","modified_gmt":"2025-12-12T18:50:44","slug":"filorga-lift-designer-serum-ultra-liftant-30-ml-3","status":"publish","type":"product","link":"https:\/\/paracherkaoui.ma\/index.php\/produit\/filorga-lift-designer-serum-ultra-liftant-30-ml-3\/","title":{"rendered":"FILORGA LIFT DESIGNER SERUM ULTRA LIFTANT 30 ML"},"content":{"rendered":"<p>INDICATIONS :<br \/>\nLe s\u00e9rum ultra-liftant FILOGRA est un anti-\u00e2ge radical dot\u00e9 d&rsquo;une efficacit\u00e9 liftante et d&rsquo;un tenseur double action. Sa texture p\u00e9n\u00e8tre rapidement dans la peau et la retend imm\u00e9diatement.<br \/>\nPR\u00c9SENTATION :<br \/>\n1 Fl-pompe de 30 ml<br \/>\nCONSEILS D&rsquo;UTILISATION:<br \/>\nAppliquer le roller sur les zones concern\u00e9es. A l&rsquo;aide des doigts, appliquer ensuite sur l&rsquo;ensemble du visage.<br \/>\nA appliquer le matin et le soir pour une meilleure efficacit\u00e9.<br \/>\nCOMPOSITION :<br \/>\nAqua (Water, Eau), Glycereth-26, Caprylic\/Capric Triglyceride, Isodecyl Neopentanoate, Ethylhexyl Palmitate, Glycerin, C14-22 Alcohols, Hydroxypropyl Methylcellulose, Boron Nitride, Pullulan, Phenoxyethanol, Hydroxyethyl Acrylate\/Sodium Acryloyldimethyl Taurate Copolymer, Curcuma Longa (Turmeric) Root Extract, Parfum (Fragrance), C12-20 Alkyl Glucoside, Sucrose Palmitate, Secale Cereale (Rye) Seed Extract, Maltodextrin, Polyisobutene, Sodium Polyacrylate, Ethylhexylglycerin, Hydrolyzed Ulva Lactuca Extract, Citric Acid, Glyceryl Linoleate, Squalane, PEG-7 Trimethylolpropane Coconut Ether, Prunus Amygdalus Dulcis (Sweet Almond) Oil, Porphyridium Cruentum Extract, Sodium Chloride, Pentylene Glycol, Trihydroxystearin, Sorbitan Isostearate, Plankton Extract, PEG-8 Dimethicone, Lecithin, Polysorbate-60, Sodium Citrate, Soluble Collagen, Sodium Hyaluronate, Sodium Hydroxide, Glucose, Sodium Benzoate, Sodium Ascorbate, Potassium Chloride, Postassium Sorbate, Calcium Chloride, Phytic Acid, Magnesium Sulfate, Glutamine, Sodium Phosphate, Tocopherol, Ascorbic Acid, Sodium Acetate, Lysine HCL, Arginine, Alanine, Histidine, Valine, Leucine, Threonine, Isoleucine, Tryptophan, Phenylalanine, Tyrosine, Glycine, Polysorbate-80, Glucomannan, Serine, Deoxyadenosine, Cystine, Cyanocobalamin, Deoxycytidine, Deoxyguanosine, Deoxythymidine, Glutathione, Asparagine, Aspartic Acid, Ornithine, Glutamic Acid, Nicotinamide Adenine Dinucleotide, Proline, Aminobutyric Acid, Methionine, Taurine, Hydroxyproline, Glucosamine, Coenzyme A, Glucuronolactone, Sodium Glucuronate, Thiamine Diphosphate, Disodium Flavine Adenine, Dinucleotide, Sodium Uridine Triphosphate, Retinyl Acetate, Inositol, Methyl Deoxycytidine, Niacin, Niacinamide, Pyridoxal 5-Phosphate, Pyridoxine HCL, Biotin, Calcium Pantothenate, Folic Acid, Riboflavin, Tocopheryl Phosphate.<\/p>\n","protected":false},"excerpt":{"rendered":"<p>INDICATIONS : Le s\u00e9rum ultra-liftant FILOGRA est un anti-\u00e2ge radical dot\u00e9 d&rsquo;une efficacit\u00e9 liftante et d&rsquo;un tenseur double action. Sa<\/p>\n","protected":false},"featured_media":13691,"comment_status":"open","ping_status":"closed","template":"","meta":[],"product_brand":[141],"product_cat":[140],"product_tag":[],"class_list":{"0":"post-58137","1":"product","2":"type-product","3":"status-publish","4":"has-post-thumbnail","6":"product_brand-filorga","7":"product_cat-anti-age","9":"first","10":"instock","11":"sale","12":"shipping-taxable","13":"purchasable","14":"product-type-simple"},"yoast_head":"<!-- This site is optimized with the Yoast SEO plugin v26.6 - https:\/\/yoast.com\/wordpress\/plugins\/seo\/ -->\r\n<title>FILORGA LIFT DESIGNER SERUM ULTRA LIFTANT 30 ML - Paracherkaoui.ma<\/title>\r\n<meta name=\"robots\" content=\"index, follow, max-snippet:-1, max-image-preview:large, max-video-preview:-1\" \/>\r\n<link rel=\"canonical\" href=\"https:\/\/paracherkaoui.ma\/index.php\/produit\/filorga-lift-designer-serum-ultra-liftant-30-ml-3\/\" \/>\r\n<meta property=\"og:locale\" content=\"fr_FR\" \/>\r\n<meta property=\"og:type\" content=\"article\" \/>\r\n<meta property=\"og:title\" content=\"FILORGA LIFT DESIGNER SERUM ULTRA LIFTANT 30 ML - Paracherkaoui.ma\" \/>\r\n<meta property=\"og:description\" content=\"INDICATIONS : Le s\u00e9rum ultra-liftant FILOGRA est un anti-\u00e2ge radical dot\u00e9 d&rsquo;une efficacit\u00e9 liftante et d&rsquo;un tenseur double action. Sa\" \/>\r\n<meta property=\"og:url\" content=\"https:\/\/paracherkaoui.ma\/index.php\/produit\/filorga-lift-designer-serum-ultra-liftant-30-ml-3\/\" \/>\r\n<meta property=\"og:site_name\" content=\"Paracherkaoui.ma\" \/>\r\n<meta property=\"article:modified_time\" content=\"2025-12-12T18:50:44+00:00\" \/>\r\n<meta property=\"og:image\" content=\"https:\/\/paracherkaoui.ma\/wp-content\/uploads\/2025\/12\/filorga-filorga-lift-designer-serum-ultra-liftant-30-ml-peaux-matures.jpg\" \/>\r\n\t<meta property=\"og:image:width\" content=\"700\" \/>\r\n\t<meta property=\"og:image:height\" content=\"700\" \/>\r\n\t<meta property=\"og:image:type\" content=\"image\/jpeg\" \/>\r\n<meta name=\"twitter:card\" content=\"summary_large_image\" \/>\r\n<meta name=\"twitter:label1\" content=\"Dur\u00e9e de lecture estim\u00e9e\" \/>\n\t<meta name=\"twitter:data1\" content=\"1 minute\" \/>\r\n<script type=\"application\/ld+json\" class=\"yoast-schema-graph\">{\"@context\":\"https:\/\/schema.org\",\"@graph\":[{\"@type\":\"WebPage\",\"@id\":\"https:\/\/paracherkaoui.ma\/index.php\/produit\/filorga-lift-designer-serum-ultra-liftant-30-ml-3\/\",\"url\":\"https:\/\/paracherkaoui.ma\/index.php\/produit\/filorga-lift-designer-serum-ultra-liftant-30-ml-3\/\",\"name\":\"FILORGA LIFT DESIGNER SERUM ULTRA LIFTANT 30 ML - Paracherkaoui.ma\",\"isPartOf\":{\"@id\":\"https:\/\/paracherkaoui.ma\/#website\"},\"primaryImageOfPage\":{\"@id\":\"https:\/\/paracherkaoui.ma\/index.php\/produit\/filorga-lift-designer-serum-ultra-liftant-30-ml-3\/#primaryimage\"},\"image\":{\"@id\":\"https:\/\/paracherkaoui.ma\/index.php\/produit\/filorga-lift-designer-serum-ultra-liftant-30-ml-3\/#primaryimage\"},\"thumbnailUrl\":\"https:\/\/paracherkaoui.ma\/wp-content\/uploads\/2025\/12\/filorga-filorga-lift-designer-serum-ultra-liftant-30-ml-peaux-matures.jpg\",\"datePublished\":\"2025-12-12T18:50:42+00:00\",\"dateModified\":\"2025-12-12T18:50:44+00:00\",\"breadcrumb\":{\"@id\":\"https:\/\/paracherkaoui.ma\/index.php\/produit\/filorga-lift-designer-serum-ultra-liftant-30-ml-3\/#breadcrumb\"},\"inLanguage\":\"fr-FR\",\"potentialAction\":[{\"@type\":\"ReadAction\",\"target\":[\"https:\/\/paracherkaoui.ma\/index.php\/produit\/filorga-lift-designer-serum-ultra-liftant-30-ml-3\/\"]}]},{\"@type\":\"ImageObject\",\"inLanguage\":\"fr-FR\",\"@id\":\"https:\/\/paracherkaoui.ma\/index.php\/produit\/filorga-lift-designer-serum-ultra-liftant-30-ml-3\/#primaryimage\",\"url\":\"https:\/\/paracherkaoui.ma\/wp-content\/uploads\/2025\/12\/filorga-filorga-lift-designer-serum-ultra-liftant-30-ml-peaux-matures.jpg\",\"contentUrl\":\"https:\/\/paracherkaoui.ma\/wp-content\/uploads\/2025\/12\/filorga-filorga-lift-designer-serum-ultra-liftant-30-ml-peaux-matures.jpg\",\"width\":700,\"height\":700},{\"@type\":\"BreadcrumbList\",\"@id\":\"https:\/\/paracherkaoui.ma\/index.php\/produit\/filorga-lift-designer-serum-ultra-liftant-30-ml-3\/#breadcrumb\",\"itemListElement\":[{\"@type\":\"ListItem\",\"position\":1,\"name\":\"Accueil\",\"item\":\"https:\/\/paracherkaoui.ma\/\"},{\"@type\":\"ListItem\",\"position\":2,\"name\":\"Boutique\",\"item\":\"https:\/\/paracherkaoui.ma\/index.php\/boutique\/\"},{\"@type\":\"ListItem\",\"position\":3,\"name\":\"FILORGA LIFT DESIGNER SERUM ULTRA LIFTANT 30 ML\"}]},{\"@type\":\"WebSite\",\"@id\":\"https:\/\/paracherkaoui.ma\/#website\",\"url\":\"https:\/\/paracherkaoui.ma\/\",\"name\":\"Paracherkaoui.ma\",\"description\":\"Achetez en ligne sur Paracherkaoui.ma\",\"potentialAction\":[{\"@type\":\"SearchAction\",\"target\":{\"@type\":\"EntryPoint\",\"urlTemplate\":\"https:\/\/paracherkaoui.ma\/?s={search_term_string}\"},\"query-input\":{\"@type\":\"PropertyValueSpecification\",\"valueRequired\":true,\"valueName\":\"search_term_string\"}}],\"inLanguage\":\"fr-FR\"}]}<\/script>\r\n<!-- \/ Yoast SEO plugin. -->","yoast_head_json":{"title":"FILORGA LIFT DESIGNER SERUM ULTRA LIFTANT 30 ML - Paracherkaoui.ma","robots":{"index":"index","follow":"follow","max-snippet":"max-snippet:-1","max-image-preview":"max-image-preview:large","max-video-preview":"max-video-preview:-1"},"canonical":"https:\/\/paracherkaoui.ma\/index.php\/produit\/filorga-lift-designer-serum-ultra-liftant-30-ml-3\/","og_locale":"fr_FR","og_type":"article","og_title":"FILORGA LIFT DESIGNER SERUM ULTRA LIFTANT 30 ML - Paracherkaoui.ma","og_description":"INDICATIONS : Le s\u00e9rum ultra-liftant FILOGRA est un anti-\u00e2ge radical dot\u00e9 d&rsquo;une efficacit\u00e9 liftante et d&rsquo;un tenseur double action. Sa","og_url":"https:\/\/paracherkaoui.ma\/index.php\/produit\/filorga-lift-designer-serum-ultra-liftant-30-ml-3\/","og_site_name":"Paracherkaoui.ma","article_modified_time":"2025-12-12T18:50:44+00:00","og_image":[{"width":700,"height":700,"url":"https:\/\/paracherkaoui.ma\/wp-content\/uploads\/2025\/12\/filorga-filorga-lift-designer-serum-ultra-liftant-30-ml-peaux-matures.jpg","type":"image\/jpeg"}],"twitter_card":"summary_large_image","twitter_misc":{"Dur\u00e9e de lecture estim\u00e9e":"1 minute"},"schema":{"@context":"https:\/\/schema.org","@graph":[{"@type":"WebPage","@id":"https:\/\/paracherkaoui.ma\/index.php\/produit\/filorga-lift-designer-serum-ultra-liftant-30-ml-3\/","url":"https:\/\/paracherkaoui.ma\/index.php\/produit\/filorga-lift-designer-serum-ultra-liftant-30-ml-3\/","name":"FILORGA LIFT DESIGNER SERUM ULTRA LIFTANT 30 ML - Paracherkaoui.ma","isPartOf":{"@id":"https:\/\/paracherkaoui.ma\/#website"},"primaryImageOfPage":{"@id":"https:\/\/paracherkaoui.ma\/index.php\/produit\/filorga-lift-designer-serum-ultra-liftant-30-ml-3\/#primaryimage"},"image":{"@id":"https:\/\/paracherkaoui.ma\/index.php\/produit\/filorga-lift-designer-serum-ultra-liftant-30-ml-3\/#primaryimage"},"thumbnailUrl":"https:\/\/paracherkaoui.ma\/wp-content\/uploads\/2025\/12\/filorga-filorga-lift-designer-serum-ultra-liftant-30-ml-peaux-matures.jpg","datePublished":"2025-12-12T18:50:42+00:00","dateModified":"2025-12-12T18:50:44+00:00","breadcrumb":{"@id":"https:\/\/paracherkaoui.ma\/index.php\/produit\/filorga-lift-designer-serum-ultra-liftant-30-ml-3\/#breadcrumb"},"inLanguage":"fr-FR","potentialAction":[{"@type":"ReadAction","target":["https:\/\/paracherkaoui.ma\/index.php\/produit\/filorga-lift-designer-serum-ultra-liftant-30-ml-3\/"]}]},{"@type":"ImageObject","inLanguage":"fr-FR","@id":"https:\/\/paracherkaoui.ma\/index.php\/produit\/filorga-lift-designer-serum-ultra-liftant-30-ml-3\/#primaryimage","url":"https:\/\/paracherkaoui.ma\/wp-content\/uploads\/2025\/12\/filorga-filorga-lift-designer-serum-ultra-liftant-30-ml-peaux-matures.jpg","contentUrl":"https:\/\/paracherkaoui.ma\/wp-content\/uploads\/2025\/12\/filorga-filorga-lift-designer-serum-ultra-liftant-30-ml-peaux-matures.jpg","width":700,"height":700},{"@type":"BreadcrumbList","@id":"https:\/\/paracherkaoui.ma\/index.php\/produit\/filorga-lift-designer-serum-ultra-liftant-30-ml-3\/#breadcrumb","itemListElement":[{"@type":"ListItem","position":1,"name":"Accueil","item":"https:\/\/paracherkaoui.ma\/"},{"@type":"ListItem","position":2,"name":"Boutique","item":"https:\/\/paracherkaoui.ma\/index.php\/boutique\/"},{"@type":"ListItem","position":3,"name":"FILORGA LIFT DESIGNER SERUM ULTRA LIFTANT 30 ML"}]},{"@type":"WebSite","@id":"https:\/\/paracherkaoui.ma\/#website","url":"https:\/\/paracherkaoui.ma\/","name":"Paracherkaoui.ma","description":"Achetez en ligne sur Paracherkaoui.ma","potentialAction":[{"@type":"SearchAction","target":{"@type":"EntryPoint","urlTemplate":"https:\/\/paracherkaoui.ma\/?s={search_term_string}"},"query-input":{"@type":"PropertyValueSpecification","valueRequired":true,"valueName":"search_term_string"}}],"inLanguage":"fr-FR"}]}},"_links":{"self":[{"href":"https:\/\/paracherkaoui.ma\/index.php\/wp-json\/wp\/v2\/product\/58137","targetHints":{"allow":["GET"]}}],"collection":[{"href":"https:\/\/paracherkaoui.ma\/index.php\/wp-json\/wp\/v2\/product"}],"about":[{"href":"https:\/\/paracherkaoui.ma\/index.php\/wp-json\/wp\/v2\/types\/product"}],"replies":[{"embeddable":true,"href":"https:\/\/paracherkaoui.ma\/index.php\/wp-json\/wp\/v2\/comments?post=58137"}],"version-history":[{"count":1,"href":"https:\/\/paracherkaoui.ma\/index.php\/wp-json\/wp\/v2\/product\/58137\/revisions"}],"predecessor-version":[{"id":58157,"href":"https:\/\/paracherkaoui.ma\/index.php\/wp-json\/wp\/v2\/product\/58137\/revisions\/58157"}],"wp:featuredmedia":[{"embeddable":true,"href":"https:\/\/paracherkaoui.ma\/index.php\/wp-json\/wp\/v2\/media\/13691"}],"wp:attachment":[{"href":"https:\/\/paracherkaoui.ma\/index.php\/wp-json\/wp\/v2\/media?parent=58137"}],"wp:term":[{"taxonomy":"product_brand","embeddable":true,"href":"https:\/\/paracherkaoui.ma\/index.php\/wp-json\/wp\/v2\/product_brand?post=58137"},{"taxonomy":"product_cat","embeddable":true,"href":"https:\/\/paracherkaoui.ma\/index.php\/wp-json\/wp\/v2\/product_cat?post=58137"},{"taxonomy":"product_tag","embeddable":true,"href":"https:\/\/paracherkaoui.ma\/index.php\/wp-json\/wp\/v2\/product_tag?post=58137"}],"curies":[{"name":"wp","href":"https:\/\/api.w.org\/{rel}","templated":true}]}}