{"id":58130,"date":"2025-12-12T19:50:41","date_gmt":"2025-12-12T18:50:41","guid":{"rendered":"https:\/\/test.ecbeaute.com\/?post_type=product&#038;p=58130"},"modified":"2025-12-12T19:50:44","modified_gmt":"2025-12-12T18:50:44","slug":"svr-ampoules-refresh-yeux-jour-15-ml-3","status":"publish","type":"product","link":"https:\/\/paracherkaoui.ma\/index.php\/produit\/svr-ampoules-refresh-yeux-jour-15-ml-3\/","title":{"rendered":"SVR AMPOULES REFRESH YEUX JOUR 15 ML"},"content":{"rendered":"<p>Description:<br \/>\nSa formule, enrichie en caf\u00e9ine, stimule le regard, favorise la micro-circulation et d\u00e9congestionne pour agir sur les cernes et les poches. Enrichie en peptides et acide hyaluronique, le contour des yeux est liss\u00e9, raffermi et hydrat\u00e9, pr\u00eat pour affronter la journ\u00e9e. Son vrai plus, son packaging innovant ! Sa pipette massante m\u00e9tallique permet de d\u00e9livrer le produit sur la zone souhait\u00e9e et de masser avec un effet frais imm\u00e9diat pour maximiser l\u2019efficacit\u00e9 anti-poches, anti-cernes.<br \/>\nFini les yeux bouffis et cern\u00e9s au r\u00e9veil, le regard est frais, r\u00e9veill\u00e9 et liss\u00e9.<\/p>\n","protected":false},"excerpt":{"rendered":"<p>Description: Sa formule, enrichie en caf\u00e9ine, stimule le regard, favorise la micro-circulation et d\u00e9congestionne pour agir sur les cernes et<\/p>\n","protected":false},"featured_media":14137,"comment_status":"open","ping_status":"closed","template":"","meta":[],"product_brand":[133],"product_cat":[140],"product_tag":[],"class_list":{"0":"post-58130","1":"product","2":"type-product","3":"status-publish","4":"has-post-thumbnail","6":"product_brand-svr","7":"product_cat-anti-age","9":"first","10":"instock","11":"sale","12":"shipping-taxable","13":"purchasable","14":"product-type-simple"},"yoast_head":"<!-- This site is optimized with the Yoast SEO plugin v26.6 - https:\/\/yoast.com\/wordpress\/plugins\/seo\/ -->\r\n<title>SVR AMPOULES REFRESH YEUX JOUR 15 ML - Paracherkaoui.ma<\/title>\r\n<meta name=\"robots\" content=\"index, follow, max-snippet:-1, max-image-preview:large, max-video-preview:-1\" \/>\r\n<link rel=\"canonical\" href=\"https:\/\/paracherkaoui.ma\/index.php\/produit\/svr-ampoules-refresh-yeux-jour-15-ml-3\/\" \/>\r\n<meta property=\"og:locale\" content=\"fr_FR\" \/>\r\n<meta property=\"og:type\" content=\"article\" \/>\r\n<meta property=\"og:title\" content=\"SVR AMPOULES REFRESH YEUX JOUR 15 ML - Paracherkaoui.ma\" \/>\r\n<meta property=\"og:description\" content=\"Description: Sa formule, enrichie en caf\u00e9ine, stimule le regard, favorise la micro-circulation et d\u00e9congestionne pour agir sur les cernes et\" \/>\r\n<meta property=\"og:url\" content=\"https:\/\/paracherkaoui.ma\/index.php\/produit\/svr-ampoules-refresh-yeux-jour-15-ml-3\/\" \/>\r\n<meta property=\"og:site_name\" content=\"Paracherkaoui.ma\" \/>\r\n<meta property=\"article:modified_time\" content=\"2025-12-12T18:50:44+00:00\" \/>\r\n<meta property=\"og:image\" content=\"https:\/\/paracherkaoui.ma\/wp-content\/uploads\/2025\/12\/svr-svr-ampoules-refresh-yeux-jour-15-ml-soins-contours-yeux.jpg\" \/>\r\n\t<meta property=\"og:image:width\" content=\"700\" \/>\r\n\t<meta property=\"og:image:height\" content=\"700\" \/>\r\n\t<meta property=\"og:image:type\" content=\"image\/jpeg\" \/>\r\n<meta name=\"twitter:card\" content=\"summary_large_image\" \/>\r\n<meta name=\"twitter:label1\" content=\"Dur\u00e9e de lecture estim\u00e9e\" \/>\n\t<meta name=\"twitter:data1\" content=\"1 minute\" \/>\r\n<script type=\"application\/ld+json\" class=\"yoast-schema-graph\">{\"@context\":\"https:\/\/schema.org\",\"@graph\":[{\"@type\":\"WebPage\",\"@id\":\"https:\/\/paracherkaoui.ma\/index.php\/produit\/svr-ampoules-refresh-yeux-jour-15-ml-3\/\",\"url\":\"https:\/\/paracherkaoui.ma\/index.php\/produit\/svr-ampoules-refresh-yeux-jour-15-ml-3\/\",\"name\":\"SVR AMPOULES REFRESH YEUX JOUR 15 ML - Paracherkaoui.ma\",\"isPartOf\":{\"@id\":\"https:\/\/paracherkaoui.ma\/#website\"},\"primaryImageOfPage\":{\"@id\":\"https:\/\/paracherkaoui.ma\/index.php\/produit\/svr-ampoules-refresh-yeux-jour-15-ml-3\/#primaryimage\"},\"image\":{\"@id\":\"https:\/\/paracherkaoui.ma\/index.php\/produit\/svr-ampoules-refresh-yeux-jour-15-ml-3\/#primaryimage\"},\"thumbnailUrl\":\"https:\/\/paracherkaoui.ma\/wp-content\/uploads\/2025\/12\/svr-svr-ampoules-refresh-yeux-jour-15-ml-soins-contours-yeux.jpg\",\"datePublished\":\"2025-12-12T18:50:41+00:00\",\"dateModified\":\"2025-12-12T18:50:44+00:00\",\"breadcrumb\":{\"@id\":\"https:\/\/paracherkaoui.ma\/index.php\/produit\/svr-ampoules-refresh-yeux-jour-15-ml-3\/#breadcrumb\"},\"inLanguage\":\"fr-FR\",\"potentialAction\":[{\"@type\":\"ReadAction\",\"target\":[\"https:\/\/paracherkaoui.ma\/index.php\/produit\/svr-ampoules-refresh-yeux-jour-15-ml-3\/\"]}]},{\"@type\":\"ImageObject\",\"inLanguage\":\"fr-FR\",\"@id\":\"https:\/\/paracherkaoui.ma\/index.php\/produit\/svr-ampoules-refresh-yeux-jour-15-ml-3\/#primaryimage\",\"url\":\"https:\/\/paracherkaoui.ma\/wp-content\/uploads\/2025\/12\/svr-svr-ampoules-refresh-yeux-jour-15-ml-soins-contours-yeux.jpg\",\"contentUrl\":\"https:\/\/paracherkaoui.ma\/wp-content\/uploads\/2025\/12\/svr-svr-ampoules-refresh-yeux-jour-15-ml-soins-contours-yeux.jpg\",\"width\":700,\"height\":700},{\"@type\":\"BreadcrumbList\",\"@id\":\"https:\/\/paracherkaoui.ma\/index.php\/produit\/svr-ampoules-refresh-yeux-jour-15-ml-3\/#breadcrumb\",\"itemListElement\":[{\"@type\":\"ListItem\",\"position\":1,\"name\":\"Accueil\",\"item\":\"https:\/\/paracherkaoui.ma\/\"},{\"@type\":\"ListItem\",\"position\":2,\"name\":\"Boutique\",\"item\":\"https:\/\/paracherkaoui.ma\/index.php\/boutique\/\"},{\"@type\":\"ListItem\",\"position\":3,\"name\":\"SVR AMPOULES REFRESH YEUX JOUR 15 ML\"}]},{\"@type\":\"WebSite\",\"@id\":\"https:\/\/paracherkaoui.ma\/#website\",\"url\":\"https:\/\/paracherkaoui.ma\/\",\"name\":\"Paracherkaoui.ma\",\"description\":\"Achetez en ligne sur Paracherkaoui.ma\",\"potentialAction\":[{\"@type\":\"SearchAction\",\"target\":{\"@type\":\"EntryPoint\",\"urlTemplate\":\"https:\/\/paracherkaoui.ma\/?s={search_term_string}\"},\"query-input\":{\"@type\":\"PropertyValueSpecification\",\"valueRequired\":true,\"valueName\":\"search_term_string\"}}],\"inLanguage\":\"fr-FR\"}]}<\/script>\r\n<!-- \/ Yoast SEO plugin. -->","yoast_head_json":{"title":"SVR AMPOULES REFRESH YEUX JOUR 15 ML - Paracherkaoui.ma","robots":{"index":"index","follow":"follow","max-snippet":"max-snippet:-1","max-image-preview":"max-image-preview:large","max-video-preview":"max-video-preview:-1"},"canonical":"https:\/\/paracherkaoui.ma\/index.php\/produit\/svr-ampoules-refresh-yeux-jour-15-ml-3\/","og_locale":"fr_FR","og_type":"article","og_title":"SVR AMPOULES REFRESH YEUX JOUR 15 ML - Paracherkaoui.ma","og_description":"Description: Sa formule, enrichie en caf\u00e9ine, stimule le regard, favorise la micro-circulation et d\u00e9congestionne pour agir sur les cernes et","og_url":"https:\/\/paracherkaoui.ma\/index.php\/produit\/svr-ampoules-refresh-yeux-jour-15-ml-3\/","og_site_name":"Paracherkaoui.ma","article_modified_time":"2025-12-12T18:50:44+00:00","og_image":[{"width":700,"height":700,"url":"https:\/\/paracherkaoui.ma\/wp-content\/uploads\/2025\/12\/svr-svr-ampoules-refresh-yeux-jour-15-ml-soins-contours-yeux.jpg","type":"image\/jpeg"}],"twitter_card":"summary_large_image","twitter_misc":{"Dur\u00e9e de lecture estim\u00e9e":"1 minute"},"schema":{"@context":"https:\/\/schema.org","@graph":[{"@type":"WebPage","@id":"https:\/\/paracherkaoui.ma\/index.php\/produit\/svr-ampoules-refresh-yeux-jour-15-ml-3\/","url":"https:\/\/paracherkaoui.ma\/index.php\/produit\/svr-ampoules-refresh-yeux-jour-15-ml-3\/","name":"SVR AMPOULES REFRESH YEUX JOUR 15 ML - Paracherkaoui.ma","isPartOf":{"@id":"https:\/\/paracherkaoui.ma\/#website"},"primaryImageOfPage":{"@id":"https:\/\/paracherkaoui.ma\/index.php\/produit\/svr-ampoules-refresh-yeux-jour-15-ml-3\/#primaryimage"},"image":{"@id":"https:\/\/paracherkaoui.ma\/index.php\/produit\/svr-ampoules-refresh-yeux-jour-15-ml-3\/#primaryimage"},"thumbnailUrl":"https:\/\/paracherkaoui.ma\/wp-content\/uploads\/2025\/12\/svr-svr-ampoules-refresh-yeux-jour-15-ml-soins-contours-yeux.jpg","datePublished":"2025-12-12T18:50:41+00:00","dateModified":"2025-12-12T18:50:44+00:00","breadcrumb":{"@id":"https:\/\/paracherkaoui.ma\/index.php\/produit\/svr-ampoules-refresh-yeux-jour-15-ml-3\/#breadcrumb"},"inLanguage":"fr-FR","potentialAction":[{"@type":"ReadAction","target":["https:\/\/paracherkaoui.ma\/index.php\/produit\/svr-ampoules-refresh-yeux-jour-15-ml-3\/"]}]},{"@type":"ImageObject","inLanguage":"fr-FR","@id":"https:\/\/paracherkaoui.ma\/index.php\/produit\/svr-ampoules-refresh-yeux-jour-15-ml-3\/#primaryimage","url":"https:\/\/paracherkaoui.ma\/wp-content\/uploads\/2025\/12\/svr-svr-ampoules-refresh-yeux-jour-15-ml-soins-contours-yeux.jpg","contentUrl":"https:\/\/paracherkaoui.ma\/wp-content\/uploads\/2025\/12\/svr-svr-ampoules-refresh-yeux-jour-15-ml-soins-contours-yeux.jpg","width":700,"height":700},{"@type":"BreadcrumbList","@id":"https:\/\/paracherkaoui.ma\/index.php\/produit\/svr-ampoules-refresh-yeux-jour-15-ml-3\/#breadcrumb","itemListElement":[{"@type":"ListItem","position":1,"name":"Accueil","item":"https:\/\/paracherkaoui.ma\/"},{"@type":"ListItem","position":2,"name":"Boutique","item":"https:\/\/paracherkaoui.ma\/index.php\/boutique\/"},{"@type":"ListItem","position":3,"name":"SVR AMPOULES REFRESH YEUX JOUR 15 ML"}]},{"@type":"WebSite","@id":"https:\/\/paracherkaoui.ma\/#website","url":"https:\/\/paracherkaoui.ma\/","name":"Paracherkaoui.ma","description":"Achetez en ligne sur Paracherkaoui.ma","potentialAction":[{"@type":"SearchAction","target":{"@type":"EntryPoint","urlTemplate":"https:\/\/paracherkaoui.ma\/?s={search_term_string}"},"query-input":{"@type":"PropertyValueSpecification","valueRequired":true,"valueName":"search_term_string"}}],"inLanguage":"fr-FR"}]}},"_links":{"self":[{"href":"https:\/\/paracherkaoui.ma\/index.php\/wp-json\/wp\/v2\/product\/58130","targetHints":{"allow":["GET"]}}],"collection":[{"href":"https:\/\/paracherkaoui.ma\/index.php\/wp-json\/wp\/v2\/product"}],"about":[{"href":"https:\/\/paracherkaoui.ma\/index.php\/wp-json\/wp\/v2\/types\/product"}],"replies":[{"embeddable":true,"href":"https:\/\/paracherkaoui.ma\/index.php\/wp-json\/wp\/v2\/comments?post=58130"}],"version-history":[{"count":1,"href":"https:\/\/paracherkaoui.ma\/index.php\/wp-json\/wp\/v2\/product\/58130\/revisions"}],"predecessor-version":[{"id":58150,"href":"https:\/\/paracherkaoui.ma\/index.php\/wp-json\/wp\/v2\/product\/58130\/revisions\/58150"}],"wp:featuredmedia":[{"embeddable":true,"href":"https:\/\/paracherkaoui.ma\/index.php\/wp-json\/wp\/v2\/media\/14137"}],"wp:attachment":[{"href":"https:\/\/paracherkaoui.ma\/index.php\/wp-json\/wp\/v2\/media?parent=58130"}],"wp:term":[{"taxonomy":"product_brand","embeddable":true,"href":"https:\/\/paracherkaoui.ma\/index.php\/wp-json\/wp\/v2\/product_brand?post=58130"},{"taxonomy":"product_cat","embeddable":true,"href":"https:\/\/paracherkaoui.ma\/index.php\/wp-json\/wp\/v2\/product_cat?post=58130"},{"taxonomy":"product_tag","embeddable":true,"href":"https:\/\/paracherkaoui.ma\/index.php\/wp-json\/wp\/v2\/product_tag?post=58130"}],"curies":[{"name":"wp","href":"https:\/\/api.w.org\/{rel}","templated":true}]}}