{"id":58122,"date":"2025-12-12T19:50:41","date_gmt":"2025-12-12T18:50:41","guid":{"rendered":"https:\/\/test.ecbeaute.com\/?post_type=product&#038;p=58122"},"modified":"2025-12-12T19:50:42","modified_gmt":"2025-12-12T18:50:42","slug":"filorga-ncef-essence-lotion-regenerante-supreme-150-ml-3","status":"publish","type":"product","link":"https:\/\/paracherkaoui.ma\/index.php\/produit\/filorga-ncef-essence-lotion-regenerante-supreme-150-ml-3\/","title":{"rendered":"FILORGA NCEF ESSENCE LOTION REGENERANTE SUPREME 150 ML"},"content":{"rendered":"<p>INDICATIONS :<br \/>\nFILORGA NCTF-Essence. NCTF-Essence de Filorga est une lotion pr\u00e9paratrice issue de la gamme NCTF-Reverse. Elle propose 4 soins r\u00e9g\u00e9n\u00e9rants qui contiennent l&rsquo;\u00e9quivalent d&rsquo;une dose de NCTF (complexe poly-revitalisant unique, int\u00e9gr\u00e9 \u00e0 une concentration \u00e9quivalente \u00e0 un traitement anti-\u00e2ge injectable en cabinet) et s&rsquo;inspire des rituels de beaut\u00e9 asiatiques. La lotion NCTF-Essence s&rsquo;applique apr\u00e8s le d\u00e9mquillage et avant le s\u00e9rum. Elle hydrate et r\u00e9g\u00e9n\u00e8re la peau.<br \/>\nPR\u00c9SENTATION :<br \/>\n1 Flacon de 150 ml<br \/>\nCONSEIL D&rsquo;UTILISATIONS :<br \/>\nUtiliser matin et\/ou soir sur peau propre sous le s\u00e9rum ou sous le soin. Appliquer dans le creux de la main ou \u00e0 l\u2019aide d\u2019un coton sur l\u2019ensemble du visage jusqu\u2019\u00e0 absorption compl\u00e8te du produit. Sans rin\u00e7age.<\/p>\n","protected":false},"excerpt":{"rendered":"<p>INDICATIONS : FILORGA NCTF-Essence. NCTF-Essence de Filorga est une lotion pr\u00e9paratrice issue de la gamme NCTF-Reverse. Elle propose 4 soins<\/p>\n","protected":false},"featured_media":12527,"comment_status":"open","ping_status":"closed","template":"","meta":[],"product_brand":[141],"product_cat":[140],"product_tag":[],"class_list":{"0":"post-58122","1":"product","2":"type-product","3":"status-publish","4":"has-post-thumbnail","6":"product_brand-filorga","7":"product_cat-anti-age","9":"first","10":"instock","11":"sale","12":"shipping-taxable","13":"purchasable","14":"product-type-simple"},"yoast_head":"<!-- This site is optimized with the Yoast SEO plugin v26.6 - https:\/\/yoast.com\/wordpress\/plugins\/seo\/ -->\r\n<title>FILORGA NCEF ESSENCE LOTION REGENERANTE SUPREME 150 ML - Paracherkaoui.ma<\/title>\r\n<meta name=\"robots\" content=\"index, follow, max-snippet:-1, max-image-preview:large, max-video-preview:-1\" \/>\r\n<link rel=\"canonical\" href=\"https:\/\/paracherkaoui.ma\/index.php\/produit\/filorga-ncef-essence-lotion-regenerante-supreme-150-ml-3\/\" \/>\r\n<meta property=\"og:locale\" content=\"fr_FR\" \/>\r\n<meta property=\"og:type\" content=\"article\" \/>\r\n<meta property=\"og:title\" content=\"FILORGA NCEF ESSENCE LOTION REGENERANTE SUPREME 150 ML - Paracherkaoui.ma\" \/>\r\n<meta property=\"og:description\" content=\"INDICATIONS : FILORGA NCTF-Essence. NCTF-Essence de Filorga est une lotion pr\u00e9paratrice issue de la gamme NCTF-Reverse. Elle propose 4 soins\" \/>\r\n<meta property=\"og:url\" content=\"https:\/\/paracherkaoui.ma\/index.php\/produit\/filorga-ncef-essence-lotion-regenerante-supreme-150-ml-3\/\" \/>\r\n<meta property=\"og:site_name\" content=\"Paracherkaoui.ma\" \/>\r\n<meta property=\"article:modified_time\" content=\"2025-12-12T18:50:42+00:00\" \/>\r\n<meta property=\"og:image\" content=\"https:\/\/paracherkaoui.ma\/wp-content\/uploads\/2025\/12\/filorga-filorga-ncef-essence-lotion-regenerante-supreme-150-ml-nettoyants-visage.jpg\" \/>\r\n\t<meta property=\"og:image:width\" content=\"700\" \/>\r\n\t<meta property=\"og:image:height\" content=\"700\" \/>\r\n\t<meta property=\"og:image:type\" content=\"image\/jpeg\" \/>\r\n<meta name=\"twitter:card\" content=\"summary_large_image\" \/>\r\n<meta name=\"twitter:label1\" content=\"Dur\u00e9e de lecture estim\u00e9e\" \/>\n\t<meta name=\"twitter:data1\" content=\"1 minute\" \/>\r\n<script type=\"application\/ld+json\" class=\"yoast-schema-graph\">{\"@context\":\"https:\/\/schema.org\",\"@graph\":[{\"@type\":\"WebPage\",\"@id\":\"https:\/\/paracherkaoui.ma\/index.php\/produit\/filorga-ncef-essence-lotion-regenerante-supreme-150-ml-3\/\",\"url\":\"https:\/\/paracherkaoui.ma\/index.php\/produit\/filorga-ncef-essence-lotion-regenerante-supreme-150-ml-3\/\",\"name\":\"FILORGA NCEF ESSENCE LOTION REGENERANTE SUPREME 150 ML - Paracherkaoui.ma\",\"isPartOf\":{\"@id\":\"https:\/\/paracherkaoui.ma\/#website\"},\"primaryImageOfPage\":{\"@id\":\"https:\/\/paracherkaoui.ma\/index.php\/produit\/filorga-ncef-essence-lotion-regenerante-supreme-150-ml-3\/#primaryimage\"},\"image\":{\"@id\":\"https:\/\/paracherkaoui.ma\/index.php\/produit\/filorga-ncef-essence-lotion-regenerante-supreme-150-ml-3\/#primaryimage\"},\"thumbnailUrl\":\"https:\/\/paracherkaoui.ma\/wp-content\/uploads\/2025\/12\/filorga-filorga-ncef-essence-lotion-regenerante-supreme-150-ml-nettoyants-visage.jpg\",\"datePublished\":\"2025-12-12T18:50:41+00:00\",\"dateModified\":\"2025-12-12T18:50:42+00:00\",\"breadcrumb\":{\"@id\":\"https:\/\/paracherkaoui.ma\/index.php\/produit\/filorga-ncef-essence-lotion-regenerante-supreme-150-ml-3\/#breadcrumb\"},\"inLanguage\":\"fr-FR\",\"potentialAction\":[{\"@type\":\"ReadAction\",\"target\":[\"https:\/\/paracherkaoui.ma\/index.php\/produit\/filorga-ncef-essence-lotion-regenerante-supreme-150-ml-3\/\"]}]},{\"@type\":\"ImageObject\",\"inLanguage\":\"fr-FR\",\"@id\":\"https:\/\/paracherkaoui.ma\/index.php\/produit\/filorga-ncef-essence-lotion-regenerante-supreme-150-ml-3\/#primaryimage\",\"url\":\"https:\/\/paracherkaoui.ma\/wp-content\/uploads\/2025\/12\/filorga-filorga-ncef-essence-lotion-regenerante-supreme-150-ml-nettoyants-visage.jpg\",\"contentUrl\":\"https:\/\/paracherkaoui.ma\/wp-content\/uploads\/2025\/12\/filorga-filorga-ncef-essence-lotion-regenerante-supreme-150-ml-nettoyants-visage.jpg\",\"width\":700,\"height\":700},{\"@type\":\"BreadcrumbList\",\"@id\":\"https:\/\/paracherkaoui.ma\/index.php\/produit\/filorga-ncef-essence-lotion-regenerante-supreme-150-ml-3\/#breadcrumb\",\"itemListElement\":[{\"@type\":\"ListItem\",\"position\":1,\"name\":\"Accueil\",\"item\":\"https:\/\/paracherkaoui.ma\/\"},{\"@type\":\"ListItem\",\"position\":2,\"name\":\"Boutique\",\"item\":\"https:\/\/paracherkaoui.ma\/index.php\/boutique\/\"},{\"@type\":\"ListItem\",\"position\":3,\"name\":\"FILORGA NCEF ESSENCE LOTION REGENERANTE SUPREME 150 ML\"}]},{\"@type\":\"WebSite\",\"@id\":\"https:\/\/paracherkaoui.ma\/#website\",\"url\":\"https:\/\/paracherkaoui.ma\/\",\"name\":\"Paracherkaoui.ma\",\"description\":\"Achetez en ligne sur Paracherkaoui.ma\",\"potentialAction\":[{\"@type\":\"SearchAction\",\"target\":{\"@type\":\"EntryPoint\",\"urlTemplate\":\"https:\/\/paracherkaoui.ma\/?s={search_term_string}\"},\"query-input\":{\"@type\":\"PropertyValueSpecification\",\"valueRequired\":true,\"valueName\":\"search_term_string\"}}],\"inLanguage\":\"fr-FR\"}]}<\/script>\r\n<!-- \/ Yoast SEO plugin. -->","yoast_head_json":{"title":"FILORGA NCEF ESSENCE LOTION REGENERANTE SUPREME 150 ML - Paracherkaoui.ma","robots":{"index":"index","follow":"follow","max-snippet":"max-snippet:-1","max-image-preview":"max-image-preview:large","max-video-preview":"max-video-preview:-1"},"canonical":"https:\/\/paracherkaoui.ma\/index.php\/produit\/filorga-ncef-essence-lotion-regenerante-supreme-150-ml-3\/","og_locale":"fr_FR","og_type":"article","og_title":"FILORGA NCEF ESSENCE LOTION REGENERANTE SUPREME 150 ML - Paracherkaoui.ma","og_description":"INDICATIONS : FILORGA NCTF-Essence. NCTF-Essence de Filorga est une lotion pr\u00e9paratrice issue de la gamme NCTF-Reverse. Elle propose 4 soins","og_url":"https:\/\/paracherkaoui.ma\/index.php\/produit\/filorga-ncef-essence-lotion-regenerante-supreme-150-ml-3\/","og_site_name":"Paracherkaoui.ma","article_modified_time":"2025-12-12T18:50:42+00:00","og_image":[{"width":700,"height":700,"url":"https:\/\/paracherkaoui.ma\/wp-content\/uploads\/2025\/12\/filorga-filorga-ncef-essence-lotion-regenerante-supreme-150-ml-nettoyants-visage.jpg","type":"image\/jpeg"}],"twitter_card":"summary_large_image","twitter_misc":{"Dur\u00e9e de lecture estim\u00e9e":"1 minute"},"schema":{"@context":"https:\/\/schema.org","@graph":[{"@type":"WebPage","@id":"https:\/\/paracherkaoui.ma\/index.php\/produit\/filorga-ncef-essence-lotion-regenerante-supreme-150-ml-3\/","url":"https:\/\/paracherkaoui.ma\/index.php\/produit\/filorga-ncef-essence-lotion-regenerante-supreme-150-ml-3\/","name":"FILORGA NCEF ESSENCE LOTION REGENERANTE SUPREME 150 ML - Paracherkaoui.ma","isPartOf":{"@id":"https:\/\/paracherkaoui.ma\/#website"},"primaryImageOfPage":{"@id":"https:\/\/paracherkaoui.ma\/index.php\/produit\/filorga-ncef-essence-lotion-regenerante-supreme-150-ml-3\/#primaryimage"},"image":{"@id":"https:\/\/paracherkaoui.ma\/index.php\/produit\/filorga-ncef-essence-lotion-regenerante-supreme-150-ml-3\/#primaryimage"},"thumbnailUrl":"https:\/\/paracherkaoui.ma\/wp-content\/uploads\/2025\/12\/filorga-filorga-ncef-essence-lotion-regenerante-supreme-150-ml-nettoyants-visage.jpg","datePublished":"2025-12-12T18:50:41+00:00","dateModified":"2025-12-12T18:50:42+00:00","breadcrumb":{"@id":"https:\/\/paracherkaoui.ma\/index.php\/produit\/filorga-ncef-essence-lotion-regenerante-supreme-150-ml-3\/#breadcrumb"},"inLanguage":"fr-FR","potentialAction":[{"@type":"ReadAction","target":["https:\/\/paracherkaoui.ma\/index.php\/produit\/filorga-ncef-essence-lotion-regenerante-supreme-150-ml-3\/"]}]},{"@type":"ImageObject","inLanguage":"fr-FR","@id":"https:\/\/paracherkaoui.ma\/index.php\/produit\/filorga-ncef-essence-lotion-regenerante-supreme-150-ml-3\/#primaryimage","url":"https:\/\/paracherkaoui.ma\/wp-content\/uploads\/2025\/12\/filorga-filorga-ncef-essence-lotion-regenerante-supreme-150-ml-nettoyants-visage.jpg","contentUrl":"https:\/\/paracherkaoui.ma\/wp-content\/uploads\/2025\/12\/filorga-filorga-ncef-essence-lotion-regenerante-supreme-150-ml-nettoyants-visage.jpg","width":700,"height":700},{"@type":"BreadcrumbList","@id":"https:\/\/paracherkaoui.ma\/index.php\/produit\/filorga-ncef-essence-lotion-regenerante-supreme-150-ml-3\/#breadcrumb","itemListElement":[{"@type":"ListItem","position":1,"name":"Accueil","item":"https:\/\/paracherkaoui.ma\/"},{"@type":"ListItem","position":2,"name":"Boutique","item":"https:\/\/paracherkaoui.ma\/index.php\/boutique\/"},{"@type":"ListItem","position":3,"name":"FILORGA NCEF ESSENCE LOTION REGENERANTE SUPREME 150 ML"}]},{"@type":"WebSite","@id":"https:\/\/paracherkaoui.ma\/#website","url":"https:\/\/paracherkaoui.ma\/","name":"Paracherkaoui.ma","description":"Achetez en ligne sur Paracherkaoui.ma","potentialAction":[{"@type":"SearchAction","target":{"@type":"EntryPoint","urlTemplate":"https:\/\/paracherkaoui.ma\/?s={search_term_string}"},"query-input":{"@type":"PropertyValueSpecification","valueRequired":true,"valueName":"search_term_string"}}],"inLanguage":"fr-FR"}]}},"_links":{"self":[{"href":"https:\/\/paracherkaoui.ma\/index.php\/wp-json\/wp\/v2\/product\/58122","targetHints":{"allow":["GET"]}}],"collection":[{"href":"https:\/\/paracherkaoui.ma\/index.php\/wp-json\/wp\/v2\/product"}],"about":[{"href":"https:\/\/paracherkaoui.ma\/index.php\/wp-json\/wp\/v2\/types\/product"}],"replies":[{"embeddable":true,"href":"https:\/\/paracherkaoui.ma\/index.php\/wp-json\/wp\/v2\/comments?post=58122"}],"version-history":[{"count":1,"href":"https:\/\/paracherkaoui.ma\/index.php\/wp-json\/wp\/v2\/product\/58122\/revisions"}],"predecessor-version":[{"id":58142,"href":"https:\/\/paracherkaoui.ma\/index.php\/wp-json\/wp\/v2\/product\/58122\/revisions\/58142"}],"wp:featuredmedia":[{"embeddable":true,"href":"https:\/\/paracherkaoui.ma\/index.php\/wp-json\/wp\/v2\/media\/12527"}],"wp:attachment":[{"href":"https:\/\/paracherkaoui.ma\/index.php\/wp-json\/wp\/v2\/media?parent=58122"}],"wp:term":[{"taxonomy":"product_brand","embeddable":true,"href":"https:\/\/paracherkaoui.ma\/index.php\/wp-json\/wp\/v2\/product_brand?post=58122"},{"taxonomy":"product_cat","embeddable":true,"href":"https:\/\/paracherkaoui.ma\/index.php\/wp-json\/wp\/v2\/product_cat?post=58122"},{"taxonomy":"product_tag","embeddable":true,"href":"https:\/\/paracherkaoui.ma\/index.php\/wp-json\/wp\/v2\/product_tag?post=58122"}],"curies":[{"name":"wp","href":"https:\/\/api.w.org\/{rel}","templated":true}]}}