{"id":58121,"date":"2025-12-12T19:50:41","date_gmt":"2025-12-12T18:50:41","guid":{"rendered":"https:\/\/test.ecbeaute.com\/?post_type=product&#038;p=58121"},"modified":"2025-12-12T19:50:42","modified_gmt":"2025-12-12T18:50:42","slug":"filorga-sleep-et-peel-4-5-creme-micro-peeling-nuit-40-ml-5","status":"publish","type":"product","link":"https:\/\/paracherkaoui.ma\/index.php\/produit\/filorga-sleep-et-peel-4-5-creme-micro-peeling-nuit-40-ml-5\/","title":{"rendered":"FILORGA SLEEP ET PEEL 4.5 CREME MICRO PEELING NUIT 40 ML"},"content":{"rendered":"<p>SLEEP&#038;PEEL 4.5, la cr\u00e8me qui stimule le renouvellement cellulaire pendant la nuit pour un effet peau neuve au r\u00e9veil. Inspir\u00e9e des peelings professionnels, cette cr\u00e8me nuit int\u00e8gre un complexe d\u2019hydroxy-acides (AHA et BHA) concentr\u00e9 \u00e0 4,5% et associ\u00e9 \u00e0 de l\u2019algue brune apaisante pour une efficacit\u00e9 cosm\u00e9tique resurfa\u00e7ante en douceur. R\u00e9sultat, la peau est liss\u00e9e, le teint illumin\u00e9 et le grain de peau affin\u00e9.<br \/>\nConseils d&rsquo;utilisation:<br \/>\nAppliquer le soir, sur l\u2019ensemble du visage, cou et d\u00e9collet\u00e9. Utiliser en cure d\u2019un mois. Eviter le contour des yeux. Eviter une exposition prolong\u00e9e au soleil apr\u00e8s l\u2019application du produit (12 \u00e0 24 h). En cas d\u2019exposition, appliquer une protection solaire adapt\u00e9e.<\/p>\n","protected":false},"excerpt":{"rendered":"<p>SLEEP&#038;PEEL 4.5, la cr\u00e8me qui stimule le renouvellement cellulaire pendant la nuit pour un effet peau neuve au r\u00e9veil. Inspir\u00e9e<\/p>\n","protected":false},"featured_media":12525,"comment_status":"open","ping_status":"closed","template":"","meta":[],"product_brand":[141],"product_cat":[140],"product_tag":[],"class_list":{"0":"post-58121","1":"product","2":"type-product","3":"status-publish","4":"has-post-thumbnail","6":"product_brand-filorga","7":"product_cat-anti-age","9":"first","10":"instock","11":"sale","12":"shipping-taxable","13":"purchasable","14":"product-type-simple"},"yoast_head":"<!-- This site is optimized with the Yoast SEO plugin v26.6 - https:\/\/yoast.com\/wordpress\/plugins\/seo\/ -->\r\n<title>FILORGA SLEEP ET PEEL 4.5 CREME MICRO PEELING NUIT 40 ML - Paracherkaoui.ma<\/title>\r\n<meta name=\"robots\" content=\"index, follow, max-snippet:-1, max-image-preview:large, max-video-preview:-1\" \/>\r\n<link rel=\"canonical\" href=\"https:\/\/paracherkaoui.ma\/index.php\/produit\/filorga-sleep-et-peel-4-5-creme-micro-peeling-nuit-40-ml-5\/\" \/>\r\n<meta property=\"og:locale\" content=\"fr_FR\" \/>\r\n<meta property=\"og:type\" content=\"article\" \/>\r\n<meta property=\"og:title\" content=\"FILORGA SLEEP ET PEEL 4.5 CREME MICRO PEELING NUIT 40 ML - Paracherkaoui.ma\" \/>\r\n<meta property=\"og:description\" content=\"SLEEP&#038;PEEL 4.5, la cr\u00e8me qui stimule le renouvellement cellulaire pendant la nuit pour un effet peau neuve au r\u00e9veil. Inspir\u00e9e\" \/>\r\n<meta property=\"og:url\" content=\"https:\/\/paracherkaoui.ma\/index.php\/produit\/filorga-sleep-et-peel-4-5-creme-micro-peeling-nuit-40-ml-5\/\" \/>\r\n<meta property=\"og:site_name\" content=\"Paracherkaoui.ma\" \/>\r\n<meta property=\"article:modified_time\" content=\"2025-12-12T18:50:42+00:00\" \/>\r\n<meta property=\"og:image\" content=\"https:\/\/paracherkaoui.ma\/wp-content\/uploads\/2025\/12\/filorga-filorga-sleep-et-peel-45-creme-micro-peeling-nuit-40-ml-gommages-visage.jpg\" \/>\r\n\t<meta property=\"og:image:width\" content=\"700\" \/>\r\n\t<meta property=\"og:image:height\" content=\"700\" \/>\r\n\t<meta property=\"og:image:type\" content=\"image\/jpeg\" \/>\r\n<meta name=\"twitter:card\" content=\"summary_large_image\" \/>\r\n<meta name=\"twitter:label1\" content=\"Dur\u00e9e de lecture estim\u00e9e\" \/>\n\t<meta name=\"twitter:data1\" content=\"1 minute\" \/>\r\n<script type=\"application\/ld+json\" class=\"yoast-schema-graph\">{\"@context\":\"https:\/\/schema.org\",\"@graph\":[{\"@type\":\"WebPage\",\"@id\":\"https:\/\/paracherkaoui.ma\/index.php\/produit\/filorga-sleep-et-peel-4-5-creme-micro-peeling-nuit-40-ml-5\/\",\"url\":\"https:\/\/paracherkaoui.ma\/index.php\/produit\/filorga-sleep-et-peel-4-5-creme-micro-peeling-nuit-40-ml-5\/\",\"name\":\"FILORGA SLEEP ET PEEL 4.5 CREME MICRO PEELING NUIT 40 ML - Paracherkaoui.ma\",\"isPartOf\":{\"@id\":\"https:\/\/paracherkaoui.ma\/#website\"},\"primaryImageOfPage\":{\"@id\":\"https:\/\/paracherkaoui.ma\/index.php\/produit\/filorga-sleep-et-peel-4-5-creme-micro-peeling-nuit-40-ml-5\/#primaryimage\"},\"image\":{\"@id\":\"https:\/\/paracherkaoui.ma\/index.php\/produit\/filorga-sleep-et-peel-4-5-creme-micro-peeling-nuit-40-ml-5\/#primaryimage\"},\"thumbnailUrl\":\"https:\/\/paracherkaoui.ma\/wp-content\/uploads\/2025\/12\/filorga-filorga-sleep-et-peel-45-creme-micro-peeling-nuit-40-ml-gommages-visage.jpg\",\"datePublished\":\"2025-12-12T18:50:41+00:00\",\"dateModified\":\"2025-12-12T18:50:42+00:00\",\"breadcrumb\":{\"@id\":\"https:\/\/paracherkaoui.ma\/index.php\/produit\/filorga-sleep-et-peel-4-5-creme-micro-peeling-nuit-40-ml-5\/#breadcrumb\"},\"inLanguage\":\"fr-FR\",\"potentialAction\":[{\"@type\":\"ReadAction\",\"target\":[\"https:\/\/paracherkaoui.ma\/index.php\/produit\/filorga-sleep-et-peel-4-5-creme-micro-peeling-nuit-40-ml-5\/\"]}]},{\"@type\":\"ImageObject\",\"inLanguage\":\"fr-FR\",\"@id\":\"https:\/\/paracherkaoui.ma\/index.php\/produit\/filorga-sleep-et-peel-4-5-creme-micro-peeling-nuit-40-ml-5\/#primaryimage\",\"url\":\"https:\/\/paracherkaoui.ma\/wp-content\/uploads\/2025\/12\/filorga-filorga-sleep-et-peel-45-creme-micro-peeling-nuit-40-ml-gommages-visage.jpg\",\"contentUrl\":\"https:\/\/paracherkaoui.ma\/wp-content\/uploads\/2025\/12\/filorga-filorga-sleep-et-peel-45-creme-micro-peeling-nuit-40-ml-gommages-visage.jpg\",\"width\":700,\"height\":700},{\"@type\":\"BreadcrumbList\",\"@id\":\"https:\/\/paracherkaoui.ma\/index.php\/produit\/filorga-sleep-et-peel-4-5-creme-micro-peeling-nuit-40-ml-5\/#breadcrumb\",\"itemListElement\":[{\"@type\":\"ListItem\",\"position\":1,\"name\":\"Accueil\",\"item\":\"https:\/\/paracherkaoui.ma\/\"},{\"@type\":\"ListItem\",\"position\":2,\"name\":\"Boutique\",\"item\":\"https:\/\/paracherkaoui.ma\/index.php\/boutique\/\"},{\"@type\":\"ListItem\",\"position\":3,\"name\":\"FILORGA SLEEP ET PEEL 4.5 CREME MICRO PEELING NUIT 40 ML\"}]},{\"@type\":\"WebSite\",\"@id\":\"https:\/\/paracherkaoui.ma\/#website\",\"url\":\"https:\/\/paracherkaoui.ma\/\",\"name\":\"Paracherkaoui.ma\",\"description\":\"Achetez en ligne sur Paracherkaoui.ma\",\"potentialAction\":[{\"@type\":\"SearchAction\",\"target\":{\"@type\":\"EntryPoint\",\"urlTemplate\":\"https:\/\/paracherkaoui.ma\/?s={search_term_string}\"},\"query-input\":{\"@type\":\"PropertyValueSpecification\",\"valueRequired\":true,\"valueName\":\"search_term_string\"}}],\"inLanguage\":\"fr-FR\"}]}<\/script>\r\n<!-- \/ Yoast SEO plugin. -->","yoast_head_json":{"title":"FILORGA SLEEP ET PEEL 4.5 CREME MICRO PEELING NUIT 40 ML - Paracherkaoui.ma","robots":{"index":"index","follow":"follow","max-snippet":"max-snippet:-1","max-image-preview":"max-image-preview:large","max-video-preview":"max-video-preview:-1"},"canonical":"https:\/\/paracherkaoui.ma\/index.php\/produit\/filorga-sleep-et-peel-4-5-creme-micro-peeling-nuit-40-ml-5\/","og_locale":"fr_FR","og_type":"article","og_title":"FILORGA SLEEP ET PEEL 4.5 CREME MICRO PEELING NUIT 40 ML - Paracherkaoui.ma","og_description":"SLEEP&#038;PEEL 4.5, la cr\u00e8me qui stimule le renouvellement cellulaire pendant la nuit pour un effet peau neuve au r\u00e9veil. Inspir\u00e9e","og_url":"https:\/\/paracherkaoui.ma\/index.php\/produit\/filorga-sleep-et-peel-4-5-creme-micro-peeling-nuit-40-ml-5\/","og_site_name":"Paracherkaoui.ma","article_modified_time":"2025-12-12T18:50:42+00:00","og_image":[{"width":700,"height":700,"url":"https:\/\/paracherkaoui.ma\/wp-content\/uploads\/2025\/12\/filorga-filorga-sleep-et-peel-45-creme-micro-peeling-nuit-40-ml-gommages-visage.jpg","type":"image\/jpeg"}],"twitter_card":"summary_large_image","twitter_misc":{"Dur\u00e9e de lecture estim\u00e9e":"1 minute"},"schema":{"@context":"https:\/\/schema.org","@graph":[{"@type":"WebPage","@id":"https:\/\/paracherkaoui.ma\/index.php\/produit\/filorga-sleep-et-peel-4-5-creme-micro-peeling-nuit-40-ml-5\/","url":"https:\/\/paracherkaoui.ma\/index.php\/produit\/filorga-sleep-et-peel-4-5-creme-micro-peeling-nuit-40-ml-5\/","name":"FILORGA SLEEP ET PEEL 4.5 CREME MICRO PEELING NUIT 40 ML - Paracherkaoui.ma","isPartOf":{"@id":"https:\/\/paracherkaoui.ma\/#website"},"primaryImageOfPage":{"@id":"https:\/\/paracherkaoui.ma\/index.php\/produit\/filorga-sleep-et-peel-4-5-creme-micro-peeling-nuit-40-ml-5\/#primaryimage"},"image":{"@id":"https:\/\/paracherkaoui.ma\/index.php\/produit\/filorga-sleep-et-peel-4-5-creme-micro-peeling-nuit-40-ml-5\/#primaryimage"},"thumbnailUrl":"https:\/\/paracherkaoui.ma\/wp-content\/uploads\/2025\/12\/filorga-filorga-sleep-et-peel-45-creme-micro-peeling-nuit-40-ml-gommages-visage.jpg","datePublished":"2025-12-12T18:50:41+00:00","dateModified":"2025-12-12T18:50:42+00:00","breadcrumb":{"@id":"https:\/\/paracherkaoui.ma\/index.php\/produit\/filorga-sleep-et-peel-4-5-creme-micro-peeling-nuit-40-ml-5\/#breadcrumb"},"inLanguage":"fr-FR","potentialAction":[{"@type":"ReadAction","target":["https:\/\/paracherkaoui.ma\/index.php\/produit\/filorga-sleep-et-peel-4-5-creme-micro-peeling-nuit-40-ml-5\/"]}]},{"@type":"ImageObject","inLanguage":"fr-FR","@id":"https:\/\/paracherkaoui.ma\/index.php\/produit\/filorga-sleep-et-peel-4-5-creme-micro-peeling-nuit-40-ml-5\/#primaryimage","url":"https:\/\/paracherkaoui.ma\/wp-content\/uploads\/2025\/12\/filorga-filorga-sleep-et-peel-45-creme-micro-peeling-nuit-40-ml-gommages-visage.jpg","contentUrl":"https:\/\/paracherkaoui.ma\/wp-content\/uploads\/2025\/12\/filorga-filorga-sleep-et-peel-45-creme-micro-peeling-nuit-40-ml-gommages-visage.jpg","width":700,"height":700},{"@type":"BreadcrumbList","@id":"https:\/\/paracherkaoui.ma\/index.php\/produit\/filorga-sleep-et-peel-4-5-creme-micro-peeling-nuit-40-ml-5\/#breadcrumb","itemListElement":[{"@type":"ListItem","position":1,"name":"Accueil","item":"https:\/\/paracherkaoui.ma\/"},{"@type":"ListItem","position":2,"name":"Boutique","item":"https:\/\/paracherkaoui.ma\/index.php\/boutique\/"},{"@type":"ListItem","position":3,"name":"FILORGA SLEEP ET PEEL 4.5 CREME MICRO PEELING NUIT 40 ML"}]},{"@type":"WebSite","@id":"https:\/\/paracherkaoui.ma\/#website","url":"https:\/\/paracherkaoui.ma\/","name":"Paracherkaoui.ma","description":"Achetez en ligne sur Paracherkaoui.ma","potentialAction":[{"@type":"SearchAction","target":{"@type":"EntryPoint","urlTemplate":"https:\/\/paracherkaoui.ma\/?s={search_term_string}"},"query-input":{"@type":"PropertyValueSpecification","valueRequired":true,"valueName":"search_term_string"}}],"inLanguage":"fr-FR"}]}},"_links":{"self":[{"href":"https:\/\/paracherkaoui.ma\/index.php\/wp-json\/wp\/v2\/product\/58121","targetHints":{"allow":["GET"]}}],"collection":[{"href":"https:\/\/paracherkaoui.ma\/index.php\/wp-json\/wp\/v2\/product"}],"about":[{"href":"https:\/\/paracherkaoui.ma\/index.php\/wp-json\/wp\/v2\/types\/product"}],"replies":[{"embeddable":true,"href":"https:\/\/paracherkaoui.ma\/index.php\/wp-json\/wp\/v2\/comments?post=58121"}],"version-history":[{"count":1,"href":"https:\/\/paracherkaoui.ma\/index.php\/wp-json\/wp\/v2\/product\/58121\/revisions"}],"predecessor-version":[{"id":58141,"href":"https:\/\/paracherkaoui.ma\/index.php\/wp-json\/wp\/v2\/product\/58121\/revisions\/58141"}],"wp:featuredmedia":[{"embeddable":true,"href":"https:\/\/paracherkaoui.ma\/index.php\/wp-json\/wp\/v2\/media\/12525"}],"wp:attachment":[{"href":"https:\/\/paracherkaoui.ma\/index.php\/wp-json\/wp\/v2\/media?parent=58121"}],"wp:term":[{"taxonomy":"product_brand","embeddable":true,"href":"https:\/\/paracherkaoui.ma\/index.php\/wp-json\/wp\/v2\/product_brand?post=58121"},{"taxonomy":"product_cat","embeddable":true,"href":"https:\/\/paracherkaoui.ma\/index.php\/wp-json\/wp\/v2\/product_cat?post=58121"},{"taxonomy":"product_tag","embeddable":true,"href":"https:\/\/paracherkaoui.ma\/index.php\/wp-json\/wp\/v2\/product_tag?post=58121"}],"curies":[{"name":"wp","href":"https:\/\/api.w.org\/{rel}","templated":true}]}}