{"id":58086,"date":"2025-12-12T19:50:37","date_gmt":"2025-12-12T18:50:37","guid":{"rendered":"https:\/\/test.ecbeaute.com\/?post_type=product&#038;p=58086"},"modified":"2025-12-12T19:50:40","modified_gmt":"2025-12-12T18:50:40","slug":"uriage-age-lift-fluide-jour-lissant-fermete-40ml-4","status":"publish","type":"product","link":"https:\/\/paracherkaoui.ma\/index.php\/produit\/uriage-age-lift-fluide-jour-lissant-fermete-40ml-4\/","title":{"rendered":"URIAGE AGE LIFT FLUIDE JOUR LISSANT FERMETE 40ML"},"content":{"rendered":"<p>Ce fluide lissant fermet\u00e9 perfecteur de peau agit simultan\u00e9ment sur les rides, la fermet\u00e9 et sur les agressions quotidiennes que subit la peau : lumi\u00e8re bleue, UV, pollution, stress, fatigue. La peau est plus lisse, plus ferme les traits sont comme d\u00e9froiss\u00e9es. Les contours du visage sont mieux d\u00e9finis. La peau est matifi\u00e9e et le grain de peau affin\u00e9.<br \/>\nConseils d&rsquo;utilisation:<br \/>\nAppliquer le fluide anti-\u00e2ge le matin sur le visage, \u00e9viter le contact avec les yeux.<\/p>\n","protected":false},"excerpt":{"rendered":"<p>Ce fluide lissant fermet\u00e9 perfecteur de peau agit simultan\u00e9ment sur les rides, la fermet\u00e9 et sur les agressions quotidiennes que<\/p>\n","protected":false},"featured_media":13738,"comment_status":"open","ping_status":"closed","template":"","meta":[],"product_brand":[130],"product_cat":[140],"product_tag":[],"class_list":{"0":"post-58086","1":"product","2":"type-product","3":"status-publish","4":"has-post-thumbnail","6":"product_brand-uriage","7":"product_cat-anti-age","9":"first","10":"instock","11":"sale","12":"shipping-taxable","13":"purchasable","14":"product-type-simple"},"yoast_head":"<!-- This site is optimized with the Yoast SEO plugin v26.6 - https:\/\/yoast.com\/wordpress\/plugins\/seo\/ -->\r\n<title>URIAGE AGE LIFT FLUIDE JOUR LISSANT FERMETE 40ML - Paracherkaoui.ma<\/title>\r\n<meta name=\"robots\" content=\"index, follow, max-snippet:-1, max-image-preview:large, max-video-preview:-1\" \/>\r\n<link rel=\"canonical\" href=\"https:\/\/paracherkaoui.ma\/index.php\/produit\/uriage-age-lift-fluide-jour-lissant-fermete-40ml-4\/\" \/>\r\n<meta property=\"og:locale\" content=\"fr_FR\" \/>\r\n<meta property=\"og:type\" content=\"article\" \/>\r\n<meta property=\"og:title\" content=\"URIAGE AGE LIFT FLUIDE JOUR LISSANT FERMETE 40ML - Paracherkaoui.ma\" \/>\r\n<meta property=\"og:description\" content=\"Ce fluide lissant fermet\u00e9 perfecteur de peau agit simultan\u00e9ment sur les rides, la fermet\u00e9 et sur les agressions quotidiennes que\" \/>\r\n<meta property=\"og:url\" content=\"https:\/\/paracherkaoui.ma\/index.php\/produit\/uriage-age-lift-fluide-jour-lissant-fermete-40ml-4\/\" \/>\r\n<meta property=\"og:site_name\" content=\"Paracherkaoui.ma\" \/>\r\n<meta property=\"article:modified_time\" content=\"2025-12-12T18:50:40+00:00\" \/>\r\n<meta property=\"og:image\" content=\"https:\/\/paracherkaoui.ma\/wp-content\/uploads\/2025\/12\/uriage-uriage-age-lift-fluide-jour-lissant-fermete-40ml-cremes-jour.jpg\" \/>\r\n\t<meta property=\"og:image:width\" content=\"700\" \/>\r\n\t<meta property=\"og:image:height\" content=\"700\" \/>\r\n\t<meta property=\"og:image:type\" content=\"image\/jpeg\" \/>\r\n<meta name=\"twitter:card\" content=\"summary_large_image\" \/>\r\n<script type=\"application\/ld+json\" class=\"yoast-schema-graph\">{\"@context\":\"https:\/\/schema.org\",\"@graph\":[{\"@type\":\"WebPage\",\"@id\":\"https:\/\/paracherkaoui.ma\/index.php\/produit\/uriage-age-lift-fluide-jour-lissant-fermete-40ml-4\/\",\"url\":\"https:\/\/paracherkaoui.ma\/index.php\/produit\/uriage-age-lift-fluide-jour-lissant-fermete-40ml-4\/\",\"name\":\"URIAGE AGE LIFT FLUIDE JOUR LISSANT FERMETE 40ML - Paracherkaoui.ma\",\"isPartOf\":{\"@id\":\"https:\/\/paracherkaoui.ma\/#website\"},\"primaryImageOfPage\":{\"@id\":\"https:\/\/paracherkaoui.ma\/index.php\/produit\/uriage-age-lift-fluide-jour-lissant-fermete-40ml-4\/#primaryimage\"},\"image\":{\"@id\":\"https:\/\/paracherkaoui.ma\/index.php\/produit\/uriage-age-lift-fluide-jour-lissant-fermete-40ml-4\/#primaryimage\"},\"thumbnailUrl\":\"https:\/\/paracherkaoui.ma\/wp-content\/uploads\/2025\/12\/uriage-uriage-age-lift-fluide-jour-lissant-fermete-40ml-cremes-jour.jpg\",\"datePublished\":\"2025-12-12T18:50:37+00:00\",\"dateModified\":\"2025-12-12T18:50:40+00:00\",\"breadcrumb\":{\"@id\":\"https:\/\/paracherkaoui.ma\/index.php\/produit\/uriage-age-lift-fluide-jour-lissant-fermete-40ml-4\/#breadcrumb\"},\"inLanguage\":\"fr-FR\",\"potentialAction\":[{\"@type\":\"ReadAction\",\"target\":[\"https:\/\/paracherkaoui.ma\/index.php\/produit\/uriage-age-lift-fluide-jour-lissant-fermete-40ml-4\/\"]}]},{\"@type\":\"ImageObject\",\"inLanguage\":\"fr-FR\",\"@id\":\"https:\/\/paracherkaoui.ma\/index.php\/produit\/uriage-age-lift-fluide-jour-lissant-fermete-40ml-4\/#primaryimage\",\"url\":\"https:\/\/paracherkaoui.ma\/wp-content\/uploads\/2025\/12\/uriage-uriage-age-lift-fluide-jour-lissant-fermete-40ml-cremes-jour.jpg\",\"contentUrl\":\"https:\/\/paracherkaoui.ma\/wp-content\/uploads\/2025\/12\/uriage-uriage-age-lift-fluide-jour-lissant-fermete-40ml-cremes-jour.jpg\",\"width\":700,\"height\":700},{\"@type\":\"BreadcrumbList\",\"@id\":\"https:\/\/paracherkaoui.ma\/index.php\/produit\/uriage-age-lift-fluide-jour-lissant-fermete-40ml-4\/#breadcrumb\",\"itemListElement\":[{\"@type\":\"ListItem\",\"position\":1,\"name\":\"Accueil\",\"item\":\"https:\/\/paracherkaoui.ma\/\"},{\"@type\":\"ListItem\",\"position\":2,\"name\":\"Boutique\",\"item\":\"https:\/\/paracherkaoui.ma\/index.php\/boutique\/\"},{\"@type\":\"ListItem\",\"position\":3,\"name\":\"URIAGE AGE LIFT FLUIDE JOUR LISSANT FERMETE 40ML\"}]},{\"@type\":\"WebSite\",\"@id\":\"https:\/\/paracherkaoui.ma\/#website\",\"url\":\"https:\/\/paracherkaoui.ma\/\",\"name\":\"Paracherkaoui.ma\",\"description\":\"Achetez en ligne sur Paracherkaoui.ma\",\"potentialAction\":[{\"@type\":\"SearchAction\",\"target\":{\"@type\":\"EntryPoint\",\"urlTemplate\":\"https:\/\/paracherkaoui.ma\/?s={search_term_string}\"},\"query-input\":{\"@type\":\"PropertyValueSpecification\",\"valueRequired\":true,\"valueName\":\"search_term_string\"}}],\"inLanguage\":\"fr-FR\"}]}<\/script>\r\n<!-- \/ Yoast SEO plugin. -->","yoast_head_json":{"title":"URIAGE AGE LIFT FLUIDE JOUR LISSANT FERMETE 40ML - Paracherkaoui.ma","robots":{"index":"index","follow":"follow","max-snippet":"max-snippet:-1","max-image-preview":"max-image-preview:large","max-video-preview":"max-video-preview:-1"},"canonical":"https:\/\/paracherkaoui.ma\/index.php\/produit\/uriage-age-lift-fluide-jour-lissant-fermete-40ml-4\/","og_locale":"fr_FR","og_type":"article","og_title":"URIAGE AGE LIFT FLUIDE JOUR LISSANT FERMETE 40ML - Paracherkaoui.ma","og_description":"Ce fluide lissant fermet\u00e9 perfecteur de peau agit simultan\u00e9ment sur les rides, la fermet\u00e9 et sur les agressions quotidiennes que","og_url":"https:\/\/paracherkaoui.ma\/index.php\/produit\/uriage-age-lift-fluide-jour-lissant-fermete-40ml-4\/","og_site_name":"Paracherkaoui.ma","article_modified_time":"2025-12-12T18:50:40+00:00","og_image":[{"width":700,"height":700,"url":"https:\/\/paracherkaoui.ma\/wp-content\/uploads\/2025\/12\/uriage-uriage-age-lift-fluide-jour-lissant-fermete-40ml-cremes-jour.jpg","type":"image\/jpeg"}],"twitter_card":"summary_large_image","schema":{"@context":"https:\/\/schema.org","@graph":[{"@type":"WebPage","@id":"https:\/\/paracherkaoui.ma\/index.php\/produit\/uriage-age-lift-fluide-jour-lissant-fermete-40ml-4\/","url":"https:\/\/paracherkaoui.ma\/index.php\/produit\/uriage-age-lift-fluide-jour-lissant-fermete-40ml-4\/","name":"URIAGE AGE LIFT FLUIDE JOUR LISSANT FERMETE 40ML - Paracherkaoui.ma","isPartOf":{"@id":"https:\/\/paracherkaoui.ma\/#website"},"primaryImageOfPage":{"@id":"https:\/\/paracherkaoui.ma\/index.php\/produit\/uriage-age-lift-fluide-jour-lissant-fermete-40ml-4\/#primaryimage"},"image":{"@id":"https:\/\/paracherkaoui.ma\/index.php\/produit\/uriage-age-lift-fluide-jour-lissant-fermete-40ml-4\/#primaryimage"},"thumbnailUrl":"https:\/\/paracherkaoui.ma\/wp-content\/uploads\/2025\/12\/uriage-uriage-age-lift-fluide-jour-lissant-fermete-40ml-cremes-jour.jpg","datePublished":"2025-12-12T18:50:37+00:00","dateModified":"2025-12-12T18:50:40+00:00","breadcrumb":{"@id":"https:\/\/paracherkaoui.ma\/index.php\/produit\/uriage-age-lift-fluide-jour-lissant-fermete-40ml-4\/#breadcrumb"},"inLanguage":"fr-FR","potentialAction":[{"@type":"ReadAction","target":["https:\/\/paracherkaoui.ma\/index.php\/produit\/uriage-age-lift-fluide-jour-lissant-fermete-40ml-4\/"]}]},{"@type":"ImageObject","inLanguage":"fr-FR","@id":"https:\/\/paracherkaoui.ma\/index.php\/produit\/uriage-age-lift-fluide-jour-lissant-fermete-40ml-4\/#primaryimage","url":"https:\/\/paracherkaoui.ma\/wp-content\/uploads\/2025\/12\/uriage-uriage-age-lift-fluide-jour-lissant-fermete-40ml-cremes-jour.jpg","contentUrl":"https:\/\/paracherkaoui.ma\/wp-content\/uploads\/2025\/12\/uriage-uriage-age-lift-fluide-jour-lissant-fermete-40ml-cremes-jour.jpg","width":700,"height":700},{"@type":"BreadcrumbList","@id":"https:\/\/paracherkaoui.ma\/index.php\/produit\/uriage-age-lift-fluide-jour-lissant-fermete-40ml-4\/#breadcrumb","itemListElement":[{"@type":"ListItem","position":1,"name":"Accueil","item":"https:\/\/paracherkaoui.ma\/"},{"@type":"ListItem","position":2,"name":"Boutique","item":"https:\/\/paracherkaoui.ma\/index.php\/boutique\/"},{"@type":"ListItem","position":3,"name":"URIAGE AGE LIFT FLUIDE JOUR LISSANT FERMETE 40ML"}]},{"@type":"WebSite","@id":"https:\/\/paracherkaoui.ma\/#website","url":"https:\/\/paracherkaoui.ma\/","name":"Paracherkaoui.ma","description":"Achetez en ligne sur Paracherkaoui.ma","potentialAction":[{"@type":"SearchAction","target":{"@type":"EntryPoint","urlTemplate":"https:\/\/paracherkaoui.ma\/?s={search_term_string}"},"query-input":{"@type":"PropertyValueSpecification","valueRequired":true,"valueName":"search_term_string"}}],"inLanguage":"fr-FR"}]}},"_links":{"self":[{"href":"https:\/\/paracherkaoui.ma\/index.php\/wp-json\/wp\/v2\/product\/58086","targetHints":{"allow":["GET"]}}],"collection":[{"href":"https:\/\/paracherkaoui.ma\/index.php\/wp-json\/wp\/v2\/product"}],"about":[{"href":"https:\/\/paracherkaoui.ma\/index.php\/wp-json\/wp\/v2\/types\/product"}],"replies":[{"embeddable":true,"href":"https:\/\/paracherkaoui.ma\/index.php\/wp-json\/wp\/v2\/comments?post=58086"}],"version-history":[{"count":1,"href":"https:\/\/paracherkaoui.ma\/index.php\/wp-json\/wp\/v2\/product\/58086\/revisions"}],"predecessor-version":[{"id":58116,"href":"https:\/\/paracherkaoui.ma\/index.php\/wp-json\/wp\/v2\/product\/58086\/revisions\/58116"}],"wp:featuredmedia":[{"embeddable":true,"href":"https:\/\/paracherkaoui.ma\/index.php\/wp-json\/wp\/v2\/media\/13738"}],"wp:attachment":[{"href":"https:\/\/paracherkaoui.ma\/index.php\/wp-json\/wp\/v2\/media?parent=58086"}],"wp:term":[{"taxonomy":"product_brand","embeddable":true,"href":"https:\/\/paracherkaoui.ma\/index.php\/wp-json\/wp\/v2\/product_brand?post=58086"},{"taxonomy":"product_cat","embeddable":true,"href":"https:\/\/paracherkaoui.ma\/index.php\/wp-json\/wp\/v2\/product_cat?post=58086"},{"taxonomy":"product_tag","embeddable":true,"href":"https:\/\/paracherkaoui.ma\/index.php\/wp-json\/wp\/v2\/product_tag?post=58086"}],"curies":[{"name":"wp","href":"https:\/\/api.w.org\/{rel}","templated":true}]}}