{"id":58081,"date":"2025-12-12T19:50:36","date_gmt":"2025-12-12T18:50:36","guid":{"rendered":"https:\/\/test.ecbeaute.com\/?post_type=product&#038;p=58081"},"modified":"2025-12-12T19:50:39","modified_gmt":"2025-12-12T18:50:39","slug":"filorga-oxygen-glow-soin-yeux-super-lissant-eclat-3","status":"publish","type":"product","link":"https:\/\/paracherkaoui.ma\/index.php\/produit\/filorga-oxygen-glow-soin-yeux-super-lissant-eclat-3\/","title":{"rendered":"FILORGA OXYGEN GLOW SOIN YEUX SUPER LISSANT ECLAT"},"content":{"rendered":"<p>DESCRIPTION<br \/>\nLe soin contour des yeux \u00e0 effet lissant et d\u00e9fatiguant en temps r\u00e9el !<\/p>\n<p>Dites au revoir au regard fatigu\u00e9 avec OXYGEN-GLOW [EYES] et sa formule hydratante, lissante et d\u00e9toxifiante qui nimbe en prime le contour des yeux d&rsquo;un halo de lumi\u00e8re d\u00e8s l&rsquo;application.<\/p>\n<p>3 b\u00e9n\u00e9fices pour mon regard<br \/>\n&#8211; Contour des yeux r\u00e9vitalis\u00e9 et illumin\u00e9<br \/>\n&#8211; Contour des yeux liss\u00e9 et hydrat\u00e9<br \/>\n&#8211; Action d\u00e9tox anti-cernes renforc\u00e9e<\/p>\n<p>Les cl\u00e9s de l&rsquo;efficacit\u00e9<br \/>\n&#8211; Le complexe Super-Skin Boosting Factors combine un booster d&rsquo;oxyg\u00e8ne \u00e9nergisant, de l&rsquo;acide hyaluronique lissant et la Life-enzyme d\u00e9toxifiante pour un effet perfecteur intensif.<br \/>\n&#8211; La technologie Photoperfector HD associe des flouteurs optiques et des nacres illuminatrices dos\u00e9es minutieusement pour un effet sublimateur instantan\u00e9.<br \/>\n&#8211; Un t\u00e9trapeptide tonifiant pour une action anti-cernes renforc\u00e9e.<\/p>\n<p>Zoom sur la sensorialit\u00e9 : OXYGEN-GLOW [EYES] poss\u00e8de une texture gel-cr\u00e8me ultra-fondante qui donne un coup de frais au regard.<br \/>\nPourquoi on l\u2019aime ?<br \/>\nL&rsquo;effet l\u00e9g\u00e8rement highlighter \u00e0 l&rsquo;application qui illumine imm\u00e9diatement le regard. A d\u00e9tourner sans mod\u00e9ration sur le haut des pommettes ou les paupi\u00e8res sup\u00e9rieures !<\/p>\n","protected":false},"excerpt":{"rendered":"<p>DESCRIPTION Le soin contour des yeux \u00e0 effet lissant et d\u00e9fatiguant en temps r\u00e9el ! Dites au revoir au regard<\/p>\n","protected":false},"featured_media":14104,"comment_status":"open","ping_status":"closed","template":"","meta":[],"product_brand":[141],"product_cat":[140],"product_tag":[],"class_list":{"0":"post-58081","1":"product","2":"type-product","3":"status-publish","4":"has-post-thumbnail","6":"product_brand-filorga","7":"product_cat-anti-age","9":"first","10":"instock","11":"sale","12":"shipping-taxable","13":"purchasable","14":"product-type-simple"},"yoast_head":"<!-- This site is optimized with the Yoast SEO plugin v26.6 - https:\/\/yoast.com\/wordpress\/plugins\/seo\/ -->\r\n<title>FILORGA OXYGEN GLOW SOIN YEUX SUPER LISSANT ECLAT - Paracherkaoui.ma<\/title>\r\n<meta name=\"robots\" content=\"index, follow, max-snippet:-1, max-image-preview:large, max-video-preview:-1\" \/>\r\n<link rel=\"canonical\" href=\"https:\/\/paracherkaoui.ma\/index.php\/produit\/filorga-oxygen-glow-soin-yeux-super-lissant-eclat-3\/\" \/>\r\n<meta property=\"og:locale\" content=\"fr_FR\" \/>\r\n<meta property=\"og:type\" content=\"article\" \/>\r\n<meta property=\"og:title\" content=\"FILORGA OXYGEN GLOW SOIN YEUX SUPER LISSANT ECLAT - Paracherkaoui.ma\" \/>\r\n<meta property=\"og:description\" content=\"DESCRIPTION Le soin contour des yeux \u00e0 effet lissant et d\u00e9fatiguant en temps r\u00e9el ! Dites au revoir au regard\" \/>\r\n<meta property=\"og:url\" content=\"https:\/\/paracherkaoui.ma\/index.php\/produit\/filorga-oxygen-glow-soin-yeux-super-lissant-eclat-3\/\" \/>\r\n<meta property=\"og:site_name\" content=\"Paracherkaoui.ma\" \/>\r\n<meta property=\"article:modified_time\" content=\"2025-12-12T18:50:39+00:00\" \/>\r\n<meta property=\"og:image\" content=\"https:\/\/paracherkaoui.ma\/wp-content\/uploads\/2025\/12\/filorga-oxygen-glow-soin-yeux-super-lissant-eclat.jpg\" \/>\r\n\t<meta property=\"og:image:width\" content=\"700\" \/>\r\n\t<meta property=\"og:image:height\" content=\"700\" \/>\r\n\t<meta property=\"og:image:type\" content=\"image\/jpeg\" \/>\r\n<meta name=\"twitter:card\" content=\"summary_large_image\" \/>\r\n<meta name=\"twitter:label1\" content=\"Dur\u00e9e de lecture estim\u00e9e\" \/>\n\t<meta name=\"twitter:data1\" content=\"1 minute\" \/>\r\n<script type=\"application\/ld+json\" class=\"yoast-schema-graph\">{\"@context\":\"https:\/\/schema.org\",\"@graph\":[{\"@type\":\"WebPage\",\"@id\":\"https:\/\/paracherkaoui.ma\/index.php\/produit\/filorga-oxygen-glow-soin-yeux-super-lissant-eclat-3\/\",\"url\":\"https:\/\/paracherkaoui.ma\/index.php\/produit\/filorga-oxygen-glow-soin-yeux-super-lissant-eclat-3\/\",\"name\":\"FILORGA OXYGEN GLOW SOIN YEUX SUPER LISSANT ECLAT - Paracherkaoui.ma\",\"isPartOf\":{\"@id\":\"https:\/\/paracherkaoui.ma\/#website\"},\"primaryImageOfPage\":{\"@id\":\"https:\/\/paracherkaoui.ma\/index.php\/produit\/filorga-oxygen-glow-soin-yeux-super-lissant-eclat-3\/#primaryimage\"},\"image\":{\"@id\":\"https:\/\/paracherkaoui.ma\/index.php\/produit\/filorga-oxygen-glow-soin-yeux-super-lissant-eclat-3\/#primaryimage\"},\"thumbnailUrl\":\"https:\/\/paracherkaoui.ma\/wp-content\/uploads\/2025\/12\/filorga-oxygen-glow-soin-yeux-super-lissant-eclat.jpg\",\"datePublished\":\"2025-12-12T18:50:36+00:00\",\"dateModified\":\"2025-12-12T18:50:39+00:00\",\"breadcrumb\":{\"@id\":\"https:\/\/paracherkaoui.ma\/index.php\/produit\/filorga-oxygen-glow-soin-yeux-super-lissant-eclat-3\/#breadcrumb\"},\"inLanguage\":\"fr-FR\",\"potentialAction\":[{\"@type\":\"ReadAction\",\"target\":[\"https:\/\/paracherkaoui.ma\/index.php\/produit\/filorga-oxygen-glow-soin-yeux-super-lissant-eclat-3\/\"]}]},{\"@type\":\"ImageObject\",\"inLanguage\":\"fr-FR\",\"@id\":\"https:\/\/paracherkaoui.ma\/index.php\/produit\/filorga-oxygen-glow-soin-yeux-super-lissant-eclat-3\/#primaryimage\",\"url\":\"https:\/\/paracherkaoui.ma\/wp-content\/uploads\/2025\/12\/filorga-oxygen-glow-soin-yeux-super-lissant-eclat.jpg\",\"contentUrl\":\"https:\/\/paracherkaoui.ma\/wp-content\/uploads\/2025\/12\/filorga-oxygen-glow-soin-yeux-super-lissant-eclat.jpg\",\"width\":700,\"height\":700},{\"@type\":\"BreadcrumbList\",\"@id\":\"https:\/\/paracherkaoui.ma\/index.php\/produit\/filorga-oxygen-glow-soin-yeux-super-lissant-eclat-3\/#breadcrumb\",\"itemListElement\":[{\"@type\":\"ListItem\",\"position\":1,\"name\":\"Accueil\",\"item\":\"https:\/\/paracherkaoui.ma\/\"},{\"@type\":\"ListItem\",\"position\":2,\"name\":\"Boutique\",\"item\":\"https:\/\/paracherkaoui.ma\/index.php\/boutique\/\"},{\"@type\":\"ListItem\",\"position\":3,\"name\":\"FILORGA OXYGEN GLOW SOIN YEUX SUPER LISSANT ECLAT\"}]},{\"@type\":\"WebSite\",\"@id\":\"https:\/\/paracherkaoui.ma\/#website\",\"url\":\"https:\/\/paracherkaoui.ma\/\",\"name\":\"Paracherkaoui.ma\",\"description\":\"Achetez en ligne sur Paracherkaoui.ma\",\"potentialAction\":[{\"@type\":\"SearchAction\",\"target\":{\"@type\":\"EntryPoint\",\"urlTemplate\":\"https:\/\/paracherkaoui.ma\/?s={search_term_string}\"},\"query-input\":{\"@type\":\"PropertyValueSpecification\",\"valueRequired\":true,\"valueName\":\"search_term_string\"}}],\"inLanguage\":\"fr-FR\"}]}<\/script>\r\n<!-- \/ Yoast SEO plugin. -->","yoast_head_json":{"title":"FILORGA OXYGEN GLOW SOIN YEUX SUPER LISSANT ECLAT - Paracherkaoui.ma","robots":{"index":"index","follow":"follow","max-snippet":"max-snippet:-1","max-image-preview":"max-image-preview:large","max-video-preview":"max-video-preview:-1"},"canonical":"https:\/\/paracherkaoui.ma\/index.php\/produit\/filorga-oxygen-glow-soin-yeux-super-lissant-eclat-3\/","og_locale":"fr_FR","og_type":"article","og_title":"FILORGA OXYGEN GLOW SOIN YEUX SUPER LISSANT ECLAT - Paracherkaoui.ma","og_description":"DESCRIPTION Le soin contour des yeux \u00e0 effet lissant et d\u00e9fatiguant en temps r\u00e9el ! Dites au revoir au regard","og_url":"https:\/\/paracherkaoui.ma\/index.php\/produit\/filorga-oxygen-glow-soin-yeux-super-lissant-eclat-3\/","og_site_name":"Paracherkaoui.ma","article_modified_time":"2025-12-12T18:50:39+00:00","og_image":[{"width":700,"height":700,"url":"https:\/\/paracherkaoui.ma\/wp-content\/uploads\/2025\/12\/filorga-oxygen-glow-soin-yeux-super-lissant-eclat.jpg","type":"image\/jpeg"}],"twitter_card":"summary_large_image","twitter_misc":{"Dur\u00e9e de lecture estim\u00e9e":"1 minute"},"schema":{"@context":"https:\/\/schema.org","@graph":[{"@type":"WebPage","@id":"https:\/\/paracherkaoui.ma\/index.php\/produit\/filorga-oxygen-glow-soin-yeux-super-lissant-eclat-3\/","url":"https:\/\/paracherkaoui.ma\/index.php\/produit\/filorga-oxygen-glow-soin-yeux-super-lissant-eclat-3\/","name":"FILORGA OXYGEN GLOW SOIN YEUX SUPER LISSANT ECLAT - Paracherkaoui.ma","isPartOf":{"@id":"https:\/\/paracherkaoui.ma\/#website"},"primaryImageOfPage":{"@id":"https:\/\/paracherkaoui.ma\/index.php\/produit\/filorga-oxygen-glow-soin-yeux-super-lissant-eclat-3\/#primaryimage"},"image":{"@id":"https:\/\/paracherkaoui.ma\/index.php\/produit\/filorga-oxygen-glow-soin-yeux-super-lissant-eclat-3\/#primaryimage"},"thumbnailUrl":"https:\/\/paracherkaoui.ma\/wp-content\/uploads\/2025\/12\/filorga-oxygen-glow-soin-yeux-super-lissant-eclat.jpg","datePublished":"2025-12-12T18:50:36+00:00","dateModified":"2025-12-12T18:50:39+00:00","breadcrumb":{"@id":"https:\/\/paracherkaoui.ma\/index.php\/produit\/filorga-oxygen-glow-soin-yeux-super-lissant-eclat-3\/#breadcrumb"},"inLanguage":"fr-FR","potentialAction":[{"@type":"ReadAction","target":["https:\/\/paracherkaoui.ma\/index.php\/produit\/filorga-oxygen-glow-soin-yeux-super-lissant-eclat-3\/"]}]},{"@type":"ImageObject","inLanguage":"fr-FR","@id":"https:\/\/paracherkaoui.ma\/index.php\/produit\/filorga-oxygen-glow-soin-yeux-super-lissant-eclat-3\/#primaryimage","url":"https:\/\/paracherkaoui.ma\/wp-content\/uploads\/2025\/12\/filorga-oxygen-glow-soin-yeux-super-lissant-eclat.jpg","contentUrl":"https:\/\/paracherkaoui.ma\/wp-content\/uploads\/2025\/12\/filorga-oxygen-glow-soin-yeux-super-lissant-eclat.jpg","width":700,"height":700},{"@type":"BreadcrumbList","@id":"https:\/\/paracherkaoui.ma\/index.php\/produit\/filorga-oxygen-glow-soin-yeux-super-lissant-eclat-3\/#breadcrumb","itemListElement":[{"@type":"ListItem","position":1,"name":"Accueil","item":"https:\/\/paracherkaoui.ma\/"},{"@type":"ListItem","position":2,"name":"Boutique","item":"https:\/\/paracherkaoui.ma\/index.php\/boutique\/"},{"@type":"ListItem","position":3,"name":"FILORGA OXYGEN GLOW SOIN YEUX SUPER LISSANT ECLAT"}]},{"@type":"WebSite","@id":"https:\/\/paracherkaoui.ma\/#website","url":"https:\/\/paracherkaoui.ma\/","name":"Paracherkaoui.ma","description":"Achetez en ligne sur Paracherkaoui.ma","potentialAction":[{"@type":"SearchAction","target":{"@type":"EntryPoint","urlTemplate":"https:\/\/paracherkaoui.ma\/?s={search_term_string}"},"query-input":{"@type":"PropertyValueSpecification","valueRequired":true,"valueName":"search_term_string"}}],"inLanguage":"fr-FR"}]}},"_links":{"self":[{"href":"https:\/\/paracherkaoui.ma\/index.php\/wp-json\/wp\/v2\/product\/58081","targetHints":{"allow":["GET"]}}],"collection":[{"href":"https:\/\/paracherkaoui.ma\/index.php\/wp-json\/wp\/v2\/product"}],"about":[{"href":"https:\/\/paracherkaoui.ma\/index.php\/wp-json\/wp\/v2\/types\/product"}],"replies":[{"embeddable":true,"href":"https:\/\/paracherkaoui.ma\/index.php\/wp-json\/wp\/v2\/comments?post=58081"}],"version-history":[{"count":1,"href":"https:\/\/paracherkaoui.ma\/index.php\/wp-json\/wp\/v2\/product\/58081\/revisions"}],"predecessor-version":[{"id":58111,"href":"https:\/\/paracherkaoui.ma\/index.php\/wp-json\/wp\/v2\/product\/58081\/revisions\/58111"}],"wp:featuredmedia":[{"embeddable":true,"href":"https:\/\/paracherkaoui.ma\/index.php\/wp-json\/wp\/v2\/media\/14104"}],"wp:attachment":[{"href":"https:\/\/paracherkaoui.ma\/index.php\/wp-json\/wp\/v2\/media?parent=58081"}],"wp:term":[{"taxonomy":"product_brand","embeddable":true,"href":"https:\/\/paracherkaoui.ma\/index.php\/wp-json\/wp\/v2\/product_brand?post=58081"},{"taxonomy":"product_cat","embeddable":true,"href":"https:\/\/paracherkaoui.ma\/index.php\/wp-json\/wp\/v2\/product_cat?post=58081"},{"taxonomy":"product_tag","embeddable":true,"href":"https:\/\/paracherkaoui.ma\/index.php\/wp-json\/wp\/v2\/product_tag?post=58081"}],"curies":[{"name":"wp","href":"https:\/\/api.w.org\/{rel}","templated":true}]}}