{"id":58074,"date":"2025-12-12T19:50:36","date_gmt":"2025-12-12T18:50:36","guid":{"rendered":"https:\/\/test.ecbeaute.com\/?post_type=product&#038;p=58074"},"modified":"2025-12-12T19:50:39","modified_gmt":"2025-12-12T18:50:39","slug":"uriage-age-absolu-masque-de-nuit-redensifiant-50-ml-3","status":"publish","type":"product","link":"https:\/\/paracherkaoui.ma\/index.php\/produit\/uriage-age-absolu-masque-de-nuit-redensifiant-50-ml-3\/","title":{"rendered":"URIAGE AGE ABSOLU MASQUE DE NUIT REDENSIFIANT 50 ML"},"content":{"rendered":"<p>Le Masque de Nuit Redensifiant\u00a0 traite tous les signes visibles de l&rsquo;\u00e2ge : rides, rel\u00e2chement, perte de volume, \u00e9clat et nutrition. La peau est redensifi\u00e9e, plus rebondie et para\u00eet visiblement plus jeune d\u00e8s le r\u00e9veil. Sa texture rose nourrissante et son effet cocon offrent un confort intense pour une peau r\u00e9g\u00e9n\u00e9r\u00e9e et fortifi\u00e9e au quotidien.<br \/>\nCOMPOSITION<br \/>\nAQUA (WATER, EAU) \u25cf DIGLYCERIN \u25cf CAPRYLIC\/CAPRIC TRIGLYCERIDE \u25cf GLYCERIN \u25cf BUTYROSPERMUM PARKII (SHEA) BUTTER \u25cf OCTYLDODECANOL \u25cf 1,2-HEXANEDIOL \u25cf CETYL ALCOHOL \u25cf AMMONIUM ACRYLOYLDIMETHYLTAURATE\/VP COPOLYMER \u25cf HYDROXYACETOPHENONE \u25cf SHOREA STENOPTERA SEED BUTTER \u25cf SIMMONDSIA CHINENSIS (JOJOBA) SEED OIL \u25cf SQUALANE \u25cf ACRYLATES\/C10-30 ALKYL ACRYLATE CROSSPOLYMER \u25cf SODIUM HYALURONATE \u25cf PARFUM (FRAGRANCE) \u25cf CAESALPINIA SPINOSA FRUIT EXTRACT \u25cf ETHYLHEXYL STEARATE \u25cf ASCORBYL TETRAISOPALMITATE \u25cf TOCOPHERYL ACETATE \u25cf SODIUM HYDROXIDE \u25cf BUTYLENE GLYCOL \u25cf RETINYL PALMITATE \u25cf KAPPAPHYCUS ALVAREZII EXTRACT \u25cf ADENOSINE \u25cf POLYGLYCERYL-4 DIISOSTEARATE\/POLYHYDROXYSTEARATE\/SEBACATE \u25cf SODIUM HYALURONATE CROSSPOLYMER \u25cf SODIUM ISOSTEARATE \u25cf PUNICA GRANATUM FRUIT EXTRACT \u25cf SPIRULINA PLATENSIS EXTRACT \u25cf TETRAPEPTIDE-4 \u25cf THEOBROMA CACAO (COCOA) SEED EXTRACT \u25cf TOCOPHEROL \u25cf CI 14700 (RED 4)<br \/>\nCONSEIL D\u2019UTILISATION<br \/>\nAppliquez une fine couche sur le visage propre et sec le soir.\u00a0 Laissez agir toute la nuit pour une absorption optimale des actifs. Utilisez quotidiennement pour des r\u00e9sultats optimaux.<\/p>\n","protected":false},"excerpt":{"rendered":"<p>Le Masque de Nuit Redensifiant\u00a0 traite tous les signes visibles de l&rsquo;\u00e2ge : rides, rel\u00e2chement, perte de volume, \u00e9clat et<\/p>\n","protected":false},"featured_media":13753,"comment_status":"open","ping_status":"closed","template":"","meta":[],"product_brand":[130],"product_cat":[140],"product_tag":[],"class_list":{"0":"post-58074","1":"product","2":"type-product","3":"status-publish","4":"has-post-thumbnail","6":"product_brand-uriage","7":"product_cat-anti-age","9":"first","10":"instock","11":"sale","12":"shipping-taxable","13":"purchasable","14":"product-type-simple"},"yoast_head":"<!-- This site is optimized with the Yoast SEO plugin v26.6 - https:\/\/yoast.com\/wordpress\/plugins\/seo\/ -->\r\n<title>URIAGE AGE ABSOLU MASQUE DE NUIT REDENSIFIANT 50 ML - Paracherkaoui.ma<\/title>\r\n<meta name=\"robots\" content=\"index, follow, max-snippet:-1, max-image-preview:large, max-video-preview:-1\" \/>\r\n<link rel=\"canonical\" href=\"https:\/\/paracherkaoui.ma\/index.php\/produit\/uriage-age-absolu-masque-de-nuit-redensifiant-50-ml-3\/\" \/>\r\n<meta property=\"og:locale\" content=\"fr_FR\" \/>\r\n<meta property=\"og:type\" content=\"article\" \/>\r\n<meta property=\"og:title\" content=\"URIAGE AGE ABSOLU MASQUE DE NUIT REDENSIFIANT 50 ML - Paracherkaoui.ma\" \/>\r\n<meta property=\"og:description\" content=\"Le Masque de Nuit Redensifiant\u00a0 traite tous les signes visibles de l&rsquo;\u00e2ge : rides, rel\u00e2chement, perte de volume, \u00e9clat et\" \/>\r\n<meta property=\"og:url\" content=\"https:\/\/paracherkaoui.ma\/index.php\/produit\/uriage-age-absolu-masque-de-nuit-redensifiant-50-ml-3\/\" \/>\r\n<meta property=\"og:site_name\" content=\"Paracherkaoui.ma\" \/>\r\n<meta property=\"article:modified_time\" content=\"2025-12-12T18:50:39+00:00\" \/>\r\n<meta property=\"og:image\" content=\"https:\/\/paracherkaoui.ma\/wp-content\/uploads\/2025\/12\/uriage-uriage-age-absolu-masque-de-nuit-redensifiant-50-ml-masques-et-gommages.jpg\" \/>\r\n\t<meta property=\"og:image:width\" content=\"700\" \/>\r\n\t<meta property=\"og:image:height\" content=\"700\" \/>\r\n\t<meta property=\"og:image:type\" content=\"image\/jpeg\" \/>\r\n<meta name=\"twitter:card\" content=\"summary_large_image\" \/>\r\n<meta name=\"twitter:label1\" content=\"Dur\u00e9e de lecture estim\u00e9e\" \/>\n\t<meta name=\"twitter:data1\" content=\"1 minute\" \/>\r\n<script type=\"application\/ld+json\" class=\"yoast-schema-graph\">{\"@context\":\"https:\/\/schema.org\",\"@graph\":[{\"@type\":\"WebPage\",\"@id\":\"https:\/\/paracherkaoui.ma\/index.php\/produit\/uriage-age-absolu-masque-de-nuit-redensifiant-50-ml-3\/\",\"url\":\"https:\/\/paracherkaoui.ma\/index.php\/produit\/uriage-age-absolu-masque-de-nuit-redensifiant-50-ml-3\/\",\"name\":\"URIAGE AGE ABSOLU MASQUE DE NUIT REDENSIFIANT 50 ML - Paracherkaoui.ma\",\"isPartOf\":{\"@id\":\"https:\/\/paracherkaoui.ma\/#website\"},\"primaryImageOfPage\":{\"@id\":\"https:\/\/paracherkaoui.ma\/index.php\/produit\/uriage-age-absolu-masque-de-nuit-redensifiant-50-ml-3\/#primaryimage\"},\"image\":{\"@id\":\"https:\/\/paracherkaoui.ma\/index.php\/produit\/uriage-age-absolu-masque-de-nuit-redensifiant-50-ml-3\/#primaryimage\"},\"thumbnailUrl\":\"https:\/\/paracherkaoui.ma\/wp-content\/uploads\/2025\/12\/uriage-uriage-age-absolu-masque-de-nuit-redensifiant-50-ml-masques-et-gommages.jpg\",\"datePublished\":\"2025-12-12T18:50:36+00:00\",\"dateModified\":\"2025-12-12T18:50:39+00:00\",\"breadcrumb\":{\"@id\":\"https:\/\/paracherkaoui.ma\/index.php\/produit\/uriage-age-absolu-masque-de-nuit-redensifiant-50-ml-3\/#breadcrumb\"},\"inLanguage\":\"fr-FR\",\"potentialAction\":[{\"@type\":\"ReadAction\",\"target\":[\"https:\/\/paracherkaoui.ma\/index.php\/produit\/uriage-age-absolu-masque-de-nuit-redensifiant-50-ml-3\/\"]}]},{\"@type\":\"ImageObject\",\"inLanguage\":\"fr-FR\",\"@id\":\"https:\/\/paracherkaoui.ma\/index.php\/produit\/uriage-age-absolu-masque-de-nuit-redensifiant-50-ml-3\/#primaryimage\",\"url\":\"https:\/\/paracherkaoui.ma\/wp-content\/uploads\/2025\/12\/uriage-uriage-age-absolu-masque-de-nuit-redensifiant-50-ml-masques-et-gommages.jpg\",\"contentUrl\":\"https:\/\/paracherkaoui.ma\/wp-content\/uploads\/2025\/12\/uriage-uriage-age-absolu-masque-de-nuit-redensifiant-50-ml-masques-et-gommages.jpg\",\"width\":700,\"height\":700},{\"@type\":\"BreadcrumbList\",\"@id\":\"https:\/\/paracherkaoui.ma\/index.php\/produit\/uriage-age-absolu-masque-de-nuit-redensifiant-50-ml-3\/#breadcrumb\",\"itemListElement\":[{\"@type\":\"ListItem\",\"position\":1,\"name\":\"Accueil\",\"item\":\"https:\/\/paracherkaoui.ma\/\"},{\"@type\":\"ListItem\",\"position\":2,\"name\":\"Boutique\",\"item\":\"https:\/\/paracherkaoui.ma\/index.php\/boutique\/\"},{\"@type\":\"ListItem\",\"position\":3,\"name\":\"URIAGE AGE ABSOLU MASQUE DE NUIT REDENSIFIANT 50 ML\"}]},{\"@type\":\"WebSite\",\"@id\":\"https:\/\/paracherkaoui.ma\/#website\",\"url\":\"https:\/\/paracherkaoui.ma\/\",\"name\":\"Paracherkaoui.ma\",\"description\":\"Achetez en ligne sur Paracherkaoui.ma\",\"potentialAction\":[{\"@type\":\"SearchAction\",\"target\":{\"@type\":\"EntryPoint\",\"urlTemplate\":\"https:\/\/paracherkaoui.ma\/?s={search_term_string}\"},\"query-input\":{\"@type\":\"PropertyValueSpecification\",\"valueRequired\":true,\"valueName\":\"search_term_string\"}}],\"inLanguage\":\"fr-FR\"}]}<\/script>\r\n<!-- \/ Yoast SEO plugin. -->","yoast_head_json":{"title":"URIAGE AGE ABSOLU MASQUE DE NUIT REDENSIFIANT 50 ML - Paracherkaoui.ma","robots":{"index":"index","follow":"follow","max-snippet":"max-snippet:-1","max-image-preview":"max-image-preview:large","max-video-preview":"max-video-preview:-1"},"canonical":"https:\/\/paracherkaoui.ma\/index.php\/produit\/uriage-age-absolu-masque-de-nuit-redensifiant-50-ml-3\/","og_locale":"fr_FR","og_type":"article","og_title":"URIAGE AGE ABSOLU MASQUE DE NUIT REDENSIFIANT 50 ML - Paracherkaoui.ma","og_description":"Le Masque de Nuit Redensifiant\u00a0 traite tous les signes visibles de l&rsquo;\u00e2ge : rides, rel\u00e2chement, perte de volume, \u00e9clat et","og_url":"https:\/\/paracherkaoui.ma\/index.php\/produit\/uriage-age-absolu-masque-de-nuit-redensifiant-50-ml-3\/","og_site_name":"Paracherkaoui.ma","article_modified_time":"2025-12-12T18:50:39+00:00","og_image":[{"width":700,"height":700,"url":"https:\/\/paracherkaoui.ma\/wp-content\/uploads\/2025\/12\/uriage-uriage-age-absolu-masque-de-nuit-redensifiant-50-ml-masques-et-gommages.jpg","type":"image\/jpeg"}],"twitter_card":"summary_large_image","twitter_misc":{"Dur\u00e9e de lecture estim\u00e9e":"1 minute"},"schema":{"@context":"https:\/\/schema.org","@graph":[{"@type":"WebPage","@id":"https:\/\/paracherkaoui.ma\/index.php\/produit\/uriage-age-absolu-masque-de-nuit-redensifiant-50-ml-3\/","url":"https:\/\/paracherkaoui.ma\/index.php\/produit\/uriage-age-absolu-masque-de-nuit-redensifiant-50-ml-3\/","name":"URIAGE AGE ABSOLU MASQUE DE NUIT REDENSIFIANT 50 ML - Paracherkaoui.ma","isPartOf":{"@id":"https:\/\/paracherkaoui.ma\/#website"},"primaryImageOfPage":{"@id":"https:\/\/paracherkaoui.ma\/index.php\/produit\/uriage-age-absolu-masque-de-nuit-redensifiant-50-ml-3\/#primaryimage"},"image":{"@id":"https:\/\/paracherkaoui.ma\/index.php\/produit\/uriage-age-absolu-masque-de-nuit-redensifiant-50-ml-3\/#primaryimage"},"thumbnailUrl":"https:\/\/paracherkaoui.ma\/wp-content\/uploads\/2025\/12\/uriage-uriage-age-absolu-masque-de-nuit-redensifiant-50-ml-masques-et-gommages.jpg","datePublished":"2025-12-12T18:50:36+00:00","dateModified":"2025-12-12T18:50:39+00:00","breadcrumb":{"@id":"https:\/\/paracherkaoui.ma\/index.php\/produit\/uriage-age-absolu-masque-de-nuit-redensifiant-50-ml-3\/#breadcrumb"},"inLanguage":"fr-FR","potentialAction":[{"@type":"ReadAction","target":["https:\/\/paracherkaoui.ma\/index.php\/produit\/uriage-age-absolu-masque-de-nuit-redensifiant-50-ml-3\/"]}]},{"@type":"ImageObject","inLanguage":"fr-FR","@id":"https:\/\/paracherkaoui.ma\/index.php\/produit\/uriage-age-absolu-masque-de-nuit-redensifiant-50-ml-3\/#primaryimage","url":"https:\/\/paracherkaoui.ma\/wp-content\/uploads\/2025\/12\/uriage-uriage-age-absolu-masque-de-nuit-redensifiant-50-ml-masques-et-gommages.jpg","contentUrl":"https:\/\/paracherkaoui.ma\/wp-content\/uploads\/2025\/12\/uriage-uriage-age-absolu-masque-de-nuit-redensifiant-50-ml-masques-et-gommages.jpg","width":700,"height":700},{"@type":"BreadcrumbList","@id":"https:\/\/paracherkaoui.ma\/index.php\/produit\/uriage-age-absolu-masque-de-nuit-redensifiant-50-ml-3\/#breadcrumb","itemListElement":[{"@type":"ListItem","position":1,"name":"Accueil","item":"https:\/\/paracherkaoui.ma\/"},{"@type":"ListItem","position":2,"name":"Boutique","item":"https:\/\/paracherkaoui.ma\/index.php\/boutique\/"},{"@type":"ListItem","position":3,"name":"URIAGE AGE ABSOLU MASQUE DE NUIT REDENSIFIANT 50 ML"}]},{"@type":"WebSite","@id":"https:\/\/paracherkaoui.ma\/#website","url":"https:\/\/paracherkaoui.ma\/","name":"Paracherkaoui.ma","description":"Achetez en ligne sur Paracherkaoui.ma","potentialAction":[{"@type":"SearchAction","target":{"@type":"EntryPoint","urlTemplate":"https:\/\/paracherkaoui.ma\/?s={search_term_string}"},"query-input":{"@type":"PropertyValueSpecification","valueRequired":true,"valueName":"search_term_string"}}],"inLanguage":"fr-FR"}]}},"_links":{"self":[{"href":"https:\/\/paracherkaoui.ma\/index.php\/wp-json\/wp\/v2\/product\/58074","targetHints":{"allow":["GET"]}}],"collection":[{"href":"https:\/\/paracherkaoui.ma\/index.php\/wp-json\/wp\/v2\/product"}],"about":[{"href":"https:\/\/paracherkaoui.ma\/index.php\/wp-json\/wp\/v2\/types\/product"}],"replies":[{"embeddable":true,"href":"https:\/\/paracherkaoui.ma\/index.php\/wp-json\/wp\/v2\/comments?post=58074"}],"version-history":[{"count":1,"href":"https:\/\/paracherkaoui.ma\/index.php\/wp-json\/wp\/v2\/product\/58074\/revisions"}],"predecessor-version":[{"id":58104,"href":"https:\/\/paracherkaoui.ma\/index.php\/wp-json\/wp\/v2\/product\/58074\/revisions\/58104"}],"wp:featuredmedia":[{"embeddable":true,"href":"https:\/\/paracherkaoui.ma\/index.php\/wp-json\/wp\/v2\/media\/13753"}],"wp:attachment":[{"href":"https:\/\/paracherkaoui.ma\/index.php\/wp-json\/wp\/v2\/media?parent=58074"}],"wp:term":[{"taxonomy":"product_brand","embeddable":true,"href":"https:\/\/paracherkaoui.ma\/index.php\/wp-json\/wp\/v2\/product_brand?post=58074"},{"taxonomy":"product_cat","embeddable":true,"href":"https:\/\/paracherkaoui.ma\/index.php\/wp-json\/wp\/v2\/product_cat?post=58074"},{"taxonomy":"product_tag","embeddable":true,"href":"https:\/\/paracherkaoui.ma\/index.php\/wp-json\/wp\/v2\/product_tag?post=58074"}],"curies":[{"name":"wp","href":"https:\/\/api.w.org\/{rel}","templated":true}]}}