{"id":58064,"date":"2025-12-12T19:50:35","date_gmt":"2025-12-12T18:50:35","guid":{"rendered":"https:\/\/test.ecbeaute.com\/?post_type=product&#038;p=58064"},"modified":"2025-12-12T19:50:37","modified_gmt":"2025-12-12T18:50:37","slug":"uriage-age-lift-creme-jour-lissante-protectrice-spf-30-40-ml-4","status":"publish","type":"product","link":"https:\/\/paracherkaoui.ma\/index.php\/produit\/uriage-age-lift-creme-jour-lissante-protectrice-spf-30-40-ml-4\/","title":{"rendered":"URIAGE AGE LIFT CREME JOUR LISSANTE PROTECTRICE SPF 30 40 ML"},"content":{"rendered":"<p>Formul\u00e9e pour r\u00e9duire les rides de 3 fois et augmenter la fermet\u00e9 de 3 fois, cette cr\u00e8me onctueuse s&rsquo;attaque aux signes visibles de l&rsquo;\u00e2ge tout en prot\u00e9geant la peau contre les agressions quotidiennes telles que la lumi\u00e8re bleue, les UV, la pollution, le stress et la fatigue.<br \/>\nLa AGE LIFT Cr\u00e8me Jour Lissante Protectrice ne se contente pas de lisser et raffermir la peau ; elle red\u00e9finit \u00e9galement les contours du visage, donnant une apparence plus jeune et revitalis\u00e9e. Gr\u00e2ce \u00e0 sa protection SPF 30, elle offre une barri\u00e8re efficace contre le vieillissement pr\u00e9matur\u00e9 et les taches pigmentaires. Les r\u00e9sultats sont visibles rapidement : la peau est plus lisse, plus ferme et les traits du visage sont comme d\u00e9froiss\u00e9s, procurant un teint \u00e9clatant et un aspect rajeuni.<br \/>\nCOMPOSITION<br \/>\nAQUA (WATER, EAU) \u25cf ETHYLHEXYL METHOXYCINNAMATE \u25cf DIMETHICONE \u25cf ETHYLHEXYL SALICYLATE \u25cf OCTOCRYLENE \u25cf BUTYL METHOXYDIBENZOYLMETHANE \u25cf ISONONYL ISONONANOATE \u25cf DICAPRYLYL ETHER \u25cf GLYCERIN \u25cf GLYCERYL STEARATE \u25cf PEG-100 STEARATE \u25cf POLYMETHYL METHACRYLATE \u25cf BUTYLENE GLYCOL \u25cf DIGLYCERIN \u25cf ISOCETYL STEARATE \u25cf POLYSORBATE 60 \u25cf ASCORBYL TETRAISOPALMITATE \u25cf TOCOPHERYL ACETATE \u25cf RETINYL PALMITATE \u25cf SODIUM HYALURONATE \u25cf CROTON LECHLERI RESIN EXTRACT \u25cf TOCOPHEROL \u25cf AMMONIUM ACRYLOYLDIMETHYLTAURATE\/VP COPOLYMER \u25cf PHENOXYETHANOL \u25cf CI 77891 (TITANIUM DIOXIDE) \u25cf PARFUM (FRAGRANCE) \u25cf CETYL ALCOHOL \u25cf CHLORPHENESIN \u25cf MICA \u25cf AMMONIUM ACRYLOYLDIMETHYLTAURATE\/BEHENETH-25 METHACRYLATE CROSSPOLYMER \u25cf TETRASODIUM EDTA \u25cf CAESALPINIA SPINOSA FRUIT EXTRACT \u25cf o-CYMEN-5-OL \u25cf XANTHAN GUM \u25cf CITRIC ACID \u25cf KAPPAPHYCUS ALVAREZII EXTRACT \u25cf ADENOSINE \u25cf TIN OXIDE \u25cf THEOBROMA CACAO (COCOA) SEED EXTRACT \u25cf BHT<br \/>\nCONSEIL D\u2019UTILISATION<br \/>\nAppliquez chaque matin sur une peau propre et s\u00e8che. Cette cr\u00e8me est id\u00e9ale pour \u00eatre utilis\u00e9e comme base de maquillage gr\u00e2ce \u00e0 sa texture onctueuse et non grasse. Gr\u00e2ce \u00e0 son SPF 30, elle offre une protection solaire ad\u00e9quate pour une utilisation quotidienne. Cependant, pour une exposition prolong\u00e9e au soleil, il est conseill\u00e9 de r\u00e9appliquer une protection solaire. Pour des r\u00e9sultats optimaux, int\u00e9grez cette cr\u00e8me dans votre routine de soins en l&rsquo;associant avec d&rsquo;autres produits de la gamme AGE LIFT d&rsquo;URIAGE.<\/p>\n","protected":false},"excerpt":{"rendered":"<p>Formul\u00e9e pour r\u00e9duire les rides de 3 fois et augmenter la fermet\u00e9 de 3 fois, cette cr\u00e8me onctueuse s&rsquo;attaque aux<\/p>\n","protected":false},"featured_media":13842,"comment_status":"open","ping_status":"closed","template":"","meta":[],"product_brand":[130],"product_cat":[140],"product_tag":[],"class_list":{"0":"post-58064","1":"product","2":"type-product","3":"status-publish","4":"has-post-thumbnail","6":"product_brand-uriage","7":"product_cat-anti-age","9":"first","10":"instock","11":"sale","12":"shipping-taxable","13":"purchasable","14":"product-type-simple"},"yoast_head":"<!-- This site is optimized with the Yoast SEO plugin v26.6 - https:\/\/yoast.com\/wordpress\/plugins\/seo\/ -->\r\n<title>URIAGE AGE LIFT CREME JOUR LISSANTE PROTECTRICE SPF 30 40 ML - Paracherkaoui.ma<\/title>\r\n<meta name=\"robots\" content=\"index, follow, max-snippet:-1, max-image-preview:large, max-video-preview:-1\" \/>\r\n<link rel=\"canonical\" href=\"https:\/\/paracherkaoui.ma\/index.php\/produit\/uriage-age-lift-creme-jour-lissante-protectrice-spf-30-40-ml-4\/\" \/>\r\n<meta property=\"og:locale\" content=\"fr_FR\" \/>\r\n<meta property=\"og:type\" content=\"article\" \/>\r\n<meta property=\"og:title\" content=\"URIAGE AGE LIFT CREME JOUR LISSANTE PROTECTRICE SPF 30 40 ML - Paracherkaoui.ma\" \/>\r\n<meta property=\"og:description\" content=\"Formul\u00e9e pour r\u00e9duire les rides de 3 fois et augmenter la fermet\u00e9 de 3 fois, cette cr\u00e8me onctueuse s&rsquo;attaque aux\" \/>\r\n<meta property=\"og:url\" content=\"https:\/\/paracherkaoui.ma\/index.php\/produit\/uriage-age-lift-creme-jour-lissante-protectrice-spf-30-40-ml-4\/\" \/>\r\n<meta property=\"og:site_name\" content=\"Paracherkaoui.ma\" \/>\r\n<meta property=\"article:modified_time\" content=\"2025-12-12T18:50:37+00:00\" \/>\r\n<meta property=\"og:image\" content=\"https:\/\/paracherkaoui.ma\/wp-content\/uploads\/2025\/12\/uriage-uriage-age-lift-creme-jour-lissante-protectrice-spf-30-40-ml-cremes-jour.jpg\" \/>\r\n\t<meta property=\"og:image:width\" content=\"700\" \/>\r\n\t<meta property=\"og:image:height\" content=\"700\" \/>\r\n\t<meta property=\"og:image:type\" content=\"image\/jpeg\" \/>\r\n<meta name=\"twitter:card\" content=\"summary_large_image\" \/>\r\n<meta name=\"twitter:label1\" content=\"Dur\u00e9e de lecture estim\u00e9e\" \/>\n\t<meta name=\"twitter:data1\" content=\"2 minutes\" \/>\r\n<script type=\"application\/ld+json\" class=\"yoast-schema-graph\">{\"@context\":\"https:\/\/schema.org\",\"@graph\":[{\"@type\":\"WebPage\",\"@id\":\"https:\/\/paracherkaoui.ma\/index.php\/produit\/uriage-age-lift-creme-jour-lissante-protectrice-spf-30-40-ml-4\/\",\"url\":\"https:\/\/paracherkaoui.ma\/index.php\/produit\/uriage-age-lift-creme-jour-lissante-protectrice-spf-30-40-ml-4\/\",\"name\":\"URIAGE AGE LIFT CREME JOUR LISSANTE PROTECTRICE SPF 30 40 ML - Paracherkaoui.ma\",\"isPartOf\":{\"@id\":\"https:\/\/paracherkaoui.ma\/#website\"},\"primaryImageOfPage\":{\"@id\":\"https:\/\/paracherkaoui.ma\/index.php\/produit\/uriage-age-lift-creme-jour-lissante-protectrice-spf-30-40-ml-4\/#primaryimage\"},\"image\":{\"@id\":\"https:\/\/paracherkaoui.ma\/index.php\/produit\/uriage-age-lift-creme-jour-lissante-protectrice-spf-30-40-ml-4\/#primaryimage\"},\"thumbnailUrl\":\"https:\/\/paracherkaoui.ma\/wp-content\/uploads\/2025\/12\/uriage-uriage-age-lift-creme-jour-lissante-protectrice-spf-30-40-ml-cremes-jour.jpg\",\"datePublished\":\"2025-12-12T18:50:35+00:00\",\"dateModified\":\"2025-12-12T18:50:37+00:00\",\"breadcrumb\":{\"@id\":\"https:\/\/paracherkaoui.ma\/index.php\/produit\/uriage-age-lift-creme-jour-lissante-protectrice-spf-30-40-ml-4\/#breadcrumb\"},\"inLanguage\":\"fr-FR\",\"potentialAction\":[{\"@type\":\"ReadAction\",\"target\":[\"https:\/\/paracherkaoui.ma\/index.php\/produit\/uriage-age-lift-creme-jour-lissante-protectrice-spf-30-40-ml-4\/\"]}]},{\"@type\":\"ImageObject\",\"inLanguage\":\"fr-FR\",\"@id\":\"https:\/\/paracherkaoui.ma\/index.php\/produit\/uriage-age-lift-creme-jour-lissante-protectrice-spf-30-40-ml-4\/#primaryimage\",\"url\":\"https:\/\/paracherkaoui.ma\/wp-content\/uploads\/2025\/12\/uriage-uriage-age-lift-creme-jour-lissante-protectrice-spf-30-40-ml-cremes-jour.jpg\",\"contentUrl\":\"https:\/\/paracherkaoui.ma\/wp-content\/uploads\/2025\/12\/uriage-uriage-age-lift-creme-jour-lissante-protectrice-spf-30-40-ml-cremes-jour.jpg\",\"width\":700,\"height\":700},{\"@type\":\"BreadcrumbList\",\"@id\":\"https:\/\/paracherkaoui.ma\/index.php\/produit\/uriage-age-lift-creme-jour-lissante-protectrice-spf-30-40-ml-4\/#breadcrumb\",\"itemListElement\":[{\"@type\":\"ListItem\",\"position\":1,\"name\":\"Accueil\",\"item\":\"https:\/\/paracherkaoui.ma\/\"},{\"@type\":\"ListItem\",\"position\":2,\"name\":\"Boutique\",\"item\":\"https:\/\/paracherkaoui.ma\/index.php\/boutique\/\"},{\"@type\":\"ListItem\",\"position\":3,\"name\":\"URIAGE AGE LIFT CREME JOUR LISSANTE PROTECTRICE SPF 30 40 ML\"}]},{\"@type\":\"WebSite\",\"@id\":\"https:\/\/paracherkaoui.ma\/#website\",\"url\":\"https:\/\/paracherkaoui.ma\/\",\"name\":\"Paracherkaoui.ma\",\"description\":\"Achetez en ligne sur Paracherkaoui.ma\",\"potentialAction\":[{\"@type\":\"SearchAction\",\"target\":{\"@type\":\"EntryPoint\",\"urlTemplate\":\"https:\/\/paracherkaoui.ma\/?s={search_term_string}\"},\"query-input\":{\"@type\":\"PropertyValueSpecification\",\"valueRequired\":true,\"valueName\":\"search_term_string\"}}],\"inLanguage\":\"fr-FR\"}]}<\/script>\r\n<!-- \/ Yoast SEO plugin. -->","yoast_head_json":{"title":"URIAGE AGE LIFT CREME JOUR LISSANTE PROTECTRICE SPF 30 40 ML - Paracherkaoui.ma","robots":{"index":"index","follow":"follow","max-snippet":"max-snippet:-1","max-image-preview":"max-image-preview:large","max-video-preview":"max-video-preview:-1"},"canonical":"https:\/\/paracherkaoui.ma\/index.php\/produit\/uriage-age-lift-creme-jour-lissante-protectrice-spf-30-40-ml-4\/","og_locale":"fr_FR","og_type":"article","og_title":"URIAGE AGE LIFT CREME JOUR LISSANTE PROTECTRICE SPF 30 40 ML - Paracherkaoui.ma","og_description":"Formul\u00e9e pour r\u00e9duire les rides de 3 fois et augmenter la fermet\u00e9 de 3 fois, cette cr\u00e8me onctueuse s&rsquo;attaque aux","og_url":"https:\/\/paracherkaoui.ma\/index.php\/produit\/uriage-age-lift-creme-jour-lissante-protectrice-spf-30-40-ml-4\/","og_site_name":"Paracherkaoui.ma","article_modified_time":"2025-12-12T18:50:37+00:00","og_image":[{"width":700,"height":700,"url":"https:\/\/paracherkaoui.ma\/wp-content\/uploads\/2025\/12\/uriage-uriage-age-lift-creme-jour-lissante-protectrice-spf-30-40-ml-cremes-jour.jpg","type":"image\/jpeg"}],"twitter_card":"summary_large_image","twitter_misc":{"Dur\u00e9e de lecture estim\u00e9e":"2 minutes"},"schema":{"@context":"https:\/\/schema.org","@graph":[{"@type":"WebPage","@id":"https:\/\/paracherkaoui.ma\/index.php\/produit\/uriage-age-lift-creme-jour-lissante-protectrice-spf-30-40-ml-4\/","url":"https:\/\/paracherkaoui.ma\/index.php\/produit\/uriage-age-lift-creme-jour-lissante-protectrice-spf-30-40-ml-4\/","name":"URIAGE AGE LIFT CREME JOUR LISSANTE PROTECTRICE SPF 30 40 ML - Paracherkaoui.ma","isPartOf":{"@id":"https:\/\/paracherkaoui.ma\/#website"},"primaryImageOfPage":{"@id":"https:\/\/paracherkaoui.ma\/index.php\/produit\/uriage-age-lift-creme-jour-lissante-protectrice-spf-30-40-ml-4\/#primaryimage"},"image":{"@id":"https:\/\/paracherkaoui.ma\/index.php\/produit\/uriage-age-lift-creme-jour-lissante-protectrice-spf-30-40-ml-4\/#primaryimage"},"thumbnailUrl":"https:\/\/paracherkaoui.ma\/wp-content\/uploads\/2025\/12\/uriage-uriage-age-lift-creme-jour-lissante-protectrice-spf-30-40-ml-cremes-jour.jpg","datePublished":"2025-12-12T18:50:35+00:00","dateModified":"2025-12-12T18:50:37+00:00","breadcrumb":{"@id":"https:\/\/paracherkaoui.ma\/index.php\/produit\/uriage-age-lift-creme-jour-lissante-protectrice-spf-30-40-ml-4\/#breadcrumb"},"inLanguage":"fr-FR","potentialAction":[{"@type":"ReadAction","target":["https:\/\/paracherkaoui.ma\/index.php\/produit\/uriage-age-lift-creme-jour-lissante-protectrice-spf-30-40-ml-4\/"]}]},{"@type":"ImageObject","inLanguage":"fr-FR","@id":"https:\/\/paracherkaoui.ma\/index.php\/produit\/uriage-age-lift-creme-jour-lissante-protectrice-spf-30-40-ml-4\/#primaryimage","url":"https:\/\/paracherkaoui.ma\/wp-content\/uploads\/2025\/12\/uriage-uriage-age-lift-creme-jour-lissante-protectrice-spf-30-40-ml-cremes-jour.jpg","contentUrl":"https:\/\/paracherkaoui.ma\/wp-content\/uploads\/2025\/12\/uriage-uriage-age-lift-creme-jour-lissante-protectrice-spf-30-40-ml-cremes-jour.jpg","width":700,"height":700},{"@type":"BreadcrumbList","@id":"https:\/\/paracherkaoui.ma\/index.php\/produit\/uriage-age-lift-creme-jour-lissante-protectrice-spf-30-40-ml-4\/#breadcrumb","itemListElement":[{"@type":"ListItem","position":1,"name":"Accueil","item":"https:\/\/paracherkaoui.ma\/"},{"@type":"ListItem","position":2,"name":"Boutique","item":"https:\/\/paracherkaoui.ma\/index.php\/boutique\/"},{"@type":"ListItem","position":3,"name":"URIAGE AGE LIFT CREME JOUR LISSANTE PROTECTRICE SPF 30 40 ML"}]},{"@type":"WebSite","@id":"https:\/\/paracherkaoui.ma\/#website","url":"https:\/\/paracherkaoui.ma\/","name":"Paracherkaoui.ma","description":"Achetez en ligne sur Paracherkaoui.ma","potentialAction":[{"@type":"SearchAction","target":{"@type":"EntryPoint","urlTemplate":"https:\/\/paracherkaoui.ma\/?s={search_term_string}"},"query-input":{"@type":"PropertyValueSpecification","valueRequired":true,"valueName":"search_term_string"}}],"inLanguage":"fr-FR"}]}},"_links":{"self":[{"href":"https:\/\/paracherkaoui.ma\/index.php\/wp-json\/wp\/v2\/product\/58064","targetHints":{"allow":["GET"]}}],"collection":[{"href":"https:\/\/paracherkaoui.ma\/index.php\/wp-json\/wp\/v2\/product"}],"about":[{"href":"https:\/\/paracherkaoui.ma\/index.php\/wp-json\/wp\/v2\/types\/product"}],"replies":[{"embeddable":true,"href":"https:\/\/paracherkaoui.ma\/index.php\/wp-json\/wp\/v2\/comments?post=58064"}],"version-history":[{"count":1,"href":"https:\/\/paracherkaoui.ma\/index.php\/wp-json\/wp\/v2\/product\/58064\/revisions"}],"predecessor-version":[{"id":58094,"href":"https:\/\/paracherkaoui.ma\/index.php\/wp-json\/wp\/v2\/product\/58064\/revisions\/58094"}],"wp:featuredmedia":[{"embeddable":true,"href":"https:\/\/paracherkaoui.ma\/index.php\/wp-json\/wp\/v2\/media\/13842"}],"wp:attachment":[{"href":"https:\/\/paracherkaoui.ma\/index.php\/wp-json\/wp\/v2\/media?parent=58064"}],"wp:term":[{"taxonomy":"product_brand","embeddable":true,"href":"https:\/\/paracherkaoui.ma\/index.php\/wp-json\/wp\/v2\/product_brand?post=58064"},{"taxonomy":"product_cat","embeddable":true,"href":"https:\/\/paracherkaoui.ma\/index.php\/wp-json\/wp\/v2\/product_cat?post=58064"},{"taxonomy":"product_tag","embeddable":true,"href":"https:\/\/paracherkaoui.ma\/index.php\/wp-json\/wp\/v2\/product_tag?post=58064"}],"curies":[{"name":"wp","href":"https:\/\/api.w.org\/{rel}","templated":true}]}}