{"id":58019,"date":"2025-12-12T19:50:30","date_gmt":"2025-12-12T18:50:30","guid":{"rendered":"https:\/\/test.ecbeaute.com\/?post_type=product&#038;p=58019"},"modified":"2025-12-12T19:50:34","modified_gmt":"2025-12-12T18:50:34","slug":"vichy-liftactiv-retinol-serum-soin-anti-rides-tous-types-de-peaux-30-ml-3","status":"publish","type":"product","link":"https:\/\/paracherkaoui.ma\/index.php\/produit\/vichy-liftactiv-retinol-serum-soin-anti-rides-tous-types-de-peaux-30-ml-3\/","title":{"rendered":"VICHY LIFTACTIV RETINOL SERUM SOIN ANTI RIDES TOUS TYPES DE PEAUX 30 ML"},"content":{"rendered":"<p>Id\u00e9al pour tous types de peaux, y compris les plus sensibles, ce s\u00e9rum offre une tol\u00e9rance optimale gr\u00e2ce \u00e0 une formule sans parfum, sans silicone, et sans ph\u00e9noxy\u00e9thanol. Sa texture l\u00e9g\u00e8re et fluide p\u00e9n\u00e8tre rapidement sans laisser de r\u00e9sidu gras.<br \/>\nTest\u00e9 sous contr\u00f4le dermatologique, Liftactiv Retinol Serum affiche une efficacit\u00e9 cliniquement prouv\u00e9e :<br \/>\nJusqu\u2019\u00e0 -25 % de rides glabellaires<br \/>\nJusqu\u2019\u00e0 -24,6 % de rides de la patte d\u2019oie<br \/>\nJusqu\u2019\u00e0 -20,1 % de rides du front<br \/>\nJusqu\u2019\u00e0 -21,5 % des sillons nasog\u00e9niens*<br \/>\n*\u00c9tude r\u00e9alis\u00e9e sur 50 femmes de 42 \u00e0 64 ans pendant 5 mois.<br \/>\nCe soin est id\u00e9al pour celles et ceux qui souhaitent pr\u00e9venir ou att\u00e9nuer les signes visibles de l\u2019\u00e2ge, tout en prenant soin de leur peau au quotidien. Il aide \u00e0 retrouver un teint plus lisse, uniforme et \u00e9clatant.<br \/>\nConseils d&rsquo;utilisation<br \/>\nAppliquer le soir sur peau propre et s\u00e8che :<br \/>\nD\u00e9poser quelques gouttes sur les zones concern\u00e9es (front, sillons nasog\u00e9niens, rides d\u2019expression\u2026).<br \/>\nAdapter progressivement l\u2019utilisation :<br \/>\nSemaine 1 : 2 nuits par semaine.<br \/>\nSemaine 2 : 1 nuit sur 2.<br \/>\nSemaine 3 : tous les soirs selon la tol\u00e9rance.<br \/>\nLe matin : toujours appliquer une protection solaire SPF50 minimum, car le r\u00e9tinol rend la peau plus sensible au soleil.<br \/>\nComposition<br \/>\nAqua \/ Water \/ Eau, Glycerin, Pentylene Glycol, Isononyl Isononanoate, Alcohol Denat., Dicaprylyl Ether, Glycine Soja Oil \/ Soybean Oil, Propylene Glycol, PEG-6 Caprylic\/Capric Glycerides, Hydrolyzed Rice Protein, Hydroxyacetophenone, Palmitoyl Tetrapeptide-7, Palmitoyl Tripeptide-1, Pentaerythrityl Tetra-di-t-butyl Hydroxyhydrocinnamate, Sodium Hyaluronate, Sodium Hydroxide, Trisodium Ethylenediamine Disuccinate, Vitreoscilla Ferment, Retinol, Dicaprylyl Carbonate, Ammonium Polyacryloyldimethyl Taurate, Butylene Glycol, Caprylyl Glycol, Carbomer, Glyceryl Isostearate, Polysorbate 20, PPG-6-Decyltetradeceth-30, Sodium Lactate, Tocopherol, Xanthan Gum<\/p>\n","protected":false},"excerpt":{"rendered":"<p>Id\u00e9al pour tous types de peaux, y compris les plus sensibles, ce s\u00e9rum offre une tol\u00e9rance optimale gr\u00e2ce \u00e0 une<\/p>\n","protected":false},"featured_media":13507,"comment_status":"open","ping_status":"closed","template":"","meta":[],"product_brand":[139],"product_cat":[140],"product_tag":[],"class_list":{"0":"post-58019","1":"product","2":"type-product","3":"status-publish","4":"has-post-thumbnail","6":"product_brand-vichy","7":"product_cat-anti-age","9":"first","10":"instock","11":"sale","12":"shipping-taxable","13":"purchasable","14":"product-type-simple"},"yoast_head":"<!-- This site is optimized with the Yoast SEO plugin v26.6 - https:\/\/yoast.com\/wordpress\/plugins\/seo\/ -->\r\n<title>VICHY LIFTACTIV RETINOL SERUM SOIN ANTI RIDES TOUS TYPES DE PEAUX 30 ML - Paracherkaoui.ma<\/title>\r\n<meta name=\"robots\" content=\"index, follow, max-snippet:-1, max-image-preview:large, max-video-preview:-1\" \/>\r\n<link rel=\"canonical\" href=\"https:\/\/paracherkaoui.ma\/index.php\/produit\/vichy-liftactiv-retinol-serum-soin-anti-rides-tous-types-de-peaux-30-ml-3\/\" \/>\r\n<meta property=\"og:locale\" content=\"fr_FR\" \/>\r\n<meta property=\"og:type\" content=\"article\" \/>\r\n<meta property=\"og:title\" content=\"VICHY LIFTACTIV RETINOL SERUM SOIN ANTI RIDES TOUS TYPES DE PEAUX 30 ML - Paracherkaoui.ma\" \/>\r\n<meta property=\"og:description\" content=\"Id\u00e9al pour tous types de peaux, y compris les plus sensibles, ce s\u00e9rum offre une tol\u00e9rance optimale gr\u00e2ce \u00e0 une\" \/>\r\n<meta property=\"og:url\" content=\"https:\/\/paracherkaoui.ma\/index.php\/produit\/vichy-liftactiv-retinol-serum-soin-anti-rides-tous-types-de-peaux-30-ml-3\/\" \/>\r\n<meta property=\"og:site_name\" content=\"Paracherkaoui.ma\" \/>\r\n<meta property=\"article:modified_time\" content=\"2025-12-12T18:50:34+00:00\" \/>\r\n<meta property=\"og:image\" content=\"https:\/\/paracherkaoui.ma\/wp-content\/uploads\/2025\/12\/vichy-vichy-liftactiv-retinol-serum-soin-anti-rides-tous-types-de-peaux-30-ml-peaux-matures.jpg\" \/>\r\n\t<meta property=\"og:image:width\" content=\"700\" \/>\r\n\t<meta property=\"og:image:height\" content=\"700\" \/>\r\n\t<meta property=\"og:image:type\" content=\"image\/jpeg\" \/>\r\n<meta name=\"twitter:card\" content=\"summary_large_image\" \/>\r\n<meta name=\"twitter:label1\" content=\"Dur\u00e9e de lecture estim\u00e9e\" \/>\n\t<meta name=\"twitter:data1\" content=\"1 minute\" \/>\r\n<script type=\"application\/ld+json\" class=\"yoast-schema-graph\">{\"@context\":\"https:\/\/schema.org\",\"@graph\":[{\"@type\":\"WebPage\",\"@id\":\"https:\/\/paracherkaoui.ma\/index.php\/produit\/vichy-liftactiv-retinol-serum-soin-anti-rides-tous-types-de-peaux-30-ml-3\/\",\"url\":\"https:\/\/paracherkaoui.ma\/index.php\/produit\/vichy-liftactiv-retinol-serum-soin-anti-rides-tous-types-de-peaux-30-ml-3\/\",\"name\":\"VICHY LIFTACTIV RETINOL SERUM SOIN ANTI RIDES TOUS TYPES DE PEAUX 30 ML - Paracherkaoui.ma\",\"isPartOf\":{\"@id\":\"https:\/\/paracherkaoui.ma\/#website\"},\"primaryImageOfPage\":{\"@id\":\"https:\/\/paracherkaoui.ma\/index.php\/produit\/vichy-liftactiv-retinol-serum-soin-anti-rides-tous-types-de-peaux-30-ml-3\/#primaryimage\"},\"image\":{\"@id\":\"https:\/\/paracherkaoui.ma\/index.php\/produit\/vichy-liftactiv-retinol-serum-soin-anti-rides-tous-types-de-peaux-30-ml-3\/#primaryimage\"},\"thumbnailUrl\":\"https:\/\/paracherkaoui.ma\/wp-content\/uploads\/2025\/12\/vichy-vichy-liftactiv-retinol-serum-soin-anti-rides-tous-types-de-peaux-30-ml-peaux-matures.jpg\",\"datePublished\":\"2025-12-12T18:50:30+00:00\",\"dateModified\":\"2025-12-12T18:50:34+00:00\",\"breadcrumb\":{\"@id\":\"https:\/\/paracherkaoui.ma\/index.php\/produit\/vichy-liftactiv-retinol-serum-soin-anti-rides-tous-types-de-peaux-30-ml-3\/#breadcrumb\"},\"inLanguage\":\"fr-FR\",\"potentialAction\":[{\"@type\":\"ReadAction\",\"target\":[\"https:\/\/paracherkaoui.ma\/index.php\/produit\/vichy-liftactiv-retinol-serum-soin-anti-rides-tous-types-de-peaux-30-ml-3\/\"]}]},{\"@type\":\"ImageObject\",\"inLanguage\":\"fr-FR\",\"@id\":\"https:\/\/paracherkaoui.ma\/index.php\/produit\/vichy-liftactiv-retinol-serum-soin-anti-rides-tous-types-de-peaux-30-ml-3\/#primaryimage\",\"url\":\"https:\/\/paracherkaoui.ma\/wp-content\/uploads\/2025\/12\/vichy-vichy-liftactiv-retinol-serum-soin-anti-rides-tous-types-de-peaux-30-ml-peaux-matures.jpg\",\"contentUrl\":\"https:\/\/paracherkaoui.ma\/wp-content\/uploads\/2025\/12\/vichy-vichy-liftactiv-retinol-serum-soin-anti-rides-tous-types-de-peaux-30-ml-peaux-matures.jpg\",\"width\":700,\"height\":700},{\"@type\":\"BreadcrumbList\",\"@id\":\"https:\/\/paracherkaoui.ma\/index.php\/produit\/vichy-liftactiv-retinol-serum-soin-anti-rides-tous-types-de-peaux-30-ml-3\/#breadcrumb\",\"itemListElement\":[{\"@type\":\"ListItem\",\"position\":1,\"name\":\"Accueil\",\"item\":\"https:\/\/paracherkaoui.ma\/\"},{\"@type\":\"ListItem\",\"position\":2,\"name\":\"Boutique\",\"item\":\"https:\/\/paracherkaoui.ma\/index.php\/boutique\/\"},{\"@type\":\"ListItem\",\"position\":3,\"name\":\"VICHY LIFTACTIV RETINOL SERUM SOIN ANTI RIDES TOUS TYPES DE PEAUX 30 ML\"}]},{\"@type\":\"WebSite\",\"@id\":\"https:\/\/paracherkaoui.ma\/#website\",\"url\":\"https:\/\/paracherkaoui.ma\/\",\"name\":\"Paracherkaoui.ma\",\"description\":\"Achetez en ligne sur Paracherkaoui.ma\",\"potentialAction\":[{\"@type\":\"SearchAction\",\"target\":{\"@type\":\"EntryPoint\",\"urlTemplate\":\"https:\/\/paracherkaoui.ma\/?s={search_term_string}\"},\"query-input\":{\"@type\":\"PropertyValueSpecification\",\"valueRequired\":true,\"valueName\":\"search_term_string\"}}],\"inLanguage\":\"fr-FR\"}]}<\/script>\r\n<!-- \/ Yoast SEO plugin. -->","yoast_head_json":{"title":"VICHY LIFTACTIV RETINOL SERUM SOIN ANTI RIDES TOUS TYPES DE PEAUX 30 ML - Paracherkaoui.ma","robots":{"index":"index","follow":"follow","max-snippet":"max-snippet:-1","max-image-preview":"max-image-preview:large","max-video-preview":"max-video-preview:-1"},"canonical":"https:\/\/paracherkaoui.ma\/index.php\/produit\/vichy-liftactiv-retinol-serum-soin-anti-rides-tous-types-de-peaux-30-ml-3\/","og_locale":"fr_FR","og_type":"article","og_title":"VICHY LIFTACTIV RETINOL SERUM SOIN ANTI RIDES TOUS TYPES DE PEAUX 30 ML - Paracherkaoui.ma","og_description":"Id\u00e9al pour tous types de peaux, y compris les plus sensibles, ce s\u00e9rum offre une tol\u00e9rance optimale gr\u00e2ce \u00e0 une","og_url":"https:\/\/paracherkaoui.ma\/index.php\/produit\/vichy-liftactiv-retinol-serum-soin-anti-rides-tous-types-de-peaux-30-ml-3\/","og_site_name":"Paracherkaoui.ma","article_modified_time":"2025-12-12T18:50:34+00:00","og_image":[{"width":700,"height":700,"url":"https:\/\/paracherkaoui.ma\/wp-content\/uploads\/2025\/12\/vichy-vichy-liftactiv-retinol-serum-soin-anti-rides-tous-types-de-peaux-30-ml-peaux-matures.jpg","type":"image\/jpeg"}],"twitter_card":"summary_large_image","twitter_misc":{"Dur\u00e9e de lecture estim\u00e9e":"1 minute"},"schema":{"@context":"https:\/\/schema.org","@graph":[{"@type":"WebPage","@id":"https:\/\/paracherkaoui.ma\/index.php\/produit\/vichy-liftactiv-retinol-serum-soin-anti-rides-tous-types-de-peaux-30-ml-3\/","url":"https:\/\/paracherkaoui.ma\/index.php\/produit\/vichy-liftactiv-retinol-serum-soin-anti-rides-tous-types-de-peaux-30-ml-3\/","name":"VICHY LIFTACTIV RETINOL SERUM SOIN ANTI RIDES TOUS TYPES DE PEAUX 30 ML - Paracherkaoui.ma","isPartOf":{"@id":"https:\/\/paracherkaoui.ma\/#website"},"primaryImageOfPage":{"@id":"https:\/\/paracherkaoui.ma\/index.php\/produit\/vichy-liftactiv-retinol-serum-soin-anti-rides-tous-types-de-peaux-30-ml-3\/#primaryimage"},"image":{"@id":"https:\/\/paracherkaoui.ma\/index.php\/produit\/vichy-liftactiv-retinol-serum-soin-anti-rides-tous-types-de-peaux-30-ml-3\/#primaryimage"},"thumbnailUrl":"https:\/\/paracherkaoui.ma\/wp-content\/uploads\/2025\/12\/vichy-vichy-liftactiv-retinol-serum-soin-anti-rides-tous-types-de-peaux-30-ml-peaux-matures.jpg","datePublished":"2025-12-12T18:50:30+00:00","dateModified":"2025-12-12T18:50:34+00:00","breadcrumb":{"@id":"https:\/\/paracherkaoui.ma\/index.php\/produit\/vichy-liftactiv-retinol-serum-soin-anti-rides-tous-types-de-peaux-30-ml-3\/#breadcrumb"},"inLanguage":"fr-FR","potentialAction":[{"@type":"ReadAction","target":["https:\/\/paracherkaoui.ma\/index.php\/produit\/vichy-liftactiv-retinol-serum-soin-anti-rides-tous-types-de-peaux-30-ml-3\/"]}]},{"@type":"ImageObject","inLanguage":"fr-FR","@id":"https:\/\/paracherkaoui.ma\/index.php\/produit\/vichy-liftactiv-retinol-serum-soin-anti-rides-tous-types-de-peaux-30-ml-3\/#primaryimage","url":"https:\/\/paracherkaoui.ma\/wp-content\/uploads\/2025\/12\/vichy-vichy-liftactiv-retinol-serum-soin-anti-rides-tous-types-de-peaux-30-ml-peaux-matures.jpg","contentUrl":"https:\/\/paracherkaoui.ma\/wp-content\/uploads\/2025\/12\/vichy-vichy-liftactiv-retinol-serum-soin-anti-rides-tous-types-de-peaux-30-ml-peaux-matures.jpg","width":700,"height":700},{"@type":"BreadcrumbList","@id":"https:\/\/paracherkaoui.ma\/index.php\/produit\/vichy-liftactiv-retinol-serum-soin-anti-rides-tous-types-de-peaux-30-ml-3\/#breadcrumb","itemListElement":[{"@type":"ListItem","position":1,"name":"Accueil","item":"https:\/\/paracherkaoui.ma\/"},{"@type":"ListItem","position":2,"name":"Boutique","item":"https:\/\/paracherkaoui.ma\/index.php\/boutique\/"},{"@type":"ListItem","position":3,"name":"VICHY LIFTACTIV RETINOL SERUM SOIN ANTI RIDES TOUS TYPES DE PEAUX 30 ML"}]},{"@type":"WebSite","@id":"https:\/\/paracherkaoui.ma\/#website","url":"https:\/\/paracherkaoui.ma\/","name":"Paracherkaoui.ma","description":"Achetez en ligne sur Paracherkaoui.ma","potentialAction":[{"@type":"SearchAction","target":{"@type":"EntryPoint","urlTemplate":"https:\/\/paracherkaoui.ma\/?s={search_term_string}"},"query-input":{"@type":"PropertyValueSpecification","valueRequired":true,"valueName":"search_term_string"}}],"inLanguage":"fr-FR"}]}},"_links":{"self":[{"href":"https:\/\/paracherkaoui.ma\/index.php\/wp-json\/wp\/v2\/product\/58019","targetHints":{"allow":["GET"]}}],"collection":[{"href":"https:\/\/paracherkaoui.ma\/index.php\/wp-json\/wp\/v2\/product"}],"about":[{"href":"https:\/\/paracherkaoui.ma\/index.php\/wp-json\/wp\/v2\/types\/product"}],"replies":[{"embeddable":true,"href":"https:\/\/paracherkaoui.ma\/index.php\/wp-json\/wp\/v2\/comments?post=58019"}],"version-history":[{"count":1,"href":"https:\/\/paracherkaoui.ma\/index.php\/wp-json\/wp\/v2\/product\/58019\/revisions"}],"predecessor-version":[{"id":58049,"href":"https:\/\/paracherkaoui.ma\/index.php\/wp-json\/wp\/v2\/product\/58019\/revisions\/58049"}],"wp:featuredmedia":[{"embeddable":true,"href":"https:\/\/paracherkaoui.ma\/index.php\/wp-json\/wp\/v2\/media\/13507"}],"wp:attachment":[{"href":"https:\/\/paracherkaoui.ma\/index.php\/wp-json\/wp\/v2\/media?parent=58019"}],"wp:term":[{"taxonomy":"product_brand","embeddable":true,"href":"https:\/\/paracherkaoui.ma\/index.php\/wp-json\/wp\/v2\/product_brand?post=58019"},{"taxonomy":"product_cat","embeddable":true,"href":"https:\/\/paracherkaoui.ma\/index.php\/wp-json\/wp\/v2\/product_cat?post=58019"},{"taxonomy":"product_tag","embeddable":true,"href":"https:\/\/paracherkaoui.ma\/index.php\/wp-json\/wp\/v2\/product_tag?post=58019"}],"curies":[{"name":"wp","href":"https:\/\/api.w.org\/{rel}","templated":true}]}}