{"id":58011,"date":"2025-12-12T19:50:29","date_gmt":"2025-12-12T18:50:29","guid":{"rendered":"https:\/\/test.ecbeaute.com\/?post_type=product&#038;p=58011"},"modified":"2025-12-12T19:50:33","modified_gmt":"2025-12-12T18:50:33","slug":"isdin-isdinceutics-age-reverse-nuit-50-ml-3","status":"publish","type":"product","link":"https:\/\/paracherkaoui.ma\/index.php\/produit\/isdin-isdinceutics-age-reverse-nuit-50-ml-3\/","title":{"rendered":"ISDIN ISDINCEUTICS AGE REVERSE NUIT 50 ML"},"content":{"rendered":"<p>Description:<br \/>\nIsdinceutics Cr\u00e8me AGE Reverse Nuit Isdin\u00a0est une cr\u00e8me visage de nuit formul\u00e9e avec de la\u00a0M\u00e9latonine\u00a0qui\u00a0stimule les d\u00e9fenses antioxydantes\u00a0pour combattre les agressions re\u00e7ues pendant la journ\u00e9e, avec de la\u00a0Carnosine, qui retarde le processus de formation des produits finaux de glycation avanc\u00e9e (AGE), qui peuvent aggraver la fonctionnalit\u00e9 du collag\u00e8ne et de l&rsquo;\u00e9lastine et\u00a0Helichrysum Italicum\u00a0qui stimule la lib\u00e9ration de mol\u00e9cules apaisantes, augmentant la sensation de bien-\u00eatre.<br \/>\nConseils d&rsquo;utilisation:<br \/>\nAppliquer chaque\u00a0soir<\/p>\n","protected":false},"excerpt":{"rendered":"<p>Description: Isdinceutics Cr\u00e8me AGE Reverse Nuit Isdin\u00a0est une cr\u00e8me visage de nuit formul\u00e9e avec de la\u00a0M\u00e9latonine\u00a0qui\u00a0stimule les d\u00e9fenses antioxydantes\u00a0pour combattre<\/p>\n","protected":false},"featured_media":13582,"comment_status":"open","ping_status":"closed","template":"","meta":[],"product_brand":[135],"product_cat":[140],"product_tag":[],"class_list":{"0":"post-58011","1":"product","2":"type-product","3":"status-publish","4":"has-post-thumbnail","6":"product_brand-isdin","7":"product_cat-anti-age","9":"first","10":"instock","11":"sale","12":"shipping-taxable","13":"purchasable","14":"product-type-simple"},"yoast_head":"<!-- This site is optimized with the Yoast SEO plugin v26.6 - https:\/\/yoast.com\/wordpress\/plugins\/seo\/ -->\r\n<title>ISDIN ISDINCEUTICS AGE REVERSE NUIT 50 ML - Paracherkaoui.ma<\/title>\r\n<meta name=\"robots\" content=\"index, follow, max-snippet:-1, max-image-preview:large, max-video-preview:-1\" \/>\r\n<link rel=\"canonical\" href=\"https:\/\/paracherkaoui.ma\/index.php\/produit\/isdin-isdinceutics-age-reverse-nuit-50-ml-3\/\" \/>\r\n<meta property=\"og:locale\" content=\"fr_FR\" \/>\r\n<meta property=\"og:type\" content=\"article\" \/>\r\n<meta property=\"og:title\" content=\"ISDIN ISDINCEUTICS AGE REVERSE NUIT 50 ML - Paracherkaoui.ma\" \/>\r\n<meta property=\"og:description\" content=\"Description: Isdinceutics Cr\u00e8me AGE Reverse Nuit Isdin\u00a0est une cr\u00e8me visage de nuit formul\u00e9e avec de la\u00a0M\u00e9latonine\u00a0qui\u00a0stimule les d\u00e9fenses antioxydantes\u00a0pour combattre\" \/>\r\n<meta property=\"og:url\" content=\"https:\/\/paracherkaoui.ma\/index.php\/produit\/isdin-isdinceutics-age-reverse-nuit-50-ml-3\/\" \/>\r\n<meta property=\"og:site_name\" content=\"Paracherkaoui.ma\" \/>\r\n<meta property=\"article:modified_time\" content=\"2025-12-12T18:50:33+00:00\" \/>\r\n<meta property=\"og:image\" content=\"https:\/\/paracherkaoui.ma\/wp-content\/uploads\/2025\/12\/isdin-isdin-isdinceutics-age-reverse-nuit-50-ml-premieres-rides.jpg\" \/>\r\n\t<meta property=\"og:image:width\" content=\"700\" \/>\r\n\t<meta property=\"og:image:height\" content=\"700\" \/>\r\n\t<meta property=\"og:image:type\" content=\"image\/jpeg\" \/>\r\n<meta name=\"twitter:card\" content=\"summary_large_image\" \/>\r\n<script type=\"application\/ld+json\" class=\"yoast-schema-graph\">{\"@context\":\"https:\/\/schema.org\",\"@graph\":[{\"@type\":\"WebPage\",\"@id\":\"https:\/\/paracherkaoui.ma\/index.php\/produit\/isdin-isdinceutics-age-reverse-nuit-50-ml-3\/\",\"url\":\"https:\/\/paracherkaoui.ma\/index.php\/produit\/isdin-isdinceutics-age-reverse-nuit-50-ml-3\/\",\"name\":\"ISDIN ISDINCEUTICS AGE REVERSE NUIT 50 ML - Paracherkaoui.ma\",\"isPartOf\":{\"@id\":\"https:\/\/paracherkaoui.ma\/#website\"},\"primaryImageOfPage\":{\"@id\":\"https:\/\/paracherkaoui.ma\/index.php\/produit\/isdin-isdinceutics-age-reverse-nuit-50-ml-3\/#primaryimage\"},\"image\":{\"@id\":\"https:\/\/paracherkaoui.ma\/index.php\/produit\/isdin-isdinceutics-age-reverse-nuit-50-ml-3\/#primaryimage\"},\"thumbnailUrl\":\"https:\/\/paracherkaoui.ma\/wp-content\/uploads\/2025\/12\/isdin-isdin-isdinceutics-age-reverse-nuit-50-ml-premieres-rides.jpg\",\"datePublished\":\"2025-12-12T18:50:29+00:00\",\"dateModified\":\"2025-12-12T18:50:33+00:00\",\"breadcrumb\":{\"@id\":\"https:\/\/paracherkaoui.ma\/index.php\/produit\/isdin-isdinceutics-age-reverse-nuit-50-ml-3\/#breadcrumb\"},\"inLanguage\":\"fr-FR\",\"potentialAction\":[{\"@type\":\"ReadAction\",\"target\":[\"https:\/\/paracherkaoui.ma\/index.php\/produit\/isdin-isdinceutics-age-reverse-nuit-50-ml-3\/\"]}]},{\"@type\":\"ImageObject\",\"inLanguage\":\"fr-FR\",\"@id\":\"https:\/\/paracherkaoui.ma\/index.php\/produit\/isdin-isdinceutics-age-reverse-nuit-50-ml-3\/#primaryimage\",\"url\":\"https:\/\/paracherkaoui.ma\/wp-content\/uploads\/2025\/12\/isdin-isdin-isdinceutics-age-reverse-nuit-50-ml-premieres-rides.jpg\",\"contentUrl\":\"https:\/\/paracherkaoui.ma\/wp-content\/uploads\/2025\/12\/isdin-isdin-isdinceutics-age-reverse-nuit-50-ml-premieres-rides.jpg\",\"width\":700,\"height\":700},{\"@type\":\"BreadcrumbList\",\"@id\":\"https:\/\/paracherkaoui.ma\/index.php\/produit\/isdin-isdinceutics-age-reverse-nuit-50-ml-3\/#breadcrumb\",\"itemListElement\":[{\"@type\":\"ListItem\",\"position\":1,\"name\":\"Accueil\",\"item\":\"https:\/\/paracherkaoui.ma\/\"},{\"@type\":\"ListItem\",\"position\":2,\"name\":\"Boutique\",\"item\":\"https:\/\/paracherkaoui.ma\/index.php\/boutique\/\"},{\"@type\":\"ListItem\",\"position\":3,\"name\":\"ISDIN ISDINCEUTICS AGE REVERSE NUIT 50 ML\"}]},{\"@type\":\"WebSite\",\"@id\":\"https:\/\/paracherkaoui.ma\/#website\",\"url\":\"https:\/\/paracherkaoui.ma\/\",\"name\":\"Paracherkaoui.ma\",\"description\":\"Achetez en ligne sur Paracherkaoui.ma\",\"potentialAction\":[{\"@type\":\"SearchAction\",\"target\":{\"@type\":\"EntryPoint\",\"urlTemplate\":\"https:\/\/paracherkaoui.ma\/?s={search_term_string}\"},\"query-input\":{\"@type\":\"PropertyValueSpecification\",\"valueRequired\":true,\"valueName\":\"search_term_string\"}}],\"inLanguage\":\"fr-FR\"}]}<\/script>\r\n<!-- \/ Yoast SEO plugin. -->","yoast_head_json":{"title":"ISDIN ISDINCEUTICS AGE REVERSE NUIT 50 ML - Paracherkaoui.ma","robots":{"index":"index","follow":"follow","max-snippet":"max-snippet:-1","max-image-preview":"max-image-preview:large","max-video-preview":"max-video-preview:-1"},"canonical":"https:\/\/paracherkaoui.ma\/index.php\/produit\/isdin-isdinceutics-age-reverse-nuit-50-ml-3\/","og_locale":"fr_FR","og_type":"article","og_title":"ISDIN ISDINCEUTICS AGE REVERSE NUIT 50 ML - Paracherkaoui.ma","og_description":"Description: Isdinceutics Cr\u00e8me AGE Reverse Nuit Isdin\u00a0est une cr\u00e8me visage de nuit formul\u00e9e avec de la\u00a0M\u00e9latonine\u00a0qui\u00a0stimule les d\u00e9fenses antioxydantes\u00a0pour combattre","og_url":"https:\/\/paracherkaoui.ma\/index.php\/produit\/isdin-isdinceutics-age-reverse-nuit-50-ml-3\/","og_site_name":"Paracherkaoui.ma","article_modified_time":"2025-12-12T18:50:33+00:00","og_image":[{"width":700,"height":700,"url":"https:\/\/paracherkaoui.ma\/wp-content\/uploads\/2025\/12\/isdin-isdin-isdinceutics-age-reverse-nuit-50-ml-premieres-rides.jpg","type":"image\/jpeg"}],"twitter_card":"summary_large_image","schema":{"@context":"https:\/\/schema.org","@graph":[{"@type":"WebPage","@id":"https:\/\/paracherkaoui.ma\/index.php\/produit\/isdin-isdinceutics-age-reverse-nuit-50-ml-3\/","url":"https:\/\/paracherkaoui.ma\/index.php\/produit\/isdin-isdinceutics-age-reverse-nuit-50-ml-3\/","name":"ISDIN ISDINCEUTICS AGE REVERSE NUIT 50 ML - Paracherkaoui.ma","isPartOf":{"@id":"https:\/\/paracherkaoui.ma\/#website"},"primaryImageOfPage":{"@id":"https:\/\/paracherkaoui.ma\/index.php\/produit\/isdin-isdinceutics-age-reverse-nuit-50-ml-3\/#primaryimage"},"image":{"@id":"https:\/\/paracherkaoui.ma\/index.php\/produit\/isdin-isdinceutics-age-reverse-nuit-50-ml-3\/#primaryimage"},"thumbnailUrl":"https:\/\/paracherkaoui.ma\/wp-content\/uploads\/2025\/12\/isdin-isdin-isdinceutics-age-reverse-nuit-50-ml-premieres-rides.jpg","datePublished":"2025-12-12T18:50:29+00:00","dateModified":"2025-12-12T18:50:33+00:00","breadcrumb":{"@id":"https:\/\/paracherkaoui.ma\/index.php\/produit\/isdin-isdinceutics-age-reverse-nuit-50-ml-3\/#breadcrumb"},"inLanguage":"fr-FR","potentialAction":[{"@type":"ReadAction","target":["https:\/\/paracherkaoui.ma\/index.php\/produit\/isdin-isdinceutics-age-reverse-nuit-50-ml-3\/"]}]},{"@type":"ImageObject","inLanguage":"fr-FR","@id":"https:\/\/paracherkaoui.ma\/index.php\/produit\/isdin-isdinceutics-age-reverse-nuit-50-ml-3\/#primaryimage","url":"https:\/\/paracherkaoui.ma\/wp-content\/uploads\/2025\/12\/isdin-isdin-isdinceutics-age-reverse-nuit-50-ml-premieres-rides.jpg","contentUrl":"https:\/\/paracherkaoui.ma\/wp-content\/uploads\/2025\/12\/isdin-isdin-isdinceutics-age-reverse-nuit-50-ml-premieres-rides.jpg","width":700,"height":700},{"@type":"BreadcrumbList","@id":"https:\/\/paracherkaoui.ma\/index.php\/produit\/isdin-isdinceutics-age-reverse-nuit-50-ml-3\/#breadcrumb","itemListElement":[{"@type":"ListItem","position":1,"name":"Accueil","item":"https:\/\/paracherkaoui.ma\/"},{"@type":"ListItem","position":2,"name":"Boutique","item":"https:\/\/paracherkaoui.ma\/index.php\/boutique\/"},{"@type":"ListItem","position":3,"name":"ISDIN ISDINCEUTICS AGE REVERSE NUIT 50 ML"}]},{"@type":"WebSite","@id":"https:\/\/paracherkaoui.ma\/#website","url":"https:\/\/paracherkaoui.ma\/","name":"Paracherkaoui.ma","description":"Achetez en ligne sur Paracherkaoui.ma","potentialAction":[{"@type":"SearchAction","target":{"@type":"EntryPoint","urlTemplate":"https:\/\/paracherkaoui.ma\/?s={search_term_string}"},"query-input":{"@type":"PropertyValueSpecification","valueRequired":true,"valueName":"search_term_string"}}],"inLanguage":"fr-FR"}]}},"_links":{"self":[{"href":"https:\/\/paracherkaoui.ma\/index.php\/wp-json\/wp\/v2\/product\/58011","targetHints":{"allow":["GET"]}}],"collection":[{"href":"https:\/\/paracherkaoui.ma\/index.php\/wp-json\/wp\/v2\/product"}],"about":[{"href":"https:\/\/paracherkaoui.ma\/index.php\/wp-json\/wp\/v2\/types\/product"}],"replies":[{"embeddable":true,"href":"https:\/\/paracherkaoui.ma\/index.php\/wp-json\/wp\/v2\/comments?post=58011"}],"version-history":[{"count":1,"href":"https:\/\/paracherkaoui.ma\/index.php\/wp-json\/wp\/v2\/product\/58011\/revisions"}],"predecessor-version":[{"id":58041,"href":"https:\/\/paracherkaoui.ma\/index.php\/wp-json\/wp\/v2\/product\/58011\/revisions\/58041"}],"wp:featuredmedia":[{"embeddable":true,"href":"https:\/\/paracherkaoui.ma\/index.php\/wp-json\/wp\/v2\/media\/13582"}],"wp:attachment":[{"href":"https:\/\/paracherkaoui.ma\/index.php\/wp-json\/wp\/v2\/media?parent=58011"}],"wp:term":[{"taxonomy":"product_brand","embeddable":true,"href":"https:\/\/paracherkaoui.ma\/index.php\/wp-json\/wp\/v2\/product_brand?post=58011"},{"taxonomy":"product_cat","embeddable":true,"href":"https:\/\/paracherkaoui.ma\/index.php\/wp-json\/wp\/v2\/product_cat?post=58011"},{"taxonomy":"product_tag","embeddable":true,"href":"https:\/\/paracherkaoui.ma\/index.php\/wp-json\/wp\/v2\/product_tag?post=58011"}],"curies":[{"name":"wp","href":"https:\/\/api.w.org\/{rel}","templated":true}]}}