{"id":58008,"date":"2025-12-12T19:50:29","date_gmt":"2025-12-12T18:50:29","guid":{"rendered":"https:\/\/test.ecbeaute.com\/?post_type=product&#038;p=58008"},"modified":"2025-12-12T19:50:32","modified_gmt":"2025-12-12T18:50:32","slug":"acm-duolys-legere-soin-hydratant-anti-age-40-ml-4","status":"publish","type":"product","link":"https:\/\/paracherkaoui.ma\/index.php\/produit\/acm-duolys-legere-soin-hydratant-anti-age-40-ml-4\/","title":{"rendered":"ACM DUOLYS LEGERE SOIN HYDRATANT ANTI AGE 40 ML"},"content":{"rendered":"<p>Description:<br \/>\nACM Duolys L\u00e9g\u00e8re Soin Hydratant Anti-\u00e2ge 40ml ,CE SOIN LUTTE CONTRE LE VIEILLISSEMENT CUTAN\u00c9 EN RENFORCANT L\u2019HYDRATATION DES PEAUX NORMALES \u00c0 MIXTES.\u00a0Contrairement \u00e0 ce que l\u2019on pense parfois, les peaux mixtes \u00e0 grasses sont souvent en manque d\u2019hydratation. Mais il leur faut pour se r\u00e9hydrater une texture l\u00e9g\u00e8re qui ne les alourdisse pas. Gr\u00e2ce \u00e0 Duolys l\u00e9g\u00e8re les peaux mixtes \u00e0 grasses peuvent retrouver leur taux d\u2019hydratation id\u00e9ale. Ce qui les rend plus fermes, plus lumineuses et plus douces.\u00a0Il s\u2019agit d\u2019une \u00e9mulsion \u00e0 cristaux liquides qui favorise une meilleure p\u00e9n\u00e9tration des actifs hydratants.<\/p>\n<p>Conseils d&rsquo;utilisation\u00a0:<\/p>\n<p>Appliquer matin et \/ ou soir sur une peau propre et s\u00e8che sur l\u2019ensemble du visage et du cou. Peut-\u00eatre utilis\u00e9 apr\u00e8s l\u2019application du S\u00e9rum Intensif anti-oxydant Duolys C.E ou le S\u00e9rum Intensif anti-\u00e2ge Duolys Hyal pour optimiser l\u2019efficacit\u00e9 anti-\u00e2ge.<\/p>\n","protected":false},"excerpt":{"rendered":"<p>Description: ACM Duolys L\u00e9g\u00e8re Soin Hydratant Anti-\u00e2ge 40ml ,CE SOIN LUTTE CONTRE LE VIEILLISSEMENT CUTAN\u00c9 EN RENFORCANT L\u2019HYDRATATION DES PEAUX<\/p>\n","protected":false},"featured_media":13592,"comment_status":"open","ping_status":"closed","template":"","meta":[],"product_brand":[142],"product_cat":[140],"product_tag":[],"class_list":{"0":"post-58008","1":"product","2":"type-product","3":"status-publish","4":"has-post-thumbnail","6":"product_brand-acm","7":"product_cat-anti-age","9":"first","10":"instock","11":"sale","12":"shipping-taxable","13":"purchasable","14":"product-type-simple"},"yoast_head":"<!-- This site is optimized with the Yoast SEO plugin v26.6 - https:\/\/yoast.com\/wordpress\/plugins\/seo\/ -->\r\n<title>ACM DUOLYS LEGERE SOIN HYDRATANT ANTI AGE 40 ML - Paracherkaoui.ma<\/title>\r\n<meta name=\"robots\" content=\"index, follow, max-snippet:-1, max-image-preview:large, max-video-preview:-1\" \/>\r\n<link rel=\"canonical\" href=\"https:\/\/paracherkaoui.ma\/index.php\/produit\/acm-duolys-legere-soin-hydratant-anti-age-40-ml-4\/\" \/>\r\n<meta property=\"og:locale\" content=\"fr_FR\" \/>\r\n<meta property=\"og:type\" content=\"article\" \/>\r\n<meta property=\"og:title\" content=\"ACM DUOLYS LEGERE SOIN HYDRATANT ANTI AGE 40 ML - Paracherkaoui.ma\" \/>\r\n<meta property=\"og:description\" content=\"Description: ACM Duolys L\u00e9g\u00e8re Soin Hydratant Anti-\u00e2ge 40ml ,CE SOIN LUTTE CONTRE LE VIEILLISSEMENT CUTAN\u00c9 EN RENFORCANT L\u2019HYDRATATION DES PEAUX\" \/>\r\n<meta property=\"og:url\" content=\"https:\/\/paracherkaoui.ma\/index.php\/produit\/acm-duolys-legere-soin-hydratant-anti-age-40-ml-4\/\" \/>\r\n<meta property=\"og:site_name\" content=\"Paracherkaoui.ma\" \/>\r\n<meta property=\"article:modified_time\" content=\"2025-12-12T18:50:32+00:00\" \/>\r\n<meta property=\"og:image\" content=\"https:\/\/paracherkaoui.ma\/wp-content\/uploads\/2025\/12\/acm-acm-duolys-legere-soin-hydratant-anti-age-40-ml-peaux-matures.jpg\" \/>\r\n\t<meta property=\"og:image:width\" content=\"700\" \/>\r\n\t<meta property=\"og:image:height\" content=\"700\" \/>\r\n\t<meta property=\"og:image:type\" content=\"image\/jpeg\" \/>\r\n<meta name=\"twitter:card\" content=\"summary_large_image\" \/>\r\n<meta name=\"twitter:label1\" content=\"Dur\u00e9e de lecture estim\u00e9e\" \/>\n\t<meta name=\"twitter:data1\" content=\"1 minute\" \/>\r\n<script type=\"application\/ld+json\" class=\"yoast-schema-graph\">{\"@context\":\"https:\/\/schema.org\",\"@graph\":[{\"@type\":\"WebPage\",\"@id\":\"https:\/\/paracherkaoui.ma\/index.php\/produit\/acm-duolys-legere-soin-hydratant-anti-age-40-ml-4\/\",\"url\":\"https:\/\/paracherkaoui.ma\/index.php\/produit\/acm-duolys-legere-soin-hydratant-anti-age-40-ml-4\/\",\"name\":\"ACM DUOLYS LEGERE SOIN HYDRATANT ANTI AGE 40 ML - Paracherkaoui.ma\",\"isPartOf\":{\"@id\":\"https:\/\/paracherkaoui.ma\/#website\"},\"primaryImageOfPage\":{\"@id\":\"https:\/\/paracherkaoui.ma\/index.php\/produit\/acm-duolys-legere-soin-hydratant-anti-age-40-ml-4\/#primaryimage\"},\"image\":{\"@id\":\"https:\/\/paracherkaoui.ma\/index.php\/produit\/acm-duolys-legere-soin-hydratant-anti-age-40-ml-4\/#primaryimage\"},\"thumbnailUrl\":\"https:\/\/paracherkaoui.ma\/wp-content\/uploads\/2025\/12\/acm-acm-duolys-legere-soin-hydratant-anti-age-40-ml-peaux-matures.jpg\",\"datePublished\":\"2025-12-12T18:50:29+00:00\",\"dateModified\":\"2025-12-12T18:50:32+00:00\",\"breadcrumb\":{\"@id\":\"https:\/\/paracherkaoui.ma\/index.php\/produit\/acm-duolys-legere-soin-hydratant-anti-age-40-ml-4\/#breadcrumb\"},\"inLanguage\":\"fr-FR\",\"potentialAction\":[{\"@type\":\"ReadAction\",\"target\":[\"https:\/\/paracherkaoui.ma\/index.php\/produit\/acm-duolys-legere-soin-hydratant-anti-age-40-ml-4\/\"]}]},{\"@type\":\"ImageObject\",\"inLanguage\":\"fr-FR\",\"@id\":\"https:\/\/paracherkaoui.ma\/index.php\/produit\/acm-duolys-legere-soin-hydratant-anti-age-40-ml-4\/#primaryimage\",\"url\":\"https:\/\/paracherkaoui.ma\/wp-content\/uploads\/2025\/12\/acm-acm-duolys-legere-soin-hydratant-anti-age-40-ml-peaux-matures.jpg\",\"contentUrl\":\"https:\/\/paracherkaoui.ma\/wp-content\/uploads\/2025\/12\/acm-acm-duolys-legere-soin-hydratant-anti-age-40-ml-peaux-matures.jpg\",\"width\":700,\"height\":700},{\"@type\":\"BreadcrumbList\",\"@id\":\"https:\/\/paracherkaoui.ma\/index.php\/produit\/acm-duolys-legere-soin-hydratant-anti-age-40-ml-4\/#breadcrumb\",\"itemListElement\":[{\"@type\":\"ListItem\",\"position\":1,\"name\":\"Accueil\",\"item\":\"https:\/\/paracherkaoui.ma\/\"},{\"@type\":\"ListItem\",\"position\":2,\"name\":\"Boutique\",\"item\":\"https:\/\/paracherkaoui.ma\/index.php\/boutique\/\"},{\"@type\":\"ListItem\",\"position\":3,\"name\":\"ACM DUOLYS LEGERE SOIN HYDRATANT ANTI AGE 40 ML\"}]},{\"@type\":\"WebSite\",\"@id\":\"https:\/\/paracherkaoui.ma\/#website\",\"url\":\"https:\/\/paracherkaoui.ma\/\",\"name\":\"Paracherkaoui.ma\",\"description\":\"Achetez en ligne sur Paracherkaoui.ma\",\"potentialAction\":[{\"@type\":\"SearchAction\",\"target\":{\"@type\":\"EntryPoint\",\"urlTemplate\":\"https:\/\/paracherkaoui.ma\/?s={search_term_string}\"},\"query-input\":{\"@type\":\"PropertyValueSpecification\",\"valueRequired\":true,\"valueName\":\"search_term_string\"}}],\"inLanguage\":\"fr-FR\"}]}<\/script>\r\n<!-- \/ Yoast SEO plugin. -->","yoast_head_json":{"title":"ACM DUOLYS LEGERE SOIN HYDRATANT ANTI AGE 40 ML - Paracherkaoui.ma","robots":{"index":"index","follow":"follow","max-snippet":"max-snippet:-1","max-image-preview":"max-image-preview:large","max-video-preview":"max-video-preview:-1"},"canonical":"https:\/\/paracherkaoui.ma\/index.php\/produit\/acm-duolys-legere-soin-hydratant-anti-age-40-ml-4\/","og_locale":"fr_FR","og_type":"article","og_title":"ACM DUOLYS LEGERE SOIN HYDRATANT ANTI AGE 40 ML - Paracherkaoui.ma","og_description":"Description: ACM Duolys L\u00e9g\u00e8re Soin Hydratant Anti-\u00e2ge 40ml ,CE SOIN LUTTE CONTRE LE VIEILLISSEMENT CUTAN\u00c9 EN RENFORCANT L\u2019HYDRATATION DES PEAUX","og_url":"https:\/\/paracherkaoui.ma\/index.php\/produit\/acm-duolys-legere-soin-hydratant-anti-age-40-ml-4\/","og_site_name":"Paracherkaoui.ma","article_modified_time":"2025-12-12T18:50:32+00:00","og_image":[{"width":700,"height":700,"url":"https:\/\/paracherkaoui.ma\/wp-content\/uploads\/2025\/12\/acm-acm-duolys-legere-soin-hydratant-anti-age-40-ml-peaux-matures.jpg","type":"image\/jpeg"}],"twitter_card":"summary_large_image","twitter_misc":{"Dur\u00e9e de lecture estim\u00e9e":"1 minute"},"schema":{"@context":"https:\/\/schema.org","@graph":[{"@type":"WebPage","@id":"https:\/\/paracherkaoui.ma\/index.php\/produit\/acm-duolys-legere-soin-hydratant-anti-age-40-ml-4\/","url":"https:\/\/paracherkaoui.ma\/index.php\/produit\/acm-duolys-legere-soin-hydratant-anti-age-40-ml-4\/","name":"ACM DUOLYS LEGERE SOIN HYDRATANT ANTI AGE 40 ML - Paracherkaoui.ma","isPartOf":{"@id":"https:\/\/paracherkaoui.ma\/#website"},"primaryImageOfPage":{"@id":"https:\/\/paracherkaoui.ma\/index.php\/produit\/acm-duolys-legere-soin-hydratant-anti-age-40-ml-4\/#primaryimage"},"image":{"@id":"https:\/\/paracherkaoui.ma\/index.php\/produit\/acm-duolys-legere-soin-hydratant-anti-age-40-ml-4\/#primaryimage"},"thumbnailUrl":"https:\/\/paracherkaoui.ma\/wp-content\/uploads\/2025\/12\/acm-acm-duolys-legere-soin-hydratant-anti-age-40-ml-peaux-matures.jpg","datePublished":"2025-12-12T18:50:29+00:00","dateModified":"2025-12-12T18:50:32+00:00","breadcrumb":{"@id":"https:\/\/paracherkaoui.ma\/index.php\/produit\/acm-duolys-legere-soin-hydratant-anti-age-40-ml-4\/#breadcrumb"},"inLanguage":"fr-FR","potentialAction":[{"@type":"ReadAction","target":["https:\/\/paracherkaoui.ma\/index.php\/produit\/acm-duolys-legere-soin-hydratant-anti-age-40-ml-4\/"]}]},{"@type":"ImageObject","inLanguage":"fr-FR","@id":"https:\/\/paracherkaoui.ma\/index.php\/produit\/acm-duolys-legere-soin-hydratant-anti-age-40-ml-4\/#primaryimage","url":"https:\/\/paracherkaoui.ma\/wp-content\/uploads\/2025\/12\/acm-acm-duolys-legere-soin-hydratant-anti-age-40-ml-peaux-matures.jpg","contentUrl":"https:\/\/paracherkaoui.ma\/wp-content\/uploads\/2025\/12\/acm-acm-duolys-legere-soin-hydratant-anti-age-40-ml-peaux-matures.jpg","width":700,"height":700},{"@type":"BreadcrumbList","@id":"https:\/\/paracherkaoui.ma\/index.php\/produit\/acm-duolys-legere-soin-hydratant-anti-age-40-ml-4\/#breadcrumb","itemListElement":[{"@type":"ListItem","position":1,"name":"Accueil","item":"https:\/\/paracherkaoui.ma\/"},{"@type":"ListItem","position":2,"name":"Boutique","item":"https:\/\/paracherkaoui.ma\/index.php\/boutique\/"},{"@type":"ListItem","position":3,"name":"ACM DUOLYS LEGERE SOIN HYDRATANT ANTI AGE 40 ML"}]},{"@type":"WebSite","@id":"https:\/\/paracherkaoui.ma\/#website","url":"https:\/\/paracherkaoui.ma\/","name":"Paracherkaoui.ma","description":"Achetez en ligne sur Paracherkaoui.ma","potentialAction":[{"@type":"SearchAction","target":{"@type":"EntryPoint","urlTemplate":"https:\/\/paracherkaoui.ma\/?s={search_term_string}"},"query-input":{"@type":"PropertyValueSpecification","valueRequired":true,"valueName":"search_term_string"}}],"inLanguage":"fr-FR"}]}},"_links":{"self":[{"href":"https:\/\/paracherkaoui.ma\/index.php\/wp-json\/wp\/v2\/product\/58008","targetHints":{"allow":["GET"]}}],"collection":[{"href":"https:\/\/paracherkaoui.ma\/index.php\/wp-json\/wp\/v2\/product"}],"about":[{"href":"https:\/\/paracherkaoui.ma\/index.php\/wp-json\/wp\/v2\/types\/product"}],"replies":[{"embeddable":true,"href":"https:\/\/paracherkaoui.ma\/index.php\/wp-json\/wp\/v2\/comments?post=58008"}],"version-history":[{"count":1,"href":"https:\/\/paracherkaoui.ma\/index.php\/wp-json\/wp\/v2\/product\/58008\/revisions"}],"predecessor-version":[{"id":58038,"href":"https:\/\/paracherkaoui.ma\/index.php\/wp-json\/wp\/v2\/product\/58008\/revisions\/58038"}],"wp:featuredmedia":[{"embeddable":true,"href":"https:\/\/paracherkaoui.ma\/index.php\/wp-json\/wp\/v2\/media\/13592"}],"wp:attachment":[{"href":"https:\/\/paracherkaoui.ma\/index.php\/wp-json\/wp\/v2\/media?parent=58008"}],"wp:term":[{"taxonomy":"product_brand","embeddable":true,"href":"https:\/\/paracherkaoui.ma\/index.php\/wp-json\/wp\/v2\/product_brand?post=58008"},{"taxonomy":"product_cat","embeddable":true,"href":"https:\/\/paracherkaoui.ma\/index.php\/wp-json\/wp\/v2\/product_cat?post=58008"},{"taxonomy":"product_tag","embeddable":true,"href":"https:\/\/paracherkaoui.ma\/index.php\/wp-json\/wp\/v2\/product_tag?post=58008"}],"curies":[{"name":"wp","href":"https:\/\/api.w.org\/{rel}","templated":true}]}}