{"id":57968,"date":"2025-12-12T19:50:24","date_gmt":"2025-12-12T18:50:24","guid":{"rendered":"https:\/\/test.ecbeaute.com\/?post_type=product&#038;p=57968"},"modified":"2025-12-12T19:50:27","modified_gmt":"2025-12-12T18:50:27","slug":"vichy-capital-soleil-uv-age-daily-spf-50-fluide-anti-photovieillissement-40-ml-3","status":"publish","type":"product","link":"https:\/\/paracherkaoui.ma\/index.php\/produit\/vichy-capital-soleil-uv-age-daily-spf-50-fluide-anti-photovieillissement-40-ml-3\/","title":{"rendered":"VICHY CAPITAL SOLEIL UV AGE DAILY SPF 50 FLUIDE ANTI PHOTOVIEILLISSEMENT 40 ML"},"content":{"rendered":"<p>.elementor-231 .elementor-element.elementor-element-12010c47 .elementor-tab-title, .elementor-231 .elementor-element.elementor-element-12010c47 .elementor-tab-title:before, .elementor-231 .elementor-element.elementor-element-12010c47 .elementor-tab-title:after, .elementor-231 .elementor-element.elementor-element-12010c47 .elementor-tab-content, .elementor-231 .elementor-element.elementor-element-12010c47 .elementor-tabs-content-wrapper{border-width:0.5px;}.elementor-231 .elementor-element.elementor-element-12010c47 .elementor-tab-title{color:#000000;}.elementor-231 .elementor-element.elementor-element-12010c47 .elementor-tab-title.elementor-active{color:#00a28d;}.elementor-231 .elementor-element.elementor-element-12010c47 .elementor-tab-content{color:#000000;}.elementor-231 .elementor-element.elementor-element-27a2a2fb .axps-swiper-slider .swiper-slide img{width:auto;}.elementor-231 .elementor-element.elementor-element-27a2a2fb .wrapper-items:not(.swiper-container-initialized) .item{-ms-flex:0 0 calc(100%\/2);flex:0 0 calc(100%\/2);max-width:calc(100%\/2);}.elementor-231 .elementor-element.elementor-element-27a2a2fb .wrapper-items .swiper-slide{padding-left:calc(30px\/2);padding-right:calc(30px\/2);}.elementor-231 .elementor-element.elementor-element-27a2a2fb .wrapper-items .swiper-slide .item-inner{margin-bottom:30px;}.elementor-231 .elementor-element.elementor-element-27a2a2fb .wrapper-items{margin-left:calc(-30px\/2);margin-right:calc(-30px\/2);}.elementor-231 .elementor-element.elementor-element-27a2a2fb .swiper-wrapper .item-inner{text-align:center;}.elementor-231 .elementor-element.elementor-element-236ced82{margin-top:-16px;margin-bottom:0px;}.elementor-231 .elementor-element.elementor-element-1ad3ae26 > .elementor-widget-container{margin:-46px 0px 0px 0px;}.elementor-231 .elementor-element.elementor-element-0a4a9c9 > .elementor-widget-container{margin:-46px 0px 0px 0px;}.elementor-231 .elementor-element.elementor-element-75cce56 > .elementor-widget-container{margin:-46px 0px 0px 0px;}.elementor-231 .elementor-element.elementor-element-634e394a > .elementor-widget-container{margin:-46px 0px 0px 0px;}.elementor-231 .elementor-element.elementor-element-4ffa9004{margin-top:-16px;margin-bottom:0px;}.elementor-231 .elementor-element.elementor-element-1738b5d2 > .elementor-widget-container{margin:-46px 0px 0px 0px;}.elementor-231 .elementor-element.elementor-element-79bba4d1 > .elementor-widget-container{margin:-46px 0px 0px 0px;}.elementor-231 .elementor-element.elementor-element-3597c96b > .elementor-widget-container{margin:-46px 0px 0px 0px;}.elementor-231 .elementor-element.elementor-element-49d28c1a > .elementor-widget-container{margin:-46px 0px 0px 0px;}@media(max-width:1024px){.elementor-231 .elementor-element.elementor-element-27a2a2fb .wrapper-items:not(.swiper-container-initialized) .item{-ms-flex:0 0 calc(100%\/4);flex:0 0 calc(100%\/4);max-width:calc(100%\/4);}.elementor-231 .elementor-element.elementor-element-27a2a2fb .wrapper-items .swiper-slide{padding-left:calc(20px\/2);padding-right:calc(20px\/2);}.elementor-231 .elementor-element.elementor-element-27a2a2fb .wrapper-items .swiper-slide .item-inner{margin-bottom:20px;}.elementor-231 .elementor-element.elementor-element-27a2a2fb .wrapper-items{margin-left:calc(-20px\/2);margin-right:calc(-20px\/2);}.elementor-231 .elementor-element.elementor-element-1ad3ae26 > .elementor-widget-container{margin:-33px 0px 0px 0px;}.elementor-231 .elementor-element.elementor-element-0a4a9c9 > .elementor-widget-container{margin:-33px 0px 0px 0px;}.elementor-231 .elementor-element.elementor-element-75cce56 > .elementor-widget-container{margin:-33px 0px 0px 0px;}.elementor-231 .elementor-element.elementor-element-634e394a > .elementor-widget-container{margin:-33px 0px 0px 0px;}.elementor-231 .elementor-element.elementor-element-1738b5d2 > .elementor-widget-container{margin:-33px 0px 0px 0px;}.elementor-231 .elementor-element.elementor-element-79bba4d1 > .elementor-widget-container{margin:-33px 0px 0px 0px;}.elementor-231 .elementor-element.elementor-element-3597c96b > .elementor-widget-container{margin:-33px 0px 0px 0px;}.elementor-231 .elementor-element.elementor-element-49d28c1a > .elementor-widget-container{margin:-33px 0px 0px 0px;}}@media(max-width:767px){.elementor-231 .elementor-element.elementor-element-27a2a2fb .wrapper-items:not(.swiper-container-initialized) .item{-ms-flex:0 0 calc(100%\/4);flex:0 0 calc(100%\/4);max-width:calc(100%\/4);}.elementor-231 .elementor-element.elementor-element-27a2a2fb .wrapper-items .swiper-slide{padding-left:calc(10px\/2);padding-right:calc(10px\/2);}.elementor-231 .elementor-element.elementor-element-27a2a2fb .wrapper-items .swiper-slide .item-inner{margin-bottom:10px;}.elementor-231 .elementor-element.elementor-element-27a2a2fb .wrapper-items{margin-left:calc(-10px\/2);margin-right:calc(-10px\/2);}.elementor-231 .elementor-element.elementor-element-59fa0e5b{width:50%;}.elementor-231 .elementor-element.elementor-element-1ad3ae26 > .elementor-widget-container{margin:-26px 0px 0px 0px;}.elementor-231 .elementor-element.elementor-element-3d17cfd{width:50%;}.elementor-231 .elementor-element.elementor-element-0a4a9c9 > .elementor-widget-container{margin:-26px 0px 0px 0px;}.elementor-231 .elementor-element.elementor-element-d59ea94{width:50%;}.elementor-231 .elementor-element.elementor-element-75cce56 > .elementor-widget-container{margin:-26px 0px 0px 0px;}.elementor-231 .elementor-element.elementor-element-9a3ebea{width:50%;}.elementor-231 .elementor-element.elementor-element-634e394a > .elementor-widget-container{margin:-26px 0px 0px 0px;}.elementor-231 .elementor-element.elementor-element-330dbb84{width:50%;}.elementor-231 .elementor-element.elementor-element-1738b5d2 > .elementor-widget-container{margin:-26px 0px 0px 0px;}.elementor-231 .elementor-element.elementor-element-750a3f99{width:50%;}.elementor-231 .elementor-element.elementor-element-79bba4d1 > .elementor-widget-container{margin:-26px 0px 0px 0px;}.elementor-231 .elementor-element.elementor-element-44608710{width:50%;}.elementor-231 .elementor-element.elementor-element-3597c96b > .elementor-widget-container{margin:-26px 0px 0px 0px;}.elementor-231 .elementor-element.elementor-element-60387c10{width:50%;}.elementor-231 .elementor-element.elementor-element-49d28c1a > .elementor-widget-container{margin:-26px 0px 0px 0px;}}<br \/>\nDescription<br \/>\nConseils d&rsquo;utilisation<br \/>\nComposition<br \/>\nDescription<br \/>\nGr\u00e2ce \u00e0 sa\u00a0technologie brevet\u00e9e Netlock, ce fluide forme un film homog\u00e8ne, ultra-r\u00e9sistant et invisible, qui garantit une tenue longue dur\u00e9e sans effet gras ni r\u00e9sidu blanc. Enrichi en\u00a0niacinamide (2 %),\u00a0peptides (4 %)\u00a0et\u00a0probiotiques issus de l\u2019eau volcanique de Vichy, il agit en profondeur pour att\u00e9nuer les taches pigmentaires, r\u00e9duire les rides, raffermir la peau et renforcer la barri\u00e8re cutan\u00e9e.<br \/>\nSa\u00a0texture ultra-l\u00e9g\u00e8re\u00a0procure un effet \u00ab\u00a0peau nue\u00a0\u00bb, parfait pour une utilisation quotidienne, m\u00eame sous le maquillage. Convient \u00e0\u00a0tous les types de peaux, m\u00eame sensibles, gr\u00e2ce \u00e0 sa formule\u00a0hypoallerg\u00e9nique, non com\u00e9dog\u00e8ne\u00a0et\u00a0test\u00e9e sous contr\u00f4le dermatologique et ophtalmologique.<br \/>\nCliniquement prouv\u00e9, ce soin solaire quotidien diminue les taches brunes jusqu\u2019\u00e0 -27 %*, redonne \u00e9clat et fermet\u00e9 \u00e0 la peau et repulpe visiblement le visage. Id\u00e9al pour compl\u00e9ter une routine anti-\u00e2ge et anti-taches,\u00a0UV Age Daily est bien plus qu\u2019un simple \u00e9cran solaire : c\u2019est un v\u00e9ritable soin protecteur et correcteur global.<br \/>\nConseils d&rsquo;utilisation<br \/>\nVersez\u00a05 \u00e0 6 pressions\u00a0du fluide dans la paume des mains.<br \/>\nAppliquez sur le\u00a0visage, le cou et le contour des yeux\u00a0en mouvements ascendants.<br \/>\nUtilisez\u00a0chaque matin, en\u00a0derni\u00e8re \u00e9tape de votre routine beaut\u00e9.<br \/>\nRenouvelez l\u2019application en cas d\u2019exposition prolong\u00e9e au soleil.<br \/>\nComposition<br \/>\nAQUA \/ WATER, ALCOHOL DENAT, DIISOPROPYL SEBACATE, SILICA, ISOPROPYL MYRISTATE, ETHYLHEXYL SALICYLATE, ETHYLHEXYL TRIAZONE, BIS-ETHYLHEXYLOXYPHENOL METHOXYPHENYL TRIAZINE, BUTYL METHOXYDIBENZOYLMETHANE, GLYCERIN, C12-22 ALKYL ACRYLATE\/HYDROXYETHYLACRYLATE COPOLYMER, PROPANEDIOL, NIACINAMIDE, DROMETRIZOLE TRISILOXANE, PERLITE, TOCOPHEROL, CAPRYLIC\/CAPRIC TRIGLYCERIDE, ACRYLATES\/C10-30 ALKYL ACRYLATE CROSSPOLYMER, CAPRYLYL GLYCOL, HYDROLYZED RICE PROTEIN, HYDROXYETHYLCELLULOSE, PENTYLENE GLYCOL, TEREPHTHALYLIDENE DICAMPHOR SULFONIC ACID, TRIETHANOLAMINE, TRISODIUM ETHYLENEDIAMINE DISUCCINATE, VITREOSCILLA FERMENT, PARFUM \/ FRAGRANCE<br \/>\nAjouter au Panier<br \/>\nAjouter au Panier<br \/>\nAjouter au Panier<br \/>\nAjouter au Panier<br \/>\nAjouter au Panier<br \/>\nAjouter au Panier<br \/>\nAjouter au Panier<br \/>\nAjouter au Panier<\/p>\n","protected":false},"excerpt":{"rendered":"<p>.elementor-231 .elementor-element.elementor-element-12010c47 .elementor-tab-title, .elementor-231 .elementor-element.elementor-element-12010c47 .elementor-tab-title:before, .elementor-231 .elementor-element.elementor-element-12010c47 .elementor-tab-title:after, .elementor-231 .elementor-element.elementor-element-12010c47 .elementor-tab-content, .elementor-231 .elementor-element.elementor-element-12010c47 .elementor-tabs-content-wrapper{border-width:0.5px;}.elementor-231 .elementor-element.elementor-element-12010c47 .elementor-tab-title{color:#000000;}.elementor-231 .elementor-element.elementor-element-12010c47 .elementor-tab-title.elementor-active{color:#00a28d;}.elementor-231 .elementor-element.elementor-element-12010c47<\/p>\n","protected":false},"featured_media":12909,"comment_status":"open","ping_status":"closed","template":"","meta":[],"product_brand":[139],"product_cat":[140],"product_tag":[],"class_list":{"0":"post-57968","1":"product","2":"type-product","3":"status-publish","4":"has-post-thumbnail","6":"product_brand-vichy","7":"product_cat-anti-age","9":"first","10":"instock","11":"sale","12":"shipping-taxable","13":"purchasable","14":"product-type-simple"},"yoast_head":"<!-- This site is optimized with the Yoast SEO plugin v26.6 - https:\/\/yoast.com\/wordpress\/plugins\/seo\/ -->\r\n<title>VICHY CAPITAL SOLEIL UV AGE DAILY SPF 50 FLUIDE ANTI PHOTOVIEILLISSEMENT 40 ML - Paracherkaoui.ma<\/title>\r\n<meta name=\"robots\" content=\"index, follow, max-snippet:-1, max-image-preview:large, max-video-preview:-1\" \/>\r\n<link rel=\"canonical\" href=\"https:\/\/paracherkaoui.ma\/index.php\/produit\/vichy-capital-soleil-uv-age-daily-spf-50-fluide-anti-photovieillissement-40-ml-3\/\" \/>\r\n<meta property=\"og:locale\" content=\"fr_FR\" \/>\r\n<meta property=\"og:type\" content=\"article\" \/>\r\n<meta property=\"og:title\" content=\"VICHY CAPITAL SOLEIL UV AGE DAILY SPF 50 FLUIDE ANTI PHOTOVIEILLISSEMENT 40 ML - Paracherkaoui.ma\" \/>\r\n<meta property=\"og:description\" content=\".elementor-231 .elementor-element.elementor-element-12010c47 .elementor-tab-title, .elementor-231 .elementor-element.elementor-element-12010c47 .elementor-tab-title:before, .elementor-231 .elementor-element.elementor-element-12010c47 .elementor-tab-title:after, .elementor-231 .elementor-element.elementor-element-12010c47 .elementor-tab-content, .elementor-231 .elementor-element.elementor-element-12010c47 .elementor-tabs-content-wrapper{border-width:0.5px;}.elementor-231 .elementor-element.elementor-element-12010c47 .elementor-tab-title{color:#000000;}.elementor-231 .elementor-element.elementor-element-12010c47 .elementor-tab-title.elementor-active{color:#00a28d;}.elementor-231 .elementor-element.elementor-element-12010c47\" \/>\r\n<meta property=\"og:url\" content=\"https:\/\/paracherkaoui.ma\/index.php\/produit\/vichy-capital-soleil-uv-age-daily-spf-50-fluide-anti-photovieillissement-40-ml-3\/\" \/>\r\n<meta property=\"og:site_name\" content=\"Paracherkaoui.ma\" \/>\r\n<meta property=\"article:modified_time\" content=\"2025-12-12T18:50:27+00:00\" \/>\r\n<meta property=\"og:image\" content=\"https:\/\/paracherkaoui.ma\/wp-content\/uploads\/2025\/12\/vichy-vichy-capital-soleil-uv-age-daily-spf-50-fluide-anti-photovieillissement-40-ml-cremes-solaires.jpg\" \/>\r\n\t<meta property=\"og:image:width\" content=\"700\" \/>\r\n\t<meta property=\"og:image:height\" content=\"700\" \/>\r\n\t<meta property=\"og:image:type\" content=\"image\/jpeg\" \/>\r\n<meta name=\"twitter:card\" content=\"summary_large_image\" \/>\r\n<meta name=\"twitter:label1\" content=\"Dur\u00e9e de lecture estim\u00e9e\" \/>\n\t<meta name=\"twitter:data1\" content=\"5 minutes\" \/>\r\n<script type=\"application\/ld+json\" class=\"yoast-schema-graph\">{\"@context\":\"https:\/\/schema.org\",\"@graph\":[{\"@type\":\"WebPage\",\"@id\":\"https:\/\/paracherkaoui.ma\/index.php\/produit\/vichy-capital-soleil-uv-age-daily-spf-50-fluide-anti-photovieillissement-40-ml-3\/\",\"url\":\"https:\/\/paracherkaoui.ma\/index.php\/produit\/vichy-capital-soleil-uv-age-daily-spf-50-fluide-anti-photovieillissement-40-ml-3\/\",\"name\":\"VICHY CAPITAL SOLEIL UV AGE DAILY SPF 50 FLUIDE ANTI PHOTOVIEILLISSEMENT 40 ML - Paracherkaoui.ma\",\"isPartOf\":{\"@id\":\"https:\/\/paracherkaoui.ma\/#website\"},\"primaryImageOfPage\":{\"@id\":\"https:\/\/paracherkaoui.ma\/index.php\/produit\/vichy-capital-soleil-uv-age-daily-spf-50-fluide-anti-photovieillissement-40-ml-3\/#primaryimage\"},\"image\":{\"@id\":\"https:\/\/paracherkaoui.ma\/index.php\/produit\/vichy-capital-soleil-uv-age-daily-spf-50-fluide-anti-photovieillissement-40-ml-3\/#primaryimage\"},\"thumbnailUrl\":\"https:\/\/paracherkaoui.ma\/wp-content\/uploads\/2025\/12\/vichy-vichy-capital-soleil-uv-age-daily-spf-50-fluide-anti-photovieillissement-40-ml-cremes-solaires.jpg\",\"datePublished\":\"2025-12-12T18:50:24+00:00\",\"dateModified\":\"2025-12-12T18:50:27+00:00\",\"breadcrumb\":{\"@id\":\"https:\/\/paracherkaoui.ma\/index.php\/produit\/vichy-capital-soleil-uv-age-daily-spf-50-fluide-anti-photovieillissement-40-ml-3\/#breadcrumb\"},\"inLanguage\":\"fr-FR\",\"potentialAction\":[{\"@type\":\"ReadAction\",\"target\":[\"https:\/\/paracherkaoui.ma\/index.php\/produit\/vichy-capital-soleil-uv-age-daily-spf-50-fluide-anti-photovieillissement-40-ml-3\/\"]}]},{\"@type\":\"ImageObject\",\"inLanguage\":\"fr-FR\",\"@id\":\"https:\/\/paracherkaoui.ma\/index.php\/produit\/vichy-capital-soleil-uv-age-daily-spf-50-fluide-anti-photovieillissement-40-ml-3\/#primaryimage\",\"url\":\"https:\/\/paracherkaoui.ma\/wp-content\/uploads\/2025\/12\/vichy-vichy-capital-soleil-uv-age-daily-spf-50-fluide-anti-photovieillissement-40-ml-cremes-solaires.jpg\",\"contentUrl\":\"https:\/\/paracherkaoui.ma\/wp-content\/uploads\/2025\/12\/vichy-vichy-capital-soleil-uv-age-daily-spf-50-fluide-anti-photovieillissement-40-ml-cremes-solaires.jpg\",\"width\":700,\"height\":700},{\"@type\":\"BreadcrumbList\",\"@id\":\"https:\/\/paracherkaoui.ma\/index.php\/produit\/vichy-capital-soleil-uv-age-daily-spf-50-fluide-anti-photovieillissement-40-ml-3\/#breadcrumb\",\"itemListElement\":[{\"@type\":\"ListItem\",\"position\":1,\"name\":\"Accueil\",\"item\":\"https:\/\/paracherkaoui.ma\/\"},{\"@type\":\"ListItem\",\"position\":2,\"name\":\"Boutique\",\"item\":\"https:\/\/paracherkaoui.ma\/index.php\/boutique\/\"},{\"@type\":\"ListItem\",\"position\":3,\"name\":\"VICHY CAPITAL SOLEIL UV AGE DAILY SPF 50 FLUIDE ANTI PHOTOVIEILLISSEMENT 40 ML\"}]},{\"@type\":\"WebSite\",\"@id\":\"https:\/\/paracherkaoui.ma\/#website\",\"url\":\"https:\/\/paracherkaoui.ma\/\",\"name\":\"Paracherkaoui.ma\",\"description\":\"Achetez en ligne sur Paracherkaoui.ma\",\"potentialAction\":[{\"@type\":\"SearchAction\",\"target\":{\"@type\":\"EntryPoint\",\"urlTemplate\":\"https:\/\/paracherkaoui.ma\/?s={search_term_string}\"},\"query-input\":{\"@type\":\"PropertyValueSpecification\",\"valueRequired\":true,\"valueName\":\"search_term_string\"}}],\"inLanguage\":\"fr-FR\"}]}<\/script>\r\n<!-- \/ Yoast SEO plugin. -->","yoast_head_json":{"title":"VICHY CAPITAL SOLEIL UV AGE DAILY SPF 50 FLUIDE ANTI PHOTOVIEILLISSEMENT 40 ML - Paracherkaoui.ma","robots":{"index":"index","follow":"follow","max-snippet":"max-snippet:-1","max-image-preview":"max-image-preview:large","max-video-preview":"max-video-preview:-1"},"canonical":"https:\/\/paracherkaoui.ma\/index.php\/produit\/vichy-capital-soleil-uv-age-daily-spf-50-fluide-anti-photovieillissement-40-ml-3\/","og_locale":"fr_FR","og_type":"article","og_title":"VICHY CAPITAL SOLEIL UV AGE DAILY SPF 50 FLUIDE ANTI PHOTOVIEILLISSEMENT 40 ML - Paracherkaoui.ma","og_description":".elementor-231 .elementor-element.elementor-element-12010c47 .elementor-tab-title, .elementor-231 .elementor-element.elementor-element-12010c47 .elementor-tab-title:before, .elementor-231 .elementor-element.elementor-element-12010c47 .elementor-tab-title:after, .elementor-231 .elementor-element.elementor-element-12010c47 .elementor-tab-content, .elementor-231 .elementor-element.elementor-element-12010c47 .elementor-tabs-content-wrapper{border-width:0.5px;}.elementor-231 .elementor-element.elementor-element-12010c47 .elementor-tab-title{color:#000000;}.elementor-231 .elementor-element.elementor-element-12010c47 .elementor-tab-title.elementor-active{color:#00a28d;}.elementor-231 .elementor-element.elementor-element-12010c47","og_url":"https:\/\/paracherkaoui.ma\/index.php\/produit\/vichy-capital-soleil-uv-age-daily-spf-50-fluide-anti-photovieillissement-40-ml-3\/","og_site_name":"Paracherkaoui.ma","article_modified_time":"2025-12-12T18:50:27+00:00","og_image":[{"width":700,"height":700,"url":"https:\/\/paracherkaoui.ma\/wp-content\/uploads\/2025\/12\/vichy-vichy-capital-soleil-uv-age-daily-spf-50-fluide-anti-photovieillissement-40-ml-cremes-solaires.jpg","type":"image\/jpeg"}],"twitter_card":"summary_large_image","twitter_misc":{"Dur\u00e9e de lecture estim\u00e9e":"5 minutes"},"schema":{"@context":"https:\/\/schema.org","@graph":[{"@type":"WebPage","@id":"https:\/\/paracherkaoui.ma\/index.php\/produit\/vichy-capital-soleil-uv-age-daily-spf-50-fluide-anti-photovieillissement-40-ml-3\/","url":"https:\/\/paracherkaoui.ma\/index.php\/produit\/vichy-capital-soleil-uv-age-daily-spf-50-fluide-anti-photovieillissement-40-ml-3\/","name":"VICHY CAPITAL SOLEIL UV AGE DAILY SPF 50 FLUIDE ANTI PHOTOVIEILLISSEMENT 40 ML - Paracherkaoui.ma","isPartOf":{"@id":"https:\/\/paracherkaoui.ma\/#website"},"primaryImageOfPage":{"@id":"https:\/\/paracherkaoui.ma\/index.php\/produit\/vichy-capital-soleil-uv-age-daily-spf-50-fluide-anti-photovieillissement-40-ml-3\/#primaryimage"},"image":{"@id":"https:\/\/paracherkaoui.ma\/index.php\/produit\/vichy-capital-soleil-uv-age-daily-spf-50-fluide-anti-photovieillissement-40-ml-3\/#primaryimage"},"thumbnailUrl":"https:\/\/paracherkaoui.ma\/wp-content\/uploads\/2025\/12\/vichy-vichy-capital-soleil-uv-age-daily-spf-50-fluide-anti-photovieillissement-40-ml-cremes-solaires.jpg","datePublished":"2025-12-12T18:50:24+00:00","dateModified":"2025-12-12T18:50:27+00:00","breadcrumb":{"@id":"https:\/\/paracherkaoui.ma\/index.php\/produit\/vichy-capital-soleil-uv-age-daily-spf-50-fluide-anti-photovieillissement-40-ml-3\/#breadcrumb"},"inLanguage":"fr-FR","potentialAction":[{"@type":"ReadAction","target":["https:\/\/paracherkaoui.ma\/index.php\/produit\/vichy-capital-soleil-uv-age-daily-spf-50-fluide-anti-photovieillissement-40-ml-3\/"]}]},{"@type":"ImageObject","inLanguage":"fr-FR","@id":"https:\/\/paracherkaoui.ma\/index.php\/produit\/vichy-capital-soleil-uv-age-daily-spf-50-fluide-anti-photovieillissement-40-ml-3\/#primaryimage","url":"https:\/\/paracherkaoui.ma\/wp-content\/uploads\/2025\/12\/vichy-vichy-capital-soleil-uv-age-daily-spf-50-fluide-anti-photovieillissement-40-ml-cremes-solaires.jpg","contentUrl":"https:\/\/paracherkaoui.ma\/wp-content\/uploads\/2025\/12\/vichy-vichy-capital-soleil-uv-age-daily-spf-50-fluide-anti-photovieillissement-40-ml-cremes-solaires.jpg","width":700,"height":700},{"@type":"BreadcrumbList","@id":"https:\/\/paracherkaoui.ma\/index.php\/produit\/vichy-capital-soleil-uv-age-daily-spf-50-fluide-anti-photovieillissement-40-ml-3\/#breadcrumb","itemListElement":[{"@type":"ListItem","position":1,"name":"Accueil","item":"https:\/\/paracherkaoui.ma\/"},{"@type":"ListItem","position":2,"name":"Boutique","item":"https:\/\/paracherkaoui.ma\/index.php\/boutique\/"},{"@type":"ListItem","position":3,"name":"VICHY CAPITAL SOLEIL UV AGE DAILY SPF 50 FLUIDE ANTI PHOTOVIEILLISSEMENT 40 ML"}]},{"@type":"WebSite","@id":"https:\/\/paracherkaoui.ma\/#website","url":"https:\/\/paracherkaoui.ma\/","name":"Paracherkaoui.ma","description":"Achetez en ligne sur Paracherkaoui.ma","potentialAction":[{"@type":"SearchAction","target":{"@type":"EntryPoint","urlTemplate":"https:\/\/paracherkaoui.ma\/?s={search_term_string}"},"query-input":{"@type":"PropertyValueSpecification","valueRequired":true,"valueName":"search_term_string"}}],"inLanguage":"fr-FR"}]}},"_links":{"self":[{"href":"https:\/\/paracherkaoui.ma\/index.php\/wp-json\/wp\/v2\/product\/57968","targetHints":{"allow":["GET"]}}],"collection":[{"href":"https:\/\/paracherkaoui.ma\/index.php\/wp-json\/wp\/v2\/product"}],"about":[{"href":"https:\/\/paracherkaoui.ma\/index.php\/wp-json\/wp\/v2\/types\/product"}],"replies":[{"embeddable":true,"href":"https:\/\/paracherkaoui.ma\/index.php\/wp-json\/wp\/v2\/comments?post=57968"}],"version-history":[{"count":1,"href":"https:\/\/paracherkaoui.ma\/index.php\/wp-json\/wp\/v2\/product\/57968\/revisions"}],"predecessor-version":[{"id":57998,"href":"https:\/\/paracherkaoui.ma\/index.php\/wp-json\/wp\/v2\/product\/57968\/revisions\/57998"}],"wp:featuredmedia":[{"embeddable":true,"href":"https:\/\/paracherkaoui.ma\/index.php\/wp-json\/wp\/v2\/media\/12909"}],"wp:attachment":[{"href":"https:\/\/paracherkaoui.ma\/index.php\/wp-json\/wp\/v2\/media?parent=57968"}],"wp:term":[{"taxonomy":"product_brand","embeddable":true,"href":"https:\/\/paracherkaoui.ma\/index.php\/wp-json\/wp\/v2\/product_brand?post=57968"},{"taxonomy":"product_cat","embeddable":true,"href":"https:\/\/paracherkaoui.ma\/index.php\/wp-json\/wp\/v2\/product_cat?post=57968"},{"taxonomy":"product_tag","embeddable":true,"href":"https:\/\/paracherkaoui.ma\/index.php\/wp-json\/wp\/v2\/product_tag?post=57968"}],"curies":[{"name":"wp","href":"https:\/\/api.w.org\/{rel}","templated":true}]}}