{"id":57966,"date":"2025-12-12T19:50:24","date_gmt":"2025-12-12T18:50:24","guid":{"rendered":"https:\/\/test.ecbeaute.com\/?post_type=product&#038;p=57966"},"modified":"2025-12-12T19:50:27","modified_gmt":"2025-12-12T18:50:27","slug":"avene-solaire-anti-age-suncare-50ml-touche-sec-3","status":"publish","type":"product","link":"https:\/\/paracherkaoui.ma\/index.php\/produit\/avene-solaire-anti-age-suncare-50ml-touche-sec-3\/","title":{"rendered":"AVENE SOLAIRE ANTI AGE SUNCARE 50ML TOUCHE SEC"},"content":{"rendered":"<p>La texture du Solaire anti-\u00e2ge SPF 50+ hydrate la peau et la laisse douce et souple. Ce soin protecteur solaire et anti-\u00e2ge contribue \u00e0 la pr\u00e9vention du photovieillissement de la peau sensible de toutes les femmes qui souhaitent pr\u00e9server leur capital beaut\u00e9. Au coeur de sa formule, l&rsquo;Ascofilline\u2122, actif anti-\u00e2ge*, et l&rsquo;association exclusive Sunsitive\u00ae protection, issue de la Recherche Pierre Fabre et compos\u00e9e : &#8211; D&rsquo;un syst\u00e8me filtrant brevet\u00e9 contenant seulement quatre filtres solaires, pour une tr\u00e8s large protection UVB-UVA stable et une tol\u00e9rance cutan\u00e9e optimale.- De Provitamine E (Pr\u00e9-tocoph\u00e9ryl), puissant antioxydant, pour une protection des cellules des radicaux libres.- D&rsquo;Eau thermale d&rsquo;Av\u00e8ne reconnue pour ses propri\u00e9t\u00e9s apaisantes, anti-irritantes et adoucissantes. Solaire anti-\u00e2ge SPF 50+ est photostable, anti-oxydant, r\u00e9sistant \u00e0 l&rsquo;eau, sans parfum et offre un toucher sec.Pratique, son tube-pompe permet de doser facilement la juste quantit\u00e9 de produit \u00e0 appliquer.Activit\u00e9 \u00e9valu\u00e9e in-vitro.\u00a0+<br \/>\nLes bienfaits :<br \/>\n\u2022 PHOTOPROTECTEUR : des filtres UVB-UVA photostables qui luttent contre les effets nocifs du rayonnement solaire.<br \/>\n\u2022 PR\u00c9VIENT LE PHOTOVIEILLISSEMENT : limite le vieillissement pr\u00e9matur\u00e9 de la peau caus\u00e9 par une exposition r\u00e9p\u00e9t\u00e9e au soleil.<br \/>\n\u2022 ANTIOXYDANT : contribue \u00e0 assurer une protection des cellules contre les radicaux libres.<br \/>\nConseils d&rsquo;utilisation:<br \/>\nAvant l&rsquo;exposition au soleil, appliquez 6 pressions sur le visage et le cou. Renouvelez fr\u00e9quemment pour maintenir la protection, surtout apr\u00e8s avoir transpir\u00e9, nag\u00e9 ou vous \u00eatre essuy\u00e9.<\/p>\n","protected":false},"excerpt":{"rendered":"<p>La texture du Solaire anti-\u00e2ge SPF 50+ hydrate la peau et la laisse douce et souple. Ce soin protecteur solaire<\/p>\n","protected":false},"featured_media":12929,"comment_status":"open","ping_status":"closed","template":"","meta":[],"product_brand":[136],"product_cat":[140],"product_tag":[],"class_list":{"0":"post-57966","1":"product","2":"type-product","3":"status-publish","4":"has-post-thumbnail","6":"product_brand-avene","7":"product_cat-anti-age","9":"first","10":"instock","11":"sale","12":"shipping-taxable","13":"purchasable","14":"product-type-simple"},"yoast_head":"<!-- This site is optimized with the Yoast SEO plugin v26.6 - https:\/\/yoast.com\/wordpress\/plugins\/seo\/ -->\r\n<title>AVENE SOLAIRE ANTI AGE SUNCARE 50ML TOUCHE SEC - Paracherkaoui.ma<\/title>\r\n<meta name=\"robots\" content=\"index, follow, max-snippet:-1, max-image-preview:large, max-video-preview:-1\" \/>\r\n<link rel=\"canonical\" href=\"https:\/\/paracherkaoui.ma\/index.php\/produit\/avene-solaire-anti-age-suncare-50ml-touche-sec-3\/\" \/>\r\n<meta property=\"og:locale\" content=\"fr_FR\" \/>\r\n<meta property=\"og:type\" content=\"article\" \/>\r\n<meta property=\"og:title\" content=\"AVENE SOLAIRE ANTI AGE SUNCARE 50ML TOUCHE SEC - Paracherkaoui.ma\" \/>\r\n<meta property=\"og:description\" content=\"La texture du Solaire anti-\u00e2ge SPF 50+ hydrate la peau et la laisse douce et souple. Ce soin protecteur solaire\" \/>\r\n<meta property=\"og:url\" content=\"https:\/\/paracherkaoui.ma\/index.php\/produit\/avene-solaire-anti-age-suncare-50ml-touche-sec-3\/\" \/>\r\n<meta property=\"og:site_name\" content=\"Paracherkaoui.ma\" \/>\r\n<meta property=\"article:modified_time\" content=\"2025-12-12T18:50:27+00:00\" \/>\r\n<meta property=\"og:image\" content=\"https:\/\/paracherkaoui.ma\/wp-content\/uploads\/2025\/12\/avene-avene-solaire-anti-age-suncare-50ml-touche-sec-cremes.jpg\" \/>\r\n\t<meta property=\"og:image:width\" content=\"700\" \/>\r\n\t<meta property=\"og:image:height\" content=\"700\" \/>\r\n\t<meta property=\"og:image:type\" content=\"image\/jpeg\" \/>\r\n<meta name=\"twitter:card\" content=\"summary_large_image\" \/>\r\n<meta name=\"twitter:label1\" content=\"Dur\u00e9e de lecture estim\u00e9e\" \/>\n\t<meta name=\"twitter:data1\" content=\"1 minute\" \/>\r\n<script type=\"application\/ld+json\" class=\"yoast-schema-graph\">{\"@context\":\"https:\/\/schema.org\",\"@graph\":[{\"@type\":\"WebPage\",\"@id\":\"https:\/\/paracherkaoui.ma\/index.php\/produit\/avene-solaire-anti-age-suncare-50ml-touche-sec-3\/\",\"url\":\"https:\/\/paracherkaoui.ma\/index.php\/produit\/avene-solaire-anti-age-suncare-50ml-touche-sec-3\/\",\"name\":\"AVENE SOLAIRE ANTI AGE SUNCARE 50ML TOUCHE SEC - Paracherkaoui.ma\",\"isPartOf\":{\"@id\":\"https:\/\/paracherkaoui.ma\/#website\"},\"primaryImageOfPage\":{\"@id\":\"https:\/\/paracherkaoui.ma\/index.php\/produit\/avene-solaire-anti-age-suncare-50ml-touche-sec-3\/#primaryimage\"},\"image\":{\"@id\":\"https:\/\/paracherkaoui.ma\/index.php\/produit\/avene-solaire-anti-age-suncare-50ml-touche-sec-3\/#primaryimage\"},\"thumbnailUrl\":\"https:\/\/paracherkaoui.ma\/wp-content\/uploads\/2025\/12\/avene-avene-solaire-anti-age-suncare-50ml-touche-sec-cremes.jpg\",\"datePublished\":\"2025-12-12T18:50:24+00:00\",\"dateModified\":\"2025-12-12T18:50:27+00:00\",\"breadcrumb\":{\"@id\":\"https:\/\/paracherkaoui.ma\/index.php\/produit\/avene-solaire-anti-age-suncare-50ml-touche-sec-3\/#breadcrumb\"},\"inLanguage\":\"fr-FR\",\"potentialAction\":[{\"@type\":\"ReadAction\",\"target\":[\"https:\/\/paracherkaoui.ma\/index.php\/produit\/avene-solaire-anti-age-suncare-50ml-touche-sec-3\/\"]}]},{\"@type\":\"ImageObject\",\"inLanguage\":\"fr-FR\",\"@id\":\"https:\/\/paracherkaoui.ma\/index.php\/produit\/avene-solaire-anti-age-suncare-50ml-touche-sec-3\/#primaryimage\",\"url\":\"https:\/\/paracherkaoui.ma\/wp-content\/uploads\/2025\/12\/avene-avene-solaire-anti-age-suncare-50ml-touche-sec-cremes.jpg\",\"contentUrl\":\"https:\/\/paracherkaoui.ma\/wp-content\/uploads\/2025\/12\/avene-avene-solaire-anti-age-suncare-50ml-touche-sec-cremes.jpg\",\"width\":700,\"height\":700},{\"@type\":\"BreadcrumbList\",\"@id\":\"https:\/\/paracherkaoui.ma\/index.php\/produit\/avene-solaire-anti-age-suncare-50ml-touche-sec-3\/#breadcrumb\",\"itemListElement\":[{\"@type\":\"ListItem\",\"position\":1,\"name\":\"Accueil\",\"item\":\"https:\/\/paracherkaoui.ma\/\"},{\"@type\":\"ListItem\",\"position\":2,\"name\":\"Boutique\",\"item\":\"https:\/\/paracherkaoui.ma\/index.php\/boutique\/\"},{\"@type\":\"ListItem\",\"position\":3,\"name\":\"AVENE SOLAIRE ANTI AGE SUNCARE 50ML TOUCHE SEC\"}]},{\"@type\":\"WebSite\",\"@id\":\"https:\/\/paracherkaoui.ma\/#website\",\"url\":\"https:\/\/paracherkaoui.ma\/\",\"name\":\"Paracherkaoui.ma\",\"description\":\"Achetez en ligne sur Paracherkaoui.ma\",\"potentialAction\":[{\"@type\":\"SearchAction\",\"target\":{\"@type\":\"EntryPoint\",\"urlTemplate\":\"https:\/\/paracherkaoui.ma\/?s={search_term_string}\"},\"query-input\":{\"@type\":\"PropertyValueSpecification\",\"valueRequired\":true,\"valueName\":\"search_term_string\"}}],\"inLanguage\":\"fr-FR\"}]}<\/script>\r\n<!-- \/ Yoast SEO plugin. -->","yoast_head_json":{"title":"AVENE SOLAIRE ANTI AGE SUNCARE 50ML TOUCHE SEC - Paracherkaoui.ma","robots":{"index":"index","follow":"follow","max-snippet":"max-snippet:-1","max-image-preview":"max-image-preview:large","max-video-preview":"max-video-preview:-1"},"canonical":"https:\/\/paracherkaoui.ma\/index.php\/produit\/avene-solaire-anti-age-suncare-50ml-touche-sec-3\/","og_locale":"fr_FR","og_type":"article","og_title":"AVENE SOLAIRE ANTI AGE SUNCARE 50ML TOUCHE SEC - Paracherkaoui.ma","og_description":"La texture du Solaire anti-\u00e2ge SPF 50+ hydrate la peau et la laisse douce et souple. Ce soin protecteur solaire","og_url":"https:\/\/paracherkaoui.ma\/index.php\/produit\/avene-solaire-anti-age-suncare-50ml-touche-sec-3\/","og_site_name":"Paracherkaoui.ma","article_modified_time":"2025-12-12T18:50:27+00:00","og_image":[{"width":700,"height":700,"url":"https:\/\/paracherkaoui.ma\/wp-content\/uploads\/2025\/12\/avene-avene-solaire-anti-age-suncare-50ml-touche-sec-cremes.jpg","type":"image\/jpeg"}],"twitter_card":"summary_large_image","twitter_misc":{"Dur\u00e9e de lecture estim\u00e9e":"1 minute"},"schema":{"@context":"https:\/\/schema.org","@graph":[{"@type":"WebPage","@id":"https:\/\/paracherkaoui.ma\/index.php\/produit\/avene-solaire-anti-age-suncare-50ml-touche-sec-3\/","url":"https:\/\/paracherkaoui.ma\/index.php\/produit\/avene-solaire-anti-age-suncare-50ml-touche-sec-3\/","name":"AVENE SOLAIRE ANTI AGE SUNCARE 50ML TOUCHE SEC - Paracherkaoui.ma","isPartOf":{"@id":"https:\/\/paracherkaoui.ma\/#website"},"primaryImageOfPage":{"@id":"https:\/\/paracherkaoui.ma\/index.php\/produit\/avene-solaire-anti-age-suncare-50ml-touche-sec-3\/#primaryimage"},"image":{"@id":"https:\/\/paracherkaoui.ma\/index.php\/produit\/avene-solaire-anti-age-suncare-50ml-touche-sec-3\/#primaryimage"},"thumbnailUrl":"https:\/\/paracherkaoui.ma\/wp-content\/uploads\/2025\/12\/avene-avene-solaire-anti-age-suncare-50ml-touche-sec-cremes.jpg","datePublished":"2025-12-12T18:50:24+00:00","dateModified":"2025-12-12T18:50:27+00:00","breadcrumb":{"@id":"https:\/\/paracherkaoui.ma\/index.php\/produit\/avene-solaire-anti-age-suncare-50ml-touche-sec-3\/#breadcrumb"},"inLanguage":"fr-FR","potentialAction":[{"@type":"ReadAction","target":["https:\/\/paracherkaoui.ma\/index.php\/produit\/avene-solaire-anti-age-suncare-50ml-touche-sec-3\/"]}]},{"@type":"ImageObject","inLanguage":"fr-FR","@id":"https:\/\/paracherkaoui.ma\/index.php\/produit\/avene-solaire-anti-age-suncare-50ml-touche-sec-3\/#primaryimage","url":"https:\/\/paracherkaoui.ma\/wp-content\/uploads\/2025\/12\/avene-avene-solaire-anti-age-suncare-50ml-touche-sec-cremes.jpg","contentUrl":"https:\/\/paracherkaoui.ma\/wp-content\/uploads\/2025\/12\/avene-avene-solaire-anti-age-suncare-50ml-touche-sec-cremes.jpg","width":700,"height":700},{"@type":"BreadcrumbList","@id":"https:\/\/paracherkaoui.ma\/index.php\/produit\/avene-solaire-anti-age-suncare-50ml-touche-sec-3\/#breadcrumb","itemListElement":[{"@type":"ListItem","position":1,"name":"Accueil","item":"https:\/\/paracherkaoui.ma\/"},{"@type":"ListItem","position":2,"name":"Boutique","item":"https:\/\/paracherkaoui.ma\/index.php\/boutique\/"},{"@type":"ListItem","position":3,"name":"AVENE SOLAIRE ANTI AGE SUNCARE 50ML TOUCHE SEC"}]},{"@type":"WebSite","@id":"https:\/\/paracherkaoui.ma\/#website","url":"https:\/\/paracherkaoui.ma\/","name":"Paracherkaoui.ma","description":"Achetez en ligne sur Paracherkaoui.ma","potentialAction":[{"@type":"SearchAction","target":{"@type":"EntryPoint","urlTemplate":"https:\/\/paracherkaoui.ma\/?s={search_term_string}"},"query-input":{"@type":"PropertyValueSpecification","valueRequired":true,"valueName":"search_term_string"}}],"inLanguage":"fr-FR"}]}},"_links":{"self":[{"href":"https:\/\/paracherkaoui.ma\/index.php\/wp-json\/wp\/v2\/product\/57966","targetHints":{"allow":["GET"]}}],"collection":[{"href":"https:\/\/paracherkaoui.ma\/index.php\/wp-json\/wp\/v2\/product"}],"about":[{"href":"https:\/\/paracherkaoui.ma\/index.php\/wp-json\/wp\/v2\/types\/product"}],"replies":[{"embeddable":true,"href":"https:\/\/paracherkaoui.ma\/index.php\/wp-json\/wp\/v2\/comments?post=57966"}],"version-history":[{"count":1,"href":"https:\/\/paracherkaoui.ma\/index.php\/wp-json\/wp\/v2\/product\/57966\/revisions"}],"predecessor-version":[{"id":57996,"href":"https:\/\/paracherkaoui.ma\/index.php\/wp-json\/wp\/v2\/product\/57966\/revisions\/57996"}],"wp:featuredmedia":[{"embeddable":true,"href":"https:\/\/paracherkaoui.ma\/index.php\/wp-json\/wp\/v2\/media\/12929"}],"wp:attachment":[{"href":"https:\/\/paracherkaoui.ma\/index.php\/wp-json\/wp\/v2\/media?parent=57966"}],"wp:term":[{"taxonomy":"product_brand","embeddable":true,"href":"https:\/\/paracherkaoui.ma\/index.php\/wp-json\/wp\/v2\/product_brand?post=57966"},{"taxonomy":"product_cat","embeddable":true,"href":"https:\/\/paracherkaoui.ma\/index.php\/wp-json\/wp\/v2\/product_cat?post=57966"},{"taxonomy":"product_tag","embeddable":true,"href":"https:\/\/paracherkaoui.ma\/index.php\/wp-json\/wp\/v2\/product_tag?post=57966"}],"curies":[{"name":"wp","href":"https:\/\/api.w.org\/{rel}","templated":true}]}}