{"id":57965,"date":"2025-12-12T19:50:24","date_gmt":"2025-12-12T18:50:24","guid":{"rendered":"https:\/\/test.ecbeaute.com\/?post_type=product&#038;p=57965"},"modified":"2025-12-12T19:50:27","modified_gmt":"2025-12-12T18:50:27","slug":"la-roche-posay-retinol-b3-serum-30-ml-3","status":"publish","type":"product","link":"https:\/\/paracherkaoui.ma\/index.php\/produit\/la-roche-posay-retinol-b3-serum-30-ml-3\/","title":{"rendered":"LA ROCHE POSAY RETINOL B3 SERUM 30 ML"},"content":{"rendered":"<p>.elementor-243 .elementor-element.elementor-element-3d565325 .elementor-tab-title, .elementor-243 .elementor-element.elementor-element-3d565325 .elementor-tab-title:before, .elementor-243 .elementor-element.elementor-element-3d565325 .elementor-tab-title:after, .elementor-243 .elementor-element.elementor-element-3d565325 .elementor-tab-content, .elementor-243 .elementor-element.elementor-element-3d565325 .elementor-tabs-content-wrapper{border-width:0.5px;}.elementor-243 .elementor-element.elementor-element-3d565325 .elementor-tab-title{color:#000000;}.elementor-243 .elementor-element.elementor-element-3d565325 .elementor-tab-title.elementor-active{color:#00a28d;}.elementor-243 .elementor-element.elementor-element-3d565325 .elementor-tab-content{color:#000000;}.elementor-243 .elementor-element.elementor-element-3d1f7af1 .axps-swiper-slider .swiper-slide img{width:auto;}.elementor-243 .elementor-element.elementor-element-3d1f7af1 .wrapper-items:not(.swiper-container-initialized) .item{-ms-flex:0 0 calc(100%\/1);flex:0 0 calc(100%\/1);max-width:calc(100%\/1);}.elementor-243 .elementor-element.elementor-element-3d1f7af1 .wrapper-items .swiper-slide{padding-left:calc(30px\/2);padding-right:calc(30px\/2);}.elementor-243 .elementor-element.elementor-element-3d1f7af1 .wrapper-items .swiper-slide .item-inner{margin-bottom:30px;}.elementor-243 .elementor-element.elementor-element-3d1f7af1 .wrapper-items{margin-left:calc(-30px\/2);margin-right:calc(-30px\/2);}.elementor-243 .elementor-element.elementor-element-3d1f7af1 .swiper-wrapper .item-inner{text-align:center;}.elementor-243 .elementor-element.elementor-element-ae1cc59{text-align:center;}.elementor-243 .elementor-element.elementor-element-ae1cc59.elementor-widget-heading .elementor-heading-title{color:#000000;}.elementor-243 .elementor-element.elementor-element-ae1cc59 .elementor-heading-title{font-size:17px;font-weight:900;}.elementor-243 .elementor-element.elementor-element-4283e7fc{margin-top:-16px;margin-bottom:0px;}.elementor-243 .elementor-element.elementor-element-27e82ceb > .elementor-widget-container{margin:-46px 0px 0px 0px;}.elementor-243 .elementor-element.elementor-element-7127fbd8 > .elementor-widget-container{margin:-46px 0px 0px 0px;}.elementor-243 .elementor-element.elementor-element-54633030 > .elementor-widget-container{margin:-46px 0px 0px 0px;}.elementor-243 .elementor-element.elementor-element-3857eb07 > .elementor-widget-container{margin:-46px 0px 0px 0px;}.elementor-243 .elementor-element.elementor-element-991f49c{text-align:center;}.elementor-243 .elementor-element.elementor-element-991f49c.elementor-widget-heading .elementor-heading-title{color:#000000;}.elementor-243 .elementor-element.elementor-element-991f49c .elementor-heading-title{font-size:17px;font-weight:900;}.elementor-243 .elementor-element.elementor-element-1bfe423b{margin-top:-16px;margin-bottom:0px;}.elementor-243 .elementor-element.elementor-element-4d36b4f2 > .elementor-widget-container{margin:-46px 0px 0px 0px;}.elementor-243 .elementor-element.elementor-element-9028168 > .elementor-widget-container{margin:-46px 0px 0px 0px;}.elementor-243 .elementor-element.elementor-element-2e95fe4a > .elementor-widget-container{margin:-46px 0px 0px 0px;}@media(max-width:1024px){.elementor-243 .elementor-element.elementor-element-3d1f7af1 .wrapper-items:not(.swiper-container-initialized) .item{-ms-flex:0 0 calc(100%\/4);flex:0 0 calc(100%\/4);max-width:calc(100%\/4);}.elementor-243 .elementor-element.elementor-element-3d1f7af1 .wrapper-items .swiper-slide{padding-left:calc(20px\/2);padding-right:calc(20px\/2);}.elementor-243 .elementor-element.elementor-element-3d1f7af1 .wrapper-items .swiper-slide .item-inner{margin-bottom:20px;}.elementor-243 .elementor-element.elementor-element-3d1f7af1 .wrapper-items{margin-left:calc(-20px\/2);margin-right:calc(-20px\/2);}.elementor-243 .elementor-element.elementor-element-27e82ceb > .elementor-widget-container{margin:-33px 0px 0px 0px;}.elementor-243 .elementor-element.elementor-element-7127fbd8 > .elementor-widget-container{margin:-33px 0px 0px 0px;}.elementor-243 .elementor-element.elementor-element-54633030 > .elementor-widget-container{margin:-33px 0px 0px 0px;}.elementor-243 .elementor-element.elementor-element-3857eb07 > .elementor-widget-container{margin:-33px 0px 0px 0px;}.elementor-243 .elementor-element.elementor-element-4d36b4f2 > .elementor-widget-container{margin:-33px 0px 0px 0px;}.elementor-243 .elementor-element.elementor-element-9028168 > .elementor-widget-container{margin:-33px 0px 0px 0px;}.elementor-243 .elementor-element.elementor-element-2e95fe4a > .elementor-widget-container{margin:-33px 0px 0px 0px;}}@media(max-width:767px){.elementor-243 .elementor-element.elementor-element-3d1f7af1 .wrapper-items:not(.swiper-container-initialized) .item{-ms-flex:0 0 calc(100%\/4);flex:0 0 calc(100%\/4);max-width:calc(100%\/4);}.elementor-243 .elementor-element.elementor-element-3d1f7af1 .wrapper-items .swiper-slide{padding-left:calc(10px\/2);padding-right:calc(10px\/2);}.elementor-243 .elementor-element.elementor-element-3d1f7af1 .wrapper-items .swiper-slide .item-inner{margin-bottom:10px;}.elementor-243 .elementor-element.elementor-element-3d1f7af1 .wrapper-items{margin-left:calc(-10px\/2);margin-right:calc(-10px\/2);}.elementor-243 .elementor-element.elementor-element-685dc480{width:50%;}.elementor-243 .elementor-element.elementor-element-27e82ceb > .elementor-widget-container{margin:-26px 0px 0px 0px;}.elementor-243 .elementor-element.elementor-element-51d75765{width:50%;}.elementor-243 .elementor-element.elementor-element-7127fbd8 > .elementor-widget-container{margin:-26px 0px 0px 0px;}.elementor-243 .elementor-element.elementor-element-1d524c3c{width:50%;}.elementor-243 .elementor-element.elementor-element-54633030 > .elementor-widget-container{margin:-26px 0px 0px 0px;}.elementor-243 .elementor-element.elementor-element-868939d{width:50%;}.elementor-243 .elementor-element.elementor-element-3857eb07 > .elementor-widget-container{margin:-26px 0px 0px 0px;}.elementor-243 .elementor-element.elementor-element-3857e4b9{width:50%;}.elementor-243 .elementor-element.elementor-element-4d36b4f2 > .elementor-widget-container{margin:-26px 0px 0px 0px;}.elementor-243 .elementor-element.elementor-element-08af07c{width:50%;}.elementor-243 .elementor-element.elementor-element-9028168 > .elementor-widget-container{margin:-26px 0px 0px 0px;}.elementor-243 .elementor-element.elementor-element-2674eec4{width:50%;}.elementor-243 .elementor-element.elementor-element-2e95fe4a > .elementor-widget-container{margin:-26px 0px 0px 0px;}}<br \/>\nDescription<br \/>\nConseils d&rsquo;utilisation<br \/>\nComposition<br \/>\nDescription<br \/>\nCe concentr\u00e9 resurfa\u00e7ant agit nuit apr\u00e8s nuit pour lisser la texture cutan\u00e9e, unifier le teint et raviver l\u2019\u00e9clat du visage. Cliniquement prouv\u00e9, il r\u00e9duit les rides de 14 %, les ridules de 19 %, am\u00e9liore la douceur de 25 % et la r\u00e9gularit\u00e9 du teint de 21 % apr\u00e8s seulement 2 mois d&rsquo;utilisation.<br \/>\nDot\u00e9 d&rsquo;une texture fluide et non-collante, ce s\u00e9rum p\u00e9n\u00e8tre rapidement, laissant la peau souple, confortable et visiblement plus jeune. Son efficacit\u00e9 est valid\u00e9e par 82 % des utilisatrices qui trouvent leur peau plus jeune et 96 % qui la sentent douce et hydrat\u00e9e.<br \/>\nConseils d&rsquo;utilisation<br \/>\nAppliquer le soir sur une peau propre et s\u00e8che, sur le visage et le cou, avant votre soin hydratant.<br \/>\nLe matin, appliquer imp\u00e9rativement une protection solaire SPF 30 ou plus, le r\u00e9tinol pouvant rendre la peau plus sensible au soleil.<br \/>\nIntroduire progressivement le produit (2-3 fois par semaine au d\u00e9but), surtout si la peau n\u2019est pas habitu\u00e9e au r\u00e9tinol.<br \/>\nComposition<br \/>\nAQUA \/ WATER, GLYCERIN, CYCLOHEXASILOXANE, ALCOHOL DENAT, PENTYLENE GLYCOL, NIACINAMIDE, DIMETHICONE, GLYCINE SOJA OIL \/ SOYBEAN OIL, PPG-6-DECYLTETRADECETH-30, SODIUM HYALURONATE, RETINOL, ADENOSINE, AMMONIUM POLYACRYLOYLDIMETHYL TAURAT, CAPRYLYL GLYCOL, CITRIC ACID, TRISODIUM ETHYLENEDIAMINE DISUCCINATE, XANTHAN GUM, POLYSILICONE-11, RETINYL PALMITATE, TOCOPHEROL, PHENOXYETHANOL, PARFUM \/ FRAGRANCE<br \/>\nD\u00e9couvrez plus de soins La Roche Posay<br \/>\nAjouter au Panier<br \/>\nAjouter au Panier<br \/>\nAjouter au Panier<br \/>\nAjouter au Panier<br \/>\nCompl\u00e9tez votre routine<br \/>\nAjouter au Panier<br \/>\nAjouter au Panier<br \/>\nAjouter au Panier<\/p>\n","protected":false},"excerpt":{"rendered":"<p>.elementor-243 .elementor-element.elementor-element-3d565325 .elementor-tab-title, .elementor-243 .elementor-element.elementor-element-3d565325 .elementor-tab-title:before, .elementor-243 .elementor-element.elementor-element-3d565325 .elementor-tab-title:after, .elementor-243 .elementor-element.elementor-element-3d565325 .elementor-tab-content, .elementor-243 .elementor-element.elementor-element-3d565325 .elementor-tabs-content-wrapper{border-width:0.5px;}.elementor-243 .elementor-element.elementor-element-3d565325 .elementor-tab-title{color:#000000;}.elementor-243 .elementor-element.elementor-element-3d565325 .elementor-tab-title.elementor-active{color:#00a28d;}.elementor-243 .elementor-element.elementor-element-3d565325<\/p>\n","protected":false},"featured_media":13239,"comment_status":"open","ping_status":"closed","template":"","meta":[],"product_brand":[132],"product_cat":[140],"product_tag":[],"class_list":{"0":"post-57965","1":"product","2":"type-product","3":"status-publish","4":"has-post-thumbnail","6":"product_brand-la-roche-posay","7":"product_cat-anti-age","9":"first","10":"instock","11":"sale","12":"shipping-taxable","13":"purchasable","14":"product-type-simple"},"yoast_head":"<!-- This site is optimized with the Yoast SEO plugin v26.6 - https:\/\/yoast.com\/wordpress\/plugins\/seo\/ -->\r\n<title>LA ROCHE POSAY RETINOL B3 SERUM 30 ML - Paracherkaoui.ma<\/title>\r\n<meta name=\"robots\" content=\"index, follow, max-snippet:-1, max-image-preview:large, max-video-preview:-1\" \/>\r\n<link rel=\"canonical\" href=\"https:\/\/paracherkaoui.ma\/index.php\/produit\/la-roche-posay-retinol-b3-serum-30-ml-3\/\" \/>\r\n<meta property=\"og:locale\" content=\"fr_FR\" \/>\r\n<meta property=\"og:type\" content=\"article\" \/>\r\n<meta property=\"og:title\" content=\"LA ROCHE POSAY RETINOL B3 SERUM 30 ML - Paracherkaoui.ma\" \/>\r\n<meta property=\"og:description\" content=\".elementor-243 .elementor-element.elementor-element-3d565325 .elementor-tab-title, .elementor-243 .elementor-element.elementor-element-3d565325 .elementor-tab-title:before, .elementor-243 .elementor-element.elementor-element-3d565325 .elementor-tab-title:after, .elementor-243 .elementor-element.elementor-element-3d565325 .elementor-tab-content, .elementor-243 .elementor-element.elementor-element-3d565325 .elementor-tabs-content-wrapper{border-width:0.5px;}.elementor-243 .elementor-element.elementor-element-3d565325 .elementor-tab-title{color:#000000;}.elementor-243 .elementor-element.elementor-element-3d565325 .elementor-tab-title.elementor-active{color:#00a28d;}.elementor-243 .elementor-element.elementor-element-3d565325\" \/>\r\n<meta property=\"og:url\" content=\"https:\/\/paracherkaoui.ma\/index.php\/produit\/la-roche-posay-retinol-b3-serum-30-ml-3\/\" \/>\r\n<meta property=\"og:site_name\" content=\"Paracherkaoui.ma\" \/>\r\n<meta property=\"article:modified_time\" content=\"2025-12-12T18:50:27+00:00\" \/>\r\n<meta property=\"og:image\" content=\"https:\/\/paracherkaoui.ma\/wp-content\/uploads\/2025\/12\/la-roche-posay-la-roche-posay-retinol-b3-serum-30-ml-cremes-et-soins-visage.jpg\" \/>\r\n\t<meta property=\"og:image:width\" content=\"700\" \/>\r\n\t<meta property=\"og:image:height\" content=\"700\" \/>\r\n\t<meta property=\"og:image:type\" content=\"image\/jpeg\" \/>\r\n<meta name=\"twitter:card\" content=\"summary_large_image\" \/>\r\n<meta name=\"twitter:label1\" content=\"Dur\u00e9e de lecture estim\u00e9e\" \/>\n\t<meta name=\"twitter:data1\" content=\"4 minutes\" \/>\r\n<script type=\"application\/ld+json\" class=\"yoast-schema-graph\">{\"@context\":\"https:\/\/schema.org\",\"@graph\":[{\"@type\":\"WebPage\",\"@id\":\"https:\/\/paracherkaoui.ma\/index.php\/produit\/la-roche-posay-retinol-b3-serum-30-ml-3\/\",\"url\":\"https:\/\/paracherkaoui.ma\/index.php\/produit\/la-roche-posay-retinol-b3-serum-30-ml-3\/\",\"name\":\"LA ROCHE POSAY RETINOL B3 SERUM 30 ML - Paracherkaoui.ma\",\"isPartOf\":{\"@id\":\"https:\/\/paracherkaoui.ma\/#website\"},\"primaryImageOfPage\":{\"@id\":\"https:\/\/paracherkaoui.ma\/index.php\/produit\/la-roche-posay-retinol-b3-serum-30-ml-3\/#primaryimage\"},\"image\":{\"@id\":\"https:\/\/paracherkaoui.ma\/index.php\/produit\/la-roche-posay-retinol-b3-serum-30-ml-3\/#primaryimage\"},\"thumbnailUrl\":\"https:\/\/paracherkaoui.ma\/wp-content\/uploads\/2025\/12\/la-roche-posay-la-roche-posay-retinol-b3-serum-30-ml-cremes-et-soins-visage.jpg\",\"datePublished\":\"2025-12-12T18:50:24+00:00\",\"dateModified\":\"2025-12-12T18:50:27+00:00\",\"breadcrumb\":{\"@id\":\"https:\/\/paracherkaoui.ma\/index.php\/produit\/la-roche-posay-retinol-b3-serum-30-ml-3\/#breadcrumb\"},\"inLanguage\":\"fr-FR\",\"potentialAction\":[{\"@type\":\"ReadAction\",\"target\":[\"https:\/\/paracherkaoui.ma\/index.php\/produit\/la-roche-posay-retinol-b3-serum-30-ml-3\/\"]}]},{\"@type\":\"ImageObject\",\"inLanguage\":\"fr-FR\",\"@id\":\"https:\/\/paracherkaoui.ma\/index.php\/produit\/la-roche-posay-retinol-b3-serum-30-ml-3\/#primaryimage\",\"url\":\"https:\/\/paracherkaoui.ma\/wp-content\/uploads\/2025\/12\/la-roche-posay-la-roche-posay-retinol-b3-serum-30-ml-cremes-et-soins-visage.jpg\",\"contentUrl\":\"https:\/\/paracherkaoui.ma\/wp-content\/uploads\/2025\/12\/la-roche-posay-la-roche-posay-retinol-b3-serum-30-ml-cremes-et-soins-visage.jpg\",\"width\":700,\"height\":700},{\"@type\":\"BreadcrumbList\",\"@id\":\"https:\/\/paracherkaoui.ma\/index.php\/produit\/la-roche-posay-retinol-b3-serum-30-ml-3\/#breadcrumb\",\"itemListElement\":[{\"@type\":\"ListItem\",\"position\":1,\"name\":\"Accueil\",\"item\":\"https:\/\/paracherkaoui.ma\/\"},{\"@type\":\"ListItem\",\"position\":2,\"name\":\"Boutique\",\"item\":\"https:\/\/paracherkaoui.ma\/index.php\/boutique\/\"},{\"@type\":\"ListItem\",\"position\":3,\"name\":\"LA ROCHE POSAY RETINOL B3 SERUM 30 ML\"}]},{\"@type\":\"WebSite\",\"@id\":\"https:\/\/paracherkaoui.ma\/#website\",\"url\":\"https:\/\/paracherkaoui.ma\/\",\"name\":\"Paracherkaoui.ma\",\"description\":\"Achetez en ligne sur Paracherkaoui.ma\",\"potentialAction\":[{\"@type\":\"SearchAction\",\"target\":{\"@type\":\"EntryPoint\",\"urlTemplate\":\"https:\/\/paracherkaoui.ma\/?s={search_term_string}\"},\"query-input\":{\"@type\":\"PropertyValueSpecification\",\"valueRequired\":true,\"valueName\":\"search_term_string\"}}],\"inLanguage\":\"fr-FR\"}]}<\/script>\r\n<!-- \/ Yoast SEO plugin. -->","yoast_head_json":{"title":"LA ROCHE POSAY RETINOL B3 SERUM 30 ML - Paracherkaoui.ma","robots":{"index":"index","follow":"follow","max-snippet":"max-snippet:-1","max-image-preview":"max-image-preview:large","max-video-preview":"max-video-preview:-1"},"canonical":"https:\/\/paracherkaoui.ma\/index.php\/produit\/la-roche-posay-retinol-b3-serum-30-ml-3\/","og_locale":"fr_FR","og_type":"article","og_title":"LA ROCHE POSAY RETINOL B3 SERUM 30 ML - Paracherkaoui.ma","og_description":".elementor-243 .elementor-element.elementor-element-3d565325 .elementor-tab-title, .elementor-243 .elementor-element.elementor-element-3d565325 .elementor-tab-title:before, .elementor-243 .elementor-element.elementor-element-3d565325 .elementor-tab-title:after, .elementor-243 .elementor-element.elementor-element-3d565325 .elementor-tab-content, .elementor-243 .elementor-element.elementor-element-3d565325 .elementor-tabs-content-wrapper{border-width:0.5px;}.elementor-243 .elementor-element.elementor-element-3d565325 .elementor-tab-title{color:#000000;}.elementor-243 .elementor-element.elementor-element-3d565325 .elementor-tab-title.elementor-active{color:#00a28d;}.elementor-243 .elementor-element.elementor-element-3d565325","og_url":"https:\/\/paracherkaoui.ma\/index.php\/produit\/la-roche-posay-retinol-b3-serum-30-ml-3\/","og_site_name":"Paracherkaoui.ma","article_modified_time":"2025-12-12T18:50:27+00:00","og_image":[{"width":700,"height":700,"url":"https:\/\/paracherkaoui.ma\/wp-content\/uploads\/2025\/12\/la-roche-posay-la-roche-posay-retinol-b3-serum-30-ml-cremes-et-soins-visage.jpg","type":"image\/jpeg"}],"twitter_card":"summary_large_image","twitter_misc":{"Dur\u00e9e de lecture estim\u00e9e":"4 minutes"},"schema":{"@context":"https:\/\/schema.org","@graph":[{"@type":"WebPage","@id":"https:\/\/paracherkaoui.ma\/index.php\/produit\/la-roche-posay-retinol-b3-serum-30-ml-3\/","url":"https:\/\/paracherkaoui.ma\/index.php\/produit\/la-roche-posay-retinol-b3-serum-30-ml-3\/","name":"LA ROCHE POSAY RETINOL B3 SERUM 30 ML - Paracherkaoui.ma","isPartOf":{"@id":"https:\/\/paracherkaoui.ma\/#website"},"primaryImageOfPage":{"@id":"https:\/\/paracherkaoui.ma\/index.php\/produit\/la-roche-posay-retinol-b3-serum-30-ml-3\/#primaryimage"},"image":{"@id":"https:\/\/paracherkaoui.ma\/index.php\/produit\/la-roche-posay-retinol-b3-serum-30-ml-3\/#primaryimage"},"thumbnailUrl":"https:\/\/paracherkaoui.ma\/wp-content\/uploads\/2025\/12\/la-roche-posay-la-roche-posay-retinol-b3-serum-30-ml-cremes-et-soins-visage.jpg","datePublished":"2025-12-12T18:50:24+00:00","dateModified":"2025-12-12T18:50:27+00:00","breadcrumb":{"@id":"https:\/\/paracherkaoui.ma\/index.php\/produit\/la-roche-posay-retinol-b3-serum-30-ml-3\/#breadcrumb"},"inLanguage":"fr-FR","potentialAction":[{"@type":"ReadAction","target":["https:\/\/paracherkaoui.ma\/index.php\/produit\/la-roche-posay-retinol-b3-serum-30-ml-3\/"]}]},{"@type":"ImageObject","inLanguage":"fr-FR","@id":"https:\/\/paracherkaoui.ma\/index.php\/produit\/la-roche-posay-retinol-b3-serum-30-ml-3\/#primaryimage","url":"https:\/\/paracherkaoui.ma\/wp-content\/uploads\/2025\/12\/la-roche-posay-la-roche-posay-retinol-b3-serum-30-ml-cremes-et-soins-visage.jpg","contentUrl":"https:\/\/paracherkaoui.ma\/wp-content\/uploads\/2025\/12\/la-roche-posay-la-roche-posay-retinol-b3-serum-30-ml-cremes-et-soins-visage.jpg","width":700,"height":700},{"@type":"BreadcrumbList","@id":"https:\/\/paracherkaoui.ma\/index.php\/produit\/la-roche-posay-retinol-b3-serum-30-ml-3\/#breadcrumb","itemListElement":[{"@type":"ListItem","position":1,"name":"Accueil","item":"https:\/\/paracherkaoui.ma\/"},{"@type":"ListItem","position":2,"name":"Boutique","item":"https:\/\/paracherkaoui.ma\/index.php\/boutique\/"},{"@type":"ListItem","position":3,"name":"LA ROCHE POSAY RETINOL B3 SERUM 30 ML"}]},{"@type":"WebSite","@id":"https:\/\/paracherkaoui.ma\/#website","url":"https:\/\/paracherkaoui.ma\/","name":"Paracherkaoui.ma","description":"Achetez en ligne sur Paracherkaoui.ma","potentialAction":[{"@type":"SearchAction","target":{"@type":"EntryPoint","urlTemplate":"https:\/\/paracherkaoui.ma\/?s={search_term_string}"},"query-input":{"@type":"PropertyValueSpecification","valueRequired":true,"valueName":"search_term_string"}}],"inLanguage":"fr-FR"}]}},"_links":{"self":[{"href":"https:\/\/paracherkaoui.ma\/index.php\/wp-json\/wp\/v2\/product\/57965","targetHints":{"allow":["GET"]}}],"collection":[{"href":"https:\/\/paracherkaoui.ma\/index.php\/wp-json\/wp\/v2\/product"}],"about":[{"href":"https:\/\/paracherkaoui.ma\/index.php\/wp-json\/wp\/v2\/types\/product"}],"replies":[{"embeddable":true,"href":"https:\/\/paracherkaoui.ma\/index.php\/wp-json\/wp\/v2\/comments?post=57965"}],"version-history":[{"count":1,"href":"https:\/\/paracherkaoui.ma\/index.php\/wp-json\/wp\/v2\/product\/57965\/revisions"}],"predecessor-version":[{"id":57995,"href":"https:\/\/paracherkaoui.ma\/index.php\/wp-json\/wp\/v2\/product\/57965\/revisions\/57995"}],"wp:featuredmedia":[{"embeddable":true,"href":"https:\/\/paracherkaoui.ma\/index.php\/wp-json\/wp\/v2\/media\/13239"}],"wp:attachment":[{"href":"https:\/\/paracherkaoui.ma\/index.php\/wp-json\/wp\/v2\/media?parent=57965"}],"wp:term":[{"taxonomy":"product_brand","embeddable":true,"href":"https:\/\/paracherkaoui.ma\/index.php\/wp-json\/wp\/v2\/product_brand?post=57965"},{"taxonomy":"product_cat","embeddable":true,"href":"https:\/\/paracherkaoui.ma\/index.php\/wp-json\/wp\/v2\/product_cat?post=57965"},{"taxonomy":"product_tag","embeddable":true,"href":"https:\/\/paracherkaoui.ma\/index.php\/wp-json\/wp\/v2\/product_tag?post=57965"}],"curies":[{"name":"wp","href":"https:\/\/api.w.org\/{rel}","templated":true}]}}