{"id":57960,"date":"2025-12-12T19:50:23","date_gmt":"2025-12-12T18:50:23","guid":{"rendered":"https:\/\/test.ecbeaute.com\/?post_type=product&#038;p=57960"},"modified":"2026-04-21T14:24:33","modified_gmt":"2026-04-21T12:24:33","slug":"la-roche-posay-pure-vitamin-c12-serum-30-ml-3","status":"publish","type":"product","link":"https:\/\/paracherkaoui.ma\/index.php\/produit\/la-roche-posay-pure-vitamin-c12-serum-30-ml-3\/","title":{"rendered":"LA ROCHE POSAY PURE VITAMIN C12 SERUM 30 ML"},"content":{"rendered":"<p>Ingredients :<br \/>\n1\/ 12% DE VITAMINE C PURE<br \/>\nActif anti-\u00e2ge de r\u00e9f\u00e9rence qui r\u00e9v\u00e8le l&rsquo;\u00e9clat de la peau et estompe les rides et ridules. La vitamine C inhibe la production de m\u00e9lanine par les m\u00e9lanocytes dans l&rsquo;\u00e9piderme pour r\u00e9duire l&rsquo;apparence des taches brunes.<br \/>\nR\u00e9sultats apr\u00e8s 2 semaines : 93% des femmes constatent une am\u00e9lioration de l&rsquo;\u00e9clat*<br \/>\n2\/ ACIDE SALICYLIQUE<br \/>\nCe s\u00e9rum \u00e0 la vitamine C est \u00e9galement enrichi en acide salicylique et combine ainsi plusieurs propri\u00e9t\u00e9s. L&rsquo;acide salicylique permet de d\u00e9sobstruer les pores et de r\u00e9duire l&rsquo;accumulation de s\u00e9bum. Naturellement pr\u00e9sent dans certains fruits, l&rsquo;acide salicylique favorise \u00e9galement l&rsquo;\u00e9limination des cellules mortes. Son action k\u00e9ratolytique permet de lisser la surface de la peau.<br \/>\n76% des femmes constatent une am\u00e9lioration de l&rsquo;uniformit\u00e9 du teint*<br \/>\n3\/ NEUROSENSINE<br \/>\nAction apaisante<br \/>\nConseils d&rsquo;utilisation<br \/>\nAppliquer le s\u00e9rum \u00e0 la vitamine C le matin sur l&rsquo;ensemble du visage.<br \/>\nComposition<br \/>\nAQUA \/ WATER \/ EAU \u2022 ASCORBIC ACID \u2022 DIMETHICONE \u2022 GLYCERIN \u2022 ALCOHOL DENAT. \u2022 POTASSIUM HYDROXIDE \u2022 POLYSILICONE-11 \u2022 SILICA \u2022 PENTAERYTHRITYL TETRAETHYLHEXANOATE \u2022 PEG-20 METHYL GLUCOSE SESQUISTEARATE \u2022 SODIUM HYALURONATE \u2022 ADENOSINE \u2022 POLOXAMER 338 \u2022 AMMONIUM POLYACRYLOYLDIMETHYL TAURATE \u2022 HYDROLYZED HYALURONIC ACID \u2022 CAPRYLIC\/CAPRIC TRIGLYCERIDE \u2022 CAPRYLYL GLYCOL \u2022 CITRIC ACID \u2022 LAURETH-7 \u2022 TRISODIUM ETHYLENEDIAMINE DISUCCINATE \u2022 BIS-PEG\/PPG-16\/16 PEG\/PPG-16\/16 DIMETHICONE \u2022 ACETYL DIPEPTIDE-1 CETYL ESTER \u2022 XANTHAN GUM \u2022 PENTYLENE GLYCOL \u2022 POLYACRYLAMIDE \u2022 C13-14 ISOALKANE \u2022 TOCOPHEROL \u2022 PENTAERYTHRITYL TETRA-DI-T-BUTYL HYDROXYHYDROCINNAMATE \u2022 SALICYLIC ACID \u2022 PARFUM \/ FRAGRANCE (F.I.L. N70040246\/1)<br \/>\nD\u00e9couvrez plus de soins La Roche Posay<\/p>\n","protected":false},"excerpt":{"rendered":"<p>Ingredients : 1\/ 12% DE VITAMINE C PURE Actif anti-\u00e2ge de r\u00e9f\u00e9rence qui r\u00e9v\u00e8le l&rsquo;\u00e9clat de la peau et estompe<\/p>\n","protected":false},"featured_media":13226,"comment_status":"open","ping_status":"closed","template":"","meta":[],"product_brand":[132],"product_cat":[140,1109],"product_tag":[],"class_list":{"0":"post-57960","1":"product","2":"type-product","3":"status-publish","4":"has-post-thumbnail","6":"product_brand-la-roche-posay","7":"product_cat-anti-age","8":"product_cat-best-seller","10":"first","11":"instock","12":"sale","13":"shipping-taxable","14":"purchasable","15":"product-type-simple"},"yoast_head":"<!-- This site is optimized with the Yoast SEO plugin v26.6 - https:\/\/yoast.com\/wordpress\/plugins\/seo\/ -->\r\n<title>LA ROCHE POSAY PURE VITAMIN C12 SERUM 30 ML - Paracherkaoui.ma<\/title>\r\n<meta name=\"robots\" content=\"index, follow, max-snippet:-1, max-image-preview:large, max-video-preview:-1\" \/>\r\n<link rel=\"canonical\" href=\"https:\/\/paracherkaoui.ma\/index.php\/produit\/la-roche-posay-pure-vitamin-c12-serum-30-ml-3\/\" \/>\r\n<meta property=\"og:locale\" content=\"fr_FR\" \/>\r\n<meta property=\"og:type\" content=\"article\" \/>\r\n<meta property=\"og:title\" content=\"LA ROCHE POSAY PURE VITAMIN C12 SERUM 30 ML - Paracherkaoui.ma\" \/>\r\n<meta property=\"og:description\" content=\"Ingredients : 1\/ 12% DE VITAMINE C PURE Actif anti-\u00e2ge de r\u00e9f\u00e9rence qui r\u00e9v\u00e8le l&rsquo;\u00e9clat de la peau et estompe\" \/>\r\n<meta property=\"og:url\" content=\"https:\/\/paracherkaoui.ma\/index.php\/produit\/la-roche-posay-pure-vitamin-c12-serum-30-ml-3\/\" \/>\r\n<meta property=\"og:site_name\" content=\"Paracherkaoui.ma\" \/>\r\n<meta property=\"article:modified_time\" content=\"2026-04-21T12:24:33+00:00\" \/>\r\n<meta property=\"og:image\" content=\"https:\/\/paracherkaoui.ma\/wp-content\/uploads\/2025\/12\/la-roche-posay-la-roche-posay-pure-vitamin-c12-serum-30-ml-cremes-et-soins-visage.jpg\" \/>\r\n\t<meta property=\"og:image:width\" content=\"700\" \/>\r\n\t<meta property=\"og:image:height\" content=\"700\" \/>\r\n\t<meta property=\"og:image:type\" content=\"image\/jpeg\" \/>\r\n<meta name=\"twitter:card\" content=\"summary_large_image\" \/>\r\n<meta name=\"twitter:label1\" content=\"Dur\u00e9e de lecture estim\u00e9e\" \/>\n\t<meta name=\"twitter:data1\" content=\"2 minutes\" \/>\r\n<script type=\"application\/ld+json\" class=\"yoast-schema-graph\">{\"@context\":\"https:\/\/schema.org\",\"@graph\":[{\"@type\":\"WebPage\",\"@id\":\"https:\/\/paracherkaoui.ma\/index.php\/produit\/la-roche-posay-pure-vitamin-c12-serum-30-ml-3\/\",\"url\":\"https:\/\/paracherkaoui.ma\/index.php\/produit\/la-roche-posay-pure-vitamin-c12-serum-30-ml-3\/\",\"name\":\"LA ROCHE POSAY PURE VITAMIN C12 SERUM 30 ML - Paracherkaoui.ma\",\"isPartOf\":{\"@id\":\"https:\/\/paracherkaoui.ma\/#website\"},\"primaryImageOfPage\":{\"@id\":\"https:\/\/paracherkaoui.ma\/index.php\/produit\/la-roche-posay-pure-vitamin-c12-serum-30-ml-3\/#primaryimage\"},\"image\":{\"@id\":\"https:\/\/paracherkaoui.ma\/index.php\/produit\/la-roche-posay-pure-vitamin-c12-serum-30-ml-3\/#primaryimage\"},\"thumbnailUrl\":\"https:\/\/paracherkaoui.ma\/wp-content\/uploads\/2025\/12\/la-roche-posay-la-roche-posay-pure-vitamin-c12-serum-30-ml-cremes-et-soins-visage.jpg\",\"datePublished\":\"2025-12-12T18:50:23+00:00\",\"dateModified\":\"2026-04-21T12:24:33+00:00\",\"breadcrumb\":{\"@id\":\"https:\/\/paracherkaoui.ma\/index.php\/produit\/la-roche-posay-pure-vitamin-c12-serum-30-ml-3\/#breadcrumb\"},\"inLanguage\":\"fr-FR\",\"potentialAction\":[{\"@type\":\"ReadAction\",\"target\":[\"https:\/\/paracherkaoui.ma\/index.php\/produit\/la-roche-posay-pure-vitamin-c12-serum-30-ml-3\/\"]}]},{\"@type\":\"ImageObject\",\"inLanguage\":\"fr-FR\",\"@id\":\"https:\/\/paracherkaoui.ma\/index.php\/produit\/la-roche-posay-pure-vitamin-c12-serum-30-ml-3\/#primaryimage\",\"url\":\"https:\/\/paracherkaoui.ma\/wp-content\/uploads\/2025\/12\/la-roche-posay-la-roche-posay-pure-vitamin-c12-serum-30-ml-cremes-et-soins-visage.jpg\",\"contentUrl\":\"https:\/\/paracherkaoui.ma\/wp-content\/uploads\/2025\/12\/la-roche-posay-la-roche-posay-pure-vitamin-c12-serum-30-ml-cremes-et-soins-visage.jpg\",\"width\":700,\"height\":700},{\"@type\":\"BreadcrumbList\",\"@id\":\"https:\/\/paracherkaoui.ma\/index.php\/produit\/la-roche-posay-pure-vitamin-c12-serum-30-ml-3\/#breadcrumb\",\"itemListElement\":[{\"@type\":\"ListItem\",\"position\":1,\"name\":\"Accueil\",\"item\":\"https:\/\/paracherkaoui.ma\/\"},{\"@type\":\"ListItem\",\"position\":2,\"name\":\"Boutique\",\"item\":\"https:\/\/paracherkaoui.ma\/index.php\/boutique\/\"},{\"@type\":\"ListItem\",\"position\":3,\"name\":\"LA ROCHE POSAY PURE VITAMIN C12 SERUM 30 ML\"}]},{\"@type\":\"WebSite\",\"@id\":\"https:\/\/paracherkaoui.ma\/#website\",\"url\":\"https:\/\/paracherkaoui.ma\/\",\"name\":\"Paracherkaoui.ma\",\"description\":\"Achetez en ligne sur Paracherkaoui.ma\",\"potentialAction\":[{\"@type\":\"SearchAction\",\"target\":{\"@type\":\"EntryPoint\",\"urlTemplate\":\"https:\/\/paracherkaoui.ma\/?s={search_term_string}\"},\"query-input\":{\"@type\":\"PropertyValueSpecification\",\"valueRequired\":true,\"valueName\":\"search_term_string\"}}],\"inLanguage\":\"fr-FR\"}]}<\/script>\r\n<!-- \/ Yoast SEO plugin. -->","yoast_head_json":{"title":"LA ROCHE POSAY PURE VITAMIN C12 SERUM 30 ML - Paracherkaoui.ma","robots":{"index":"index","follow":"follow","max-snippet":"max-snippet:-1","max-image-preview":"max-image-preview:large","max-video-preview":"max-video-preview:-1"},"canonical":"https:\/\/paracherkaoui.ma\/index.php\/produit\/la-roche-posay-pure-vitamin-c12-serum-30-ml-3\/","og_locale":"fr_FR","og_type":"article","og_title":"LA ROCHE POSAY PURE VITAMIN C12 SERUM 30 ML - Paracherkaoui.ma","og_description":"Ingredients : 1\/ 12% DE VITAMINE C PURE Actif anti-\u00e2ge de r\u00e9f\u00e9rence qui r\u00e9v\u00e8le l&rsquo;\u00e9clat de la peau et estompe","og_url":"https:\/\/paracherkaoui.ma\/index.php\/produit\/la-roche-posay-pure-vitamin-c12-serum-30-ml-3\/","og_site_name":"Paracherkaoui.ma","article_modified_time":"2026-04-21T12:24:33+00:00","og_image":[{"width":700,"height":700,"url":"https:\/\/paracherkaoui.ma\/wp-content\/uploads\/2025\/12\/la-roche-posay-la-roche-posay-pure-vitamin-c12-serum-30-ml-cremes-et-soins-visage.jpg","type":"image\/jpeg"}],"twitter_card":"summary_large_image","twitter_misc":{"Dur\u00e9e de lecture estim\u00e9e":"2 minutes"},"schema":{"@context":"https:\/\/schema.org","@graph":[{"@type":"WebPage","@id":"https:\/\/paracherkaoui.ma\/index.php\/produit\/la-roche-posay-pure-vitamin-c12-serum-30-ml-3\/","url":"https:\/\/paracherkaoui.ma\/index.php\/produit\/la-roche-posay-pure-vitamin-c12-serum-30-ml-3\/","name":"LA ROCHE POSAY PURE VITAMIN C12 SERUM 30 ML - Paracherkaoui.ma","isPartOf":{"@id":"https:\/\/paracherkaoui.ma\/#website"},"primaryImageOfPage":{"@id":"https:\/\/paracherkaoui.ma\/index.php\/produit\/la-roche-posay-pure-vitamin-c12-serum-30-ml-3\/#primaryimage"},"image":{"@id":"https:\/\/paracherkaoui.ma\/index.php\/produit\/la-roche-posay-pure-vitamin-c12-serum-30-ml-3\/#primaryimage"},"thumbnailUrl":"https:\/\/paracherkaoui.ma\/wp-content\/uploads\/2025\/12\/la-roche-posay-la-roche-posay-pure-vitamin-c12-serum-30-ml-cremes-et-soins-visage.jpg","datePublished":"2025-12-12T18:50:23+00:00","dateModified":"2026-04-21T12:24:33+00:00","breadcrumb":{"@id":"https:\/\/paracherkaoui.ma\/index.php\/produit\/la-roche-posay-pure-vitamin-c12-serum-30-ml-3\/#breadcrumb"},"inLanguage":"fr-FR","potentialAction":[{"@type":"ReadAction","target":["https:\/\/paracherkaoui.ma\/index.php\/produit\/la-roche-posay-pure-vitamin-c12-serum-30-ml-3\/"]}]},{"@type":"ImageObject","inLanguage":"fr-FR","@id":"https:\/\/paracherkaoui.ma\/index.php\/produit\/la-roche-posay-pure-vitamin-c12-serum-30-ml-3\/#primaryimage","url":"https:\/\/paracherkaoui.ma\/wp-content\/uploads\/2025\/12\/la-roche-posay-la-roche-posay-pure-vitamin-c12-serum-30-ml-cremes-et-soins-visage.jpg","contentUrl":"https:\/\/paracherkaoui.ma\/wp-content\/uploads\/2025\/12\/la-roche-posay-la-roche-posay-pure-vitamin-c12-serum-30-ml-cremes-et-soins-visage.jpg","width":700,"height":700},{"@type":"BreadcrumbList","@id":"https:\/\/paracherkaoui.ma\/index.php\/produit\/la-roche-posay-pure-vitamin-c12-serum-30-ml-3\/#breadcrumb","itemListElement":[{"@type":"ListItem","position":1,"name":"Accueil","item":"https:\/\/paracherkaoui.ma\/"},{"@type":"ListItem","position":2,"name":"Boutique","item":"https:\/\/paracherkaoui.ma\/index.php\/boutique\/"},{"@type":"ListItem","position":3,"name":"LA ROCHE POSAY PURE VITAMIN C12 SERUM 30 ML"}]},{"@type":"WebSite","@id":"https:\/\/paracherkaoui.ma\/#website","url":"https:\/\/paracherkaoui.ma\/","name":"Paracherkaoui.ma","description":"Achetez en ligne sur Paracherkaoui.ma","potentialAction":[{"@type":"SearchAction","target":{"@type":"EntryPoint","urlTemplate":"https:\/\/paracherkaoui.ma\/?s={search_term_string}"},"query-input":{"@type":"PropertyValueSpecification","valueRequired":true,"valueName":"search_term_string"}}],"inLanguage":"fr-FR"}]}},"_links":{"self":[{"href":"https:\/\/paracherkaoui.ma\/index.php\/wp-json\/wp\/v2\/product\/57960","targetHints":{"allow":["GET"]}}],"collection":[{"href":"https:\/\/paracherkaoui.ma\/index.php\/wp-json\/wp\/v2\/product"}],"about":[{"href":"https:\/\/paracherkaoui.ma\/index.php\/wp-json\/wp\/v2\/types\/product"}],"replies":[{"embeddable":true,"href":"https:\/\/paracherkaoui.ma\/index.php\/wp-json\/wp\/v2\/comments?post=57960"}],"version-history":[{"count":3,"href":"https:\/\/paracherkaoui.ma\/index.php\/wp-json\/wp\/v2\/product\/57960\/revisions"}],"predecessor-version":[{"id":58824,"href":"https:\/\/paracherkaoui.ma\/index.php\/wp-json\/wp\/v2\/product\/57960\/revisions\/58824"}],"wp:featuredmedia":[{"embeddable":true,"href":"https:\/\/paracherkaoui.ma\/index.php\/wp-json\/wp\/v2\/media\/13226"}],"wp:attachment":[{"href":"https:\/\/paracherkaoui.ma\/index.php\/wp-json\/wp\/v2\/media?parent=57960"}],"wp:term":[{"taxonomy":"product_brand","embeddable":true,"href":"https:\/\/paracherkaoui.ma\/index.php\/wp-json\/wp\/v2\/product_brand?post=57960"},{"taxonomy":"product_cat","embeddable":true,"href":"https:\/\/paracherkaoui.ma\/index.php\/wp-json\/wp\/v2\/product_cat?post=57960"},{"taxonomy":"product_tag","embeddable":true,"href":"https:\/\/paracherkaoui.ma\/index.php\/wp-json\/wp\/v2\/product_tag?post=57960"}],"curies":[{"name":"wp","href":"https:\/\/api.w.org\/{rel}","templated":true}]}}