{"id":57953,"date":"2025-12-12T19:50:23","date_gmt":"2025-12-12T18:50:23","guid":{"rendered":"https:\/\/test.ecbeaute.com\/?post_type=product&#038;p=57953"},"modified":"2025-12-12T19:50:26","modified_gmt":"2025-12-12T18:50:26","slug":"vichy-normaderm-probio-bha-serum-30-ml-4","status":"publish","type":"product","link":"https:\/\/paracherkaoui.ma\/index.php\/produit\/vichy-normaderm-probio-bha-serum-30-ml-4\/","title":{"rendered":"VICHY NORMADERM PROBIO BHA SERUM 30 ML"},"content":{"rendered":"<p>.elementor-228 .elementor-element.elementor-element-5e2bfc11 .elementor-tab-title, .elementor-228 .elementor-element.elementor-element-5e2bfc11 .elementor-tab-title:before, .elementor-228 .elementor-element.elementor-element-5e2bfc11 .elementor-tab-title:after, .elementor-228 .elementor-element.elementor-element-5e2bfc11 .elementor-tab-content, .elementor-228 .elementor-element.elementor-element-5e2bfc11 .elementor-tabs-content-wrapper{border-width:0.5px;}.elementor-228 .elementor-element.elementor-element-5e2bfc11 .elementor-tab-title{color:#000000;}.elementor-228 .elementor-element.elementor-element-5e2bfc11 .elementor-tab-title.elementor-active{color:#00a28d;}.elementor-228 .elementor-element.elementor-element-5e2bfc11 .elementor-tab-content{color:#000000;}.elementor-228 .elementor-element.elementor-element-525c733c .axps-swiper-slider .swiper-slide img{width:auto;}.elementor-228 .elementor-element.elementor-element-525c733c .wrapper-items:not(.swiper-container-initialized) .item{-ms-flex:0 0 calc(100%\/2);flex:0 0 calc(100%\/2);max-width:calc(100%\/2);}.elementor-228 .elementor-element.elementor-element-525c733c .wrapper-items .swiper-slide{padding-left:calc(30px\/2);padding-right:calc(30px\/2);}.elementor-228 .elementor-element.elementor-element-525c733c .wrapper-items .swiper-slide .item-inner{margin-bottom:30px;}.elementor-228 .elementor-element.elementor-element-525c733c .wrapper-items{margin-left:calc(-30px\/2);margin-right:calc(-30px\/2);}.elementor-228 .elementor-element.elementor-element-525c733c .swiper-wrapper .item-inner{text-align:center;}.elementor-228 .elementor-element.elementor-element-7714662{margin-top:-16px;margin-bottom:0px;}.elementor-228 .elementor-element.elementor-element-321bae6 > .elementor-widget-container{margin:-46px 0px 0px 0px;}.elementor-228 .elementor-element.elementor-element-d0ff724 > .elementor-widget-container{margin:-46px 0px 0px 0px;}.elementor-228 .elementor-element.elementor-element-f17fae6 > .elementor-widget-container{margin:-46px 0px 0px 0px;}.elementor-228 .elementor-element.elementor-element-14a4c93 > .elementor-widget-container{margin:-46px 0px 0px 0px;}.elementor-228 .elementor-element.elementor-element-30a7cb7e{margin-top:-16px;margin-bottom:0px;}.elementor-228 .elementor-element.elementor-element-3e79566c > .elementor-widget-container{margin:-46px 0px 0px 0px;}.elementor-228 .elementor-element.elementor-element-7d2626ed > .elementor-widget-container{margin:-46px 0px 0px 0px;}.elementor-228 .elementor-element.elementor-element-3911b93a > .elementor-widget-container{margin:-46px 0px 0px 0px;}@media(max-width:1024px){.elementor-228 .elementor-element.elementor-element-525c733c .wrapper-items:not(.swiper-container-initialized) .item{-ms-flex:0 0 calc(100%\/4);flex:0 0 calc(100%\/4);max-width:calc(100%\/4);}.elementor-228 .elementor-element.elementor-element-525c733c .wrapper-items .swiper-slide{padding-left:calc(20px\/2);padding-right:calc(20px\/2);}.elementor-228 .elementor-element.elementor-element-525c733c .wrapper-items .swiper-slide .item-inner{margin-bottom:20px;}.elementor-228 .elementor-element.elementor-element-525c733c .wrapper-items{margin-left:calc(-20px\/2);margin-right:calc(-20px\/2);}.elementor-228 .elementor-element.elementor-element-321bae6 > .elementor-widget-container{margin:-33px 0px 0px 0px;}.elementor-228 .elementor-element.elementor-element-d0ff724 > .elementor-widget-container{margin:-33px 0px 0px 0px;}.elementor-228 .elementor-element.elementor-element-f17fae6 > .elementor-widget-container{margin:-33px 0px 0px 0px;}.elementor-228 .elementor-element.elementor-element-14a4c93 > .elementor-widget-container{margin:-33px 0px 0px 0px;}.elementor-228 .elementor-element.elementor-element-3e79566c > .elementor-widget-container{margin:-33px 0px 0px 0px;}.elementor-228 .elementor-element.elementor-element-7d2626ed > .elementor-widget-container{margin:-33px 0px 0px 0px;}.elementor-228 .elementor-element.elementor-element-3911b93a > .elementor-widget-container{margin:-33px 0px 0px 0px;}}@media(max-width:767px){.elementor-228 .elementor-element.elementor-element-525c733c .wrapper-items:not(.swiper-container-initialized) .item{-ms-flex:0 0 calc(100%\/4);flex:0 0 calc(100%\/4);max-width:calc(100%\/4);}.elementor-228 .elementor-element.elementor-element-525c733c .wrapper-items .swiper-slide{padding-left:calc(10px\/2);padding-right:calc(10px\/2);}.elementor-228 .elementor-element.elementor-element-525c733c .wrapper-items .swiper-slide .item-inner{margin-bottom:10px;}.elementor-228 .elementor-element.elementor-element-525c733c .wrapper-items{margin-left:calc(-10px\/2);margin-right:calc(-10px\/2);}.elementor-228 .elementor-element.elementor-element-f7a31a4{width:50%;}.elementor-228 .elementor-element.elementor-element-321bae6 > .elementor-widget-container{margin:-26px 0px 0px 0px;}.elementor-228 .elementor-element.elementor-element-404eb90{width:50%;}.elementor-228 .elementor-element.elementor-element-d0ff724 > .elementor-widget-container{margin:-26px 0px 0px 0px;}.elementor-228 .elementor-element.elementor-element-b556d9a{width:50%;}.elementor-228 .elementor-element.elementor-element-f17fae6 > .elementor-widget-container{margin:-26px 0px 0px 0px;}.elementor-228 .elementor-element.elementor-element-1aa10b3{width:50%;}.elementor-228 .elementor-element.elementor-element-14a4c93 > .elementor-widget-container{margin:-26px 0px 0px 0px;}.elementor-228 .elementor-element.elementor-element-b6a8047{width:50%;}.elementor-228 .elementor-element.elementor-element-3e79566c > .elementor-widget-container{margin:-26px 0px 0px 0px;}.elementor-228 .elementor-element.elementor-element-202dbfa8{width:50%;}.elementor-228 .elementor-element.elementor-element-7d2626ed > .elementor-widget-container{margin:-26px 0px 0px 0px;}.elementor-228 .elementor-element.elementor-element-5d63a2bf{width:50%;}.elementor-228 .elementor-element.elementor-element-3911b93a > .elementor-widget-container{margin:-26px 0px 0px 0px;}}<br \/>\nDescription<br \/>\nConseils d&rsquo;utilisation<br \/>\nComposition<br \/>\nDescription<br \/>\nEnrichi en\u00a0acide salicylique, ce s\u00e9rum exfolie en douceur, d\u00e9sincruste les pores et lutte contre les inflammations responsables des \u00e9ruptions cutan\u00e9es. L\u2019acide glycolique\u00a0favorise le renouvellement cellulaire, affine le grain de peau et redonne de l\u2019\u00e9clat au teint. Les\u00a0probiotiques\u00a0viennent apaiser la peau et renforcer la barri\u00e8re cutan\u00e9e, am\u00e9liorant ainsi la tol\u00e9rance aux acides. Enfin, l\u2019eau volcanique de Vichy, riche en min\u00e9raux, prot\u00e8ge et revitalise la peau.<br \/>\nCliniquement prouv\u00e9 : en seulement\u00a042 jours, ce s\u00e9rum r\u00e9duit jusqu\u2019\u00e0\u00a052% des \u00e9ruptions,\u00a057% du s\u00e9bum,\u00a027% des points noirs\u00a0et\u00a066% des marques rouges. Hypoallerg\u00e9nique, non com\u00e9dog\u00e8ne et test\u00e9 sous contr\u00f4le dermatologique, il convient parfaitement aux peaux sensibles.<br \/>\nAdoptez ce\u00a0s\u00e9rum anti-imperfections\u00a0dans votre routine pour une peau visiblement plus nette, plus lisse et plus saine jour apr\u00e8s jour.<br \/>\nConseils d&rsquo;utilisation<br \/>\nAppliquer\u00a0une fois par jour\u00a0sur peau parfaitement\u00a0nettoy\u00e9e et s\u00e8che.<br \/>\nD\u00e9poser quelques gouttes dans la paume ou directement sur le visage.<br \/>\n\u00c9viter le contour des yeux\u00a0et\u00a0l\u2019exposition au soleil.<br \/>\nUtiliser un\u00a0soin solaire SPF 20 minimum\u00a0en compl\u00e9ment si application le matin.<br \/>\nEn cas d\u2019irritation, espacer les applications.<br \/>\nComposition<br \/>\nAQUA \/ WATER, ALCOHOL DENAT., HYDROXYETHYLPIPERAZINE ETHANE SULFONIC ACID, GLYCOLIC ACID, GLYCERIN, PROPANEDIOL, SODIUM HYDROXIDE, PEG\/PPG\/POLYBUTYLENE GLYCOL-8\/5\/3 GLYCERIN, SALICYLIC ACID, SODIUM POLYACRYLATE, ADENOSINE, AMMONIUM POLYACRYLOYLDIMETHYL TAURATE, ASCORBYL GLUCOSIDE, VITREOSCILLA FERMENT, TRISODIUM ETHYLENEDIAMINE DISUCCINATE, XANTHAN GUM, PANTHENOL, MENTHOL<br \/>\nAjouter au Panier<br \/>\nAjouter au Panier<br \/>\nAjouter au Panier<br \/>\nAjouter au Panier<br \/>\nAjouter au Panier<br \/>\nAjouter au Panier<br \/>\nAjouter au Panier<\/p>\n","protected":false},"excerpt":{"rendered":"<p>.elementor-228 .elementor-element.elementor-element-5e2bfc11 .elementor-tab-title, .elementor-228 .elementor-element.elementor-element-5e2bfc11 .elementor-tab-title:before, .elementor-228 .elementor-element.elementor-element-5e2bfc11 .elementor-tab-title:after, .elementor-228 .elementor-element.elementor-element-5e2bfc11 .elementor-tab-content, .elementor-228 .elementor-element.elementor-element-5e2bfc11 .elementor-tabs-content-wrapper{border-width:0.5px;}.elementor-228 .elementor-element.elementor-element-5e2bfc11 .elementor-tab-title{color:#000000;}.elementor-228 .elementor-element.elementor-element-5e2bfc11 .elementor-tab-title.elementor-active{color:#00a28d;}.elementor-228 .elementor-element.elementor-element-5e2bfc11<\/p>\n","protected":false},"featured_media":14036,"comment_status":"open","ping_status":"closed","template":"","meta":[],"product_brand":[139],"product_cat":[129],"product_tag":[],"class_list":{"0":"post-57953","1":"product","2":"type-product","3":"status-publish","4":"has-post-thumbnail","6":"product_brand-vichy","7":"product_cat-acne","9":"first","10":"instock","11":"sale","12":"shipping-taxable","13":"purchasable","14":"product-type-simple"},"yoast_head":"<!-- This site is optimized with the Yoast SEO plugin v26.6 - https:\/\/yoast.com\/wordpress\/plugins\/seo\/ -->\r\n<title>VICHY NORMADERM PROBIO BHA SERUM 30 ML - Paracherkaoui.ma<\/title>\r\n<meta name=\"robots\" content=\"index, follow, max-snippet:-1, max-image-preview:large, max-video-preview:-1\" \/>\r\n<link rel=\"canonical\" href=\"https:\/\/paracherkaoui.ma\/index.php\/produit\/vichy-normaderm-probio-bha-serum-30-ml-4\/\" \/>\r\n<meta property=\"og:locale\" content=\"fr_FR\" \/>\r\n<meta property=\"og:type\" content=\"article\" \/>\r\n<meta property=\"og:title\" content=\"VICHY NORMADERM PROBIO BHA SERUM 30 ML - Paracherkaoui.ma\" \/>\r\n<meta property=\"og:description\" content=\".elementor-228 .elementor-element.elementor-element-5e2bfc11 .elementor-tab-title, .elementor-228 .elementor-element.elementor-element-5e2bfc11 .elementor-tab-title:before, .elementor-228 .elementor-element.elementor-element-5e2bfc11 .elementor-tab-title:after, .elementor-228 .elementor-element.elementor-element-5e2bfc11 .elementor-tab-content, .elementor-228 .elementor-element.elementor-element-5e2bfc11 .elementor-tabs-content-wrapper{border-width:0.5px;}.elementor-228 .elementor-element.elementor-element-5e2bfc11 .elementor-tab-title{color:#000000;}.elementor-228 .elementor-element.elementor-element-5e2bfc11 .elementor-tab-title.elementor-active{color:#00a28d;}.elementor-228 .elementor-element.elementor-element-5e2bfc11\" \/>\r\n<meta property=\"og:url\" content=\"https:\/\/paracherkaoui.ma\/index.php\/produit\/vichy-normaderm-probio-bha-serum-30-ml-4\/\" \/>\r\n<meta property=\"og:site_name\" content=\"Paracherkaoui.ma\" \/>\r\n<meta property=\"article:modified_time\" content=\"2025-12-12T18:50:26+00:00\" \/>\r\n<meta property=\"og:image\" content=\"https:\/\/paracherkaoui.ma\/wp-content\/uploads\/2025\/12\/vichy-vichy-normaderm-probio-bha-serum-30-ml-cremes-depigmentantes.jpg\" \/>\r\n\t<meta property=\"og:image:width\" content=\"700\" \/>\r\n\t<meta property=\"og:image:height\" content=\"700\" \/>\r\n\t<meta property=\"og:image:type\" content=\"image\/jpeg\" \/>\r\n<meta name=\"twitter:card\" content=\"summary_large_image\" \/>\r\n<meta name=\"twitter:label1\" content=\"Dur\u00e9e de lecture estim\u00e9e\" \/>\n\t<meta name=\"twitter:data1\" content=\"4 minutes\" \/>\r\n<script type=\"application\/ld+json\" class=\"yoast-schema-graph\">{\"@context\":\"https:\/\/schema.org\",\"@graph\":[{\"@type\":\"WebPage\",\"@id\":\"https:\/\/paracherkaoui.ma\/index.php\/produit\/vichy-normaderm-probio-bha-serum-30-ml-4\/\",\"url\":\"https:\/\/paracherkaoui.ma\/index.php\/produit\/vichy-normaderm-probio-bha-serum-30-ml-4\/\",\"name\":\"VICHY NORMADERM PROBIO BHA SERUM 30 ML - Paracherkaoui.ma\",\"isPartOf\":{\"@id\":\"https:\/\/paracherkaoui.ma\/#website\"},\"primaryImageOfPage\":{\"@id\":\"https:\/\/paracherkaoui.ma\/index.php\/produit\/vichy-normaderm-probio-bha-serum-30-ml-4\/#primaryimage\"},\"image\":{\"@id\":\"https:\/\/paracherkaoui.ma\/index.php\/produit\/vichy-normaderm-probio-bha-serum-30-ml-4\/#primaryimage\"},\"thumbnailUrl\":\"https:\/\/paracherkaoui.ma\/wp-content\/uploads\/2025\/12\/vichy-vichy-normaderm-probio-bha-serum-30-ml-cremes-depigmentantes.jpg\",\"datePublished\":\"2025-12-12T18:50:23+00:00\",\"dateModified\":\"2025-12-12T18:50:26+00:00\",\"breadcrumb\":{\"@id\":\"https:\/\/paracherkaoui.ma\/index.php\/produit\/vichy-normaderm-probio-bha-serum-30-ml-4\/#breadcrumb\"},\"inLanguage\":\"fr-FR\",\"potentialAction\":[{\"@type\":\"ReadAction\",\"target\":[\"https:\/\/paracherkaoui.ma\/index.php\/produit\/vichy-normaderm-probio-bha-serum-30-ml-4\/\"]}]},{\"@type\":\"ImageObject\",\"inLanguage\":\"fr-FR\",\"@id\":\"https:\/\/paracherkaoui.ma\/index.php\/produit\/vichy-normaderm-probio-bha-serum-30-ml-4\/#primaryimage\",\"url\":\"https:\/\/paracherkaoui.ma\/wp-content\/uploads\/2025\/12\/vichy-vichy-normaderm-probio-bha-serum-30-ml-cremes-depigmentantes.jpg\",\"contentUrl\":\"https:\/\/paracherkaoui.ma\/wp-content\/uploads\/2025\/12\/vichy-vichy-normaderm-probio-bha-serum-30-ml-cremes-depigmentantes.jpg\",\"width\":700,\"height\":700},{\"@type\":\"BreadcrumbList\",\"@id\":\"https:\/\/paracherkaoui.ma\/index.php\/produit\/vichy-normaderm-probio-bha-serum-30-ml-4\/#breadcrumb\",\"itemListElement\":[{\"@type\":\"ListItem\",\"position\":1,\"name\":\"Accueil\",\"item\":\"https:\/\/paracherkaoui.ma\/\"},{\"@type\":\"ListItem\",\"position\":2,\"name\":\"Boutique\",\"item\":\"https:\/\/paracherkaoui.ma\/index.php\/boutique\/\"},{\"@type\":\"ListItem\",\"position\":3,\"name\":\"VICHY NORMADERM PROBIO BHA SERUM 30 ML\"}]},{\"@type\":\"WebSite\",\"@id\":\"https:\/\/paracherkaoui.ma\/#website\",\"url\":\"https:\/\/paracherkaoui.ma\/\",\"name\":\"Paracherkaoui.ma\",\"description\":\"Achetez en ligne sur Paracherkaoui.ma\",\"potentialAction\":[{\"@type\":\"SearchAction\",\"target\":{\"@type\":\"EntryPoint\",\"urlTemplate\":\"https:\/\/paracherkaoui.ma\/?s={search_term_string}\"},\"query-input\":{\"@type\":\"PropertyValueSpecification\",\"valueRequired\":true,\"valueName\":\"search_term_string\"}}],\"inLanguage\":\"fr-FR\"}]}<\/script>\r\n<!-- \/ Yoast SEO plugin. -->","yoast_head_json":{"title":"VICHY NORMADERM PROBIO BHA SERUM 30 ML - Paracherkaoui.ma","robots":{"index":"index","follow":"follow","max-snippet":"max-snippet:-1","max-image-preview":"max-image-preview:large","max-video-preview":"max-video-preview:-1"},"canonical":"https:\/\/paracherkaoui.ma\/index.php\/produit\/vichy-normaderm-probio-bha-serum-30-ml-4\/","og_locale":"fr_FR","og_type":"article","og_title":"VICHY NORMADERM PROBIO BHA SERUM 30 ML - Paracherkaoui.ma","og_description":".elementor-228 .elementor-element.elementor-element-5e2bfc11 .elementor-tab-title, .elementor-228 .elementor-element.elementor-element-5e2bfc11 .elementor-tab-title:before, .elementor-228 .elementor-element.elementor-element-5e2bfc11 .elementor-tab-title:after, .elementor-228 .elementor-element.elementor-element-5e2bfc11 .elementor-tab-content, .elementor-228 .elementor-element.elementor-element-5e2bfc11 .elementor-tabs-content-wrapper{border-width:0.5px;}.elementor-228 .elementor-element.elementor-element-5e2bfc11 .elementor-tab-title{color:#000000;}.elementor-228 .elementor-element.elementor-element-5e2bfc11 .elementor-tab-title.elementor-active{color:#00a28d;}.elementor-228 .elementor-element.elementor-element-5e2bfc11","og_url":"https:\/\/paracherkaoui.ma\/index.php\/produit\/vichy-normaderm-probio-bha-serum-30-ml-4\/","og_site_name":"Paracherkaoui.ma","article_modified_time":"2025-12-12T18:50:26+00:00","og_image":[{"width":700,"height":700,"url":"https:\/\/paracherkaoui.ma\/wp-content\/uploads\/2025\/12\/vichy-vichy-normaderm-probio-bha-serum-30-ml-cremes-depigmentantes.jpg","type":"image\/jpeg"}],"twitter_card":"summary_large_image","twitter_misc":{"Dur\u00e9e de lecture estim\u00e9e":"4 minutes"},"schema":{"@context":"https:\/\/schema.org","@graph":[{"@type":"WebPage","@id":"https:\/\/paracherkaoui.ma\/index.php\/produit\/vichy-normaderm-probio-bha-serum-30-ml-4\/","url":"https:\/\/paracherkaoui.ma\/index.php\/produit\/vichy-normaderm-probio-bha-serum-30-ml-4\/","name":"VICHY NORMADERM PROBIO BHA SERUM 30 ML - Paracherkaoui.ma","isPartOf":{"@id":"https:\/\/paracherkaoui.ma\/#website"},"primaryImageOfPage":{"@id":"https:\/\/paracherkaoui.ma\/index.php\/produit\/vichy-normaderm-probio-bha-serum-30-ml-4\/#primaryimage"},"image":{"@id":"https:\/\/paracherkaoui.ma\/index.php\/produit\/vichy-normaderm-probio-bha-serum-30-ml-4\/#primaryimage"},"thumbnailUrl":"https:\/\/paracherkaoui.ma\/wp-content\/uploads\/2025\/12\/vichy-vichy-normaderm-probio-bha-serum-30-ml-cremes-depigmentantes.jpg","datePublished":"2025-12-12T18:50:23+00:00","dateModified":"2025-12-12T18:50:26+00:00","breadcrumb":{"@id":"https:\/\/paracherkaoui.ma\/index.php\/produit\/vichy-normaderm-probio-bha-serum-30-ml-4\/#breadcrumb"},"inLanguage":"fr-FR","potentialAction":[{"@type":"ReadAction","target":["https:\/\/paracherkaoui.ma\/index.php\/produit\/vichy-normaderm-probio-bha-serum-30-ml-4\/"]}]},{"@type":"ImageObject","inLanguage":"fr-FR","@id":"https:\/\/paracherkaoui.ma\/index.php\/produit\/vichy-normaderm-probio-bha-serum-30-ml-4\/#primaryimage","url":"https:\/\/paracherkaoui.ma\/wp-content\/uploads\/2025\/12\/vichy-vichy-normaderm-probio-bha-serum-30-ml-cremes-depigmentantes.jpg","contentUrl":"https:\/\/paracherkaoui.ma\/wp-content\/uploads\/2025\/12\/vichy-vichy-normaderm-probio-bha-serum-30-ml-cremes-depigmentantes.jpg","width":700,"height":700},{"@type":"BreadcrumbList","@id":"https:\/\/paracherkaoui.ma\/index.php\/produit\/vichy-normaderm-probio-bha-serum-30-ml-4\/#breadcrumb","itemListElement":[{"@type":"ListItem","position":1,"name":"Accueil","item":"https:\/\/paracherkaoui.ma\/"},{"@type":"ListItem","position":2,"name":"Boutique","item":"https:\/\/paracherkaoui.ma\/index.php\/boutique\/"},{"@type":"ListItem","position":3,"name":"VICHY NORMADERM PROBIO BHA SERUM 30 ML"}]},{"@type":"WebSite","@id":"https:\/\/paracherkaoui.ma\/#website","url":"https:\/\/paracherkaoui.ma\/","name":"Paracherkaoui.ma","description":"Achetez en ligne sur Paracherkaoui.ma","potentialAction":[{"@type":"SearchAction","target":{"@type":"EntryPoint","urlTemplate":"https:\/\/paracherkaoui.ma\/?s={search_term_string}"},"query-input":{"@type":"PropertyValueSpecification","valueRequired":true,"valueName":"search_term_string"}}],"inLanguage":"fr-FR"}]}},"_links":{"self":[{"href":"https:\/\/paracherkaoui.ma\/index.php\/wp-json\/wp\/v2\/product\/57953","targetHints":{"allow":["GET"]}}],"collection":[{"href":"https:\/\/paracherkaoui.ma\/index.php\/wp-json\/wp\/v2\/product"}],"about":[{"href":"https:\/\/paracherkaoui.ma\/index.php\/wp-json\/wp\/v2\/types\/product"}],"replies":[{"embeddable":true,"href":"https:\/\/paracherkaoui.ma\/index.php\/wp-json\/wp\/v2\/comments?post=57953"}],"version-history":[{"count":1,"href":"https:\/\/paracherkaoui.ma\/index.php\/wp-json\/wp\/v2\/product\/57953\/revisions"}],"predecessor-version":[{"id":57983,"href":"https:\/\/paracherkaoui.ma\/index.php\/wp-json\/wp\/v2\/product\/57953\/revisions\/57983"}],"wp:featuredmedia":[{"embeddable":true,"href":"https:\/\/paracherkaoui.ma\/index.php\/wp-json\/wp\/v2\/media\/14036"}],"wp:attachment":[{"href":"https:\/\/paracherkaoui.ma\/index.php\/wp-json\/wp\/v2\/media?parent=57953"}],"wp:term":[{"taxonomy":"product_brand","embeddable":true,"href":"https:\/\/paracherkaoui.ma\/index.php\/wp-json\/wp\/v2\/product_brand?post=57953"},{"taxonomy":"product_cat","embeddable":true,"href":"https:\/\/paracherkaoui.ma\/index.php\/wp-json\/wp\/v2\/product_cat?post=57953"},{"taxonomy":"product_tag","embeddable":true,"href":"https:\/\/paracherkaoui.ma\/index.php\/wp-json\/wp\/v2\/product_tag?post=57953"}],"curies":[{"name":"wp","href":"https:\/\/api.w.org\/{rel}","templated":true}]}}