{"id":57948,"date":"2025-12-12T19:50:23","date_gmt":"2025-12-12T18:50:23","guid":{"rendered":"https:\/\/test.ecbeaute.com\/?post_type=product&#038;p=57948"},"modified":"2025-12-12T19:50:25","modified_gmt":"2025-12-12T18:50:25","slug":"svr-micro-peel-sebiaclear-peaux-mixtes-a-grasses-150-ml-eau-renovatrice-desincrustante-3","status":"publish","type":"product","link":"https:\/\/paracherkaoui.ma\/index.php\/produit\/svr-micro-peel-sebiaclear-peaux-mixtes-a-grasses-150-ml-eau-renovatrice-desincrustante-3\/","title":{"rendered":"SVR MICRO PEEL SEBIACLEAR PEAUX MIXTES A GRASSES 150 ML EAU RENOVATRICE DESINCRUSTANTE"},"content":{"rendered":"<p>Description:<br \/>\nSebiaclear Micro-Peel\u00a0est un une eau active r\u00e9novatrice, d\u00e9sincrustante et lissante hautement concentr\u00e9e qui purifie, lisse et apaise les peaux normales, mixtes \u00e0 grasses \u00e0 tendance acn\u00e9ique sans d\u00e9ss\u00e9cher.Compos\u00e9 de seulement 8 ingr\u00e9dients, c&rsquo;est un produit efficace qui apporte du confort et de la haute tol\u00e9rance.Le Zinc \u00e0 1%\u00a0permet d&rsquo;\u00e9liminer le s\u00e9bum, nettoie la peau et ressere les pores.Gr\u00e2ce \u00e0 une synergie entre l&rsquo;Acide Hyaluronique \u00e0 2%\u00a0et de l&rsquo;Acide Salicylique \u00e0 0,5%\u00a0SVR Sebiaclear Micro-Peel\u00a0lisse la peau et r\u00e9duit les boutons et les marques.Ce soin est \u00e9galement compos\u00e9 de Niacinamide \u00e0 4%\u00a0qui stoppe l&rsquo;inflammation et r\u00e9duit l&rsquo;apparition de boutons.La peau est imm\u00e9diatement plus nette, les pores sont resserr\u00e9s, le grain de peau est liss\u00e9.La texture est ultra-fra\u00eeche et offre une sensation de peau propre apr\u00e8s application.90 % de ses ingr\u00e9dients sont d&rsquo;origine naturelle.<br \/>\nConseils d&rsquo;utilisation:<br \/>\nAppliquer quotidiennement avec un coton ou au creux de la main sur peau propre.<\/p>\n","protected":false},"excerpt":{"rendered":"<p>Description: Sebiaclear Micro-Peel\u00a0est un une eau active r\u00e9novatrice, d\u00e9sincrustante et lissante hautement concentr\u00e9e qui purifie, lisse et apaise les peaux<\/p>\n","protected":false},"featured_media":12584,"comment_status":"open","ping_status":"closed","template":"","meta":[],"product_brand":[133],"product_cat":[129],"product_tag":[],"class_list":{"0":"post-57948","1":"product","2":"type-product","3":"status-publish","4":"has-post-thumbnail","6":"product_brand-svr","7":"product_cat-acne","9":"first","10":"instock","11":"sale","12":"shipping-taxable","13":"purchasable","14":"product-type-simple"},"yoast_head":"<!-- This site is optimized with the Yoast SEO plugin v26.6 - https:\/\/yoast.com\/wordpress\/plugins\/seo\/ -->\r\n<title>SVR MICRO PEEL SEBIACLEAR PEAUX MIXTES A GRASSES 150 ML EAU RENOVATRICE DESINCRUSTANTE - Paracherkaoui.ma<\/title>\r\n<meta name=\"robots\" content=\"index, follow, max-snippet:-1, max-image-preview:large, max-video-preview:-1\" \/>\r\n<link rel=\"canonical\" href=\"https:\/\/paracherkaoui.ma\/index.php\/produit\/svr-micro-peel-sebiaclear-peaux-mixtes-a-grasses-150-ml-eau-renovatrice-desincrustante-3\/\" \/>\r\n<meta property=\"og:locale\" content=\"fr_FR\" \/>\r\n<meta property=\"og:type\" content=\"article\" \/>\r\n<meta property=\"og:title\" content=\"SVR MICRO PEEL SEBIACLEAR PEAUX MIXTES A GRASSES 150 ML EAU RENOVATRICE DESINCRUSTANTE - Paracherkaoui.ma\" \/>\r\n<meta property=\"og:description\" content=\"Description: Sebiaclear Micro-Peel\u00a0est un une eau active r\u00e9novatrice, d\u00e9sincrustante et lissante hautement concentr\u00e9e qui purifie, lisse et apaise les peaux\" \/>\r\n<meta property=\"og:url\" content=\"https:\/\/paracherkaoui.ma\/index.php\/produit\/svr-micro-peel-sebiaclear-peaux-mixtes-a-grasses-150-ml-eau-renovatrice-desincrustante-3\/\" \/>\r\n<meta property=\"og:site_name\" content=\"Paracherkaoui.ma\" \/>\r\n<meta property=\"article:modified_time\" content=\"2025-12-12T18:50:25+00:00\" \/>\r\n<meta property=\"og:image\" content=\"https:\/\/paracherkaoui.ma\/wp-content\/uploads\/2025\/12\/svr-micro-peel-sebiaclear-peaux-mixtes-a-grasses-150-ml-eau-renovatrice-desincrustante.jpg\" \/>\r\n\t<meta property=\"og:image:width\" content=\"700\" \/>\r\n\t<meta property=\"og:image:height\" content=\"700\" \/>\r\n\t<meta property=\"og:image:type\" content=\"image\/jpeg\" \/>\r\n<meta name=\"twitter:card\" content=\"summary_large_image\" \/>\r\n<meta name=\"twitter:label1\" content=\"Dur\u00e9e de lecture estim\u00e9e\" \/>\n\t<meta name=\"twitter:data1\" content=\"1 minute\" \/>\r\n<script type=\"application\/ld+json\" class=\"yoast-schema-graph\">{\"@context\":\"https:\/\/schema.org\",\"@graph\":[{\"@type\":\"WebPage\",\"@id\":\"https:\/\/paracherkaoui.ma\/index.php\/produit\/svr-micro-peel-sebiaclear-peaux-mixtes-a-grasses-150-ml-eau-renovatrice-desincrustante-3\/\",\"url\":\"https:\/\/paracherkaoui.ma\/index.php\/produit\/svr-micro-peel-sebiaclear-peaux-mixtes-a-grasses-150-ml-eau-renovatrice-desincrustante-3\/\",\"name\":\"SVR MICRO PEEL SEBIACLEAR PEAUX MIXTES A GRASSES 150 ML EAU RENOVATRICE DESINCRUSTANTE - Paracherkaoui.ma\",\"isPartOf\":{\"@id\":\"https:\/\/paracherkaoui.ma\/#website\"},\"primaryImageOfPage\":{\"@id\":\"https:\/\/paracherkaoui.ma\/index.php\/produit\/svr-micro-peel-sebiaclear-peaux-mixtes-a-grasses-150-ml-eau-renovatrice-desincrustante-3\/#primaryimage\"},\"image\":{\"@id\":\"https:\/\/paracherkaoui.ma\/index.php\/produit\/svr-micro-peel-sebiaclear-peaux-mixtes-a-grasses-150-ml-eau-renovatrice-desincrustante-3\/#primaryimage\"},\"thumbnailUrl\":\"https:\/\/paracherkaoui.ma\/wp-content\/uploads\/2025\/12\/svr-micro-peel-sebiaclear-peaux-mixtes-a-grasses-150-ml-eau-renovatrice-desincrustante.jpg\",\"datePublished\":\"2025-12-12T18:50:23+00:00\",\"dateModified\":\"2025-12-12T18:50:25+00:00\",\"breadcrumb\":{\"@id\":\"https:\/\/paracherkaoui.ma\/index.php\/produit\/svr-micro-peel-sebiaclear-peaux-mixtes-a-grasses-150-ml-eau-renovatrice-desincrustante-3\/#breadcrumb\"},\"inLanguage\":\"fr-FR\",\"potentialAction\":[{\"@type\":\"ReadAction\",\"target\":[\"https:\/\/paracherkaoui.ma\/index.php\/produit\/svr-micro-peel-sebiaclear-peaux-mixtes-a-grasses-150-ml-eau-renovatrice-desincrustante-3\/\"]}]},{\"@type\":\"ImageObject\",\"inLanguage\":\"fr-FR\",\"@id\":\"https:\/\/paracherkaoui.ma\/index.php\/produit\/svr-micro-peel-sebiaclear-peaux-mixtes-a-grasses-150-ml-eau-renovatrice-desincrustante-3\/#primaryimage\",\"url\":\"https:\/\/paracherkaoui.ma\/wp-content\/uploads\/2025\/12\/svr-micro-peel-sebiaclear-peaux-mixtes-a-grasses-150-ml-eau-renovatrice-desincrustante.jpg\",\"contentUrl\":\"https:\/\/paracherkaoui.ma\/wp-content\/uploads\/2025\/12\/svr-micro-peel-sebiaclear-peaux-mixtes-a-grasses-150-ml-eau-renovatrice-desincrustante.jpg\",\"width\":700,\"height\":700},{\"@type\":\"BreadcrumbList\",\"@id\":\"https:\/\/paracherkaoui.ma\/index.php\/produit\/svr-micro-peel-sebiaclear-peaux-mixtes-a-grasses-150-ml-eau-renovatrice-desincrustante-3\/#breadcrumb\",\"itemListElement\":[{\"@type\":\"ListItem\",\"position\":1,\"name\":\"Accueil\",\"item\":\"https:\/\/paracherkaoui.ma\/\"},{\"@type\":\"ListItem\",\"position\":2,\"name\":\"Boutique\",\"item\":\"https:\/\/paracherkaoui.ma\/index.php\/boutique\/\"},{\"@type\":\"ListItem\",\"position\":3,\"name\":\"SVR MICRO PEEL SEBIACLEAR PEAUX MIXTES A GRASSES 150 ML EAU RENOVATRICE DESINCRUSTANTE\"}]},{\"@type\":\"WebSite\",\"@id\":\"https:\/\/paracherkaoui.ma\/#website\",\"url\":\"https:\/\/paracherkaoui.ma\/\",\"name\":\"Paracherkaoui.ma\",\"description\":\"Achetez en ligne sur Paracherkaoui.ma\",\"potentialAction\":[{\"@type\":\"SearchAction\",\"target\":{\"@type\":\"EntryPoint\",\"urlTemplate\":\"https:\/\/paracherkaoui.ma\/?s={search_term_string}\"},\"query-input\":{\"@type\":\"PropertyValueSpecification\",\"valueRequired\":true,\"valueName\":\"search_term_string\"}}],\"inLanguage\":\"fr-FR\"}]}<\/script>\r\n<!-- \/ Yoast SEO plugin. -->","yoast_head_json":{"title":"SVR MICRO PEEL SEBIACLEAR PEAUX MIXTES A GRASSES 150 ML EAU RENOVATRICE DESINCRUSTANTE - Paracherkaoui.ma","robots":{"index":"index","follow":"follow","max-snippet":"max-snippet:-1","max-image-preview":"max-image-preview:large","max-video-preview":"max-video-preview:-1"},"canonical":"https:\/\/paracherkaoui.ma\/index.php\/produit\/svr-micro-peel-sebiaclear-peaux-mixtes-a-grasses-150-ml-eau-renovatrice-desincrustante-3\/","og_locale":"fr_FR","og_type":"article","og_title":"SVR MICRO PEEL SEBIACLEAR PEAUX MIXTES A GRASSES 150 ML EAU RENOVATRICE DESINCRUSTANTE - Paracherkaoui.ma","og_description":"Description: Sebiaclear Micro-Peel\u00a0est un une eau active r\u00e9novatrice, d\u00e9sincrustante et lissante hautement concentr\u00e9e qui purifie, lisse et apaise les peaux","og_url":"https:\/\/paracherkaoui.ma\/index.php\/produit\/svr-micro-peel-sebiaclear-peaux-mixtes-a-grasses-150-ml-eau-renovatrice-desincrustante-3\/","og_site_name":"Paracherkaoui.ma","article_modified_time":"2025-12-12T18:50:25+00:00","og_image":[{"width":700,"height":700,"url":"https:\/\/paracherkaoui.ma\/wp-content\/uploads\/2025\/12\/svr-micro-peel-sebiaclear-peaux-mixtes-a-grasses-150-ml-eau-renovatrice-desincrustante.jpg","type":"image\/jpeg"}],"twitter_card":"summary_large_image","twitter_misc":{"Dur\u00e9e de lecture estim\u00e9e":"1 minute"},"schema":{"@context":"https:\/\/schema.org","@graph":[{"@type":"WebPage","@id":"https:\/\/paracherkaoui.ma\/index.php\/produit\/svr-micro-peel-sebiaclear-peaux-mixtes-a-grasses-150-ml-eau-renovatrice-desincrustante-3\/","url":"https:\/\/paracherkaoui.ma\/index.php\/produit\/svr-micro-peel-sebiaclear-peaux-mixtes-a-grasses-150-ml-eau-renovatrice-desincrustante-3\/","name":"SVR MICRO PEEL SEBIACLEAR PEAUX MIXTES A GRASSES 150 ML EAU RENOVATRICE DESINCRUSTANTE - Paracherkaoui.ma","isPartOf":{"@id":"https:\/\/paracherkaoui.ma\/#website"},"primaryImageOfPage":{"@id":"https:\/\/paracherkaoui.ma\/index.php\/produit\/svr-micro-peel-sebiaclear-peaux-mixtes-a-grasses-150-ml-eau-renovatrice-desincrustante-3\/#primaryimage"},"image":{"@id":"https:\/\/paracherkaoui.ma\/index.php\/produit\/svr-micro-peel-sebiaclear-peaux-mixtes-a-grasses-150-ml-eau-renovatrice-desincrustante-3\/#primaryimage"},"thumbnailUrl":"https:\/\/paracherkaoui.ma\/wp-content\/uploads\/2025\/12\/svr-micro-peel-sebiaclear-peaux-mixtes-a-grasses-150-ml-eau-renovatrice-desincrustante.jpg","datePublished":"2025-12-12T18:50:23+00:00","dateModified":"2025-12-12T18:50:25+00:00","breadcrumb":{"@id":"https:\/\/paracherkaoui.ma\/index.php\/produit\/svr-micro-peel-sebiaclear-peaux-mixtes-a-grasses-150-ml-eau-renovatrice-desincrustante-3\/#breadcrumb"},"inLanguage":"fr-FR","potentialAction":[{"@type":"ReadAction","target":["https:\/\/paracherkaoui.ma\/index.php\/produit\/svr-micro-peel-sebiaclear-peaux-mixtes-a-grasses-150-ml-eau-renovatrice-desincrustante-3\/"]}]},{"@type":"ImageObject","inLanguage":"fr-FR","@id":"https:\/\/paracherkaoui.ma\/index.php\/produit\/svr-micro-peel-sebiaclear-peaux-mixtes-a-grasses-150-ml-eau-renovatrice-desincrustante-3\/#primaryimage","url":"https:\/\/paracherkaoui.ma\/wp-content\/uploads\/2025\/12\/svr-micro-peel-sebiaclear-peaux-mixtes-a-grasses-150-ml-eau-renovatrice-desincrustante.jpg","contentUrl":"https:\/\/paracherkaoui.ma\/wp-content\/uploads\/2025\/12\/svr-micro-peel-sebiaclear-peaux-mixtes-a-grasses-150-ml-eau-renovatrice-desincrustante.jpg","width":700,"height":700},{"@type":"BreadcrumbList","@id":"https:\/\/paracherkaoui.ma\/index.php\/produit\/svr-micro-peel-sebiaclear-peaux-mixtes-a-grasses-150-ml-eau-renovatrice-desincrustante-3\/#breadcrumb","itemListElement":[{"@type":"ListItem","position":1,"name":"Accueil","item":"https:\/\/paracherkaoui.ma\/"},{"@type":"ListItem","position":2,"name":"Boutique","item":"https:\/\/paracherkaoui.ma\/index.php\/boutique\/"},{"@type":"ListItem","position":3,"name":"SVR MICRO PEEL SEBIACLEAR PEAUX MIXTES A GRASSES 150 ML EAU RENOVATRICE DESINCRUSTANTE"}]},{"@type":"WebSite","@id":"https:\/\/paracherkaoui.ma\/#website","url":"https:\/\/paracherkaoui.ma\/","name":"Paracherkaoui.ma","description":"Achetez en ligne sur Paracherkaoui.ma","potentialAction":[{"@type":"SearchAction","target":{"@type":"EntryPoint","urlTemplate":"https:\/\/paracherkaoui.ma\/?s={search_term_string}"},"query-input":{"@type":"PropertyValueSpecification","valueRequired":true,"valueName":"search_term_string"}}],"inLanguage":"fr-FR"}]}},"_links":{"self":[{"href":"https:\/\/paracherkaoui.ma\/index.php\/wp-json\/wp\/v2\/product\/57948","targetHints":{"allow":["GET"]}}],"collection":[{"href":"https:\/\/paracherkaoui.ma\/index.php\/wp-json\/wp\/v2\/product"}],"about":[{"href":"https:\/\/paracherkaoui.ma\/index.php\/wp-json\/wp\/v2\/types\/product"}],"replies":[{"embeddable":true,"href":"https:\/\/paracherkaoui.ma\/index.php\/wp-json\/wp\/v2\/comments?post=57948"}],"version-history":[{"count":1,"href":"https:\/\/paracherkaoui.ma\/index.php\/wp-json\/wp\/v2\/product\/57948\/revisions"}],"predecessor-version":[{"id":57978,"href":"https:\/\/paracherkaoui.ma\/index.php\/wp-json\/wp\/v2\/product\/57948\/revisions\/57978"}],"wp:featuredmedia":[{"embeddable":true,"href":"https:\/\/paracherkaoui.ma\/index.php\/wp-json\/wp\/v2\/media\/12584"}],"wp:attachment":[{"href":"https:\/\/paracherkaoui.ma\/index.php\/wp-json\/wp\/v2\/media?parent=57948"}],"wp:term":[{"taxonomy":"product_brand","embeddable":true,"href":"https:\/\/paracherkaoui.ma\/index.php\/wp-json\/wp\/v2\/product_brand?post=57948"},{"taxonomy":"product_cat","embeddable":true,"href":"https:\/\/paracherkaoui.ma\/index.php\/wp-json\/wp\/v2\/product_cat?post=57948"},{"taxonomy":"product_tag","embeddable":true,"href":"https:\/\/paracherkaoui.ma\/index.php\/wp-json\/wp\/v2\/product_tag?post=57948"}],"curies":[{"name":"wp","href":"https:\/\/api.w.org\/{rel}","templated":true}]}}