{"id":57946,"date":"2025-12-12T19:50:22","date_gmt":"2025-12-12T18:50:22","guid":{"rendered":"https:\/\/test.ecbeaute.com\/?post_type=product&#038;p=57946"},"modified":"2025-12-12T19:50:25","modified_gmt":"2025-12-12T18:50:25","slug":"svr-sebiaclear-gel-moussant-400-ml-3","status":"publish","type":"product","link":"https:\/\/paracherkaoui.ma\/index.php\/produit\/svr-sebiaclear-gel-moussant-400-ml-3\/","title":{"rendered":"SVR SEBIACLEAR GEL MOUSSANT 400 ML"},"content":{"rendered":"<p>Pour les peaux sensibles, mixtes \u00e0 grasses &#038; \u00e0 tendance acn\u00e9ique. Visage et corps.<br \/>\nPour combattre les imperfections nous avons le r\u00e9flexe de vouloir les d\u00e9caper avec des produits agressifs. Erreur, il faut au contraire la nettoyer en douceur pour ne pas stimuler la production de s\u00e9bum, pour ne pas l\u2019irriter davantage.<br \/>\nLe GEL MOUSSANT SEBIACLEAR, un nettoyant sans savon qui purifie et d\u00e9sincruste la peau tout en douceur. Sa mousse onctueuse aide \u00e0 \u00e9liminer les impuret\u00e9s et \u00e0 se d\u00e9barrasser de l\u2019exc\u00e8s de s\u00e9bum sans dess\u00e9cher. Facile \u00e0 rincer, il laisse la peau parfaitement nette, fra\u00eeche et matifi\u00e9e.<br \/>\nConseils d&rsquo;utilisation:<br \/>\nAppliquer le gel sur peau mouill\u00e9e, faire mousser, puis rincer. \u00c9viter le contact avec les yeux. En cas de contact avec les yeux rincer abondamment.<\/p>\n","protected":false},"excerpt":{"rendered":"<p>Pour les peaux sensibles, mixtes \u00e0 grasses &#038; \u00e0 tendance acn\u00e9ique. Visage et corps. Pour combattre les imperfections nous avons<\/p>\n","protected":false},"featured_media":12582,"comment_status":"open","ping_status":"closed","template":"","meta":[],"product_brand":[133],"product_cat":[129],"product_tag":[],"class_list":{"0":"post-57946","1":"product","2":"type-product","3":"status-publish","4":"has-post-thumbnail","6":"product_brand-svr","7":"product_cat-acne","9":"first","10":"instock","11":"sale","12":"shipping-taxable","13":"purchasable","14":"product-type-simple"},"yoast_head":"<!-- This site is optimized with the Yoast SEO plugin v26.6 - https:\/\/yoast.com\/wordpress\/plugins\/seo\/ -->\r\n<title>SVR SEBIACLEAR GEL MOUSSANT 400 ML - Paracherkaoui.ma<\/title>\r\n<meta name=\"robots\" content=\"index, follow, max-snippet:-1, max-image-preview:large, max-video-preview:-1\" \/>\r\n<link rel=\"canonical\" href=\"https:\/\/paracherkaoui.ma\/index.php\/produit\/svr-sebiaclear-gel-moussant-400-ml-3\/\" \/>\r\n<meta property=\"og:locale\" content=\"fr_FR\" \/>\r\n<meta property=\"og:type\" content=\"article\" \/>\r\n<meta property=\"og:title\" content=\"SVR SEBIACLEAR GEL MOUSSANT 400 ML - Paracherkaoui.ma\" \/>\r\n<meta property=\"og:description\" content=\"Pour les peaux sensibles, mixtes \u00e0 grasses &#038; \u00e0 tendance acn\u00e9ique. Visage et corps. Pour combattre les imperfections nous avons\" \/>\r\n<meta property=\"og:url\" content=\"https:\/\/paracherkaoui.ma\/index.php\/produit\/svr-sebiaclear-gel-moussant-400-ml-3\/\" \/>\r\n<meta property=\"og:site_name\" content=\"Paracherkaoui.ma\" \/>\r\n<meta property=\"article:modified_time\" content=\"2025-12-12T18:50:25+00:00\" \/>\r\n<meta property=\"og:image\" content=\"https:\/\/paracherkaoui.ma\/wp-content\/uploads\/2025\/12\/svr-svr-sebiaclear-gel-moussant-400-ml-soins-anti-imperfections.jpg\" \/>\r\n\t<meta property=\"og:image:width\" content=\"700\" \/>\r\n\t<meta property=\"og:image:height\" content=\"700\" \/>\r\n\t<meta property=\"og:image:type\" content=\"image\/jpeg\" \/>\r\n<meta name=\"twitter:card\" content=\"summary_large_image\" \/>\r\n<meta name=\"twitter:label1\" content=\"Dur\u00e9e de lecture estim\u00e9e\" \/>\n\t<meta name=\"twitter:data1\" content=\"1 minute\" \/>\r\n<script type=\"application\/ld+json\" class=\"yoast-schema-graph\">{\"@context\":\"https:\/\/schema.org\",\"@graph\":[{\"@type\":\"WebPage\",\"@id\":\"https:\/\/paracherkaoui.ma\/index.php\/produit\/svr-sebiaclear-gel-moussant-400-ml-3\/\",\"url\":\"https:\/\/paracherkaoui.ma\/index.php\/produit\/svr-sebiaclear-gel-moussant-400-ml-3\/\",\"name\":\"SVR SEBIACLEAR GEL MOUSSANT 400 ML - Paracherkaoui.ma\",\"isPartOf\":{\"@id\":\"https:\/\/paracherkaoui.ma\/#website\"},\"primaryImageOfPage\":{\"@id\":\"https:\/\/paracherkaoui.ma\/index.php\/produit\/svr-sebiaclear-gel-moussant-400-ml-3\/#primaryimage\"},\"image\":{\"@id\":\"https:\/\/paracherkaoui.ma\/index.php\/produit\/svr-sebiaclear-gel-moussant-400-ml-3\/#primaryimage\"},\"thumbnailUrl\":\"https:\/\/paracherkaoui.ma\/wp-content\/uploads\/2025\/12\/svr-svr-sebiaclear-gel-moussant-400-ml-soins-anti-imperfections.jpg\",\"datePublished\":\"2025-12-12T18:50:22+00:00\",\"dateModified\":\"2025-12-12T18:50:25+00:00\",\"breadcrumb\":{\"@id\":\"https:\/\/paracherkaoui.ma\/index.php\/produit\/svr-sebiaclear-gel-moussant-400-ml-3\/#breadcrumb\"},\"inLanguage\":\"fr-FR\",\"potentialAction\":[{\"@type\":\"ReadAction\",\"target\":[\"https:\/\/paracherkaoui.ma\/index.php\/produit\/svr-sebiaclear-gel-moussant-400-ml-3\/\"]}]},{\"@type\":\"ImageObject\",\"inLanguage\":\"fr-FR\",\"@id\":\"https:\/\/paracherkaoui.ma\/index.php\/produit\/svr-sebiaclear-gel-moussant-400-ml-3\/#primaryimage\",\"url\":\"https:\/\/paracherkaoui.ma\/wp-content\/uploads\/2025\/12\/svr-svr-sebiaclear-gel-moussant-400-ml-soins-anti-imperfections.jpg\",\"contentUrl\":\"https:\/\/paracherkaoui.ma\/wp-content\/uploads\/2025\/12\/svr-svr-sebiaclear-gel-moussant-400-ml-soins-anti-imperfections.jpg\",\"width\":700,\"height\":700},{\"@type\":\"BreadcrumbList\",\"@id\":\"https:\/\/paracherkaoui.ma\/index.php\/produit\/svr-sebiaclear-gel-moussant-400-ml-3\/#breadcrumb\",\"itemListElement\":[{\"@type\":\"ListItem\",\"position\":1,\"name\":\"Accueil\",\"item\":\"https:\/\/paracherkaoui.ma\/\"},{\"@type\":\"ListItem\",\"position\":2,\"name\":\"Boutique\",\"item\":\"https:\/\/paracherkaoui.ma\/index.php\/boutique\/\"},{\"@type\":\"ListItem\",\"position\":3,\"name\":\"SVR SEBIACLEAR GEL MOUSSANT 400 ML\"}]},{\"@type\":\"WebSite\",\"@id\":\"https:\/\/paracherkaoui.ma\/#website\",\"url\":\"https:\/\/paracherkaoui.ma\/\",\"name\":\"Paracherkaoui.ma\",\"description\":\"Achetez en ligne sur Paracherkaoui.ma\",\"potentialAction\":[{\"@type\":\"SearchAction\",\"target\":{\"@type\":\"EntryPoint\",\"urlTemplate\":\"https:\/\/paracherkaoui.ma\/?s={search_term_string}\"},\"query-input\":{\"@type\":\"PropertyValueSpecification\",\"valueRequired\":true,\"valueName\":\"search_term_string\"}}],\"inLanguage\":\"fr-FR\"}]}<\/script>\r\n<!-- \/ Yoast SEO plugin. -->","yoast_head_json":{"title":"SVR SEBIACLEAR GEL MOUSSANT 400 ML - Paracherkaoui.ma","robots":{"index":"index","follow":"follow","max-snippet":"max-snippet:-1","max-image-preview":"max-image-preview:large","max-video-preview":"max-video-preview:-1"},"canonical":"https:\/\/paracherkaoui.ma\/index.php\/produit\/svr-sebiaclear-gel-moussant-400-ml-3\/","og_locale":"fr_FR","og_type":"article","og_title":"SVR SEBIACLEAR GEL MOUSSANT 400 ML - Paracherkaoui.ma","og_description":"Pour les peaux sensibles, mixtes \u00e0 grasses &#038; \u00e0 tendance acn\u00e9ique. Visage et corps. Pour combattre les imperfections nous avons","og_url":"https:\/\/paracherkaoui.ma\/index.php\/produit\/svr-sebiaclear-gel-moussant-400-ml-3\/","og_site_name":"Paracherkaoui.ma","article_modified_time":"2025-12-12T18:50:25+00:00","og_image":[{"width":700,"height":700,"url":"https:\/\/paracherkaoui.ma\/wp-content\/uploads\/2025\/12\/svr-svr-sebiaclear-gel-moussant-400-ml-soins-anti-imperfections.jpg","type":"image\/jpeg"}],"twitter_card":"summary_large_image","twitter_misc":{"Dur\u00e9e de lecture estim\u00e9e":"1 minute"},"schema":{"@context":"https:\/\/schema.org","@graph":[{"@type":"WebPage","@id":"https:\/\/paracherkaoui.ma\/index.php\/produit\/svr-sebiaclear-gel-moussant-400-ml-3\/","url":"https:\/\/paracherkaoui.ma\/index.php\/produit\/svr-sebiaclear-gel-moussant-400-ml-3\/","name":"SVR SEBIACLEAR GEL MOUSSANT 400 ML - Paracherkaoui.ma","isPartOf":{"@id":"https:\/\/paracherkaoui.ma\/#website"},"primaryImageOfPage":{"@id":"https:\/\/paracherkaoui.ma\/index.php\/produit\/svr-sebiaclear-gel-moussant-400-ml-3\/#primaryimage"},"image":{"@id":"https:\/\/paracherkaoui.ma\/index.php\/produit\/svr-sebiaclear-gel-moussant-400-ml-3\/#primaryimage"},"thumbnailUrl":"https:\/\/paracherkaoui.ma\/wp-content\/uploads\/2025\/12\/svr-svr-sebiaclear-gel-moussant-400-ml-soins-anti-imperfections.jpg","datePublished":"2025-12-12T18:50:22+00:00","dateModified":"2025-12-12T18:50:25+00:00","breadcrumb":{"@id":"https:\/\/paracherkaoui.ma\/index.php\/produit\/svr-sebiaclear-gel-moussant-400-ml-3\/#breadcrumb"},"inLanguage":"fr-FR","potentialAction":[{"@type":"ReadAction","target":["https:\/\/paracherkaoui.ma\/index.php\/produit\/svr-sebiaclear-gel-moussant-400-ml-3\/"]}]},{"@type":"ImageObject","inLanguage":"fr-FR","@id":"https:\/\/paracherkaoui.ma\/index.php\/produit\/svr-sebiaclear-gel-moussant-400-ml-3\/#primaryimage","url":"https:\/\/paracherkaoui.ma\/wp-content\/uploads\/2025\/12\/svr-svr-sebiaclear-gel-moussant-400-ml-soins-anti-imperfections.jpg","contentUrl":"https:\/\/paracherkaoui.ma\/wp-content\/uploads\/2025\/12\/svr-svr-sebiaclear-gel-moussant-400-ml-soins-anti-imperfections.jpg","width":700,"height":700},{"@type":"BreadcrumbList","@id":"https:\/\/paracherkaoui.ma\/index.php\/produit\/svr-sebiaclear-gel-moussant-400-ml-3\/#breadcrumb","itemListElement":[{"@type":"ListItem","position":1,"name":"Accueil","item":"https:\/\/paracherkaoui.ma\/"},{"@type":"ListItem","position":2,"name":"Boutique","item":"https:\/\/paracherkaoui.ma\/index.php\/boutique\/"},{"@type":"ListItem","position":3,"name":"SVR SEBIACLEAR GEL MOUSSANT 400 ML"}]},{"@type":"WebSite","@id":"https:\/\/paracherkaoui.ma\/#website","url":"https:\/\/paracherkaoui.ma\/","name":"Paracherkaoui.ma","description":"Achetez en ligne sur Paracherkaoui.ma","potentialAction":[{"@type":"SearchAction","target":{"@type":"EntryPoint","urlTemplate":"https:\/\/paracherkaoui.ma\/?s={search_term_string}"},"query-input":{"@type":"PropertyValueSpecification","valueRequired":true,"valueName":"search_term_string"}}],"inLanguage":"fr-FR"}]}},"_links":{"self":[{"href":"https:\/\/paracherkaoui.ma\/index.php\/wp-json\/wp\/v2\/product\/57946","targetHints":{"allow":["GET"]}}],"collection":[{"href":"https:\/\/paracherkaoui.ma\/index.php\/wp-json\/wp\/v2\/product"}],"about":[{"href":"https:\/\/paracherkaoui.ma\/index.php\/wp-json\/wp\/v2\/types\/product"}],"replies":[{"embeddable":true,"href":"https:\/\/paracherkaoui.ma\/index.php\/wp-json\/wp\/v2\/comments?post=57946"}],"version-history":[{"count":1,"href":"https:\/\/paracherkaoui.ma\/index.php\/wp-json\/wp\/v2\/product\/57946\/revisions"}],"predecessor-version":[{"id":57976,"href":"https:\/\/paracherkaoui.ma\/index.php\/wp-json\/wp\/v2\/product\/57946\/revisions\/57976"}],"wp:featuredmedia":[{"embeddable":true,"href":"https:\/\/paracherkaoui.ma\/index.php\/wp-json\/wp\/v2\/media\/12582"}],"wp:attachment":[{"href":"https:\/\/paracherkaoui.ma\/index.php\/wp-json\/wp\/v2\/media?parent=57946"}],"wp:term":[{"taxonomy":"product_brand","embeddable":true,"href":"https:\/\/paracherkaoui.ma\/index.php\/wp-json\/wp\/v2\/product_brand?post=57946"},{"taxonomy":"product_cat","embeddable":true,"href":"https:\/\/paracherkaoui.ma\/index.php\/wp-json\/wp\/v2\/product_cat?post=57946"},{"taxonomy":"product_tag","embeddable":true,"href":"https:\/\/paracherkaoui.ma\/index.php\/wp-json\/wp\/v2\/product_tag?post=57946"}],"curies":[{"name":"wp","href":"https:\/\/api.w.org\/{rel}","templated":true}]}}