{"id":57941,"date":"2025-12-12T19:50:22","date_gmt":"2025-12-12T18:50:22","guid":{"rendered":"https:\/\/test.ecbeaute.com\/?post_type=product&#038;p=57941"},"modified":"2025-12-12T19:50:24","modified_gmt":"2025-12-12T18:50:24","slug":"vichy-normaderm-soin-correcteur-matifiant-50-ml-3","status":"publish","type":"product","link":"https:\/\/paracherkaoui.ma\/index.php\/produit\/vichy-normaderm-soin-correcteur-matifiant-50-ml-3\/","title":{"rendered":"VICHY NORMADERM SOIN CORRECTEUR MATIFIANT 50 ML"},"content":{"rendered":"<p>Sa texture l\u00e9g\u00e8re et non grasse fusionne instantan\u00e9ment avec la peau, pour une sensation de fra\u00eecheur imm\u00e9diate. L\u2019acide salicylique, r\u00e9put\u00e9 pour ses propri\u00e9t\u00e9s k\u00e9ratolytiques, purifie en profondeur et pr\u00e9vient l\u2019apparition de nouvelles imperfections. Combin\u00e9 au LHA exfoliant et \u00e0 la glyc\u00e9rine hydratante, il affine le grain de peau et favorise le renouvellement cellulaire. Le Phe-R\u00e9sorcinol att\u00e9nue visiblement les taches pigmentaires tandis que l\u2019Airlicium\u2122, un actif innovant \u00e0 99 % compos\u00e9 d\u2019air, absorbe le s\u00e9bum et la sueur pour une peau matifi\u00e9e toute la journ\u00e9e.<br \/>\nEnrichi en eau volcanique de Vichy, riche en min\u00e9raux, ce soin renforce la barri\u00e8re cutan\u00e9e et illumine le teint. Gr\u00e2ce \u00e0 l\u2019action de la Perlite et de la silice, les brillances sont visiblement r\u00e9duites et les pores resserr\u00e9s. R\u00e9sultat : une peau nette, \u00e9clatante, au toucher velout\u00e9.<br \/>\nConseils d&rsquo;utilisation<br \/>\nAppliquez une noisette de cr\u00e8me matin et soir sur le visage parfaitement nettoy\u00e9 et sec. \u00c9vitez le contour des yeux. Convient aux peaux sensibles.<br \/>\nComposition<br \/>\nAqua \/ Water, Dimethicone, Glycerin, Hydrogenated Polyisobutene, Alcohol Denat., Butylene Glycol, Glyceryl Stearate, Salicylic Acid, Ammonium Polyacryldimethyltauramide \/ Ammonium Polyacryloyldimethyl Taurate, Isopropyl Lauroyl Sarcosinate, Octyldodecanol, PEG-100 Stearate, CI 42090 \/ Blue 1, Stearyl Alcohol, Dimethicone\/Vinyl Dimethicone Crosspolymer, Silica Silylate, Sodium Hydroxide, Silica, Sodium Polyacrylate, Perlite, Phenylethyl Resorcinol, Poloxamer 338, Disodium EDTA, Capryloyl Salicylic Acid, Capryloyl Glycine, Xanthan Gum, Acrylonitrile\/Methyl Methacrylate\/Vinylidene Chloride Copolymer, Parfum \/ Fragrance<\/p>\n","protected":false},"excerpt":{"rendered":"<p>Sa texture l\u00e9g\u00e8re et non grasse fusionne instantan\u00e9ment avec la peau, pour une sensation de fra\u00eecheur imm\u00e9diate. L\u2019acide salicylique, r\u00e9put\u00e9<\/p>\n","protected":false},"featured_media":13307,"comment_status":"open","ping_status":"closed","template":"","meta":[],"product_brand":[139],"product_cat":[129],"product_tag":[],"class_list":{"0":"post-57941","1":"product","2":"type-product","3":"status-publish","4":"has-post-thumbnail","6":"product_brand-vichy","7":"product_cat-acne","9":"first","10":"instock","11":"sale","12":"shipping-taxable","13":"purchasable","14":"product-type-simple"},"yoast_head":"<!-- This site is optimized with the Yoast SEO plugin v26.6 - https:\/\/yoast.com\/wordpress\/plugins\/seo\/ -->\r\n<title>VICHY NORMADERM SOIN CORRECTEUR MATIFIANT 50 ML - Paracherkaoui.ma<\/title>\r\n<meta name=\"robots\" content=\"index, follow, max-snippet:-1, max-image-preview:large, max-video-preview:-1\" \/>\r\n<link rel=\"canonical\" href=\"https:\/\/paracherkaoui.ma\/index.php\/produit\/vichy-normaderm-soin-correcteur-matifiant-50-ml-3\/\" \/>\r\n<meta property=\"og:locale\" content=\"fr_FR\" \/>\r\n<meta property=\"og:type\" content=\"article\" \/>\r\n<meta property=\"og:title\" content=\"VICHY NORMADERM SOIN CORRECTEUR MATIFIANT 50 ML - Paracherkaoui.ma\" \/>\r\n<meta property=\"og:description\" content=\"Sa texture l\u00e9g\u00e8re et non grasse fusionne instantan\u00e9ment avec la peau, pour une sensation de fra\u00eecheur imm\u00e9diate. L\u2019acide salicylique, r\u00e9put\u00e9\" \/>\r\n<meta property=\"og:url\" content=\"https:\/\/paracherkaoui.ma\/index.php\/produit\/vichy-normaderm-soin-correcteur-matifiant-50-ml-3\/\" \/>\r\n<meta property=\"og:site_name\" content=\"Paracherkaoui.ma\" \/>\r\n<meta property=\"article:modified_time\" content=\"2025-12-12T18:50:24+00:00\" \/>\r\n<meta property=\"og:image\" content=\"https:\/\/paracherkaoui.ma\/wp-content\/uploads\/2025\/12\/vichy-vichy-normaderm-soin-correcteur-matifiant-50-ml-soins-anti-imperfections.jpg\" \/>\r\n\t<meta property=\"og:image:width\" content=\"700\" \/>\r\n\t<meta property=\"og:image:height\" content=\"700\" \/>\r\n\t<meta property=\"og:image:type\" content=\"image\/jpeg\" \/>\r\n<meta name=\"twitter:card\" content=\"summary_large_image\" \/>\r\n<meta name=\"twitter:label1\" content=\"Dur\u00e9e de lecture estim\u00e9e\" \/>\n\t<meta name=\"twitter:data1\" content=\"1 minute\" \/>\r\n<script type=\"application\/ld+json\" class=\"yoast-schema-graph\">{\"@context\":\"https:\/\/schema.org\",\"@graph\":[{\"@type\":\"WebPage\",\"@id\":\"https:\/\/paracherkaoui.ma\/index.php\/produit\/vichy-normaderm-soin-correcteur-matifiant-50-ml-3\/\",\"url\":\"https:\/\/paracherkaoui.ma\/index.php\/produit\/vichy-normaderm-soin-correcteur-matifiant-50-ml-3\/\",\"name\":\"VICHY NORMADERM SOIN CORRECTEUR MATIFIANT 50 ML - Paracherkaoui.ma\",\"isPartOf\":{\"@id\":\"https:\/\/paracherkaoui.ma\/#website\"},\"primaryImageOfPage\":{\"@id\":\"https:\/\/paracherkaoui.ma\/index.php\/produit\/vichy-normaderm-soin-correcteur-matifiant-50-ml-3\/#primaryimage\"},\"image\":{\"@id\":\"https:\/\/paracherkaoui.ma\/index.php\/produit\/vichy-normaderm-soin-correcteur-matifiant-50-ml-3\/#primaryimage\"},\"thumbnailUrl\":\"https:\/\/paracherkaoui.ma\/wp-content\/uploads\/2025\/12\/vichy-vichy-normaderm-soin-correcteur-matifiant-50-ml-soins-anti-imperfections.jpg\",\"datePublished\":\"2025-12-12T18:50:22+00:00\",\"dateModified\":\"2025-12-12T18:50:24+00:00\",\"breadcrumb\":{\"@id\":\"https:\/\/paracherkaoui.ma\/index.php\/produit\/vichy-normaderm-soin-correcteur-matifiant-50-ml-3\/#breadcrumb\"},\"inLanguage\":\"fr-FR\",\"potentialAction\":[{\"@type\":\"ReadAction\",\"target\":[\"https:\/\/paracherkaoui.ma\/index.php\/produit\/vichy-normaderm-soin-correcteur-matifiant-50-ml-3\/\"]}]},{\"@type\":\"ImageObject\",\"inLanguage\":\"fr-FR\",\"@id\":\"https:\/\/paracherkaoui.ma\/index.php\/produit\/vichy-normaderm-soin-correcteur-matifiant-50-ml-3\/#primaryimage\",\"url\":\"https:\/\/paracherkaoui.ma\/wp-content\/uploads\/2025\/12\/vichy-vichy-normaderm-soin-correcteur-matifiant-50-ml-soins-anti-imperfections.jpg\",\"contentUrl\":\"https:\/\/paracherkaoui.ma\/wp-content\/uploads\/2025\/12\/vichy-vichy-normaderm-soin-correcteur-matifiant-50-ml-soins-anti-imperfections.jpg\",\"width\":700,\"height\":700},{\"@type\":\"BreadcrumbList\",\"@id\":\"https:\/\/paracherkaoui.ma\/index.php\/produit\/vichy-normaderm-soin-correcteur-matifiant-50-ml-3\/#breadcrumb\",\"itemListElement\":[{\"@type\":\"ListItem\",\"position\":1,\"name\":\"Accueil\",\"item\":\"https:\/\/paracherkaoui.ma\/\"},{\"@type\":\"ListItem\",\"position\":2,\"name\":\"Boutique\",\"item\":\"https:\/\/paracherkaoui.ma\/index.php\/boutique\/\"},{\"@type\":\"ListItem\",\"position\":3,\"name\":\"VICHY NORMADERM SOIN CORRECTEUR MATIFIANT 50 ML\"}]},{\"@type\":\"WebSite\",\"@id\":\"https:\/\/paracherkaoui.ma\/#website\",\"url\":\"https:\/\/paracherkaoui.ma\/\",\"name\":\"Paracherkaoui.ma\",\"description\":\"Achetez en ligne sur Paracherkaoui.ma\",\"potentialAction\":[{\"@type\":\"SearchAction\",\"target\":{\"@type\":\"EntryPoint\",\"urlTemplate\":\"https:\/\/paracherkaoui.ma\/?s={search_term_string}\"},\"query-input\":{\"@type\":\"PropertyValueSpecification\",\"valueRequired\":true,\"valueName\":\"search_term_string\"}}],\"inLanguage\":\"fr-FR\"}]}<\/script>\r\n<!-- \/ Yoast SEO plugin. -->","yoast_head_json":{"title":"VICHY NORMADERM SOIN CORRECTEUR MATIFIANT 50 ML - Paracherkaoui.ma","robots":{"index":"index","follow":"follow","max-snippet":"max-snippet:-1","max-image-preview":"max-image-preview:large","max-video-preview":"max-video-preview:-1"},"canonical":"https:\/\/paracherkaoui.ma\/index.php\/produit\/vichy-normaderm-soin-correcteur-matifiant-50-ml-3\/","og_locale":"fr_FR","og_type":"article","og_title":"VICHY NORMADERM SOIN CORRECTEUR MATIFIANT 50 ML - Paracherkaoui.ma","og_description":"Sa texture l\u00e9g\u00e8re et non grasse fusionne instantan\u00e9ment avec la peau, pour une sensation de fra\u00eecheur imm\u00e9diate. L\u2019acide salicylique, r\u00e9put\u00e9","og_url":"https:\/\/paracherkaoui.ma\/index.php\/produit\/vichy-normaderm-soin-correcteur-matifiant-50-ml-3\/","og_site_name":"Paracherkaoui.ma","article_modified_time":"2025-12-12T18:50:24+00:00","og_image":[{"width":700,"height":700,"url":"https:\/\/paracherkaoui.ma\/wp-content\/uploads\/2025\/12\/vichy-vichy-normaderm-soin-correcteur-matifiant-50-ml-soins-anti-imperfections.jpg","type":"image\/jpeg"}],"twitter_card":"summary_large_image","twitter_misc":{"Dur\u00e9e de lecture estim\u00e9e":"1 minute"},"schema":{"@context":"https:\/\/schema.org","@graph":[{"@type":"WebPage","@id":"https:\/\/paracherkaoui.ma\/index.php\/produit\/vichy-normaderm-soin-correcteur-matifiant-50-ml-3\/","url":"https:\/\/paracherkaoui.ma\/index.php\/produit\/vichy-normaderm-soin-correcteur-matifiant-50-ml-3\/","name":"VICHY NORMADERM SOIN CORRECTEUR MATIFIANT 50 ML - Paracherkaoui.ma","isPartOf":{"@id":"https:\/\/paracherkaoui.ma\/#website"},"primaryImageOfPage":{"@id":"https:\/\/paracherkaoui.ma\/index.php\/produit\/vichy-normaderm-soin-correcteur-matifiant-50-ml-3\/#primaryimage"},"image":{"@id":"https:\/\/paracherkaoui.ma\/index.php\/produit\/vichy-normaderm-soin-correcteur-matifiant-50-ml-3\/#primaryimage"},"thumbnailUrl":"https:\/\/paracherkaoui.ma\/wp-content\/uploads\/2025\/12\/vichy-vichy-normaderm-soin-correcteur-matifiant-50-ml-soins-anti-imperfections.jpg","datePublished":"2025-12-12T18:50:22+00:00","dateModified":"2025-12-12T18:50:24+00:00","breadcrumb":{"@id":"https:\/\/paracherkaoui.ma\/index.php\/produit\/vichy-normaderm-soin-correcteur-matifiant-50-ml-3\/#breadcrumb"},"inLanguage":"fr-FR","potentialAction":[{"@type":"ReadAction","target":["https:\/\/paracherkaoui.ma\/index.php\/produit\/vichy-normaderm-soin-correcteur-matifiant-50-ml-3\/"]}]},{"@type":"ImageObject","inLanguage":"fr-FR","@id":"https:\/\/paracherkaoui.ma\/index.php\/produit\/vichy-normaderm-soin-correcteur-matifiant-50-ml-3\/#primaryimage","url":"https:\/\/paracherkaoui.ma\/wp-content\/uploads\/2025\/12\/vichy-vichy-normaderm-soin-correcteur-matifiant-50-ml-soins-anti-imperfections.jpg","contentUrl":"https:\/\/paracherkaoui.ma\/wp-content\/uploads\/2025\/12\/vichy-vichy-normaderm-soin-correcteur-matifiant-50-ml-soins-anti-imperfections.jpg","width":700,"height":700},{"@type":"BreadcrumbList","@id":"https:\/\/paracherkaoui.ma\/index.php\/produit\/vichy-normaderm-soin-correcteur-matifiant-50-ml-3\/#breadcrumb","itemListElement":[{"@type":"ListItem","position":1,"name":"Accueil","item":"https:\/\/paracherkaoui.ma\/"},{"@type":"ListItem","position":2,"name":"Boutique","item":"https:\/\/paracherkaoui.ma\/index.php\/boutique\/"},{"@type":"ListItem","position":3,"name":"VICHY NORMADERM SOIN CORRECTEUR MATIFIANT 50 ML"}]},{"@type":"WebSite","@id":"https:\/\/paracherkaoui.ma\/#website","url":"https:\/\/paracherkaoui.ma\/","name":"Paracherkaoui.ma","description":"Achetez en ligne sur Paracherkaoui.ma","potentialAction":[{"@type":"SearchAction","target":{"@type":"EntryPoint","urlTemplate":"https:\/\/paracherkaoui.ma\/?s={search_term_string}"},"query-input":{"@type":"PropertyValueSpecification","valueRequired":true,"valueName":"search_term_string"}}],"inLanguage":"fr-FR"}]}},"_links":{"self":[{"href":"https:\/\/paracherkaoui.ma\/index.php\/wp-json\/wp\/v2\/product\/57941","targetHints":{"allow":["GET"]}}],"collection":[{"href":"https:\/\/paracherkaoui.ma\/index.php\/wp-json\/wp\/v2\/product"}],"about":[{"href":"https:\/\/paracherkaoui.ma\/index.php\/wp-json\/wp\/v2\/types\/product"}],"replies":[{"embeddable":true,"href":"https:\/\/paracherkaoui.ma\/index.php\/wp-json\/wp\/v2\/comments?post=57941"}],"version-history":[{"count":1,"href":"https:\/\/paracherkaoui.ma\/index.php\/wp-json\/wp\/v2\/product\/57941\/revisions"}],"predecessor-version":[{"id":57971,"href":"https:\/\/paracherkaoui.ma\/index.php\/wp-json\/wp\/v2\/product\/57941\/revisions\/57971"}],"wp:featuredmedia":[{"embeddable":true,"href":"https:\/\/paracherkaoui.ma\/index.php\/wp-json\/wp\/v2\/media\/13307"}],"wp:attachment":[{"href":"https:\/\/paracherkaoui.ma\/index.php\/wp-json\/wp\/v2\/media?parent=57941"}],"wp:term":[{"taxonomy":"product_brand","embeddable":true,"href":"https:\/\/paracherkaoui.ma\/index.php\/wp-json\/wp\/v2\/product_brand?post=57941"},{"taxonomy":"product_cat","embeddable":true,"href":"https:\/\/paracherkaoui.ma\/index.php\/wp-json\/wp\/v2\/product_cat?post=57941"},{"taxonomy":"product_tag","embeddable":true,"href":"https:\/\/paracherkaoui.ma\/index.php\/wp-json\/wp\/v2\/product_tag?post=57941"}],"curies":[{"name":"wp","href":"https:\/\/api.w.org\/{rel}","templated":true}]}}