{"id":57898,"date":"2025-12-12T19:50:18","date_gmt":"2025-12-12T18:50:18","guid":{"rendered":"https:\/\/test.ecbeaute.com\/?post_type=product&#038;p=57898"},"modified":"2025-12-12T19:50:20","modified_gmt":"2025-12-12T18:50:20","slug":"cetaphil-pro-acne-prone-lotion-hydratante-spf-30-3","status":"publish","type":"product","link":"https:\/\/paracherkaoui.ma\/index.php\/produit\/cetaphil-pro-acne-prone-lotion-hydratante-spf-30-3\/","title":{"rendered":"CETAPHIL PRO ACNE PRONE LOTION HYDRATANTE SPF 30"},"content":{"rendered":"<p>DESCRIPTION :<br \/>\nL&rsquo;Hydratant s\u00e9bo-r\u00e9gulateur Cetaphil DermaControl est une lotion \u00e9volu\u00e9e 3 en 1 qui procure une hydratation anti-luisance du visage ainsi qu&rsquo;une protection solaire FPS 30. Cette lotion infus\u00e9e aux c\u00e9ramides restaure la barri\u00e8re d\u2019hydratation de la peau et contient du gluconate de zinc pour absorber l\u2019exc\u00e9dent de s\u00e9bum pour donner un fini mat non luisant.<br \/>\nS&rsquo;absorbe rapidement et fournit une hydratation longue dur\u00e9e<br \/>\nRestaure la barri\u00e8re d\u2019hydratation de la peau<br \/>\nProtection UVA\/UVB \u00e0 large spectre avec la technologie ol\u00e9osome<br \/>\nFini mat, l\u00e9ger et non gras<br \/>\nNon com\u00e9dog\u00e8ne<br \/>\n\u00c9valu\u00e9 par le Comit\u00e9 de r\u00e9vision en dermatologie<br \/>\nSans parab\u00e8nes<br \/>\nCONSEILS D&rsquo;UTILISATION :<br \/>\nUtiliser tous les jours. Apr\u00e8s le nettoyage, appliquer au visage en \u00e9vitant la r\u00e9gion des yeux. Appliquer avant l\u2019exposition au soleil. Pour une protection suppl\u00e9mentaire, \u00e9taler la lotion jusqu\u2019\u00e0 la r\u00e9gion des oreilles et du cou. R\u00e9appliquer souvent pour une protection FPS efficace.<\/p>\n","protected":false},"excerpt":{"rendered":"<p>DESCRIPTION : L&rsquo;Hydratant s\u00e9bo-r\u00e9gulateur Cetaphil DermaControl est une lotion \u00e9volu\u00e9e 3 en 1 qui procure une hydratation anti-luisance du visage<\/p>\n","protected":false},"featured_media":13735,"comment_status":"open","ping_status":"closed","template":"","meta":[],"product_brand":[150],"product_cat":[129],"product_tag":[],"class_list":{"0":"post-57898","1":"product","2":"type-product","3":"status-publish","4":"has-post-thumbnail","6":"product_brand-cetaphil","7":"product_cat-acne","9":"first","10":"instock","11":"sale","12":"shipping-taxable","13":"purchasable","14":"product-type-simple"},"yoast_head":"<!-- This site is optimized with the Yoast SEO plugin v26.6 - https:\/\/yoast.com\/wordpress\/plugins\/seo\/ -->\r\n<title>CETAPHIL PRO ACNE PRONE LOTION HYDRATANTE SPF 30 - Paracherkaoui.ma<\/title>\r\n<meta name=\"robots\" content=\"index, follow, max-snippet:-1, max-image-preview:large, max-video-preview:-1\" \/>\r\n<link rel=\"canonical\" href=\"https:\/\/paracherkaoui.ma\/index.php\/produit\/cetaphil-pro-acne-prone-lotion-hydratante-spf-30-3\/\" \/>\r\n<meta property=\"og:locale\" content=\"fr_FR\" \/>\r\n<meta property=\"og:type\" content=\"article\" \/>\r\n<meta property=\"og:title\" content=\"CETAPHIL PRO ACNE PRONE LOTION HYDRATANTE SPF 30 - Paracherkaoui.ma\" \/>\r\n<meta property=\"og:description\" content=\"DESCRIPTION : L&rsquo;Hydratant s\u00e9bo-r\u00e9gulateur Cetaphil DermaControl est une lotion \u00e9volu\u00e9e 3 en 1 qui procure une hydratation anti-luisance du visage\" \/>\r\n<meta property=\"og:url\" content=\"https:\/\/paracherkaoui.ma\/index.php\/produit\/cetaphil-pro-acne-prone-lotion-hydratante-spf-30-3\/\" \/>\r\n<meta property=\"og:site_name\" content=\"Paracherkaoui.ma\" \/>\r\n<meta property=\"article:modified_time\" content=\"2025-12-12T18:50:20+00:00\" \/>\r\n<meta property=\"og:image\" content=\"https:\/\/paracherkaoui.ma\/wp-content\/uploads\/2025\/12\/cetaphil-cetaphil-pro-acne-prone-lotion-hydratante-spf-30-soins-anti-imperfections.jpg\" \/>\r\n\t<meta property=\"og:image:width\" content=\"700\" \/>\r\n\t<meta property=\"og:image:height\" content=\"700\" \/>\r\n\t<meta property=\"og:image:type\" content=\"image\/jpeg\" \/>\r\n<meta name=\"twitter:card\" content=\"summary_large_image\" \/>\r\n<meta name=\"twitter:label1\" content=\"Dur\u00e9e de lecture estim\u00e9e\" \/>\n\t<meta name=\"twitter:data1\" content=\"1 minute\" \/>\r\n<script type=\"application\/ld+json\" class=\"yoast-schema-graph\">{\"@context\":\"https:\/\/schema.org\",\"@graph\":[{\"@type\":\"WebPage\",\"@id\":\"https:\/\/paracherkaoui.ma\/index.php\/produit\/cetaphil-pro-acne-prone-lotion-hydratante-spf-30-3\/\",\"url\":\"https:\/\/paracherkaoui.ma\/index.php\/produit\/cetaphil-pro-acne-prone-lotion-hydratante-spf-30-3\/\",\"name\":\"CETAPHIL PRO ACNE PRONE LOTION HYDRATANTE SPF 30 - Paracherkaoui.ma\",\"isPartOf\":{\"@id\":\"https:\/\/paracherkaoui.ma\/#website\"},\"primaryImageOfPage\":{\"@id\":\"https:\/\/paracherkaoui.ma\/index.php\/produit\/cetaphil-pro-acne-prone-lotion-hydratante-spf-30-3\/#primaryimage\"},\"image\":{\"@id\":\"https:\/\/paracherkaoui.ma\/index.php\/produit\/cetaphil-pro-acne-prone-lotion-hydratante-spf-30-3\/#primaryimage\"},\"thumbnailUrl\":\"https:\/\/paracherkaoui.ma\/wp-content\/uploads\/2025\/12\/cetaphil-cetaphil-pro-acne-prone-lotion-hydratante-spf-30-soins-anti-imperfections.jpg\",\"datePublished\":\"2025-12-12T18:50:18+00:00\",\"dateModified\":\"2025-12-12T18:50:20+00:00\",\"breadcrumb\":{\"@id\":\"https:\/\/paracherkaoui.ma\/index.php\/produit\/cetaphil-pro-acne-prone-lotion-hydratante-spf-30-3\/#breadcrumb\"},\"inLanguage\":\"fr-FR\",\"potentialAction\":[{\"@type\":\"ReadAction\",\"target\":[\"https:\/\/paracherkaoui.ma\/index.php\/produit\/cetaphil-pro-acne-prone-lotion-hydratante-spf-30-3\/\"]}]},{\"@type\":\"ImageObject\",\"inLanguage\":\"fr-FR\",\"@id\":\"https:\/\/paracherkaoui.ma\/index.php\/produit\/cetaphil-pro-acne-prone-lotion-hydratante-spf-30-3\/#primaryimage\",\"url\":\"https:\/\/paracherkaoui.ma\/wp-content\/uploads\/2025\/12\/cetaphil-cetaphil-pro-acne-prone-lotion-hydratante-spf-30-soins-anti-imperfections.jpg\",\"contentUrl\":\"https:\/\/paracherkaoui.ma\/wp-content\/uploads\/2025\/12\/cetaphil-cetaphil-pro-acne-prone-lotion-hydratante-spf-30-soins-anti-imperfections.jpg\",\"width\":700,\"height\":700},{\"@type\":\"BreadcrumbList\",\"@id\":\"https:\/\/paracherkaoui.ma\/index.php\/produit\/cetaphil-pro-acne-prone-lotion-hydratante-spf-30-3\/#breadcrumb\",\"itemListElement\":[{\"@type\":\"ListItem\",\"position\":1,\"name\":\"Accueil\",\"item\":\"https:\/\/paracherkaoui.ma\/\"},{\"@type\":\"ListItem\",\"position\":2,\"name\":\"Boutique\",\"item\":\"https:\/\/paracherkaoui.ma\/index.php\/boutique\/\"},{\"@type\":\"ListItem\",\"position\":3,\"name\":\"CETAPHIL PRO ACNE PRONE LOTION HYDRATANTE SPF 30\"}]},{\"@type\":\"WebSite\",\"@id\":\"https:\/\/paracherkaoui.ma\/#website\",\"url\":\"https:\/\/paracherkaoui.ma\/\",\"name\":\"Paracherkaoui.ma\",\"description\":\"Achetez en ligne sur Paracherkaoui.ma\",\"potentialAction\":[{\"@type\":\"SearchAction\",\"target\":{\"@type\":\"EntryPoint\",\"urlTemplate\":\"https:\/\/paracherkaoui.ma\/?s={search_term_string}\"},\"query-input\":{\"@type\":\"PropertyValueSpecification\",\"valueRequired\":true,\"valueName\":\"search_term_string\"}}],\"inLanguage\":\"fr-FR\"}]}<\/script>\r\n<!-- \/ Yoast SEO plugin. -->","yoast_head_json":{"title":"CETAPHIL PRO ACNE PRONE LOTION HYDRATANTE SPF 30 - Paracherkaoui.ma","robots":{"index":"index","follow":"follow","max-snippet":"max-snippet:-1","max-image-preview":"max-image-preview:large","max-video-preview":"max-video-preview:-1"},"canonical":"https:\/\/paracherkaoui.ma\/index.php\/produit\/cetaphil-pro-acne-prone-lotion-hydratante-spf-30-3\/","og_locale":"fr_FR","og_type":"article","og_title":"CETAPHIL PRO ACNE PRONE LOTION HYDRATANTE SPF 30 - Paracherkaoui.ma","og_description":"DESCRIPTION : L&rsquo;Hydratant s\u00e9bo-r\u00e9gulateur Cetaphil DermaControl est une lotion \u00e9volu\u00e9e 3 en 1 qui procure une hydratation anti-luisance du visage","og_url":"https:\/\/paracherkaoui.ma\/index.php\/produit\/cetaphil-pro-acne-prone-lotion-hydratante-spf-30-3\/","og_site_name":"Paracherkaoui.ma","article_modified_time":"2025-12-12T18:50:20+00:00","og_image":[{"width":700,"height":700,"url":"https:\/\/paracherkaoui.ma\/wp-content\/uploads\/2025\/12\/cetaphil-cetaphil-pro-acne-prone-lotion-hydratante-spf-30-soins-anti-imperfections.jpg","type":"image\/jpeg"}],"twitter_card":"summary_large_image","twitter_misc":{"Dur\u00e9e de lecture estim\u00e9e":"1 minute"},"schema":{"@context":"https:\/\/schema.org","@graph":[{"@type":"WebPage","@id":"https:\/\/paracherkaoui.ma\/index.php\/produit\/cetaphil-pro-acne-prone-lotion-hydratante-spf-30-3\/","url":"https:\/\/paracherkaoui.ma\/index.php\/produit\/cetaphil-pro-acne-prone-lotion-hydratante-spf-30-3\/","name":"CETAPHIL PRO ACNE PRONE LOTION HYDRATANTE SPF 30 - Paracherkaoui.ma","isPartOf":{"@id":"https:\/\/paracherkaoui.ma\/#website"},"primaryImageOfPage":{"@id":"https:\/\/paracherkaoui.ma\/index.php\/produit\/cetaphil-pro-acne-prone-lotion-hydratante-spf-30-3\/#primaryimage"},"image":{"@id":"https:\/\/paracherkaoui.ma\/index.php\/produit\/cetaphil-pro-acne-prone-lotion-hydratante-spf-30-3\/#primaryimage"},"thumbnailUrl":"https:\/\/paracherkaoui.ma\/wp-content\/uploads\/2025\/12\/cetaphil-cetaphil-pro-acne-prone-lotion-hydratante-spf-30-soins-anti-imperfections.jpg","datePublished":"2025-12-12T18:50:18+00:00","dateModified":"2025-12-12T18:50:20+00:00","breadcrumb":{"@id":"https:\/\/paracherkaoui.ma\/index.php\/produit\/cetaphil-pro-acne-prone-lotion-hydratante-spf-30-3\/#breadcrumb"},"inLanguage":"fr-FR","potentialAction":[{"@type":"ReadAction","target":["https:\/\/paracherkaoui.ma\/index.php\/produit\/cetaphil-pro-acne-prone-lotion-hydratante-spf-30-3\/"]}]},{"@type":"ImageObject","inLanguage":"fr-FR","@id":"https:\/\/paracherkaoui.ma\/index.php\/produit\/cetaphil-pro-acne-prone-lotion-hydratante-spf-30-3\/#primaryimage","url":"https:\/\/paracherkaoui.ma\/wp-content\/uploads\/2025\/12\/cetaphil-cetaphil-pro-acne-prone-lotion-hydratante-spf-30-soins-anti-imperfections.jpg","contentUrl":"https:\/\/paracherkaoui.ma\/wp-content\/uploads\/2025\/12\/cetaphil-cetaphil-pro-acne-prone-lotion-hydratante-spf-30-soins-anti-imperfections.jpg","width":700,"height":700},{"@type":"BreadcrumbList","@id":"https:\/\/paracherkaoui.ma\/index.php\/produit\/cetaphil-pro-acne-prone-lotion-hydratante-spf-30-3\/#breadcrumb","itemListElement":[{"@type":"ListItem","position":1,"name":"Accueil","item":"https:\/\/paracherkaoui.ma\/"},{"@type":"ListItem","position":2,"name":"Boutique","item":"https:\/\/paracherkaoui.ma\/index.php\/boutique\/"},{"@type":"ListItem","position":3,"name":"CETAPHIL PRO ACNE PRONE LOTION HYDRATANTE SPF 30"}]},{"@type":"WebSite","@id":"https:\/\/paracherkaoui.ma\/#website","url":"https:\/\/paracherkaoui.ma\/","name":"Paracherkaoui.ma","description":"Achetez en ligne sur Paracherkaoui.ma","potentialAction":[{"@type":"SearchAction","target":{"@type":"EntryPoint","urlTemplate":"https:\/\/paracherkaoui.ma\/?s={search_term_string}"},"query-input":{"@type":"PropertyValueSpecification","valueRequired":true,"valueName":"search_term_string"}}],"inLanguage":"fr-FR"}]}},"_links":{"self":[{"href":"https:\/\/paracherkaoui.ma\/index.php\/wp-json\/wp\/v2\/product\/57898","targetHints":{"allow":["GET"]}}],"collection":[{"href":"https:\/\/paracherkaoui.ma\/index.php\/wp-json\/wp\/v2\/product"}],"about":[{"href":"https:\/\/paracherkaoui.ma\/index.php\/wp-json\/wp\/v2\/types\/product"}],"replies":[{"embeddable":true,"href":"https:\/\/paracherkaoui.ma\/index.php\/wp-json\/wp\/v2\/comments?post=57898"}],"version-history":[{"count":1,"href":"https:\/\/paracherkaoui.ma\/index.php\/wp-json\/wp\/v2\/product\/57898\/revisions"}],"predecessor-version":[{"id":57928,"href":"https:\/\/paracherkaoui.ma\/index.php\/wp-json\/wp\/v2\/product\/57898\/revisions\/57928"}],"wp:featuredmedia":[{"embeddable":true,"href":"https:\/\/paracherkaoui.ma\/index.php\/wp-json\/wp\/v2\/media\/13735"}],"wp:attachment":[{"href":"https:\/\/paracherkaoui.ma\/index.php\/wp-json\/wp\/v2\/media?parent=57898"}],"wp:term":[{"taxonomy":"product_brand","embeddable":true,"href":"https:\/\/paracherkaoui.ma\/index.php\/wp-json\/wp\/v2\/product_brand?post=57898"},{"taxonomy":"product_cat","embeddable":true,"href":"https:\/\/paracherkaoui.ma\/index.php\/wp-json\/wp\/v2\/product_cat?post=57898"},{"taxonomy":"product_tag","embeddable":true,"href":"https:\/\/paracherkaoui.ma\/index.php\/wp-json\/wp\/v2\/product_tag?post=57898"}],"curies":[{"name":"wp","href":"https:\/\/api.w.org\/{rel}","templated":true}]}}