{"id":57886,"date":"2025-12-12T19:50:17","date_gmt":"2025-12-12T18:50:17","guid":{"rendered":"https:\/\/test.ecbeaute.com\/?post_type=product&#038;p=57886"},"modified":"2025-12-12T19:50:19","modified_gmt":"2025-12-12T18:50:19","slug":"svr-sebiaclear-cicapeel-gel-actif-cible-15-ml-3","status":"publish","type":"product","link":"https:\/\/paracherkaoui.ma\/index.php\/produit\/svr-sebiaclear-cicapeel-gel-actif-cible-15-ml-3\/","title":{"rendered":"SVR SEBIACLEAR CICAPEEL GEL ACTIF CIBLE 15 ML"},"content":{"rendered":"<p>Description:<br \/>\nSVR SEBIACLEAR CICAPEEL. Le gel actif CICAPEEL anti-marques cible les boutons en 24H. Ce gel frais concentr\u00e9 purifie, \u00e9limine et ass\u00e8che les imperfections et rougeurs localis\u00e9es. Son action renforc\u00e9e r\u00e9duit et pr\u00e9vient les marques. Sa formule \u00e0 base de gluconolactone 1% associ\u00e9 \u00e0 de l&rsquo;acide salicylique r\u00e9duit les imperfection li\u00e9es \u00e0 l&rsquo;inflammation. Sans AHA. Au parfum frais sans allerg\u00e8ne. Sans paraben. Non-com\u00e9dog\u00e8ne.<br \/>\nCONSEILS D&rsquo;UTILISATION :<br \/>\nAppliquer localement 2 ou plusieurs fois par jour.<\/p>\n","protected":false},"excerpt":{"rendered":"<p>Description: SVR SEBIACLEAR CICAPEEL. Le gel actif CICAPEEL anti-marques cible les boutons en 24H. Ce gel frais concentr\u00e9 purifie, \u00e9limine<\/p>\n","protected":false},"featured_media":13613,"comment_status":"open","ping_status":"closed","template":"","meta":[],"product_brand":[133],"product_cat":[129],"product_tag":[],"class_list":{"0":"post-57886","1":"product","2":"type-product","3":"status-publish","4":"has-post-thumbnail","6":"product_brand-svr","7":"product_cat-acne","9":"first","10":"instock","11":"sale","12":"shipping-taxable","13":"purchasable","14":"product-type-simple"},"yoast_head":"<!-- This site is optimized with the Yoast SEO plugin v26.6 - https:\/\/yoast.com\/wordpress\/plugins\/seo\/ -->\r\n<title>SVR SEBIACLEAR CICAPEEL GEL ACTIF CIBLE 15 ML - Paracherkaoui.ma<\/title>\r\n<meta name=\"robots\" content=\"index, follow, max-snippet:-1, max-image-preview:large, max-video-preview:-1\" \/>\r\n<link rel=\"canonical\" href=\"https:\/\/paracherkaoui.ma\/index.php\/produit\/svr-sebiaclear-cicapeel-gel-actif-cible-15-ml-3\/\" \/>\r\n<meta property=\"og:locale\" content=\"fr_FR\" \/>\r\n<meta property=\"og:type\" content=\"article\" \/>\r\n<meta property=\"og:title\" content=\"SVR SEBIACLEAR CICAPEEL GEL ACTIF CIBLE 15 ML - Paracherkaoui.ma\" \/>\r\n<meta property=\"og:description\" content=\"Description: SVR SEBIACLEAR CICAPEEL. Le gel actif CICAPEEL anti-marques cible les boutons en 24H. Ce gel frais concentr\u00e9 purifie, \u00e9limine\" \/>\r\n<meta property=\"og:url\" content=\"https:\/\/paracherkaoui.ma\/index.php\/produit\/svr-sebiaclear-cicapeel-gel-actif-cible-15-ml-3\/\" \/>\r\n<meta property=\"og:site_name\" content=\"Paracherkaoui.ma\" \/>\r\n<meta property=\"article:modified_time\" content=\"2025-12-12T18:50:19+00:00\" \/>\r\n<meta property=\"og:image\" content=\"https:\/\/paracherkaoui.ma\/wp-content\/uploads\/2025\/12\/svr-svr-sebiaclear-cicapeel-gel-actif-cible-15-ml-soins-anti-imperfections.jpg\" \/>\r\n\t<meta property=\"og:image:width\" content=\"700\" \/>\r\n\t<meta property=\"og:image:height\" content=\"700\" \/>\r\n\t<meta property=\"og:image:type\" content=\"image\/jpeg\" \/>\r\n<meta name=\"twitter:card\" content=\"summary_large_image\" \/>\r\n<script type=\"application\/ld+json\" class=\"yoast-schema-graph\">{\"@context\":\"https:\/\/schema.org\",\"@graph\":[{\"@type\":\"WebPage\",\"@id\":\"https:\/\/paracherkaoui.ma\/index.php\/produit\/svr-sebiaclear-cicapeel-gel-actif-cible-15-ml-3\/\",\"url\":\"https:\/\/paracherkaoui.ma\/index.php\/produit\/svr-sebiaclear-cicapeel-gel-actif-cible-15-ml-3\/\",\"name\":\"SVR SEBIACLEAR CICAPEEL GEL ACTIF CIBLE 15 ML - Paracherkaoui.ma\",\"isPartOf\":{\"@id\":\"https:\/\/paracherkaoui.ma\/#website\"},\"primaryImageOfPage\":{\"@id\":\"https:\/\/paracherkaoui.ma\/index.php\/produit\/svr-sebiaclear-cicapeel-gel-actif-cible-15-ml-3\/#primaryimage\"},\"image\":{\"@id\":\"https:\/\/paracherkaoui.ma\/index.php\/produit\/svr-sebiaclear-cicapeel-gel-actif-cible-15-ml-3\/#primaryimage\"},\"thumbnailUrl\":\"https:\/\/paracherkaoui.ma\/wp-content\/uploads\/2025\/12\/svr-svr-sebiaclear-cicapeel-gel-actif-cible-15-ml-soins-anti-imperfections.jpg\",\"datePublished\":\"2025-12-12T18:50:17+00:00\",\"dateModified\":\"2025-12-12T18:50:19+00:00\",\"breadcrumb\":{\"@id\":\"https:\/\/paracherkaoui.ma\/index.php\/produit\/svr-sebiaclear-cicapeel-gel-actif-cible-15-ml-3\/#breadcrumb\"},\"inLanguage\":\"fr-FR\",\"potentialAction\":[{\"@type\":\"ReadAction\",\"target\":[\"https:\/\/paracherkaoui.ma\/index.php\/produit\/svr-sebiaclear-cicapeel-gel-actif-cible-15-ml-3\/\"]}]},{\"@type\":\"ImageObject\",\"inLanguage\":\"fr-FR\",\"@id\":\"https:\/\/paracherkaoui.ma\/index.php\/produit\/svr-sebiaclear-cicapeel-gel-actif-cible-15-ml-3\/#primaryimage\",\"url\":\"https:\/\/paracherkaoui.ma\/wp-content\/uploads\/2025\/12\/svr-svr-sebiaclear-cicapeel-gel-actif-cible-15-ml-soins-anti-imperfections.jpg\",\"contentUrl\":\"https:\/\/paracherkaoui.ma\/wp-content\/uploads\/2025\/12\/svr-svr-sebiaclear-cicapeel-gel-actif-cible-15-ml-soins-anti-imperfections.jpg\",\"width\":700,\"height\":700},{\"@type\":\"BreadcrumbList\",\"@id\":\"https:\/\/paracherkaoui.ma\/index.php\/produit\/svr-sebiaclear-cicapeel-gel-actif-cible-15-ml-3\/#breadcrumb\",\"itemListElement\":[{\"@type\":\"ListItem\",\"position\":1,\"name\":\"Accueil\",\"item\":\"https:\/\/paracherkaoui.ma\/\"},{\"@type\":\"ListItem\",\"position\":2,\"name\":\"Boutique\",\"item\":\"https:\/\/paracherkaoui.ma\/index.php\/boutique\/\"},{\"@type\":\"ListItem\",\"position\":3,\"name\":\"SVR SEBIACLEAR CICAPEEL GEL ACTIF CIBLE 15 ML\"}]},{\"@type\":\"WebSite\",\"@id\":\"https:\/\/paracherkaoui.ma\/#website\",\"url\":\"https:\/\/paracherkaoui.ma\/\",\"name\":\"Paracherkaoui.ma\",\"description\":\"Achetez en ligne sur Paracherkaoui.ma\",\"potentialAction\":[{\"@type\":\"SearchAction\",\"target\":{\"@type\":\"EntryPoint\",\"urlTemplate\":\"https:\/\/paracherkaoui.ma\/?s={search_term_string}\"},\"query-input\":{\"@type\":\"PropertyValueSpecification\",\"valueRequired\":true,\"valueName\":\"search_term_string\"}}],\"inLanguage\":\"fr-FR\"}]}<\/script>\r\n<!-- \/ Yoast SEO plugin. -->","yoast_head_json":{"title":"SVR SEBIACLEAR CICAPEEL GEL ACTIF CIBLE 15 ML - Paracherkaoui.ma","robots":{"index":"index","follow":"follow","max-snippet":"max-snippet:-1","max-image-preview":"max-image-preview:large","max-video-preview":"max-video-preview:-1"},"canonical":"https:\/\/paracherkaoui.ma\/index.php\/produit\/svr-sebiaclear-cicapeel-gel-actif-cible-15-ml-3\/","og_locale":"fr_FR","og_type":"article","og_title":"SVR SEBIACLEAR CICAPEEL GEL ACTIF CIBLE 15 ML - Paracherkaoui.ma","og_description":"Description: SVR SEBIACLEAR CICAPEEL. Le gel actif CICAPEEL anti-marques cible les boutons en 24H. Ce gel frais concentr\u00e9 purifie, \u00e9limine","og_url":"https:\/\/paracherkaoui.ma\/index.php\/produit\/svr-sebiaclear-cicapeel-gel-actif-cible-15-ml-3\/","og_site_name":"Paracherkaoui.ma","article_modified_time":"2025-12-12T18:50:19+00:00","og_image":[{"width":700,"height":700,"url":"https:\/\/paracherkaoui.ma\/wp-content\/uploads\/2025\/12\/svr-svr-sebiaclear-cicapeel-gel-actif-cible-15-ml-soins-anti-imperfections.jpg","type":"image\/jpeg"}],"twitter_card":"summary_large_image","schema":{"@context":"https:\/\/schema.org","@graph":[{"@type":"WebPage","@id":"https:\/\/paracherkaoui.ma\/index.php\/produit\/svr-sebiaclear-cicapeel-gel-actif-cible-15-ml-3\/","url":"https:\/\/paracherkaoui.ma\/index.php\/produit\/svr-sebiaclear-cicapeel-gel-actif-cible-15-ml-3\/","name":"SVR SEBIACLEAR CICAPEEL GEL ACTIF CIBLE 15 ML - Paracherkaoui.ma","isPartOf":{"@id":"https:\/\/paracherkaoui.ma\/#website"},"primaryImageOfPage":{"@id":"https:\/\/paracherkaoui.ma\/index.php\/produit\/svr-sebiaclear-cicapeel-gel-actif-cible-15-ml-3\/#primaryimage"},"image":{"@id":"https:\/\/paracherkaoui.ma\/index.php\/produit\/svr-sebiaclear-cicapeel-gel-actif-cible-15-ml-3\/#primaryimage"},"thumbnailUrl":"https:\/\/paracherkaoui.ma\/wp-content\/uploads\/2025\/12\/svr-svr-sebiaclear-cicapeel-gel-actif-cible-15-ml-soins-anti-imperfections.jpg","datePublished":"2025-12-12T18:50:17+00:00","dateModified":"2025-12-12T18:50:19+00:00","breadcrumb":{"@id":"https:\/\/paracherkaoui.ma\/index.php\/produit\/svr-sebiaclear-cicapeel-gel-actif-cible-15-ml-3\/#breadcrumb"},"inLanguage":"fr-FR","potentialAction":[{"@type":"ReadAction","target":["https:\/\/paracherkaoui.ma\/index.php\/produit\/svr-sebiaclear-cicapeel-gel-actif-cible-15-ml-3\/"]}]},{"@type":"ImageObject","inLanguage":"fr-FR","@id":"https:\/\/paracherkaoui.ma\/index.php\/produit\/svr-sebiaclear-cicapeel-gel-actif-cible-15-ml-3\/#primaryimage","url":"https:\/\/paracherkaoui.ma\/wp-content\/uploads\/2025\/12\/svr-svr-sebiaclear-cicapeel-gel-actif-cible-15-ml-soins-anti-imperfections.jpg","contentUrl":"https:\/\/paracherkaoui.ma\/wp-content\/uploads\/2025\/12\/svr-svr-sebiaclear-cicapeel-gel-actif-cible-15-ml-soins-anti-imperfections.jpg","width":700,"height":700},{"@type":"BreadcrumbList","@id":"https:\/\/paracherkaoui.ma\/index.php\/produit\/svr-sebiaclear-cicapeel-gel-actif-cible-15-ml-3\/#breadcrumb","itemListElement":[{"@type":"ListItem","position":1,"name":"Accueil","item":"https:\/\/paracherkaoui.ma\/"},{"@type":"ListItem","position":2,"name":"Boutique","item":"https:\/\/paracherkaoui.ma\/index.php\/boutique\/"},{"@type":"ListItem","position":3,"name":"SVR SEBIACLEAR CICAPEEL GEL ACTIF CIBLE 15 ML"}]},{"@type":"WebSite","@id":"https:\/\/paracherkaoui.ma\/#website","url":"https:\/\/paracherkaoui.ma\/","name":"Paracherkaoui.ma","description":"Achetez en ligne sur Paracherkaoui.ma","potentialAction":[{"@type":"SearchAction","target":{"@type":"EntryPoint","urlTemplate":"https:\/\/paracherkaoui.ma\/?s={search_term_string}"},"query-input":{"@type":"PropertyValueSpecification","valueRequired":true,"valueName":"search_term_string"}}],"inLanguage":"fr-FR"}]}},"_links":{"self":[{"href":"https:\/\/paracherkaoui.ma\/index.php\/wp-json\/wp\/v2\/product\/57886","targetHints":{"allow":["GET"]}}],"collection":[{"href":"https:\/\/paracherkaoui.ma\/index.php\/wp-json\/wp\/v2\/product"}],"about":[{"href":"https:\/\/paracherkaoui.ma\/index.php\/wp-json\/wp\/v2\/types\/product"}],"replies":[{"embeddable":true,"href":"https:\/\/paracherkaoui.ma\/index.php\/wp-json\/wp\/v2\/comments?post=57886"}],"version-history":[{"count":1,"href":"https:\/\/paracherkaoui.ma\/index.php\/wp-json\/wp\/v2\/product\/57886\/revisions"}],"predecessor-version":[{"id":57916,"href":"https:\/\/paracherkaoui.ma\/index.php\/wp-json\/wp\/v2\/product\/57886\/revisions\/57916"}],"wp:featuredmedia":[{"embeddable":true,"href":"https:\/\/paracherkaoui.ma\/index.php\/wp-json\/wp\/v2\/media\/13613"}],"wp:attachment":[{"href":"https:\/\/paracherkaoui.ma\/index.php\/wp-json\/wp\/v2\/media?parent=57886"}],"wp:term":[{"taxonomy":"product_brand","embeddable":true,"href":"https:\/\/paracherkaoui.ma\/index.php\/wp-json\/wp\/v2\/product_brand?post=57886"},{"taxonomy":"product_cat","embeddable":true,"href":"https:\/\/paracherkaoui.ma\/index.php\/wp-json\/wp\/v2\/product_cat?post=57886"},{"taxonomy":"product_tag","embeddable":true,"href":"https:\/\/paracherkaoui.ma\/index.php\/wp-json\/wp\/v2\/product_tag?post=57886"}],"curies":[{"name":"wp","href":"https:\/\/api.w.org\/{rel}","templated":true}]}}