{"id":57786,"date":"2025-12-12T19:50:05","date_gmt":"2025-12-12T18:50:05","guid":{"rendered":"https:\/\/test.ecbeaute.com\/?post_type=product&#038;p=57786"},"modified":"2025-12-12T19:50:09","modified_gmt":"2025-12-12T18:50:09","slug":"cerave-offre-soin-concentre-anti-imperfections-40-mlformat-voyage-offert-6","status":"publish","type":"product","link":"https:\/\/paracherkaoui.ma\/index.php\/produit\/cerave-offre-soin-concentre-anti-imperfections-40-mlformat-voyage-offert-6\/","title":{"rendered":"CERAVE OFFRE SOIN CONCENTRE ANTI IMPERFECTIONS 40 ML+FORMAT VOYAGE OFFERT"},"content":{"rendered":"<p>Son complexe AHA (acide glycolique et lactique) aide \u00e0 \u00e9liminer les cellules mortes, att\u00e9nuer les marques et favoriser le renouvellement cellulaire. La niacinamide apaise les inflammations, tandis que l\u2019acide hyaluronique assure une hydratation optimale pendant 8 heures. Pour renforcer la barri\u00e8re cutan\u00e9e, ce soin contient \u00e9galement 3 c\u00e9ramides essentiels (1, 3, 6-II), agissant en synergie avec la technologie MVE pour une lib\u00e9ration prolong\u00e9e des actifs.<br \/>\nSa texture gel non grasse, non collante p\u00e9n\u00e8tre rapidement et procure une sensation de fra\u00eecheur imm\u00e9diate. Sans parfum, sans alcool, hypoallerg\u00e9nique et au pH physiologique, il est parfaitement tol\u00e9r\u00e9 par les peaux sensibles. Son embout applicateur pr\u00e9cis permet une application cibl\u00e9e, sans exc\u00e8s de produit.<br \/>\nEfficacit\u00e9<br \/>\nJusqu&rsquo;\u00e0 40% de boutons en moins apr\u00e8s 3 jours d&rsquo;utilisation.<br \/>\nHydratation continue pendant 8h<br \/>\nTest instrumental, mesure de l&rsquo;hydratation<br \/>\nEtude clinique en monoth\u00e9rapie, F&#038;H, 13-45 ans, peaux grasses, peaux acn\u00e9iques (l\u00e9g\u00e8re \u00e0 mod\u00e9r\u00e9e), 1 utilisation par jour le soir sur le visage + 1 utilisation d\u2019une cr\u00e8me SPF 30 chaque matin. Evaluation clinique par grade.<br \/>\nConseils d&rsquo;utilisation<br \/>\nAppliquer le soir sur peau propre et s\u00e8che, sur l\u2019ensemble du visage ou localement sur les imperfections.<br \/>\nEn cas d\u2019utilisation le matin, appliquer imp\u00e9rativement une protection solaire SPF 30 minimum.<br \/>\nConvient aux adolescents et adultes, usage quotidien recommand\u00e9.<br \/>\n\u00c9viter le contour des yeux.<br \/>\nComposition<br \/>\nIngr\u00e9dients &#038; Principes Actifs Cl\u00e9s<br \/>\n2% d\u2019Acide salicylique (BHA) : Exfolie en douceur, d\u00e9sincruste et resserre les pores, lisse le grain de peau tout en stimulant le renouvellement cellulaire.<br \/>\nAHA (Acides glycolique et lactique) : aident \u00e0 \u00e9liminer les cellules mortes et les imperfections, \u00e0 uniformiser la texture de la peau tout en r\u00e9duisant l\u2019inflammation.<br \/>\nNiacinamide : apaise la peau en douceur, aide \u00e0 r\u00e9duire les sensations d\u2019irritation.<br \/>\nAcide hyaluronique : Aide \u00e0 maintenir l\u2019hydratation.<br \/>\n3 c\u00e9ramides essentiels (1, 3, 6-II) : aident \u00e0 restaurer la barri\u00e8re cutan\u00e9e.<br \/>\nTechnologie MVE : Cette technologie brevet\u00e9e lib\u00e8re en continu des ingr\u00e9dients hydratants toute la journ\u00e9e.<br \/>\nAQUA\/WATER, GLYCERIN, CETEARYL ALCOHOL, PHENOXYETHANOL, STEARYL ALCOHOL, CETYL ALCOHOL, PEG-40 STEARATE, BEHENTRIMONIUM METHOSULFATE, GLYCERYL STEARATE, POLYSORBATE 20, ETHYLHEXYLGLYCERIN, POTASSIUM PHOSPHATE, DISODIUM EDTA, DIPOTASSIUM PHOSPHATE, SODIUM LAUROYL LACTYLATE, CERAMIDE NP, CERAMIDE AP, PHYTOSPHINGOSINE, CHOLESTEROL, SODIUM HYALURONATE, XANTHAN GUM, CARBOMER, TOCOPHEROL, CERAMIDE EOP<\/p>\n","protected":false},"excerpt":{"rendered":"<p>Son complexe AHA (acide glycolique et lactique) aide \u00e0 \u00e9liminer les cellules mortes, att\u00e9nuer les marques et favoriser le renouvellement<\/p>\n","protected":false},"featured_media":13249,"comment_status":"open","ping_status":"closed","template":"","meta":[],"product_brand":[131],"product_cat":[129],"product_tag":[],"class_list":{"0":"post-57786","1":"product","2":"type-product","3":"status-publish","4":"has-post-thumbnail","6":"product_brand-cerave","7":"product_cat-acne","9":"first","10":"instock","11":"sale","12":"shipping-taxable","13":"purchasable","14":"product-type-simple"},"yoast_head":"<!-- This site is optimized with the Yoast SEO plugin v26.6 - https:\/\/yoast.com\/wordpress\/plugins\/seo\/ -->\r\n<title>CERAVE OFFRE SOIN CONCENTRE ANTI IMPERFECTIONS 40 ML+FORMAT VOYAGE OFFERT - Paracherkaoui.ma<\/title>\r\n<meta name=\"robots\" content=\"index, follow, max-snippet:-1, max-image-preview:large, max-video-preview:-1\" \/>\r\n<link rel=\"canonical\" href=\"https:\/\/paracherkaoui.ma\/index.php\/produit\/cerave-offre-soin-concentre-anti-imperfections-40-mlformat-voyage-offert-6\/\" \/>\r\n<meta property=\"og:locale\" content=\"fr_FR\" \/>\r\n<meta property=\"og:type\" content=\"article\" \/>\r\n<meta property=\"og:title\" content=\"CERAVE OFFRE SOIN CONCENTRE ANTI IMPERFECTIONS 40 ML+FORMAT VOYAGE OFFERT - Paracherkaoui.ma\" \/>\r\n<meta property=\"og:description\" content=\"Son complexe AHA (acide glycolique et lactique) aide \u00e0 \u00e9liminer les cellules mortes, att\u00e9nuer les marques et favoriser le renouvellement\" \/>\r\n<meta property=\"og:url\" content=\"https:\/\/paracherkaoui.ma\/index.php\/produit\/cerave-offre-soin-concentre-anti-imperfections-40-mlformat-voyage-offert-6\/\" \/>\r\n<meta property=\"og:site_name\" content=\"Paracherkaoui.ma\" \/>\r\n<meta property=\"article:modified_time\" content=\"2025-12-12T18:50:09+00:00\" \/>\r\n<meta property=\"og:image\" content=\"https:\/\/paracherkaoui.ma\/wp-content\/uploads\/2025\/12\/cerave-offre-soin-concentre-anti-imperfections-40-mlformat-voyage-offert.jpg\" \/>\r\n\t<meta property=\"og:image:width\" content=\"700\" \/>\r\n\t<meta property=\"og:image:height\" content=\"700\" \/>\r\n\t<meta property=\"og:image:type\" content=\"image\/jpeg\" \/>\r\n<meta name=\"twitter:card\" content=\"summary_large_image\" \/>\r\n<meta name=\"twitter:label1\" content=\"Dur\u00e9e de lecture estim\u00e9e\" \/>\n\t<meta name=\"twitter:data1\" content=\"2 minutes\" \/>\r\n<script type=\"application\/ld+json\" class=\"yoast-schema-graph\">{\"@context\":\"https:\/\/schema.org\",\"@graph\":[{\"@type\":\"WebPage\",\"@id\":\"https:\/\/paracherkaoui.ma\/index.php\/produit\/cerave-offre-soin-concentre-anti-imperfections-40-mlformat-voyage-offert-6\/\",\"url\":\"https:\/\/paracherkaoui.ma\/index.php\/produit\/cerave-offre-soin-concentre-anti-imperfections-40-mlformat-voyage-offert-6\/\",\"name\":\"CERAVE OFFRE SOIN CONCENTRE ANTI IMPERFECTIONS 40 ML+FORMAT VOYAGE OFFERT - Paracherkaoui.ma\",\"isPartOf\":{\"@id\":\"https:\/\/paracherkaoui.ma\/#website\"},\"primaryImageOfPage\":{\"@id\":\"https:\/\/paracherkaoui.ma\/index.php\/produit\/cerave-offre-soin-concentre-anti-imperfections-40-mlformat-voyage-offert-6\/#primaryimage\"},\"image\":{\"@id\":\"https:\/\/paracherkaoui.ma\/index.php\/produit\/cerave-offre-soin-concentre-anti-imperfections-40-mlformat-voyage-offert-6\/#primaryimage\"},\"thumbnailUrl\":\"https:\/\/paracherkaoui.ma\/wp-content\/uploads\/2025\/12\/cerave-offre-soin-concentre-anti-imperfections-40-mlformat-voyage-offert.jpg\",\"datePublished\":\"2025-12-12T18:50:05+00:00\",\"dateModified\":\"2025-12-12T18:50:09+00:00\",\"breadcrumb\":{\"@id\":\"https:\/\/paracherkaoui.ma\/index.php\/produit\/cerave-offre-soin-concentre-anti-imperfections-40-mlformat-voyage-offert-6\/#breadcrumb\"},\"inLanguage\":\"fr-FR\",\"potentialAction\":[{\"@type\":\"ReadAction\",\"target\":[\"https:\/\/paracherkaoui.ma\/index.php\/produit\/cerave-offre-soin-concentre-anti-imperfections-40-mlformat-voyage-offert-6\/\"]}]},{\"@type\":\"ImageObject\",\"inLanguage\":\"fr-FR\",\"@id\":\"https:\/\/paracherkaoui.ma\/index.php\/produit\/cerave-offre-soin-concentre-anti-imperfections-40-mlformat-voyage-offert-6\/#primaryimage\",\"url\":\"https:\/\/paracherkaoui.ma\/wp-content\/uploads\/2025\/12\/cerave-offre-soin-concentre-anti-imperfections-40-mlformat-voyage-offert.jpg\",\"contentUrl\":\"https:\/\/paracherkaoui.ma\/wp-content\/uploads\/2025\/12\/cerave-offre-soin-concentre-anti-imperfections-40-mlformat-voyage-offert.jpg\",\"width\":700,\"height\":700},{\"@type\":\"BreadcrumbList\",\"@id\":\"https:\/\/paracherkaoui.ma\/index.php\/produit\/cerave-offre-soin-concentre-anti-imperfections-40-mlformat-voyage-offert-6\/#breadcrumb\",\"itemListElement\":[{\"@type\":\"ListItem\",\"position\":1,\"name\":\"Accueil\",\"item\":\"https:\/\/paracherkaoui.ma\/\"},{\"@type\":\"ListItem\",\"position\":2,\"name\":\"Boutique\",\"item\":\"https:\/\/paracherkaoui.ma\/index.php\/boutique\/\"},{\"@type\":\"ListItem\",\"position\":3,\"name\":\"CERAVE OFFRE SOIN CONCENTRE ANTI IMPERFECTIONS 40 ML+FORMAT VOYAGE OFFERT\"}]},{\"@type\":\"WebSite\",\"@id\":\"https:\/\/paracherkaoui.ma\/#website\",\"url\":\"https:\/\/paracherkaoui.ma\/\",\"name\":\"Paracherkaoui.ma\",\"description\":\"Achetez en ligne sur Paracherkaoui.ma\",\"potentialAction\":[{\"@type\":\"SearchAction\",\"target\":{\"@type\":\"EntryPoint\",\"urlTemplate\":\"https:\/\/paracherkaoui.ma\/?s={search_term_string}\"},\"query-input\":{\"@type\":\"PropertyValueSpecification\",\"valueRequired\":true,\"valueName\":\"search_term_string\"}}],\"inLanguage\":\"fr-FR\"}]}<\/script>\r\n<!-- \/ Yoast SEO plugin. -->","yoast_head_json":{"title":"CERAVE OFFRE SOIN CONCENTRE ANTI IMPERFECTIONS 40 ML+FORMAT VOYAGE OFFERT - Paracherkaoui.ma","robots":{"index":"index","follow":"follow","max-snippet":"max-snippet:-1","max-image-preview":"max-image-preview:large","max-video-preview":"max-video-preview:-1"},"canonical":"https:\/\/paracherkaoui.ma\/index.php\/produit\/cerave-offre-soin-concentre-anti-imperfections-40-mlformat-voyage-offert-6\/","og_locale":"fr_FR","og_type":"article","og_title":"CERAVE OFFRE SOIN CONCENTRE ANTI IMPERFECTIONS 40 ML+FORMAT VOYAGE OFFERT - Paracherkaoui.ma","og_description":"Son complexe AHA (acide glycolique et lactique) aide \u00e0 \u00e9liminer les cellules mortes, att\u00e9nuer les marques et favoriser le renouvellement","og_url":"https:\/\/paracherkaoui.ma\/index.php\/produit\/cerave-offre-soin-concentre-anti-imperfections-40-mlformat-voyage-offert-6\/","og_site_name":"Paracherkaoui.ma","article_modified_time":"2025-12-12T18:50:09+00:00","og_image":[{"width":700,"height":700,"url":"https:\/\/paracherkaoui.ma\/wp-content\/uploads\/2025\/12\/cerave-offre-soin-concentre-anti-imperfections-40-mlformat-voyage-offert.jpg","type":"image\/jpeg"}],"twitter_card":"summary_large_image","twitter_misc":{"Dur\u00e9e de lecture estim\u00e9e":"2 minutes"},"schema":{"@context":"https:\/\/schema.org","@graph":[{"@type":"WebPage","@id":"https:\/\/paracherkaoui.ma\/index.php\/produit\/cerave-offre-soin-concentre-anti-imperfections-40-mlformat-voyage-offert-6\/","url":"https:\/\/paracherkaoui.ma\/index.php\/produit\/cerave-offre-soin-concentre-anti-imperfections-40-mlformat-voyage-offert-6\/","name":"CERAVE OFFRE SOIN CONCENTRE ANTI IMPERFECTIONS 40 ML+FORMAT VOYAGE OFFERT - Paracherkaoui.ma","isPartOf":{"@id":"https:\/\/paracherkaoui.ma\/#website"},"primaryImageOfPage":{"@id":"https:\/\/paracherkaoui.ma\/index.php\/produit\/cerave-offre-soin-concentre-anti-imperfections-40-mlformat-voyage-offert-6\/#primaryimage"},"image":{"@id":"https:\/\/paracherkaoui.ma\/index.php\/produit\/cerave-offre-soin-concentre-anti-imperfections-40-mlformat-voyage-offert-6\/#primaryimage"},"thumbnailUrl":"https:\/\/paracherkaoui.ma\/wp-content\/uploads\/2025\/12\/cerave-offre-soin-concentre-anti-imperfections-40-mlformat-voyage-offert.jpg","datePublished":"2025-12-12T18:50:05+00:00","dateModified":"2025-12-12T18:50:09+00:00","breadcrumb":{"@id":"https:\/\/paracherkaoui.ma\/index.php\/produit\/cerave-offre-soin-concentre-anti-imperfections-40-mlformat-voyage-offert-6\/#breadcrumb"},"inLanguage":"fr-FR","potentialAction":[{"@type":"ReadAction","target":["https:\/\/paracherkaoui.ma\/index.php\/produit\/cerave-offre-soin-concentre-anti-imperfections-40-mlformat-voyage-offert-6\/"]}]},{"@type":"ImageObject","inLanguage":"fr-FR","@id":"https:\/\/paracherkaoui.ma\/index.php\/produit\/cerave-offre-soin-concentre-anti-imperfections-40-mlformat-voyage-offert-6\/#primaryimage","url":"https:\/\/paracherkaoui.ma\/wp-content\/uploads\/2025\/12\/cerave-offre-soin-concentre-anti-imperfections-40-mlformat-voyage-offert.jpg","contentUrl":"https:\/\/paracherkaoui.ma\/wp-content\/uploads\/2025\/12\/cerave-offre-soin-concentre-anti-imperfections-40-mlformat-voyage-offert.jpg","width":700,"height":700},{"@type":"BreadcrumbList","@id":"https:\/\/paracherkaoui.ma\/index.php\/produit\/cerave-offre-soin-concentre-anti-imperfections-40-mlformat-voyage-offert-6\/#breadcrumb","itemListElement":[{"@type":"ListItem","position":1,"name":"Accueil","item":"https:\/\/paracherkaoui.ma\/"},{"@type":"ListItem","position":2,"name":"Boutique","item":"https:\/\/paracherkaoui.ma\/index.php\/boutique\/"},{"@type":"ListItem","position":3,"name":"CERAVE OFFRE SOIN CONCENTRE ANTI IMPERFECTIONS 40 ML+FORMAT VOYAGE OFFERT"}]},{"@type":"WebSite","@id":"https:\/\/paracherkaoui.ma\/#website","url":"https:\/\/paracherkaoui.ma\/","name":"Paracherkaoui.ma","description":"Achetez en ligne sur Paracherkaoui.ma","potentialAction":[{"@type":"SearchAction","target":{"@type":"EntryPoint","urlTemplate":"https:\/\/paracherkaoui.ma\/?s={search_term_string}"},"query-input":{"@type":"PropertyValueSpecification","valueRequired":true,"valueName":"search_term_string"}}],"inLanguage":"fr-FR"}]}},"_links":{"self":[{"href":"https:\/\/paracherkaoui.ma\/index.php\/wp-json\/wp\/v2\/product\/57786","targetHints":{"allow":["GET"]}}],"collection":[{"href":"https:\/\/paracherkaoui.ma\/index.php\/wp-json\/wp\/v2\/product"}],"about":[{"href":"https:\/\/paracherkaoui.ma\/index.php\/wp-json\/wp\/v2\/types\/product"}],"replies":[{"embeddable":true,"href":"https:\/\/paracherkaoui.ma\/index.php\/wp-json\/wp\/v2\/comments?post=57786"}],"version-history":[{"count":1,"href":"https:\/\/paracherkaoui.ma\/index.php\/wp-json\/wp\/v2\/product\/57786\/revisions"}],"predecessor-version":[{"id":57816,"href":"https:\/\/paracherkaoui.ma\/index.php\/wp-json\/wp\/v2\/product\/57786\/revisions\/57816"}],"wp:featuredmedia":[{"embeddable":true,"href":"https:\/\/paracherkaoui.ma\/index.php\/wp-json\/wp\/v2\/media\/13249"}],"wp:attachment":[{"href":"https:\/\/paracherkaoui.ma\/index.php\/wp-json\/wp\/v2\/media?parent=57786"}],"wp:term":[{"taxonomy":"product_brand","embeddable":true,"href":"https:\/\/paracherkaoui.ma\/index.php\/wp-json\/wp\/v2\/product_brand?post=57786"},{"taxonomy":"product_cat","embeddable":true,"href":"https:\/\/paracherkaoui.ma\/index.php\/wp-json\/wp\/v2\/product_cat?post=57786"},{"taxonomy":"product_tag","embeddable":true,"href":"https:\/\/paracherkaoui.ma\/index.php\/wp-json\/wp\/v2\/product_tag?post=57786"}],"curies":[{"name":"wp","href":"https:\/\/api.w.org\/{rel}","templated":true}]}}