{"id":57783,"date":"2025-12-12T19:50:05","date_gmt":"2025-12-12T18:50:05","guid":{"rendered":"https:\/\/test.ecbeaute.com\/?post_type=product&#038;p=57783"},"modified":"2025-12-12T19:50:08","modified_gmt":"2025-12-12T18:50:08","slug":"bioderma-sebium-sensitive-soin-apaisant-anti-imperfection-30-ml-3","status":"publish","type":"product","link":"https:\/\/paracherkaoui.ma\/index.php\/produit\/bioderma-sebium-sensitive-soin-apaisant-anti-imperfection-30-ml-3\/","title":{"rendered":"BIODERMA SEBIUM SENSITIVE SOIN APAISANT ANTI IMPERFECTION 30 ML"},"content":{"rendered":"<p>Description:<br \/>\nLe soin apaisant anti-imperfections\u00a0S\u00e9bium Sensitive de la marque Bioderma est un soin visage destin\u00e9 aux peaux \u00e0 tendance acn\u00e9ique sensibles et fragilis\u00e9es. Il permet notamment d&rsquo;\u00e9viter l&rsquo;effet dess\u00e9chant des traitements anti-acn\u00e9. Ce soin agit \u00e0 diff\u00e9rents niveaux : il apporte la juste dose d&rsquo;hydratation, apaise, \u00e9limine les boutons inflamm\u00e9s et les rougeurs tout en matifiant durablement la peau.Ce soin apaisant anti-imperfections S\u00e9bium Sensitive a \u00e9t\u00e9 formul\u00e9 \u00e0 partir de la technologie\u00a0SeboRestore, issue de la recherche men\u00e9e par la marque. Ce principe vise \u00e0 r\u00e9\u00e9quilibrer la qualit\u00e9 du s\u00e9bum pour qu&rsquo;il n&rsquo;obstrue plus les pores et ne cr\u00e9e pas de nouvelles imperfections. Il limite \u00e9galement les marques r\u00e9siduelles qui alt\u00e8rent l&rsquo;uniformit\u00e9 du grain de peau.On retrouve \u00e9galement dans la composition de ce soin apaisant anti-imperfections de la glyc\u00e9rine pour l&rsquo;hydratation et du zinc pour limiter la prolif\u00e9ration des bact\u00e9ries responsables de l&rsquo;acn\u00e9. De l&rsquo;extrait d&rsquo;algue Laminaria Ochroleuca est ajout\u00e9 pour sa richesse en vitamines A et E et ses vertus protectrices et calmantes qui r\u00e9duisent le processus inflammatoire. Enfin, des poudres matifiantes emp\u00eachent la peau de d\u00e9velopper des zones de brillance au cours de la journ\u00e9e.Avec sa texture fluide et l\u00e9g\u00e8re, le soin Bioderma S\u00e9bium Sensitive p\u00e9n\u00e8tre rapidement dans la peau sans laisser de film gras. Il constitue ainsi une bonne base de maquillage tout en luttant en douceur contre les imperfections.<\/p>\n","protected":false},"excerpt":{"rendered":"<p>Description: Le soin apaisant anti-imperfections\u00a0S\u00e9bium Sensitive de la marque Bioderma est un soin visage destin\u00e9 aux peaux \u00e0 tendance acn\u00e9ique<\/p>\n","protected":false},"featured_media":13514,"comment_status":"open","ping_status":"closed","template":"","meta":[],"product_brand":[137],"product_cat":[129],"product_tag":[],"class_list":{"0":"post-57783","1":"product","2":"type-product","3":"status-publish","4":"has-post-thumbnail","6":"product_brand-bioderma","7":"product_cat-acne","9":"first","10":"instock","11":"sale","12":"shipping-taxable","13":"purchasable","14":"product-type-simple"},"yoast_head":"<!-- This site is optimized with the Yoast SEO plugin v26.6 - https:\/\/yoast.com\/wordpress\/plugins\/seo\/ -->\r\n<title>BIODERMA SEBIUM SENSITIVE SOIN APAISANT ANTI IMPERFECTION 30 ML - Paracherkaoui.ma<\/title>\r\n<meta name=\"robots\" content=\"index, follow, max-snippet:-1, max-image-preview:large, max-video-preview:-1\" \/>\r\n<link rel=\"canonical\" href=\"https:\/\/paracherkaoui.ma\/index.php\/produit\/bioderma-sebium-sensitive-soin-apaisant-anti-imperfection-30-ml-3\/\" \/>\r\n<meta property=\"og:locale\" content=\"fr_FR\" \/>\r\n<meta property=\"og:type\" content=\"article\" \/>\r\n<meta property=\"og:title\" content=\"BIODERMA SEBIUM SENSITIVE SOIN APAISANT ANTI IMPERFECTION 30 ML - Paracherkaoui.ma\" \/>\r\n<meta property=\"og:description\" content=\"Description: Le soin apaisant anti-imperfections\u00a0S\u00e9bium Sensitive de la marque Bioderma est un soin visage destin\u00e9 aux peaux \u00e0 tendance acn\u00e9ique\" \/>\r\n<meta property=\"og:url\" content=\"https:\/\/paracherkaoui.ma\/index.php\/produit\/bioderma-sebium-sensitive-soin-apaisant-anti-imperfection-30-ml-3\/\" \/>\r\n<meta property=\"og:site_name\" content=\"Paracherkaoui.ma\" \/>\r\n<meta property=\"article:modified_time\" content=\"2025-12-12T18:50:08+00:00\" \/>\r\n<meta property=\"og:image\" content=\"https:\/\/paracherkaoui.ma\/wp-content\/uploads\/2025\/12\/bioderma-bioderma-sebium-sensitive-soin-apaisant-anti-imperfection-30-ml-soins-anti-imperfections.jpg\" \/>\r\n\t<meta property=\"og:image:width\" content=\"700\" \/>\r\n\t<meta property=\"og:image:height\" content=\"700\" \/>\r\n\t<meta property=\"og:image:type\" content=\"image\/jpeg\" \/>\r\n<meta name=\"twitter:card\" content=\"summary_large_image\" \/>\r\n<meta name=\"twitter:label1\" content=\"Dur\u00e9e de lecture estim\u00e9e\" \/>\n\t<meta name=\"twitter:data1\" content=\"1 minute\" \/>\r\n<script type=\"application\/ld+json\" class=\"yoast-schema-graph\">{\"@context\":\"https:\/\/schema.org\",\"@graph\":[{\"@type\":\"WebPage\",\"@id\":\"https:\/\/paracherkaoui.ma\/index.php\/produit\/bioderma-sebium-sensitive-soin-apaisant-anti-imperfection-30-ml-3\/\",\"url\":\"https:\/\/paracherkaoui.ma\/index.php\/produit\/bioderma-sebium-sensitive-soin-apaisant-anti-imperfection-30-ml-3\/\",\"name\":\"BIODERMA SEBIUM SENSITIVE SOIN APAISANT ANTI IMPERFECTION 30 ML - Paracherkaoui.ma\",\"isPartOf\":{\"@id\":\"https:\/\/paracherkaoui.ma\/#website\"},\"primaryImageOfPage\":{\"@id\":\"https:\/\/paracherkaoui.ma\/index.php\/produit\/bioderma-sebium-sensitive-soin-apaisant-anti-imperfection-30-ml-3\/#primaryimage\"},\"image\":{\"@id\":\"https:\/\/paracherkaoui.ma\/index.php\/produit\/bioderma-sebium-sensitive-soin-apaisant-anti-imperfection-30-ml-3\/#primaryimage\"},\"thumbnailUrl\":\"https:\/\/paracherkaoui.ma\/wp-content\/uploads\/2025\/12\/bioderma-bioderma-sebium-sensitive-soin-apaisant-anti-imperfection-30-ml-soins-anti-imperfections.jpg\",\"datePublished\":\"2025-12-12T18:50:05+00:00\",\"dateModified\":\"2025-12-12T18:50:08+00:00\",\"breadcrumb\":{\"@id\":\"https:\/\/paracherkaoui.ma\/index.php\/produit\/bioderma-sebium-sensitive-soin-apaisant-anti-imperfection-30-ml-3\/#breadcrumb\"},\"inLanguage\":\"fr-FR\",\"potentialAction\":[{\"@type\":\"ReadAction\",\"target\":[\"https:\/\/paracherkaoui.ma\/index.php\/produit\/bioderma-sebium-sensitive-soin-apaisant-anti-imperfection-30-ml-3\/\"]}]},{\"@type\":\"ImageObject\",\"inLanguage\":\"fr-FR\",\"@id\":\"https:\/\/paracherkaoui.ma\/index.php\/produit\/bioderma-sebium-sensitive-soin-apaisant-anti-imperfection-30-ml-3\/#primaryimage\",\"url\":\"https:\/\/paracherkaoui.ma\/wp-content\/uploads\/2025\/12\/bioderma-bioderma-sebium-sensitive-soin-apaisant-anti-imperfection-30-ml-soins-anti-imperfections.jpg\",\"contentUrl\":\"https:\/\/paracherkaoui.ma\/wp-content\/uploads\/2025\/12\/bioderma-bioderma-sebium-sensitive-soin-apaisant-anti-imperfection-30-ml-soins-anti-imperfections.jpg\",\"width\":700,\"height\":700},{\"@type\":\"BreadcrumbList\",\"@id\":\"https:\/\/paracherkaoui.ma\/index.php\/produit\/bioderma-sebium-sensitive-soin-apaisant-anti-imperfection-30-ml-3\/#breadcrumb\",\"itemListElement\":[{\"@type\":\"ListItem\",\"position\":1,\"name\":\"Accueil\",\"item\":\"https:\/\/paracherkaoui.ma\/\"},{\"@type\":\"ListItem\",\"position\":2,\"name\":\"Boutique\",\"item\":\"https:\/\/paracherkaoui.ma\/index.php\/boutique\/\"},{\"@type\":\"ListItem\",\"position\":3,\"name\":\"BIODERMA SEBIUM SENSITIVE SOIN APAISANT ANTI IMPERFECTION 30 ML\"}]},{\"@type\":\"WebSite\",\"@id\":\"https:\/\/paracherkaoui.ma\/#website\",\"url\":\"https:\/\/paracherkaoui.ma\/\",\"name\":\"Paracherkaoui.ma\",\"description\":\"Achetez en ligne sur Paracherkaoui.ma\",\"potentialAction\":[{\"@type\":\"SearchAction\",\"target\":{\"@type\":\"EntryPoint\",\"urlTemplate\":\"https:\/\/paracherkaoui.ma\/?s={search_term_string}\"},\"query-input\":{\"@type\":\"PropertyValueSpecification\",\"valueRequired\":true,\"valueName\":\"search_term_string\"}}],\"inLanguage\":\"fr-FR\"}]}<\/script>\r\n<!-- \/ Yoast SEO plugin. -->","yoast_head_json":{"title":"BIODERMA SEBIUM SENSITIVE SOIN APAISANT ANTI IMPERFECTION 30 ML - Paracherkaoui.ma","robots":{"index":"index","follow":"follow","max-snippet":"max-snippet:-1","max-image-preview":"max-image-preview:large","max-video-preview":"max-video-preview:-1"},"canonical":"https:\/\/paracherkaoui.ma\/index.php\/produit\/bioderma-sebium-sensitive-soin-apaisant-anti-imperfection-30-ml-3\/","og_locale":"fr_FR","og_type":"article","og_title":"BIODERMA SEBIUM SENSITIVE SOIN APAISANT ANTI IMPERFECTION 30 ML - Paracherkaoui.ma","og_description":"Description: Le soin apaisant anti-imperfections\u00a0S\u00e9bium Sensitive de la marque Bioderma est un soin visage destin\u00e9 aux peaux \u00e0 tendance acn\u00e9ique","og_url":"https:\/\/paracherkaoui.ma\/index.php\/produit\/bioderma-sebium-sensitive-soin-apaisant-anti-imperfection-30-ml-3\/","og_site_name":"Paracherkaoui.ma","article_modified_time":"2025-12-12T18:50:08+00:00","og_image":[{"width":700,"height":700,"url":"https:\/\/paracherkaoui.ma\/wp-content\/uploads\/2025\/12\/bioderma-bioderma-sebium-sensitive-soin-apaisant-anti-imperfection-30-ml-soins-anti-imperfections.jpg","type":"image\/jpeg"}],"twitter_card":"summary_large_image","twitter_misc":{"Dur\u00e9e de lecture estim\u00e9e":"1 minute"},"schema":{"@context":"https:\/\/schema.org","@graph":[{"@type":"WebPage","@id":"https:\/\/paracherkaoui.ma\/index.php\/produit\/bioderma-sebium-sensitive-soin-apaisant-anti-imperfection-30-ml-3\/","url":"https:\/\/paracherkaoui.ma\/index.php\/produit\/bioderma-sebium-sensitive-soin-apaisant-anti-imperfection-30-ml-3\/","name":"BIODERMA SEBIUM SENSITIVE SOIN APAISANT ANTI IMPERFECTION 30 ML - Paracherkaoui.ma","isPartOf":{"@id":"https:\/\/paracherkaoui.ma\/#website"},"primaryImageOfPage":{"@id":"https:\/\/paracherkaoui.ma\/index.php\/produit\/bioderma-sebium-sensitive-soin-apaisant-anti-imperfection-30-ml-3\/#primaryimage"},"image":{"@id":"https:\/\/paracherkaoui.ma\/index.php\/produit\/bioderma-sebium-sensitive-soin-apaisant-anti-imperfection-30-ml-3\/#primaryimage"},"thumbnailUrl":"https:\/\/paracherkaoui.ma\/wp-content\/uploads\/2025\/12\/bioderma-bioderma-sebium-sensitive-soin-apaisant-anti-imperfection-30-ml-soins-anti-imperfections.jpg","datePublished":"2025-12-12T18:50:05+00:00","dateModified":"2025-12-12T18:50:08+00:00","breadcrumb":{"@id":"https:\/\/paracherkaoui.ma\/index.php\/produit\/bioderma-sebium-sensitive-soin-apaisant-anti-imperfection-30-ml-3\/#breadcrumb"},"inLanguage":"fr-FR","potentialAction":[{"@type":"ReadAction","target":["https:\/\/paracherkaoui.ma\/index.php\/produit\/bioderma-sebium-sensitive-soin-apaisant-anti-imperfection-30-ml-3\/"]}]},{"@type":"ImageObject","inLanguage":"fr-FR","@id":"https:\/\/paracherkaoui.ma\/index.php\/produit\/bioderma-sebium-sensitive-soin-apaisant-anti-imperfection-30-ml-3\/#primaryimage","url":"https:\/\/paracherkaoui.ma\/wp-content\/uploads\/2025\/12\/bioderma-bioderma-sebium-sensitive-soin-apaisant-anti-imperfection-30-ml-soins-anti-imperfections.jpg","contentUrl":"https:\/\/paracherkaoui.ma\/wp-content\/uploads\/2025\/12\/bioderma-bioderma-sebium-sensitive-soin-apaisant-anti-imperfection-30-ml-soins-anti-imperfections.jpg","width":700,"height":700},{"@type":"BreadcrumbList","@id":"https:\/\/paracherkaoui.ma\/index.php\/produit\/bioderma-sebium-sensitive-soin-apaisant-anti-imperfection-30-ml-3\/#breadcrumb","itemListElement":[{"@type":"ListItem","position":1,"name":"Accueil","item":"https:\/\/paracherkaoui.ma\/"},{"@type":"ListItem","position":2,"name":"Boutique","item":"https:\/\/paracherkaoui.ma\/index.php\/boutique\/"},{"@type":"ListItem","position":3,"name":"BIODERMA SEBIUM SENSITIVE SOIN APAISANT ANTI IMPERFECTION 30 ML"}]},{"@type":"WebSite","@id":"https:\/\/paracherkaoui.ma\/#website","url":"https:\/\/paracherkaoui.ma\/","name":"Paracherkaoui.ma","description":"Achetez en ligne sur Paracherkaoui.ma","potentialAction":[{"@type":"SearchAction","target":{"@type":"EntryPoint","urlTemplate":"https:\/\/paracherkaoui.ma\/?s={search_term_string}"},"query-input":{"@type":"PropertyValueSpecification","valueRequired":true,"valueName":"search_term_string"}}],"inLanguage":"fr-FR"}]}},"_links":{"self":[{"href":"https:\/\/paracherkaoui.ma\/index.php\/wp-json\/wp\/v2\/product\/57783","targetHints":{"allow":["GET"]}}],"collection":[{"href":"https:\/\/paracherkaoui.ma\/index.php\/wp-json\/wp\/v2\/product"}],"about":[{"href":"https:\/\/paracherkaoui.ma\/index.php\/wp-json\/wp\/v2\/types\/product"}],"replies":[{"embeddable":true,"href":"https:\/\/paracherkaoui.ma\/index.php\/wp-json\/wp\/v2\/comments?post=57783"}],"version-history":[{"count":1,"href":"https:\/\/paracherkaoui.ma\/index.php\/wp-json\/wp\/v2\/product\/57783\/revisions"}],"predecessor-version":[{"id":57813,"href":"https:\/\/paracherkaoui.ma\/index.php\/wp-json\/wp\/v2\/product\/57783\/revisions\/57813"}],"wp:featuredmedia":[{"embeddable":true,"href":"https:\/\/paracherkaoui.ma\/index.php\/wp-json\/wp\/v2\/media\/13514"}],"wp:attachment":[{"href":"https:\/\/paracherkaoui.ma\/index.php\/wp-json\/wp\/v2\/media?parent=57783"}],"wp:term":[{"taxonomy":"product_brand","embeddable":true,"href":"https:\/\/paracherkaoui.ma\/index.php\/wp-json\/wp\/v2\/product_brand?post=57783"},{"taxonomy":"product_cat","embeddable":true,"href":"https:\/\/paracherkaoui.ma\/index.php\/wp-json\/wp\/v2\/product_cat?post=57783"},{"taxonomy":"product_tag","embeddable":true,"href":"https:\/\/paracherkaoui.ma\/index.php\/wp-json\/wp\/v2\/product_tag?post=57783"}],"curies":[{"name":"wp","href":"https:\/\/api.w.org\/{rel}","templated":true}]}}