{"id":57765,"date":"2025-12-12T19:50:03","date_gmt":"2025-12-12T18:50:03","guid":{"rendered":"https:\/\/test.ecbeaute.com\/?post_type=product&#038;p=57765"},"modified":"2025-12-12T19:50:06","modified_gmt":"2025-12-12T18:50:06","slug":"svr-ampoule-az-sebiaclear-ampoule-flash-30-ml-4","status":"publish","type":"product","link":"https:\/\/paracherkaoui.ma\/index.php\/produit\/svr-ampoule-az-sebiaclear-ampoule-flash-30-ml-4\/","title":{"rendered":"SVR AMPOULE AZ SEBIACLEAR AMPOULE FLASH 30 ML"},"content":{"rendered":"<p>Pour toutes les peaux \u00e0 tendance acn\u00e9ique sensibilis\u00e9es. Imperfections, rougeurs, marques. D\u00e8s 10 ans.<br \/>\nPour obtenir le meilleur \u00e9quilibre efficacit\u00e9 \/ tol\u00e9rance, le Laboratoire SVR a formul\u00e9 ce soin avec 15% d\u2019acide az\u00e9la\u00efque, actif dermatologique anti-inflammatoire et k\u00e9ratolytique reconnu. Associ\u00e9 \u00e0 l\u2019acide salicylique, au zinc et \u00e0 la niacinamide, SEBIACLEAR Ampoule flash d\u00e9sincruste en profondeur, r\u00e9duit visiblement les imperfections et les rougeurs en un temps record. Sa texture lact\u00e9e et l\u00e9g\u00e8re fusionne avec la peau pour un fini imperceptible. La peau est d\u00e9sincrust\u00e9e, purifi\u00e9e, apais\u00e9e et confortable.<br \/>\nCe soin ultra-concentr\u00e9 s\u2019int\u00e8gre tr\u00e8s facilement \u00e0 toutes les routines des ados aux adultes pour une efficacit\u00e9 imm\u00e9diate et durable prouv\u00e9e cliniquement<br \/>\nConseils d&rsquo;utilisation:<br \/>\nAgiter avant usage. Appliquer matin et\/ou soir sur l\u2019ensemble du visage propre et sec. Seul ou en compl\u00e9ment de votre soin quotidien.<\/p>\n","protected":false},"excerpt":{"rendered":"<p>Pour toutes les peaux \u00e0 tendance acn\u00e9ique sensibilis\u00e9es. Imperfections, rougeurs, marques. D\u00e8s 10 ans. Pour obtenir le meilleur \u00e9quilibre efficacit\u00e9<\/p>\n","protected":false},"featured_media":13322,"comment_status":"open","ping_status":"closed","template":"","meta":[],"product_brand":[133],"product_cat":[129],"product_tag":[],"class_list":{"0":"post-57765","1":"product","2":"type-product","3":"status-publish","4":"has-post-thumbnail","6":"product_brand-svr","7":"product_cat-acne","9":"first","10":"instock","11":"sale","12":"shipping-taxable","13":"purchasable","14":"product-type-simple"},"yoast_head":"<!-- This site is optimized with the Yoast SEO plugin v26.6 - https:\/\/yoast.com\/wordpress\/plugins\/seo\/ -->\r\n<title>SVR AMPOULE AZ SEBIACLEAR AMPOULE FLASH 30 ML - Paracherkaoui.ma<\/title>\r\n<meta name=\"robots\" content=\"index, follow, max-snippet:-1, max-image-preview:large, max-video-preview:-1\" \/>\r\n<link rel=\"canonical\" href=\"https:\/\/paracherkaoui.ma\/index.php\/produit\/svr-ampoule-az-sebiaclear-ampoule-flash-30-ml-4\/\" \/>\r\n<meta property=\"og:locale\" content=\"fr_FR\" \/>\r\n<meta property=\"og:type\" content=\"article\" \/>\r\n<meta property=\"og:title\" content=\"SVR AMPOULE AZ SEBIACLEAR AMPOULE FLASH 30 ML - Paracherkaoui.ma\" \/>\r\n<meta property=\"og:description\" content=\"Pour toutes les peaux \u00e0 tendance acn\u00e9ique sensibilis\u00e9es. Imperfections, rougeurs, marques. D\u00e8s 10 ans. Pour obtenir le meilleur \u00e9quilibre efficacit\u00e9\" \/>\r\n<meta property=\"og:url\" content=\"https:\/\/paracherkaoui.ma\/index.php\/produit\/svr-ampoule-az-sebiaclear-ampoule-flash-30-ml-4\/\" \/>\r\n<meta property=\"og:site_name\" content=\"Paracherkaoui.ma\" \/>\r\n<meta property=\"article:modified_time\" content=\"2025-12-12T18:50:06+00:00\" \/>\r\n<meta property=\"og:image\" content=\"https:\/\/paracherkaoui.ma\/wp-content\/uploads\/2025\/12\/svr-svr-ampoule-az-sebiaclear-ampoule-flash-30-ml-cremes-depigmentantes.jpg\" \/>\r\n\t<meta property=\"og:image:width\" content=\"700\" \/>\r\n\t<meta property=\"og:image:height\" content=\"700\" \/>\r\n\t<meta property=\"og:image:type\" content=\"image\/jpeg\" \/>\r\n<meta name=\"twitter:card\" content=\"summary_large_image\" \/>\r\n<meta name=\"twitter:label1\" content=\"Dur\u00e9e de lecture estim\u00e9e\" \/>\n\t<meta name=\"twitter:data1\" content=\"1 minute\" \/>\r\n<script type=\"application\/ld+json\" class=\"yoast-schema-graph\">{\"@context\":\"https:\/\/schema.org\",\"@graph\":[{\"@type\":\"WebPage\",\"@id\":\"https:\/\/paracherkaoui.ma\/index.php\/produit\/svr-ampoule-az-sebiaclear-ampoule-flash-30-ml-4\/\",\"url\":\"https:\/\/paracherkaoui.ma\/index.php\/produit\/svr-ampoule-az-sebiaclear-ampoule-flash-30-ml-4\/\",\"name\":\"SVR AMPOULE AZ SEBIACLEAR AMPOULE FLASH 30 ML - Paracherkaoui.ma\",\"isPartOf\":{\"@id\":\"https:\/\/paracherkaoui.ma\/#website\"},\"primaryImageOfPage\":{\"@id\":\"https:\/\/paracherkaoui.ma\/index.php\/produit\/svr-ampoule-az-sebiaclear-ampoule-flash-30-ml-4\/#primaryimage\"},\"image\":{\"@id\":\"https:\/\/paracherkaoui.ma\/index.php\/produit\/svr-ampoule-az-sebiaclear-ampoule-flash-30-ml-4\/#primaryimage\"},\"thumbnailUrl\":\"https:\/\/paracherkaoui.ma\/wp-content\/uploads\/2025\/12\/svr-svr-ampoule-az-sebiaclear-ampoule-flash-30-ml-cremes-depigmentantes.jpg\",\"datePublished\":\"2025-12-12T18:50:03+00:00\",\"dateModified\":\"2025-12-12T18:50:06+00:00\",\"breadcrumb\":{\"@id\":\"https:\/\/paracherkaoui.ma\/index.php\/produit\/svr-ampoule-az-sebiaclear-ampoule-flash-30-ml-4\/#breadcrumb\"},\"inLanguage\":\"fr-FR\",\"potentialAction\":[{\"@type\":\"ReadAction\",\"target\":[\"https:\/\/paracherkaoui.ma\/index.php\/produit\/svr-ampoule-az-sebiaclear-ampoule-flash-30-ml-4\/\"]}]},{\"@type\":\"ImageObject\",\"inLanguage\":\"fr-FR\",\"@id\":\"https:\/\/paracherkaoui.ma\/index.php\/produit\/svr-ampoule-az-sebiaclear-ampoule-flash-30-ml-4\/#primaryimage\",\"url\":\"https:\/\/paracherkaoui.ma\/wp-content\/uploads\/2025\/12\/svr-svr-ampoule-az-sebiaclear-ampoule-flash-30-ml-cremes-depigmentantes.jpg\",\"contentUrl\":\"https:\/\/paracherkaoui.ma\/wp-content\/uploads\/2025\/12\/svr-svr-ampoule-az-sebiaclear-ampoule-flash-30-ml-cremes-depigmentantes.jpg\",\"width\":700,\"height\":700},{\"@type\":\"BreadcrumbList\",\"@id\":\"https:\/\/paracherkaoui.ma\/index.php\/produit\/svr-ampoule-az-sebiaclear-ampoule-flash-30-ml-4\/#breadcrumb\",\"itemListElement\":[{\"@type\":\"ListItem\",\"position\":1,\"name\":\"Accueil\",\"item\":\"https:\/\/paracherkaoui.ma\/\"},{\"@type\":\"ListItem\",\"position\":2,\"name\":\"Boutique\",\"item\":\"https:\/\/paracherkaoui.ma\/index.php\/boutique\/\"},{\"@type\":\"ListItem\",\"position\":3,\"name\":\"SVR AMPOULE AZ SEBIACLEAR AMPOULE FLASH 30 ML\"}]},{\"@type\":\"WebSite\",\"@id\":\"https:\/\/paracherkaoui.ma\/#website\",\"url\":\"https:\/\/paracherkaoui.ma\/\",\"name\":\"Paracherkaoui.ma\",\"description\":\"Achetez en ligne sur Paracherkaoui.ma\",\"potentialAction\":[{\"@type\":\"SearchAction\",\"target\":{\"@type\":\"EntryPoint\",\"urlTemplate\":\"https:\/\/paracherkaoui.ma\/?s={search_term_string}\"},\"query-input\":{\"@type\":\"PropertyValueSpecification\",\"valueRequired\":true,\"valueName\":\"search_term_string\"}}],\"inLanguage\":\"fr-FR\"}]}<\/script>\r\n<!-- \/ Yoast SEO plugin. -->","yoast_head_json":{"title":"SVR AMPOULE AZ SEBIACLEAR AMPOULE FLASH 30 ML - Paracherkaoui.ma","robots":{"index":"index","follow":"follow","max-snippet":"max-snippet:-1","max-image-preview":"max-image-preview:large","max-video-preview":"max-video-preview:-1"},"canonical":"https:\/\/paracherkaoui.ma\/index.php\/produit\/svr-ampoule-az-sebiaclear-ampoule-flash-30-ml-4\/","og_locale":"fr_FR","og_type":"article","og_title":"SVR AMPOULE AZ SEBIACLEAR AMPOULE FLASH 30 ML - Paracherkaoui.ma","og_description":"Pour toutes les peaux \u00e0 tendance acn\u00e9ique sensibilis\u00e9es. Imperfections, rougeurs, marques. D\u00e8s 10 ans. Pour obtenir le meilleur \u00e9quilibre efficacit\u00e9","og_url":"https:\/\/paracherkaoui.ma\/index.php\/produit\/svr-ampoule-az-sebiaclear-ampoule-flash-30-ml-4\/","og_site_name":"Paracherkaoui.ma","article_modified_time":"2025-12-12T18:50:06+00:00","og_image":[{"width":700,"height":700,"url":"https:\/\/paracherkaoui.ma\/wp-content\/uploads\/2025\/12\/svr-svr-ampoule-az-sebiaclear-ampoule-flash-30-ml-cremes-depigmentantes.jpg","type":"image\/jpeg"}],"twitter_card":"summary_large_image","twitter_misc":{"Dur\u00e9e de lecture estim\u00e9e":"1 minute"},"schema":{"@context":"https:\/\/schema.org","@graph":[{"@type":"WebPage","@id":"https:\/\/paracherkaoui.ma\/index.php\/produit\/svr-ampoule-az-sebiaclear-ampoule-flash-30-ml-4\/","url":"https:\/\/paracherkaoui.ma\/index.php\/produit\/svr-ampoule-az-sebiaclear-ampoule-flash-30-ml-4\/","name":"SVR AMPOULE AZ SEBIACLEAR AMPOULE FLASH 30 ML - Paracherkaoui.ma","isPartOf":{"@id":"https:\/\/paracherkaoui.ma\/#website"},"primaryImageOfPage":{"@id":"https:\/\/paracherkaoui.ma\/index.php\/produit\/svr-ampoule-az-sebiaclear-ampoule-flash-30-ml-4\/#primaryimage"},"image":{"@id":"https:\/\/paracherkaoui.ma\/index.php\/produit\/svr-ampoule-az-sebiaclear-ampoule-flash-30-ml-4\/#primaryimage"},"thumbnailUrl":"https:\/\/paracherkaoui.ma\/wp-content\/uploads\/2025\/12\/svr-svr-ampoule-az-sebiaclear-ampoule-flash-30-ml-cremes-depigmentantes.jpg","datePublished":"2025-12-12T18:50:03+00:00","dateModified":"2025-12-12T18:50:06+00:00","breadcrumb":{"@id":"https:\/\/paracherkaoui.ma\/index.php\/produit\/svr-ampoule-az-sebiaclear-ampoule-flash-30-ml-4\/#breadcrumb"},"inLanguage":"fr-FR","potentialAction":[{"@type":"ReadAction","target":["https:\/\/paracherkaoui.ma\/index.php\/produit\/svr-ampoule-az-sebiaclear-ampoule-flash-30-ml-4\/"]}]},{"@type":"ImageObject","inLanguage":"fr-FR","@id":"https:\/\/paracherkaoui.ma\/index.php\/produit\/svr-ampoule-az-sebiaclear-ampoule-flash-30-ml-4\/#primaryimage","url":"https:\/\/paracherkaoui.ma\/wp-content\/uploads\/2025\/12\/svr-svr-ampoule-az-sebiaclear-ampoule-flash-30-ml-cremes-depigmentantes.jpg","contentUrl":"https:\/\/paracherkaoui.ma\/wp-content\/uploads\/2025\/12\/svr-svr-ampoule-az-sebiaclear-ampoule-flash-30-ml-cremes-depigmentantes.jpg","width":700,"height":700},{"@type":"BreadcrumbList","@id":"https:\/\/paracherkaoui.ma\/index.php\/produit\/svr-ampoule-az-sebiaclear-ampoule-flash-30-ml-4\/#breadcrumb","itemListElement":[{"@type":"ListItem","position":1,"name":"Accueil","item":"https:\/\/paracherkaoui.ma\/"},{"@type":"ListItem","position":2,"name":"Boutique","item":"https:\/\/paracherkaoui.ma\/index.php\/boutique\/"},{"@type":"ListItem","position":3,"name":"SVR AMPOULE AZ SEBIACLEAR AMPOULE FLASH 30 ML"}]},{"@type":"WebSite","@id":"https:\/\/paracherkaoui.ma\/#website","url":"https:\/\/paracherkaoui.ma\/","name":"Paracherkaoui.ma","description":"Achetez en ligne sur Paracherkaoui.ma","potentialAction":[{"@type":"SearchAction","target":{"@type":"EntryPoint","urlTemplate":"https:\/\/paracherkaoui.ma\/?s={search_term_string}"},"query-input":{"@type":"PropertyValueSpecification","valueRequired":true,"valueName":"search_term_string"}}],"inLanguage":"fr-FR"}]}},"_links":{"self":[{"href":"https:\/\/paracherkaoui.ma\/index.php\/wp-json\/wp\/v2\/product\/57765","targetHints":{"allow":["GET"]}}],"collection":[{"href":"https:\/\/paracherkaoui.ma\/index.php\/wp-json\/wp\/v2\/product"}],"about":[{"href":"https:\/\/paracherkaoui.ma\/index.php\/wp-json\/wp\/v2\/types\/product"}],"replies":[{"embeddable":true,"href":"https:\/\/paracherkaoui.ma\/index.php\/wp-json\/wp\/v2\/comments?post=57765"}],"version-history":[{"count":1,"href":"https:\/\/paracherkaoui.ma\/index.php\/wp-json\/wp\/v2\/product\/57765\/revisions"}],"predecessor-version":[{"id":57795,"href":"https:\/\/paracherkaoui.ma\/index.php\/wp-json\/wp\/v2\/product\/57765\/revisions\/57795"}],"wp:featuredmedia":[{"embeddable":true,"href":"https:\/\/paracherkaoui.ma\/index.php\/wp-json\/wp\/v2\/media\/13322"}],"wp:attachment":[{"href":"https:\/\/paracherkaoui.ma\/index.php\/wp-json\/wp\/v2\/media?parent=57765"}],"wp:term":[{"taxonomy":"product_brand","embeddable":true,"href":"https:\/\/paracherkaoui.ma\/index.php\/wp-json\/wp\/v2\/product_brand?post=57765"},{"taxonomy":"product_cat","embeddable":true,"href":"https:\/\/paracherkaoui.ma\/index.php\/wp-json\/wp\/v2\/product_cat?post=57765"},{"taxonomy":"product_tag","embeddable":true,"href":"https:\/\/paracherkaoui.ma\/index.php\/wp-json\/wp\/v2\/product_tag?post=57765"}],"curies":[{"name":"wp","href":"https:\/\/api.w.org\/{rel}","templated":true}]}}