{"id":57762,"date":"2025-12-12T19:50:03","date_gmt":"2025-12-12T18:50:03","guid":{"rendered":"https:\/\/test.ecbeaute.com\/?post_type=product&#038;p=57762"},"modified":"2025-12-12T19:50:06","modified_gmt":"2025-12-12T18:50:06","slug":"cerave-gel-moussant-anti-imperfections-236-ml-4","status":"publish","type":"product","link":"https:\/\/paracherkaoui.ma\/index.php\/produit\/cerave-gel-moussant-anti-imperfections-236-ml-4\/","title":{"rendered":"CERAVE GEL MOUSSANT ANTI IMPERFECTIONS 236 ML"},"content":{"rendered":"<p>.elementor-92 .elementor-element.elementor-element-39b5c5a .elementor-tab-title, .elementor-92 .elementor-element.elementor-element-39b5c5a .elementor-tab-title:before, .elementor-92 .elementor-element.elementor-element-39b5c5a .elementor-tab-title:after, .elementor-92 .elementor-element.elementor-element-39b5c5a .elementor-tab-content, .elementor-92 .elementor-element.elementor-element-39b5c5a .elementor-tabs-content-wrapper{border-width:0.5px;}.elementor-92 .elementor-element.elementor-element-39b5c5a .elementor-tab-title{color:#000000;}.elementor-92 .elementor-element.elementor-element-39b5c5a .elementor-tab-title.elementor-active{color:#00a28d;}.elementor-92 .elementor-element.elementor-element-39b5c5a .elementor-tab-content{color:#000000;}.elementor-92 .elementor-element.elementor-element-21366b29{margin-top:0px;margin-bottom:8px;}.elementor-92 .elementor-element.elementor-element-47de45f3{text-align:center;}.elementor-92 .elementor-element.elementor-element-47de45f3.elementor-widget-heading .elementor-heading-title{color:#070707;}.elementor-92 .elementor-element.elementor-element-47de45f3 .elementor-heading-title{font-size:24px;}.elementor-92 .elementor-element.elementor-element-559c767{margin-top:-12px;margin-bottom:18px;}.elementor-92 .elementor-element.elementor-element-202ff6d5{text-align:center;}.elementor-92 .elementor-element.elementor-element-202ff6d5.elementor-widget-heading .elementor-heading-title{color:#070707;}.elementor-92 .elementor-element.elementor-element-202ff6d5 .elementor-heading-title{font-size:24px;}.elementor-92 .elementor-element.elementor-element-3f798a69{margin-top:-15px;margin-bottom:0px;}.elementor-92 .elementor-element.elementor-element-4e0423dc > .elementor-widget-container{margin:0px 0px -40px 0px;}.elementor-92 .elementor-element.elementor-element-10e2efef > .elementor-widget-container{margin:0px 0px -40px 0px;}@media(max-width:1024px){.elementor-92 .elementor-element.elementor-element-4e0423dc > .elementor-widget-container{margin:0px 0px -30px 0px;}.elementor-92 .elementor-element.elementor-element-10e2efef > .elementor-widget-container{margin:0px 0px -30px 0px;}}@media(max-width:767px){.elementor-92 .elementor-element.elementor-element-21366b29{margin-top:-16px;margin-bottom:0px;}.elementor-92 .elementor-element.elementor-element-47de45f3 .elementor-heading-title{font-size:18px;line-height:1.2em;}.elementor-92 .elementor-element.elementor-element-6dbf6d12{width:50%;}.elementor-92 .elementor-element.elementor-element-3e42e494 > .elementor-widget-container{margin:0px 0px -10px 0px;}.elementor-92 .elementor-element.elementor-element-446fc740{width:50%;}.elementor-92 .elementor-element.elementor-element-454cadbf > .elementor-widget-container{margin:0px 0px -10px 0px;}.elementor-92 .elementor-element.elementor-element-766d2dad{width:50%;}.elementor-92 .elementor-element.elementor-element-100eacb6 > .elementor-widget-container{margin:0px 0px -10px 0px;}.elementor-92 .elementor-element.elementor-element-62d3d355{width:50%;}.elementor-92 .elementor-element.elementor-element-6aee571b > .elementor-widget-container{margin:0px 0px -10px 0px;}.elementor-92 .elementor-element.elementor-element-791163e5{width:50%;}.elementor-92 .elementor-element.elementor-element-60887e85 > .elementor-widget-container{margin:0px 0px -10px 0px;}.elementor-92 .elementor-element.elementor-element-396c8bba{width:50%;}.elementor-92 .elementor-element.elementor-element-1bc856ca > .elementor-widget-container{margin:0px 0px -10px 0px;}.elementor-92 .elementor-element.elementor-element-202ff6d5 .elementor-heading-title{font-size:18px;}.elementor-92 .elementor-element.elementor-element-1649ca72{width:50%;}.elementor-92 .elementor-element.elementor-element-7f7a8ce5{width:50%;}}<br \/>\nDescription<br \/>\nConseils d&rsquo;utilisation<br \/>\nComposition<br \/>\nDescription<br \/>\nSa\u00a0formule enrichie en acide salicylique (2%)\u00a0exfolie en douceur les cellules mortes et lib\u00e8re les pores obstru\u00e9s, tandis que\u00a0l\u2019argile blanche\u00a0matifie la peau et absorbe les impuret\u00e9s. Le\u00a0niacinamide\u00a0et la\u00a0vitamine E\u00a0apaisent les irritations et r\u00e9duisent les rougeurs, offrant une peau plus nette, plus calme et visiblement plus saine.<br \/>\nHydratation et protection sont \u00e9galement au rendez-vous gr\u00e2ce \u00e0 l\u2019acide hyaluronique\u00a0et aux\u00a03 c\u00e9ramides essentiels (1, 3, 6-II), qui renforcent la barri\u00e8re cutan\u00e9e et pr\u00e9viennent la d\u00e9shydratation. Hypoallerg\u00e9nique, sans parfum, non com\u00e9dog\u00e8ne et au pH physiologique, ce gel moussant convient m\u00eame aux peaux sensibles, pour une utilisation quotidienne d\u00e8s l\u2019adolescence.<br \/>\nR\u00e9sultat :\u00a0jusqu\u2019\u00e0\u00a029 % de boutons en moins d\u00e8s 2 semaines* d\u2019utilisation r\u00e9guli\u00e8re. La peau est fra\u00eeche, douce, hydrat\u00e9e et visiblement purifi\u00e9e.<br \/>\nEtude clinique en monoth\u00e9rapie, F&#038;H, 18-50 ans, peaux grasses, peaux acn\u00e9iques (l\u00e9g\u00e8re \u00e0 mod\u00e9r\u00e9e), 1 application par jour. Evaluation m\u00e9dicale par grade imm\u00e9diatement apr\u00e8s application, \u00e0 1 semaine, \u00e0 2 semaine et \u00e0 4 semaine apr\u00e8s utilisation du produit. N=50 patients. *Mesure &#038; \u00e9valuation clinique des l\u00e9sions inflammatoires.<br \/>\nConseils d&rsquo;utilisation<br \/>\nAppliquez matin et soir sur peau humide, visage et\/ou corps.<br \/>\nFaites mousser d\u00e9licatement en \u00e9vitant le contour des yeux.<br \/>\nRincez abondamment \u00e0 l\u2019eau claire.<br \/>\nS\u00e9chez en tamponnant avec une serviette propre.<br \/>\nCompl\u00e9tez avec un soin hydratant adapt\u00e9, de pr\u00e9f\u00e9rence de la gamme CeraVe.<br \/>\nComposition<br \/>\nIngr\u00e9dients &#038; Principes Actifs Cl\u00e9s :<br \/>\n2% d\u2019acide salicylique : Exfolie en douceur, d\u00e9sobstrue les pores tout en stimulant le renouvellement cellulaire.<br \/>\nArgile blanche : aide \u00e0 absorber l\u2019exc\u00e8s de s\u00e9bum et \u00e0 \u00e9liminer les impuret\u00e9s, r\u00e9duit l\u2019aspect brillant de la peau.<br \/>\nNiacinamide : apaise la peau en douceur, aide \u00e0 r\u00e9duire les sensations d\u2019irritation et r\u00e9duit les rougeurs.<br \/>\nAcide hyaluronique : Aide \u00e0 maintenir l\u2019hydratation.<br \/>\n3 c\u00e9ramides essentiels (1, 3, 6-II) : aident \u00e0 restaurer la barri\u00e8re cutan\u00e9e.<br \/>\nAqua\/Water, Glycerin, Cetearyl Alcohol, Phenoxyethanol, Stearyl Alcohol, Cetyl Alcohol, PEG-40 Stearate, Behentrimonium Methosulfate, Glyceryl Stearate, Polysorbate 20, Ethylhexylglycerin, Potassium Phosphate, Disodium EDTA, Dipotassium Phosphate, Sodium Lauroyl Lactylate,\u00a0Ceramide NP,\u00a0Ceramide AP,\u00a0Phytosphingosine,\u00a0Cholesterol,\u00a0Sodium Hyaluronate, Xanthan Gum, Carbomer,\u00a0Tocopherol,\u00a0Ceramide EOP<br \/>\nD\u00e9couvrez les gels nettoyants de CeraVe<br \/>\nJe le veux<br \/>\nJe le veux<br \/>\nJe le veux<br \/>\nJe le veux<br \/>\nJe le veux<br \/>\nJe le veux<br \/>\nCompl\u00e9tez\u00a0votre routine<br \/>\nJe le veux<br \/>\nJe le veux<\/p>\n","protected":false},"excerpt":{"rendered":"<p>.elementor-92 .elementor-element.elementor-element-39b5c5a .elementor-tab-title, .elementor-92 .elementor-element.elementor-element-39b5c5a .elementor-tab-title:before, .elementor-92 .elementor-element.elementor-element-39b5c5a .elementor-tab-title:after, .elementor-92 .elementor-element.elementor-element-39b5c5a .elementor-tab-content, .elementor-92 .elementor-element.elementor-element-39b5c5a .elementor-tabs-content-wrapper{border-width:0.5px;}.elementor-92 .elementor-element.elementor-element-39b5c5a .elementor-tab-title{color:#000000;}.elementor-92 .elementor-element.elementor-element-39b5c5a .elementor-tab-title.elementor-active{color:#00a28d;}.elementor-92 .elementor-element.elementor-element-39b5c5a<\/p>\n","protected":false},"featured_media":10720,"comment_status":"open","ping_status":"closed","template":"","meta":[],"product_brand":[131],"product_cat":[129],"product_tag":[],"class_list":{"0":"post-57762","1":"product","2":"type-product","3":"status-publish","4":"has-post-thumbnail","6":"product_brand-cerave","7":"product_cat-acne","9":"first","10":"instock","11":"sale","12":"shipping-taxable","13":"purchasable","14":"product-type-simple"},"yoast_head":"<!-- This site is optimized with the Yoast SEO plugin v26.6 - https:\/\/yoast.com\/wordpress\/plugins\/seo\/ -->\r\n<title>CERAVE GEL MOUSSANT ANTI IMPERFECTIONS 236 ML - Paracherkaoui.ma<\/title>\r\n<meta name=\"robots\" content=\"index, follow, max-snippet:-1, max-image-preview:large, max-video-preview:-1\" \/>\r\n<link rel=\"canonical\" href=\"https:\/\/paracherkaoui.ma\/index.php\/produit\/cerave-gel-moussant-anti-imperfections-236-ml-4\/\" \/>\r\n<meta property=\"og:locale\" content=\"fr_FR\" \/>\r\n<meta property=\"og:type\" content=\"article\" \/>\r\n<meta property=\"og:title\" content=\"CERAVE GEL MOUSSANT ANTI IMPERFECTIONS 236 ML - Paracherkaoui.ma\" \/>\r\n<meta property=\"og:description\" content=\".elementor-92 .elementor-element.elementor-element-39b5c5a .elementor-tab-title, .elementor-92 .elementor-element.elementor-element-39b5c5a .elementor-tab-title:before, .elementor-92 .elementor-element.elementor-element-39b5c5a .elementor-tab-title:after, .elementor-92 .elementor-element.elementor-element-39b5c5a .elementor-tab-content, .elementor-92 .elementor-element.elementor-element-39b5c5a .elementor-tabs-content-wrapper{border-width:0.5px;}.elementor-92 .elementor-element.elementor-element-39b5c5a .elementor-tab-title{color:#000000;}.elementor-92 .elementor-element.elementor-element-39b5c5a .elementor-tab-title.elementor-active{color:#00a28d;}.elementor-92 .elementor-element.elementor-element-39b5c5a\" \/>\r\n<meta property=\"og:url\" content=\"https:\/\/paracherkaoui.ma\/index.php\/produit\/cerave-gel-moussant-anti-imperfections-236-ml-4\/\" \/>\r\n<meta property=\"og:site_name\" content=\"Paracherkaoui.ma\" \/>\r\n<meta property=\"article:modified_time\" content=\"2025-12-12T18:50:06+00:00\" \/>\r\n<meta property=\"og:image\" content=\"https:\/\/paracherkaoui.ma\/wp-content\/uploads\/2025\/12\/cerave-gel-moussant-anti-imperfections-236-ml.jpg\" \/>\r\n\t<meta property=\"og:image:width\" content=\"700\" \/>\r\n\t<meta property=\"og:image:height\" content=\"700\" \/>\r\n\t<meta property=\"og:image:type\" content=\"image\/jpeg\" \/>\r\n<meta name=\"twitter:card\" content=\"summary_large_image\" \/>\r\n<meta name=\"twitter:label1\" content=\"Dur\u00e9e de lecture estim\u00e9e\" \/>\n\t<meta name=\"twitter:data1\" content=\"4 minutes\" \/>\r\n<script type=\"application\/ld+json\" class=\"yoast-schema-graph\">{\"@context\":\"https:\/\/schema.org\",\"@graph\":[{\"@type\":\"WebPage\",\"@id\":\"https:\/\/paracherkaoui.ma\/index.php\/produit\/cerave-gel-moussant-anti-imperfections-236-ml-4\/\",\"url\":\"https:\/\/paracherkaoui.ma\/index.php\/produit\/cerave-gel-moussant-anti-imperfections-236-ml-4\/\",\"name\":\"CERAVE GEL MOUSSANT ANTI IMPERFECTIONS 236 ML - Paracherkaoui.ma\",\"isPartOf\":{\"@id\":\"https:\/\/paracherkaoui.ma\/#website\"},\"primaryImageOfPage\":{\"@id\":\"https:\/\/paracherkaoui.ma\/index.php\/produit\/cerave-gel-moussant-anti-imperfections-236-ml-4\/#primaryimage\"},\"image\":{\"@id\":\"https:\/\/paracherkaoui.ma\/index.php\/produit\/cerave-gel-moussant-anti-imperfections-236-ml-4\/#primaryimage\"},\"thumbnailUrl\":\"https:\/\/paracherkaoui.ma\/wp-content\/uploads\/2025\/12\/cerave-gel-moussant-anti-imperfections-236-ml.jpg\",\"datePublished\":\"2025-12-12T18:50:03+00:00\",\"dateModified\":\"2025-12-12T18:50:06+00:00\",\"breadcrumb\":{\"@id\":\"https:\/\/paracherkaoui.ma\/index.php\/produit\/cerave-gel-moussant-anti-imperfections-236-ml-4\/#breadcrumb\"},\"inLanguage\":\"fr-FR\",\"potentialAction\":[{\"@type\":\"ReadAction\",\"target\":[\"https:\/\/paracherkaoui.ma\/index.php\/produit\/cerave-gel-moussant-anti-imperfections-236-ml-4\/\"]}]},{\"@type\":\"ImageObject\",\"inLanguage\":\"fr-FR\",\"@id\":\"https:\/\/paracherkaoui.ma\/index.php\/produit\/cerave-gel-moussant-anti-imperfections-236-ml-4\/#primaryimage\",\"url\":\"https:\/\/paracherkaoui.ma\/wp-content\/uploads\/2025\/12\/cerave-gel-moussant-anti-imperfections-236-ml.jpg\",\"contentUrl\":\"https:\/\/paracherkaoui.ma\/wp-content\/uploads\/2025\/12\/cerave-gel-moussant-anti-imperfections-236-ml.jpg\",\"width\":700,\"height\":700},{\"@type\":\"BreadcrumbList\",\"@id\":\"https:\/\/paracherkaoui.ma\/index.php\/produit\/cerave-gel-moussant-anti-imperfections-236-ml-4\/#breadcrumb\",\"itemListElement\":[{\"@type\":\"ListItem\",\"position\":1,\"name\":\"Accueil\",\"item\":\"https:\/\/paracherkaoui.ma\/\"},{\"@type\":\"ListItem\",\"position\":2,\"name\":\"Boutique\",\"item\":\"https:\/\/paracherkaoui.ma\/index.php\/boutique\/\"},{\"@type\":\"ListItem\",\"position\":3,\"name\":\"CERAVE GEL MOUSSANT ANTI IMPERFECTIONS 236 ML\"}]},{\"@type\":\"WebSite\",\"@id\":\"https:\/\/paracherkaoui.ma\/#website\",\"url\":\"https:\/\/paracherkaoui.ma\/\",\"name\":\"Paracherkaoui.ma\",\"description\":\"Achetez en ligne sur Paracherkaoui.ma\",\"potentialAction\":[{\"@type\":\"SearchAction\",\"target\":{\"@type\":\"EntryPoint\",\"urlTemplate\":\"https:\/\/paracherkaoui.ma\/?s={search_term_string}\"},\"query-input\":{\"@type\":\"PropertyValueSpecification\",\"valueRequired\":true,\"valueName\":\"search_term_string\"}}],\"inLanguage\":\"fr-FR\"}]}<\/script>\r\n<!-- \/ Yoast SEO plugin. -->","yoast_head_json":{"title":"CERAVE GEL MOUSSANT ANTI IMPERFECTIONS 236 ML - Paracherkaoui.ma","robots":{"index":"index","follow":"follow","max-snippet":"max-snippet:-1","max-image-preview":"max-image-preview:large","max-video-preview":"max-video-preview:-1"},"canonical":"https:\/\/paracherkaoui.ma\/index.php\/produit\/cerave-gel-moussant-anti-imperfections-236-ml-4\/","og_locale":"fr_FR","og_type":"article","og_title":"CERAVE GEL MOUSSANT ANTI IMPERFECTIONS 236 ML - Paracherkaoui.ma","og_description":".elementor-92 .elementor-element.elementor-element-39b5c5a .elementor-tab-title, .elementor-92 .elementor-element.elementor-element-39b5c5a .elementor-tab-title:before, .elementor-92 .elementor-element.elementor-element-39b5c5a .elementor-tab-title:after, .elementor-92 .elementor-element.elementor-element-39b5c5a .elementor-tab-content, .elementor-92 .elementor-element.elementor-element-39b5c5a .elementor-tabs-content-wrapper{border-width:0.5px;}.elementor-92 .elementor-element.elementor-element-39b5c5a .elementor-tab-title{color:#000000;}.elementor-92 .elementor-element.elementor-element-39b5c5a .elementor-tab-title.elementor-active{color:#00a28d;}.elementor-92 .elementor-element.elementor-element-39b5c5a","og_url":"https:\/\/paracherkaoui.ma\/index.php\/produit\/cerave-gel-moussant-anti-imperfections-236-ml-4\/","og_site_name":"Paracherkaoui.ma","article_modified_time":"2025-12-12T18:50:06+00:00","og_image":[{"width":700,"height":700,"url":"https:\/\/paracherkaoui.ma\/wp-content\/uploads\/2025\/12\/cerave-gel-moussant-anti-imperfections-236-ml.jpg","type":"image\/jpeg"}],"twitter_card":"summary_large_image","twitter_misc":{"Dur\u00e9e de lecture estim\u00e9e":"4 minutes"},"schema":{"@context":"https:\/\/schema.org","@graph":[{"@type":"WebPage","@id":"https:\/\/paracherkaoui.ma\/index.php\/produit\/cerave-gel-moussant-anti-imperfections-236-ml-4\/","url":"https:\/\/paracherkaoui.ma\/index.php\/produit\/cerave-gel-moussant-anti-imperfections-236-ml-4\/","name":"CERAVE GEL MOUSSANT ANTI IMPERFECTIONS 236 ML - Paracherkaoui.ma","isPartOf":{"@id":"https:\/\/paracherkaoui.ma\/#website"},"primaryImageOfPage":{"@id":"https:\/\/paracherkaoui.ma\/index.php\/produit\/cerave-gel-moussant-anti-imperfections-236-ml-4\/#primaryimage"},"image":{"@id":"https:\/\/paracherkaoui.ma\/index.php\/produit\/cerave-gel-moussant-anti-imperfections-236-ml-4\/#primaryimage"},"thumbnailUrl":"https:\/\/paracherkaoui.ma\/wp-content\/uploads\/2025\/12\/cerave-gel-moussant-anti-imperfections-236-ml.jpg","datePublished":"2025-12-12T18:50:03+00:00","dateModified":"2025-12-12T18:50:06+00:00","breadcrumb":{"@id":"https:\/\/paracherkaoui.ma\/index.php\/produit\/cerave-gel-moussant-anti-imperfections-236-ml-4\/#breadcrumb"},"inLanguage":"fr-FR","potentialAction":[{"@type":"ReadAction","target":["https:\/\/paracherkaoui.ma\/index.php\/produit\/cerave-gel-moussant-anti-imperfections-236-ml-4\/"]}]},{"@type":"ImageObject","inLanguage":"fr-FR","@id":"https:\/\/paracherkaoui.ma\/index.php\/produit\/cerave-gel-moussant-anti-imperfections-236-ml-4\/#primaryimage","url":"https:\/\/paracherkaoui.ma\/wp-content\/uploads\/2025\/12\/cerave-gel-moussant-anti-imperfections-236-ml.jpg","contentUrl":"https:\/\/paracherkaoui.ma\/wp-content\/uploads\/2025\/12\/cerave-gel-moussant-anti-imperfections-236-ml.jpg","width":700,"height":700},{"@type":"BreadcrumbList","@id":"https:\/\/paracherkaoui.ma\/index.php\/produit\/cerave-gel-moussant-anti-imperfections-236-ml-4\/#breadcrumb","itemListElement":[{"@type":"ListItem","position":1,"name":"Accueil","item":"https:\/\/paracherkaoui.ma\/"},{"@type":"ListItem","position":2,"name":"Boutique","item":"https:\/\/paracherkaoui.ma\/index.php\/boutique\/"},{"@type":"ListItem","position":3,"name":"CERAVE GEL MOUSSANT ANTI IMPERFECTIONS 236 ML"}]},{"@type":"WebSite","@id":"https:\/\/paracherkaoui.ma\/#website","url":"https:\/\/paracherkaoui.ma\/","name":"Paracherkaoui.ma","description":"Achetez en ligne sur Paracherkaoui.ma","potentialAction":[{"@type":"SearchAction","target":{"@type":"EntryPoint","urlTemplate":"https:\/\/paracherkaoui.ma\/?s={search_term_string}"},"query-input":{"@type":"PropertyValueSpecification","valueRequired":true,"valueName":"search_term_string"}}],"inLanguage":"fr-FR"}]}},"_links":{"self":[{"href":"https:\/\/paracherkaoui.ma\/index.php\/wp-json\/wp\/v2\/product\/57762","targetHints":{"allow":["GET"]}}],"collection":[{"href":"https:\/\/paracherkaoui.ma\/index.php\/wp-json\/wp\/v2\/product"}],"about":[{"href":"https:\/\/paracherkaoui.ma\/index.php\/wp-json\/wp\/v2\/types\/product"}],"replies":[{"embeddable":true,"href":"https:\/\/paracherkaoui.ma\/index.php\/wp-json\/wp\/v2\/comments?post=57762"}],"version-history":[{"count":1,"href":"https:\/\/paracherkaoui.ma\/index.php\/wp-json\/wp\/v2\/product\/57762\/revisions"}],"predecessor-version":[{"id":57792,"href":"https:\/\/paracherkaoui.ma\/index.php\/wp-json\/wp\/v2\/product\/57762\/revisions\/57792"}],"wp:featuredmedia":[{"embeddable":true,"href":"https:\/\/paracherkaoui.ma\/index.php\/wp-json\/wp\/v2\/media\/10720"}],"wp:attachment":[{"href":"https:\/\/paracherkaoui.ma\/index.php\/wp-json\/wp\/v2\/media?parent=57762"}],"wp:term":[{"taxonomy":"product_brand","embeddable":true,"href":"https:\/\/paracherkaoui.ma\/index.php\/wp-json\/wp\/v2\/product_brand?post=57762"},{"taxonomy":"product_cat","embeddable":true,"href":"https:\/\/paracherkaoui.ma\/index.php\/wp-json\/wp\/v2\/product_cat?post=57762"},{"taxonomy":"product_tag","embeddable":true,"href":"https:\/\/paracherkaoui.ma\/index.php\/wp-json\/wp\/v2\/product_tag?post=57762"}],"curies":[{"name":"wp","href":"https:\/\/api.w.org\/{rel}","templated":true}]}}