{"id":57614,"date":"2025-12-12T19:48:42","date_gmt":"2025-12-12T18:48:42","guid":{"rendered":"https:\/\/test.ecbeaute.com\/?post_type=product&#038;p=57614"},"modified":"2025-12-12T19:48:44","modified_gmt":"2025-12-12T18:48:44","slug":"carmex-baume-a-levres-classique-pot-2","status":"publish","type":"product","link":"https:\/\/paracherkaoui.ma\/index.php\/produit\/carmex-baume-a-levres-classique-pot-2\/","title":{"rendered":"CARMEX BAUME A LEVRES CLASSIQUE POT"},"content":{"rendered":"<p>Le baume \u00e0 l\u00e8vre Carmex est compos\u00e9 d&rsquo;ingr\u00e9dients de la plus haute qualit\u00e9 qui permettent un soulagement imm\u00e9diat des l\u00e8vres dess\u00e9ch\u00e9es et gerc\u00e9es. Apporte \u00e9galement une excellente protection lors des activit\u00e9s exterieures. Le baume p\u00e9n\u00e8tre imm\u00e9diatement, ne colle pas et laisse les l\u00e8vres l\u00e9g\u00e8rement brillantes.  N\u00b0 1 aux USA CONSEILS D&rsquo;UTILISATION Appliquer aussi souvent que n\u00e9cessaire sur les l\u00e8vres s\u00e8ches et gerc\u00e9es, tout au long de la journ\u00e9e.<\/p>\n","protected":false},"excerpt":{"rendered":"<p>Le baume \u00e0 l\u00e8vre Carmex est compos\u00e9 d&rsquo;ingr\u00e9dients de la plus haute qualit\u00e9 qui permettent un soulagement imm\u00e9diat des l\u00e8vres<\/p>\n","protected":false},"featured_media":28875,"comment_status":"open","ping_status":"closed","template":"","meta":[],"product_brand":[536],"product_cat":[1100],"product_tag":[],"class_list":{"0":"post-57614","1":"product","2":"type-product","3":"status-publish","4":"has-post-thumbnail","6":"product_brand-carmex","7":"product_cat-americains","9":"first","10":"instock","11":"shipping-taxable","12":"purchasable","13":"product-type-simple"},"yoast_head":"<!-- This site is optimized with the Yoast SEO plugin v26.6 - https:\/\/yoast.com\/wordpress\/plugins\/seo\/ -->\r\n<title>CARMEX BAUME A LEVRES CLASSIQUE POT - Paracherkaoui.ma<\/title>\r\n<meta name=\"robots\" content=\"index, follow, max-snippet:-1, max-image-preview:large, max-video-preview:-1\" \/>\r\n<link rel=\"canonical\" href=\"https:\/\/paracherkaoui.ma\/index.php\/produit\/carmex-baume-a-levres-classique-pot-2\/\" \/>\r\n<meta property=\"og:locale\" content=\"fr_FR\" \/>\r\n<meta property=\"og:type\" content=\"article\" \/>\r\n<meta property=\"og:title\" content=\"CARMEX BAUME A LEVRES CLASSIQUE POT - Paracherkaoui.ma\" \/>\r\n<meta property=\"og:description\" content=\"Le baume \u00e0 l\u00e8vre Carmex est compos\u00e9 d&rsquo;ingr\u00e9dients de la plus haute qualit\u00e9 qui permettent un soulagement imm\u00e9diat des l\u00e8vres\" \/>\r\n<meta property=\"og:url\" content=\"https:\/\/paracherkaoui.ma\/index.php\/produit\/carmex-baume-a-levres-classique-pot-2\/\" \/>\r\n<meta property=\"og:site_name\" content=\"Paracherkaoui.ma\" \/>\r\n<meta property=\"article:modified_time\" content=\"2025-12-12T18:48:44+00:00\" \/>\r\n<meta property=\"og:image\" content=\"https:\/\/paracherkaoui.ma\/wp-content\/uploads\/2025\/12\/carmex-carmex-baume-a-levres-classique-pot-produits-americains-visage-et-corps.jpg\" \/>\r\n\t<meta property=\"og:image:width\" content=\"700\" \/>\r\n\t<meta property=\"og:image:height\" content=\"700\" \/>\r\n\t<meta property=\"og:image:type\" content=\"image\/jpeg\" \/>\r\n<meta name=\"twitter:card\" content=\"summary_large_image\" \/>\r\n<script type=\"application\/ld+json\" class=\"yoast-schema-graph\">{\"@context\":\"https:\/\/schema.org\",\"@graph\":[{\"@type\":\"WebPage\",\"@id\":\"https:\/\/paracherkaoui.ma\/index.php\/produit\/carmex-baume-a-levres-classique-pot-2\/\",\"url\":\"https:\/\/paracherkaoui.ma\/index.php\/produit\/carmex-baume-a-levres-classique-pot-2\/\",\"name\":\"CARMEX BAUME A LEVRES CLASSIQUE POT - Paracherkaoui.ma\",\"isPartOf\":{\"@id\":\"https:\/\/paracherkaoui.ma\/#website\"},\"primaryImageOfPage\":{\"@id\":\"https:\/\/paracherkaoui.ma\/index.php\/produit\/carmex-baume-a-levres-classique-pot-2\/#primaryimage\"},\"image\":{\"@id\":\"https:\/\/paracherkaoui.ma\/index.php\/produit\/carmex-baume-a-levres-classique-pot-2\/#primaryimage\"},\"thumbnailUrl\":\"https:\/\/paracherkaoui.ma\/wp-content\/uploads\/2025\/12\/carmex-carmex-baume-a-levres-classique-pot-produits-americains-visage-et-corps.jpg\",\"datePublished\":\"2025-12-12T18:48:42+00:00\",\"dateModified\":\"2025-12-12T18:48:44+00:00\",\"breadcrumb\":{\"@id\":\"https:\/\/paracherkaoui.ma\/index.php\/produit\/carmex-baume-a-levres-classique-pot-2\/#breadcrumb\"},\"inLanguage\":\"fr-FR\",\"potentialAction\":[{\"@type\":\"ReadAction\",\"target\":[\"https:\/\/paracherkaoui.ma\/index.php\/produit\/carmex-baume-a-levres-classique-pot-2\/\"]}]},{\"@type\":\"ImageObject\",\"inLanguage\":\"fr-FR\",\"@id\":\"https:\/\/paracherkaoui.ma\/index.php\/produit\/carmex-baume-a-levres-classique-pot-2\/#primaryimage\",\"url\":\"https:\/\/paracherkaoui.ma\/wp-content\/uploads\/2025\/12\/carmex-carmex-baume-a-levres-classique-pot-produits-americains-visage-et-corps.jpg\",\"contentUrl\":\"https:\/\/paracherkaoui.ma\/wp-content\/uploads\/2025\/12\/carmex-carmex-baume-a-levres-classique-pot-produits-americains-visage-et-corps.jpg\",\"width\":700,\"height\":700},{\"@type\":\"BreadcrumbList\",\"@id\":\"https:\/\/paracherkaoui.ma\/index.php\/produit\/carmex-baume-a-levres-classique-pot-2\/#breadcrumb\",\"itemListElement\":[{\"@type\":\"ListItem\",\"position\":1,\"name\":\"Accueil\",\"item\":\"https:\/\/paracherkaoui.ma\/\"},{\"@type\":\"ListItem\",\"position\":2,\"name\":\"Boutique\",\"item\":\"https:\/\/paracherkaoui.ma\/index.php\/boutique\/\"},{\"@type\":\"ListItem\",\"position\":3,\"name\":\"CARMEX BAUME A LEVRES CLASSIQUE POT\"}]},{\"@type\":\"WebSite\",\"@id\":\"https:\/\/paracherkaoui.ma\/#website\",\"url\":\"https:\/\/paracherkaoui.ma\/\",\"name\":\"Paracherkaoui.ma\",\"description\":\"Achetez en ligne sur Paracherkaoui.ma\",\"potentialAction\":[{\"@type\":\"SearchAction\",\"target\":{\"@type\":\"EntryPoint\",\"urlTemplate\":\"https:\/\/paracherkaoui.ma\/?s={search_term_string}\"},\"query-input\":{\"@type\":\"PropertyValueSpecification\",\"valueRequired\":true,\"valueName\":\"search_term_string\"}}],\"inLanguage\":\"fr-FR\"}]}<\/script>\r\n<!-- \/ Yoast SEO plugin. -->","yoast_head_json":{"title":"CARMEX BAUME A LEVRES CLASSIQUE POT - Paracherkaoui.ma","robots":{"index":"index","follow":"follow","max-snippet":"max-snippet:-1","max-image-preview":"max-image-preview:large","max-video-preview":"max-video-preview:-1"},"canonical":"https:\/\/paracherkaoui.ma\/index.php\/produit\/carmex-baume-a-levres-classique-pot-2\/","og_locale":"fr_FR","og_type":"article","og_title":"CARMEX BAUME A LEVRES CLASSIQUE POT - Paracherkaoui.ma","og_description":"Le baume \u00e0 l\u00e8vre Carmex est compos\u00e9 d&rsquo;ingr\u00e9dients de la plus haute qualit\u00e9 qui permettent un soulagement imm\u00e9diat des l\u00e8vres","og_url":"https:\/\/paracherkaoui.ma\/index.php\/produit\/carmex-baume-a-levres-classique-pot-2\/","og_site_name":"Paracherkaoui.ma","article_modified_time":"2025-12-12T18:48:44+00:00","og_image":[{"width":700,"height":700,"url":"https:\/\/paracherkaoui.ma\/wp-content\/uploads\/2025\/12\/carmex-carmex-baume-a-levres-classique-pot-produits-americains-visage-et-corps.jpg","type":"image\/jpeg"}],"twitter_card":"summary_large_image","schema":{"@context":"https:\/\/schema.org","@graph":[{"@type":"WebPage","@id":"https:\/\/paracherkaoui.ma\/index.php\/produit\/carmex-baume-a-levres-classique-pot-2\/","url":"https:\/\/paracherkaoui.ma\/index.php\/produit\/carmex-baume-a-levres-classique-pot-2\/","name":"CARMEX BAUME A LEVRES CLASSIQUE POT - Paracherkaoui.ma","isPartOf":{"@id":"https:\/\/paracherkaoui.ma\/#website"},"primaryImageOfPage":{"@id":"https:\/\/paracherkaoui.ma\/index.php\/produit\/carmex-baume-a-levres-classique-pot-2\/#primaryimage"},"image":{"@id":"https:\/\/paracherkaoui.ma\/index.php\/produit\/carmex-baume-a-levres-classique-pot-2\/#primaryimage"},"thumbnailUrl":"https:\/\/paracherkaoui.ma\/wp-content\/uploads\/2025\/12\/carmex-carmex-baume-a-levres-classique-pot-produits-americains-visage-et-corps.jpg","datePublished":"2025-12-12T18:48:42+00:00","dateModified":"2025-12-12T18:48:44+00:00","breadcrumb":{"@id":"https:\/\/paracherkaoui.ma\/index.php\/produit\/carmex-baume-a-levres-classique-pot-2\/#breadcrumb"},"inLanguage":"fr-FR","potentialAction":[{"@type":"ReadAction","target":["https:\/\/paracherkaoui.ma\/index.php\/produit\/carmex-baume-a-levres-classique-pot-2\/"]}]},{"@type":"ImageObject","inLanguage":"fr-FR","@id":"https:\/\/paracherkaoui.ma\/index.php\/produit\/carmex-baume-a-levres-classique-pot-2\/#primaryimage","url":"https:\/\/paracherkaoui.ma\/wp-content\/uploads\/2025\/12\/carmex-carmex-baume-a-levres-classique-pot-produits-americains-visage-et-corps.jpg","contentUrl":"https:\/\/paracherkaoui.ma\/wp-content\/uploads\/2025\/12\/carmex-carmex-baume-a-levres-classique-pot-produits-americains-visage-et-corps.jpg","width":700,"height":700},{"@type":"BreadcrumbList","@id":"https:\/\/paracherkaoui.ma\/index.php\/produit\/carmex-baume-a-levres-classique-pot-2\/#breadcrumb","itemListElement":[{"@type":"ListItem","position":1,"name":"Accueil","item":"https:\/\/paracherkaoui.ma\/"},{"@type":"ListItem","position":2,"name":"Boutique","item":"https:\/\/paracherkaoui.ma\/index.php\/boutique\/"},{"@type":"ListItem","position":3,"name":"CARMEX BAUME A LEVRES CLASSIQUE POT"}]},{"@type":"WebSite","@id":"https:\/\/paracherkaoui.ma\/#website","url":"https:\/\/paracherkaoui.ma\/","name":"Paracherkaoui.ma","description":"Achetez en ligne sur Paracherkaoui.ma","potentialAction":[{"@type":"SearchAction","target":{"@type":"EntryPoint","urlTemplate":"https:\/\/paracherkaoui.ma\/?s={search_term_string}"},"query-input":{"@type":"PropertyValueSpecification","valueRequired":true,"valueName":"search_term_string"}}],"inLanguage":"fr-FR"}]}},"_links":{"self":[{"href":"https:\/\/paracherkaoui.ma\/index.php\/wp-json\/wp\/v2\/product\/57614","targetHints":{"allow":["GET"]}}],"collection":[{"href":"https:\/\/paracherkaoui.ma\/index.php\/wp-json\/wp\/v2\/product"}],"about":[{"href":"https:\/\/paracherkaoui.ma\/index.php\/wp-json\/wp\/v2\/types\/product"}],"replies":[{"embeddable":true,"href":"https:\/\/paracherkaoui.ma\/index.php\/wp-json\/wp\/v2\/comments?post=57614"}],"version-history":[{"count":1,"href":"https:\/\/paracherkaoui.ma\/index.php\/wp-json\/wp\/v2\/product\/57614\/revisions"}],"predecessor-version":[{"id":57644,"href":"https:\/\/paracherkaoui.ma\/index.php\/wp-json\/wp\/v2\/product\/57614\/revisions\/57644"}],"wp:featuredmedia":[{"embeddable":true,"href":"https:\/\/paracherkaoui.ma\/index.php\/wp-json\/wp\/v2\/media\/28875"}],"wp:attachment":[{"href":"https:\/\/paracherkaoui.ma\/index.php\/wp-json\/wp\/v2\/media?parent=57614"}],"wp:term":[{"taxonomy":"product_brand","embeddable":true,"href":"https:\/\/paracherkaoui.ma\/index.php\/wp-json\/wp\/v2\/product_brand?post=57614"},{"taxonomy":"product_cat","embeddable":true,"href":"https:\/\/paracherkaoui.ma\/index.php\/wp-json\/wp\/v2\/product_cat?post=57614"},{"taxonomy":"product_tag","embeddable":true,"href":"https:\/\/paracherkaoui.ma\/index.php\/wp-json\/wp\/v2\/product_tag?post=57614"}],"curies":[{"name":"wp","href":"https:\/\/api.w.org\/{rel}","templated":true}]}}