{"id":57440,"date":"2025-12-12T19:48:13","date_gmt":"2025-12-12T18:48:13","guid":{"rendered":"https:\/\/test.ecbeaute.com\/?post_type=product&#038;p=57440"},"modified":"2025-12-12T19:48:17","modified_gmt":"2025-12-12T18:48:17","slug":"crest-3d-white-advanced-dentifrice-mint-93-g-2","status":"publish","type":"product","link":"https:\/\/paracherkaoui.ma\/index.php\/produit\/crest-3d-white-advanced-dentifrice-mint-93-g-2\/","title":{"rendered":"CREST 3D WHITE ADVANCED DENTIFRICE MINT 93 G"},"content":{"rendered":"<p>La formule unique de Crest 3D White Advanced est con\u00e7ue pour une efficacit\u00e9 optimale, utilisant une technologie de blanchiment 3D qui cible les taches en profondeur sans endommager l\u2019\u00e9mail. Ce dentifrice, bien plus efficace qu\u2019un dentifrice ordinaire, assure un nettoyage en profondeur tout en prot\u00e9geant les dents des futures taches, afin que votre sourire conserve son \u00e9clat au fil des jours. Composition eau, sorbitol, silice hydrat\u00e9e, pyrophosphate disodique, laurylsulfate de sodium, ar\u00f4me, hydroxyde de sodium, gomme de cellulose, saccharine sodique, carbom\u00e8re, polysorbate 80, mica, dioxyde de titane, bleu 1 Conseils d\u2019utilisation Pour profiter pleinement des bienfaits de Crest 3D White Advanced, brossez vous les dents deux fois par jour, matin et soir, pendant au moins deux minutes. D\u00e9posez une petite quantit\u00e9 de dentifrice sur votre brosse \u00e0 dents, puis effectuez des mouvements circulaires doux sur chaque dent. Pour des r\u00e9sultats optimaux, utilisez le dentifrice en compl\u00e9ment d&rsquo;une brosse \u00e0 dents manuelle ou \u00e9lectrique et \u00e9vitez de rincer imm\u00e9diatement apr\u00e8s le brossage pour permettre au fluorure de mieux prot\u00e9ger vos dents. En l\u2019int\u00e9grant \u00e0 votre routine quotidienne, vous obtiendrez progressivement un sourire impeccable et durablement \u00e9clatant.<\/p>\n","protected":false},"excerpt":{"rendered":"<p>La formule unique de Crest 3D White Advanced est con\u00e7ue pour une efficacit\u00e9 optimale, utilisant une technologie de blanchiment 3D<\/p>\n","protected":false},"featured_media":45283,"comment_status":"open","ping_status":"closed","template":"","meta":[],"product_brand":[819],"product_cat":[1100],"product_tag":[],"class_list":{"0":"post-57440","1":"product","2":"type-product","3":"status-publish","4":"has-post-thumbnail","6":"product_brand-crest","7":"product_cat-americains","9":"first","10":"instock","11":"shipping-taxable","12":"purchasable","13":"product-type-simple"},"yoast_head":"<!-- This site is optimized with the Yoast SEO plugin v26.6 - https:\/\/yoast.com\/wordpress\/plugins\/seo\/ -->\r\n<title>CREST 3D WHITE ADVANCED DENTIFRICE MINT 93 G - Paracherkaoui.ma<\/title>\r\n<meta name=\"robots\" content=\"index, follow, max-snippet:-1, max-image-preview:large, max-video-preview:-1\" \/>\r\n<link rel=\"canonical\" href=\"https:\/\/paracherkaoui.ma\/index.php\/produit\/crest-3d-white-advanced-dentifrice-mint-93-g-2\/\" \/>\r\n<meta property=\"og:locale\" content=\"fr_FR\" \/>\r\n<meta property=\"og:type\" content=\"article\" \/>\r\n<meta property=\"og:title\" content=\"CREST 3D WHITE ADVANCED DENTIFRICE MINT 93 G - Paracherkaoui.ma\" \/>\r\n<meta property=\"og:description\" content=\"La formule unique de Crest 3D White Advanced est con\u00e7ue pour une efficacit\u00e9 optimale, utilisant une technologie de blanchiment 3D\" \/>\r\n<meta property=\"og:url\" content=\"https:\/\/paracherkaoui.ma\/index.php\/produit\/crest-3d-white-advanced-dentifrice-mint-93-g-2\/\" \/>\r\n<meta property=\"og:site_name\" content=\"Paracherkaoui.ma\" \/>\r\n<meta property=\"article:modified_time\" content=\"2025-12-12T18:48:17+00:00\" \/>\r\n<meta property=\"og:image\" content=\"https:\/\/paracherkaoui.ma\/wp-content\/uploads\/2025\/12\/crest-crest-3d-white-advanced-dentifrice-mint-93-g-dentifrices-blanchissants.jpg\" \/>\r\n\t<meta property=\"og:image:width\" content=\"700\" \/>\r\n\t<meta property=\"og:image:height\" content=\"700\" \/>\r\n\t<meta property=\"og:image:type\" content=\"image\/jpeg\" \/>\r\n<meta name=\"twitter:card\" content=\"summary_large_image\" \/>\r\n<meta name=\"twitter:label1\" content=\"Dur\u00e9e de lecture estim\u00e9e\" \/>\n\t<meta name=\"twitter:data1\" content=\"1 minute\" \/>\r\n<script type=\"application\/ld+json\" class=\"yoast-schema-graph\">{\"@context\":\"https:\/\/schema.org\",\"@graph\":[{\"@type\":\"WebPage\",\"@id\":\"https:\/\/paracherkaoui.ma\/index.php\/produit\/crest-3d-white-advanced-dentifrice-mint-93-g-2\/\",\"url\":\"https:\/\/paracherkaoui.ma\/index.php\/produit\/crest-3d-white-advanced-dentifrice-mint-93-g-2\/\",\"name\":\"CREST 3D WHITE ADVANCED DENTIFRICE MINT 93 G - Paracherkaoui.ma\",\"isPartOf\":{\"@id\":\"https:\/\/paracherkaoui.ma\/#website\"},\"primaryImageOfPage\":{\"@id\":\"https:\/\/paracherkaoui.ma\/index.php\/produit\/crest-3d-white-advanced-dentifrice-mint-93-g-2\/#primaryimage\"},\"image\":{\"@id\":\"https:\/\/paracherkaoui.ma\/index.php\/produit\/crest-3d-white-advanced-dentifrice-mint-93-g-2\/#primaryimage\"},\"thumbnailUrl\":\"https:\/\/paracherkaoui.ma\/wp-content\/uploads\/2025\/12\/crest-crest-3d-white-advanced-dentifrice-mint-93-g-dentifrices-blanchissants.jpg\",\"datePublished\":\"2025-12-12T18:48:13+00:00\",\"dateModified\":\"2025-12-12T18:48:17+00:00\",\"breadcrumb\":{\"@id\":\"https:\/\/paracherkaoui.ma\/index.php\/produit\/crest-3d-white-advanced-dentifrice-mint-93-g-2\/#breadcrumb\"},\"inLanguage\":\"fr-FR\",\"potentialAction\":[{\"@type\":\"ReadAction\",\"target\":[\"https:\/\/paracherkaoui.ma\/index.php\/produit\/crest-3d-white-advanced-dentifrice-mint-93-g-2\/\"]}]},{\"@type\":\"ImageObject\",\"inLanguage\":\"fr-FR\",\"@id\":\"https:\/\/paracherkaoui.ma\/index.php\/produit\/crest-3d-white-advanced-dentifrice-mint-93-g-2\/#primaryimage\",\"url\":\"https:\/\/paracherkaoui.ma\/wp-content\/uploads\/2025\/12\/crest-crest-3d-white-advanced-dentifrice-mint-93-g-dentifrices-blanchissants.jpg\",\"contentUrl\":\"https:\/\/paracherkaoui.ma\/wp-content\/uploads\/2025\/12\/crest-crest-3d-white-advanced-dentifrice-mint-93-g-dentifrices-blanchissants.jpg\",\"width\":700,\"height\":700},{\"@type\":\"BreadcrumbList\",\"@id\":\"https:\/\/paracherkaoui.ma\/index.php\/produit\/crest-3d-white-advanced-dentifrice-mint-93-g-2\/#breadcrumb\",\"itemListElement\":[{\"@type\":\"ListItem\",\"position\":1,\"name\":\"Accueil\",\"item\":\"https:\/\/paracherkaoui.ma\/\"},{\"@type\":\"ListItem\",\"position\":2,\"name\":\"Boutique\",\"item\":\"https:\/\/paracherkaoui.ma\/index.php\/boutique\/\"},{\"@type\":\"ListItem\",\"position\":3,\"name\":\"CREST 3D WHITE ADVANCED DENTIFRICE MINT 93 G\"}]},{\"@type\":\"WebSite\",\"@id\":\"https:\/\/paracherkaoui.ma\/#website\",\"url\":\"https:\/\/paracherkaoui.ma\/\",\"name\":\"Paracherkaoui.ma\",\"description\":\"Achetez en ligne sur Paracherkaoui.ma\",\"potentialAction\":[{\"@type\":\"SearchAction\",\"target\":{\"@type\":\"EntryPoint\",\"urlTemplate\":\"https:\/\/paracherkaoui.ma\/?s={search_term_string}\"},\"query-input\":{\"@type\":\"PropertyValueSpecification\",\"valueRequired\":true,\"valueName\":\"search_term_string\"}}],\"inLanguage\":\"fr-FR\"}]}<\/script>\r\n<!-- \/ Yoast SEO plugin. -->","yoast_head_json":{"title":"CREST 3D WHITE ADVANCED DENTIFRICE MINT 93 G - Paracherkaoui.ma","robots":{"index":"index","follow":"follow","max-snippet":"max-snippet:-1","max-image-preview":"max-image-preview:large","max-video-preview":"max-video-preview:-1"},"canonical":"https:\/\/paracherkaoui.ma\/index.php\/produit\/crest-3d-white-advanced-dentifrice-mint-93-g-2\/","og_locale":"fr_FR","og_type":"article","og_title":"CREST 3D WHITE ADVANCED DENTIFRICE MINT 93 G - Paracherkaoui.ma","og_description":"La formule unique de Crest 3D White Advanced est con\u00e7ue pour une efficacit\u00e9 optimale, utilisant une technologie de blanchiment 3D","og_url":"https:\/\/paracherkaoui.ma\/index.php\/produit\/crest-3d-white-advanced-dentifrice-mint-93-g-2\/","og_site_name":"Paracherkaoui.ma","article_modified_time":"2025-12-12T18:48:17+00:00","og_image":[{"width":700,"height":700,"url":"https:\/\/paracherkaoui.ma\/wp-content\/uploads\/2025\/12\/crest-crest-3d-white-advanced-dentifrice-mint-93-g-dentifrices-blanchissants.jpg","type":"image\/jpeg"}],"twitter_card":"summary_large_image","twitter_misc":{"Dur\u00e9e de lecture estim\u00e9e":"1 minute"},"schema":{"@context":"https:\/\/schema.org","@graph":[{"@type":"WebPage","@id":"https:\/\/paracherkaoui.ma\/index.php\/produit\/crest-3d-white-advanced-dentifrice-mint-93-g-2\/","url":"https:\/\/paracherkaoui.ma\/index.php\/produit\/crest-3d-white-advanced-dentifrice-mint-93-g-2\/","name":"CREST 3D WHITE ADVANCED DENTIFRICE MINT 93 G - Paracherkaoui.ma","isPartOf":{"@id":"https:\/\/paracherkaoui.ma\/#website"},"primaryImageOfPage":{"@id":"https:\/\/paracherkaoui.ma\/index.php\/produit\/crest-3d-white-advanced-dentifrice-mint-93-g-2\/#primaryimage"},"image":{"@id":"https:\/\/paracherkaoui.ma\/index.php\/produit\/crest-3d-white-advanced-dentifrice-mint-93-g-2\/#primaryimage"},"thumbnailUrl":"https:\/\/paracherkaoui.ma\/wp-content\/uploads\/2025\/12\/crest-crest-3d-white-advanced-dentifrice-mint-93-g-dentifrices-blanchissants.jpg","datePublished":"2025-12-12T18:48:13+00:00","dateModified":"2025-12-12T18:48:17+00:00","breadcrumb":{"@id":"https:\/\/paracherkaoui.ma\/index.php\/produit\/crest-3d-white-advanced-dentifrice-mint-93-g-2\/#breadcrumb"},"inLanguage":"fr-FR","potentialAction":[{"@type":"ReadAction","target":["https:\/\/paracherkaoui.ma\/index.php\/produit\/crest-3d-white-advanced-dentifrice-mint-93-g-2\/"]}]},{"@type":"ImageObject","inLanguage":"fr-FR","@id":"https:\/\/paracherkaoui.ma\/index.php\/produit\/crest-3d-white-advanced-dentifrice-mint-93-g-2\/#primaryimage","url":"https:\/\/paracherkaoui.ma\/wp-content\/uploads\/2025\/12\/crest-crest-3d-white-advanced-dentifrice-mint-93-g-dentifrices-blanchissants.jpg","contentUrl":"https:\/\/paracherkaoui.ma\/wp-content\/uploads\/2025\/12\/crest-crest-3d-white-advanced-dentifrice-mint-93-g-dentifrices-blanchissants.jpg","width":700,"height":700},{"@type":"BreadcrumbList","@id":"https:\/\/paracherkaoui.ma\/index.php\/produit\/crest-3d-white-advanced-dentifrice-mint-93-g-2\/#breadcrumb","itemListElement":[{"@type":"ListItem","position":1,"name":"Accueil","item":"https:\/\/paracherkaoui.ma\/"},{"@type":"ListItem","position":2,"name":"Boutique","item":"https:\/\/paracherkaoui.ma\/index.php\/boutique\/"},{"@type":"ListItem","position":3,"name":"CREST 3D WHITE ADVANCED DENTIFRICE MINT 93 G"}]},{"@type":"WebSite","@id":"https:\/\/paracherkaoui.ma\/#website","url":"https:\/\/paracherkaoui.ma\/","name":"Paracherkaoui.ma","description":"Achetez en ligne sur Paracherkaoui.ma","potentialAction":[{"@type":"SearchAction","target":{"@type":"EntryPoint","urlTemplate":"https:\/\/paracherkaoui.ma\/?s={search_term_string}"},"query-input":{"@type":"PropertyValueSpecification","valueRequired":true,"valueName":"search_term_string"}}],"inLanguage":"fr-FR"}]}},"_links":{"self":[{"href":"https:\/\/paracherkaoui.ma\/index.php\/wp-json\/wp\/v2\/product\/57440","targetHints":{"allow":["GET"]}}],"collection":[{"href":"https:\/\/paracherkaoui.ma\/index.php\/wp-json\/wp\/v2\/product"}],"about":[{"href":"https:\/\/paracherkaoui.ma\/index.php\/wp-json\/wp\/v2\/types\/product"}],"replies":[{"embeddable":true,"href":"https:\/\/paracherkaoui.ma\/index.php\/wp-json\/wp\/v2\/comments?post=57440"}],"version-history":[{"count":1,"href":"https:\/\/paracherkaoui.ma\/index.php\/wp-json\/wp\/v2\/product\/57440\/revisions"}],"predecessor-version":[{"id":57477,"href":"https:\/\/paracherkaoui.ma\/index.php\/wp-json\/wp\/v2\/product\/57440\/revisions\/57477"}],"wp:featuredmedia":[{"embeddable":true,"href":"https:\/\/paracherkaoui.ma\/index.php\/wp-json\/wp\/v2\/media\/45283"}],"wp:attachment":[{"href":"https:\/\/paracherkaoui.ma\/index.php\/wp-json\/wp\/v2\/media?parent=57440"}],"wp:term":[{"taxonomy":"product_brand","embeddable":true,"href":"https:\/\/paracherkaoui.ma\/index.php\/wp-json\/wp\/v2\/product_brand?post=57440"},{"taxonomy":"product_cat","embeddable":true,"href":"https:\/\/paracherkaoui.ma\/index.php\/wp-json\/wp\/v2\/product_cat?post=57440"},{"taxonomy":"product_tag","embeddable":true,"href":"https:\/\/paracherkaoui.ma\/index.php\/wp-json\/wp\/v2\/product_tag?post=57440"}],"curies":[{"name":"wp","href":"https:\/\/api.w.org\/{rel}","templated":true}]}}