{"id":57438,"date":"2025-12-12T19:48:12","date_gmt":"2025-12-12T18:48:12","guid":{"rendered":"https:\/\/test.ecbeaute.com\/?post_type=product&#038;p=57438"},"modified":"2025-12-12T19:48:17","modified_gmt":"2025-12-12T18:48:17","slug":"crest-3d-whitestrips-professional-effects-20-treatments","status":"publish","type":"product","link":"https:\/\/paracherkaoui.ma\/index.php\/produit\/crest-3d-whitestrips-professional-effects-20-treatments\/","title":{"rendered":"CREST 3D WHITESTRIPS PROFESSIONAL EFFECTS 20 TREATMENTS"},"content":{"rendered":"<p>Simple, efficace et sans tracas, int\u00e9grez ces bandes \u00e0 votre routine quotidienne et admirez la transformation de votre sourire en seulement quelques jours. Imaginez la confiance que vous gagnerez avec un sourire \u00e9clatant, lib\u00e9r\u00e9 des taches de caf\u00e9, de th\u00e9, de vin ou de tabac. CREST 3D WHITESTRIPS PROFESSIONAL EFFECTS agissent en profondeur sous l&rsquo;\u00e9mail pour dissoudre les taches incrust\u00e9es, r\u00e9v\u00e9lant la blancheur naturelle de vos dents. Leur technologie avanc\u00e9e garantit une application facile et un retrait propre, sans laisser de r\u00e9sidus d\u00e9sagr\u00e9ables. Avec une seule application quotidienne de 30 minutes, vous commencerez \u00e0 constater une diff\u00e9rence notable d\u00e8s le troisi\u00e8me jour. Poursuivez le traitement complet de 20 jours pour un sourire transform\u00e9, digne d&rsquo;un professionnel, sans avoir \u00e0 quitter le confort de votre foyer. Offrez-vous le pouvoir d&rsquo;un sourire plus blanc et plus jeune avec CREST 3D WHITESTRIPS PROFESSIONAL EFFECTS. Faciles \u00e0 utiliser et incroyablement efficaces, ces bandes sont la solution id\u00e9ale pour ceux qui recherchent des r\u00e9sultats visibles rapidement et en toute s\u00e9curit\u00e9. Pr\u00e9parez-vous \u00e0 sourire avec une confiance renouvel\u00e9e et \u00e0 laisser une impression durable gr\u00e2ce \u00e0 un sourire \u00e9blouissant qui rayonne de blancheur. N&rsquo;attendez plus pour r\u00e9v\u00e9ler le potentiel \u00e9clatant de votre sourire ! Conseils d&rsquo;utilisation : Ouvrez le sachet contenant les bandes blanchissantes. Vous trouverez une bande pour les dents du haut et une pour les dents du bas. D\u00e9collez d\u00e9licatement les bandes de leur support plastique. Placez la bande la plus longue sur vos dents du haut, en alignant le bord avec votre ligne de gencive. Appuyez fermement pour assurer un bon contact avec la surface des dents. Repliez l&rsquo;exc\u00e9dent de la bande derri\u00e8re vos dents. R\u00e9p\u00e9tez l&rsquo;op\u00e9ration avec la bande plus courte sur vos dents du bas. Laissez les bandes en place pendant 30 minutes. \u00c9vitez de manger, de boire ou de fumer pendant l&rsquo;application. Apr\u00e8s 30 minutes, retirez d\u00e9licatement les bandes. Rincez votre bouche si n\u00e9cessaire. Utilisez une fois par jour pendant 20 jours pour des r\u00e9sultats complets. Vous pourrez constater une diff\u00e9rence visible apr\u00e8s 3 jours d&rsquo;utilisation.<\/p>\n","protected":false},"excerpt":{"rendered":"<p>Simple, efficace et sans tracas, int\u00e9grez ces bandes \u00e0 votre routine quotidienne et admirez la transformation de votre sourire en<\/p>\n","protected":false},"featured_media":57474,"comment_status":"open","ping_status":"closed","template":"","meta":[],"product_brand":[819],"product_cat":[1100],"product_tag":[],"class_list":{"0":"post-57438","1":"product","2":"type-product","3":"status-publish","4":"has-post-thumbnail","6":"product_brand-crest","7":"product_cat-americains","9":"first","10":"instock","11":"shipping-taxable","12":"purchasable","13":"product-type-simple"},"yoast_head":"<!-- This site is optimized with the Yoast SEO plugin v26.6 - https:\/\/yoast.com\/wordpress\/plugins\/seo\/ -->\r\n<title>CREST 3D WHITESTRIPS PROFESSIONAL EFFECTS 20 TREATMENTS - Paracherkaoui.ma<\/title>\r\n<meta name=\"robots\" content=\"index, follow, max-snippet:-1, max-image-preview:large, max-video-preview:-1\" \/>\r\n<link rel=\"canonical\" href=\"https:\/\/paracherkaoui.ma\/index.php\/produit\/crest-3d-whitestrips-professional-effects-20-treatments\/\" \/>\r\n<meta property=\"og:locale\" content=\"fr_FR\" \/>\r\n<meta property=\"og:type\" content=\"article\" \/>\r\n<meta property=\"og:title\" content=\"CREST 3D WHITESTRIPS PROFESSIONAL EFFECTS 20 TREATMENTS - Paracherkaoui.ma\" \/>\r\n<meta property=\"og:description\" content=\"Simple, efficace et sans tracas, int\u00e9grez ces bandes \u00e0 votre routine quotidienne et admirez la transformation de votre sourire en\" \/>\r\n<meta property=\"og:url\" content=\"https:\/\/paracherkaoui.ma\/index.php\/produit\/crest-3d-whitestrips-professional-effects-20-treatments\/\" \/>\r\n<meta property=\"og:site_name\" content=\"Paracherkaoui.ma\" \/>\r\n<meta property=\"article:modified_time\" content=\"2025-12-12T18:48:17+00:00\" \/>\r\n<meta property=\"og:image\" content=\"https:\/\/paracherkaoui.ma\/wp-content\/uploads\/2025\/12\/crest-crest-3d-whitestrips-professional-effects-20-treatments-dentaire.jpg\" \/>\r\n\t<meta property=\"og:image:width\" content=\"700\" \/>\r\n\t<meta property=\"og:image:height\" content=\"700\" \/>\r\n\t<meta property=\"og:image:type\" content=\"image\/jpeg\" \/>\r\n<meta name=\"twitter:card\" content=\"summary_large_image\" \/>\r\n<meta name=\"twitter:label1\" content=\"Dur\u00e9e de lecture estim\u00e9e\" \/>\n\t<meta name=\"twitter:data1\" content=\"2 minutes\" \/>\r\n<script type=\"application\/ld+json\" class=\"yoast-schema-graph\">{\"@context\":\"https:\/\/schema.org\",\"@graph\":[{\"@type\":\"WebPage\",\"@id\":\"https:\/\/paracherkaoui.ma\/index.php\/produit\/crest-3d-whitestrips-professional-effects-20-treatments\/\",\"url\":\"https:\/\/paracherkaoui.ma\/index.php\/produit\/crest-3d-whitestrips-professional-effects-20-treatments\/\",\"name\":\"CREST 3D WHITESTRIPS PROFESSIONAL EFFECTS 20 TREATMENTS - Paracherkaoui.ma\",\"isPartOf\":{\"@id\":\"https:\/\/paracherkaoui.ma\/#website\"},\"primaryImageOfPage\":{\"@id\":\"https:\/\/paracherkaoui.ma\/index.php\/produit\/crest-3d-whitestrips-professional-effects-20-treatments\/#primaryimage\"},\"image\":{\"@id\":\"https:\/\/paracherkaoui.ma\/index.php\/produit\/crest-3d-whitestrips-professional-effects-20-treatments\/#primaryimage\"},\"thumbnailUrl\":\"https:\/\/paracherkaoui.ma\/wp-content\/uploads\/2025\/12\/crest-crest-3d-whitestrips-professional-effects-20-treatments-dentaire.jpg\",\"datePublished\":\"2025-12-12T18:48:12+00:00\",\"dateModified\":\"2025-12-12T18:48:17+00:00\",\"breadcrumb\":{\"@id\":\"https:\/\/paracherkaoui.ma\/index.php\/produit\/crest-3d-whitestrips-professional-effects-20-treatments\/#breadcrumb\"},\"inLanguage\":\"fr-FR\",\"potentialAction\":[{\"@type\":\"ReadAction\",\"target\":[\"https:\/\/paracherkaoui.ma\/index.php\/produit\/crest-3d-whitestrips-professional-effects-20-treatments\/\"]}]},{\"@type\":\"ImageObject\",\"inLanguage\":\"fr-FR\",\"@id\":\"https:\/\/paracherkaoui.ma\/index.php\/produit\/crest-3d-whitestrips-professional-effects-20-treatments\/#primaryimage\",\"url\":\"https:\/\/paracherkaoui.ma\/wp-content\/uploads\/2025\/12\/crest-crest-3d-whitestrips-professional-effects-20-treatments-dentaire.jpg\",\"contentUrl\":\"https:\/\/paracherkaoui.ma\/wp-content\/uploads\/2025\/12\/crest-crest-3d-whitestrips-professional-effects-20-treatments-dentaire.jpg\",\"width\":700,\"height\":700},{\"@type\":\"BreadcrumbList\",\"@id\":\"https:\/\/paracherkaoui.ma\/index.php\/produit\/crest-3d-whitestrips-professional-effects-20-treatments\/#breadcrumb\",\"itemListElement\":[{\"@type\":\"ListItem\",\"position\":1,\"name\":\"Accueil\",\"item\":\"https:\/\/paracherkaoui.ma\/\"},{\"@type\":\"ListItem\",\"position\":2,\"name\":\"Boutique\",\"item\":\"https:\/\/paracherkaoui.ma\/index.php\/boutique\/\"},{\"@type\":\"ListItem\",\"position\":3,\"name\":\"CREST 3D WHITESTRIPS PROFESSIONAL EFFECTS 20 TREATMENTS\"}]},{\"@type\":\"WebSite\",\"@id\":\"https:\/\/paracherkaoui.ma\/#website\",\"url\":\"https:\/\/paracherkaoui.ma\/\",\"name\":\"Paracherkaoui.ma\",\"description\":\"Achetez en ligne sur Paracherkaoui.ma\",\"potentialAction\":[{\"@type\":\"SearchAction\",\"target\":{\"@type\":\"EntryPoint\",\"urlTemplate\":\"https:\/\/paracherkaoui.ma\/?s={search_term_string}\"},\"query-input\":{\"@type\":\"PropertyValueSpecification\",\"valueRequired\":true,\"valueName\":\"search_term_string\"}}],\"inLanguage\":\"fr-FR\"}]}<\/script>\r\n<!-- \/ Yoast SEO plugin. -->","yoast_head_json":{"title":"CREST 3D WHITESTRIPS PROFESSIONAL EFFECTS 20 TREATMENTS - Paracherkaoui.ma","robots":{"index":"index","follow":"follow","max-snippet":"max-snippet:-1","max-image-preview":"max-image-preview:large","max-video-preview":"max-video-preview:-1"},"canonical":"https:\/\/paracherkaoui.ma\/index.php\/produit\/crest-3d-whitestrips-professional-effects-20-treatments\/","og_locale":"fr_FR","og_type":"article","og_title":"CREST 3D WHITESTRIPS PROFESSIONAL EFFECTS 20 TREATMENTS - Paracherkaoui.ma","og_description":"Simple, efficace et sans tracas, int\u00e9grez ces bandes \u00e0 votre routine quotidienne et admirez la transformation de votre sourire en","og_url":"https:\/\/paracherkaoui.ma\/index.php\/produit\/crest-3d-whitestrips-professional-effects-20-treatments\/","og_site_name":"Paracherkaoui.ma","article_modified_time":"2025-12-12T18:48:17+00:00","og_image":[{"width":700,"height":700,"url":"https:\/\/paracherkaoui.ma\/wp-content\/uploads\/2025\/12\/crest-crest-3d-whitestrips-professional-effects-20-treatments-dentaire.jpg","type":"image\/jpeg"}],"twitter_card":"summary_large_image","twitter_misc":{"Dur\u00e9e de lecture estim\u00e9e":"2 minutes"},"schema":{"@context":"https:\/\/schema.org","@graph":[{"@type":"WebPage","@id":"https:\/\/paracherkaoui.ma\/index.php\/produit\/crest-3d-whitestrips-professional-effects-20-treatments\/","url":"https:\/\/paracherkaoui.ma\/index.php\/produit\/crest-3d-whitestrips-professional-effects-20-treatments\/","name":"CREST 3D WHITESTRIPS PROFESSIONAL EFFECTS 20 TREATMENTS - Paracherkaoui.ma","isPartOf":{"@id":"https:\/\/paracherkaoui.ma\/#website"},"primaryImageOfPage":{"@id":"https:\/\/paracherkaoui.ma\/index.php\/produit\/crest-3d-whitestrips-professional-effects-20-treatments\/#primaryimage"},"image":{"@id":"https:\/\/paracherkaoui.ma\/index.php\/produit\/crest-3d-whitestrips-professional-effects-20-treatments\/#primaryimage"},"thumbnailUrl":"https:\/\/paracherkaoui.ma\/wp-content\/uploads\/2025\/12\/crest-crest-3d-whitestrips-professional-effects-20-treatments-dentaire.jpg","datePublished":"2025-12-12T18:48:12+00:00","dateModified":"2025-12-12T18:48:17+00:00","breadcrumb":{"@id":"https:\/\/paracherkaoui.ma\/index.php\/produit\/crest-3d-whitestrips-professional-effects-20-treatments\/#breadcrumb"},"inLanguage":"fr-FR","potentialAction":[{"@type":"ReadAction","target":["https:\/\/paracherkaoui.ma\/index.php\/produit\/crest-3d-whitestrips-professional-effects-20-treatments\/"]}]},{"@type":"ImageObject","inLanguage":"fr-FR","@id":"https:\/\/paracherkaoui.ma\/index.php\/produit\/crest-3d-whitestrips-professional-effects-20-treatments\/#primaryimage","url":"https:\/\/paracherkaoui.ma\/wp-content\/uploads\/2025\/12\/crest-crest-3d-whitestrips-professional-effects-20-treatments-dentaire.jpg","contentUrl":"https:\/\/paracherkaoui.ma\/wp-content\/uploads\/2025\/12\/crest-crest-3d-whitestrips-professional-effects-20-treatments-dentaire.jpg","width":700,"height":700},{"@type":"BreadcrumbList","@id":"https:\/\/paracherkaoui.ma\/index.php\/produit\/crest-3d-whitestrips-professional-effects-20-treatments\/#breadcrumb","itemListElement":[{"@type":"ListItem","position":1,"name":"Accueil","item":"https:\/\/paracherkaoui.ma\/"},{"@type":"ListItem","position":2,"name":"Boutique","item":"https:\/\/paracherkaoui.ma\/index.php\/boutique\/"},{"@type":"ListItem","position":3,"name":"CREST 3D WHITESTRIPS PROFESSIONAL EFFECTS 20 TREATMENTS"}]},{"@type":"WebSite","@id":"https:\/\/paracherkaoui.ma\/#website","url":"https:\/\/paracherkaoui.ma\/","name":"Paracherkaoui.ma","description":"Achetez en ligne sur Paracherkaoui.ma","potentialAction":[{"@type":"SearchAction","target":{"@type":"EntryPoint","urlTemplate":"https:\/\/paracherkaoui.ma\/?s={search_term_string}"},"query-input":{"@type":"PropertyValueSpecification","valueRequired":true,"valueName":"search_term_string"}}],"inLanguage":"fr-FR"}]}},"_links":{"self":[{"href":"https:\/\/paracherkaoui.ma\/index.php\/wp-json\/wp\/v2\/product\/57438","targetHints":{"allow":["GET"]}}],"collection":[{"href":"https:\/\/paracherkaoui.ma\/index.php\/wp-json\/wp\/v2\/product"}],"about":[{"href":"https:\/\/paracherkaoui.ma\/index.php\/wp-json\/wp\/v2\/types\/product"}],"replies":[{"embeddable":true,"href":"https:\/\/paracherkaoui.ma\/index.php\/wp-json\/wp\/v2\/comments?post=57438"}],"version-history":[{"count":1,"href":"https:\/\/paracherkaoui.ma\/index.php\/wp-json\/wp\/v2\/product\/57438\/revisions"}],"predecessor-version":[{"id":57475,"href":"https:\/\/paracherkaoui.ma\/index.php\/wp-json\/wp\/v2\/product\/57438\/revisions\/57475"}],"wp:featuredmedia":[{"embeddable":true,"href":"https:\/\/paracherkaoui.ma\/index.php\/wp-json\/wp\/v2\/media\/57474"}],"wp:attachment":[{"href":"https:\/\/paracherkaoui.ma\/index.php\/wp-json\/wp\/v2\/media?parent=57438"}],"wp:term":[{"taxonomy":"product_brand","embeddable":true,"href":"https:\/\/paracherkaoui.ma\/index.php\/wp-json\/wp\/v2\/product_brand?post=57438"},{"taxonomy":"product_cat","embeddable":true,"href":"https:\/\/paracherkaoui.ma\/index.php\/wp-json\/wp\/v2\/product_cat?post=57438"},{"taxonomy":"product_tag","embeddable":true,"href":"https:\/\/paracherkaoui.ma\/index.php\/wp-json\/wp\/v2\/product_tag?post=57438"}],"curies":[{"name":"wp","href":"https:\/\/api.w.org\/{rel}","templated":true}]}}