{"id":57437,"date":"2025-12-12T19:48:12","date_gmt":"2025-12-12T18:48:12","guid":{"rendered":"https:\/\/test.ecbeaute.com\/?post_type=product&#038;p=57437"},"modified":"2025-12-12T19:48:16","modified_gmt":"2025-12-12T18:48:16","slug":"crest-3d-whitestrips-classic-vivid-niveau-6-blanchissant-10-traitements","status":"publish","type":"product","link":"https:\/\/paracherkaoui.ma\/index.php\/produit\/crest-3d-whitestrips-classic-vivid-niveau-6-blanchissant-10-traitements\/","title":{"rendered":"CREST 3D WHITESTRIPS CLASSIC VIVID NIVEAU 6 BLANCHISSANT 10 TRAITEMENTS"},"content":{"rendered":"<p>Crest 3D White Whitestrips Classic Vivid est le moyen de blanchir. Obtenez des dents visiblement plus blanches en seulement 30 minutes par jour ! Crest 3D White Whitestrips Classic Vivid est cliniquement prouv\u00e9 pour blanchir les dents et est parfait pour ceux qui d\u00e9couvrent le blanchiment des dents. Ces bandes de blanchiment sans danger pour l&rsquo;\u00e9mail vous donnent des dents visiblement plus blanches avec des r\u00e9sultats visibles en seulement 10 jours. Conseils d&rsquo;utilisation: Appliquer une fois par jour pendant 30 minutes. R\u00e9sultats complets en 10 jours.<\/p>\n","protected":false},"excerpt":{"rendered":"<p>Crest 3D White Whitestrips Classic Vivid est le moyen de blanchir. Obtenez des dents visiblement plus blanches en seulement 30<\/p>\n","protected":false},"featured_media":57472,"comment_status":"open","ping_status":"closed","template":"","meta":[],"product_brand":[819],"product_cat":[1100],"product_tag":[],"class_list":{"0":"post-57437","1":"product","2":"type-product","3":"status-publish","4":"has-post-thumbnail","6":"product_brand-crest","7":"product_cat-americains","9":"first","10":"instock","11":"shipping-taxable","12":"purchasable","13":"product-type-simple"},"yoast_head":"<!-- This site is optimized with the Yoast SEO plugin v26.6 - https:\/\/yoast.com\/wordpress\/plugins\/seo\/ -->\r\n<title>CREST 3D WHITESTRIPS CLASSIC VIVID NIVEAU 6 BLANCHISSANT 10 TRAITEMENTS - Paracherkaoui.ma<\/title>\r\n<meta name=\"robots\" content=\"index, follow, max-snippet:-1, max-image-preview:large, max-video-preview:-1\" \/>\r\n<link rel=\"canonical\" href=\"https:\/\/paracherkaoui.ma\/index.php\/produit\/crest-3d-whitestrips-classic-vivid-niveau-6-blanchissant-10-traitements\/\" \/>\r\n<meta property=\"og:locale\" content=\"fr_FR\" \/>\r\n<meta property=\"og:type\" content=\"article\" \/>\r\n<meta property=\"og:title\" content=\"CREST 3D WHITESTRIPS CLASSIC VIVID NIVEAU 6 BLANCHISSANT 10 TRAITEMENTS - Paracherkaoui.ma\" \/>\r\n<meta property=\"og:description\" content=\"Crest 3D White Whitestrips Classic Vivid est le moyen de blanchir. Obtenez des dents visiblement plus blanches en seulement 30\" \/>\r\n<meta property=\"og:url\" content=\"https:\/\/paracherkaoui.ma\/index.php\/produit\/crest-3d-whitestrips-classic-vivid-niveau-6-blanchissant-10-traitements\/\" \/>\r\n<meta property=\"og:site_name\" content=\"Paracherkaoui.ma\" \/>\r\n<meta property=\"article:modified_time\" content=\"2025-12-12T18:48:16+00:00\" \/>\r\n<meta property=\"og:image\" content=\"https:\/\/paracherkaoui.ma\/wp-content\/uploads\/2025\/12\/crest-crest-3d-whitestrips-classic-vivid-niveau-6-blanchissant-10-traitements-dentaire.jpg\" \/>\r\n\t<meta property=\"og:image:width\" content=\"700\" \/>\r\n\t<meta property=\"og:image:height\" content=\"700\" \/>\r\n\t<meta property=\"og:image:type\" content=\"image\/jpeg\" \/>\r\n<meta name=\"twitter:card\" content=\"summary_large_image\" \/>\r\n<script type=\"application\/ld+json\" class=\"yoast-schema-graph\">{\"@context\":\"https:\/\/schema.org\",\"@graph\":[{\"@type\":\"WebPage\",\"@id\":\"https:\/\/paracherkaoui.ma\/index.php\/produit\/crest-3d-whitestrips-classic-vivid-niveau-6-blanchissant-10-traitements\/\",\"url\":\"https:\/\/paracherkaoui.ma\/index.php\/produit\/crest-3d-whitestrips-classic-vivid-niveau-6-blanchissant-10-traitements\/\",\"name\":\"CREST 3D WHITESTRIPS CLASSIC VIVID NIVEAU 6 BLANCHISSANT 10 TRAITEMENTS - Paracherkaoui.ma\",\"isPartOf\":{\"@id\":\"https:\/\/paracherkaoui.ma\/#website\"},\"primaryImageOfPage\":{\"@id\":\"https:\/\/paracherkaoui.ma\/index.php\/produit\/crest-3d-whitestrips-classic-vivid-niveau-6-blanchissant-10-traitements\/#primaryimage\"},\"image\":{\"@id\":\"https:\/\/paracherkaoui.ma\/index.php\/produit\/crest-3d-whitestrips-classic-vivid-niveau-6-blanchissant-10-traitements\/#primaryimage\"},\"thumbnailUrl\":\"https:\/\/paracherkaoui.ma\/wp-content\/uploads\/2025\/12\/crest-crest-3d-whitestrips-classic-vivid-niveau-6-blanchissant-10-traitements-dentaire.jpg\",\"datePublished\":\"2025-12-12T18:48:12+00:00\",\"dateModified\":\"2025-12-12T18:48:16+00:00\",\"breadcrumb\":{\"@id\":\"https:\/\/paracherkaoui.ma\/index.php\/produit\/crest-3d-whitestrips-classic-vivid-niveau-6-blanchissant-10-traitements\/#breadcrumb\"},\"inLanguage\":\"fr-FR\",\"potentialAction\":[{\"@type\":\"ReadAction\",\"target\":[\"https:\/\/paracherkaoui.ma\/index.php\/produit\/crest-3d-whitestrips-classic-vivid-niveau-6-blanchissant-10-traitements\/\"]}]},{\"@type\":\"ImageObject\",\"inLanguage\":\"fr-FR\",\"@id\":\"https:\/\/paracherkaoui.ma\/index.php\/produit\/crest-3d-whitestrips-classic-vivid-niveau-6-blanchissant-10-traitements\/#primaryimage\",\"url\":\"https:\/\/paracherkaoui.ma\/wp-content\/uploads\/2025\/12\/crest-crest-3d-whitestrips-classic-vivid-niveau-6-blanchissant-10-traitements-dentaire.jpg\",\"contentUrl\":\"https:\/\/paracherkaoui.ma\/wp-content\/uploads\/2025\/12\/crest-crest-3d-whitestrips-classic-vivid-niveau-6-blanchissant-10-traitements-dentaire.jpg\",\"width\":700,\"height\":700},{\"@type\":\"BreadcrumbList\",\"@id\":\"https:\/\/paracherkaoui.ma\/index.php\/produit\/crest-3d-whitestrips-classic-vivid-niveau-6-blanchissant-10-traitements\/#breadcrumb\",\"itemListElement\":[{\"@type\":\"ListItem\",\"position\":1,\"name\":\"Accueil\",\"item\":\"https:\/\/paracherkaoui.ma\/\"},{\"@type\":\"ListItem\",\"position\":2,\"name\":\"Boutique\",\"item\":\"https:\/\/paracherkaoui.ma\/index.php\/boutique\/\"},{\"@type\":\"ListItem\",\"position\":3,\"name\":\"CREST 3D WHITESTRIPS CLASSIC VIVID NIVEAU 6 BLANCHISSANT 10 TRAITEMENTS\"}]},{\"@type\":\"WebSite\",\"@id\":\"https:\/\/paracherkaoui.ma\/#website\",\"url\":\"https:\/\/paracherkaoui.ma\/\",\"name\":\"Paracherkaoui.ma\",\"description\":\"Achetez en ligne sur Paracherkaoui.ma\",\"potentialAction\":[{\"@type\":\"SearchAction\",\"target\":{\"@type\":\"EntryPoint\",\"urlTemplate\":\"https:\/\/paracherkaoui.ma\/?s={search_term_string}\"},\"query-input\":{\"@type\":\"PropertyValueSpecification\",\"valueRequired\":true,\"valueName\":\"search_term_string\"}}],\"inLanguage\":\"fr-FR\"}]}<\/script>\r\n<!-- \/ Yoast SEO plugin. -->","yoast_head_json":{"title":"CREST 3D WHITESTRIPS CLASSIC VIVID NIVEAU 6 BLANCHISSANT 10 TRAITEMENTS - Paracherkaoui.ma","robots":{"index":"index","follow":"follow","max-snippet":"max-snippet:-1","max-image-preview":"max-image-preview:large","max-video-preview":"max-video-preview:-1"},"canonical":"https:\/\/paracherkaoui.ma\/index.php\/produit\/crest-3d-whitestrips-classic-vivid-niveau-6-blanchissant-10-traitements\/","og_locale":"fr_FR","og_type":"article","og_title":"CREST 3D WHITESTRIPS CLASSIC VIVID NIVEAU 6 BLANCHISSANT 10 TRAITEMENTS - Paracherkaoui.ma","og_description":"Crest 3D White Whitestrips Classic Vivid est le moyen de blanchir. Obtenez des dents visiblement plus blanches en seulement 30","og_url":"https:\/\/paracherkaoui.ma\/index.php\/produit\/crest-3d-whitestrips-classic-vivid-niveau-6-blanchissant-10-traitements\/","og_site_name":"Paracherkaoui.ma","article_modified_time":"2025-12-12T18:48:16+00:00","og_image":[{"width":700,"height":700,"url":"https:\/\/paracherkaoui.ma\/wp-content\/uploads\/2025\/12\/crest-crest-3d-whitestrips-classic-vivid-niveau-6-blanchissant-10-traitements-dentaire.jpg","type":"image\/jpeg"}],"twitter_card":"summary_large_image","schema":{"@context":"https:\/\/schema.org","@graph":[{"@type":"WebPage","@id":"https:\/\/paracherkaoui.ma\/index.php\/produit\/crest-3d-whitestrips-classic-vivid-niveau-6-blanchissant-10-traitements\/","url":"https:\/\/paracherkaoui.ma\/index.php\/produit\/crest-3d-whitestrips-classic-vivid-niveau-6-blanchissant-10-traitements\/","name":"CREST 3D WHITESTRIPS CLASSIC VIVID NIVEAU 6 BLANCHISSANT 10 TRAITEMENTS - Paracherkaoui.ma","isPartOf":{"@id":"https:\/\/paracherkaoui.ma\/#website"},"primaryImageOfPage":{"@id":"https:\/\/paracherkaoui.ma\/index.php\/produit\/crest-3d-whitestrips-classic-vivid-niveau-6-blanchissant-10-traitements\/#primaryimage"},"image":{"@id":"https:\/\/paracherkaoui.ma\/index.php\/produit\/crest-3d-whitestrips-classic-vivid-niveau-6-blanchissant-10-traitements\/#primaryimage"},"thumbnailUrl":"https:\/\/paracherkaoui.ma\/wp-content\/uploads\/2025\/12\/crest-crest-3d-whitestrips-classic-vivid-niveau-6-blanchissant-10-traitements-dentaire.jpg","datePublished":"2025-12-12T18:48:12+00:00","dateModified":"2025-12-12T18:48:16+00:00","breadcrumb":{"@id":"https:\/\/paracherkaoui.ma\/index.php\/produit\/crest-3d-whitestrips-classic-vivid-niveau-6-blanchissant-10-traitements\/#breadcrumb"},"inLanguage":"fr-FR","potentialAction":[{"@type":"ReadAction","target":["https:\/\/paracherkaoui.ma\/index.php\/produit\/crest-3d-whitestrips-classic-vivid-niveau-6-blanchissant-10-traitements\/"]}]},{"@type":"ImageObject","inLanguage":"fr-FR","@id":"https:\/\/paracherkaoui.ma\/index.php\/produit\/crest-3d-whitestrips-classic-vivid-niveau-6-blanchissant-10-traitements\/#primaryimage","url":"https:\/\/paracherkaoui.ma\/wp-content\/uploads\/2025\/12\/crest-crest-3d-whitestrips-classic-vivid-niveau-6-blanchissant-10-traitements-dentaire.jpg","contentUrl":"https:\/\/paracherkaoui.ma\/wp-content\/uploads\/2025\/12\/crest-crest-3d-whitestrips-classic-vivid-niveau-6-blanchissant-10-traitements-dentaire.jpg","width":700,"height":700},{"@type":"BreadcrumbList","@id":"https:\/\/paracherkaoui.ma\/index.php\/produit\/crest-3d-whitestrips-classic-vivid-niveau-6-blanchissant-10-traitements\/#breadcrumb","itemListElement":[{"@type":"ListItem","position":1,"name":"Accueil","item":"https:\/\/paracherkaoui.ma\/"},{"@type":"ListItem","position":2,"name":"Boutique","item":"https:\/\/paracherkaoui.ma\/index.php\/boutique\/"},{"@type":"ListItem","position":3,"name":"CREST 3D WHITESTRIPS CLASSIC VIVID NIVEAU 6 BLANCHISSANT 10 TRAITEMENTS"}]},{"@type":"WebSite","@id":"https:\/\/paracherkaoui.ma\/#website","url":"https:\/\/paracherkaoui.ma\/","name":"Paracherkaoui.ma","description":"Achetez en ligne sur Paracherkaoui.ma","potentialAction":[{"@type":"SearchAction","target":{"@type":"EntryPoint","urlTemplate":"https:\/\/paracherkaoui.ma\/?s={search_term_string}"},"query-input":{"@type":"PropertyValueSpecification","valueRequired":true,"valueName":"search_term_string"}}],"inLanguage":"fr-FR"}]}},"_links":{"self":[{"href":"https:\/\/paracherkaoui.ma\/index.php\/wp-json\/wp\/v2\/product\/57437","targetHints":{"allow":["GET"]}}],"collection":[{"href":"https:\/\/paracherkaoui.ma\/index.php\/wp-json\/wp\/v2\/product"}],"about":[{"href":"https:\/\/paracherkaoui.ma\/index.php\/wp-json\/wp\/v2\/types\/product"}],"replies":[{"embeddable":true,"href":"https:\/\/paracherkaoui.ma\/index.php\/wp-json\/wp\/v2\/comments?post=57437"}],"version-history":[{"count":1,"href":"https:\/\/paracherkaoui.ma\/index.php\/wp-json\/wp\/v2\/product\/57437\/revisions"}],"predecessor-version":[{"id":57473,"href":"https:\/\/paracherkaoui.ma\/index.php\/wp-json\/wp\/v2\/product\/57437\/revisions\/57473"}],"wp:featuredmedia":[{"embeddable":true,"href":"https:\/\/paracherkaoui.ma\/index.php\/wp-json\/wp\/v2\/media\/57472"}],"wp:attachment":[{"href":"https:\/\/paracherkaoui.ma\/index.php\/wp-json\/wp\/v2\/media?parent=57437"}],"wp:term":[{"taxonomy":"product_brand","embeddable":true,"href":"https:\/\/paracherkaoui.ma\/index.php\/wp-json\/wp\/v2\/product_brand?post=57437"},{"taxonomy":"product_cat","embeddable":true,"href":"https:\/\/paracherkaoui.ma\/index.php\/wp-json\/wp\/v2\/product_cat?post=57437"},{"taxonomy":"product_tag","embeddable":true,"href":"https:\/\/paracherkaoui.ma\/index.php\/wp-json\/wp\/v2\/product_tag?post=57437"}],"curies":[{"name":"wp","href":"https:\/\/api.w.org\/{rel}","templated":true}]}}