{"id":57436,"date":"2025-12-12T19:48:12","date_gmt":"2025-12-12T18:48:12","guid":{"rendered":"https:\/\/test.ecbeaute.com\/?post_type=product&#038;p=57436"},"modified":"2025-12-12T19:48:16","modified_gmt":"2025-12-12T18:48:16","slug":"crest-3d-whitestrips-levels-18-professional-effects-40-strips","status":"publish","type":"product","link":"https:\/\/paracherkaoui.ma\/index.php\/produit\/crest-3d-whitestrips-levels-18-professional-effects-40-strips\/","title":{"rendered":"CREST 3D WHITESTRIPS LEVELS 18 PROFESSIONAL EFFECTS 40 STRIPS"},"content":{"rendered":"<p>Ce traitement de blanchiment des dents offre un blanchiment de niveau professionnel qui \u00e9limine plus de 25 ans de taches, avec une exp\u00e9rience de blanchiment confortable et antid\u00e9rapante. La prise antid\u00e9rapante de la technologie Advanced Seal signifie que les bandes restent en place jusqu&rsquo;\u00e0 ce que vous les retiriez, vous permettant de parler et m\u00eame de boire de l&rsquo;eau tout en blanchissant vos dents. Choisissez les dents Crest 3DWhitestrips Supreme Bright de la marque de blanchiment des dents \u00e0 domicile recommand\u00e9e par les dentistes. Utilisant notre plus haut niveau d&rsquo;ingr\u00e9dient blanchissant au peroxyde d&rsquo;hydrog\u00e8ne, ce kit de blanchiment des dents \u00e0 domicile sans \u00e9mail rendra vos dents 18 niveaux plus blanches pour obtenir un sourire 100 % visiblement plus blanc, garanti. Conseils d&rsquo;utilisation: Appliquez simplement Crest 3DWhitestrips Supreme Bright White pendant 60 minutes par jour pendant 21 jours.<\/p>\n","protected":false},"excerpt":{"rendered":"<p>Ce traitement de blanchiment des dents offre un blanchiment de niveau professionnel qui \u00e9limine plus de 25 ans de taches,<\/p>\n","protected":false},"featured_media":57470,"comment_status":"open","ping_status":"closed","template":"","meta":[],"product_brand":[819],"product_cat":[1100],"product_tag":[],"class_list":{"0":"post-57436","1":"product","2":"type-product","3":"status-publish","4":"has-post-thumbnail","6":"product_brand-crest","7":"product_cat-americains","9":"first","10":"instock","11":"shipping-taxable","12":"purchasable","13":"product-type-simple"},"yoast_head":"<!-- This site is optimized with the Yoast SEO plugin v26.6 - https:\/\/yoast.com\/wordpress\/plugins\/seo\/ -->\r\n<title>CREST 3D WHITESTRIPS LEVELS 18 PROFESSIONAL EFFECTS 40 STRIPS - Paracherkaoui.ma<\/title>\r\n<meta name=\"robots\" content=\"index, follow, max-snippet:-1, max-image-preview:large, max-video-preview:-1\" \/>\r\n<link rel=\"canonical\" href=\"https:\/\/paracherkaoui.ma\/index.php\/produit\/crest-3d-whitestrips-levels-18-professional-effects-40-strips\/\" \/>\r\n<meta property=\"og:locale\" content=\"fr_FR\" \/>\r\n<meta property=\"og:type\" content=\"article\" \/>\r\n<meta property=\"og:title\" content=\"CREST 3D WHITESTRIPS LEVELS 18 PROFESSIONAL EFFECTS 40 STRIPS - Paracherkaoui.ma\" \/>\r\n<meta property=\"og:description\" content=\"Ce traitement de blanchiment des dents offre un blanchiment de niveau professionnel qui \u00e9limine plus de 25 ans de taches,\" \/>\r\n<meta property=\"og:url\" content=\"https:\/\/paracherkaoui.ma\/index.php\/produit\/crest-3d-whitestrips-levels-18-professional-effects-40-strips\/\" \/>\r\n<meta property=\"og:site_name\" content=\"Paracherkaoui.ma\" \/>\r\n<meta property=\"article:modified_time\" content=\"2025-12-12T18:48:16+00:00\" \/>\r\n<meta property=\"og:image\" content=\"https:\/\/paracherkaoui.ma\/wp-content\/uploads\/2025\/12\/crest-crest-3d-whitestrips-levels-18-professional-effects-40-strips-dentaire.jpg\" \/>\r\n\t<meta property=\"og:image:width\" content=\"700\" \/>\r\n\t<meta property=\"og:image:height\" content=\"700\" \/>\r\n\t<meta property=\"og:image:type\" content=\"image\/jpeg\" \/>\r\n<meta name=\"twitter:card\" content=\"summary_large_image\" \/>\r\n<meta name=\"twitter:label1\" content=\"Dur\u00e9e de lecture estim\u00e9e\" \/>\n\t<meta name=\"twitter:data1\" content=\"1 minute\" \/>\r\n<script type=\"application\/ld+json\" class=\"yoast-schema-graph\">{\"@context\":\"https:\/\/schema.org\",\"@graph\":[{\"@type\":\"WebPage\",\"@id\":\"https:\/\/paracherkaoui.ma\/index.php\/produit\/crest-3d-whitestrips-levels-18-professional-effects-40-strips\/\",\"url\":\"https:\/\/paracherkaoui.ma\/index.php\/produit\/crest-3d-whitestrips-levels-18-professional-effects-40-strips\/\",\"name\":\"CREST 3D WHITESTRIPS LEVELS 18 PROFESSIONAL EFFECTS 40 STRIPS - Paracherkaoui.ma\",\"isPartOf\":{\"@id\":\"https:\/\/paracherkaoui.ma\/#website\"},\"primaryImageOfPage\":{\"@id\":\"https:\/\/paracherkaoui.ma\/index.php\/produit\/crest-3d-whitestrips-levels-18-professional-effects-40-strips\/#primaryimage\"},\"image\":{\"@id\":\"https:\/\/paracherkaoui.ma\/index.php\/produit\/crest-3d-whitestrips-levels-18-professional-effects-40-strips\/#primaryimage\"},\"thumbnailUrl\":\"https:\/\/paracherkaoui.ma\/wp-content\/uploads\/2025\/12\/crest-crest-3d-whitestrips-levels-18-professional-effects-40-strips-dentaire.jpg\",\"datePublished\":\"2025-12-12T18:48:12+00:00\",\"dateModified\":\"2025-12-12T18:48:16+00:00\",\"breadcrumb\":{\"@id\":\"https:\/\/paracherkaoui.ma\/index.php\/produit\/crest-3d-whitestrips-levels-18-professional-effects-40-strips\/#breadcrumb\"},\"inLanguage\":\"fr-FR\",\"potentialAction\":[{\"@type\":\"ReadAction\",\"target\":[\"https:\/\/paracherkaoui.ma\/index.php\/produit\/crest-3d-whitestrips-levels-18-professional-effects-40-strips\/\"]}]},{\"@type\":\"ImageObject\",\"inLanguage\":\"fr-FR\",\"@id\":\"https:\/\/paracherkaoui.ma\/index.php\/produit\/crest-3d-whitestrips-levels-18-professional-effects-40-strips\/#primaryimage\",\"url\":\"https:\/\/paracherkaoui.ma\/wp-content\/uploads\/2025\/12\/crest-crest-3d-whitestrips-levels-18-professional-effects-40-strips-dentaire.jpg\",\"contentUrl\":\"https:\/\/paracherkaoui.ma\/wp-content\/uploads\/2025\/12\/crest-crest-3d-whitestrips-levels-18-professional-effects-40-strips-dentaire.jpg\",\"width\":700,\"height\":700},{\"@type\":\"BreadcrumbList\",\"@id\":\"https:\/\/paracherkaoui.ma\/index.php\/produit\/crest-3d-whitestrips-levels-18-professional-effects-40-strips\/#breadcrumb\",\"itemListElement\":[{\"@type\":\"ListItem\",\"position\":1,\"name\":\"Accueil\",\"item\":\"https:\/\/paracherkaoui.ma\/\"},{\"@type\":\"ListItem\",\"position\":2,\"name\":\"Boutique\",\"item\":\"https:\/\/paracherkaoui.ma\/index.php\/boutique\/\"},{\"@type\":\"ListItem\",\"position\":3,\"name\":\"CREST 3D WHITESTRIPS LEVELS 18 PROFESSIONAL EFFECTS 40 STRIPS\"}]},{\"@type\":\"WebSite\",\"@id\":\"https:\/\/paracherkaoui.ma\/#website\",\"url\":\"https:\/\/paracherkaoui.ma\/\",\"name\":\"Paracherkaoui.ma\",\"description\":\"Achetez en ligne sur Paracherkaoui.ma\",\"potentialAction\":[{\"@type\":\"SearchAction\",\"target\":{\"@type\":\"EntryPoint\",\"urlTemplate\":\"https:\/\/paracherkaoui.ma\/?s={search_term_string}\"},\"query-input\":{\"@type\":\"PropertyValueSpecification\",\"valueRequired\":true,\"valueName\":\"search_term_string\"}}],\"inLanguage\":\"fr-FR\"}]}<\/script>\r\n<!-- \/ Yoast SEO plugin. -->","yoast_head_json":{"title":"CREST 3D WHITESTRIPS LEVELS 18 PROFESSIONAL EFFECTS 40 STRIPS - Paracherkaoui.ma","robots":{"index":"index","follow":"follow","max-snippet":"max-snippet:-1","max-image-preview":"max-image-preview:large","max-video-preview":"max-video-preview:-1"},"canonical":"https:\/\/paracherkaoui.ma\/index.php\/produit\/crest-3d-whitestrips-levels-18-professional-effects-40-strips\/","og_locale":"fr_FR","og_type":"article","og_title":"CREST 3D WHITESTRIPS LEVELS 18 PROFESSIONAL EFFECTS 40 STRIPS - Paracherkaoui.ma","og_description":"Ce traitement de blanchiment des dents offre un blanchiment de niveau professionnel qui \u00e9limine plus de 25 ans de taches,","og_url":"https:\/\/paracherkaoui.ma\/index.php\/produit\/crest-3d-whitestrips-levels-18-professional-effects-40-strips\/","og_site_name":"Paracherkaoui.ma","article_modified_time":"2025-12-12T18:48:16+00:00","og_image":[{"width":700,"height":700,"url":"https:\/\/paracherkaoui.ma\/wp-content\/uploads\/2025\/12\/crest-crest-3d-whitestrips-levels-18-professional-effects-40-strips-dentaire.jpg","type":"image\/jpeg"}],"twitter_card":"summary_large_image","twitter_misc":{"Dur\u00e9e de lecture estim\u00e9e":"1 minute"},"schema":{"@context":"https:\/\/schema.org","@graph":[{"@type":"WebPage","@id":"https:\/\/paracherkaoui.ma\/index.php\/produit\/crest-3d-whitestrips-levels-18-professional-effects-40-strips\/","url":"https:\/\/paracherkaoui.ma\/index.php\/produit\/crest-3d-whitestrips-levels-18-professional-effects-40-strips\/","name":"CREST 3D WHITESTRIPS LEVELS 18 PROFESSIONAL EFFECTS 40 STRIPS - Paracherkaoui.ma","isPartOf":{"@id":"https:\/\/paracherkaoui.ma\/#website"},"primaryImageOfPage":{"@id":"https:\/\/paracherkaoui.ma\/index.php\/produit\/crest-3d-whitestrips-levels-18-professional-effects-40-strips\/#primaryimage"},"image":{"@id":"https:\/\/paracherkaoui.ma\/index.php\/produit\/crest-3d-whitestrips-levels-18-professional-effects-40-strips\/#primaryimage"},"thumbnailUrl":"https:\/\/paracherkaoui.ma\/wp-content\/uploads\/2025\/12\/crest-crest-3d-whitestrips-levels-18-professional-effects-40-strips-dentaire.jpg","datePublished":"2025-12-12T18:48:12+00:00","dateModified":"2025-12-12T18:48:16+00:00","breadcrumb":{"@id":"https:\/\/paracherkaoui.ma\/index.php\/produit\/crest-3d-whitestrips-levels-18-professional-effects-40-strips\/#breadcrumb"},"inLanguage":"fr-FR","potentialAction":[{"@type":"ReadAction","target":["https:\/\/paracherkaoui.ma\/index.php\/produit\/crest-3d-whitestrips-levels-18-professional-effects-40-strips\/"]}]},{"@type":"ImageObject","inLanguage":"fr-FR","@id":"https:\/\/paracherkaoui.ma\/index.php\/produit\/crest-3d-whitestrips-levels-18-professional-effects-40-strips\/#primaryimage","url":"https:\/\/paracherkaoui.ma\/wp-content\/uploads\/2025\/12\/crest-crest-3d-whitestrips-levels-18-professional-effects-40-strips-dentaire.jpg","contentUrl":"https:\/\/paracherkaoui.ma\/wp-content\/uploads\/2025\/12\/crest-crest-3d-whitestrips-levels-18-professional-effects-40-strips-dentaire.jpg","width":700,"height":700},{"@type":"BreadcrumbList","@id":"https:\/\/paracherkaoui.ma\/index.php\/produit\/crest-3d-whitestrips-levels-18-professional-effects-40-strips\/#breadcrumb","itemListElement":[{"@type":"ListItem","position":1,"name":"Accueil","item":"https:\/\/paracherkaoui.ma\/"},{"@type":"ListItem","position":2,"name":"Boutique","item":"https:\/\/paracherkaoui.ma\/index.php\/boutique\/"},{"@type":"ListItem","position":3,"name":"CREST 3D WHITESTRIPS LEVELS 18 PROFESSIONAL EFFECTS 40 STRIPS"}]},{"@type":"WebSite","@id":"https:\/\/paracherkaoui.ma\/#website","url":"https:\/\/paracherkaoui.ma\/","name":"Paracherkaoui.ma","description":"Achetez en ligne sur Paracherkaoui.ma","potentialAction":[{"@type":"SearchAction","target":{"@type":"EntryPoint","urlTemplate":"https:\/\/paracherkaoui.ma\/?s={search_term_string}"},"query-input":{"@type":"PropertyValueSpecification","valueRequired":true,"valueName":"search_term_string"}}],"inLanguage":"fr-FR"}]}},"_links":{"self":[{"href":"https:\/\/paracherkaoui.ma\/index.php\/wp-json\/wp\/v2\/product\/57436","targetHints":{"allow":["GET"]}}],"collection":[{"href":"https:\/\/paracherkaoui.ma\/index.php\/wp-json\/wp\/v2\/product"}],"about":[{"href":"https:\/\/paracherkaoui.ma\/index.php\/wp-json\/wp\/v2\/types\/product"}],"replies":[{"embeddable":true,"href":"https:\/\/paracherkaoui.ma\/index.php\/wp-json\/wp\/v2\/comments?post=57436"}],"version-history":[{"count":1,"href":"https:\/\/paracherkaoui.ma\/index.php\/wp-json\/wp\/v2\/product\/57436\/revisions"}],"predecessor-version":[{"id":57471,"href":"https:\/\/paracherkaoui.ma\/index.php\/wp-json\/wp\/v2\/product\/57436\/revisions\/57471"}],"wp:featuredmedia":[{"embeddable":true,"href":"https:\/\/paracherkaoui.ma\/index.php\/wp-json\/wp\/v2\/media\/57470"}],"wp:attachment":[{"href":"https:\/\/paracherkaoui.ma\/index.php\/wp-json\/wp\/v2\/media?parent=57436"}],"wp:term":[{"taxonomy":"product_brand","embeddable":true,"href":"https:\/\/paracherkaoui.ma\/index.php\/wp-json\/wp\/v2\/product_brand?post=57436"},{"taxonomy":"product_cat","embeddable":true,"href":"https:\/\/paracherkaoui.ma\/index.php\/wp-json\/wp\/v2\/product_cat?post=57436"},{"taxonomy":"product_tag","embeddable":true,"href":"https:\/\/paracherkaoui.ma\/index.php\/wp-json\/wp\/v2\/product_tag?post=57436"}],"curies":[{"name":"wp","href":"https:\/\/api.w.org\/{rel}","templated":true}]}}