{"id":57431,"date":"2025-12-12T19:48:12","date_gmt":"2025-12-12T18:48:12","guid":{"rendered":"https:\/\/test.ecbeaute.com\/?post_type=product&#038;p=57431"},"modified":"2025-12-12T19:48:15","modified_gmt":"2025-12-12T18:48:15","slug":"crest-3d-levels-30-whiter-38-strips-professional-white-led-light-2","status":"publish","type":"product","link":"https:\/\/paracherkaoui.ma\/index.php\/produit\/crest-3d-levels-30-whiter-38-strips-professional-white-led-light-2\/","title":{"rendered":"CREST 3D LEVELS 30 WHITER 38 STRIPS PROFESSIONAL WHITE + LED LIGHT"},"content":{"rendered":"<p>Crest 3D Whitestrips Professional White + LED Accelerator Light est con\u00e7u pour blanchir comme un traitement de blanchiment des dents de niveau professionnel \u00e0 la maison. La lumi\u00e8re acc\u00e9l\u00e9ratrice LED affaiblit les taches afin que les ingr\u00e9dients blanchissants contenus dans les bandes blanches Crest 3D puissent agir plus efficacement pour \u00e9liminer les taches. En fait, cette technologie fonctionne exactement comme la technologie de blanchiment des dents LED utilis\u00e9e par les dentistes. De plus, la poign\u00e9e confortable et antid\u00e9rapante de la technologie Advanced Seal signifie que les bandes restent en place jusqu&rsquo;\u00e0 ce que vous les enleviez, vous permettant de parler et m\u00eame de boire de l&rsquo;eau tout en blanchissant vos dents. 30 niveaux plus blancs en seulement 19 jours Blanchit 50 % mieux que les 3DWhitestrips seuls en seulement 3 jours Utilise le m\u00eame ingr\u00e9dient blanchissant que les dentistes Dot\u00e9 de notre technologie Advanced Seal Technology antid\u00e9rapante pour que les bandes restent en place pendant toute la dur\u00e9e de l&rsquo;application. CONSEILS D&rsquo;utilisation: 1) D\u00e9collez les bandes de blanchiment de la doublure de support. 2) \u00c9tirez puis appliquez les bandes pendant 60 minutes sur les dents sup\u00e9rieures et inf\u00e9rieures, puis retirez-les d\u00e9licatement. 3) \u00c9blouissez le monde avec votre sourire incroyablement plus blanc ! Ingr\u00e9dients : PVP, PEG-8, eau, peroxyde d&rsquo;hydrog\u00e8ne, copolym\u00e8re d&rsquo;acrylates, hydroxyde de sodium, saccharose sodique<\/p>\n","protected":false},"excerpt":{"rendered":"<p>Crest 3D Whitestrips Professional White + LED Accelerator Light est con\u00e7u pour blanchir comme un traitement de blanchiment des dents<\/p>\n","protected":false},"featured_media":47418,"comment_status":"open","ping_status":"closed","template":"","meta":[],"product_brand":[819],"product_cat":[1100],"product_tag":[],"class_list":{"0":"post-57431","1":"product","2":"type-product","3":"status-publish","4":"has-post-thumbnail","6":"product_brand-crest","7":"product_cat-americains","9":"first","10":"instock","11":"shipping-taxable","12":"purchasable","13":"product-type-simple"},"yoast_head":"<!-- This site is optimized with the Yoast SEO plugin v26.6 - https:\/\/yoast.com\/wordpress\/plugins\/seo\/ -->\r\n<title>CREST 3D LEVELS 30 WHITER 38 STRIPS PROFESSIONAL WHITE + LED LIGHT - Paracherkaoui.ma<\/title>\r\n<meta name=\"robots\" content=\"index, follow, max-snippet:-1, max-image-preview:large, max-video-preview:-1\" \/>\r\n<link rel=\"canonical\" href=\"https:\/\/paracherkaoui.ma\/index.php\/produit\/crest-3d-levels-30-whiter-38-strips-professional-white-led-light-2\/\" \/>\r\n<meta property=\"og:locale\" content=\"fr_FR\" \/>\r\n<meta property=\"og:type\" content=\"article\" \/>\r\n<meta property=\"og:title\" content=\"CREST 3D LEVELS 30 WHITER 38 STRIPS PROFESSIONAL WHITE + LED LIGHT - Paracherkaoui.ma\" \/>\r\n<meta property=\"og:description\" content=\"Crest 3D Whitestrips Professional White + LED Accelerator Light est con\u00e7u pour blanchir comme un traitement de blanchiment des dents\" \/>\r\n<meta property=\"og:url\" content=\"https:\/\/paracherkaoui.ma\/index.php\/produit\/crest-3d-levels-30-whiter-38-strips-professional-white-led-light-2\/\" \/>\r\n<meta property=\"og:site_name\" content=\"Paracherkaoui.ma\" \/>\r\n<meta property=\"article:modified_time\" content=\"2025-12-12T18:48:15+00:00\" \/>\r\n<meta property=\"og:image\" content=\"https:\/\/paracherkaoui.ma\/wp-content\/uploads\/2025\/12\/crest-3d-levels-30-whiter-38-strips-professional-white-led-light.jpg\" \/>\r\n\t<meta property=\"og:image:width\" content=\"700\" \/>\r\n\t<meta property=\"og:image:height\" content=\"700\" \/>\r\n\t<meta property=\"og:image:type\" content=\"image\/jpeg\" \/>\r\n<meta name=\"twitter:card\" content=\"summary_large_image\" \/>\r\n<meta name=\"twitter:label1\" content=\"Dur\u00e9e de lecture estim\u00e9e\" \/>\n\t<meta name=\"twitter:data1\" content=\"1 minute\" \/>\r\n<script type=\"application\/ld+json\" class=\"yoast-schema-graph\">{\"@context\":\"https:\/\/schema.org\",\"@graph\":[{\"@type\":\"WebPage\",\"@id\":\"https:\/\/paracherkaoui.ma\/index.php\/produit\/crest-3d-levels-30-whiter-38-strips-professional-white-led-light-2\/\",\"url\":\"https:\/\/paracherkaoui.ma\/index.php\/produit\/crest-3d-levels-30-whiter-38-strips-professional-white-led-light-2\/\",\"name\":\"CREST 3D LEVELS 30 WHITER 38 STRIPS PROFESSIONAL WHITE + LED LIGHT - Paracherkaoui.ma\",\"isPartOf\":{\"@id\":\"https:\/\/paracherkaoui.ma\/#website\"},\"primaryImageOfPage\":{\"@id\":\"https:\/\/paracherkaoui.ma\/index.php\/produit\/crest-3d-levels-30-whiter-38-strips-professional-white-led-light-2\/#primaryimage\"},\"image\":{\"@id\":\"https:\/\/paracherkaoui.ma\/index.php\/produit\/crest-3d-levels-30-whiter-38-strips-professional-white-led-light-2\/#primaryimage\"},\"thumbnailUrl\":\"https:\/\/paracherkaoui.ma\/wp-content\/uploads\/2025\/12\/crest-3d-levels-30-whiter-38-strips-professional-white-led-light.jpg\",\"datePublished\":\"2025-12-12T18:48:12+00:00\",\"dateModified\":\"2025-12-12T18:48:15+00:00\",\"breadcrumb\":{\"@id\":\"https:\/\/paracherkaoui.ma\/index.php\/produit\/crest-3d-levels-30-whiter-38-strips-professional-white-led-light-2\/#breadcrumb\"},\"inLanguage\":\"fr-FR\",\"potentialAction\":[{\"@type\":\"ReadAction\",\"target\":[\"https:\/\/paracherkaoui.ma\/index.php\/produit\/crest-3d-levels-30-whiter-38-strips-professional-white-led-light-2\/\"]}]},{\"@type\":\"ImageObject\",\"inLanguage\":\"fr-FR\",\"@id\":\"https:\/\/paracherkaoui.ma\/index.php\/produit\/crest-3d-levels-30-whiter-38-strips-professional-white-led-light-2\/#primaryimage\",\"url\":\"https:\/\/paracherkaoui.ma\/wp-content\/uploads\/2025\/12\/crest-3d-levels-30-whiter-38-strips-professional-white-led-light.jpg\",\"contentUrl\":\"https:\/\/paracherkaoui.ma\/wp-content\/uploads\/2025\/12\/crest-3d-levels-30-whiter-38-strips-professional-white-led-light.jpg\",\"width\":700,\"height\":700},{\"@type\":\"BreadcrumbList\",\"@id\":\"https:\/\/paracherkaoui.ma\/index.php\/produit\/crest-3d-levels-30-whiter-38-strips-professional-white-led-light-2\/#breadcrumb\",\"itemListElement\":[{\"@type\":\"ListItem\",\"position\":1,\"name\":\"Accueil\",\"item\":\"https:\/\/paracherkaoui.ma\/\"},{\"@type\":\"ListItem\",\"position\":2,\"name\":\"Boutique\",\"item\":\"https:\/\/paracherkaoui.ma\/index.php\/boutique\/\"},{\"@type\":\"ListItem\",\"position\":3,\"name\":\"CREST 3D LEVELS 30 WHITER 38 STRIPS PROFESSIONAL WHITE + LED LIGHT\"}]},{\"@type\":\"WebSite\",\"@id\":\"https:\/\/paracherkaoui.ma\/#website\",\"url\":\"https:\/\/paracherkaoui.ma\/\",\"name\":\"Paracherkaoui.ma\",\"description\":\"Achetez en ligne sur Paracherkaoui.ma\",\"potentialAction\":[{\"@type\":\"SearchAction\",\"target\":{\"@type\":\"EntryPoint\",\"urlTemplate\":\"https:\/\/paracherkaoui.ma\/?s={search_term_string}\"},\"query-input\":{\"@type\":\"PropertyValueSpecification\",\"valueRequired\":true,\"valueName\":\"search_term_string\"}}],\"inLanguage\":\"fr-FR\"}]}<\/script>\r\n<!-- \/ Yoast SEO plugin. -->","yoast_head_json":{"title":"CREST 3D LEVELS 30 WHITER 38 STRIPS PROFESSIONAL WHITE + LED LIGHT - Paracherkaoui.ma","robots":{"index":"index","follow":"follow","max-snippet":"max-snippet:-1","max-image-preview":"max-image-preview:large","max-video-preview":"max-video-preview:-1"},"canonical":"https:\/\/paracherkaoui.ma\/index.php\/produit\/crest-3d-levels-30-whiter-38-strips-professional-white-led-light-2\/","og_locale":"fr_FR","og_type":"article","og_title":"CREST 3D LEVELS 30 WHITER 38 STRIPS PROFESSIONAL WHITE + LED LIGHT - Paracherkaoui.ma","og_description":"Crest 3D Whitestrips Professional White + LED Accelerator Light est con\u00e7u pour blanchir comme un traitement de blanchiment des dents","og_url":"https:\/\/paracherkaoui.ma\/index.php\/produit\/crest-3d-levels-30-whiter-38-strips-professional-white-led-light-2\/","og_site_name":"Paracherkaoui.ma","article_modified_time":"2025-12-12T18:48:15+00:00","og_image":[{"width":700,"height":700,"url":"https:\/\/paracherkaoui.ma\/wp-content\/uploads\/2025\/12\/crest-3d-levels-30-whiter-38-strips-professional-white-led-light.jpg","type":"image\/jpeg"}],"twitter_card":"summary_large_image","twitter_misc":{"Dur\u00e9e de lecture estim\u00e9e":"1 minute"},"schema":{"@context":"https:\/\/schema.org","@graph":[{"@type":"WebPage","@id":"https:\/\/paracherkaoui.ma\/index.php\/produit\/crest-3d-levels-30-whiter-38-strips-professional-white-led-light-2\/","url":"https:\/\/paracherkaoui.ma\/index.php\/produit\/crest-3d-levels-30-whiter-38-strips-professional-white-led-light-2\/","name":"CREST 3D LEVELS 30 WHITER 38 STRIPS PROFESSIONAL WHITE + LED LIGHT - Paracherkaoui.ma","isPartOf":{"@id":"https:\/\/paracherkaoui.ma\/#website"},"primaryImageOfPage":{"@id":"https:\/\/paracherkaoui.ma\/index.php\/produit\/crest-3d-levels-30-whiter-38-strips-professional-white-led-light-2\/#primaryimage"},"image":{"@id":"https:\/\/paracherkaoui.ma\/index.php\/produit\/crest-3d-levels-30-whiter-38-strips-professional-white-led-light-2\/#primaryimage"},"thumbnailUrl":"https:\/\/paracherkaoui.ma\/wp-content\/uploads\/2025\/12\/crest-3d-levels-30-whiter-38-strips-professional-white-led-light.jpg","datePublished":"2025-12-12T18:48:12+00:00","dateModified":"2025-12-12T18:48:15+00:00","breadcrumb":{"@id":"https:\/\/paracherkaoui.ma\/index.php\/produit\/crest-3d-levels-30-whiter-38-strips-professional-white-led-light-2\/#breadcrumb"},"inLanguage":"fr-FR","potentialAction":[{"@type":"ReadAction","target":["https:\/\/paracherkaoui.ma\/index.php\/produit\/crest-3d-levels-30-whiter-38-strips-professional-white-led-light-2\/"]}]},{"@type":"ImageObject","inLanguage":"fr-FR","@id":"https:\/\/paracherkaoui.ma\/index.php\/produit\/crest-3d-levels-30-whiter-38-strips-professional-white-led-light-2\/#primaryimage","url":"https:\/\/paracherkaoui.ma\/wp-content\/uploads\/2025\/12\/crest-3d-levels-30-whiter-38-strips-professional-white-led-light.jpg","contentUrl":"https:\/\/paracherkaoui.ma\/wp-content\/uploads\/2025\/12\/crest-3d-levels-30-whiter-38-strips-professional-white-led-light.jpg","width":700,"height":700},{"@type":"BreadcrumbList","@id":"https:\/\/paracherkaoui.ma\/index.php\/produit\/crest-3d-levels-30-whiter-38-strips-professional-white-led-light-2\/#breadcrumb","itemListElement":[{"@type":"ListItem","position":1,"name":"Accueil","item":"https:\/\/paracherkaoui.ma\/"},{"@type":"ListItem","position":2,"name":"Boutique","item":"https:\/\/paracherkaoui.ma\/index.php\/boutique\/"},{"@type":"ListItem","position":3,"name":"CREST 3D LEVELS 30 WHITER 38 STRIPS PROFESSIONAL WHITE + LED LIGHT"}]},{"@type":"WebSite","@id":"https:\/\/paracherkaoui.ma\/#website","url":"https:\/\/paracherkaoui.ma\/","name":"Paracherkaoui.ma","description":"Achetez en ligne sur Paracherkaoui.ma","potentialAction":[{"@type":"SearchAction","target":{"@type":"EntryPoint","urlTemplate":"https:\/\/paracherkaoui.ma\/?s={search_term_string}"},"query-input":{"@type":"PropertyValueSpecification","valueRequired":true,"valueName":"search_term_string"}}],"inLanguage":"fr-FR"}]}},"_links":{"self":[{"href":"https:\/\/paracherkaoui.ma\/index.php\/wp-json\/wp\/v2\/product\/57431","targetHints":{"allow":["GET"]}}],"collection":[{"href":"https:\/\/paracherkaoui.ma\/index.php\/wp-json\/wp\/v2\/product"}],"about":[{"href":"https:\/\/paracherkaoui.ma\/index.php\/wp-json\/wp\/v2\/types\/product"}],"replies":[{"embeddable":true,"href":"https:\/\/paracherkaoui.ma\/index.php\/wp-json\/wp\/v2\/comments?post=57431"}],"version-history":[{"count":1,"href":"https:\/\/paracherkaoui.ma\/index.php\/wp-json\/wp\/v2\/product\/57431\/revisions"}],"predecessor-version":[{"id":57464,"href":"https:\/\/paracherkaoui.ma\/index.php\/wp-json\/wp\/v2\/product\/57431\/revisions\/57464"}],"wp:featuredmedia":[{"embeddable":true,"href":"https:\/\/paracherkaoui.ma\/index.php\/wp-json\/wp\/v2\/media\/47418"}],"wp:attachment":[{"href":"https:\/\/paracherkaoui.ma\/index.php\/wp-json\/wp\/v2\/media?parent=57431"}],"wp:term":[{"taxonomy":"product_brand","embeddable":true,"href":"https:\/\/paracherkaoui.ma\/index.php\/wp-json\/wp\/v2\/product_brand?post=57431"},{"taxonomy":"product_cat","embeddable":true,"href":"https:\/\/paracherkaoui.ma\/index.php\/wp-json\/wp\/v2\/product_cat?post=57431"},{"taxonomy":"product_tag","embeddable":true,"href":"https:\/\/paracherkaoui.ma\/index.php\/wp-json\/wp\/v2\/product_tag?post=57431"}],"curies":[{"name":"wp","href":"https:\/\/api.w.org\/{rel}","templated":true}]}}