{"id":57429,"date":"2025-12-12T19:48:12","date_gmt":"2025-12-12T18:48:12","guid":{"rendered":"https:\/\/test.ecbeaute.com\/?post_type=product&#038;p=57429"},"modified":"2025-12-12T19:48:15","modified_gmt":"2025-12-12T18:48:15","slug":"crest-3d-whitestrips-niveau-12-1-heure-expresse-2","status":"publish","type":"product","link":"https:\/\/paracherkaoui.ma\/index.php\/produit\/crest-3d-whitestrips-niveau-12-1-heure-expresse-2\/","title":{"rendered":"CREST 3D WHITESTRIPS NIVEAU 12 &#8211; 1 HEURE EXPRESSE"},"content":{"rendered":"<p>Les bandes Crest 3D White Whitestrips sont un excellent moyen de blanchir les dents. Lorsque vous \u00eates press\u00e9 et qu&rsquo;il n&rsquo;est pas possible de regarder moins que votre meilleur brillant, vous avez besoin de Crest 3D White Whitestrips 1 Hour Express. Avec une formulation \u00e9prouv\u00e9e con\u00e7ue pour agir rapidement, ils se mettent au travail pour cr\u00e9er le sourire plus sain et plus heureux qui, vous le savez, illuminera la pi\u00e8ce. Conseils d&rsquo;utilisation: 1) D\u00e9collez les bandes de blanchiment de la doublure de support. 2) \u00c9tirez puis appliquez les bandes pendant 60 minutes sur les dents sup\u00e9rieures et inf\u00e9rieures, puis retirez-les d\u00e9licatement. 3) \u00c9blouissez le monde avec votre sourire incroyablement plus blanc !<\/p>\n","protected":false},"excerpt":{"rendered":"<p>Les bandes Crest 3D White Whitestrips sont un excellent moyen de blanchir les dents. Lorsque vous \u00eates press\u00e9 et qu&rsquo;il<\/p>\n","protected":false},"featured_media":47414,"comment_status":"open","ping_status":"closed","template":"","meta":[],"product_brand":[819],"product_cat":[1100],"product_tag":[],"class_list":{"0":"post-57429","1":"product","2":"type-product","3":"status-publish","4":"has-post-thumbnail","6":"product_brand-crest","7":"product_cat-americains","9":"first","10":"instock","11":"shipping-taxable","12":"purchasable","13":"product-type-simple"},"yoast_head":"<!-- This site is optimized with the Yoast SEO plugin v26.6 - https:\/\/yoast.com\/wordpress\/plugins\/seo\/ -->\r\n<title>CREST 3D WHITESTRIPS NIVEAU 12 - 1 HEURE EXPRESSE - Paracherkaoui.ma<\/title>\r\n<meta name=\"robots\" content=\"index, follow, max-snippet:-1, max-image-preview:large, max-video-preview:-1\" \/>\r\n<link rel=\"canonical\" href=\"https:\/\/paracherkaoui.ma\/index.php\/produit\/crest-3d-whitestrips-niveau-12-1-heure-expresse-2\/\" \/>\r\n<meta property=\"og:locale\" content=\"fr_FR\" \/>\r\n<meta property=\"og:type\" content=\"article\" \/>\r\n<meta property=\"og:title\" content=\"CREST 3D WHITESTRIPS NIVEAU 12 - 1 HEURE EXPRESSE - Paracherkaoui.ma\" \/>\r\n<meta property=\"og:description\" content=\"Les bandes Crest 3D White Whitestrips sont un excellent moyen de blanchir les dents. Lorsque vous \u00eates press\u00e9 et qu&rsquo;il\" \/>\r\n<meta property=\"og:url\" content=\"https:\/\/paracherkaoui.ma\/index.php\/produit\/crest-3d-whitestrips-niveau-12-1-heure-expresse-2\/\" \/>\r\n<meta property=\"og:site_name\" content=\"Paracherkaoui.ma\" \/>\r\n<meta property=\"article:modified_time\" content=\"2025-12-12T18:48:15+00:00\" \/>\r\n<meta property=\"og:image\" content=\"https:\/\/paracherkaoui.ma\/wp-content\/uploads\/2025\/12\/crest-crest-3d-whitestrips-niveau-12-1-heure-expresse-dentaire.jpg\" \/>\r\n\t<meta property=\"og:image:width\" content=\"700\" \/>\r\n\t<meta property=\"og:image:height\" content=\"700\" \/>\r\n\t<meta property=\"og:image:type\" content=\"image\/jpeg\" \/>\r\n<meta name=\"twitter:card\" content=\"summary_large_image\" \/>\r\n<meta name=\"twitter:label1\" content=\"Dur\u00e9e de lecture estim\u00e9e\" \/>\n\t<meta name=\"twitter:data1\" content=\"1 minute\" \/>\r\n<script type=\"application\/ld+json\" class=\"yoast-schema-graph\">{\"@context\":\"https:\/\/schema.org\",\"@graph\":[{\"@type\":\"WebPage\",\"@id\":\"https:\/\/paracherkaoui.ma\/index.php\/produit\/crest-3d-whitestrips-niveau-12-1-heure-expresse-2\/\",\"url\":\"https:\/\/paracherkaoui.ma\/index.php\/produit\/crest-3d-whitestrips-niveau-12-1-heure-expresse-2\/\",\"name\":\"CREST 3D WHITESTRIPS NIVEAU 12 - 1 HEURE EXPRESSE - Paracherkaoui.ma\",\"isPartOf\":{\"@id\":\"https:\/\/paracherkaoui.ma\/#website\"},\"primaryImageOfPage\":{\"@id\":\"https:\/\/paracherkaoui.ma\/index.php\/produit\/crest-3d-whitestrips-niveau-12-1-heure-expresse-2\/#primaryimage\"},\"image\":{\"@id\":\"https:\/\/paracherkaoui.ma\/index.php\/produit\/crest-3d-whitestrips-niveau-12-1-heure-expresse-2\/#primaryimage\"},\"thumbnailUrl\":\"https:\/\/paracherkaoui.ma\/wp-content\/uploads\/2025\/12\/crest-crest-3d-whitestrips-niveau-12-1-heure-expresse-dentaire.jpg\",\"datePublished\":\"2025-12-12T18:48:12+00:00\",\"dateModified\":\"2025-12-12T18:48:15+00:00\",\"breadcrumb\":{\"@id\":\"https:\/\/paracherkaoui.ma\/index.php\/produit\/crest-3d-whitestrips-niveau-12-1-heure-expresse-2\/#breadcrumb\"},\"inLanguage\":\"fr-FR\",\"potentialAction\":[{\"@type\":\"ReadAction\",\"target\":[\"https:\/\/paracherkaoui.ma\/index.php\/produit\/crest-3d-whitestrips-niveau-12-1-heure-expresse-2\/\"]}]},{\"@type\":\"ImageObject\",\"inLanguage\":\"fr-FR\",\"@id\":\"https:\/\/paracherkaoui.ma\/index.php\/produit\/crest-3d-whitestrips-niveau-12-1-heure-expresse-2\/#primaryimage\",\"url\":\"https:\/\/paracherkaoui.ma\/wp-content\/uploads\/2025\/12\/crest-crest-3d-whitestrips-niveau-12-1-heure-expresse-dentaire.jpg\",\"contentUrl\":\"https:\/\/paracherkaoui.ma\/wp-content\/uploads\/2025\/12\/crest-crest-3d-whitestrips-niveau-12-1-heure-expresse-dentaire.jpg\",\"width\":700,\"height\":700},{\"@type\":\"BreadcrumbList\",\"@id\":\"https:\/\/paracherkaoui.ma\/index.php\/produit\/crest-3d-whitestrips-niveau-12-1-heure-expresse-2\/#breadcrumb\",\"itemListElement\":[{\"@type\":\"ListItem\",\"position\":1,\"name\":\"Accueil\",\"item\":\"https:\/\/paracherkaoui.ma\/\"},{\"@type\":\"ListItem\",\"position\":2,\"name\":\"Boutique\",\"item\":\"https:\/\/paracherkaoui.ma\/index.php\/boutique\/\"},{\"@type\":\"ListItem\",\"position\":3,\"name\":\"CREST 3D WHITESTRIPS NIVEAU 12 &#8211; 1 HEURE EXPRESSE\"}]},{\"@type\":\"WebSite\",\"@id\":\"https:\/\/paracherkaoui.ma\/#website\",\"url\":\"https:\/\/paracherkaoui.ma\/\",\"name\":\"Paracherkaoui.ma\",\"description\":\"Achetez en ligne sur Paracherkaoui.ma\",\"potentialAction\":[{\"@type\":\"SearchAction\",\"target\":{\"@type\":\"EntryPoint\",\"urlTemplate\":\"https:\/\/paracherkaoui.ma\/?s={search_term_string}\"},\"query-input\":{\"@type\":\"PropertyValueSpecification\",\"valueRequired\":true,\"valueName\":\"search_term_string\"}}],\"inLanguage\":\"fr-FR\"}]}<\/script>\r\n<!-- \/ Yoast SEO plugin. -->","yoast_head_json":{"title":"CREST 3D WHITESTRIPS NIVEAU 12 - 1 HEURE EXPRESSE - Paracherkaoui.ma","robots":{"index":"index","follow":"follow","max-snippet":"max-snippet:-1","max-image-preview":"max-image-preview:large","max-video-preview":"max-video-preview:-1"},"canonical":"https:\/\/paracherkaoui.ma\/index.php\/produit\/crest-3d-whitestrips-niveau-12-1-heure-expresse-2\/","og_locale":"fr_FR","og_type":"article","og_title":"CREST 3D WHITESTRIPS NIVEAU 12 - 1 HEURE EXPRESSE - Paracherkaoui.ma","og_description":"Les bandes Crest 3D White Whitestrips sont un excellent moyen de blanchir les dents. Lorsque vous \u00eates press\u00e9 et qu&rsquo;il","og_url":"https:\/\/paracherkaoui.ma\/index.php\/produit\/crest-3d-whitestrips-niveau-12-1-heure-expresse-2\/","og_site_name":"Paracherkaoui.ma","article_modified_time":"2025-12-12T18:48:15+00:00","og_image":[{"width":700,"height":700,"url":"https:\/\/paracherkaoui.ma\/wp-content\/uploads\/2025\/12\/crest-crest-3d-whitestrips-niveau-12-1-heure-expresse-dentaire.jpg","type":"image\/jpeg"}],"twitter_card":"summary_large_image","twitter_misc":{"Dur\u00e9e de lecture estim\u00e9e":"1 minute"},"schema":{"@context":"https:\/\/schema.org","@graph":[{"@type":"WebPage","@id":"https:\/\/paracherkaoui.ma\/index.php\/produit\/crest-3d-whitestrips-niveau-12-1-heure-expresse-2\/","url":"https:\/\/paracherkaoui.ma\/index.php\/produit\/crest-3d-whitestrips-niveau-12-1-heure-expresse-2\/","name":"CREST 3D WHITESTRIPS NIVEAU 12 - 1 HEURE EXPRESSE - Paracherkaoui.ma","isPartOf":{"@id":"https:\/\/paracherkaoui.ma\/#website"},"primaryImageOfPage":{"@id":"https:\/\/paracherkaoui.ma\/index.php\/produit\/crest-3d-whitestrips-niveau-12-1-heure-expresse-2\/#primaryimage"},"image":{"@id":"https:\/\/paracherkaoui.ma\/index.php\/produit\/crest-3d-whitestrips-niveau-12-1-heure-expresse-2\/#primaryimage"},"thumbnailUrl":"https:\/\/paracherkaoui.ma\/wp-content\/uploads\/2025\/12\/crest-crest-3d-whitestrips-niveau-12-1-heure-expresse-dentaire.jpg","datePublished":"2025-12-12T18:48:12+00:00","dateModified":"2025-12-12T18:48:15+00:00","breadcrumb":{"@id":"https:\/\/paracherkaoui.ma\/index.php\/produit\/crest-3d-whitestrips-niveau-12-1-heure-expresse-2\/#breadcrumb"},"inLanguage":"fr-FR","potentialAction":[{"@type":"ReadAction","target":["https:\/\/paracherkaoui.ma\/index.php\/produit\/crest-3d-whitestrips-niveau-12-1-heure-expresse-2\/"]}]},{"@type":"ImageObject","inLanguage":"fr-FR","@id":"https:\/\/paracherkaoui.ma\/index.php\/produit\/crest-3d-whitestrips-niveau-12-1-heure-expresse-2\/#primaryimage","url":"https:\/\/paracherkaoui.ma\/wp-content\/uploads\/2025\/12\/crest-crest-3d-whitestrips-niveau-12-1-heure-expresse-dentaire.jpg","contentUrl":"https:\/\/paracherkaoui.ma\/wp-content\/uploads\/2025\/12\/crest-crest-3d-whitestrips-niveau-12-1-heure-expresse-dentaire.jpg","width":700,"height":700},{"@type":"BreadcrumbList","@id":"https:\/\/paracherkaoui.ma\/index.php\/produit\/crest-3d-whitestrips-niveau-12-1-heure-expresse-2\/#breadcrumb","itemListElement":[{"@type":"ListItem","position":1,"name":"Accueil","item":"https:\/\/paracherkaoui.ma\/"},{"@type":"ListItem","position":2,"name":"Boutique","item":"https:\/\/paracherkaoui.ma\/index.php\/boutique\/"},{"@type":"ListItem","position":3,"name":"CREST 3D WHITESTRIPS NIVEAU 12 &#8211; 1 HEURE EXPRESSE"}]},{"@type":"WebSite","@id":"https:\/\/paracherkaoui.ma\/#website","url":"https:\/\/paracherkaoui.ma\/","name":"Paracherkaoui.ma","description":"Achetez en ligne sur Paracherkaoui.ma","potentialAction":[{"@type":"SearchAction","target":{"@type":"EntryPoint","urlTemplate":"https:\/\/paracherkaoui.ma\/?s={search_term_string}"},"query-input":{"@type":"PropertyValueSpecification","valueRequired":true,"valueName":"search_term_string"}}],"inLanguage":"fr-FR"}]}},"_links":{"self":[{"href":"https:\/\/paracherkaoui.ma\/index.php\/wp-json\/wp\/v2\/product\/57429","targetHints":{"allow":["GET"]}}],"collection":[{"href":"https:\/\/paracherkaoui.ma\/index.php\/wp-json\/wp\/v2\/product"}],"about":[{"href":"https:\/\/paracherkaoui.ma\/index.php\/wp-json\/wp\/v2\/types\/product"}],"replies":[{"embeddable":true,"href":"https:\/\/paracherkaoui.ma\/index.php\/wp-json\/wp\/v2\/comments?post=57429"}],"version-history":[{"count":1,"href":"https:\/\/paracherkaoui.ma\/index.php\/wp-json\/wp\/v2\/product\/57429\/revisions"}],"predecessor-version":[{"id":57462,"href":"https:\/\/paracherkaoui.ma\/index.php\/wp-json\/wp\/v2\/product\/57429\/revisions\/57462"}],"wp:featuredmedia":[{"embeddable":true,"href":"https:\/\/paracherkaoui.ma\/index.php\/wp-json\/wp\/v2\/media\/47414"}],"wp:attachment":[{"href":"https:\/\/paracherkaoui.ma\/index.php\/wp-json\/wp\/v2\/media?parent=57429"}],"wp:term":[{"taxonomy":"product_brand","embeddable":true,"href":"https:\/\/paracherkaoui.ma\/index.php\/wp-json\/wp\/v2\/product_brand?post=57429"},{"taxonomy":"product_cat","embeddable":true,"href":"https:\/\/paracherkaoui.ma\/index.php\/wp-json\/wp\/v2\/product_cat?post=57429"},{"taxonomy":"product_tag","embeddable":true,"href":"https:\/\/paracherkaoui.ma\/index.php\/wp-json\/wp\/v2\/product_tag?post=57429"}],"curies":[{"name":"wp","href":"https:\/\/api.w.org\/{rel}","templated":true}]}}