{"id":57426,"date":"2025-12-12T19:48:12","date_gmt":"2025-12-12T18:48:12","guid":{"rendered":"https:\/\/test.ecbeaute.com\/?post_type=product&#038;p=57426"},"modified":"2025-12-12T19:48:14","modified_gmt":"2025-12-12T18:48:14","slug":"crest-up-to-32-levels-whiter-teeth","status":"publish","type":"product","link":"https:\/\/paracherkaoui.ma\/index.php\/produit\/crest-up-to-32-levels-whiter-teeth\/","title":{"rendered":"CREST UP TO 32 LEVELS WHITER TEETH"},"content":{"rendered":"<p>Vous r\u00eavez d&rsquo;un sourire \u00e9clatant, sans taches ? Avec les Crest 3DWhitestrips Professional Effects Advanced + Monthly Express Bonus Pack, votre souhait devient r\u00e9alit\u00e9. Ce kit de blanchiment des dents, offre une solution maison \u00e0 l&rsquo;efficacit\u00e9 professionnelle. Imaginez : jusqu&rsquo;\u00e0 32 niveaux de blancheur en seulement 20 jours ! Chaque bandelette est con\u00e7ue avec la technologie Advanced Seal pour rester bien en place pendant toute la dur\u00e9e de l&rsquo;application, m\u00eame si vous parlez ou buvez de l&rsquo;eau. Sans danger pour l&rsquo;\u00e9mail, ces bandes contiennent le m\u00eame ingr\u00e9dient blanchissant que celui utilis\u00e9 par les dentistes, vous garantissant un r\u00e9sultat optimal tout en pr\u00e9servant la sant\u00e9 de vos dents. Ce kit \u00e9limine 20 ans de taches en moins d&rsquo;une semaine, offrant une blancheur incomparable. Vous n&rsquo;avez plus besoin de rendez-vous co\u00fbteux chez le dentiste : appliquez simplement les bandes pendant 45 minutes par jour pendant 20 jours, et votre sourire sera sensiblement plus \u00e9clatant. Et pour prolonger cette blancheur, un soin Monthly Express de 60 minutes chaque mois vous assurera un sourire resplendissant tout au long de l&rsquo;ann\u00e9e. Un sourire plus blanc, plus \u00e9clatant, plus confiant, c&rsquo;est ce que vous m\u00e9ritez ! Conseils d&rsquo;utilisation Application quotidienne : Appliquez une bande Crest 3DWhitestrips sur vos dents pendant 45 minutes chaque jour pendant 20 jours pour des r\u00e9sultats optimaux. Soin d&rsquo;entretien : Pour maintenir votre blancheur, utilisez le soin Monthly Express pendant 60 minutes chaque mois. Pr\u00e9cautions : Ne pas utiliser chez les enfants de moins de 18 ans. Assurez-vous de bien suivre les instructions pour garantir un usage s\u00fbr et efficace.<\/p>\n","protected":false},"excerpt":{"rendered":"<p>Vous r\u00eavez d&rsquo;un sourire \u00e9clatant, sans taches ? Avec les Crest 3DWhitestrips Professional Effects Advanced + Monthly Express Bonus Pack,<\/p>\n","protected":false},"featured_media":57456,"comment_status":"open","ping_status":"closed","template":"","meta":[],"product_brand":[819],"product_cat":[1100],"product_tag":[],"class_list":{"0":"post-57426","1":"product","2":"type-product","3":"status-publish","4":"has-post-thumbnail","6":"product_brand-crest","7":"product_cat-americains","9":"first","10":"instock","11":"shipping-taxable","12":"purchasable","13":"product-type-simple"},"yoast_head":"<!-- This site is optimized with the Yoast SEO plugin v26.6 - https:\/\/yoast.com\/wordpress\/plugins\/seo\/ -->\r\n<title>CREST UP TO 32 LEVELS WHITER TEETH - Paracherkaoui.ma<\/title>\r\n<meta name=\"robots\" content=\"index, follow, max-snippet:-1, max-image-preview:large, max-video-preview:-1\" \/>\r\n<link rel=\"canonical\" href=\"https:\/\/paracherkaoui.ma\/index.php\/produit\/crest-up-to-32-levels-whiter-teeth\/\" \/>\r\n<meta property=\"og:locale\" content=\"fr_FR\" \/>\r\n<meta property=\"og:type\" content=\"article\" \/>\r\n<meta property=\"og:title\" content=\"CREST UP TO 32 LEVELS WHITER TEETH - Paracherkaoui.ma\" \/>\r\n<meta property=\"og:description\" content=\"Vous r\u00eavez d&rsquo;un sourire \u00e9clatant, sans taches ? Avec les Crest 3DWhitestrips Professional Effects Advanced + Monthly Express Bonus Pack,\" \/>\r\n<meta property=\"og:url\" content=\"https:\/\/paracherkaoui.ma\/index.php\/produit\/crest-up-to-32-levels-whiter-teeth\/\" \/>\r\n<meta property=\"og:site_name\" content=\"Paracherkaoui.ma\" \/>\r\n<meta property=\"article:modified_time\" content=\"2025-12-12T18:48:14+00:00\" \/>\r\n<meta property=\"og:image\" content=\"https:\/\/paracherkaoui.ma\/wp-content\/uploads\/2025\/12\/crest-up-to-32-levels-whiter-teeth.jpg\" \/>\r\n\t<meta property=\"og:image:width\" content=\"700\" \/>\r\n\t<meta property=\"og:image:height\" content=\"700\" \/>\r\n\t<meta property=\"og:image:type\" content=\"image\/jpeg\" \/>\r\n<meta name=\"twitter:card\" content=\"summary_large_image\" \/>\r\n<meta name=\"twitter:label1\" content=\"Dur\u00e9e de lecture estim\u00e9e\" \/>\n\t<meta name=\"twitter:data1\" content=\"1 minute\" \/>\r\n<script type=\"application\/ld+json\" class=\"yoast-schema-graph\">{\"@context\":\"https:\/\/schema.org\",\"@graph\":[{\"@type\":\"WebPage\",\"@id\":\"https:\/\/paracherkaoui.ma\/index.php\/produit\/crest-up-to-32-levels-whiter-teeth\/\",\"url\":\"https:\/\/paracherkaoui.ma\/index.php\/produit\/crest-up-to-32-levels-whiter-teeth\/\",\"name\":\"CREST UP TO 32 LEVELS WHITER TEETH - Paracherkaoui.ma\",\"isPartOf\":{\"@id\":\"https:\/\/paracherkaoui.ma\/#website\"},\"primaryImageOfPage\":{\"@id\":\"https:\/\/paracherkaoui.ma\/index.php\/produit\/crest-up-to-32-levels-whiter-teeth\/#primaryimage\"},\"image\":{\"@id\":\"https:\/\/paracherkaoui.ma\/index.php\/produit\/crest-up-to-32-levels-whiter-teeth\/#primaryimage\"},\"thumbnailUrl\":\"https:\/\/paracherkaoui.ma\/wp-content\/uploads\/2025\/12\/crest-up-to-32-levels-whiter-teeth.jpg\",\"datePublished\":\"2025-12-12T18:48:12+00:00\",\"dateModified\":\"2025-12-12T18:48:14+00:00\",\"breadcrumb\":{\"@id\":\"https:\/\/paracherkaoui.ma\/index.php\/produit\/crest-up-to-32-levels-whiter-teeth\/#breadcrumb\"},\"inLanguage\":\"fr-FR\",\"potentialAction\":[{\"@type\":\"ReadAction\",\"target\":[\"https:\/\/paracherkaoui.ma\/index.php\/produit\/crest-up-to-32-levels-whiter-teeth\/\"]}]},{\"@type\":\"ImageObject\",\"inLanguage\":\"fr-FR\",\"@id\":\"https:\/\/paracherkaoui.ma\/index.php\/produit\/crest-up-to-32-levels-whiter-teeth\/#primaryimage\",\"url\":\"https:\/\/paracherkaoui.ma\/wp-content\/uploads\/2025\/12\/crest-up-to-32-levels-whiter-teeth.jpg\",\"contentUrl\":\"https:\/\/paracherkaoui.ma\/wp-content\/uploads\/2025\/12\/crest-up-to-32-levels-whiter-teeth.jpg\",\"width\":700,\"height\":700},{\"@type\":\"BreadcrumbList\",\"@id\":\"https:\/\/paracherkaoui.ma\/index.php\/produit\/crest-up-to-32-levels-whiter-teeth\/#breadcrumb\",\"itemListElement\":[{\"@type\":\"ListItem\",\"position\":1,\"name\":\"Accueil\",\"item\":\"https:\/\/paracherkaoui.ma\/\"},{\"@type\":\"ListItem\",\"position\":2,\"name\":\"Boutique\",\"item\":\"https:\/\/paracherkaoui.ma\/index.php\/boutique\/\"},{\"@type\":\"ListItem\",\"position\":3,\"name\":\"CREST UP TO 32 LEVELS WHITER TEETH\"}]},{\"@type\":\"WebSite\",\"@id\":\"https:\/\/paracherkaoui.ma\/#website\",\"url\":\"https:\/\/paracherkaoui.ma\/\",\"name\":\"Paracherkaoui.ma\",\"description\":\"Achetez en ligne sur Paracherkaoui.ma\",\"potentialAction\":[{\"@type\":\"SearchAction\",\"target\":{\"@type\":\"EntryPoint\",\"urlTemplate\":\"https:\/\/paracherkaoui.ma\/?s={search_term_string}\"},\"query-input\":{\"@type\":\"PropertyValueSpecification\",\"valueRequired\":true,\"valueName\":\"search_term_string\"}}],\"inLanguage\":\"fr-FR\"}]}<\/script>\r\n<!-- \/ Yoast SEO plugin. -->","yoast_head_json":{"title":"CREST UP TO 32 LEVELS WHITER TEETH - Paracherkaoui.ma","robots":{"index":"index","follow":"follow","max-snippet":"max-snippet:-1","max-image-preview":"max-image-preview:large","max-video-preview":"max-video-preview:-1"},"canonical":"https:\/\/paracherkaoui.ma\/index.php\/produit\/crest-up-to-32-levels-whiter-teeth\/","og_locale":"fr_FR","og_type":"article","og_title":"CREST UP TO 32 LEVELS WHITER TEETH - Paracherkaoui.ma","og_description":"Vous r\u00eavez d&rsquo;un sourire \u00e9clatant, sans taches ? Avec les Crest 3DWhitestrips Professional Effects Advanced + Monthly Express Bonus Pack,","og_url":"https:\/\/paracherkaoui.ma\/index.php\/produit\/crest-up-to-32-levels-whiter-teeth\/","og_site_name":"Paracherkaoui.ma","article_modified_time":"2025-12-12T18:48:14+00:00","og_image":[{"width":700,"height":700,"url":"https:\/\/paracherkaoui.ma\/wp-content\/uploads\/2025\/12\/crest-up-to-32-levels-whiter-teeth.jpg","type":"image\/jpeg"}],"twitter_card":"summary_large_image","twitter_misc":{"Dur\u00e9e de lecture estim\u00e9e":"1 minute"},"schema":{"@context":"https:\/\/schema.org","@graph":[{"@type":"WebPage","@id":"https:\/\/paracherkaoui.ma\/index.php\/produit\/crest-up-to-32-levels-whiter-teeth\/","url":"https:\/\/paracherkaoui.ma\/index.php\/produit\/crest-up-to-32-levels-whiter-teeth\/","name":"CREST UP TO 32 LEVELS WHITER TEETH - Paracherkaoui.ma","isPartOf":{"@id":"https:\/\/paracherkaoui.ma\/#website"},"primaryImageOfPage":{"@id":"https:\/\/paracherkaoui.ma\/index.php\/produit\/crest-up-to-32-levels-whiter-teeth\/#primaryimage"},"image":{"@id":"https:\/\/paracherkaoui.ma\/index.php\/produit\/crest-up-to-32-levels-whiter-teeth\/#primaryimage"},"thumbnailUrl":"https:\/\/paracherkaoui.ma\/wp-content\/uploads\/2025\/12\/crest-up-to-32-levels-whiter-teeth.jpg","datePublished":"2025-12-12T18:48:12+00:00","dateModified":"2025-12-12T18:48:14+00:00","breadcrumb":{"@id":"https:\/\/paracherkaoui.ma\/index.php\/produit\/crest-up-to-32-levels-whiter-teeth\/#breadcrumb"},"inLanguage":"fr-FR","potentialAction":[{"@type":"ReadAction","target":["https:\/\/paracherkaoui.ma\/index.php\/produit\/crest-up-to-32-levels-whiter-teeth\/"]}]},{"@type":"ImageObject","inLanguage":"fr-FR","@id":"https:\/\/paracherkaoui.ma\/index.php\/produit\/crest-up-to-32-levels-whiter-teeth\/#primaryimage","url":"https:\/\/paracherkaoui.ma\/wp-content\/uploads\/2025\/12\/crest-up-to-32-levels-whiter-teeth.jpg","contentUrl":"https:\/\/paracherkaoui.ma\/wp-content\/uploads\/2025\/12\/crest-up-to-32-levels-whiter-teeth.jpg","width":700,"height":700},{"@type":"BreadcrumbList","@id":"https:\/\/paracherkaoui.ma\/index.php\/produit\/crest-up-to-32-levels-whiter-teeth\/#breadcrumb","itemListElement":[{"@type":"ListItem","position":1,"name":"Accueil","item":"https:\/\/paracherkaoui.ma\/"},{"@type":"ListItem","position":2,"name":"Boutique","item":"https:\/\/paracherkaoui.ma\/index.php\/boutique\/"},{"@type":"ListItem","position":3,"name":"CREST UP TO 32 LEVELS WHITER TEETH"}]},{"@type":"WebSite","@id":"https:\/\/paracherkaoui.ma\/#website","url":"https:\/\/paracherkaoui.ma\/","name":"Paracherkaoui.ma","description":"Achetez en ligne sur Paracherkaoui.ma","potentialAction":[{"@type":"SearchAction","target":{"@type":"EntryPoint","urlTemplate":"https:\/\/paracherkaoui.ma\/?s={search_term_string}"},"query-input":{"@type":"PropertyValueSpecification","valueRequired":true,"valueName":"search_term_string"}}],"inLanguage":"fr-FR"}]}},"_links":{"self":[{"href":"https:\/\/paracherkaoui.ma\/index.php\/wp-json\/wp\/v2\/product\/57426","targetHints":{"allow":["GET"]}}],"collection":[{"href":"https:\/\/paracherkaoui.ma\/index.php\/wp-json\/wp\/v2\/product"}],"about":[{"href":"https:\/\/paracherkaoui.ma\/index.php\/wp-json\/wp\/v2\/types\/product"}],"replies":[{"embeddable":true,"href":"https:\/\/paracherkaoui.ma\/index.php\/wp-json\/wp\/v2\/comments?post=57426"}],"version-history":[{"count":1,"href":"https:\/\/paracherkaoui.ma\/index.php\/wp-json\/wp\/v2\/product\/57426\/revisions"}],"predecessor-version":[{"id":57457,"href":"https:\/\/paracherkaoui.ma\/index.php\/wp-json\/wp\/v2\/product\/57426\/revisions\/57457"}],"wp:featuredmedia":[{"embeddable":true,"href":"https:\/\/paracherkaoui.ma\/index.php\/wp-json\/wp\/v2\/media\/57456"}],"wp:attachment":[{"href":"https:\/\/paracherkaoui.ma\/index.php\/wp-json\/wp\/v2\/media?parent=57426"}],"wp:term":[{"taxonomy":"product_brand","embeddable":true,"href":"https:\/\/paracherkaoui.ma\/index.php\/wp-json\/wp\/v2\/product_brand?post=57426"},{"taxonomy":"product_cat","embeddable":true,"href":"https:\/\/paracherkaoui.ma\/index.php\/wp-json\/wp\/v2\/product_cat?post=57426"},{"taxonomy":"product_tag","embeddable":true,"href":"https:\/\/paracherkaoui.ma\/index.php\/wp-json\/wp\/v2\/product_tag?post=57426"}],"curies":[{"name":"wp","href":"https:\/\/api.w.org\/{rel}","templated":true}]}}