{"id":57190,"date":"2025-12-12T19:47:38","date_gmt":"2025-12-12T18:47:38","guid":{"rendered":"https:\/\/test.ecbeaute.com\/?post_type=product&#038;p=57190"},"modified":"2025-12-12T19:47:45","modified_gmt":"2025-12-12T18:47:45","slug":"somebymi-yuja-niacin-anti-blemish-serum-50-ml","status":"publish","type":"product","link":"https:\/\/paracherkaoui.ma\/index.php\/produit\/somebymi-yuja-niacin-anti-blemish-serum-50-ml\/","title":{"rendered":"SOMEBYMI YUJA NIACIN ANTI BLEMISH SERUM 50 ML"},"content":{"rendered":"<p>L&rsquo;extrait de yuja \u00e0 83% contient des acides de fruits naturels qui exfolient en douceur la peau, favorisant ainsi un teint plus lisse et lumineux. Le BRIGHT OLEOACTIF brevet\u00e9 am\u00e9liore la pigmentation et estompe les taches brunes et les marques post-\u00e9pidermiques, tandis que les d\u00e9riv\u00e9s vitaminiques r\u00e9duisent les imperfections. Les capsules \u00e9claircissantes ALPHA-MELIGHT diffusent efficacement les principes actifs en profondeur, traitant les imperfections, les taches de rousseur, les taches sombres et les probl\u00e8mes cutan\u00e9s. Ce s\u00e9rum convient \u00e0 tous les types de peau et est recommand\u00e9 pour les marques post-acn\u00e9iques, les imperfections, le m\u00e9lasma, les taches de rousseur et la peau terne. CONSEIL D\u2019UTILISATION Appliquez uniform\u00e9ment une quantit\u00e9 appropri\u00e9e sur votre visage et tapotez d\u00e9licatement pour une absorption optimale. Incorporer ce s\u00e9rum \u00e0 votre routine quotidienne pour une peau visiblement plus \u00e9clatante et uniforme.<\/p>\n","protected":false},"excerpt":{"rendered":"<p>L&rsquo;extrait de yuja \u00e0 83% contient des acides de fruits naturels qui exfolient en douceur la peau, favorisant ainsi un<\/p>\n","protected":false},"featured_media":57240,"comment_status":"open","ping_status":"closed","template":"","meta":[],"product_brand":[],"product_cat":[1098],"product_tag":[],"class_list":{"0":"post-57190","1":"product","2":"type-product","3":"status-publish","4":"has-post-thumbnail","6":"product_cat-k-beauty","8":"first","9":"instock","10":"shipping-taxable","11":"purchasable","12":"product-type-simple"},"yoast_head":"<!-- This site is optimized with the Yoast SEO plugin v26.6 - https:\/\/yoast.com\/wordpress\/plugins\/seo\/ -->\r\n<title>SOMEBYMI YUJA NIACIN ANTI BLEMISH SERUM 50 ML - Paracherkaoui.ma<\/title>\r\n<meta name=\"robots\" content=\"index, follow, max-snippet:-1, max-image-preview:large, max-video-preview:-1\" \/>\r\n<link rel=\"canonical\" href=\"https:\/\/paracherkaoui.ma\/index.php\/produit\/somebymi-yuja-niacin-anti-blemish-serum-50-ml\/\" \/>\r\n<meta property=\"og:locale\" content=\"fr_FR\" \/>\r\n<meta property=\"og:type\" content=\"article\" \/>\r\n<meta property=\"og:title\" content=\"SOMEBYMI YUJA NIACIN ANTI BLEMISH SERUM 50 ML - Paracherkaoui.ma\" \/>\r\n<meta property=\"og:description\" content=\"L&rsquo;extrait de yuja \u00e0 83% contient des acides de fruits naturels qui exfolient en douceur la peau, favorisant ainsi un\" \/>\r\n<meta property=\"og:url\" content=\"https:\/\/paracherkaoui.ma\/index.php\/produit\/somebymi-yuja-niacin-anti-blemish-serum-50-ml\/\" \/>\r\n<meta property=\"og:site_name\" content=\"Paracherkaoui.ma\" \/>\r\n<meta property=\"article:modified_time\" content=\"2025-12-12T18:47:45+00:00\" \/>\r\n<meta property=\"og:image\" content=\"https:\/\/paracherkaoui.ma\/wp-content\/uploads\/2025\/12\/somebymi-somebymi-yuja-niacin-anti-blemish-serum-50-ml-produits-coreens.jpg\" \/>\r\n\t<meta property=\"og:image:width\" content=\"700\" \/>\r\n\t<meta property=\"og:image:height\" content=\"700\" \/>\r\n\t<meta property=\"og:image:type\" content=\"image\/jpeg\" \/>\r\n<meta name=\"twitter:card\" content=\"summary_large_image\" \/>\r\n<meta name=\"twitter:label1\" content=\"Dur\u00e9e de lecture estim\u00e9e\" \/>\n\t<meta name=\"twitter:data1\" content=\"1 minute\" \/>\r\n<script type=\"application\/ld+json\" class=\"yoast-schema-graph\">{\"@context\":\"https:\/\/schema.org\",\"@graph\":[{\"@type\":\"WebPage\",\"@id\":\"https:\/\/paracherkaoui.ma\/index.php\/produit\/somebymi-yuja-niacin-anti-blemish-serum-50-ml\/\",\"url\":\"https:\/\/paracherkaoui.ma\/index.php\/produit\/somebymi-yuja-niacin-anti-blemish-serum-50-ml\/\",\"name\":\"SOMEBYMI YUJA NIACIN ANTI BLEMISH SERUM 50 ML - Paracherkaoui.ma\",\"isPartOf\":{\"@id\":\"https:\/\/paracherkaoui.ma\/#website\"},\"primaryImageOfPage\":{\"@id\":\"https:\/\/paracherkaoui.ma\/index.php\/produit\/somebymi-yuja-niacin-anti-blemish-serum-50-ml\/#primaryimage\"},\"image\":{\"@id\":\"https:\/\/paracherkaoui.ma\/index.php\/produit\/somebymi-yuja-niacin-anti-blemish-serum-50-ml\/#primaryimage\"},\"thumbnailUrl\":\"https:\/\/paracherkaoui.ma\/wp-content\/uploads\/2025\/12\/somebymi-somebymi-yuja-niacin-anti-blemish-serum-50-ml-produits-coreens.jpg\",\"datePublished\":\"2025-12-12T18:47:38+00:00\",\"dateModified\":\"2025-12-12T18:47:45+00:00\",\"breadcrumb\":{\"@id\":\"https:\/\/paracherkaoui.ma\/index.php\/produit\/somebymi-yuja-niacin-anti-blemish-serum-50-ml\/#breadcrumb\"},\"inLanguage\":\"fr-FR\",\"potentialAction\":[{\"@type\":\"ReadAction\",\"target\":[\"https:\/\/paracherkaoui.ma\/index.php\/produit\/somebymi-yuja-niacin-anti-blemish-serum-50-ml\/\"]}]},{\"@type\":\"ImageObject\",\"inLanguage\":\"fr-FR\",\"@id\":\"https:\/\/paracherkaoui.ma\/index.php\/produit\/somebymi-yuja-niacin-anti-blemish-serum-50-ml\/#primaryimage\",\"url\":\"https:\/\/paracherkaoui.ma\/wp-content\/uploads\/2025\/12\/somebymi-somebymi-yuja-niacin-anti-blemish-serum-50-ml-produits-coreens.jpg\",\"contentUrl\":\"https:\/\/paracherkaoui.ma\/wp-content\/uploads\/2025\/12\/somebymi-somebymi-yuja-niacin-anti-blemish-serum-50-ml-produits-coreens.jpg\",\"width\":700,\"height\":700},{\"@type\":\"BreadcrumbList\",\"@id\":\"https:\/\/paracherkaoui.ma\/index.php\/produit\/somebymi-yuja-niacin-anti-blemish-serum-50-ml\/#breadcrumb\",\"itemListElement\":[{\"@type\":\"ListItem\",\"position\":1,\"name\":\"Accueil\",\"item\":\"https:\/\/paracherkaoui.ma\/\"},{\"@type\":\"ListItem\",\"position\":2,\"name\":\"Boutique\",\"item\":\"https:\/\/paracherkaoui.ma\/index.php\/boutique\/\"},{\"@type\":\"ListItem\",\"position\":3,\"name\":\"SOMEBYMI YUJA NIACIN ANTI BLEMISH SERUM 50 ML\"}]},{\"@type\":\"WebSite\",\"@id\":\"https:\/\/paracherkaoui.ma\/#website\",\"url\":\"https:\/\/paracherkaoui.ma\/\",\"name\":\"Paracherkaoui.ma\",\"description\":\"Achetez en ligne sur Paracherkaoui.ma\",\"potentialAction\":[{\"@type\":\"SearchAction\",\"target\":{\"@type\":\"EntryPoint\",\"urlTemplate\":\"https:\/\/paracherkaoui.ma\/?s={search_term_string}\"},\"query-input\":{\"@type\":\"PropertyValueSpecification\",\"valueRequired\":true,\"valueName\":\"search_term_string\"}}],\"inLanguage\":\"fr-FR\"}]}<\/script>\r\n<!-- \/ Yoast SEO plugin. -->","yoast_head_json":{"title":"SOMEBYMI YUJA NIACIN ANTI BLEMISH SERUM 50 ML - Paracherkaoui.ma","robots":{"index":"index","follow":"follow","max-snippet":"max-snippet:-1","max-image-preview":"max-image-preview:large","max-video-preview":"max-video-preview:-1"},"canonical":"https:\/\/paracherkaoui.ma\/index.php\/produit\/somebymi-yuja-niacin-anti-blemish-serum-50-ml\/","og_locale":"fr_FR","og_type":"article","og_title":"SOMEBYMI YUJA NIACIN ANTI BLEMISH SERUM 50 ML - Paracherkaoui.ma","og_description":"L&rsquo;extrait de yuja \u00e0 83% contient des acides de fruits naturels qui exfolient en douceur la peau, favorisant ainsi un","og_url":"https:\/\/paracherkaoui.ma\/index.php\/produit\/somebymi-yuja-niacin-anti-blemish-serum-50-ml\/","og_site_name":"Paracherkaoui.ma","article_modified_time":"2025-12-12T18:47:45+00:00","og_image":[{"width":700,"height":700,"url":"https:\/\/paracherkaoui.ma\/wp-content\/uploads\/2025\/12\/somebymi-somebymi-yuja-niacin-anti-blemish-serum-50-ml-produits-coreens.jpg","type":"image\/jpeg"}],"twitter_card":"summary_large_image","twitter_misc":{"Dur\u00e9e de lecture estim\u00e9e":"1 minute"},"schema":{"@context":"https:\/\/schema.org","@graph":[{"@type":"WebPage","@id":"https:\/\/paracherkaoui.ma\/index.php\/produit\/somebymi-yuja-niacin-anti-blemish-serum-50-ml\/","url":"https:\/\/paracherkaoui.ma\/index.php\/produit\/somebymi-yuja-niacin-anti-blemish-serum-50-ml\/","name":"SOMEBYMI YUJA NIACIN ANTI BLEMISH SERUM 50 ML - Paracherkaoui.ma","isPartOf":{"@id":"https:\/\/paracherkaoui.ma\/#website"},"primaryImageOfPage":{"@id":"https:\/\/paracherkaoui.ma\/index.php\/produit\/somebymi-yuja-niacin-anti-blemish-serum-50-ml\/#primaryimage"},"image":{"@id":"https:\/\/paracherkaoui.ma\/index.php\/produit\/somebymi-yuja-niacin-anti-blemish-serum-50-ml\/#primaryimage"},"thumbnailUrl":"https:\/\/paracherkaoui.ma\/wp-content\/uploads\/2025\/12\/somebymi-somebymi-yuja-niacin-anti-blemish-serum-50-ml-produits-coreens.jpg","datePublished":"2025-12-12T18:47:38+00:00","dateModified":"2025-12-12T18:47:45+00:00","breadcrumb":{"@id":"https:\/\/paracherkaoui.ma\/index.php\/produit\/somebymi-yuja-niacin-anti-blemish-serum-50-ml\/#breadcrumb"},"inLanguage":"fr-FR","potentialAction":[{"@type":"ReadAction","target":["https:\/\/paracherkaoui.ma\/index.php\/produit\/somebymi-yuja-niacin-anti-blemish-serum-50-ml\/"]}]},{"@type":"ImageObject","inLanguage":"fr-FR","@id":"https:\/\/paracherkaoui.ma\/index.php\/produit\/somebymi-yuja-niacin-anti-blemish-serum-50-ml\/#primaryimage","url":"https:\/\/paracherkaoui.ma\/wp-content\/uploads\/2025\/12\/somebymi-somebymi-yuja-niacin-anti-blemish-serum-50-ml-produits-coreens.jpg","contentUrl":"https:\/\/paracherkaoui.ma\/wp-content\/uploads\/2025\/12\/somebymi-somebymi-yuja-niacin-anti-blemish-serum-50-ml-produits-coreens.jpg","width":700,"height":700},{"@type":"BreadcrumbList","@id":"https:\/\/paracherkaoui.ma\/index.php\/produit\/somebymi-yuja-niacin-anti-blemish-serum-50-ml\/#breadcrumb","itemListElement":[{"@type":"ListItem","position":1,"name":"Accueil","item":"https:\/\/paracherkaoui.ma\/"},{"@type":"ListItem","position":2,"name":"Boutique","item":"https:\/\/paracherkaoui.ma\/index.php\/boutique\/"},{"@type":"ListItem","position":3,"name":"SOMEBYMI YUJA NIACIN ANTI BLEMISH SERUM 50 ML"}]},{"@type":"WebSite","@id":"https:\/\/paracherkaoui.ma\/#website","url":"https:\/\/paracherkaoui.ma\/","name":"Paracherkaoui.ma","description":"Achetez en ligne sur Paracherkaoui.ma","potentialAction":[{"@type":"SearchAction","target":{"@type":"EntryPoint","urlTemplate":"https:\/\/paracherkaoui.ma\/?s={search_term_string}"},"query-input":{"@type":"PropertyValueSpecification","valueRequired":true,"valueName":"search_term_string"}}],"inLanguage":"fr-FR"}]}},"_links":{"self":[{"href":"https:\/\/paracherkaoui.ma\/index.php\/wp-json\/wp\/v2\/product\/57190","targetHints":{"allow":["GET"]}}],"collection":[{"href":"https:\/\/paracherkaoui.ma\/index.php\/wp-json\/wp\/v2\/product"}],"about":[{"href":"https:\/\/paracherkaoui.ma\/index.php\/wp-json\/wp\/v2\/types\/product"}],"replies":[{"embeddable":true,"href":"https:\/\/paracherkaoui.ma\/index.php\/wp-json\/wp\/v2\/comments?post=57190"}],"version-history":[{"count":1,"href":"https:\/\/paracherkaoui.ma\/index.php\/wp-json\/wp\/v2\/product\/57190\/revisions"}],"predecessor-version":[{"id":57241,"href":"https:\/\/paracherkaoui.ma\/index.php\/wp-json\/wp\/v2\/product\/57190\/revisions\/57241"}],"wp:featuredmedia":[{"embeddable":true,"href":"https:\/\/paracherkaoui.ma\/index.php\/wp-json\/wp\/v2\/media\/57240"}],"wp:attachment":[{"href":"https:\/\/paracherkaoui.ma\/index.php\/wp-json\/wp\/v2\/media?parent=57190"}],"wp:term":[{"taxonomy":"product_brand","embeddable":true,"href":"https:\/\/paracherkaoui.ma\/index.php\/wp-json\/wp\/v2\/product_brand?post=57190"},{"taxonomy":"product_cat","embeddable":true,"href":"https:\/\/paracherkaoui.ma\/index.php\/wp-json\/wp\/v2\/product_cat?post=57190"},{"taxonomy":"product_tag","embeddable":true,"href":"https:\/\/paracherkaoui.ma\/index.php\/wp-json\/wp\/v2\/product_tag?post=57190"}],"curies":[{"name":"wp","href":"https:\/\/api.w.org\/{rel}","templated":true}]}}