{"id":56688,"date":"2025-12-12T19:46:21","date_gmt":"2025-12-12T18:46:21","guid":{"rendered":"https:\/\/test.ecbeaute.com\/?post_type=product&#038;p=56688"},"modified":"2025-12-12T19:46:25","modified_gmt":"2025-12-12T18:46:25","slug":"nutrex-glutamine-drive-300-g","status":"publish","type":"product","link":"https:\/\/paracherkaoui.ma\/index.php\/produit\/nutrex-glutamine-drive-300-g\/","title":{"rendered":"NUTREX GLUTAMINE DRIVE 300 G"},"content":{"rendered":"<p>L-Glutamine Drive de Nutrex aide \u00e0 maintenir les niveaux optimaux de glutamine musculaire. Il favorise le d\u00e9veloppement de muscles forts et r\u00e9duit la d\u00e9gradation du muscle offrant plus d\u2019\u00e9nergie plus de temps, de mani\u00e8re saine, avec un b\u00e9n\u00e9fice important dans la r\u00e9cup\u00e9ration et le retard de l\u2019\u00e9puisement. Cette formule favorise un \u00e9quilibre de nitrog\u00e8ne positif, favorise le d\u00e9veloppement de nouvelles fibres musculaires, r\u00e9duit l\u2019\u00e9puisement pendant l\u2019entra\u00eenement et apr\u00e8s l\u2019activit\u00e9 physique et am\u00e9liore la r\u00e9cup\u00e9ration. Le produit se pr\u00e9sente en poudre et n\u2019a pas de go\u00fbt, par cons\u00e9quent il est id\u00e9al pour \u00eatre combin\u00e9 avec n\u2019importe quelle boisson ou milkshake. Il ne contient pas d\u2019hydrates de carbone, est sans graisse et proportionne 100% de glutamine de rapide absorption. Ce produit peut \u00eatre combin\u00e9 avec une grande vari\u00e9t\u00e9 de suppl\u00e9ments ou d\u2019ingr\u00e9dients pour le rendement ou l\u2019alimentation. Conseils d&rsquo;utilisation: Dissoudre 5 g (mesure de son doseur) dans un verre d\u2019eau ou dans un milkshake. Consommer 2 doses. Ing\u00e9rer 1 le matin et 1 le soir.<\/p>\n","protected":false},"excerpt":{"rendered":"<p>L-Glutamine Drive de Nutrex aide \u00e0 maintenir les niveaux optimaux de glutamine musculaire. Il favorise le d\u00e9veloppement de muscles forts<\/p>\n","protected":false},"featured_media":56728,"comment_status":"open","ping_status":"closed","template":"","meta":[],"product_brand":[1097],"product_cat":[1092],"product_tag":[],"class_list":{"0":"post-56688","1":"product","2":"type-product","3":"status-publish","4":"has-post-thumbnail","6":"product_brand-nutrex","7":"product_cat-special-sport","9":"first","10":"instock","11":"shipping-taxable","12":"purchasable","13":"product-type-simple"},"yoast_head":"<!-- This site is optimized with the Yoast SEO plugin v26.6 - https:\/\/yoast.com\/wordpress\/plugins\/seo\/ -->\r\n<title>NUTREX GLUTAMINE DRIVE 300 G - Paracherkaoui.ma<\/title>\r\n<meta name=\"robots\" content=\"index, follow, max-snippet:-1, max-image-preview:large, max-video-preview:-1\" \/>\r\n<link rel=\"canonical\" href=\"https:\/\/paracherkaoui.ma\/index.php\/produit\/nutrex-glutamine-drive-300-g\/\" \/>\r\n<meta property=\"og:locale\" content=\"fr_FR\" \/>\r\n<meta property=\"og:type\" content=\"article\" \/>\r\n<meta property=\"og:title\" content=\"NUTREX GLUTAMINE DRIVE 300 G - Paracherkaoui.ma\" \/>\r\n<meta property=\"og:description\" content=\"L-Glutamine Drive de Nutrex aide \u00e0 maintenir les niveaux optimaux de glutamine musculaire. Il favorise le d\u00e9veloppement de muscles forts\" \/>\r\n<meta property=\"og:url\" content=\"https:\/\/paracherkaoui.ma\/index.php\/produit\/nutrex-glutamine-drive-300-g\/\" \/>\r\n<meta property=\"og:site_name\" content=\"Paracherkaoui.ma\" \/>\r\n<meta property=\"article:modified_time\" content=\"2025-12-12T18:46:25+00:00\" \/>\r\n<meta property=\"og:image\" content=\"https:\/\/paracherkaoui.ma\/wp-content\/uploads\/2025\/12\/nutrex-nutrex-glutamine-drive-300-g-special-sport.jpg\" \/>\r\n\t<meta property=\"og:image:width\" content=\"700\" \/>\r\n\t<meta property=\"og:image:height\" content=\"700\" \/>\r\n\t<meta property=\"og:image:type\" content=\"image\/jpeg\" \/>\r\n<meta name=\"twitter:card\" content=\"summary_large_image\" \/>\r\n<meta name=\"twitter:label1\" content=\"Dur\u00e9e de lecture estim\u00e9e\" \/>\n\t<meta name=\"twitter:data1\" content=\"1 minute\" \/>\r\n<script type=\"application\/ld+json\" class=\"yoast-schema-graph\">{\"@context\":\"https:\/\/schema.org\",\"@graph\":[{\"@type\":\"WebPage\",\"@id\":\"https:\/\/paracherkaoui.ma\/index.php\/produit\/nutrex-glutamine-drive-300-g\/\",\"url\":\"https:\/\/paracherkaoui.ma\/index.php\/produit\/nutrex-glutamine-drive-300-g\/\",\"name\":\"NUTREX GLUTAMINE DRIVE 300 G - Paracherkaoui.ma\",\"isPartOf\":{\"@id\":\"https:\/\/paracherkaoui.ma\/#website\"},\"primaryImageOfPage\":{\"@id\":\"https:\/\/paracherkaoui.ma\/index.php\/produit\/nutrex-glutamine-drive-300-g\/#primaryimage\"},\"image\":{\"@id\":\"https:\/\/paracherkaoui.ma\/index.php\/produit\/nutrex-glutamine-drive-300-g\/#primaryimage\"},\"thumbnailUrl\":\"https:\/\/paracherkaoui.ma\/wp-content\/uploads\/2025\/12\/nutrex-nutrex-glutamine-drive-300-g-special-sport.jpg\",\"datePublished\":\"2025-12-12T18:46:21+00:00\",\"dateModified\":\"2025-12-12T18:46:25+00:00\",\"breadcrumb\":{\"@id\":\"https:\/\/paracherkaoui.ma\/index.php\/produit\/nutrex-glutamine-drive-300-g\/#breadcrumb\"},\"inLanguage\":\"fr-FR\",\"potentialAction\":[{\"@type\":\"ReadAction\",\"target\":[\"https:\/\/paracherkaoui.ma\/index.php\/produit\/nutrex-glutamine-drive-300-g\/\"]}]},{\"@type\":\"ImageObject\",\"inLanguage\":\"fr-FR\",\"@id\":\"https:\/\/paracherkaoui.ma\/index.php\/produit\/nutrex-glutamine-drive-300-g\/#primaryimage\",\"url\":\"https:\/\/paracherkaoui.ma\/wp-content\/uploads\/2025\/12\/nutrex-nutrex-glutamine-drive-300-g-special-sport.jpg\",\"contentUrl\":\"https:\/\/paracherkaoui.ma\/wp-content\/uploads\/2025\/12\/nutrex-nutrex-glutamine-drive-300-g-special-sport.jpg\",\"width\":700,\"height\":700},{\"@type\":\"BreadcrumbList\",\"@id\":\"https:\/\/paracherkaoui.ma\/index.php\/produit\/nutrex-glutamine-drive-300-g\/#breadcrumb\",\"itemListElement\":[{\"@type\":\"ListItem\",\"position\":1,\"name\":\"Accueil\",\"item\":\"https:\/\/paracherkaoui.ma\/\"},{\"@type\":\"ListItem\",\"position\":2,\"name\":\"Boutique\",\"item\":\"https:\/\/paracherkaoui.ma\/index.php\/boutique\/\"},{\"@type\":\"ListItem\",\"position\":3,\"name\":\"NUTREX GLUTAMINE DRIVE 300 G\"}]},{\"@type\":\"WebSite\",\"@id\":\"https:\/\/paracherkaoui.ma\/#website\",\"url\":\"https:\/\/paracherkaoui.ma\/\",\"name\":\"Paracherkaoui.ma\",\"description\":\"Achetez en ligne sur Paracherkaoui.ma\",\"potentialAction\":[{\"@type\":\"SearchAction\",\"target\":{\"@type\":\"EntryPoint\",\"urlTemplate\":\"https:\/\/paracherkaoui.ma\/?s={search_term_string}\"},\"query-input\":{\"@type\":\"PropertyValueSpecification\",\"valueRequired\":true,\"valueName\":\"search_term_string\"}}],\"inLanguage\":\"fr-FR\"}]}<\/script>\r\n<!-- \/ Yoast SEO plugin. -->","yoast_head_json":{"title":"NUTREX GLUTAMINE DRIVE 300 G - Paracherkaoui.ma","robots":{"index":"index","follow":"follow","max-snippet":"max-snippet:-1","max-image-preview":"max-image-preview:large","max-video-preview":"max-video-preview:-1"},"canonical":"https:\/\/paracherkaoui.ma\/index.php\/produit\/nutrex-glutamine-drive-300-g\/","og_locale":"fr_FR","og_type":"article","og_title":"NUTREX GLUTAMINE DRIVE 300 G - Paracherkaoui.ma","og_description":"L-Glutamine Drive de Nutrex aide \u00e0 maintenir les niveaux optimaux de glutamine musculaire. Il favorise le d\u00e9veloppement de muscles forts","og_url":"https:\/\/paracherkaoui.ma\/index.php\/produit\/nutrex-glutamine-drive-300-g\/","og_site_name":"Paracherkaoui.ma","article_modified_time":"2025-12-12T18:46:25+00:00","og_image":[{"width":700,"height":700,"url":"https:\/\/paracherkaoui.ma\/wp-content\/uploads\/2025\/12\/nutrex-nutrex-glutamine-drive-300-g-special-sport.jpg","type":"image\/jpeg"}],"twitter_card":"summary_large_image","twitter_misc":{"Dur\u00e9e de lecture estim\u00e9e":"1 minute"},"schema":{"@context":"https:\/\/schema.org","@graph":[{"@type":"WebPage","@id":"https:\/\/paracherkaoui.ma\/index.php\/produit\/nutrex-glutamine-drive-300-g\/","url":"https:\/\/paracherkaoui.ma\/index.php\/produit\/nutrex-glutamine-drive-300-g\/","name":"NUTREX GLUTAMINE DRIVE 300 G - Paracherkaoui.ma","isPartOf":{"@id":"https:\/\/paracherkaoui.ma\/#website"},"primaryImageOfPage":{"@id":"https:\/\/paracherkaoui.ma\/index.php\/produit\/nutrex-glutamine-drive-300-g\/#primaryimage"},"image":{"@id":"https:\/\/paracherkaoui.ma\/index.php\/produit\/nutrex-glutamine-drive-300-g\/#primaryimage"},"thumbnailUrl":"https:\/\/paracherkaoui.ma\/wp-content\/uploads\/2025\/12\/nutrex-nutrex-glutamine-drive-300-g-special-sport.jpg","datePublished":"2025-12-12T18:46:21+00:00","dateModified":"2025-12-12T18:46:25+00:00","breadcrumb":{"@id":"https:\/\/paracherkaoui.ma\/index.php\/produit\/nutrex-glutamine-drive-300-g\/#breadcrumb"},"inLanguage":"fr-FR","potentialAction":[{"@type":"ReadAction","target":["https:\/\/paracherkaoui.ma\/index.php\/produit\/nutrex-glutamine-drive-300-g\/"]}]},{"@type":"ImageObject","inLanguage":"fr-FR","@id":"https:\/\/paracherkaoui.ma\/index.php\/produit\/nutrex-glutamine-drive-300-g\/#primaryimage","url":"https:\/\/paracherkaoui.ma\/wp-content\/uploads\/2025\/12\/nutrex-nutrex-glutamine-drive-300-g-special-sport.jpg","contentUrl":"https:\/\/paracherkaoui.ma\/wp-content\/uploads\/2025\/12\/nutrex-nutrex-glutamine-drive-300-g-special-sport.jpg","width":700,"height":700},{"@type":"BreadcrumbList","@id":"https:\/\/paracherkaoui.ma\/index.php\/produit\/nutrex-glutamine-drive-300-g\/#breadcrumb","itemListElement":[{"@type":"ListItem","position":1,"name":"Accueil","item":"https:\/\/paracherkaoui.ma\/"},{"@type":"ListItem","position":2,"name":"Boutique","item":"https:\/\/paracherkaoui.ma\/index.php\/boutique\/"},{"@type":"ListItem","position":3,"name":"NUTREX GLUTAMINE DRIVE 300 G"}]},{"@type":"WebSite","@id":"https:\/\/paracherkaoui.ma\/#website","url":"https:\/\/paracherkaoui.ma\/","name":"Paracherkaoui.ma","description":"Achetez en ligne sur Paracherkaoui.ma","potentialAction":[{"@type":"SearchAction","target":{"@type":"EntryPoint","urlTemplate":"https:\/\/paracherkaoui.ma\/?s={search_term_string}"},"query-input":{"@type":"PropertyValueSpecification","valueRequired":true,"valueName":"search_term_string"}}],"inLanguage":"fr-FR"}]}},"_links":{"self":[{"href":"https:\/\/paracherkaoui.ma\/index.php\/wp-json\/wp\/v2\/product\/56688","targetHints":{"allow":["GET"]}}],"collection":[{"href":"https:\/\/paracherkaoui.ma\/index.php\/wp-json\/wp\/v2\/product"}],"about":[{"href":"https:\/\/paracherkaoui.ma\/index.php\/wp-json\/wp\/v2\/types\/product"}],"replies":[{"embeddable":true,"href":"https:\/\/paracherkaoui.ma\/index.php\/wp-json\/wp\/v2\/comments?post=56688"}],"version-history":[{"count":1,"href":"https:\/\/paracherkaoui.ma\/index.php\/wp-json\/wp\/v2\/product\/56688\/revisions"}],"predecessor-version":[{"id":56729,"href":"https:\/\/paracherkaoui.ma\/index.php\/wp-json\/wp\/v2\/product\/56688\/revisions\/56729"}],"wp:featuredmedia":[{"embeddable":true,"href":"https:\/\/paracherkaoui.ma\/index.php\/wp-json\/wp\/v2\/media\/56728"}],"wp:attachment":[{"href":"https:\/\/paracherkaoui.ma\/index.php\/wp-json\/wp\/v2\/media?parent=56688"}],"wp:term":[{"taxonomy":"product_brand","embeddable":true,"href":"https:\/\/paracherkaoui.ma\/index.php\/wp-json\/wp\/v2\/product_brand?post=56688"},{"taxonomy":"product_cat","embeddable":true,"href":"https:\/\/paracherkaoui.ma\/index.php\/wp-json\/wp\/v2\/product_cat?post=56688"},{"taxonomy":"product_tag","embeddable":true,"href":"https:\/\/paracherkaoui.ma\/index.php\/wp-json\/wp\/v2\/product_tag?post=56688"}],"curies":[{"name":"wp","href":"https:\/\/api.w.org\/{rel}","templated":true}]}}