{"id":56685,"date":"2025-12-12T19:46:20","date_gmt":"2025-12-12T18:46:20","guid":{"rendered":"https:\/\/test.ecbeaute.com\/?post_type=product&#038;p=56685"},"modified":"2025-12-12T19:46:25","modified_gmt":"2025-12-12T18:46:25","slug":"nutrex-caffeine-200-60-capsules","status":"publish","type":"product","link":"https:\/\/paracherkaoui.ma\/index.php\/produit\/nutrex-caffeine-200-60-capsules\/","title":{"rendered":"NUTREX CAFFEINE 200 60 CAPSULES"},"content":{"rendered":"<p>Gagnez votre journ\u00e9e avec un regain d&rsquo;\u00e9nergie de CAFFEINE 200. Chaque capsule fournit 200 mg de caf\u00e9ine anhydre \u00e0 action rapide pour une meilleure vivacit\u00e9 d&rsquo;esprit, une concentration accrue et une r\u00e9duction de la fatigue. Booster Augmentez votre \u00e9nergie et votre endurance avec CAF\u00c9INE 200. Optimisez vos activit\u00e9s quotidiennes ou votre entra\u00eenement avec une seule capsule. Am\u00e9liorez votre concentration avec CAF\u00c9INE 200 et obtenez la clart\u00e9 mentale et la pr\u00e9cision cognitive n\u00e9cessaires pour garder le cap sur vos objectifs et rester sur la bonne voie. Combattez la fatigue avec cette source de caf\u00e9ine \u00e0 action rapide et pratique &#8211; \u00e0 tout moment et partout o\u00f9 vous en avez besoin. CONSEILS D&rsquo;UTILISATION: Pour plus d&rsquo;\u00e9nergie et pour aider \u00e0 am\u00e9liorer votre vivacit\u00e9 d&rsquo;esprit, prenez 1 capsule 30 minutes avant l&rsquo;exercice ou selon vos besoins. Ne prenez pas plus d&rsquo;une capsule par p\u00e9riode de 12 heures.<\/p>\n","protected":false},"excerpt":{"rendered":"<p>Gagnez votre journ\u00e9e avec un regain d&rsquo;\u00e9nergie de CAFFEINE 200. Chaque capsule fournit 200 mg de caf\u00e9ine anhydre \u00e0 action<\/p>\n","protected":false},"featured_media":56723,"comment_status":"open","ping_status":"closed","template":"","meta":[],"product_brand":[1097],"product_cat":[1092],"product_tag":[],"class_list":{"0":"post-56685","1":"product","2":"type-product","3":"status-publish","4":"has-post-thumbnail","6":"product_brand-nutrex","7":"product_cat-special-sport","9":"first","10":"instock","11":"shipping-taxable","12":"purchasable","13":"product-type-simple"},"yoast_head":"<!-- This site is optimized with the Yoast SEO plugin v26.6 - https:\/\/yoast.com\/wordpress\/plugins\/seo\/ -->\r\n<title>NUTREX CAFFEINE 200 60 CAPSULES - Paracherkaoui.ma<\/title>\r\n<meta name=\"robots\" content=\"index, follow, max-snippet:-1, max-image-preview:large, max-video-preview:-1\" \/>\r\n<link rel=\"canonical\" href=\"https:\/\/paracherkaoui.ma\/index.php\/produit\/nutrex-caffeine-200-60-capsules\/\" \/>\r\n<meta property=\"og:locale\" content=\"fr_FR\" \/>\r\n<meta property=\"og:type\" content=\"article\" \/>\r\n<meta property=\"og:title\" content=\"NUTREX CAFFEINE 200 60 CAPSULES - Paracherkaoui.ma\" \/>\r\n<meta property=\"og:description\" content=\"Gagnez votre journ\u00e9e avec un regain d&rsquo;\u00e9nergie de CAFFEINE 200. Chaque capsule fournit 200 mg de caf\u00e9ine anhydre \u00e0 action\" \/>\r\n<meta property=\"og:url\" content=\"https:\/\/paracherkaoui.ma\/index.php\/produit\/nutrex-caffeine-200-60-capsules\/\" \/>\r\n<meta property=\"og:site_name\" content=\"Paracherkaoui.ma\" \/>\r\n<meta property=\"article:modified_time\" content=\"2025-12-12T18:46:25+00:00\" \/>\r\n<meta property=\"og:image\" content=\"https:\/\/paracherkaoui.ma\/wp-content\/uploads\/2025\/12\/nutrex-nutrex-caffeine-200-60-capsules-special-sport.jpg\" \/>\r\n\t<meta property=\"og:image:width\" content=\"700\" \/>\r\n\t<meta property=\"og:image:height\" content=\"700\" \/>\r\n\t<meta property=\"og:image:type\" content=\"image\/jpeg\" \/>\r\n<meta name=\"twitter:card\" content=\"summary_large_image\" \/>\r\n<meta name=\"twitter:label1\" content=\"Dur\u00e9e de lecture estim\u00e9e\" \/>\n\t<meta name=\"twitter:data1\" content=\"1 minute\" \/>\r\n<script type=\"application\/ld+json\" class=\"yoast-schema-graph\">{\"@context\":\"https:\/\/schema.org\",\"@graph\":[{\"@type\":\"WebPage\",\"@id\":\"https:\/\/paracherkaoui.ma\/index.php\/produit\/nutrex-caffeine-200-60-capsules\/\",\"url\":\"https:\/\/paracherkaoui.ma\/index.php\/produit\/nutrex-caffeine-200-60-capsules\/\",\"name\":\"NUTREX CAFFEINE 200 60 CAPSULES - Paracherkaoui.ma\",\"isPartOf\":{\"@id\":\"https:\/\/paracherkaoui.ma\/#website\"},\"primaryImageOfPage\":{\"@id\":\"https:\/\/paracherkaoui.ma\/index.php\/produit\/nutrex-caffeine-200-60-capsules\/#primaryimage\"},\"image\":{\"@id\":\"https:\/\/paracherkaoui.ma\/index.php\/produit\/nutrex-caffeine-200-60-capsules\/#primaryimage\"},\"thumbnailUrl\":\"https:\/\/paracherkaoui.ma\/wp-content\/uploads\/2025\/12\/nutrex-nutrex-caffeine-200-60-capsules-special-sport.jpg\",\"datePublished\":\"2025-12-12T18:46:20+00:00\",\"dateModified\":\"2025-12-12T18:46:25+00:00\",\"breadcrumb\":{\"@id\":\"https:\/\/paracherkaoui.ma\/index.php\/produit\/nutrex-caffeine-200-60-capsules\/#breadcrumb\"},\"inLanguage\":\"fr-FR\",\"potentialAction\":[{\"@type\":\"ReadAction\",\"target\":[\"https:\/\/paracherkaoui.ma\/index.php\/produit\/nutrex-caffeine-200-60-capsules\/\"]}]},{\"@type\":\"ImageObject\",\"inLanguage\":\"fr-FR\",\"@id\":\"https:\/\/paracherkaoui.ma\/index.php\/produit\/nutrex-caffeine-200-60-capsules\/#primaryimage\",\"url\":\"https:\/\/paracherkaoui.ma\/wp-content\/uploads\/2025\/12\/nutrex-nutrex-caffeine-200-60-capsules-special-sport.jpg\",\"contentUrl\":\"https:\/\/paracherkaoui.ma\/wp-content\/uploads\/2025\/12\/nutrex-nutrex-caffeine-200-60-capsules-special-sport.jpg\",\"width\":700,\"height\":700},{\"@type\":\"BreadcrumbList\",\"@id\":\"https:\/\/paracherkaoui.ma\/index.php\/produit\/nutrex-caffeine-200-60-capsules\/#breadcrumb\",\"itemListElement\":[{\"@type\":\"ListItem\",\"position\":1,\"name\":\"Accueil\",\"item\":\"https:\/\/paracherkaoui.ma\/\"},{\"@type\":\"ListItem\",\"position\":2,\"name\":\"Boutique\",\"item\":\"https:\/\/paracherkaoui.ma\/index.php\/boutique\/\"},{\"@type\":\"ListItem\",\"position\":3,\"name\":\"NUTREX CAFFEINE 200 60 CAPSULES\"}]},{\"@type\":\"WebSite\",\"@id\":\"https:\/\/paracherkaoui.ma\/#website\",\"url\":\"https:\/\/paracherkaoui.ma\/\",\"name\":\"Paracherkaoui.ma\",\"description\":\"Achetez en ligne sur Paracherkaoui.ma\",\"potentialAction\":[{\"@type\":\"SearchAction\",\"target\":{\"@type\":\"EntryPoint\",\"urlTemplate\":\"https:\/\/paracherkaoui.ma\/?s={search_term_string}\"},\"query-input\":{\"@type\":\"PropertyValueSpecification\",\"valueRequired\":true,\"valueName\":\"search_term_string\"}}],\"inLanguage\":\"fr-FR\"}]}<\/script>\r\n<!-- \/ Yoast SEO plugin. -->","yoast_head_json":{"title":"NUTREX CAFFEINE 200 60 CAPSULES - Paracherkaoui.ma","robots":{"index":"index","follow":"follow","max-snippet":"max-snippet:-1","max-image-preview":"max-image-preview:large","max-video-preview":"max-video-preview:-1"},"canonical":"https:\/\/paracherkaoui.ma\/index.php\/produit\/nutrex-caffeine-200-60-capsules\/","og_locale":"fr_FR","og_type":"article","og_title":"NUTREX CAFFEINE 200 60 CAPSULES - Paracherkaoui.ma","og_description":"Gagnez votre journ\u00e9e avec un regain d&rsquo;\u00e9nergie de CAFFEINE 200. Chaque capsule fournit 200 mg de caf\u00e9ine anhydre \u00e0 action","og_url":"https:\/\/paracherkaoui.ma\/index.php\/produit\/nutrex-caffeine-200-60-capsules\/","og_site_name":"Paracherkaoui.ma","article_modified_time":"2025-12-12T18:46:25+00:00","og_image":[{"width":700,"height":700,"url":"https:\/\/paracherkaoui.ma\/wp-content\/uploads\/2025\/12\/nutrex-nutrex-caffeine-200-60-capsules-special-sport.jpg","type":"image\/jpeg"}],"twitter_card":"summary_large_image","twitter_misc":{"Dur\u00e9e de lecture estim\u00e9e":"1 minute"},"schema":{"@context":"https:\/\/schema.org","@graph":[{"@type":"WebPage","@id":"https:\/\/paracherkaoui.ma\/index.php\/produit\/nutrex-caffeine-200-60-capsules\/","url":"https:\/\/paracherkaoui.ma\/index.php\/produit\/nutrex-caffeine-200-60-capsules\/","name":"NUTREX CAFFEINE 200 60 CAPSULES - Paracherkaoui.ma","isPartOf":{"@id":"https:\/\/paracherkaoui.ma\/#website"},"primaryImageOfPage":{"@id":"https:\/\/paracherkaoui.ma\/index.php\/produit\/nutrex-caffeine-200-60-capsules\/#primaryimage"},"image":{"@id":"https:\/\/paracherkaoui.ma\/index.php\/produit\/nutrex-caffeine-200-60-capsules\/#primaryimage"},"thumbnailUrl":"https:\/\/paracherkaoui.ma\/wp-content\/uploads\/2025\/12\/nutrex-nutrex-caffeine-200-60-capsules-special-sport.jpg","datePublished":"2025-12-12T18:46:20+00:00","dateModified":"2025-12-12T18:46:25+00:00","breadcrumb":{"@id":"https:\/\/paracherkaoui.ma\/index.php\/produit\/nutrex-caffeine-200-60-capsules\/#breadcrumb"},"inLanguage":"fr-FR","potentialAction":[{"@type":"ReadAction","target":["https:\/\/paracherkaoui.ma\/index.php\/produit\/nutrex-caffeine-200-60-capsules\/"]}]},{"@type":"ImageObject","inLanguage":"fr-FR","@id":"https:\/\/paracherkaoui.ma\/index.php\/produit\/nutrex-caffeine-200-60-capsules\/#primaryimage","url":"https:\/\/paracherkaoui.ma\/wp-content\/uploads\/2025\/12\/nutrex-nutrex-caffeine-200-60-capsules-special-sport.jpg","contentUrl":"https:\/\/paracherkaoui.ma\/wp-content\/uploads\/2025\/12\/nutrex-nutrex-caffeine-200-60-capsules-special-sport.jpg","width":700,"height":700},{"@type":"BreadcrumbList","@id":"https:\/\/paracherkaoui.ma\/index.php\/produit\/nutrex-caffeine-200-60-capsules\/#breadcrumb","itemListElement":[{"@type":"ListItem","position":1,"name":"Accueil","item":"https:\/\/paracherkaoui.ma\/"},{"@type":"ListItem","position":2,"name":"Boutique","item":"https:\/\/paracherkaoui.ma\/index.php\/boutique\/"},{"@type":"ListItem","position":3,"name":"NUTREX CAFFEINE 200 60 CAPSULES"}]},{"@type":"WebSite","@id":"https:\/\/paracherkaoui.ma\/#website","url":"https:\/\/paracherkaoui.ma\/","name":"Paracherkaoui.ma","description":"Achetez en ligne sur Paracherkaoui.ma","potentialAction":[{"@type":"SearchAction","target":{"@type":"EntryPoint","urlTemplate":"https:\/\/paracherkaoui.ma\/?s={search_term_string}"},"query-input":{"@type":"PropertyValueSpecification","valueRequired":true,"valueName":"search_term_string"}}],"inLanguage":"fr-FR"}]}},"_links":{"self":[{"href":"https:\/\/paracherkaoui.ma\/index.php\/wp-json\/wp\/v2\/product\/56685","targetHints":{"allow":["GET"]}}],"collection":[{"href":"https:\/\/paracherkaoui.ma\/index.php\/wp-json\/wp\/v2\/product"}],"about":[{"href":"https:\/\/paracherkaoui.ma\/index.php\/wp-json\/wp\/v2\/types\/product"}],"replies":[{"embeddable":true,"href":"https:\/\/paracherkaoui.ma\/index.php\/wp-json\/wp\/v2\/comments?post=56685"}],"version-history":[{"count":1,"href":"https:\/\/paracherkaoui.ma\/index.php\/wp-json\/wp\/v2\/product\/56685\/revisions"}],"predecessor-version":[{"id":56724,"href":"https:\/\/paracherkaoui.ma\/index.php\/wp-json\/wp\/v2\/product\/56685\/revisions\/56724"}],"wp:featuredmedia":[{"embeddable":true,"href":"https:\/\/paracherkaoui.ma\/index.php\/wp-json\/wp\/v2\/media\/56723"}],"wp:attachment":[{"href":"https:\/\/paracherkaoui.ma\/index.php\/wp-json\/wp\/v2\/media?parent=56685"}],"wp:term":[{"taxonomy":"product_brand","embeddable":true,"href":"https:\/\/paracherkaoui.ma\/index.php\/wp-json\/wp\/v2\/product_brand?post=56685"},{"taxonomy":"product_cat","embeddable":true,"href":"https:\/\/paracherkaoui.ma\/index.php\/wp-json\/wp\/v2\/product_cat?post=56685"},{"taxonomy":"product_tag","embeddable":true,"href":"https:\/\/paracherkaoui.ma\/index.php\/wp-json\/wp\/v2\/product_tag?post=56685"}],"curies":[{"name":"wp","href":"https:\/\/api.w.org\/{rel}","templated":true}]}}