{"id":56684,"date":"2025-12-12T19:46:20","date_gmt":"2025-12-12T18:46:20","guid":{"rendered":"https:\/\/test.ecbeaute.com\/?post_type=product&#038;p=56684"},"modified":"2025-12-12T19:46:24","modified_gmt":"2025-12-12T18:46:24","slug":"nutrex-lipo-6-stim-free-60-capsules","status":"publish","type":"product","link":"https:\/\/paracherkaoui.ma\/index.php\/produit\/nutrex-lipo-6-stim-free-60-capsules\/","title":{"rendered":"NUTREX LIPO 6 STIM FREE 60 CAPSULES"},"content":{"rendered":"<p>Il s&rsquo;agit de notre version ultra concentr\u00e9e en un seul comprim\u00e9, sans stimulants, de notre populaire et tr\u00e8s efficace LIPO-6 BLACK UC. Une seule capsule am\u00e9liorera efficacement votre m\u00e9tabolisme et vous aidera \u00e0 utiliser la graisse corporelle stock\u00e9e afin qu&rsquo;elle puisse \u00eatre br\u00fbl\u00e9e plus rapidement. La formule fonctionne de mani\u00e8re totalement stimulante et sans caf\u00e9ine. C&rsquo;est le choix id\u00e9al pour ceux qui cherchent \u00e0 r\u00e9duire la graisse corporelle et \u00e0 perdre du poids tout en \u00e9vitant compl\u00e8tement les stimulants. Il convient \u00e9galement aux personnes qui aiment alterner entre les produits amaigrissants qui n\u2019utilisent pas de stimulants et ceux qui en utilisent. Par exemple, vous pouvez prendre notre Lipo-6 Black UC r\u00e9gulier pendant la journ\u00e9e pour b\u00e9n\u00e9ficier de ses effets \u00e9nerg\u00e9tiques et utiliser la version sans stimulant la nuit pour stimuler votre m\u00e9tabolisme pendant votre sommeil sans avoir \u00e0 craindre qu&rsquo;il ne persiste. tu es debout. LIPO-6 BLACK UC STIM-FREE est un outil de perte de poids efficace et abordable CONSEILS D&rsquo;UTILISATION: Prendre une capsule par jour<\/p>\n","protected":false},"excerpt":{"rendered":"<p>Il s&rsquo;agit de notre version ultra concentr\u00e9e en un seul comprim\u00e9, sans stimulants, de notre populaire et tr\u00e8s efficace LIPO-6<\/p>\n","protected":false},"featured_media":56721,"comment_status":"open","ping_status":"closed","template":"","meta":[],"product_brand":[1097],"product_cat":[1092],"product_tag":[],"class_list":{"0":"post-56684","1":"product","2":"type-product","3":"status-publish","4":"has-post-thumbnail","6":"product_brand-nutrex","7":"product_cat-special-sport","9":"first","10":"instock","11":"shipping-taxable","12":"purchasable","13":"product-type-simple"},"yoast_head":"<!-- This site is optimized with the Yoast SEO plugin v26.6 - https:\/\/yoast.com\/wordpress\/plugins\/seo\/ -->\r\n<title>NUTREX LIPO 6 STIM FREE 60 CAPSULES - Paracherkaoui.ma<\/title>\r\n<meta name=\"robots\" content=\"index, follow, max-snippet:-1, max-image-preview:large, max-video-preview:-1\" \/>\r\n<link rel=\"canonical\" href=\"https:\/\/paracherkaoui.ma\/index.php\/produit\/nutrex-lipo-6-stim-free-60-capsules\/\" \/>\r\n<meta property=\"og:locale\" content=\"fr_FR\" \/>\r\n<meta property=\"og:type\" content=\"article\" \/>\r\n<meta property=\"og:title\" content=\"NUTREX LIPO 6 STIM FREE 60 CAPSULES - Paracherkaoui.ma\" \/>\r\n<meta property=\"og:description\" content=\"Il s&rsquo;agit de notre version ultra concentr\u00e9e en un seul comprim\u00e9, sans stimulants, de notre populaire et tr\u00e8s efficace LIPO-6\" \/>\r\n<meta property=\"og:url\" content=\"https:\/\/paracherkaoui.ma\/index.php\/produit\/nutrex-lipo-6-stim-free-60-capsules\/\" \/>\r\n<meta property=\"og:site_name\" content=\"Paracherkaoui.ma\" \/>\r\n<meta property=\"article:modified_time\" content=\"2025-12-12T18:46:24+00:00\" \/>\r\n<meta property=\"og:image\" content=\"https:\/\/paracherkaoui.ma\/wp-content\/uploads\/2025\/12\/nutrex-nutrex-lipo-6-stim-free-60-capsules-special-sport.jpg\" \/>\r\n\t<meta property=\"og:image:width\" content=\"700\" \/>\r\n\t<meta property=\"og:image:height\" content=\"700\" \/>\r\n\t<meta property=\"og:image:type\" content=\"image\/jpeg\" \/>\r\n<meta name=\"twitter:card\" content=\"summary_large_image\" \/>\r\n<meta name=\"twitter:label1\" content=\"Dur\u00e9e de lecture estim\u00e9e\" \/>\n\t<meta name=\"twitter:data1\" content=\"1 minute\" \/>\r\n<script type=\"application\/ld+json\" class=\"yoast-schema-graph\">{\"@context\":\"https:\/\/schema.org\",\"@graph\":[{\"@type\":\"WebPage\",\"@id\":\"https:\/\/paracherkaoui.ma\/index.php\/produit\/nutrex-lipo-6-stim-free-60-capsules\/\",\"url\":\"https:\/\/paracherkaoui.ma\/index.php\/produit\/nutrex-lipo-6-stim-free-60-capsules\/\",\"name\":\"NUTREX LIPO 6 STIM FREE 60 CAPSULES - Paracherkaoui.ma\",\"isPartOf\":{\"@id\":\"https:\/\/paracherkaoui.ma\/#website\"},\"primaryImageOfPage\":{\"@id\":\"https:\/\/paracherkaoui.ma\/index.php\/produit\/nutrex-lipo-6-stim-free-60-capsules\/#primaryimage\"},\"image\":{\"@id\":\"https:\/\/paracherkaoui.ma\/index.php\/produit\/nutrex-lipo-6-stim-free-60-capsules\/#primaryimage\"},\"thumbnailUrl\":\"https:\/\/paracherkaoui.ma\/wp-content\/uploads\/2025\/12\/nutrex-nutrex-lipo-6-stim-free-60-capsules-special-sport.jpg\",\"datePublished\":\"2025-12-12T18:46:20+00:00\",\"dateModified\":\"2025-12-12T18:46:24+00:00\",\"breadcrumb\":{\"@id\":\"https:\/\/paracherkaoui.ma\/index.php\/produit\/nutrex-lipo-6-stim-free-60-capsules\/#breadcrumb\"},\"inLanguage\":\"fr-FR\",\"potentialAction\":[{\"@type\":\"ReadAction\",\"target\":[\"https:\/\/paracherkaoui.ma\/index.php\/produit\/nutrex-lipo-6-stim-free-60-capsules\/\"]}]},{\"@type\":\"ImageObject\",\"inLanguage\":\"fr-FR\",\"@id\":\"https:\/\/paracherkaoui.ma\/index.php\/produit\/nutrex-lipo-6-stim-free-60-capsules\/#primaryimage\",\"url\":\"https:\/\/paracherkaoui.ma\/wp-content\/uploads\/2025\/12\/nutrex-nutrex-lipo-6-stim-free-60-capsules-special-sport.jpg\",\"contentUrl\":\"https:\/\/paracherkaoui.ma\/wp-content\/uploads\/2025\/12\/nutrex-nutrex-lipo-6-stim-free-60-capsules-special-sport.jpg\",\"width\":700,\"height\":700},{\"@type\":\"BreadcrumbList\",\"@id\":\"https:\/\/paracherkaoui.ma\/index.php\/produit\/nutrex-lipo-6-stim-free-60-capsules\/#breadcrumb\",\"itemListElement\":[{\"@type\":\"ListItem\",\"position\":1,\"name\":\"Accueil\",\"item\":\"https:\/\/paracherkaoui.ma\/\"},{\"@type\":\"ListItem\",\"position\":2,\"name\":\"Boutique\",\"item\":\"https:\/\/paracherkaoui.ma\/index.php\/boutique\/\"},{\"@type\":\"ListItem\",\"position\":3,\"name\":\"NUTREX LIPO 6 STIM FREE 60 CAPSULES\"}]},{\"@type\":\"WebSite\",\"@id\":\"https:\/\/paracherkaoui.ma\/#website\",\"url\":\"https:\/\/paracherkaoui.ma\/\",\"name\":\"Paracherkaoui.ma\",\"description\":\"Achetez en ligne sur Paracherkaoui.ma\",\"potentialAction\":[{\"@type\":\"SearchAction\",\"target\":{\"@type\":\"EntryPoint\",\"urlTemplate\":\"https:\/\/paracherkaoui.ma\/?s={search_term_string}\"},\"query-input\":{\"@type\":\"PropertyValueSpecification\",\"valueRequired\":true,\"valueName\":\"search_term_string\"}}],\"inLanguage\":\"fr-FR\"}]}<\/script>\r\n<!-- \/ Yoast SEO plugin. -->","yoast_head_json":{"title":"NUTREX LIPO 6 STIM FREE 60 CAPSULES - Paracherkaoui.ma","robots":{"index":"index","follow":"follow","max-snippet":"max-snippet:-1","max-image-preview":"max-image-preview:large","max-video-preview":"max-video-preview:-1"},"canonical":"https:\/\/paracherkaoui.ma\/index.php\/produit\/nutrex-lipo-6-stim-free-60-capsules\/","og_locale":"fr_FR","og_type":"article","og_title":"NUTREX LIPO 6 STIM FREE 60 CAPSULES - Paracherkaoui.ma","og_description":"Il s&rsquo;agit de notre version ultra concentr\u00e9e en un seul comprim\u00e9, sans stimulants, de notre populaire et tr\u00e8s efficace LIPO-6","og_url":"https:\/\/paracherkaoui.ma\/index.php\/produit\/nutrex-lipo-6-stim-free-60-capsules\/","og_site_name":"Paracherkaoui.ma","article_modified_time":"2025-12-12T18:46:24+00:00","og_image":[{"width":700,"height":700,"url":"https:\/\/paracherkaoui.ma\/wp-content\/uploads\/2025\/12\/nutrex-nutrex-lipo-6-stim-free-60-capsules-special-sport.jpg","type":"image\/jpeg"}],"twitter_card":"summary_large_image","twitter_misc":{"Dur\u00e9e de lecture estim\u00e9e":"1 minute"},"schema":{"@context":"https:\/\/schema.org","@graph":[{"@type":"WebPage","@id":"https:\/\/paracherkaoui.ma\/index.php\/produit\/nutrex-lipo-6-stim-free-60-capsules\/","url":"https:\/\/paracherkaoui.ma\/index.php\/produit\/nutrex-lipo-6-stim-free-60-capsules\/","name":"NUTREX LIPO 6 STIM FREE 60 CAPSULES - Paracherkaoui.ma","isPartOf":{"@id":"https:\/\/paracherkaoui.ma\/#website"},"primaryImageOfPage":{"@id":"https:\/\/paracherkaoui.ma\/index.php\/produit\/nutrex-lipo-6-stim-free-60-capsules\/#primaryimage"},"image":{"@id":"https:\/\/paracherkaoui.ma\/index.php\/produit\/nutrex-lipo-6-stim-free-60-capsules\/#primaryimage"},"thumbnailUrl":"https:\/\/paracherkaoui.ma\/wp-content\/uploads\/2025\/12\/nutrex-nutrex-lipo-6-stim-free-60-capsules-special-sport.jpg","datePublished":"2025-12-12T18:46:20+00:00","dateModified":"2025-12-12T18:46:24+00:00","breadcrumb":{"@id":"https:\/\/paracherkaoui.ma\/index.php\/produit\/nutrex-lipo-6-stim-free-60-capsules\/#breadcrumb"},"inLanguage":"fr-FR","potentialAction":[{"@type":"ReadAction","target":["https:\/\/paracherkaoui.ma\/index.php\/produit\/nutrex-lipo-6-stim-free-60-capsules\/"]}]},{"@type":"ImageObject","inLanguage":"fr-FR","@id":"https:\/\/paracherkaoui.ma\/index.php\/produit\/nutrex-lipo-6-stim-free-60-capsules\/#primaryimage","url":"https:\/\/paracherkaoui.ma\/wp-content\/uploads\/2025\/12\/nutrex-nutrex-lipo-6-stim-free-60-capsules-special-sport.jpg","contentUrl":"https:\/\/paracherkaoui.ma\/wp-content\/uploads\/2025\/12\/nutrex-nutrex-lipo-6-stim-free-60-capsules-special-sport.jpg","width":700,"height":700},{"@type":"BreadcrumbList","@id":"https:\/\/paracherkaoui.ma\/index.php\/produit\/nutrex-lipo-6-stim-free-60-capsules\/#breadcrumb","itemListElement":[{"@type":"ListItem","position":1,"name":"Accueil","item":"https:\/\/paracherkaoui.ma\/"},{"@type":"ListItem","position":2,"name":"Boutique","item":"https:\/\/paracherkaoui.ma\/index.php\/boutique\/"},{"@type":"ListItem","position":3,"name":"NUTREX LIPO 6 STIM FREE 60 CAPSULES"}]},{"@type":"WebSite","@id":"https:\/\/paracherkaoui.ma\/#website","url":"https:\/\/paracherkaoui.ma\/","name":"Paracherkaoui.ma","description":"Achetez en ligne sur Paracherkaoui.ma","potentialAction":[{"@type":"SearchAction","target":{"@type":"EntryPoint","urlTemplate":"https:\/\/paracherkaoui.ma\/?s={search_term_string}"},"query-input":{"@type":"PropertyValueSpecification","valueRequired":true,"valueName":"search_term_string"}}],"inLanguage":"fr-FR"}]}},"_links":{"self":[{"href":"https:\/\/paracherkaoui.ma\/index.php\/wp-json\/wp\/v2\/product\/56684","targetHints":{"allow":["GET"]}}],"collection":[{"href":"https:\/\/paracherkaoui.ma\/index.php\/wp-json\/wp\/v2\/product"}],"about":[{"href":"https:\/\/paracherkaoui.ma\/index.php\/wp-json\/wp\/v2\/types\/product"}],"replies":[{"embeddable":true,"href":"https:\/\/paracherkaoui.ma\/index.php\/wp-json\/wp\/v2\/comments?post=56684"}],"version-history":[{"count":1,"href":"https:\/\/paracherkaoui.ma\/index.php\/wp-json\/wp\/v2\/product\/56684\/revisions"}],"predecessor-version":[{"id":56722,"href":"https:\/\/paracherkaoui.ma\/index.php\/wp-json\/wp\/v2\/product\/56684\/revisions\/56722"}],"wp:featuredmedia":[{"embeddable":true,"href":"https:\/\/paracherkaoui.ma\/index.php\/wp-json\/wp\/v2\/media\/56721"}],"wp:attachment":[{"href":"https:\/\/paracherkaoui.ma\/index.php\/wp-json\/wp\/v2\/media?parent=56684"}],"wp:term":[{"taxonomy":"product_brand","embeddable":true,"href":"https:\/\/paracherkaoui.ma\/index.php\/wp-json\/wp\/v2\/product_brand?post=56684"},{"taxonomy":"product_cat","embeddable":true,"href":"https:\/\/paracherkaoui.ma\/index.php\/wp-json\/wp\/v2\/product_cat?post=56684"},{"taxonomy":"product_tag","embeddable":true,"href":"https:\/\/paracherkaoui.ma\/index.php\/wp-json\/wp\/v2\/product_tag?post=56684"}],"curies":[{"name":"wp","href":"https:\/\/api.w.org\/{rel}","templated":true}]}}