{"id":56405,"date":"2025-12-12T19:45:35","date_gmt":"2025-12-12T18:45:35","guid":{"rendered":"https:\/\/test.ecbeaute.com\/?post_type=product&#038;p=56405"},"modified":"2025-12-12T19:45:40","modified_gmt":"2025-12-12T18:45:40","slug":"nutrimax-ginkgo-biloba-60-comprimes","status":"publish","type":"product","link":"https:\/\/paracherkaoui.ma\/index.php\/produit\/nutrimax-ginkgo-biloba-60-comprimes\/","title":{"rendered":"NUTRIMAX GINKGO BILOBA 60 COMPRIMES"},"content":{"rendered":"<p>Gr\u00e2ce \u00e0 une formule concentr\u00e9e et rigoureusement dos\u00e9e, NutriMax Ginkgo Biloba soutient vos capacit\u00e9s intellectuelles, am\u00e9liore la m\u00e9moire \u00e0 court et long terme, et renforce la concentration, en particulier lors de p\u00e9riodes de stress, de surcharge mentale ou d\u2019examens. Il est \u00e9galement id\u00e9al pour les personnes \u00e2g\u00e9es souhaitant entretenir leur vigilance et leur vivacit\u00e9 d\u2019esprit.<br \/>\nCe compl\u00e9ment est votre alli\u00e9 naturel pour booster vos performances mentales, am\u00e9liorer votre clart\u00e9 cognitive et soutenir la sant\u00e9 c\u00e9r\u00e9brale jour apr\u00e8s jour.<br \/>\nConseils d\u2019utilisation :<br \/>\nPrendre 1 \u00e0 2 comprim\u00e9s par jour, avec un verre d\u2019eau, de pr\u00e9f\u00e9rence le matin.<br \/>\nCure de 2 \u00e0 3 mois recommand\u00e9e pour des effets durables.<br \/>\nConvient aux adultes.<br \/>\nD\u00e9conseill\u00e9 aux femmes enceintes ou allaitantes sans avis m\u00e9dical, et aux personnes sous traitement anticoagulant.<br \/>\nComposition :<br \/>\nExtrait de Ginkgo Biloba standardis\u00e9 en flavones glycosides 4% et en lactones terp\u00e9niques 1% \u2013 Excipients : Maltodextrine, St\u00e9arate de Mg, g\u00e9lule d\u2019origine v\u00e9g\u00e9tale (HPMC).<\/p>\n","protected":false},"excerpt":{"rendered":"<p>Gr\u00e2ce \u00e0 une formule concentr\u00e9e et rigoureusement dos\u00e9e, NutriMax Ginkgo Biloba soutient vos capacit\u00e9s intellectuelles, am\u00e9liore la m\u00e9moire \u00e0 court<\/p>\n","protected":false},"featured_media":56446,"comment_status":"open","ping_status":"closed","template":"","meta":[],"product_brand":[1008],"product_cat":[1087],"product_tag":[],"class_list":{"0":"post-56405","1":"product","2":"type-product","3":"status-publish","4":"has-post-thumbnail","6":"product_brand-nutrimax","7":"product_cat-memoire-et-concentration","9":"first","10":"instock","11":"sale","12":"shipping-taxable","13":"purchasable","14":"product-type-simple"},"yoast_head":"<!-- This site is optimized with the Yoast SEO plugin v26.6 - https:\/\/yoast.com\/wordpress\/plugins\/seo\/ -->\r\n<title>NUTRIMAX GINKGO BILOBA 60 COMPRIMES - Paracherkaoui.ma<\/title>\r\n<meta name=\"robots\" content=\"index, follow, max-snippet:-1, max-image-preview:large, max-video-preview:-1\" \/>\r\n<link rel=\"canonical\" href=\"https:\/\/paracherkaoui.ma\/index.php\/produit\/nutrimax-ginkgo-biloba-60-comprimes\/\" \/>\r\n<meta property=\"og:locale\" content=\"fr_FR\" \/>\r\n<meta property=\"og:type\" content=\"article\" \/>\r\n<meta property=\"og:title\" content=\"NUTRIMAX GINKGO BILOBA 60 COMPRIMES - Paracherkaoui.ma\" \/>\r\n<meta property=\"og:description\" content=\"Gr\u00e2ce \u00e0 une formule concentr\u00e9e et rigoureusement dos\u00e9e, NutriMax Ginkgo Biloba soutient vos capacit\u00e9s intellectuelles, am\u00e9liore la m\u00e9moire \u00e0 court\" \/>\r\n<meta property=\"og:url\" content=\"https:\/\/paracherkaoui.ma\/index.php\/produit\/nutrimax-ginkgo-biloba-60-comprimes\/\" \/>\r\n<meta property=\"og:site_name\" content=\"Paracherkaoui.ma\" \/>\r\n<meta property=\"article:modified_time\" content=\"2025-12-12T18:45:40+00:00\" \/>\r\n<meta property=\"og:image\" content=\"https:\/\/paracherkaoui.ma\/wp-content\/uploads\/2025\/12\/nutrimax-nutrimax-ginkgo-biloba-60-comprimes-memoire-et-concentration.jpg\" \/>\r\n\t<meta property=\"og:image:width\" content=\"700\" \/>\r\n\t<meta property=\"og:image:height\" content=\"700\" \/>\r\n\t<meta property=\"og:image:type\" content=\"image\/jpeg\" \/>\r\n<meta name=\"twitter:card\" content=\"summary_large_image\" \/>\r\n<meta name=\"twitter:label1\" content=\"Dur\u00e9e de lecture estim\u00e9e\" \/>\n\t<meta name=\"twitter:data1\" content=\"1 minute\" \/>\r\n<script type=\"application\/ld+json\" class=\"yoast-schema-graph\">{\"@context\":\"https:\/\/schema.org\",\"@graph\":[{\"@type\":\"WebPage\",\"@id\":\"https:\/\/paracherkaoui.ma\/index.php\/produit\/nutrimax-ginkgo-biloba-60-comprimes\/\",\"url\":\"https:\/\/paracherkaoui.ma\/index.php\/produit\/nutrimax-ginkgo-biloba-60-comprimes\/\",\"name\":\"NUTRIMAX GINKGO BILOBA 60 COMPRIMES - Paracherkaoui.ma\",\"isPartOf\":{\"@id\":\"https:\/\/paracherkaoui.ma\/#website\"},\"primaryImageOfPage\":{\"@id\":\"https:\/\/paracherkaoui.ma\/index.php\/produit\/nutrimax-ginkgo-biloba-60-comprimes\/#primaryimage\"},\"image\":{\"@id\":\"https:\/\/paracherkaoui.ma\/index.php\/produit\/nutrimax-ginkgo-biloba-60-comprimes\/#primaryimage\"},\"thumbnailUrl\":\"https:\/\/paracherkaoui.ma\/wp-content\/uploads\/2025\/12\/nutrimax-nutrimax-ginkgo-biloba-60-comprimes-memoire-et-concentration.jpg\",\"datePublished\":\"2025-12-12T18:45:35+00:00\",\"dateModified\":\"2025-12-12T18:45:40+00:00\",\"breadcrumb\":{\"@id\":\"https:\/\/paracherkaoui.ma\/index.php\/produit\/nutrimax-ginkgo-biloba-60-comprimes\/#breadcrumb\"},\"inLanguage\":\"fr-FR\",\"potentialAction\":[{\"@type\":\"ReadAction\",\"target\":[\"https:\/\/paracherkaoui.ma\/index.php\/produit\/nutrimax-ginkgo-biloba-60-comprimes\/\"]}]},{\"@type\":\"ImageObject\",\"inLanguage\":\"fr-FR\",\"@id\":\"https:\/\/paracherkaoui.ma\/index.php\/produit\/nutrimax-ginkgo-biloba-60-comprimes\/#primaryimage\",\"url\":\"https:\/\/paracherkaoui.ma\/wp-content\/uploads\/2025\/12\/nutrimax-nutrimax-ginkgo-biloba-60-comprimes-memoire-et-concentration.jpg\",\"contentUrl\":\"https:\/\/paracherkaoui.ma\/wp-content\/uploads\/2025\/12\/nutrimax-nutrimax-ginkgo-biloba-60-comprimes-memoire-et-concentration.jpg\",\"width\":700,\"height\":700},{\"@type\":\"BreadcrumbList\",\"@id\":\"https:\/\/paracherkaoui.ma\/index.php\/produit\/nutrimax-ginkgo-biloba-60-comprimes\/#breadcrumb\",\"itemListElement\":[{\"@type\":\"ListItem\",\"position\":1,\"name\":\"Accueil\",\"item\":\"https:\/\/paracherkaoui.ma\/\"},{\"@type\":\"ListItem\",\"position\":2,\"name\":\"Boutique\",\"item\":\"https:\/\/paracherkaoui.ma\/index.php\/boutique\/\"},{\"@type\":\"ListItem\",\"position\":3,\"name\":\"NUTRIMAX GINKGO BILOBA 60 COMPRIMES\"}]},{\"@type\":\"WebSite\",\"@id\":\"https:\/\/paracherkaoui.ma\/#website\",\"url\":\"https:\/\/paracherkaoui.ma\/\",\"name\":\"Paracherkaoui.ma\",\"description\":\"Achetez en ligne sur Paracherkaoui.ma\",\"potentialAction\":[{\"@type\":\"SearchAction\",\"target\":{\"@type\":\"EntryPoint\",\"urlTemplate\":\"https:\/\/paracherkaoui.ma\/?s={search_term_string}\"},\"query-input\":{\"@type\":\"PropertyValueSpecification\",\"valueRequired\":true,\"valueName\":\"search_term_string\"}}],\"inLanguage\":\"fr-FR\"}]}<\/script>\r\n<!-- \/ Yoast SEO plugin. -->","yoast_head_json":{"title":"NUTRIMAX GINKGO BILOBA 60 COMPRIMES - Paracherkaoui.ma","robots":{"index":"index","follow":"follow","max-snippet":"max-snippet:-1","max-image-preview":"max-image-preview:large","max-video-preview":"max-video-preview:-1"},"canonical":"https:\/\/paracherkaoui.ma\/index.php\/produit\/nutrimax-ginkgo-biloba-60-comprimes\/","og_locale":"fr_FR","og_type":"article","og_title":"NUTRIMAX GINKGO BILOBA 60 COMPRIMES - Paracherkaoui.ma","og_description":"Gr\u00e2ce \u00e0 une formule concentr\u00e9e et rigoureusement dos\u00e9e, NutriMax Ginkgo Biloba soutient vos capacit\u00e9s intellectuelles, am\u00e9liore la m\u00e9moire \u00e0 court","og_url":"https:\/\/paracherkaoui.ma\/index.php\/produit\/nutrimax-ginkgo-biloba-60-comprimes\/","og_site_name":"Paracherkaoui.ma","article_modified_time":"2025-12-12T18:45:40+00:00","og_image":[{"width":700,"height":700,"url":"https:\/\/paracherkaoui.ma\/wp-content\/uploads\/2025\/12\/nutrimax-nutrimax-ginkgo-biloba-60-comprimes-memoire-et-concentration.jpg","type":"image\/jpeg"}],"twitter_card":"summary_large_image","twitter_misc":{"Dur\u00e9e de lecture estim\u00e9e":"1 minute"},"schema":{"@context":"https:\/\/schema.org","@graph":[{"@type":"WebPage","@id":"https:\/\/paracherkaoui.ma\/index.php\/produit\/nutrimax-ginkgo-biloba-60-comprimes\/","url":"https:\/\/paracherkaoui.ma\/index.php\/produit\/nutrimax-ginkgo-biloba-60-comprimes\/","name":"NUTRIMAX GINKGO BILOBA 60 COMPRIMES - Paracherkaoui.ma","isPartOf":{"@id":"https:\/\/paracherkaoui.ma\/#website"},"primaryImageOfPage":{"@id":"https:\/\/paracherkaoui.ma\/index.php\/produit\/nutrimax-ginkgo-biloba-60-comprimes\/#primaryimage"},"image":{"@id":"https:\/\/paracherkaoui.ma\/index.php\/produit\/nutrimax-ginkgo-biloba-60-comprimes\/#primaryimage"},"thumbnailUrl":"https:\/\/paracherkaoui.ma\/wp-content\/uploads\/2025\/12\/nutrimax-nutrimax-ginkgo-biloba-60-comprimes-memoire-et-concentration.jpg","datePublished":"2025-12-12T18:45:35+00:00","dateModified":"2025-12-12T18:45:40+00:00","breadcrumb":{"@id":"https:\/\/paracherkaoui.ma\/index.php\/produit\/nutrimax-ginkgo-biloba-60-comprimes\/#breadcrumb"},"inLanguage":"fr-FR","potentialAction":[{"@type":"ReadAction","target":["https:\/\/paracherkaoui.ma\/index.php\/produit\/nutrimax-ginkgo-biloba-60-comprimes\/"]}]},{"@type":"ImageObject","inLanguage":"fr-FR","@id":"https:\/\/paracherkaoui.ma\/index.php\/produit\/nutrimax-ginkgo-biloba-60-comprimes\/#primaryimage","url":"https:\/\/paracherkaoui.ma\/wp-content\/uploads\/2025\/12\/nutrimax-nutrimax-ginkgo-biloba-60-comprimes-memoire-et-concentration.jpg","contentUrl":"https:\/\/paracherkaoui.ma\/wp-content\/uploads\/2025\/12\/nutrimax-nutrimax-ginkgo-biloba-60-comprimes-memoire-et-concentration.jpg","width":700,"height":700},{"@type":"BreadcrumbList","@id":"https:\/\/paracherkaoui.ma\/index.php\/produit\/nutrimax-ginkgo-biloba-60-comprimes\/#breadcrumb","itemListElement":[{"@type":"ListItem","position":1,"name":"Accueil","item":"https:\/\/paracherkaoui.ma\/"},{"@type":"ListItem","position":2,"name":"Boutique","item":"https:\/\/paracherkaoui.ma\/index.php\/boutique\/"},{"@type":"ListItem","position":3,"name":"NUTRIMAX GINKGO BILOBA 60 COMPRIMES"}]},{"@type":"WebSite","@id":"https:\/\/paracherkaoui.ma\/#website","url":"https:\/\/paracherkaoui.ma\/","name":"Paracherkaoui.ma","description":"Achetez en ligne sur Paracherkaoui.ma","potentialAction":[{"@type":"SearchAction","target":{"@type":"EntryPoint","urlTemplate":"https:\/\/paracherkaoui.ma\/?s={search_term_string}"},"query-input":{"@type":"PropertyValueSpecification","valueRequired":true,"valueName":"search_term_string"}}],"inLanguage":"fr-FR"}]}},"_links":{"self":[{"href":"https:\/\/paracherkaoui.ma\/index.php\/wp-json\/wp\/v2\/product\/56405","targetHints":{"allow":["GET"]}}],"collection":[{"href":"https:\/\/paracherkaoui.ma\/index.php\/wp-json\/wp\/v2\/product"}],"about":[{"href":"https:\/\/paracherkaoui.ma\/index.php\/wp-json\/wp\/v2\/types\/product"}],"replies":[{"embeddable":true,"href":"https:\/\/paracherkaoui.ma\/index.php\/wp-json\/wp\/v2\/comments?post=56405"}],"version-history":[{"count":1,"href":"https:\/\/paracherkaoui.ma\/index.php\/wp-json\/wp\/v2\/product\/56405\/revisions"}],"predecessor-version":[{"id":56447,"href":"https:\/\/paracherkaoui.ma\/index.php\/wp-json\/wp\/v2\/product\/56405\/revisions\/56447"}],"wp:featuredmedia":[{"embeddable":true,"href":"https:\/\/paracherkaoui.ma\/index.php\/wp-json\/wp\/v2\/media\/56446"}],"wp:attachment":[{"href":"https:\/\/paracherkaoui.ma\/index.php\/wp-json\/wp\/v2\/media?parent=56405"}],"wp:term":[{"taxonomy":"product_brand","embeddable":true,"href":"https:\/\/paracherkaoui.ma\/index.php\/wp-json\/wp\/v2\/product_brand?post=56405"},{"taxonomy":"product_cat","embeddable":true,"href":"https:\/\/paracherkaoui.ma\/index.php\/wp-json\/wp\/v2\/product_cat?post=56405"},{"taxonomy":"product_tag","embeddable":true,"href":"https:\/\/paracherkaoui.ma\/index.php\/wp-json\/wp\/v2\/product_tag?post=56405"}],"curies":[{"name":"wp","href":"https:\/\/api.w.org\/{rel}","templated":true}]}}