{"id":56318,"date":"2025-12-12T19:45:26","date_gmt":"2025-12-12T18:45:26","guid":{"rendered":"https:\/\/test.ecbeaute.com\/?post_type=product&#038;p=56318"},"modified":"2025-12-12T19:45:28","modified_gmt":"2025-12-12T18:45:28","slug":"vertuplus-vitamine-d3-5000-ui-60-capsules-2","status":"publish","type":"product","link":"https:\/\/paracherkaoui.ma\/index.php\/produit\/vertuplus-vitamine-d3-5000-ui-60-capsules-2\/","title":{"rendered":"VERTUPLUS VITAMINE D3 5000 UI 60 CAPSULES"},"content":{"rendered":"<p>VertuPlus Vitamine D3 5000 UI est sp\u00e9cialement con\u00e7ue pour maximiser les bienfaits de la vitamine D3. Voici quelques avantages cl\u00e9s :<br \/>\nLa vitamine D3 joue un r\u00f4le crucial dans le renforcement du syst\u00e8me immunitaire, aidant votre corps \u00e0 combattre les infections et les maladies. En facilitant l&rsquo;absorption du calcium, la vitamine D3 contribue \u00e0 la solidit\u00e9 des os et \u00e0 la pr\u00e9vention de maladies comme l&rsquo;ost\u00e9oporose. Des niveaux ad\u00e9quats de vitamine D3 peuvent am\u00e9liorer l&rsquo;humeur et r\u00e9duire les risques de d\u00e9pression, surtout pendant les mois d&rsquo;hiver. La vitamine D3 est essentielle pour la fonction musculaire, r\u00e9duisant le risque de faiblesses et de crampes.<br \/>\nConseils d&rsquo;utilisation<br \/>\nPour tirer le meilleur parti de Vertu Plus Vitamine D3 5000 UI, suivez ces recommandations :<br \/>\nPrenez une capsule par jour avec un repas. Ceci permet une meilleure absorption de la vitamine D3.\u00a0 Avant de commencer ce suppl\u00e9ment, il est conseill\u00e9 de consulter un professionnel de sant\u00e9, surtout si vous \u00eates enceinte, allaitez, ou prenez des m\u00e9dicaments. Gardez les capsules dans un endroit frais et sec, \u00e0 l&rsquo;abri de la lumi\u00e8re directe du soleil.<br \/>\nInt\u00e9grez Vertu Plus Vitamine D3 5000 UI 60 Capsules dans votre routine quotidienne pour soutenir votre syst\u00e8me immunitaire, renforcer vos os, et am\u00e9liorer votre bien-\u00eatre g\u00e9n\u00e9ral. Ne laissez pas une carence en vitamine D compromettre votre sant\u00e9 ; choisissez Vertu Plus pour une solution fiable et efficace.<\/p>\n","protected":false},"excerpt":{"rendered":"<p>VertuPlus Vitamine D3 5000 UI est sp\u00e9cialement con\u00e7ue pour maximiser les bienfaits de la vitamine D3. Voici quelques avantages cl\u00e9s<\/p>\n","protected":false},"featured_media":54483,"comment_status":"open","ping_status":"closed","template":"","meta":[],"product_brand":[1007],"product_cat":[1085],"product_tag":[],"class_list":{"0":"post-56318","1":"product","2":"type-product","3":"status-publish","4":"has-post-thumbnail","6":"product_brand-vertu-plus","7":"product_cat-defenses-immunitaires","9":"first","10":"instock","11":"sale","12":"shipping-taxable","13":"purchasable","14":"product-type-simple"},"yoast_head":"<!-- This site is optimized with the Yoast SEO plugin v26.6 - https:\/\/yoast.com\/wordpress\/plugins\/seo\/ -->\r\n<title>VERTUPLUS VITAMINE D3 5000 UI 60 CAPSULES - Paracherkaoui.ma<\/title>\r\n<meta name=\"robots\" content=\"index, follow, max-snippet:-1, max-image-preview:large, max-video-preview:-1\" \/>\r\n<link rel=\"canonical\" href=\"https:\/\/paracherkaoui.ma\/index.php\/produit\/vertuplus-vitamine-d3-5000-ui-60-capsules-2\/\" \/>\r\n<meta property=\"og:locale\" content=\"fr_FR\" \/>\r\n<meta property=\"og:type\" content=\"article\" \/>\r\n<meta property=\"og:title\" content=\"VERTUPLUS VITAMINE D3 5000 UI 60 CAPSULES - Paracherkaoui.ma\" \/>\r\n<meta property=\"og:description\" content=\"VertuPlus Vitamine D3 5000 UI est sp\u00e9cialement con\u00e7ue pour maximiser les bienfaits de la vitamine D3. Voici quelques avantages cl\u00e9s\" \/>\r\n<meta property=\"og:url\" content=\"https:\/\/paracherkaoui.ma\/index.php\/produit\/vertuplus-vitamine-d3-5000-ui-60-capsules-2\/\" \/>\r\n<meta property=\"og:site_name\" content=\"Paracherkaoui.ma\" \/>\r\n<meta property=\"article:modified_time\" content=\"2025-12-12T18:45:28+00:00\" \/>\r\n<meta property=\"og:image\" content=\"https:\/\/paracherkaoui.ma\/wp-content\/uploads\/2025\/12\/vertuplus-vertuplus-vitamine-d3-5000-ui-60-capsules-defenses-immunitaires.jpg\" \/>\r\n\t<meta property=\"og:image:width\" content=\"700\" \/>\r\n\t<meta property=\"og:image:height\" content=\"700\" \/>\r\n\t<meta property=\"og:image:type\" content=\"image\/jpeg\" \/>\r\n<meta name=\"twitter:card\" content=\"summary_large_image\" \/>\r\n<meta name=\"twitter:label1\" content=\"Dur\u00e9e de lecture estim\u00e9e\" \/>\n\t<meta name=\"twitter:data1\" content=\"1 minute\" \/>\r\n<script type=\"application\/ld+json\" class=\"yoast-schema-graph\">{\"@context\":\"https:\/\/schema.org\",\"@graph\":[{\"@type\":\"WebPage\",\"@id\":\"https:\/\/paracherkaoui.ma\/index.php\/produit\/vertuplus-vitamine-d3-5000-ui-60-capsules-2\/\",\"url\":\"https:\/\/paracherkaoui.ma\/index.php\/produit\/vertuplus-vitamine-d3-5000-ui-60-capsules-2\/\",\"name\":\"VERTUPLUS VITAMINE D3 5000 UI 60 CAPSULES - Paracherkaoui.ma\",\"isPartOf\":{\"@id\":\"https:\/\/paracherkaoui.ma\/#website\"},\"primaryImageOfPage\":{\"@id\":\"https:\/\/paracherkaoui.ma\/index.php\/produit\/vertuplus-vitamine-d3-5000-ui-60-capsules-2\/#primaryimage\"},\"image\":{\"@id\":\"https:\/\/paracherkaoui.ma\/index.php\/produit\/vertuplus-vitamine-d3-5000-ui-60-capsules-2\/#primaryimage\"},\"thumbnailUrl\":\"https:\/\/paracherkaoui.ma\/wp-content\/uploads\/2025\/12\/vertuplus-vertuplus-vitamine-d3-5000-ui-60-capsules-defenses-immunitaires.jpg\",\"datePublished\":\"2025-12-12T18:45:26+00:00\",\"dateModified\":\"2025-12-12T18:45:28+00:00\",\"breadcrumb\":{\"@id\":\"https:\/\/paracherkaoui.ma\/index.php\/produit\/vertuplus-vitamine-d3-5000-ui-60-capsules-2\/#breadcrumb\"},\"inLanguage\":\"fr-FR\",\"potentialAction\":[{\"@type\":\"ReadAction\",\"target\":[\"https:\/\/paracherkaoui.ma\/index.php\/produit\/vertuplus-vitamine-d3-5000-ui-60-capsules-2\/\"]}]},{\"@type\":\"ImageObject\",\"inLanguage\":\"fr-FR\",\"@id\":\"https:\/\/paracherkaoui.ma\/index.php\/produit\/vertuplus-vitamine-d3-5000-ui-60-capsules-2\/#primaryimage\",\"url\":\"https:\/\/paracherkaoui.ma\/wp-content\/uploads\/2025\/12\/vertuplus-vertuplus-vitamine-d3-5000-ui-60-capsules-defenses-immunitaires.jpg\",\"contentUrl\":\"https:\/\/paracherkaoui.ma\/wp-content\/uploads\/2025\/12\/vertuplus-vertuplus-vitamine-d3-5000-ui-60-capsules-defenses-immunitaires.jpg\",\"width\":700,\"height\":700},{\"@type\":\"BreadcrumbList\",\"@id\":\"https:\/\/paracherkaoui.ma\/index.php\/produit\/vertuplus-vitamine-d3-5000-ui-60-capsules-2\/#breadcrumb\",\"itemListElement\":[{\"@type\":\"ListItem\",\"position\":1,\"name\":\"Accueil\",\"item\":\"https:\/\/paracherkaoui.ma\/\"},{\"@type\":\"ListItem\",\"position\":2,\"name\":\"Boutique\",\"item\":\"https:\/\/paracherkaoui.ma\/index.php\/boutique\/\"},{\"@type\":\"ListItem\",\"position\":3,\"name\":\"VERTUPLUS VITAMINE D3 5000 UI 60 CAPSULES\"}]},{\"@type\":\"WebSite\",\"@id\":\"https:\/\/paracherkaoui.ma\/#website\",\"url\":\"https:\/\/paracherkaoui.ma\/\",\"name\":\"Paracherkaoui.ma\",\"description\":\"Achetez en ligne sur Paracherkaoui.ma\",\"potentialAction\":[{\"@type\":\"SearchAction\",\"target\":{\"@type\":\"EntryPoint\",\"urlTemplate\":\"https:\/\/paracherkaoui.ma\/?s={search_term_string}\"},\"query-input\":{\"@type\":\"PropertyValueSpecification\",\"valueRequired\":true,\"valueName\":\"search_term_string\"}}],\"inLanguage\":\"fr-FR\"}]}<\/script>\r\n<!-- \/ Yoast SEO plugin. -->","yoast_head_json":{"title":"VERTUPLUS VITAMINE D3 5000 UI 60 CAPSULES - Paracherkaoui.ma","robots":{"index":"index","follow":"follow","max-snippet":"max-snippet:-1","max-image-preview":"max-image-preview:large","max-video-preview":"max-video-preview:-1"},"canonical":"https:\/\/paracherkaoui.ma\/index.php\/produit\/vertuplus-vitamine-d3-5000-ui-60-capsules-2\/","og_locale":"fr_FR","og_type":"article","og_title":"VERTUPLUS VITAMINE D3 5000 UI 60 CAPSULES - Paracherkaoui.ma","og_description":"VertuPlus Vitamine D3 5000 UI est sp\u00e9cialement con\u00e7ue pour maximiser les bienfaits de la vitamine D3. Voici quelques avantages cl\u00e9s","og_url":"https:\/\/paracherkaoui.ma\/index.php\/produit\/vertuplus-vitamine-d3-5000-ui-60-capsules-2\/","og_site_name":"Paracherkaoui.ma","article_modified_time":"2025-12-12T18:45:28+00:00","og_image":[{"width":700,"height":700,"url":"https:\/\/paracherkaoui.ma\/wp-content\/uploads\/2025\/12\/vertuplus-vertuplus-vitamine-d3-5000-ui-60-capsules-defenses-immunitaires.jpg","type":"image\/jpeg"}],"twitter_card":"summary_large_image","twitter_misc":{"Dur\u00e9e de lecture estim\u00e9e":"1 minute"},"schema":{"@context":"https:\/\/schema.org","@graph":[{"@type":"WebPage","@id":"https:\/\/paracherkaoui.ma\/index.php\/produit\/vertuplus-vitamine-d3-5000-ui-60-capsules-2\/","url":"https:\/\/paracherkaoui.ma\/index.php\/produit\/vertuplus-vitamine-d3-5000-ui-60-capsules-2\/","name":"VERTUPLUS VITAMINE D3 5000 UI 60 CAPSULES - Paracherkaoui.ma","isPartOf":{"@id":"https:\/\/paracherkaoui.ma\/#website"},"primaryImageOfPage":{"@id":"https:\/\/paracherkaoui.ma\/index.php\/produit\/vertuplus-vitamine-d3-5000-ui-60-capsules-2\/#primaryimage"},"image":{"@id":"https:\/\/paracherkaoui.ma\/index.php\/produit\/vertuplus-vitamine-d3-5000-ui-60-capsules-2\/#primaryimage"},"thumbnailUrl":"https:\/\/paracherkaoui.ma\/wp-content\/uploads\/2025\/12\/vertuplus-vertuplus-vitamine-d3-5000-ui-60-capsules-defenses-immunitaires.jpg","datePublished":"2025-12-12T18:45:26+00:00","dateModified":"2025-12-12T18:45:28+00:00","breadcrumb":{"@id":"https:\/\/paracherkaoui.ma\/index.php\/produit\/vertuplus-vitamine-d3-5000-ui-60-capsules-2\/#breadcrumb"},"inLanguage":"fr-FR","potentialAction":[{"@type":"ReadAction","target":["https:\/\/paracherkaoui.ma\/index.php\/produit\/vertuplus-vitamine-d3-5000-ui-60-capsules-2\/"]}]},{"@type":"ImageObject","inLanguage":"fr-FR","@id":"https:\/\/paracherkaoui.ma\/index.php\/produit\/vertuplus-vitamine-d3-5000-ui-60-capsules-2\/#primaryimage","url":"https:\/\/paracherkaoui.ma\/wp-content\/uploads\/2025\/12\/vertuplus-vertuplus-vitamine-d3-5000-ui-60-capsules-defenses-immunitaires.jpg","contentUrl":"https:\/\/paracherkaoui.ma\/wp-content\/uploads\/2025\/12\/vertuplus-vertuplus-vitamine-d3-5000-ui-60-capsules-defenses-immunitaires.jpg","width":700,"height":700},{"@type":"BreadcrumbList","@id":"https:\/\/paracherkaoui.ma\/index.php\/produit\/vertuplus-vitamine-d3-5000-ui-60-capsules-2\/#breadcrumb","itemListElement":[{"@type":"ListItem","position":1,"name":"Accueil","item":"https:\/\/paracherkaoui.ma\/"},{"@type":"ListItem","position":2,"name":"Boutique","item":"https:\/\/paracherkaoui.ma\/index.php\/boutique\/"},{"@type":"ListItem","position":3,"name":"VERTUPLUS VITAMINE D3 5000 UI 60 CAPSULES"}]},{"@type":"WebSite","@id":"https:\/\/paracherkaoui.ma\/#website","url":"https:\/\/paracherkaoui.ma\/","name":"Paracherkaoui.ma","description":"Achetez en ligne sur Paracherkaoui.ma","potentialAction":[{"@type":"SearchAction","target":{"@type":"EntryPoint","urlTemplate":"https:\/\/paracherkaoui.ma\/?s={search_term_string}"},"query-input":{"@type":"PropertyValueSpecification","valueRequired":true,"valueName":"search_term_string"}}],"inLanguage":"fr-FR"}]}},"_links":{"self":[{"href":"https:\/\/paracherkaoui.ma\/index.php\/wp-json\/wp\/v2\/product\/56318","targetHints":{"allow":["GET"]}}],"collection":[{"href":"https:\/\/paracherkaoui.ma\/index.php\/wp-json\/wp\/v2\/product"}],"about":[{"href":"https:\/\/paracherkaoui.ma\/index.php\/wp-json\/wp\/v2\/types\/product"}],"replies":[{"embeddable":true,"href":"https:\/\/paracherkaoui.ma\/index.php\/wp-json\/wp\/v2\/comments?post=56318"}],"version-history":[{"count":1,"href":"https:\/\/paracherkaoui.ma\/index.php\/wp-json\/wp\/v2\/product\/56318\/revisions"}],"predecessor-version":[{"id":56349,"href":"https:\/\/paracherkaoui.ma\/index.php\/wp-json\/wp\/v2\/product\/56318\/revisions\/56349"}],"wp:featuredmedia":[{"embeddable":true,"href":"https:\/\/paracherkaoui.ma\/index.php\/wp-json\/wp\/v2\/media\/54483"}],"wp:attachment":[{"href":"https:\/\/paracherkaoui.ma\/index.php\/wp-json\/wp\/v2\/media?parent=56318"}],"wp:term":[{"taxonomy":"product_brand","embeddable":true,"href":"https:\/\/paracherkaoui.ma\/index.php\/wp-json\/wp\/v2\/product_brand?post=56318"},{"taxonomy":"product_cat","embeddable":true,"href":"https:\/\/paracherkaoui.ma\/index.php\/wp-json\/wp\/v2\/product_cat?post=56318"},{"taxonomy":"product_tag","embeddable":true,"href":"https:\/\/paracherkaoui.ma\/index.php\/wp-json\/wp\/v2\/product_tag?post=56318"}],"curies":[{"name":"wp","href":"https:\/\/api.w.org\/{rel}","templated":true}]}}