{"id":56267,"date":"2025-12-12T19:45:20","date_gmt":"2025-12-12T18:45:20","guid":{"rendered":"https:\/\/test.ecbeaute.com\/?post_type=product&#038;p=56267"},"modified":"2025-12-12T19:45:25","modified_gmt":"2025-12-12T18:45:25","slug":"belle-and-bio-ferments-lactiques-tonus-120-gelules","status":"publish","type":"product","link":"https:\/\/paracherkaoui.ma\/index.php\/produit\/belle-and-bio-ferments-lactiques-tonus-120-gelules\/","title":{"rendered":"BELLE AND BIO FERMENTS LACTIQUES TONUS 120 GELULES"},"content":{"rendered":"<p>Contrairement aux id\u00e9es re\u00e7ues, les bact\u00e9ries ne sont pas uniquement responsables d&rsquo;effets n\u00e9gatifs sur l&rsquo;organisme. En r\u00e9alit\u00e9, elles sont absolument indispensables et poss\u00e8dent beaucoup d&rsquo;atouts, jouant un r\u00f4le crucial dans notre bien-\u00eatre g\u00e9n\u00e9ral. Le tractus intestinal abrite des milliards de micro-organismes qui forment la flore intestinale (ou microbiote). Cet \u00e9cosyst\u00e8me complexe est la base de notre flore intestinale, et un \u00e9quilibre est essentiel pour une digestion optimale, une immunit\u00e9 forte et m\u00eame un impact positif sur l&rsquo;humeur.<br \/>\nLes Ferments Lactiques Tonus de Belle &#038; Bio sont une formule experte, un m\u00e9lange parfait de 10 souches de bact\u00e9ries lactiques soigneusement s\u00e9lectionn\u00e9es. Cette diversit\u00e9 est primordiale, car chaque souche a des fonctions sp\u00e9cifiques et compl\u00e9mentaires, permettant une action \u00e0 large spectre sur le microbiote. Parmi ces souches, on retrouve souvent des Lactobacillus et des Bifidobacterium, reconnues pour leur capacit\u00e9 \u00e0 coloniser l&rsquo;intestin et \u00e0 maintenir son \u00e9quilibre.<br \/>\nMais ce n&rsquo;est pas tout ! Pour une efficacit\u00e9 maximale, les ferments lactiques sont associ\u00e9s \u00e0 de la levure revivifiable et des fructooligosaccharides (couramment nomm\u00e9s FOS).<br \/>\nLa levure revivifiable (souvent Saccharomyces boulardii) est un micro-organisme probiotique qui aide \u00e0 restaurer l&rsquo;\u00e9quilibre de la flore intestinale, particuli\u00e8rement utile apr\u00e8s des perturbations comme la prise d&rsquo;antibiotiques ou des \u00e9pisodes de stress.<br \/>\nLes FOS sont des fibres pr\u00e9biotiques. Ils agissent comme la \u00ab\u00a0nourriture\u00a0\u00bb des bonnes bact\u00e9ries, stimulant leur croissance et leur activit\u00e9 dans l&rsquo;intestin. En apportant des pr\u00e9biotiques avec les probiotiques, cette formule assure une meilleure survie et implantation des souches bact\u00e9riennes.<br \/>\nUn apport r\u00e9gulier en ferments lactiques est particuli\u00e8rement utile dans certains cas, comme apr\u00e8s un traitement antibiotique, en cas de stress, de changements alimentaires, de voyages, ou simplement pour soutenir un syst\u00e8me digestif parfois capricieux.<br \/>\nConseils d&rsquo;utilisation :<br \/>\nR\u00e9f\u00e9rez-vous toujours aux instructions sp\u00e9cifiques figurant sur l&#8217;emballage du produit. La posologie standard est souvent de 1 \u00e0 2 g\u00e9lules par jour.<br \/>\nComposition :<br \/>\nLevure de bi\u00e8re revivifiable &#8211; Saccharomyces cerevisiae (400 mg), Maltodextrine (agent de charge), Fructo Oligo Saccharide \u00e0 95% (320 mg dont 304 mg d&rsquo;actifs), Enveloppe g\u00e9latine bovine, M\u00e9lange de 10 souches de bact\u00e9ries lactiques* (120 mg dont 4 milliards d&rsquo;ufc), Antiagglom\u00e9rant : sels de magnesium d&rsquo;acides gras<\/p>\n","protected":false},"excerpt":{"rendered":"<p>Contrairement aux id\u00e9es re\u00e7ues, les bact\u00e9ries ne sont pas uniquement responsables d&rsquo;effets n\u00e9gatifs sur l&rsquo;organisme. En r\u00e9alit\u00e9, elles sont absolument<\/p>\n","protected":false},"featured_media":56310,"comment_status":"open","ping_status":"closed","template":"","meta":[],"product_brand":[1063],"product_cat":[1085],"product_tag":[],"class_list":{"0":"post-56267","1":"product","2":"type-product","3":"status-publish","4":"has-post-thumbnail","6":"product_brand-belle-and-bio","7":"product_cat-defenses-immunitaires","9":"first","10":"instock","11":"shipping-taxable","12":"purchasable","13":"product-type-simple"},"yoast_head":"<!-- This site is optimized with the Yoast SEO plugin v26.6 - https:\/\/yoast.com\/wordpress\/plugins\/seo\/ -->\r\n<title>BELLE AND BIO FERMENTS LACTIQUES TONUS 120 GELULES - Paracherkaoui.ma<\/title>\r\n<meta name=\"robots\" content=\"index, follow, max-snippet:-1, max-image-preview:large, max-video-preview:-1\" \/>\r\n<link rel=\"canonical\" href=\"https:\/\/paracherkaoui.ma\/index.php\/produit\/belle-and-bio-ferments-lactiques-tonus-120-gelules\/\" \/>\r\n<meta property=\"og:locale\" content=\"fr_FR\" \/>\r\n<meta property=\"og:type\" content=\"article\" \/>\r\n<meta property=\"og:title\" content=\"BELLE AND BIO FERMENTS LACTIQUES TONUS 120 GELULES - Paracherkaoui.ma\" \/>\r\n<meta property=\"og:description\" content=\"Contrairement aux id\u00e9es re\u00e7ues, les bact\u00e9ries ne sont pas uniquement responsables d&rsquo;effets n\u00e9gatifs sur l&rsquo;organisme. En r\u00e9alit\u00e9, elles sont absolument\" \/>\r\n<meta property=\"og:url\" content=\"https:\/\/paracherkaoui.ma\/index.php\/produit\/belle-and-bio-ferments-lactiques-tonus-120-gelules\/\" \/>\r\n<meta property=\"og:site_name\" content=\"Paracherkaoui.ma\" \/>\r\n<meta property=\"article:modified_time\" content=\"2025-12-12T18:45:25+00:00\" \/>\r\n<meta property=\"og:image\" content=\"https:\/\/paracherkaoui.ma\/wp-content\/uploads\/2025\/12\/belle-and-bio-ferments-lactiques-tonus-120-gelules.jpg\" \/>\r\n\t<meta property=\"og:image:width\" content=\"700\" \/>\r\n\t<meta property=\"og:image:height\" content=\"700\" \/>\r\n\t<meta property=\"og:image:type\" content=\"image\/jpeg\" \/>\r\n<meta name=\"twitter:card\" content=\"summary_large_image\" \/>\r\n<meta name=\"twitter:label1\" content=\"Dur\u00e9e de lecture estim\u00e9e\" \/>\n\t<meta name=\"twitter:data1\" content=\"2 minutes\" \/>\r\n<script type=\"application\/ld+json\" class=\"yoast-schema-graph\">{\"@context\":\"https:\/\/schema.org\",\"@graph\":[{\"@type\":\"WebPage\",\"@id\":\"https:\/\/paracherkaoui.ma\/index.php\/produit\/belle-and-bio-ferments-lactiques-tonus-120-gelules\/\",\"url\":\"https:\/\/paracherkaoui.ma\/index.php\/produit\/belle-and-bio-ferments-lactiques-tonus-120-gelules\/\",\"name\":\"BELLE AND BIO FERMENTS LACTIQUES TONUS 120 GELULES - Paracherkaoui.ma\",\"isPartOf\":{\"@id\":\"https:\/\/paracherkaoui.ma\/#website\"},\"primaryImageOfPage\":{\"@id\":\"https:\/\/paracherkaoui.ma\/index.php\/produit\/belle-and-bio-ferments-lactiques-tonus-120-gelules\/#primaryimage\"},\"image\":{\"@id\":\"https:\/\/paracherkaoui.ma\/index.php\/produit\/belle-and-bio-ferments-lactiques-tonus-120-gelules\/#primaryimage\"},\"thumbnailUrl\":\"https:\/\/paracherkaoui.ma\/wp-content\/uploads\/2025\/12\/belle-and-bio-ferments-lactiques-tonus-120-gelules.jpg\",\"datePublished\":\"2025-12-12T18:45:20+00:00\",\"dateModified\":\"2025-12-12T18:45:25+00:00\",\"breadcrumb\":{\"@id\":\"https:\/\/paracherkaoui.ma\/index.php\/produit\/belle-and-bio-ferments-lactiques-tonus-120-gelules\/#breadcrumb\"},\"inLanguage\":\"fr-FR\",\"potentialAction\":[{\"@type\":\"ReadAction\",\"target\":[\"https:\/\/paracherkaoui.ma\/index.php\/produit\/belle-and-bio-ferments-lactiques-tonus-120-gelules\/\"]}]},{\"@type\":\"ImageObject\",\"inLanguage\":\"fr-FR\",\"@id\":\"https:\/\/paracherkaoui.ma\/index.php\/produit\/belle-and-bio-ferments-lactiques-tonus-120-gelules\/#primaryimage\",\"url\":\"https:\/\/paracherkaoui.ma\/wp-content\/uploads\/2025\/12\/belle-and-bio-ferments-lactiques-tonus-120-gelules.jpg\",\"contentUrl\":\"https:\/\/paracherkaoui.ma\/wp-content\/uploads\/2025\/12\/belle-and-bio-ferments-lactiques-tonus-120-gelules.jpg\",\"width\":700,\"height\":700},{\"@type\":\"BreadcrumbList\",\"@id\":\"https:\/\/paracherkaoui.ma\/index.php\/produit\/belle-and-bio-ferments-lactiques-tonus-120-gelules\/#breadcrumb\",\"itemListElement\":[{\"@type\":\"ListItem\",\"position\":1,\"name\":\"Accueil\",\"item\":\"https:\/\/paracherkaoui.ma\/\"},{\"@type\":\"ListItem\",\"position\":2,\"name\":\"Boutique\",\"item\":\"https:\/\/paracherkaoui.ma\/index.php\/boutique\/\"},{\"@type\":\"ListItem\",\"position\":3,\"name\":\"BELLE AND BIO FERMENTS LACTIQUES TONUS 120 GELULES\"}]},{\"@type\":\"WebSite\",\"@id\":\"https:\/\/paracherkaoui.ma\/#website\",\"url\":\"https:\/\/paracherkaoui.ma\/\",\"name\":\"Paracherkaoui.ma\",\"description\":\"Achetez en ligne sur Paracherkaoui.ma\",\"potentialAction\":[{\"@type\":\"SearchAction\",\"target\":{\"@type\":\"EntryPoint\",\"urlTemplate\":\"https:\/\/paracherkaoui.ma\/?s={search_term_string}\"},\"query-input\":{\"@type\":\"PropertyValueSpecification\",\"valueRequired\":true,\"valueName\":\"search_term_string\"}}],\"inLanguage\":\"fr-FR\"}]}<\/script>\r\n<!-- \/ Yoast SEO plugin. -->","yoast_head_json":{"title":"BELLE AND BIO FERMENTS LACTIQUES TONUS 120 GELULES - Paracherkaoui.ma","robots":{"index":"index","follow":"follow","max-snippet":"max-snippet:-1","max-image-preview":"max-image-preview:large","max-video-preview":"max-video-preview:-1"},"canonical":"https:\/\/paracherkaoui.ma\/index.php\/produit\/belle-and-bio-ferments-lactiques-tonus-120-gelules\/","og_locale":"fr_FR","og_type":"article","og_title":"BELLE AND BIO FERMENTS LACTIQUES TONUS 120 GELULES - Paracherkaoui.ma","og_description":"Contrairement aux id\u00e9es re\u00e7ues, les bact\u00e9ries ne sont pas uniquement responsables d&rsquo;effets n\u00e9gatifs sur l&rsquo;organisme. En r\u00e9alit\u00e9, elles sont absolument","og_url":"https:\/\/paracherkaoui.ma\/index.php\/produit\/belle-and-bio-ferments-lactiques-tonus-120-gelules\/","og_site_name":"Paracherkaoui.ma","article_modified_time":"2025-12-12T18:45:25+00:00","og_image":[{"width":700,"height":700,"url":"https:\/\/paracherkaoui.ma\/wp-content\/uploads\/2025\/12\/belle-and-bio-ferments-lactiques-tonus-120-gelules.jpg","type":"image\/jpeg"}],"twitter_card":"summary_large_image","twitter_misc":{"Dur\u00e9e de lecture estim\u00e9e":"2 minutes"},"schema":{"@context":"https:\/\/schema.org","@graph":[{"@type":"WebPage","@id":"https:\/\/paracherkaoui.ma\/index.php\/produit\/belle-and-bio-ferments-lactiques-tonus-120-gelules\/","url":"https:\/\/paracherkaoui.ma\/index.php\/produit\/belle-and-bio-ferments-lactiques-tonus-120-gelules\/","name":"BELLE AND BIO FERMENTS LACTIQUES TONUS 120 GELULES - Paracherkaoui.ma","isPartOf":{"@id":"https:\/\/paracherkaoui.ma\/#website"},"primaryImageOfPage":{"@id":"https:\/\/paracherkaoui.ma\/index.php\/produit\/belle-and-bio-ferments-lactiques-tonus-120-gelules\/#primaryimage"},"image":{"@id":"https:\/\/paracherkaoui.ma\/index.php\/produit\/belle-and-bio-ferments-lactiques-tonus-120-gelules\/#primaryimage"},"thumbnailUrl":"https:\/\/paracherkaoui.ma\/wp-content\/uploads\/2025\/12\/belle-and-bio-ferments-lactiques-tonus-120-gelules.jpg","datePublished":"2025-12-12T18:45:20+00:00","dateModified":"2025-12-12T18:45:25+00:00","breadcrumb":{"@id":"https:\/\/paracherkaoui.ma\/index.php\/produit\/belle-and-bio-ferments-lactiques-tonus-120-gelules\/#breadcrumb"},"inLanguage":"fr-FR","potentialAction":[{"@type":"ReadAction","target":["https:\/\/paracherkaoui.ma\/index.php\/produit\/belle-and-bio-ferments-lactiques-tonus-120-gelules\/"]}]},{"@type":"ImageObject","inLanguage":"fr-FR","@id":"https:\/\/paracherkaoui.ma\/index.php\/produit\/belle-and-bio-ferments-lactiques-tonus-120-gelules\/#primaryimage","url":"https:\/\/paracherkaoui.ma\/wp-content\/uploads\/2025\/12\/belle-and-bio-ferments-lactiques-tonus-120-gelules.jpg","contentUrl":"https:\/\/paracherkaoui.ma\/wp-content\/uploads\/2025\/12\/belle-and-bio-ferments-lactiques-tonus-120-gelules.jpg","width":700,"height":700},{"@type":"BreadcrumbList","@id":"https:\/\/paracherkaoui.ma\/index.php\/produit\/belle-and-bio-ferments-lactiques-tonus-120-gelules\/#breadcrumb","itemListElement":[{"@type":"ListItem","position":1,"name":"Accueil","item":"https:\/\/paracherkaoui.ma\/"},{"@type":"ListItem","position":2,"name":"Boutique","item":"https:\/\/paracherkaoui.ma\/index.php\/boutique\/"},{"@type":"ListItem","position":3,"name":"BELLE AND BIO FERMENTS LACTIQUES TONUS 120 GELULES"}]},{"@type":"WebSite","@id":"https:\/\/paracherkaoui.ma\/#website","url":"https:\/\/paracherkaoui.ma\/","name":"Paracherkaoui.ma","description":"Achetez en ligne sur Paracherkaoui.ma","potentialAction":[{"@type":"SearchAction","target":{"@type":"EntryPoint","urlTemplate":"https:\/\/paracherkaoui.ma\/?s={search_term_string}"},"query-input":{"@type":"PropertyValueSpecification","valueRequired":true,"valueName":"search_term_string"}}],"inLanguage":"fr-FR"}]}},"_links":{"self":[{"href":"https:\/\/paracherkaoui.ma\/index.php\/wp-json\/wp\/v2\/product\/56267","targetHints":{"allow":["GET"]}}],"collection":[{"href":"https:\/\/paracherkaoui.ma\/index.php\/wp-json\/wp\/v2\/product"}],"about":[{"href":"https:\/\/paracherkaoui.ma\/index.php\/wp-json\/wp\/v2\/types\/product"}],"replies":[{"embeddable":true,"href":"https:\/\/paracherkaoui.ma\/index.php\/wp-json\/wp\/v2\/comments?post=56267"}],"version-history":[{"count":1,"href":"https:\/\/paracherkaoui.ma\/index.php\/wp-json\/wp\/v2\/product\/56267\/revisions"}],"predecessor-version":[{"id":56311,"href":"https:\/\/paracherkaoui.ma\/index.php\/wp-json\/wp\/v2\/product\/56267\/revisions\/56311"}],"wp:featuredmedia":[{"embeddable":true,"href":"https:\/\/paracherkaoui.ma\/index.php\/wp-json\/wp\/v2\/media\/56310"}],"wp:attachment":[{"href":"https:\/\/paracherkaoui.ma\/index.php\/wp-json\/wp\/v2\/media?parent=56267"}],"wp:term":[{"taxonomy":"product_brand","embeddable":true,"href":"https:\/\/paracherkaoui.ma\/index.php\/wp-json\/wp\/v2\/product_brand?post=56267"},{"taxonomy":"product_cat","embeddable":true,"href":"https:\/\/paracherkaoui.ma\/index.php\/wp-json\/wp\/v2\/product_cat?post=56267"},{"taxonomy":"product_tag","embeddable":true,"href":"https:\/\/paracherkaoui.ma\/index.php\/wp-json\/wp\/v2\/product_tag?post=56267"}],"curies":[{"name":"wp","href":"https:\/\/api.w.org\/{rel}","templated":true}]}}