{"id":56266,"date":"2025-12-12T19:45:19","date_gmt":"2025-12-12T18:45:19","guid":{"rendered":"https:\/\/test.ecbeaute.com\/?post_type=product&#038;p=56266"},"modified":"2025-12-12T19:45:25","modified_gmt":"2025-12-12T18:45:25","slug":"nutrimax-echinacee-60-gelules-vegetales","status":"publish","type":"product","link":"https:\/\/paracherkaoui.ma\/index.php\/produit\/nutrimax-echinacee-60-gelules-vegetales\/","title":{"rendered":"NUTRIMAX ECHINACEE 60 GELULES VEGETALES"},"content":{"rendered":"<p>La formule exclusive de NutriMax est con\u00e7ue pour maximiser les bienfaits de l\u2019\u00c9chinac\u00e9e purpurea, plante reconnue pour stimuler la r\u00e9ponse immunitaire naturelle de l\u2019organisme. Gr\u00e2ce \u00e0 ses propri\u00e9t\u00e9s antivirales et antibact\u00e9riennes, elle aide \u00e0 pr\u00e9venir les infections respiratoires, \u00e0 r\u00e9duire la dur\u00e9e des rhumes et \u00e0 renforcer vos d\u00e9fenses face aux coups de froid.<br \/>\nConditionn\u00e9e en g\u00e9lules v\u00e9g\u00e9tales, cette formule est 100 % d\u2019origine naturelle, sans gluten et convient aux r\u00e9gimes v\u00e9g\u00e9tariens. Elle est id\u00e9ale en pr\u00e9vention, mais aussi d\u00e8s les premiers signes de fatigue ou d\u2019inconfort saisonnier.<br \/>\nFaites de NutriMax \u00c9chinac\u00e9e votre r\u00e9flexe bien-\u00eatre pour rester en forme toute l\u2019ann\u00e9e. Prot\u00e9gez-vous naturellement, tout en respectant votre corps.<br \/>\nConseils d&rsquo;utilisation :<br \/>\nPrendre 2 g\u00e9lules par jour avec un grand verre d\u2019eau.<br \/>\nEn cure de 10 \u00e0 20 jours, renouvelable selon les besoins.<br \/>\n\u00c0 utiliser en pr\u00e9vention pendant les changements de saison ou en cas d\u2019exposition aux virus.<br \/>\nNe pas d\u00e9passer la dose recommand\u00e9e. D\u00e9conseill\u00e9 aux femmes enceintes ou allaitantes sans avis m\u00e9dical.<br \/>\nComposition :<br \/>\nExtrait sec de racine d\u2019Echinac\u00e9e (echinacea purpurea) Excipients : Maltodextrine, St\u00e9arate de Mg, g\u00e9lule d\u2019origine v\u00e9g\u00e9tale (HPMC)<\/p>\n","protected":false},"excerpt":{"rendered":"<p>La formule exclusive de NutriMax est con\u00e7ue pour maximiser les bienfaits de l\u2019\u00c9chinac\u00e9e purpurea, plante reconnue pour stimuler la r\u00e9ponse<\/p>\n","protected":false},"featured_media":56308,"comment_status":"open","ping_status":"closed","template":"","meta":[],"product_brand":[1008],"product_cat":[1085],"product_tag":[],"class_list":{"0":"post-56266","1":"product","2":"type-product","3":"status-publish","4":"has-post-thumbnail","6":"product_brand-nutrimax","7":"product_cat-defenses-immunitaires","9":"first","10":"instock","11":"sale","12":"shipping-taxable","13":"purchasable","14":"product-type-simple"},"yoast_head":"<!-- This site is optimized with the Yoast SEO plugin v26.6 - https:\/\/yoast.com\/wordpress\/plugins\/seo\/ -->\r\n<title>NUTRIMAX ECHINACEE 60 GELULES VEGETALES - Paracherkaoui.ma<\/title>\r\n<meta name=\"robots\" content=\"index, follow, max-snippet:-1, max-image-preview:large, max-video-preview:-1\" \/>\r\n<link rel=\"canonical\" href=\"https:\/\/paracherkaoui.ma\/index.php\/produit\/nutrimax-echinacee-60-gelules-vegetales\/\" \/>\r\n<meta property=\"og:locale\" content=\"fr_FR\" \/>\r\n<meta property=\"og:type\" content=\"article\" \/>\r\n<meta property=\"og:title\" content=\"NUTRIMAX ECHINACEE 60 GELULES VEGETALES - Paracherkaoui.ma\" \/>\r\n<meta property=\"og:description\" content=\"La formule exclusive de NutriMax est con\u00e7ue pour maximiser les bienfaits de l\u2019\u00c9chinac\u00e9e purpurea, plante reconnue pour stimuler la r\u00e9ponse\" \/>\r\n<meta property=\"og:url\" content=\"https:\/\/paracherkaoui.ma\/index.php\/produit\/nutrimax-echinacee-60-gelules-vegetales\/\" \/>\r\n<meta property=\"og:site_name\" content=\"Paracherkaoui.ma\" \/>\r\n<meta property=\"article:modified_time\" content=\"2025-12-12T18:45:25+00:00\" \/>\r\n<meta property=\"og:image\" content=\"https:\/\/paracherkaoui.ma\/wp-content\/uploads\/2025\/12\/nutrimax-nutrimax-echinacee-60-gelules-vegetales-defenses-immunitaires.jpg\" \/>\r\n\t<meta property=\"og:image:width\" content=\"700\" \/>\r\n\t<meta property=\"og:image:height\" content=\"700\" \/>\r\n\t<meta property=\"og:image:type\" content=\"image\/jpeg\" \/>\r\n<meta name=\"twitter:card\" content=\"summary_large_image\" \/>\r\n<meta name=\"twitter:label1\" content=\"Dur\u00e9e de lecture estim\u00e9e\" \/>\n\t<meta name=\"twitter:data1\" content=\"1 minute\" \/>\r\n<script type=\"application\/ld+json\" class=\"yoast-schema-graph\">{\"@context\":\"https:\/\/schema.org\",\"@graph\":[{\"@type\":\"WebPage\",\"@id\":\"https:\/\/paracherkaoui.ma\/index.php\/produit\/nutrimax-echinacee-60-gelules-vegetales\/\",\"url\":\"https:\/\/paracherkaoui.ma\/index.php\/produit\/nutrimax-echinacee-60-gelules-vegetales\/\",\"name\":\"NUTRIMAX ECHINACEE 60 GELULES VEGETALES - Paracherkaoui.ma\",\"isPartOf\":{\"@id\":\"https:\/\/paracherkaoui.ma\/#website\"},\"primaryImageOfPage\":{\"@id\":\"https:\/\/paracherkaoui.ma\/index.php\/produit\/nutrimax-echinacee-60-gelules-vegetales\/#primaryimage\"},\"image\":{\"@id\":\"https:\/\/paracherkaoui.ma\/index.php\/produit\/nutrimax-echinacee-60-gelules-vegetales\/#primaryimage\"},\"thumbnailUrl\":\"https:\/\/paracherkaoui.ma\/wp-content\/uploads\/2025\/12\/nutrimax-nutrimax-echinacee-60-gelules-vegetales-defenses-immunitaires.jpg\",\"datePublished\":\"2025-12-12T18:45:19+00:00\",\"dateModified\":\"2025-12-12T18:45:25+00:00\",\"breadcrumb\":{\"@id\":\"https:\/\/paracherkaoui.ma\/index.php\/produit\/nutrimax-echinacee-60-gelules-vegetales\/#breadcrumb\"},\"inLanguage\":\"fr-FR\",\"potentialAction\":[{\"@type\":\"ReadAction\",\"target\":[\"https:\/\/paracherkaoui.ma\/index.php\/produit\/nutrimax-echinacee-60-gelules-vegetales\/\"]}]},{\"@type\":\"ImageObject\",\"inLanguage\":\"fr-FR\",\"@id\":\"https:\/\/paracherkaoui.ma\/index.php\/produit\/nutrimax-echinacee-60-gelules-vegetales\/#primaryimage\",\"url\":\"https:\/\/paracherkaoui.ma\/wp-content\/uploads\/2025\/12\/nutrimax-nutrimax-echinacee-60-gelules-vegetales-defenses-immunitaires.jpg\",\"contentUrl\":\"https:\/\/paracherkaoui.ma\/wp-content\/uploads\/2025\/12\/nutrimax-nutrimax-echinacee-60-gelules-vegetales-defenses-immunitaires.jpg\",\"width\":700,\"height\":700},{\"@type\":\"BreadcrumbList\",\"@id\":\"https:\/\/paracherkaoui.ma\/index.php\/produit\/nutrimax-echinacee-60-gelules-vegetales\/#breadcrumb\",\"itemListElement\":[{\"@type\":\"ListItem\",\"position\":1,\"name\":\"Accueil\",\"item\":\"https:\/\/paracherkaoui.ma\/\"},{\"@type\":\"ListItem\",\"position\":2,\"name\":\"Boutique\",\"item\":\"https:\/\/paracherkaoui.ma\/index.php\/boutique\/\"},{\"@type\":\"ListItem\",\"position\":3,\"name\":\"NUTRIMAX ECHINACEE 60 GELULES VEGETALES\"}]},{\"@type\":\"WebSite\",\"@id\":\"https:\/\/paracherkaoui.ma\/#website\",\"url\":\"https:\/\/paracherkaoui.ma\/\",\"name\":\"Paracherkaoui.ma\",\"description\":\"Achetez en ligne sur Paracherkaoui.ma\",\"potentialAction\":[{\"@type\":\"SearchAction\",\"target\":{\"@type\":\"EntryPoint\",\"urlTemplate\":\"https:\/\/paracherkaoui.ma\/?s={search_term_string}\"},\"query-input\":{\"@type\":\"PropertyValueSpecification\",\"valueRequired\":true,\"valueName\":\"search_term_string\"}}],\"inLanguage\":\"fr-FR\"}]}<\/script>\r\n<!-- \/ Yoast SEO plugin. -->","yoast_head_json":{"title":"NUTRIMAX ECHINACEE 60 GELULES VEGETALES - Paracherkaoui.ma","robots":{"index":"index","follow":"follow","max-snippet":"max-snippet:-1","max-image-preview":"max-image-preview:large","max-video-preview":"max-video-preview:-1"},"canonical":"https:\/\/paracherkaoui.ma\/index.php\/produit\/nutrimax-echinacee-60-gelules-vegetales\/","og_locale":"fr_FR","og_type":"article","og_title":"NUTRIMAX ECHINACEE 60 GELULES VEGETALES - Paracherkaoui.ma","og_description":"La formule exclusive de NutriMax est con\u00e7ue pour maximiser les bienfaits de l\u2019\u00c9chinac\u00e9e purpurea, plante reconnue pour stimuler la r\u00e9ponse","og_url":"https:\/\/paracherkaoui.ma\/index.php\/produit\/nutrimax-echinacee-60-gelules-vegetales\/","og_site_name":"Paracherkaoui.ma","article_modified_time":"2025-12-12T18:45:25+00:00","og_image":[{"width":700,"height":700,"url":"https:\/\/paracherkaoui.ma\/wp-content\/uploads\/2025\/12\/nutrimax-nutrimax-echinacee-60-gelules-vegetales-defenses-immunitaires.jpg","type":"image\/jpeg"}],"twitter_card":"summary_large_image","twitter_misc":{"Dur\u00e9e de lecture estim\u00e9e":"1 minute"},"schema":{"@context":"https:\/\/schema.org","@graph":[{"@type":"WebPage","@id":"https:\/\/paracherkaoui.ma\/index.php\/produit\/nutrimax-echinacee-60-gelules-vegetales\/","url":"https:\/\/paracherkaoui.ma\/index.php\/produit\/nutrimax-echinacee-60-gelules-vegetales\/","name":"NUTRIMAX ECHINACEE 60 GELULES VEGETALES - Paracherkaoui.ma","isPartOf":{"@id":"https:\/\/paracherkaoui.ma\/#website"},"primaryImageOfPage":{"@id":"https:\/\/paracherkaoui.ma\/index.php\/produit\/nutrimax-echinacee-60-gelules-vegetales\/#primaryimage"},"image":{"@id":"https:\/\/paracherkaoui.ma\/index.php\/produit\/nutrimax-echinacee-60-gelules-vegetales\/#primaryimage"},"thumbnailUrl":"https:\/\/paracherkaoui.ma\/wp-content\/uploads\/2025\/12\/nutrimax-nutrimax-echinacee-60-gelules-vegetales-defenses-immunitaires.jpg","datePublished":"2025-12-12T18:45:19+00:00","dateModified":"2025-12-12T18:45:25+00:00","breadcrumb":{"@id":"https:\/\/paracherkaoui.ma\/index.php\/produit\/nutrimax-echinacee-60-gelules-vegetales\/#breadcrumb"},"inLanguage":"fr-FR","potentialAction":[{"@type":"ReadAction","target":["https:\/\/paracherkaoui.ma\/index.php\/produit\/nutrimax-echinacee-60-gelules-vegetales\/"]}]},{"@type":"ImageObject","inLanguage":"fr-FR","@id":"https:\/\/paracherkaoui.ma\/index.php\/produit\/nutrimax-echinacee-60-gelules-vegetales\/#primaryimage","url":"https:\/\/paracherkaoui.ma\/wp-content\/uploads\/2025\/12\/nutrimax-nutrimax-echinacee-60-gelules-vegetales-defenses-immunitaires.jpg","contentUrl":"https:\/\/paracherkaoui.ma\/wp-content\/uploads\/2025\/12\/nutrimax-nutrimax-echinacee-60-gelules-vegetales-defenses-immunitaires.jpg","width":700,"height":700},{"@type":"BreadcrumbList","@id":"https:\/\/paracherkaoui.ma\/index.php\/produit\/nutrimax-echinacee-60-gelules-vegetales\/#breadcrumb","itemListElement":[{"@type":"ListItem","position":1,"name":"Accueil","item":"https:\/\/paracherkaoui.ma\/"},{"@type":"ListItem","position":2,"name":"Boutique","item":"https:\/\/paracherkaoui.ma\/index.php\/boutique\/"},{"@type":"ListItem","position":3,"name":"NUTRIMAX ECHINACEE 60 GELULES VEGETALES"}]},{"@type":"WebSite","@id":"https:\/\/paracherkaoui.ma\/#website","url":"https:\/\/paracherkaoui.ma\/","name":"Paracherkaoui.ma","description":"Achetez en ligne sur Paracherkaoui.ma","potentialAction":[{"@type":"SearchAction","target":{"@type":"EntryPoint","urlTemplate":"https:\/\/paracherkaoui.ma\/?s={search_term_string}"},"query-input":{"@type":"PropertyValueSpecification","valueRequired":true,"valueName":"search_term_string"}}],"inLanguage":"fr-FR"}]}},"_links":{"self":[{"href":"https:\/\/paracherkaoui.ma\/index.php\/wp-json\/wp\/v2\/product\/56266","targetHints":{"allow":["GET"]}}],"collection":[{"href":"https:\/\/paracherkaoui.ma\/index.php\/wp-json\/wp\/v2\/product"}],"about":[{"href":"https:\/\/paracherkaoui.ma\/index.php\/wp-json\/wp\/v2\/types\/product"}],"replies":[{"embeddable":true,"href":"https:\/\/paracherkaoui.ma\/index.php\/wp-json\/wp\/v2\/comments?post=56266"}],"version-history":[{"count":1,"href":"https:\/\/paracherkaoui.ma\/index.php\/wp-json\/wp\/v2\/product\/56266\/revisions"}],"predecessor-version":[{"id":56309,"href":"https:\/\/paracherkaoui.ma\/index.php\/wp-json\/wp\/v2\/product\/56266\/revisions\/56309"}],"wp:featuredmedia":[{"embeddable":true,"href":"https:\/\/paracherkaoui.ma\/index.php\/wp-json\/wp\/v2\/media\/56308"}],"wp:attachment":[{"href":"https:\/\/paracherkaoui.ma\/index.php\/wp-json\/wp\/v2\/media?parent=56266"}],"wp:term":[{"taxonomy":"product_brand","embeddable":true,"href":"https:\/\/paracherkaoui.ma\/index.php\/wp-json\/wp\/v2\/product_brand?post=56266"},{"taxonomy":"product_cat","embeddable":true,"href":"https:\/\/paracherkaoui.ma\/index.php\/wp-json\/wp\/v2\/product_cat?post=56266"},{"taxonomy":"product_tag","embeddable":true,"href":"https:\/\/paracherkaoui.ma\/index.php\/wp-json\/wp\/v2\/product_tag?post=56266"}],"curies":[{"name":"wp","href":"https:\/\/api.w.org\/{rel}","templated":true}]}}