{"id":56249,"date":"2025-12-12T19:45:18","date_gmt":"2025-12-12T18:45:18","guid":{"rendered":"https:\/\/test.ecbeaute.com\/?post_type=product&#038;p=56249"},"modified":"2025-12-12T19:45:22","modified_gmt":"2025-12-12T18:45:22","slug":"vertuplus-gelee-royale-30-gelules-2","status":"publish","type":"product","link":"https:\/\/paracherkaoui.ma\/index.php\/produit\/vertuplus-gelee-royale-30-gelules-2\/","title":{"rendered":"VERTUPLUS GELEE ROYALE 30 GELULES"},"content":{"rendered":"<p>D\u00e9couvrez la G\u00e9l\u00e9e Royale VertuPlus, une v\u00e9ritable merveille de la nature concentr\u00e9e dans chaque g\u00e9lule. R\u00e9put\u00e9e pour ses bienfaits exceptionnels sur la sant\u00e9, la g\u00e9l\u00e9e royale est un tr\u00e9sor produit par les abeilles pour nourrir leur reine. VertuPlus vous offre cette pr\u00e9cieuse substance sous forme pratique de g\u00e9lules, garantissant ainsi une qualit\u00e9 et une puret\u00e9 optimales. Chaque g\u00e9lule est une source naturelle de nutriments essentiels tels que des vitamines, des min\u00e9raux, des acides amin\u00e9s et des enzymes, b\u00e9n\u00e9fiques pour renforcer l&rsquo;organisme et stimuler le bien-\u00eatre g\u00e9n\u00e9ral.<br \/>\nConseils d&rsquo;utilisation :<br \/>\nPrenez 1 g\u00e9lule par jour, de pr\u00e9f\u00e9rence le matin \u00e0 jeun, avec un verre d&rsquo;eau. Respectez les indications sp\u00e9cifiques sur l&#8217;emballage ou celles donn\u00e9es par un professionnel de sant\u00e9.<\/p>\n","protected":false},"excerpt":{"rendered":"<p>D\u00e9couvrez la G\u00e9l\u00e9e Royale VertuPlus, une v\u00e9ritable merveille de la nature concentr\u00e9e dans chaque g\u00e9lule. R\u00e9put\u00e9e pour ses bienfaits exceptionnels<\/p>\n","protected":false},"featured_media":54107,"comment_status":"open","ping_status":"closed","template":"","meta":[],"product_brand":[1007],"product_cat":[1085],"product_tag":[],"class_list":{"0":"post-56249","1":"product","2":"type-product","3":"status-publish","4":"has-post-thumbnail","6":"product_brand-vertu-plus","7":"product_cat-defenses-immunitaires","9":"first","10":"instock","11":"sale","12":"shipping-taxable","13":"purchasable","14":"product-type-simple"},"yoast_head":"<!-- This site is optimized with the Yoast SEO plugin v26.6 - https:\/\/yoast.com\/wordpress\/plugins\/seo\/ -->\r\n<title>VERTUPLUS GELEE ROYALE 30 GELULES - Paracherkaoui.ma<\/title>\r\n<meta name=\"robots\" content=\"index, follow, max-snippet:-1, max-image-preview:large, max-video-preview:-1\" \/>\r\n<link rel=\"canonical\" href=\"https:\/\/paracherkaoui.ma\/index.php\/produit\/vertuplus-gelee-royale-30-gelules-2\/\" \/>\r\n<meta property=\"og:locale\" content=\"fr_FR\" \/>\r\n<meta property=\"og:type\" content=\"article\" \/>\r\n<meta property=\"og:title\" content=\"VERTUPLUS GELEE ROYALE 30 GELULES - Paracherkaoui.ma\" \/>\r\n<meta property=\"og:description\" content=\"D\u00e9couvrez la G\u00e9l\u00e9e Royale VertuPlus, une v\u00e9ritable merveille de la nature concentr\u00e9e dans chaque g\u00e9lule. R\u00e9put\u00e9e pour ses bienfaits exceptionnels\" \/>\r\n<meta property=\"og:url\" content=\"https:\/\/paracherkaoui.ma\/index.php\/produit\/vertuplus-gelee-royale-30-gelules-2\/\" \/>\r\n<meta property=\"og:site_name\" content=\"Paracherkaoui.ma\" \/>\r\n<meta property=\"article:modified_time\" content=\"2025-12-12T18:45:22+00:00\" \/>\r\n<meta property=\"og:image\" content=\"https:\/\/paracherkaoui.ma\/wp-content\/uploads\/2025\/12\/vertuplus-vertuplus-gelee-royale-30-gelules-defenses-immunitaires.jpg\" \/>\r\n\t<meta property=\"og:image:width\" content=\"700\" \/>\r\n\t<meta property=\"og:image:height\" content=\"700\" \/>\r\n\t<meta property=\"og:image:type\" content=\"image\/jpeg\" \/>\r\n<meta name=\"twitter:card\" content=\"summary_large_image\" \/>\r\n<meta name=\"twitter:label1\" content=\"Dur\u00e9e de lecture estim\u00e9e\" \/>\n\t<meta name=\"twitter:data1\" content=\"1 minute\" \/>\r\n<script type=\"application\/ld+json\" class=\"yoast-schema-graph\">{\"@context\":\"https:\/\/schema.org\",\"@graph\":[{\"@type\":\"WebPage\",\"@id\":\"https:\/\/paracherkaoui.ma\/index.php\/produit\/vertuplus-gelee-royale-30-gelules-2\/\",\"url\":\"https:\/\/paracherkaoui.ma\/index.php\/produit\/vertuplus-gelee-royale-30-gelules-2\/\",\"name\":\"VERTUPLUS GELEE ROYALE 30 GELULES - Paracherkaoui.ma\",\"isPartOf\":{\"@id\":\"https:\/\/paracherkaoui.ma\/#website\"},\"primaryImageOfPage\":{\"@id\":\"https:\/\/paracherkaoui.ma\/index.php\/produit\/vertuplus-gelee-royale-30-gelules-2\/#primaryimage\"},\"image\":{\"@id\":\"https:\/\/paracherkaoui.ma\/index.php\/produit\/vertuplus-gelee-royale-30-gelules-2\/#primaryimage\"},\"thumbnailUrl\":\"https:\/\/paracherkaoui.ma\/wp-content\/uploads\/2025\/12\/vertuplus-vertuplus-gelee-royale-30-gelules-defenses-immunitaires.jpg\",\"datePublished\":\"2025-12-12T18:45:18+00:00\",\"dateModified\":\"2025-12-12T18:45:22+00:00\",\"breadcrumb\":{\"@id\":\"https:\/\/paracherkaoui.ma\/index.php\/produit\/vertuplus-gelee-royale-30-gelules-2\/#breadcrumb\"},\"inLanguage\":\"fr-FR\",\"potentialAction\":[{\"@type\":\"ReadAction\",\"target\":[\"https:\/\/paracherkaoui.ma\/index.php\/produit\/vertuplus-gelee-royale-30-gelules-2\/\"]}]},{\"@type\":\"ImageObject\",\"inLanguage\":\"fr-FR\",\"@id\":\"https:\/\/paracherkaoui.ma\/index.php\/produit\/vertuplus-gelee-royale-30-gelules-2\/#primaryimage\",\"url\":\"https:\/\/paracherkaoui.ma\/wp-content\/uploads\/2025\/12\/vertuplus-vertuplus-gelee-royale-30-gelules-defenses-immunitaires.jpg\",\"contentUrl\":\"https:\/\/paracherkaoui.ma\/wp-content\/uploads\/2025\/12\/vertuplus-vertuplus-gelee-royale-30-gelules-defenses-immunitaires.jpg\",\"width\":700,\"height\":700},{\"@type\":\"BreadcrumbList\",\"@id\":\"https:\/\/paracherkaoui.ma\/index.php\/produit\/vertuplus-gelee-royale-30-gelules-2\/#breadcrumb\",\"itemListElement\":[{\"@type\":\"ListItem\",\"position\":1,\"name\":\"Accueil\",\"item\":\"https:\/\/paracherkaoui.ma\/\"},{\"@type\":\"ListItem\",\"position\":2,\"name\":\"Boutique\",\"item\":\"https:\/\/paracherkaoui.ma\/index.php\/boutique\/\"},{\"@type\":\"ListItem\",\"position\":3,\"name\":\"VERTUPLUS GELEE ROYALE 30 GELULES\"}]},{\"@type\":\"WebSite\",\"@id\":\"https:\/\/paracherkaoui.ma\/#website\",\"url\":\"https:\/\/paracherkaoui.ma\/\",\"name\":\"Paracherkaoui.ma\",\"description\":\"Achetez en ligne sur Paracherkaoui.ma\",\"potentialAction\":[{\"@type\":\"SearchAction\",\"target\":{\"@type\":\"EntryPoint\",\"urlTemplate\":\"https:\/\/paracherkaoui.ma\/?s={search_term_string}\"},\"query-input\":{\"@type\":\"PropertyValueSpecification\",\"valueRequired\":true,\"valueName\":\"search_term_string\"}}],\"inLanguage\":\"fr-FR\"}]}<\/script>\r\n<!-- \/ Yoast SEO plugin. -->","yoast_head_json":{"title":"VERTUPLUS GELEE ROYALE 30 GELULES - Paracherkaoui.ma","robots":{"index":"index","follow":"follow","max-snippet":"max-snippet:-1","max-image-preview":"max-image-preview:large","max-video-preview":"max-video-preview:-1"},"canonical":"https:\/\/paracherkaoui.ma\/index.php\/produit\/vertuplus-gelee-royale-30-gelules-2\/","og_locale":"fr_FR","og_type":"article","og_title":"VERTUPLUS GELEE ROYALE 30 GELULES - Paracherkaoui.ma","og_description":"D\u00e9couvrez la G\u00e9l\u00e9e Royale VertuPlus, une v\u00e9ritable merveille de la nature concentr\u00e9e dans chaque g\u00e9lule. R\u00e9put\u00e9e pour ses bienfaits exceptionnels","og_url":"https:\/\/paracherkaoui.ma\/index.php\/produit\/vertuplus-gelee-royale-30-gelules-2\/","og_site_name":"Paracherkaoui.ma","article_modified_time":"2025-12-12T18:45:22+00:00","og_image":[{"width":700,"height":700,"url":"https:\/\/paracherkaoui.ma\/wp-content\/uploads\/2025\/12\/vertuplus-vertuplus-gelee-royale-30-gelules-defenses-immunitaires.jpg","type":"image\/jpeg"}],"twitter_card":"summary_large_image","twitter_misc":{"Dur\u00e9e de lecture estim\u00e9e":"1 minute"},"schema":{"@context":"https:\/\/schema.org","@graph":[{"@type":"WebPage","@id":"https:\/\/paracherkaoui.ma\/index.php\/produit\/vertuplus-gelee-royale-30-gelules-2\/","url":"https:\/\/paracherkaoui.ma\/index.php\/produit\/vertuplus-gelee-royale-30-gelules-2\/","name":"VERTUPLUS GELEE ROYALE 30 GELULES - Paracherkaoui.ma","isPartOf":{"@id":"https:\/\/paracherkaoui.ma\/#website"},"primaryImageOfPage":{"@id":"https:\/\/paracherkaoui.ma\/index.php\/produit\/vertuplus-gelee-royale-30-gelules-2\/#primaryimage"},"image":{"@id":"https:\/\/paracherkaoui.ma\/index.php\/produit\/vertuplus-gelee-royale-30-gelules-2\/#primaryimage"},"thumbnailUrl":"https:\/\/paracherkaoui.ma\/wp-content\/uploads\/2025\/12\/vertuplus-vertuplus-gelee-royale-30-gelules-defenses-immunitaires.jpg","datePublished":"2025-12-12T18:45:18+00:00","dateModified":"2025-12-12T18:45:22+00:00","breadcrumb":{"@id":"https:\/\/paracherkaoui.ma\/index.php\/produit\/vertuplus-gelee-royale-30-gelules-2\/#breadcrumb"},"inLanguage":"fr-FR","potentialAction":[{"@type":"ReadAction","target":["https:\/\/paracherkaoui.ma\/index.php\/produit\/vertuplus-gelee-royale-30-gelules-2\/"]}]},{"@type":"ImageObject","inLanguage":"fr-FR","@id":"https:\/\/paracherkaoui.ma\/index.php\/produit\/vertuplus-gelee-royale-30-gelules-2\/#primaryimage","url":"https:\/\/paracherkaoui.ma\/wp-content\/uploads\/2025\/12\/vertuplus-vertuplus-gelee-royale-30-gelules-defenses-immunitaires.jpg","contentUrl":"https:\/\/paracherkaoui.ma\/wp-content\/uploads\/2025\/12\/vertuplus-vertuplus-gelee-royale-30-gelules-defenses-immunitaires.jpg","width":700,"height":700},{"@type":"BreadcrumbList","@id":"https:\/\/paracherkaoui.ma\/index.php\/produit\/vertuplus-gelee-royale-30-gelules-2\/#breadcrumb","itemListElement":[{"@type":"ListItem","position":1,"name":"Accueil","item":"https:\/\/paracherkaoui.ma\/"},{"@type":"ListItem","position":2,"name":"Boutique","item":"https:\/\/paracherkaoui.ma\/index.php\/boutique\/"},{"@type":"ListItem","position":3,"name":"VERTUPLUS GELEE ROYALE 30 GELULES"}]},{"@type":"WebSite","@id":"https:\/\/paracherkaoui.ma\/#website","url":"https:\/\/paracherkaoui.ma\/","name":"Paracherkaoui.ma","description":"Achetez en ligne sur Paracherkaoui.ma","potentialAction":[{"@type":"SearchAction","target":{"@type":"EntryPoint","urlTemplate":"https:\/\/paracherkaoui.ma\/?s={search_term_string}"},"query-input":{"@type":"PropertyValueSpecification","valueRequired":true,"valueName":"search_term_string"}}],"inLanguage":"fr-FR"}]}},"_links":{"self":[{"href":"https:\/\/paracherkaoui.ma\/index.php\/wp-json\/wp\/v2\/product\/56249","targetHints":{"allow":["GET"]}}],"collection":[{"href":"https:\/\/paracherkaoui.ma\/index.php\/wp-json\/wp\/v2\/product"}],"about":[{"href":"https:\/\/paracherkaoui.ma\/index.php\/wp-json\/wp\/v2\/types\/product"}],"replies":[{"embeddable":true,"href":"https:\/\/paracherkaoui.ma\/index.php\/wp-json\/wp\/v2\/comments?post=56249"}],"version-history":[{"count":1,"href":"https:\/\/paracherkaoui.ma\/index.php\/wp-json\/wp\/v2\/product\/56249\/revisions"}],"predecessor-version":[{"id":56285,"href":"https:\/\/paracherkaoui.ma\/index.php\/wp-json\/wp\/v2\/product\/56249\/revisions\/56285"}],"wp:featuredmedia":[{"embeddable":true,"href":"https:\/\/paracherkaoui.ma\/index.php\/wp-json\/wp\/v2\/media\/54107"}],"wp:attachment":[{"href":"https:\/\/paracherkaoui.ma\/index.php\/wp-json\/wp\/v2\/media?parent=56249"}],"wp:term":[{"taxonomy":"product_brand","embeddable":true,"href":"https:\/\/paracherkaoui.ma\/index.php\/wp-json\/wp\/v2\/product_brand?post=56249"},{"taxonomy":"product_cat","embeddable":true,"href":"https:\/\/paracherkaoui.ma\/index.php\/wp-json\/wp\/v2\/product_cat?post=56249"},{"taxonomy":"product_tag","embeddable":true,"href":"https:\/\/paracherkaoui.ma\/index.php\/wp-json\/wp\/v2\/product_tag?post=56249"}],"curies":[{"name":"wp","href":"https:\/\/api.w.org\/{rel}","templated":true}]}}