{"id":56178,"date":"2025-12-12T19:45:10","date_gmt":"2025-12-12T18:45:10","guid":{"rendered":"https:\/\/test.ecbeaute.com\/?post_type=product&#038;p=56178"},"modified":"2025-12-12T19:45:13","modified_gmt":"2025-12-12T18:45:13","slug":"vertuplus-huile-de-foie-de-morue-90-capsules","status":"publish","type":"product","link":"https:\/\/paracherkaoui.ma\/index.php\/produit\/vertuplus-huile-de-foie-de-morue-90-capsules\/","title":{"rendered":"VERTUPLUS HUILE DE FOIE DE MORUE 90 CAPSULES"},"content":{"rendered":"<p>Gr\u00e2ce \u00e0 sa teneur \u00e9lev\u00e9e en vitamines A et D, cette huile aide \u00e0 renforcer le syst\u00e8me immunitaire, vous prot\u00e9geant ainsi contre diverses infections et maladies. La vitamine D est cruciale pour l\u2019absorption du calcium, ce qui contribue \u00e0 des os et des dents solides et en bonne sant\u00e9. La vitamine A joue un r\u00f4le cl\u00e9 dans le maintien d&rsquo;une vision saine, surtout en conditions de faible \u00e9clairage. Les acides gras om\u00e9ga-3 pr\u00e9sents dans l\u2019huile de foie de morue aident \u00e0 maintenir un c\u0153ur en bonne sant\u00e9 en r\u00e9duisant le taux de cholest\u00e9rol et en am\u00e9liorant la circulation sanguine. Les om\u00e9ga-3 poss\u00e8dent \u00e9galement des propri\u00e9t\u00e9s anti-inflammatoires qui peuvent aider \u00e0 soulager les sympt\u00f4mes de conditions inflammatoires comme l&rsquo;arthrite.<br \/>\nConseils d&rsquo;utilisation<br \/>\nPour tirer pleinement parti des bienfaits de VERTUPLUS HUILE DE FOIE DE MORUE 90 CAPSULES, il est recommand\u00e9 de prendre 3 capsules par jour, de pr\u00e9f\u00e9rence au cours d\u2019un repas. Assurez vous de ne pas d\u00e9passer la dose journali\u00e8re recommand\u00e9e sauf avis m\u00e9dical contraire. Ce compl\u00e9ment alimentaire peut \u00eatre utilis\u00e9 par les adultes et les enfants, mais il est conseill\u00e9 de consulter un professionnel de sant\u00e9 avant de l\u2019int\u00e9grer \u00e0 votre routine, surtout si vous \u00eates enceinte, allaitez, ou suivez un traitement m\u00e9dical particulier.<br \/>\nConservez dans un endroit frais et sec, \u00e0 l\u2019abri de la lumi\u00e8re directe.<br \/>\nTenir hors de port\u00e9e des enfants.<br \/>\nNe remplace pas une alimentation vari\u00e9e et \u00e9quilibr\u00e9e.<br \/>\nVERTUPLUS HUILE DE FOIE DE MORUE 90 CAPSULES est votre alli\u00e9 bien-\u00eatre, enrichi en nutriments essentiels pour soutenir votre sant\u00e9 globale. Profitez des vertus de ce rem\u00e8de ancestral et int\u00e9grez le \u00e0 votre quotidien pour des bienfaits durables.<\/p>\n","protected":false},"excerpt":{"rendered":"<p>Gr\u00e2ce \u00e0 sa teneur \u00e9lev\u00e9e en vitamines A et D, cette huile aide \u00e0 renforcer le syst\u00e8me immunitaire, vous prot\u00e9geant<\/p>\n","protected":false},"featured_media":56208,"comment_status":"open","ping_status":"closed","template":"","meta":[],"product_brand":[1007],"product_cat":[1085],"product_tag":[],"class_list":{"0":"post-56178","1":"product","2":"type-product","3":"status-publish","4":"has-post-thumbnail","6":"product_brand-vertu-plus","7":"product_cat-defenses-immunitaires","9":"first","10":"instock","11":"sale","12":"shipping-taxable","13":"purchasable","14":"product-type-simple"},"yoast_head":"<!-- This site is optimized with the Yoast SEO plugin v26.6 - https:\/\/yoast.com\/wordpress\/plugins\/seo\/ -->\r\n<title>VERTUPLUS HUILE DE FOIE DE MORUE 90 CAPSULES - Paracherkaoui.ma<\/title>\r\n<meta name=\"robots\" content=\"index, follow, max-snippet:-1, max-image-preview:large, max-video-preview:-1\" \/>\r\n<link rel=\"canonical\" href=\"https:\/\/paracherkaoui.ma\/index.php\/produit\/vertuplus-huile-de-foie-de-morue-90-capsules\/\" \/>\r\n<meta property=\"og:locale\" content=\"fr_FR\" \/>\r\n<meta property=\"og:type\" content=\"article\" \/>\r\n<meta property=\"og:title\" content=\"VERTUPLUS HUILE DE FOIE DE MORUE 90 CAPSULES - Paracherkaoui.ma\" \/>\r\n<meta property=\"og:description\" content=\"Gr\u00e2ce \u00e0 sa teneur \u00e9lev\u00e9e en vitamines A et D, cette huile aide \u00e0 renforcer le syst\u00e8me immunitaire, vous prot\u00e9geant\" \/>\r\n<meta property=\"og:url\" content=\"https:\/\/paracherkaoui.ma\/index.php\/produit\/vertuplus-huile-de-foie-de-morue-90-capsules\/\" \/>\r\n<meta property=\"og:site_name\" content=\"Paracherkaoui.ma\" \/>\r\n<meta property=\"article:modified_time\" content=\"2025-12-12T18:45:13+00:00\" \/>\r\n<meta property=\"og:image\" content=\"https:\/\/paracherkaoui.ma\/wp-content\/uploads\/2025\/12\/vertuplus-vertuplus-huile-de-foie-de-morue-90-capsules-defenses-immunitaires.jpg\" \/>\r\n\t<meta property=\"og:image:width\" content=\"700\" \/>\r\n\t<meta property=\"og:image:height\" content=\"700\" \/>\r\n\t<meta property=\"og:image:type\" content=\"image\/jpeg\" \/>\r\n<meta name=\"twitter:card\" content=\"summary_large_image\" \/>\r\n<meta name=\"twitter:label1\" content=\"Dur\u00e9e de lecture estim\u00e9e\" \/>\n\t<meta name=\"twitter:data1\" content=\"1 minute\" \/>\r\n<script type=\"application\/ld+json\" class=\"yoast-schema-graph\">{\"@context\":\"https:\/\/schema.org\",\"@graph\":[{\"@type\":\"WebPage\",\"@id\":\"https:\/\/paracherkaoui.ma\/index.php\/produit\/vertuplus-huile-de-foie-de-morue-90-capsules\/\",\"url\":\"https:\/\/paracherkaoui.ma\/index.php\/produit\/vertuplus-huile-de-foie-de-morue-90-capsules\/\",\"name\":\"VERTUPLUS HUILE DE FOIE DE MORUE 90 CAPSULES - Paracherkaoui.ma\",\"isPartOf\":{\"@id\":\"https:\/\/paracherkaoui.ma\/#website\"},\"primaryImageOfPage\":{\"@id\":\"https:\/\/paracherkaoui.ma\/index.php\/produit\/vertuplus-huile-de-foie-de-morue-90-capsules\/#primaryimage\"},\"image\":{\"@id\":\"https:\/\/paracherkaoui.ma\/index.php\/produit\/vertuplus-huile-de-foie-de-morue-90-capsules\/#primaryimage\"},\"thumbnailUrl\":\"https:\/\/paracherkaoui.ma\/wp-content\/uploads\/2025\/12\/vertuplus-vertuplus-huile-de-foie-de-morue-90-capsules-defenses-immunitaires.jpg\",\"datePublished\":\"2025-12-12T18:45:10+00:00\",\"dateModified\":\"2025-12-12T18:45:13+00:00\",\"breadcrumb\":{\"@id\":\"https:\/\/paracherkaoui.ma\/index.php\/produit\/vertuplus-huile-de-foie-de-morue-90-capsules\/#breadcrumb\"},\"inLanguage\":\"fr-FR\",\"potentialAction\":[{\"@type\":\"ReadAction\",\"target\":[\"https:\/\/paracherkaoui.ma\/index.php\/produit\/vertuplus-huile-de-foie-de-morue-90-capsules\/\"]}]},{\"@type\":\"ImageObject\",\"inLanguage\":\"fr-FR\",\"@id\":\"https:\/\/paracherkaoui.ma\/index.php\/produit\/vertuplus-huile-de-foie-de-morue-90-capsules\/#primaryimage\",\"url\":\"https:\/\/paracherkaoui.ma\/wp-content\/uploads\/2025\/12\/vertuplus-vertuplus-huile-de-foie-de-morue-90-capsules-defenses-immunitaires.jpg\",\"contentUrl\":\"https:\/\/paracherkaoui.ma\/wp-content\/uploads\/2025\/12\/vertuplus-vertuplus-huile-de-foie-de-morue-90-capsules-defenses-immunitaires.jpg\",\"width\":700,\"height\":700},{\"@type\":\"BreadcrumbList\",\"@id\":\"https:\/\/paracherkaoui.ma\/index.php\/produit\/vertuplus-huile-de-foie-de-morue-90-capsules\/#breadcrumb\",\"itemListElement\":[{\"@type\":\"ListItem\",\"position\":1,\"name\":\"Accueil\",\"item\":\"https:\/\/paracherkaoui.ma\/\"},{\"@type\":\"ListItem\",\"position\":2,\"name\":\"Boutique\",\"item\":\"https:\/\/paracherkaoui.ma\/index.php\/boutique\/\"},{\"@type\":\"ListItem\",\"position\":3,\"name\":\"VERTUPLUS HUILE DE FOIE DE MORUE 90 CAPSULES\"}]},{\"@type\":\"WebSite\",\"@id\":\"https:\/\/paracherkaoui.ma\/#website\",\"url\":\"https:\/\/paracherkaoui.ma\/\",\"name\":\"Paracherkaoui.ma\",\"description\":\"Achetez en ligne sur Paracherkaoui.ma\",\"potentialAction\":[{\"@type\":\"SearchAction\",\"target\":{\"@type\":\"EntryPoint\",\"urlTemplate\":\"https:\/\/paracherkaoui.ma\/?s={search_term_string}\"},\"query-input\":{\"@type\":\"PropertyValueSpecification\",\"valueRequired\":true,\"valueName\":\"search_term_string\"}}],\"inLanguage\":\"fr-FR\"}]}<\/script>\r\n<!-- \/ Yoast SEO plugin. -->","yoast_head_json":{"title":"VERTUPLUS HUILE DE FOIE DE MORUE 90 CAPSULES - Paracherkaoui.ma","robots":{"index":"index","follow":"follow","max-snippet":"max-snippet:-1","max-image-preview":"max-image-preview:large","max-video-preview":"max-video-preview:-1"},"canonical":"https:\/\/paracherkaoui.ma\/index.php\/produit\/vertuplus-huile-de-foie-de-morue-90-capsules\/","og_locale":"fr_FR","og_type":"article","og_title":"VERTUPLUS HUILE DE FOIE DE MORUE 90 CAPSULES - Paracherkaoui.ma","og_description":"Gr\u00e2ce \u00e0 sa teneur \u00e9lev\u00e9e en vitamines A et D, cette huile aide \u00e0 renforcer le syst\u00e8me immunitaire, vous prot\u00e9geant","og_url":"https:\/\/paracherkaoui.ma\/index.php\/produit\/vertuplus-huile-de-foie-de-morue-90-capsules\/","og_site_name":"Paracherkaoui.ma","article_modified_time":"2025-12-12T18:45:13+00:00","og_image":[{"width":700,"height":700,"url":"https:\/\/paracherkaoui.ma\/wp-content\/uploads\/2025\/12\/vertuplus-vertuplus-huile-de-foie-de-morue-90-capsules-defenses-immunitaires.jpg","type":"image\/jpeg"}],"twitter_card":"summary_large_image","twitter_misc":{"Dur\u00e9e de lecture estim\u00e9e":"1 minute"},"schema":{"@context":"https:\/\/schema.org","@graph":[{"@type":"WebPage","@id":"https:\/\/paracherkaoui.ma\/index.php\/produit\/vertuplus-huile-de-foie-de-morue-90-capsules\/","url":"https:\/\/paracherkaoui.ma\/index.php\/produit\/vertuplus-huile-de-foie-de-morue-90-capsules\/","name":"VERTUPLUS HUILE DE FOIE DE MORUE 90 CAPSULES - Paracherkaoui.ma","isPartOf":{"@id":"https:\/\/paracherkaoui.ma\/#website"},"primaryImageOfPage":{"@id":"https:\/\/paracherkaoui.ma\/index.php\/produit\/vertuplus-huile-de-foie-de-morue-90-capsules\/#primaryimage"},"image":{"@id":"https:\/\/paracherkaoui.ma\/index.php\/produit\/vertuplus-huile-de-foie-de-morue-90-capsules\/#primaryimage"},"thumbnailUrl":"https:\/\/paracherkaoui.ma\/wp-content\/uploads\/2025\/12\/vertuplus-vertuplus-huile-de-foie-de-morue-90-capsules-defenses-immunitaires.jpg","datePublished":"2025-12-12T18:45:10+00:00","dateModified":"2025-12-12T18:45:13+00:00","breadcrumb":{"@id":"https:\/\/paracherkaoui.ma\/index.php\/produit\/vertuplus-huile-de-foie-de-morue-90-capsules\/#breadcrumb"},"inLanguage":"fr-FR","potentialAction":[{"@type":"ReadAction","target":["https:\/\/paracherkaoui.ma\/index.php\/produit\/vertuplus-huile-de-foie-de-morue-90-capsules\/"]}]},{"@type":"ImageObject","inLanguage":"fr-FR","@id":"https:\/\/paracherkaoui.ma\/index.php\/produit\/vertuplus-huile-de-foie-de-morue-90-capsules\/#primaryimage","url":"https:\/\/paracherkaoui.ma\/wp-content\/uploads\/2025\/12\/vertuplus-vertuplus-huile-de-foie-de-morue-90-capsules-defenses-immunitaires.jpg","contentUrl":"https:\/\/paracherkaoui.ma\/wp-content\/uploads\/2025\/12\/vertuplus-vertuplus-huile-de-foie-de-morue-90-capsules-defenses-immunitaires.jpg","width":700,"height":700},{"@type":"BreadcrumbList","@id":"https:\/\/paracherkaoui.ma\/index.php\/produit\/vertuplus-huile-de-foie-de-morue-90-capsules\/#breadcrumb","itemListElement":[{"@type":"ListItem","position":1,"name":"Accueil","item":"https:\/\/paracherkaoui.ma\/"},{"@type":"ListItem","position":2,"name":"Boutique","item":"https:\/\/paracherkaoui.ma\/index.php\/boutique\/"},{"@type":"ListItem","position":3,"name":"VERTUPLUS HUILE DE FOIE DE MORUE 90 CAPSULES"}]},{"@type":"WebSite","@id":"https:\/\/paracherkaoui.ma\/#website","url":"https:\/\/paracherkaoui.ma\/","name":"Paracherkaoui.ma","description":"Achetez en ligne sur Paracherkaoui.ma","potentialAction":[{"@type":"SearchAction","target":{"@type":"EntryPoint","urlTemplate":"https:\/\/paracherkaoui.ma\/?s={search_term_string}"},"query-input":{"@type":"PropertyValueSpecification","valueRequired":true,"valueName":"search_term_string"}}],"inLanguage":"fr-FR"}]}},"_links":{"self":[{"href":"https:\/\/paracherkaoui.ma\/index.php\/wp-json\/wp\/v2\/product\/56178","targetHints":{"allow":["GET"]}}],"collection":[{"href":"https:\/\/paracherkaoui.ma\/index.php\/wp-json\/wp\/v2\/product"}],"about":[{"href":"https:\/\/paracherkaoui.ma\/index.php\/wp-json\/wp\/v2\/types\/product"}],"replies":[{"embeddable":true,"href":"https:\/\/paracherkaoui.ma\/index.php\/wp-json\/wp\/v2\/comments?post=56178"}],"version-history":[{"count":1,"href":"https:\/\/paracherkaoui.ma\/index.php\/wp-json\/wp\/v2\/product\/56178\/revisions"}],"predecessor-version":[{"id":56209,"href":"https:\/\/paracherkaoui.ma\/index.php\/wp-json\/wp\/v2\/product\/56178\/revisions\/56209"}],"wp:featuredmedia":[{"embeddable":true,"href":"https:\/\/paracherkaoui.ma\/index.php\/wp-json\/wp\/v2\/media\/56208"}],"wp:attachment":[{"href":"https:\/\/paracherkaoui.ma\/index.php\/wp-json\/wp\/v2\/media?parent=56178"}],"wp:term":[{"taxonomy":"product_brand","embeddable":true,"href":"https:\/\/paracherkaoui.ma\/index.php\/wp-json\/wp\/v2\/product_brand?post=56178"},{"taxonomy":"product_cat","embeddable":true,"href":"https:\/\/paracherkaoui.ma\/index.php\/wp-json\/wp\/v2\/product_cat?post=56178"},{"taxonomy":"product_tag","embeddable":true,"href":"https:\/\/paracherkaoui.ma\/index.php\/wp-json\/wp\/v2\/product_tag?post=56178"}],"curies":[{"name":"wp","href":"https:\/\/api.w.org\/{rel}","templated":true}]}}