{"id":56118,"date":"2025-12-12T19:45:03","date_gmt":"2025-12-12T18:45:03","guid":{"rendered":"https:\/\/test.ecbeaute.com\/?post_type=product&#038;p=56118"},"modified":"2025-12-12T19:45:08","modified_gmt":"2025-12-12T18:45:08","slug":"vertuplus-chardon-marie-90-gelules","status":"publish","type":"product","link":"https:\/\/paracherkaoui.ma\/index.php\/produit\/vertuplus-chardon-marie-90-gelules\/","title":{"rendered":"VERTUPLUS CHARDON MARIE 90 GELULES"},"content":{"rendered":"<p>Le Chardon-Marie, une plante aux vertus th\u00e9rapeutiques ancestrales, s&rsquo;av\u00e8re \u00eatre un alli\u00e9 pr\u00e9cieux pour la sant\u00e9 h\u00e9patique et digestive. Utilis\u00e9 depuis des si\u00e8cles, il est particuli\u00e8rement recommand\u00e9 pour am\u00e9liorer la fonction du foie et att\u00e9nuer les troubles h\u00e9patiques induits par certains traitements m\u00e9dicamenteux. En plus de ses effets b\u00e9n\u00e9fiques sur le foie, le Chardon-Marie offre \u00e9galement un soulagement efficace contre les troubles digestifs courants comme les ballonnements et les naus\u00e9es.<br \/>\nBienfaits du Chardon-Marie pour la sant\u00e9 h\u00e9patique et digestive:<br \/>\nLe Chardon-Marie, scientifiquement connu sous le nom de Silybum marianum, tire son efficacit\u00e9 de ses compos\u00e9s actifs, notamment la silymarine, reconnue pour ses propri\u00e9t\u00e9s protectrices du foie. En favorisant la r\u00e9g\u00e9n\u00e9ration des cellules h\u00e9patiques, il contribue \u00e0 maintenir une fonction h\u00e9patique optimale. Cette action est particuli\u00e8rement b\u00e9n\u00e9fique pour les personnes souffrant de troubles h\u00e9patiques li\u00e9s \u00e0 l&rsquo;utilisation prolong\u00e9e de m\u00e9dicaments.<br \/>\nOutre ses bienfaits sur le foie, le Chardon-Marie est \u00e9galement appr\u00e9ci\u00e9 pour son efficacit\u00e9 dans le traitement des troubles digestifs. Il aide \u00e0 r\u00e9duire les ballonnements en favorisant une meilleure digestion et soulage les naus\u00e9es gr\u00e2ce \u00e0 ses propri\u00e9t\u00e9s apaisantes sur l&rsquo;estomac. Ces effets combin\u00e9s en font un rem\u00e8de naturel polyvalent pour le bien-\u00eatre digestif global.<br \/>\nConseils d&rsquo;utilisation recommand\u00e9s:<br \/>\nPour b\u00e9n\u00e9ficier pleinement des bienfaits du Chardon-Marie, il est recommand\u00e9 de l&rsquo;utiliser sous forme de compl\u00e9ment alimentaire standardis\u00e9 en silymarine.<br \/>\nPrendre 2 g\u00e9lules matin et midi avant ou pendant les repas , une cure de 30 jours est g\u00e9n\u00e9ralement pr\u00e9conis\u00e9e pour b\u00e9n\u00e9ficier de ses bienfaits.<\/p>\n","protected":false},"excerpt":{"rendered":"<p>Le Chardon-Marie, une plante aux vertus th\u00e9rapeutiques ancestrales, s&rsquo;av\u00e8re \u00eatre un alli\u00e9 pr\u00e9cieux pour la sant\u00e9 h\u00e9patique et digestive. Utilis\u00e9<\/p>\n","protected":false},"featured_media":56157,"comment_status":"open","ping_status":"closed","template":"","meta":[],"product_brand":[1007],"product_cat":[1085],"product_tag":[],"class_list":{"0":"post-56118","1":"product","2":"type-product","3":"status-publish","4":"has-post-thumbnail","6":"product_brand-vertu-plus","7":"product_cat-defenses-immunitaires","9":"first","10":"instock","11":"sale","12":"shipping-taxable","13":"purchasable","14":"product-type-simple"},"yoast_head":"<!-- This site is optimized with the Yoast SEO plugin v26.6 - https:\/\/yoast.com\/wordpress\/plugins\/seo\/ -->\r\n<title>VERTUPLUS CHARDON MARIE 90 GELULES - Paracherkaoui.ma<\/title>\r\n<meta name=\"robots\" content=\"index, follow, max-snippet:-1, max-image-preview:large, max-video-preview:-1\" \/>\r\n<link rel=\"canonical\" href=\"https:\/\/paracherkaoui.ma\/index.php\/produit\/vertuplus-chardon-marie-90-gelules\/\" \/>\r\n<meta property=\"og:locale\" content=\"fr_FR\" \/>\r\n<meta property=\"og:type\" content=\"article\" \/>\r\n<meta property=\"og:title\" content=\"VERTUPLUS CHARDON MARIE 90 GELULES - Paracherkaoui.ma\" \/>\r\n<meta property=\"og:description\" content=\"Le Chardon-Marie, une plante aux vertus th\u00e9rapeutiques ancestrales, s&rsquo;av\u00e8re \u00eatre un alli\u00e9 pr\u00e9cieux pour la sant\u00e9 h\u00e9patique et digestive. Utilis\u00e9\" \/>\r\n<meta property=\"og:url\" content=\"https:\/\/paracherkaoui.ma\/index.php\/produit\/vertuplus-chardon-marie-90-gelules\/\" \/>\r\n<meta property=\"og:site_name\" content=\"Paracherkaoui.ma\" \/>\r\n<meta property=\"article:modified_time\" content=\"2025-12-12T18:45:08+00:00\" \/>\r\n<meta property=\"og:image\" content=\"https:\/\/paracherkaoui.ma\/wp-content\/uploads\/2025\/12\/vertuplus-vertuplus-chardon-marie-90-gelules-defenses-immunitaires.jpg\" \/>\r\n\t<meta property=\"og:image:width\" content=\"700\" \/>\r\n\t<meta property=\"og:image:height\" content=\"700\" \/>\r\n\t<meta property=\"og:image:type\" content=\"image\/jpeg\" \/>\r\n<meta name=\"twitter:card\" content=\"summary_large_image\" \/>\r\n<meta name=\"twitter:label1\" content=\"Dur\u00e9e de lecture estim\u00e9e\" \/>\n\t<meta name=\"twitter:data1\" content=\"1 minute\" \/>\r\n<script type=\"application\/ld+json\" class=\"yoast-schema-graph\">{\"@context\":\"https:\/\/schema.org\",\"@graph\":[{\"@type\":\"WebPage\",\"@id\":\"https:\/\/paracherkaoui.ma\/index.php\/produit\/vertuplus-chardon-marie-90-gelules\/\",\"url\":\"https:\/\/paracherkaoui.ma\/index.php\/produit\/vertuplus-chardon-marie-90-gelules\/\",\"name\":\"VERTUPLUS CHARDON MARIE 90 GELULES - Paracherkaoui.ma\",\"isPartOf\":{\"@id\":\"https:\/\/paracherkaoui.ma\/#website\"},\"primaryImageOfPage\":{\"@id\":\"https:\/\/paracherkaoui.ma\/index.php\/produit\/vertuplus-chardon-marie-90-gelules\/#primaryimage\"},\"image\":{\"@id\":\"https:\/\/paracherkaoui.ma\/index.php\/produit\/vertuplus-chardon-marie-90-gelules\/#primaryimage\"},\"thumbnailUrl\":\"https:\/\/paracherkaoui.ma\/wp-content\/uploads\/2025\/12\/vertuplus-vertuplus-chardon-marie-90-gelules-defenses-immunitaires.jpg\",\"datePublished\":\"2025-12-12T18:45:03+00:00\",\"dateModified\":\"2025-12-12T18:45:08+00:00\",\"breadcrumb\":{\"@id\":\"https:\/\/paracherkaoui.ma\/index.php\/produit\/vertuplus-chardon-marie-90-gelules\/#breadcrumb\"},\"inLanguage\":\"fr-FR\",\"potentialAction\":[{\"@type\":\"ReadAction\",\"target\":[\"https:\/\/paracherkaoui.ma\/index.php\/produit\/vertuplus-chardon-marie-90-gelules\/\"]}]},{\"@type\":\"ImageObject\",\"inLanguage\":\"fr-FR\",\"@id\":\"https:\/\/paracherkaoui.ma\/index.php\/produit\/vertuplus-chardon-marie-90-gelules\/#primaryimage\",\"url\":\"https:\/\/paracherkaoui.ma\/wp-content\/uploads\/2025\/12\/vertuplus-vertuplus-chardon-marie-90-gelules-defenses-immunitaires.jpg\",\"contentUrl\":\"https:\/\/paracherkaoui.ma\/wp-content\/uploads\/2025\/12\/vertuplus-vertuplus-chardon-marie-90-gelules-defenses-immunitaires.jpg\",\"width\":700,\"height\":700},{\"@type\":\"BreadcrumbList\",\"@id\":\"https:\/\/paracherkaoui.ma\/index.php\/produit\/vertuplus-chardon-marie-90-gelules\/#breadcrumb\",\"itemListElement\":[{\"@type\":\"ListItem\",\"position\":1,\"name\":\"Accueil\",\"item\":\"https:\/\/paracherkaoui.ma\/\"},{\"@type\":\"ListItem\",\"position\":2,\"name\":\"Boutique\",\"item\":\"https:\/\/paracherkaoui.ma\/index.php\/boutique\/\"},{\"@type\":\"ListItem\",\"position\":3,\"name\":\"VERTUPLUS CHARDON MARIE 90 GELULES\"}]},{\"@type\":\"WebSite\",\"@id\":\"https:\/\/paracherkaoui.ma\/#website\",\"url\":\"https:\/\/paracherkaoui.ma\/\",\"name\":\"Paracherkaoui.ma\",\"description\":\"Achetez en ligne sur Paracherkaoui.ma\",\"potentialAction\":[{\"@type\":\"SearchAction\",\"target\":{\"@type\":\"EntryPoint\",\"urlTemplate\":\"https:\/\/paracherkaoui.ma\/?s={search_term_string}\"},\"query-input\":{\"@type\":\"PropertyValueSpecification\",\"valueRequired\":true,\"valueName\":\"search_term_string\"}}],\"inLanguage\":\"fr-FR\"}]}<\/script>\r\n<!-- \/ Yoast SEO plugin. -->","yoast_head_json":{"title":"VERTUPLUS CHARDON MARIE 90 GELULES - Paracherkaoui.ma","robots":{"index":"index","follow":"follow","max-snippet":"max-snippet:-1","max-image-preview":"max-image-preview:large","max-video-preview":"max-video-preview:-1"},"canonical":"https:\/\/paracherkaoui.ma\/index.php\/produit\/vertuplus-chardon-marie-90-gelules\/","og_locale":"fr_FR","og_type":"article","og_title":"VERTUPLUS CHARDON MARIE 90 GELULES - Paracherkaoui.ma","og_description":"Le Chardon-Marie, une plante aux vertus th\u00e9rapeutiques ancestrales, s&rsquo;av\u00e8re \u00eatre un alli\u00e9 pr\u00e9cieux pour la sant\u00e9 h\u00e9patique et digestive. Utilis\u00e9","og_url":"https:\/\/paracherkaoui.ma\/index.php\/produit\/vertuplus-chardon-marie-90-gelules\/","og_site_name":"Paracherkaoui.ma","article_modified_time":"2025-12-12T18:45:08+00:00","og_image":[{"width":700,"height":700,"url":"https:\/\/paracherkaoui.ma\/wp-content\/uploads\/2025\/12\/vertuplus-vertuplus-chardon-marie-90-gelules-defenses-immunitaires.jpg","type":"image\/jpeg"}],"twitter_card":"summary_large_image","twitter_misc":{"Dur\u00e9e de lecture estim\u00e9e":"1 minute"},"schema":{"@context":"https:\/\/schema.org","@graph":[{"@type":"WebPage","@id":"https:\/\/paracherkaoui.ma\/index.php\/produit\/vertuplus-chardon-marie-90-gelules\/","url":"https:\/\/paracherkaoui.ma\/index.php\/produit\/vertuplus-chardon-marie-90-gelules\/","name":"VERTUPLUS CHARDON MARIE 90 GELULES - Paracherkaoui.ma","isPartOf":{"@id":"https:\/\/paracherkaoui.ma\/#website"},"primaryImageOfPage":{"@id":"https:\/\/paracherkaoui.ma\/index.php\/produit\/vertuplus-chardon-marie-90-gelules\/#primaryimage"},"image":{"@id":"https:\/\/paracherkaoui.ma\/index.php\/produit\/vertuplus-chardon-marie-90-gelules\/#primaryimage"},"thumbnailUrl":"https:\/\/paracherkaoui.ma\/wp-content\/uploads\/2025\/12\/vertuplus-vertuplus-chardon-marie-90-gelules-defenses-immunitaires.jpg","datePublished":"2025-12-12T18:45:03+00:00","dateModified":"2025-12-12T18:45:08+00:00","breadcrumb":{"@id":"https:\/\/paracherkaoui.ma\/index.php\/produit\/vertuplus-chardon-marie-90-gelules\/#breadcrumb"},"inLanguage":"fr-FR","potentialAction":[{"@type":"ReadAction","target":["https:\/\/paracherkaoui.ma\/index.php\/produit\/vertuplus-chardon-marie-90-gelules\/"]}]},{"@type":"ImageObject","inLanguage":"fr-FR","@id":"https:\/\/paracherkaoui.ma\/index.php\/produit\/vertuplus-chardon-marie-90-gelules\/#primaryimage","url":"https:\/\/paracherkaoui.ma\/wp-content\/uploads\/2025\/12\/vertuplus-vertuplus-chardon-marie-90-gelules-defenses-immunitaires.jpg","contentUrl":"https:\/\/paracherkaoui.ma\/wp-content\/uploads\/2025\/12\/vertuplus-vertuplus-chardon-marie-90-gelules-defenses-immunitaires.jpg","width":700,"height":700},{"@type":"BreadcrumbList","@id":"https:\/\/paracherkaoui.ma\/index.php\/produit\/vertuplus-chardon-marie-90-gelules\/#breadcrumb","itemListElement":[{"@type":"ListItem","position":1,"name":"Accueil","item":"https:\/\/paracherkaoui.ma\/"},{"@type":"ListItem","position":2,"name":"Boutique","item":"https:\/\/paracherkaoui.ma\/index.php\/boutique\/"},{"@type":"ListItem","position":3,"name":"VERTUPLUS CHARDON MARIE 90 GELULES"}]},{"@type":"WebSite","@id":"https:\/\/paracherkaoui.ma\/#website","url":"https:\/\/paracherkaoui.ma\/","name":"Paracherkaoui.ma","description":"Achetez en ligne sur Paracherkaoui.ma","potentialAction":[{"@type":"SearchAction","target":{"@type":"EntryPoint","urlTemplate":"https:\/\/paracherkaoui.ma\/?s={search_term_string}"},"query-input":{"@type":"PropertyValueSpecification","valueRequired":true,"valueName":"search_term_string"}}],"inLanguage":"fr-FR"}]}},"_links":{"self":[{"href":"https:\/\/paracherkaoui.ma\/index.php\/wp-json\/wp\/v2\/product\/56118","targetHints":{"allow":["GET"]}}],"collection":[{"href":"https:\/\/paracherkaoui.ma\/index.php\/wp-json\/wp\/v2\/product"}],"about":[{"href":"https:\/\/paracherkaoui.ma\/index.php\/wp-json\/wp\/v2\/types\/product"}],"replies":[{"embeddable":true,"href":"https:\/\/paracherkaoui.ma\/index.php\/wp-json\/wp\/v2\/comments?post=56118"}],"version-history":[{"count":1,"href":"https:\/\/paracherkaoui.ma\/index.php\/wp-json\/wp\/v2\/product\/56118\/revisions"}],"predecessor-version":[{"id":56158,"href":"https:\/\/paracherkaoui.ma\/index.php\/wp-json\/wp\/v2\/product\/56118\/revisions\/56158"}],"wp:featuredmedia":[{"embeddable":true,"href":"https:\/\/paracherkaoui.ma\/index.php\/wp-json\/wp\/v2\/media\/56157"}],"wp:attachment":[{"href":"https:\/\/paracherkaoui.ma\/index.php\/wp-json\/wp\/v2\/media?parent=56118"}],"wp:term":[{"taxonomy":"product_brand","embeddable":true,"href":"https:\/\/paracherkaoui.ma\/index.php\/wp-json\/wp\/v2\/product_brand?post=56118"},{"taxonomy":"product_cat","embeddable":true,"href":"https:\/\/paracherkaoui.ma\/index.php\/wp-json\/wp\/v2\/product_cat?post=56118"},{"taxonomy":"product_tag","embeddable":true,"href":"https:\/\/paracherkaoui.ma\/index.php\/wp-json\/wp\/v2\/product_tag?post=56118"}],"curies":[{"name":"wp","href":"https:\/\/api.w.org\/{rel}","templated":true}]}}