{"id":56117,"date":"2025-12-12T19:45:03","date_gmt":"2025-12-12T18:45:03","guid":{"rendered":"https:\/\/test.ecbeaute.com\/?post_type=product&#038;p=56117"},"modified":"2025-12-12T19:45:08","modified_gmt":"2025-12-12T18:45:08","slug":"vertuplus-selenium-immunite-antioxydant-60-gelules","status":"publish","type":"product","link":"https:\/\/paracherkaoui.ma\/index.php\/produit\/vertuplus-selenium-immunite-antioxydant-60-gelules\/","title":{"rendered":"VERTUPLUS SELENIUM IMMUNITE ANTIOXYDANT 60 GELULES"},"content":{"rendered":"<p>Le s\u00e9l\u00e9nium et les vitamines A, C, et E travaillent en synergie pour renforcer les d\u00e9fenses naturelles de votre corps, vous prot\u00e9geant contre les infections et les maladies. Cette combinaison puissante aide \u00e0 r\u00e9duire le stress oxydatif, prot\u00e9geant les cellules et les tissus des dommages caus\u00e9s par les radicaux libres. La vitamine A favorise une peau saine, tandis que la vitamine E aide \u00e0 maintenir son \u00e9lasticit\u00e9 et son hydratation. La vitamine C joue un r\u00f4le cl\u00e9 dans la production d&rsquo;\u00e9nergie, vous aidant \u00e0 rester actif et \u00e9nergique tout au long de la journ\u00e9e.<br \/>\nConseils d&rsquo;Utilisation<br \/>\nPour tirer le meilleur parti de VertuPlus S\u00e9l\u00e9nium Immunit\u00e9 Antioxydant, il est recommand\u00e9 de prendre une g\u00e9lule par jour avec un grand verre d&rsquo;eau, de pr\u00e9f\u00e9rence au cours d&rsquo;un repas. Cette posologie permet une absorption optimale des nutriments et maximise leurs bienfaits. Il est conseill\u00e9 de ne pas d\u00e9passer la dose journali\u00e8re recommand\u00e9e. Ce compl\u00e9ment alimentaire ne doit pas se substituer \u00e0 une alimentation \u00e9quilibr\u00e9e et vari\u00e9e. En cas de grossesse, d&rsquo;allaitement ou de traitement m\u00e9dical, consultez un professionnel de la sant\u00e9 avant utilisation.<\/p>\n","protected":false},"excerpt":{"rendered":"<p>Le s\u00e9l\u00e9nium et les vitamines A, C, et E travaillent en synergie pour renforcer les d\u00e9fenses naturelles de votre corps,<\/p>\n","protected":false},"featured_media":56155,"comment_status":"open","ping_status":"closed","template":"","meta":[],"product_brand":[1007],"product_cat":[1085],"product_tag":[],"class_list":{"0":"post-56117","1":"product","2":"type-product","3":"status-publish","4":"has-post-thumbnail","6":"product_brand-vertu-plus","7":"product_cat-defenses-immunitaires","9":"first","10":"instock","11":"sale","12":"shipping-taxable","13":"purchasable","14":"product-type-simple"},"yoast_head":"<!-- This site is optimized with the Yoast SEO plugin v26.6 - https:\/\/yoast.com\/wordpress\/plugins\/seo\/ -->\r\n<title>VERTUPLUS SELENIUM IMMUNITE ANTIOXYDANT 60 GELULES - Paracherkaoui.ma<\/title>\r\n<meta name=\"robots\" content=\"index, follow, max-snippet:-1, max-image-preview:large, max-video-preview:-1\" \/>\r\n<link rel=\"canonical\" href=\"https:\/\/paracherkaoui.ma\/index.php\/produit\/vertuplus-selenium-immunite-antioxydant-60-gelules\/\" \/>\r\n<meta property=\"og:locale\" content=\"fr_FR\" \/>\r\n<meta property=\"og:type\" content=\"article\" \/>\r\n<meta property=\"og:title\" content=\"VERTUPLUS SELENIUM IMMUNITE ANTIOXYDANT 60 GELULES - Paracherkaoui.ma\" \/>\r\n<meta property=\"og:description\" content=\"Le s\u00e9l\u00e9nium et les vitamines A, C, et E travaillent en synergie pour renforcer les d\u00e9fenses naturelles de votre corps,\" \/>\r\n<meta property=\"og:url\" content=\"https:\/\/paracherkaoui.ma\/index.php\/produit\/vertuplus-selenium-immunite-antioxydant-60-gelules\/\" \/>\r\n<meta property=\"og:site_name\" content=\"Paracherkaoui.ma\" \/>\r\n<meta property=\"article:modified_time\" content=\"2025-12-12T18:45:08+00:00\" \/>\r\n<meta property=\"og:image\" content=\"https:\/\/paracherkaoui.ma\/wp-content\/uploads\/2025\/12\/vertuplus-vertuplus-selenium-immunite-antioxydant-60-gelules-defenses-immunitaires.jpg\" \/>\r\n\t<meta property=\"og:image:width\" content=\"700\" \/>\r\n\t<meta property=\"og:image:height\" content=\"700\" \/>\r\n\t<meta property=\"og:image:type\" content=\"image\/jpeg\" \/>\r\n<meta name=\"twitter:card\" content=\"summary_large_image\" \/>\r\n<meta name=\"twitter:label1\" content=\"Dur\u00e9e de lecture estim\u00e9e\" \/>\n\t<meta name=\"twitter:data1\" content=\"1 minute\" \/>\r\n<script type=\"application\/ld+json\" class=\"yoast-schema-graph\">{\"@context\":\"https:\/\/schema.org\",\"@graph\":[{\"@type\":\"WebPage\",\"@id\":\"https:\/\/paracherkaoui.ma\/index.php\/produit\/vertuplus-selenium-immunite-antioxydant-60-gelules\/\",\"url\":\"https:\/\/paracherkaoui.ma\/index.php\/produit\/vertuplus-selenium-immunite-antioxydant-60-gelules\/\",\"name\":\"VERTUPLUS SELENIUM IMMUNITE ANTIOXYDANT 60 GELULES - Paracherkaoui.ma\",\"isPartOf\":{\"@id\":\"https:\/\/paracherkaoui.ma\/#website\"},\"primaryImageOfPage\":{\"@id\":\"https:\/\/paracherkaoui.ma\/index.php\/produit\/vertuplus-selenium-immunite-antioxydant-60-gelules\/#primaryimage\"},\"image\":{\"@id\":\"https:\/\/paracherkaoui.ma\/index.php\/produit\/vertuplus-selenium-immunite-antioxydant-60-gelules\/#primaryimage\"},\"thumbnailUrl\":\"https:\/\/paracherkaoui.ma\/wp-content\/uploads\/2025\/12\/vertuplus-vertuplus-selenium-immunite-antioxydant-60-gelules-defenses-immunitaires.jpg\",\"datePublished\":\"2025-12-12T18:45:03+00:00\",\"dateModified\":\"2025-12-12T18:45:08+00:00\",\"breadcrumb\":{\"@id\":\"https:\/\/paracherkaoui.ma\/index.php\/produit\/vertuplus-selenium-immunite-antioxydant-60-gelules\/#breadcrumb\"},\"inLanguage\":\"fr-FR\",\"potentialAction\":[{\"@type\":\"ReadAction\",\"target\":[\"https:\/\/paracherkaoui.ma\/index.php\/produit\/vertuplus-selenium-immunite-antioxydant-60-gelules\/\"]}]},{\"@type\":\"ImageObject\",\"inLanguage\":\"fr-FR\",\"@id\":\"https:\/\/paracherkaoui.ma\/index.php\/produit\/vertuplus-selenium-immunite-antioxydant-60-gelules\/#primaryimage\",\"url\":\"https:\/\/paracherkaoui.ma\/wp-content\/uploads\/2025\/12\/vertuplus-vertuplus-selenium-immunite-antioxydant-60-gelules-defenses-immunitaires.jpg\",\"contentUrl\":\"https:\/\/paracherkaoui.ma\/wp-content\/uploads\/2025\/12\/vertuplus-vertuplus-selenium-immunite-antioxydant-60-gelules-defenses-immunitaires.jpg\",\"width\":700,\"height\":700},{\"@type\":\"BreadcrumbList\",\"@id\":\"https:\/\/paracherkaoui.ma\/index.php\/produit\/vertuplus-selenium-immunite-antioxydant-60-gelules\/#breadcrumb\",\"itemListElement\":[{\"@type\":\"ListItem\",\"position\":1,\"name\":\"Accueil\",\"item\":\"https:\/\/paracherkaoui.ma\/\"},{\"@type\":\"ListItem\",\"position\":2,\"name\":\"Boutique\",\"item\":\"https:\/\/paracherkaoui.ma\/index.php\/boutique\/\"},{\"@type\":\"ListItem\",\"position\":3,\"name\":\"VERTUPLUS SELENIUM IMMUNITE ANTIOXYDANT 60 GELULES\"}]},{\"@type\":\"WebSite\",\"@id\":\"https:\/\/paracherkaoui.ma\/#website\",\"url\":\"https:\/\/paracherkaoui.ma\/\",\"name\":\"Paracherkaoui.ma\",\"description\":\"Achetez en ligne sur Paracherkaoui.ma\",\"potentialAction\":[{\"@type\":\"SearchAction\",\"target\":{\"@type\":\"EntryPoint\",\"urlTemplate\":\"https:\/\/paracherkaoui.ma\/?s={search_term_string}\"},\"query-input\":{\"@type\":\"PropertyValueSpecification\",\"valueRequired\":true,\"valueName\":\"search_term_string\"}}],\"inLanguage\":\"fr-FR\"}]}<\/script>\r\n<!-- \/ Yoast SEO plugin. -->","yoast_head_json":{"title":"VERTUPLUS SELENIUM IMMUNITE ANTIOXYDANT 60 GELULES - Paracherkaoui.ma","robots":{"index":"index","follow":"follow","max-snippet":"max-snippet:-1","max-image-preview":"max-image-preview:large","max-video-preview":"max-video-preview:-1"},"canonical":"https:\/\/paracherkaoui.ma\/index.php\/produit\/vertuplus-selenium-immunite-antioxydant-60-gelules\/","og_locale":"fr_FR","og_type":"article","og_title":"VERTUPLUS SELENIUM IMMUNITE ANTIOXYDANT 60 GELULES - Paracherkaoui.ma","og_description":"Le s\u00e9l\u00e9nium et les vitamines A, C, et E travaillent en synergie pour renforcer les d\u00e9fenses naturelles de votre corps,","og_url":"https:\/\/paracherkaoui.ma\/index.php\/produit\/vertuplus-selenium-immunite-antioxydant-60-gelules\/","og_site_name":"Paracherkaoui.ma","article_modified_time":"2025-12-12T18:45:08+00:00","og_image":[{"width":700,"height":700,"url":"https:\/\/paracherkaoui.ma\/wp-content\/uploads\/2025\/12\/vertuplus-vertuplus-selenium-immunite-antioxydant-60-gelules-defenses-immunitaires.jpg","type":"image\/jpeg"}],"twitter_card":"summary_large_image","twitter_misc":{"Dur\u00e9e de lecture estim\u00e9e":"1 minute"},"schema":{"@context":"https:\/\/schema.org","@graph":[{"@type":"WebPage","@id":"https:\/\/paracherkaoui.ma\/index.php\/produit\/vertuplus-selenium-immunite-antioxydant-60-gelules\/","url":"https:\/\/paracherkaoui.ma\/index.php\/produit\/vertuplus-selenium-immunite-antioxydant-60-gelules\/","name":"VERTUPLUS SELENIUM IMMUNITE ANTIOXYDANT 60 GELULES - Paracherkaoui.ma","isPartOf":{"@id":"https:\/\/paracherkaoui.ma\/#website"},"primaryImageOfPage":{"@id":"https:\/\/paracherkaoui.ma\/index.php\/produit\/vertuplus-selenium-immunite-antioxydant-60-gelules\/#primaryimage"},"image":{"@id":"https:\/\/paracherkaoui.ma\/index.php\/produit\/vertuplus-selenium-immunite-antioxydant-60-gelules\/#primaryimage"},"thumbnailUrl":"https:\/\/paracherkaoui.ma\/wp-content\/uploads\/2025\/12\/vertuplus-vertuplus-selenium-immunite-antioxydant-60-gelules-defenses-immunitaires.jpg","datePublished":"2025-12-12T18:45:03+00:00","dateModified":"2025-12-12T18:45:08+00:00","breadcrumb":{"@id":"https:\/\/paracherkaoui.ma\/index.php\/produit\/vertuplus-selenium-immunite-antioxydant-60-gelules\/#breadcrumb"},"inLanguage":"fr-FR","potentialAction":[{"@type":"ReadAction","target":["https:\/\/paracherkaoui.ma\/index.php\/produit\/vertuplus-selenium-immunite-antioxydant-60-gelules\/"]}]},{"@type":"ImageObject","inLanguage":"fr-FR","@id":"https:\/\/paracherkaoui.ma\/index.php\/produit\/vertuplus-selenium-immunite-antioxydant-60-gelules\/#primaryimage","url":"https:\/\/paracherkaoui.ma\/wp-content\/uploads\/2025\/12\/vertuplus-vertuplus-selenium-immunite-antioxydant-60-gelules-defenses-immunitaires.jpg","contentUrl":"https:\/\/paracherkaoui.ma\/wp-content\/uploads\/2025\/12\/vertuplus-vertuplus-selenium-immunite-antioxydant-60-gelules-defenses-immunitaires.jpg","width":700,"height":700},{"@type":"BreadcrumbList","@id":"https:\/\/paracherkaoui.ma\/index.php\/produit\/vertuplus-selenium-immunite-antioxydant-60-gelules\/#breadcrumb","itemListElement":[{"@type":"ListItem","position":1,"name":"Accueil","item":"https:\/\/paracherkaoui.ma\/"},{"@type":"ListItem","position":2,"name":"Boutique","item":"https:\/\/paracherkaoui.ma\/index.php\/boutique\/"},{"@type":"ListItem","position":3,"name":"VERTUPLUS SELENIUM IMMUNITE ANTIOXYDANT 60 GELULES"}]},{"@type":"WebSite","@id":"https:\/\/paracherkaoui.ma\/#website","url":"https:\/\/paracherkaoui.ma\/","name":"Paracherkaoui.ma","description":"Achetez en ligne sur Paracherkaoui.ma","potentialAction":[{"@type":"SearchAction","target":{"@type":"EntryPoint","urlTemplate":"https:\/\/paracherkaoui.ma\/?s={search_term_string}"},"query-input":{"@type":"PropertyValueSpecification","valueRequired":true,"valueName":"search_term_string"}}],"inLanguage":"fr-FR"}]}},"_links":{"self":[{"href":"https:\/\/paracherkaoui.ma\/index.php\/wp-json\/wp\/v2\/product\/56117","targetHints":{"allow":["GET"]}}],"collection":[{"href":"https:\/\/paracherkaoui.ma\/index.php\/wp-json\/wp\/v2\/product"}],"about":[{"href":"https:\/\/paracherkaoui.ma\/index.php\/wp-json\/wp\/v2\/types\/product"}],"replies":[{"embeddable":true,"href":"https:\/\/paracherkaoui.ma\/index.php\/wp-json\/wp\/v2\/comments?post=56117"}],"version-history":[{"count":1,"href":"https:\/\/paracherkaoui.ma\/index.php\/wp-json\/wp\/v2\/product\/56117\/revisions"}],"predecessor-version":[{"id":56156,"href":"https:\/\/paracherkaoui.ma\/index.php\/wp-json\/wp\/v2\/product\/56117\/revisions\/56156"}],"wp:featuredmedia":[{"embeddable":true,"href":"https:\/\/paracherkaoui.ma\/index.php\/wp-json\/wp\/v2\/media\/56155"}],"wp:attachment":[{"href":"https:\/\/paracherkaoui.ma\/index.php\/wp-json\/wp\/v2\/media?parent=56117"}],"wp:term":[{"taxonomy":"product_brand","embeddable":true,"href":"https:\/\/paracherkaoui.ma\/index.php\/wp-json\/wp\/v2\/product_brand?post=56117"},{"taxonomy":"product_cat","embeddable":true,"href":"https:\/\/paracherkaoui.ma\/index.php\/wp-json\/wp\/v2\/product_cat?post=56117"},{"taxonomy":"product_tag","embeddable":true,"href":"https:\/\/paracherkaoui.ma\/index.php\/wp-json\/wp\/v2\/product_tag?post=56117"}],"curies":[{"name":"wp","href":"https:\/\/api.w.org\/{rel}","templated":true}]}}