{"id":56114,"date":"2025-12-12T19:45:03","date_gmt":"2025-12-12T18:45:03","guid":{"rendered":"https:\/\/test.ecbeaute.com\/?post_type=product&#038;p=56114"},"modified":"2025-12-12T19:45:07","modified_gmt":"2025-12-12T18:45:07","slug":"forte-pharma-spiruline-forte-1500-mg-riche-en-proteines-30-comprimes","status":"publish","type":"product","link":"https:\/\/paracherkaoui.ma\/index.php\/produit\/forte-pharma-spiruline-forte-1500-mg-riche-en-proteines-30-comprimes\/","title":{"rendered":"FORTE PHARMA SPIRULINE FORTE 1500 MG RICHE EN PROTEINES 30 COMPRIMES"},"content":{"rendered":"<p>Riche en vitamines et min\u00e9raux, cette petite algue est un v\u00e9ritable super aliment qui renforce votre tonus et votre vitalit\u00e9 !<br \/>\nAvec notre Spiruline Forte 1500mg, vous apportez un dosage optimal en spiruline \u00e0 votre organisme afin de renforcer naturellement vos d\u00e9fenses immunitaires.<br \/>\nSa richesse nutritionnelle et sa teneur en prot\u00e9ines v\u00e9g\u00e9tales permet \u00e0 la spiruline de r\u00e9pondre aux besoins journaliers de tous et en font un alli\u00e9 parfait les sportifs ou les personnes recherchant \u00e0 suppl\u00e9menter leur alimentation en prot\u00e9ines.<br \/>\nUne richesse en prot\u00e9ine regroupant des acides amin\u00e9s essentiels:<br \/>\nAvec 60 \u00e0 70% de prot\u00e9ines, soit trois fois plus que la viande, la spiruline est tr\u00e8s bien pourvue en prot\u00e9ines v\u00e9g\u00e9tales.<br \/>\nCelles-ci sont de tr\u00e8s bonne qualit\u00e9 puisque la spiruline regroupe \u00e0 elle seule les 8 acides amin\u00e9s essentiels \u00e0 votre organisme.<br \/>\nNous les retrouvons tous ensemble uniquement dans les produits d&rsquo;origine animale mais tr\u00e8s peu dans les v\u00e9g\u00e9taux&#8230; Mise \u00e0 part la spiruline !<br \/>\nTr\u00e8s bonne source de vitamines<br \/>\nVitamine A, B, D, E, K, chaque vitamine et groupe de vitamines ont leur sp\u00e9cificit\u00e9 et r\u00f4le pr\u00e9pond\u00e9rant. Ce m\u00e9lange de vitamines apport\u00e9 par la spiruline est une clef pour permettre le bon fonctionnement g\u00e9n\u00e9ral de votre organisme.<br \/>\nDes oligo-\u00e9l\u00e9ments et des min\u00e9raux<br \/>\nLa spiruline contient \u00e9galement du fer, du zinc, du chrome, du s\u00e9l\u00e9nium ainsi que d&rsquo;autres min\u00e9raux (calcium, magn\u00e9sium, sodium, potassium, phosphore).<br \/>\nLa spiruline 100% naturelle vous apporte une richesse nutritionnelle consid\u00e9rable.<br \/>\nElle permet notamment :<br \/>\n&#8211; de renforcer vos d\u00e9fenses naturelles<br \/>\n&#8211; de favoriser la r\u00e9sistance de votre organisme<br \/>\n&#8211; de renforcer votre vitalit\u00e9<br \/>\n&#8211; d&rsquo;entretenir votre \u00e9nergie et votre tonus<br \/>\nCOMPOSITION:<br \/>\nSpiruline (Spirulina platensis (Gomont) Geitler) (1500 mg), agent de charge (cellulose microcristalline), antiagglom\u00e9rants (polyvinylpolypyrrolidone, sels de magn\u00e9sium d\u2019acides gras).<\/p>\n<p>CONSEILS D&rsquo;UTILISATION :<br \/>\n1 comprim\u00e9, 2 fois par jour, \u00e0 prendre avec un grand verre d&rsquo;eau au cours du repas.<br \/>\nUn compl\u00e9ment alimentaire ne doit pas se substituer \u00e0 une alimentation vari\u00e9e et \u00e9quilibr\u00e9e et \u00e0 un mode de vie sain. Ne pas d\u00e9passer la dose journali\u00e8re conseill\u00e9e.<br \/>\nTenir hors de la port\u00e9e des jeunes enfants. Ne pas utiliser en cas de sensibilit\u00e9 \u00e0 l\u2019iode.<br \/>\nD\u00e9conseill\u00e9 aux femmes enceintes ou qui allaitent et aux enfants de moins de 12 ans sans avis m\u00e9dical.<\/p>\n","protected":false},"excerpt":{"rendered":"<p>Riche en vitamines et min\u00e9raux, cette petite algue est un v\u00e9ritable super aliment qui renforce votre tonus et votre vitalit\u00e9<\/p>\n","protected":false},"featured_media":56151,"comment_status":"open","ping_status":"closed","template":"","meta":[],"product_brand":[684],"product_cat":[1085],"product_tag":[],"class_list":{"0":"post-56114","1":"product","2":"type-product","3":"status-publish","4":"has-post-thumbnail","6":"product_brand-forte-pharma","7":"product_cat-defenses-immunitaires","9":"first","10":"instock","11":"sale","12":"shipping-taxable","13":"purchasable","14":"product-type-simple"},"yoast_head":"<!-- This site is optimized with the Yoast SEO plugin v26.6 - https:\/\/yoast.com\/wordpress\/plugins\/seo\/ -->\r\n<title>FORTE PHARMA SPIRULINE FORTE 1500 MG RICHE EN PROTEINES 30 COMPRIMES - Paracherkaoui.ma<\/title>\r\n<meta name=\"robots\" content=\"index, follow, max-snippet:-1, max-image-preview:large, max-video-preview:-1\" \/>\r\n<link rel=\"canonical\" href=\"https:\/\/paracherkaoui.ma\/index.php\/produit\/forte-pharma-spiruline-forte-1500-mg-riche-en-proteines-30-comprimes\/\" \/>\r\n<meta property=\"og:locale\" content=\"fr_FR\" \/>\r\n<meta property=\"og:type\" content=\"article\" \/>\r\n<meta property=\"og:title\" content=\"FORTE PHARMA SPIRULINE FORTE 1500 MG RICHE EN PROTEINES 30 COMPRIMES - Paracherkaoui.ma\" \/>\r\n<meta property=\"og:description\" content=\"Riche en vitamines et min\u00e9raux, cette petite algue est un v\u00e9ritable super aliment qui renforce votre tonus et votre vitalit\u00e9\" \/>\r\n<meta property=\"og:url\" content=\"https:\/\/paracherkaoui.ma\/index.php\/produit\/forte-pharma-spiruline-forte-1500-mg-riche-en-proteines-30-comprimes\/\" \/>\r\n<meta property=\"og:site_name\" content=\"Paracherkaoui.ma\" \/>\r\n<meta property=\"article:modified_time\" content=\"2025-12-12T18:45:07+00:00\" \/>\r\n<meta property=\"og:image\" content=\"https:\/\/paracherkaoui.ma\/wp-content\/uploads\/2025\/12\/forte-pharma-forte-pharma-spiruline-forte-1500-mg-riche-en-proteines-30-comprimes-defenses-immunitaires.jpg\" \/>\r\n\t<meta property=\"og:image:width\" content=\"700\" \/>\r\n\t<meta property=\"og:image:height\" content=\"700\" \/>\r\n\t<meta property=\"og:image:type\" content=\"image\/jpeg\" \/>\r\n<meta name=\"twitter:card\" content=\"summary_large_image\" \/>\r\n<meta name=\"twitter:label1\" content=\"Dur\u00e9e de lecture estim\u00e9e\" \/>\n\t<meta name=\"twitter:data1\" content=\"2 minutes\" \/>\r\n<script type=\"application\/ld+json\" class=\"yoast-schema-graph\">{\"@context\":\"https:\/\/schema.org\",\"@graph\":[{\"@type\":\"WebPage\",\"@id\":\"https:\/\/paracherkaoui.ma\/index.php\/produit\/forte-pharma-spiruline-forte-1500-mg-riche-en-proteines-30-comprimes\/\",\"url\":\"https:\/\/paracherkaoui.ma\/index.php\/produit\/forte-pharma-spiruline-forte-1500-mg-riche-en-proteines-30-comprimes\/\",\"name\":\"FORTE PHARMA SPIRULINE FORTE 1500 MG RICHE EN PROTEINES 30 COMPRIMES - Paracherkaoui.ma\",\"isPartOf\":{\"@id\":\"https:\/\/paracherkaoui.ma\/#website\"},\"primaryImageOfPage\":{\"@id\":\"https:\/\/paracherkaoui.ma\/index.php\/produit\/forte-pharma-spiruline-forte-1500-mg-riche-en-proteines-30-comprimes\/#primaryimage\"},\"image\":{\"@id\":\"https:\/\/paracherkaoui.ma\/index.php\/produit\/forte-pharma-spiruline-forte-1500-mg-riche-en-proteines-30-comprimes\/#primaryimage\"},\"thumbnailUrl\":\"https:\/\/paracherkaoui.ma\/wp-content\/uploads\/2025\/12\/forte-pharma-forte-pharma-spiruline-forte-1500-mg-riche-en-proteines-30-comprimes-defenses-immunitaires.jpg\",\"datePublished\":\"2025-12-12T18:45:03+00:00\",\"dateModified\":\"2025-12-12T18:45:07+00:00\",\"breadcrumb\":{\"@id\":\"https:\/\/paracherkaoui.ma\/index.php\/produit\/forte-pharma-spiruline-forte-1500-mg-riche-en-proteines-30-comprimes\/#breadcrumb\"},\"inLanguage\":\"fr-FR\",\"potentialAction\":[{\"@type\":\"ReadAction\",\"target\":[\"https:\/\/paracherkaoui.ma\/index.php\/produit\/forte-pharma-spiruline-forte-1500-mg-riche-en-proteines-30-comprimes\/\"]}]},{\"@type\":\"ImageObject\",\"inLanguage\":\"fr-FR\",\"@id\":\"https:\/\/paracherkaoui.ma\/index.php\/produit\/forte-pharma-spiruline-forte-1500-mg-riche-en-proteines-30-comprimes\/#primaryimage\",\"url\":\"https:\/\/paracherkaoui.ma\/wp-content\/uploads\/2025\/12\/forte-pharma-forte-pharma-spiruline-forte-1500-mg-riche-en-proteines-30-comprimes-defenses-immunitaires.jpg\",\"contentUrl\":\"https:\/\/paracherkaoui.ma\/wp-content\/uploads\/2025\/12\/forte-pharma-forte-pharma-spiruline-forte-1500-mg-riche-en-proteines-30-comprimes-defenses-immunitaires.jpg\",\"width\":700,\"height\":700},{\"@type\":\"BreadcrumbList\",\"@id\":\"https:\/\/paracherkaoui.ma\/index.php\/produit\/forte-pharma-spiruline-forte-1500-mg-riche-en-proteines-30-comprimes\/#breadcrumb\",\"itemListElement\":[{\"@type\":\"ListItem\",\"position\":1,\"name\":\"Accueil\",\"item\":\"https:\/\/paracherkaoui.ma\/\"},{\"@type\":\"ListItem\",\"position\":2,\"name\":\"Boutique\",\"item\":\"https:\/\/paracherkaoui.ma\/index.php\/boutique\/\"},{\"@type\":\"ListItem\",\"position\":3,\"name\":\"FORTE PHARMA SPIRULINE FORTE 1500 MG RICHE EN PROTEINES 30 COMPRIMES\"}]},{\"@type\":\"WebSite\",\"@id\":\"https:\/\/paracherkaoui.ma\/#website\",\"url\":\"https:\/\/paracherkaoui.ma\/\",\"name\":\"Paracherkaoui.ma\",\"description\":\"Achetez en ligne sur Paracherkaoui.ma\",\"potentialAction\":[{\"@type\":\"SearchAction\",\"target\":{\"@type\":\"EntryPoint\",\"urlTemplate\":\"https:\/\/paracherkaoui.ma\/?s={search_term_string}\"},\"query-input\":{\"@type\":\"PropertyValueSpecification\",\"valueRequired\":true,\"valueName\":\"search_term_string\"}}],\"inLanguage\":\"fr-FR\"}]}<\/script>\r\n<!-- \/ Yoast SEO plugin. -->","yoast_head_json":{"title":"FORTE PHARMA SPIRULINE FORTE 1500 MG RICHE EN PROTEINES 30 COMPRIMES - Paracherkaoui.ma","robots":{"index":"index","follow":"follow","max-snippet":"max-snippet:-1","max-image-preview":"max-image-preview:large","max-video-preview":"max-video-preview:-1"},"canonical":"https:\/\/paracherkaoui.ma\/index.php\/produit\/forte-pharma-spiruline-forte-1500-mg-riche-en-proteines-30-comprimes\/","og_locale":"fr_FR","og_type":"article","og_title":"FORTE PHARMA SPIRULINE FORTE 1500 MG RICHE EN PROTEINES 30 COMPRIMES - Paracherkaoui.ma","og_description":"Riche en vitamines et min\u00e9raux, cette petite algue est un v\u00e9ritable super aliment qui renforce votre tonus et votre vitalit\u00e9","og_url":"https:\/\/paracherkaoui.ma\/index.php\/produit\/forte-pharma-spiruline-forte-1500-mg-riche-en-proteines-30-comprimes\/","og_site_name":"Paracherkaoui.ma","article_modified_time":"2025-12-12T18:45:07+00:00","og_image":[{"width":700,"height":700,"url":"https:\/\/paracherkaoui.ma\/wp-content\/uploads\/2025\/12\/forte-pharma-forte-pharma-spiruline-forte-1500-mg-riche-en-proteines-30-comprimes-defenses-immunitaires.jpg","type":"image\/jpeg"}],"twitter_card":"summary_large_image","twitter_misc":{"Dur\u00e9e de lecture estim\u00e9e":"2 minutes"},"schema":{"@context":"https:\/\/schema.org","@graph":[{"@type":"WebPage","@id":"https:\/\/paracherkaoui.ma\/index.php\/produit\/forte-pharma-spiruline-forte-1500-mg-riche-en-proteines-30-comprimes\/","url":"https:\/\/paracherkaoui.ma\/index.php\/produit\/forte-pharma-spiruline-forte-1500-mg-riche-en-proteines-30-comprimes\/","name":"FORTE PHARMA SPIRULINE FORTE 1500 MG RICHE EN PROTEINES 30 COMPRIMES - Paracherkaoui.ma","isPartOf":{"@id":"https:\/\/paracherkaoui.ma\/#website"},"primaryImageOfPage":{"@id":"https:\/\/paracherkaoui.ma\/index.php\/produit\/forte-pharma-spiruline-forte-1500-mg-riche-en-proteines-30-comprimes\/#primaryimage"},"image":{"@id":"https:\/\/paracherkaoui.ma\/index.php\/produit\/forte-pharma-spiruline-forte-1500-mg-riche-en-proteines-30-comprimes\/#primaryimage"},"thumbnailUrl":"https:\/\/paracherkaoui.ma\/wp-content\/uploads\/2025\/12\/forte-pharma-forte-pharma-spiruline-forte-1500-mg-riche-en-proteines-30-comprimes-defenses-immunitaires.jpg","datePublished":"2025-12-12T18:45:03+00:00","dateModified":"2025-12-12T18:45:07+00:00","breadcrumb":{"@id":"https:\/\/paracherkaoui.ma\/index.php\/produit\/forte-pharma-spiruline-forte-1500-mg-riche-en-proteines-30-comprimes\/#breadcrumb"},"inLanguage":"fr-FR","potentialAction":[{"@type":"ReadAction","target":["https:\/\/paracherkaoui.ma\/index.php\/produit\/forte-pharma-spiruline-forte-1500-mg-riche-en-proteines-30-comprimes\/"]}]},{"@type":"ImageObject","inLanguage":"fr-FR","@id":"https:\/\/paracherkaoui.ma\/index.php\/produit\/forte-pharma-spiruline-forte-1500-mg-riche-en-proteines-30-comprimes\/#primaryimage","url":"https:\/\/paracherkaoui.ma\/wp-content\/uploads\/2025\/12\/forte-pharma-forte-pharma-spiruline-forte-1500-mg-riche-en-proteines-30-comprimes-defenses-immunitaires.jpg","contentUrl":"https:\/\/paracherkaoui.ma\/wp-content\/uploads\/2025\/12\/forte-pharma-forte-pharma-spiruline-forte-1500-mg-riche-en-proteines-30-comprimes-defenses-immunitaires.jpg","width":700,"height":700},{"@type":"BreadcrumbList","@id":"https:\/\/paracherkaoui.ma\/index.php\/produit\/forte-pharma-spiruline-forte-1500-mg-riche-en-proteines-30-comprimes\/#breadcrumb","itemListElement":[{"@type":"ListItem","position":1,"name":"Accueil","item":"https:\/\/paracherkaoui.ma\/"},{"@type":"ListItem","position":2,"name":"Boutique","item":"https:\/\/paracherkaoui.ma\/index.php\/boutique\/"},{"@type":"ListItem","position":3,"name":"FORTE PHARMA SPIRULINE FORTE 1500 MG RICHE EN PROTEINES 30 COMPRIMES"}]},{"@type":"WebSite","@id":"https:\/\/paracherkaoui.ma\/#website","url":"https:\/\/paracherkaoui.ma\/","name":"Paracherkaoui.ma","description":"Achetez en ligne sur Paracherkaoui.ma","potentialAction":[{"@type":"SearchAction","target":{"@type":"EntryPoint","urlTemplate":"https:\/\/paracherkaoui.ma\/?s={search_term_string}"},"query-input":{"@type":"PropertyValueSpecification","valueRequired":true,"valueName":"search_term_string"}}],"inLanguage":"fr-FR"}]}},"_links":{"self":[{"href":"https:\/\/paracherkaoui.ma\/index.php\/wp-json\/wp\/v2\/product\/56114","targetHints":{"allow":["GET"]}}],"collection":[{"href":"https:\/\/paracherkaoui.ma\/index.php\/wp-json\/wp\/v2\/product"}],"about":[{"href":"https:\/\/paracherkaoui.ma\/index.php\/wp-json\/wp\/v2\/types\/product"}],"replies":[{"embeddable":true,"href":"https:\/\/paracherkaoui.ma\/index.php\/wp-json\/wp\/v2\/comments?post=56114"}],"version-history":[{"count":1,"href":"https:\/\/paracherkaoui.ma\/index.php\/wp-json\/wp\/v2\/product\/56114\/revisions"}],"predecessor-version":[{"id":56152,"href":"https:\/\/paracherkaoui.ma\/index.php\/wp-json\/wp\/v2\/product\/56114\/revisions\/56152"}],"wp:featuredmedia":[{"embeddable":true,"href":"https:\/\/paracherkaoui.ma\/index.php\/wp-json\/wp\/v2\/media\/56151"}],"wp:attachment":[{"href":"https:\/\/paracherkaoui.ma\/index.php\/wp-json\/wp\/v2\/media?parent=56114"}],"wp:term":[{"taxonomy":"product_brand","embeddable":true,"href":"https:\/\/paracherkaoui.ma\/index.php\/wp-json\/wp\/v2\/product_brand?post=56114"},{"taxonomy":"product_cat","embeddable":true,"href":"https:\/\/paracherkaoui.ma\/index.php\/wp-json\/wp\/v2\/product_cat?post=56114"},{"taxonomy":"product_tag","embeddable":true,"href":"https:\/\/paracherkaoui.ma\/index.php\/wp-json\/wp\/v2\/product_tag?post=56114"}],"curies":[{"name":"wp","href":"https:\/\/api.w.org\/{rel}","templated":true}]}}