{"id":56041,"date":"2025-12-12T19:44:49","date_gmt":"2025-12-12T18:44:49","guid":{"rendered":"https:\/\/test.ecbeaute.com\/?post_type=product&#038;p=56041"},"modified":"2025-12-12T19:45:00","modified_gmt":"2025-12-12T18:45:00","slug":"biocol-kids-concentration-ctr-150-ml","status":"publish","type":"product","link":"https:\/\/paracherkaoui.ma\/index.php\/produit\/biocol-kids-concentration-ctr-150-ml\/","title":{"rendered":"BIOCOL KIDS CONCENTRATION CTR 150 ML"},"content":{"rendered":"<p>Bien grandir, mieux dormir, plus d\u2019\u00e9nergie, moins d\u2019agressivit\u00e9, plus de concentration moins d\u2019anxi\u00e9t\u00e9, des os solides, un cerveau en forme, des \u00e9motions \u00e9quilibr\u00e9es\u2026les compl\u00e9ments alimentaires destin\u00e9s aux enfants pr\u00e9tendent combler les carences dues \u00e0 une alimentation d\u00e9s\u00e9quilibr\u00e9e.<\/p>\n","protected":false},"excerpt":{"rendered":"<p>Bien grandir, mieux dormir, plus d\u2019\u00e9nergie, moins d\u2019agressivit\u00e9, plus de concentration moins d\u2019anxi\u00e9t\u00e9, des os solides, un cerveau en forme,<\/p>\n","protected":false},"featured_media":56090,"comment_status":"open","ping_status":"closed","template":"","meta":[],"product_brand":[1001],"product_cat":[1083],"product_tag":[],"class_list":{"0":"post-56041","1":"product","2":"type-product","3":"status-publish","4":"has-post-thumbnail","6":"product_brand-biocol","7":"product_cat-complements-alimentaires-enfants","9":"first","10":"instock","11":"sale","12":"shipping-taxable","13":"purchasable","14":"product-type-simple"},"yoast_head":"<!-- This site is optimized with the Yoast SEO plugin v26.6 - https:\/\/yoast.com\/wordpress\/plugins\/seo\/ -->\r\n<title>BIOCOL KIDS CONCENTRATION CTR 150 ML - Paracherkaoui.ma<\/title>\r\n<meta name=\"robots\" content=\"index, follow, max-snippet:-1, max-image-preview:large, max-video-preview:-1\" \/>\r\n<link rel=\"canonical\" href=\"https:\/\/paracherkaoui.ma\/index.php\/produit\/biocol-kids-concentration-ctr-150-ml\/\" \/>\r\n<meta property=\"og:locale\" content=\"fr_FR\" \/>\r\n<meta property=\"og:type\" content=\"article\" \/>\r\n<meta property=\"og:title\" content=\"BIOCOL KIDS CONCENTRATION CTR 150 ML - Paracherkaoui.ma\" \/>\r\n<meta property=\"og:description\" content=\"Bien grandir, mieux dormir, plus d\u2019\u00e9nergie, moins d\u2019agressivit\u00e9, plus de concentration moins d\u2019anxi\u00e9t\u00e9, des os solides, un cerveau en forme,\" \/>\r\n<meta property=\"og:url\" content=\"https:\/\/paracherkaoui.ma\/index.php\/produit\/biocol-kids-concentration-ctr-150-ml\/\" \/>\r\n<meta property=\"og:site_name\" content=\"Paracherkaoui.ma\" \/>\r\n<meta property=\"article:modified_time\" content=\"2025-12-12T18:45:00+00:00\" \/>\r\n<meta property=\"og:image\" content=\"https:\/\/paracherkaoui.ma\/wp-content\/uploads\/2025\/12\/biocol-biocol-kids-concentration-ctr-150-ml-complements-alimentaires-enfants.jpg\" \/>\r\n\t<meta property=\"og:image:width\" content=\"700\" \/>\r\n\t<meta property=\"og:image:height\" content=\"700\" \/>\r\n\t<meta property=\"og:image:type\" content=\"image\/jpeg\" \/>\r\n<meta name=\"twitter:card\" content=\"summary_large_image\" \/>\r\n<script type=\"application\/ld+json\" class=\"yoast-schema-graph\">{\"@context\":\"https:\/\/schema.org\",\"@graph\":[{\"@type\":\"WebPage\",\"@id\":\"https:\/\/paracherkaoui.ma\/index.php\/produit\/biocol-kids-concentration-ctr-150-ml\/\",\"url\":\"https:\/\/paracherkaoui.ma\/index.php\/produit\/biocol-kids-concentration-ctr-150-ml\/\",\"name\":\"BIOCOL KIDS CONCENTRATION CTR 150 ML - Paracherkaoui.ma\",\"isPartOf\":{\"@id\":\"https:\/\/paracherkaoui.ma\/#website\"},\"primaryImageOfPage\":{\"@id\":\"https:\/\/paracherkaoui.ma\/index.php\/produit\/biocol-kids-concentration-ctr-150-ml\/#primaryimage\"},\"image\":{\"@id\":\"https:\/\/paracherkaoui.ma\/index.php\/produit\/biocol-kids-concentration-ctr-150-ml\/#primaryimage\"},\"thumbnailUrl\":\"https:\/\/paracherkaoui.ma\/wp-content\/uploads\/2025\/12\/biocol-biocol-kids-concentration-ctr-150-ml-complements-alimentaires-enfants.jpg\",\"datePublished\":\"2025-12-12T18:44:49+00:00\",\"dateModified\":\"2025-12-12T18:45:00+00:00\",\"breadcrumb\":{\"@id\":\"https:\/\/paracherkaoui.ma\/index.php\/produit\/biocol-kids-concentration-ctr-150-ml\/#breadcrumb\"},\"inLanguage\":\"fr-FR\",\"potentialAction\":[{\"@type\":\"ReadAction\",\"target\":[\"https:\/\/paracherkaoui.ma\/index.php\/produit\/biocol-kids-concentration-ctr-150-ml\/\"]}]},{\"@type\":\"ImageObject\",\"inLanguage\":\"fr-FR\",\"@id\":\"https:\/\/paracherkaoui.ma\/index.php\/produit\/biocol-kids-concentration-ctr-150-ml\/#primaryimage\",\"url\":\"https:\/\/paracherkaoui.ma\/wp-content\/uploads\/2025\/12\/biocol-biocol-kids-concentration-ctr-150-ml-complements-alimentaires-enfants.jpg\",\"contentUrl\":\"https:\/\/paracherkaoui.ma\/wp-content\/uploads\/2025\/12\/biocol-biocol-kids-concentration-ctr-150-ml-complements-alimentaires-enfants.jpg\",\"width\":700,\"height\":700},{\"@type\":\"BreadcrumbList\",\"@id\":\"https:\/\/paracherkaoui.ma\/index.php\/produit\/biocol-kids-concentration-ctr-150-ml\/#breadcrumb\",\"itemListElement\":[{\"@type\":\"ListItem\",\"position\":1,\"name\":\"Accueil\",\"item\":\"https:\/\/paracherkaoui.ma\/\"},{\"@type\":\"ListItem\",\"position\":2,\"name\":\"Boutique\",\"item\":\"https:\/\/paracherkaoui.ma\/index.php\/boutique\/\"},{\"@type\":\"ListItem\",\"position\":3,\"name\":\"BIOCOL KIDS CONCENTRATION CTR 150 ML\"}]},{\"@type\":\"WebSite\",\"@id\":\"https:\/\/paracherkaoui.ma\/#website\",\"url\":\"https:\/\/paracherkaoui.ma\/\",\"name\":\"Paracherkaoui.ma\",\"description\":\"Achetez en ligne sur Paracherkaoui.ma\",\"potentialAction\":[{\"@type\":\"SearchAction\",\"target\":{\"@type\":\"EntryPoint\",\"urlTemplate\":\"https:\/\/paracherkaoui.ma\/?s={search_term_string}\"},\"query-input\":{\"@type\":\"PropertyValueSpecification\",\"valueRequired\":true,\"valueName\":\"search_term_string\"}}],\"inLanguage\":\"fr-FR\"}]}<\/script>\r\n<!-- \/ Yoast SEO plugin. -->","yoast_head_json":{"title":"BIOCOL KIDS CONCENTRATION CTR 150 ML - Paracherkaoui.ma","robots":{"index":"index","follow":"follow","max-snippet":"max-snippet:-1","max-image-preview":"max-image-preview:large","max-video-preview":"max-video-preview:-1"},"canonical":"https:\/\/paracherkaoui.ma\/index.php\/produit\/biocol-kids-concentration-ctr-150-ml\/","og_locale":"fr_FR","og_type":"article","og_title":"BIOCOL KIDS CONCENTRATION CTR 150 ML - Paracherkaoui.ma","og_description":"Bien grandir, mieux dormir, plus d\u2019\u00e9nergie, moins d\u2019agressivit\u00e9, plus de concentration moins d\u2019anxi\u00e9t\u00e9, des os solides, un cerveau en forme,","og_url":"https:\/\/paracherkaoui.ma\/index.php\/produit\/biocol-kids-concentration-ctr-150-ml\/","og_site_name":"Paracherkaoui.ma","article_modified_time":"2025-12-12T18:45:00+00:00","og_image":[{"width":700,"height":700,"url":"https:\/\/paracherkaoui.ma\/wp-content\/uploads\/2025\/12\/biocol-biocol-kids-concentration-ctr-150-ml-complements-alimentaires-enfants.jpg","type":"image\/jpeg"}],"twitter_card":"summary_large_image","schema":{"@context":"https:\/\/schema.org","@graph":[{"@type":"WebPage","@id":"https:\/\/paracherkaoui.ma\/index.php\/produit\/biocol-kids-concentration-ctr-150-ml\/","url":"https:\/\/paracherkaoui.ma\/index.php\/produit\/biocol-kids-concentration-ctr-150-ml\/","name":"BIOCOL KIDS CONCENTRATION CTR 150 ML - Paracherkaoui.ma","isPartOf":{"@id":"https:\/\/paracherkaoui.ma\/#website"},"primaryImageOfPage":{"@id":"https:\/\/paracherkaoui.ma\/index.php\/produit\/biocol-kids-concentration-ctr-150-ml\/#primaryimage"},"image":{"@id":"https:\/\/paracherkaoui.ma\/index.php\/produit\/biocol-kids-concentration-ctr-150-ml\/#primaryimage"},"thumbnailUrl":"https:\/\/paracherkaoui.ma\/wp-content\/uploads\/2025\/12\/biocol-biocol-kids-concentration-ctr-150-ml-complements-alimentaires-enfants.jpg","datePublished":"2025-12-12T18:44:49+00:00","dateModified":"2025-12-12T18:45:00+00:00","breadcrumb":{"@id":"https:\/\/paracherkaoui.ma\/index.php\/produit\/biocol-kids-concentration-ctr-150-ml\/#breadcrumb"},"inLanguage":"fr-FR","potentialAction":[{"@type":"ReadAction","target":["https:\/\/paracherkaoui.ma\/index.php\/produit\/biocol-kids-concentration-ctr-150-ml\/"]}]},{"@type":"ImageObject","inLanguage":"fr-FR","@id":"https:\/\/paracherkaoui.ma\/index.php\/produit\/biocol-kids-concentration-ctr-150-ml\/#primaryimage","url":"https:\/\/paracherkaoui.ma\/wp-content\/uploads\/2025\/12\/biocol-biocol-kids-concentration-ctr-150-ml-complements-alimentaires-enfants.jpg","contentUrl":"https:\/\/paracherkaoui.ma\/wp-content\/uploads\/2025\/12\/biocol-biocol-kids-concentration-ctr-150-ml-complements-alimentaires-enfants.jpg","width":700,"height":700},{"@type":"BreadcrumbList","@id":"https:\/\/paracherkaoui.ma\/index.php\/produit\/biocol-kids-concentration-ctr-150-ml\/#breadcrumb","itemListElement":[{"@type":"ListItem","position":1,"name":"Accueil","item":"https:\/\/paracherkaoui.ma\/"},{"@type":"ListItem","position":2,"name":"Boutique","item":"https:\/\/paracherkaoui.ma\/index.php\/boutique\/"},{"@type":"ListItem","position":3,"name":"BIOCOL KIDS CONCENTRATION CTR 150 ML"}]},{"@type":"WebSite","@id":"https:\/\/paracherkaoui.ma\/#website","url":"https:\/\/paracherkaoui.ma\/","name":"Paracherkaoui.ma","description":"Achetez en ligne sur Paracherkaoui.ma","potentialAction":[{"@type":"SearchAction","target":{"@type":"EntryPoint","urlTemplate":"https:\/\/paracherkaoui.ma\/?s={search_term_string}"},"query-input":{"@type":"PropertyValueSpecification","valueRequired":true,"valueName":"search_term_string"}}],"inLanguage":"fr-FR"}]}},"_links":{"self":[{"href":"https:\/\/paracherkaoui.ma\/index.php\/wp-json\/wp\/v2\/product\/56041","targetHints":{"allow":["GET"]}}],"collection":[{"href":"https:\/\/paracherkaoui.ma\/index.php\/wp-json\/wp\/v2\/product"}],"about":[{"href":"https:\/\/paracherkaoui.ma\/index.php\/wp-json\/wp\/v2\/types\/product"}],"replies":[{"embeddable":true,"href":"https:\/\/paracherkaoui.ma\/index.php\/wp-json\/wp\/v2\/comments?post=56041"}],"version-history":[{"count":1,"href":"https:\/\/paracherkaoui.ma\/index.php\/wp-json\/wp\/v2\/product\/56041\/revisions"}],"predecessor-version":[{"id":56091,"href":"https:\/\/paracherkaoui.ma\/index.php\/wp-json\/wp\/v2\/product\/56041\/revisions\/56091"}],"wp:featuredmedia":[{"embeddable":true,"href":"https:\/\/paracherkaoui.ma\/index.php\/wp-json\/wp\/v2\/media\/56090"}],"wp:attachment":[{"href":"https:\/\/paracherkaoui.ma\/index.php\/wp-json\/wp\/v2\/media?parent=56041"}],"wp:term":[{"taxonomy":"product_brand","embeddable":true,"href":"https:\/\/paracherkaoui.ma\/index.php\/wp-json\/wp\/v2\/product_brand?post=56041"},{"taxonomy":"product_cat","embeddable":true,"href":"https:\/\/paracherkaoui.ma\/index.php\/wp-json\/wp\/v2\/product_cat?post=56041"},{"taxonomy":"product_tag","embeddable":true,"href":"https:\/\/paracherkaoui.ma\/index.php\/wp-json\/wp\/v2\/product_tag?post=56041"}],"curies":[{"name":"wp","href":"https:\/\/api.w.org\/{rel}","templated":true}]}}