{"id":55820,"date":"2025-12-12T19:44:16","date_gmt":"2025-12-12T18:44:16","guid":{"rendered":"https:\/\/test.ecbeaute.com\/?post_type=product&#038;p=55820"},"modified":"2025-12-12T19:44:19","modified_gmt":"2025-12-12T18:44:19","slug":"belle-and-bio-curcuma-bio-120-gelules","status":"publish","type":"product","link":"https:\/\/paracherkaoui.ma\/index.php\/produit\/belle-and-bio-curcuma-bio-120-gelules\/","title":{"rendered":"BELLE AND BIO CURCUMA BIO 120 GELULES"},"content":{"rendered":"<p>Nos articulations sont les pivots de notre mobilit\u00e9, mais elles sont souvent mises \u00e0 rude \u00e9preuve par le temps, l&rsquo;activit\u00e9 physique ou les exigences de la vie moderne. Le Curcuma Bio de Belle &#038; Bio est un compl\u00e9ment alimentaire con\u00e7u pour vous aider \u00e0 retrouver un bien-\u00eatre articulaire profond et durable. Il s&rsquo;appuie sur son actif principal, le curcuma (Curcuma longa), une \u00e9pice dor\u00e9e v\u00e9n\u00e9r\u00e9e depuis des milliers d&rsquo;ann\u00e9es dans la m\u00e9decine ayurv\u00e9dique et la m\u00e9decine traditionnelle chinoise pour ses propri\u00e9t\u00e9s exceptionnelles.<br \/>\nCe qui rend ce compl\u00e9ment si efficace, c&rsquo;est sa concentration en curcuma, associ\u00e9e \u00e0 une d\u00e9marche de qualit\u00e9 sup\u00e9rieure :<br \/>\nProtection et Sant\u00e9 Articulaire : Le curcuma est universellement reconnu pour prot\u00e9ger les articulations et les maintenir en bonne sant\u00e9. Ses compos\u00e9s actifs, les curcumino\u00efdes, sont de puissants antioxydants et contribuent \u00e0 r\u00e9duire l&rsquo;inflammation, aidant ainsi \u00e0 soulager les inconforts articulaires et \u00e0 pr\u00e9server l&rsquo;int\u00e9grit\u00e9 du cartilage. C&rsquo;est un soutien essentiel pour pr\u00e9server la souplesse et la fonctionnalit\u00e9 de vos articulations.<br \/>\nBienfaits du Curcuma : Consomm\u00e9 r\u00e9guli\u00e8rement, notre Curcuma Bio vous apportera tous les b\u00e9n\u00e9fices de cette plante. Au-del\u00e0 de ses vertus articulaires, le curcuma est \u00e9galement appr\u00e9ci\u00e9 pour ses effets b\u00e9n\u00e9fiques sur la digestion et ses propri\u00e9t\u00e9s antioxydantes g\u00e9n\u00e9rales, contribuant ainsi \u00e0 un bien-\u00eatre global de l&rsquo;organisme.<br \/>\nFormulation Biologique : Un atout majeur de ce produit est qu&rsquo;il est formul\u00e9 \u00e0 partir d\u2019ingr\u00e9dients d\u2019origine biologique. Cela garantit que le curcuma utilis\u00e9 est cultiv\u00e9 sans pesticides, herbicides ou engrais chimiques, vous assurant un produit d&rsquo;une puret\u00e9 et d&rsquo;une qualit\u00e9 irr\u00e9prochables, respectueux de votre corps et de l&rsquo;environnement.<br \/>\nLa prise r\u00e9guli\u00e8re du Curcuma Bio aide \u00e0 soutenir les processus naturels de votre corps pour maintenir la flexibilit\u00e9 et la mobilit\u00e9 de vos articulations.<br \/>\nConseils d&rsquo;utilisation :<br \/>\nR\u00e9f\u00e9rez-vous toujours aux instructions sp\u00e9cifiques figurant sur l&#8217;emballage du produit. La posologie standard est souvent de 2 \u00e0 3 g\u00e9lules par jour.<br \/>\nComposition :<br \/>\nCurcuma \u2013 Curcuma long L. (rhizome) \u00a0 600<br \/>\nAntiagglom\u00e9rant : carbonate de magn\u00e9sium<br \/>\nAgent de charge : fibres d&rsquo;acacia<br \/>\nAntiagglom\u00e9rant : talc<br \/>\nExtrait de Poivre noir 95% pip\u00e9rine \u2013 Piper nigrum L. (fruit)<\/p>\n","protected":false},"excerpt":{"rendered":"<p>Nos articulations sont les pivots de notre mobilit\u00e9, mais elles sont souvent mises \u00e0 rude \u00e9preuve par le temps, l&rsquo;activit\u00e9<\/p>\n","protected":false},"featured_media":55854,"comment_status":"open","ping_status":"closed","template":"","meta":[],"product_brand":[1063],"product_cat":[1081],"product_tag":[],"class_list":{"0":"post-55820","1":"product","2":"type-product","3":"status-publish","4":"has-post-thumbnail","6":"product_brand-belle-and-bio","7":"product_cat-articulations-et-crampes","9":"first","10":"instock","11":"shipping-taxable","12":"purchasable","13":"product-type-simple"},"yoast_head":"<!-- This site is optimized with the Yoast SEO plugin v26.6 - https:\/\/yoast.com\/wordpress\/plugins\/seo\/ -->\r\n<title>BELLE AND BIO CURCUMA BIO 120 GELULES - Paracherkaoui.ma<\/title>\r\n<meta name=\"robots\" content=\"index, follow, max-snippet:-1, max-image-preview:large, max-video-preview:-1\" \/>\r\n<link rel=\"canonical\" href=\"https:\/\/paracherkaoui.ma\/index.php\/produit\/belle-and-bio-curcuma-bio-120-gelules\/\" \/>\r\n<meta property=\"og:locale\" content=\"fr_FR\" \/>\r\n<meta property=\"og:type\" content=\"article\" \/>\r\n<meta property=\"og:title\" content=\"BELLE AND BIO CURCUMA BIO 120 GELULES - Paracherkaoui.ma\" \/>\r\n<meta property=\"og:description\" content=\"Nos articulations sont les pivots de notre mobilit\u00e9, mais elles sont souvent mises \u00e0 rude \u00e9preuve par le temps, l&rsquo;activit\u00e9\" \/>\r\n<meta property=\"og:url\" content=\"https:\/\/paracherkaoui.ma\/index.php\/produit\/belle-and-bio-curcuma-bio-120-gelules\/\" \/>\r\n<meta property=\"og:site_name\" content=\"Paracherkaoui.ma\" \/>\r\n<meta property=\"article:modified_time\" content=\"2025-12-12T18:44:19+00:00\" \/>\r\n<meta property=\"og:image\" content=\"https:\/\/paracherkaoui.ma\/wp-content\/uploads\/2025\/12\/belle-and-bio-curcuma-bio-120-gelules.jpg\" \/>\r\n\t<meta property=\"og:image:width\" content=\"700\" \/>\r\n\t<meta property=\"og:image:height\" content=\"700\" \/>\r\n\t<meta property=\"og:image:type\" content=\"image\/jpeg\" \/>\r\n<meta name=\"twitter:card\" content=\"summary_large_image\" \/>\r\n<meta name=\"twitter:label1\" content=\"Dur\u00e9e de lecture estim\u00e9e\" \/>\n\t<meta name=\"twitter:data1\" content=\"2 minutes\" \/>\r\n<script type=\"application\/ld+json\" class=\"yoast-schema-graph\">{\"@context\":\"https:\/\/schema.org\",\"@graph\":[{\"@type\":\"WebPage\",\"@id\":\"https:\/\/paracherkaoui.ma\/index.php\/produit\/belle-and-bio-curcuma-bio-120-gelules\/\",\"url\":\"https:\/\/paracherkaoui.ma\/index.php\/produit\/belle-and-bio-curcuma-bio-120-gelules\/\",\"name\":\"BELLE AND BIO CURCUMA BIO 120 GELULES - Paracherkaoui.ma\",\"isPartOf\":{\"@id\":\"https:\/\/paracherkaoui.ma\/#website\"},\"primaryImageOfPage\":{\"@id\":\"https:\/\/paracherkaoui.ma\/index.php\/produit\/belle-and-bio-curcuma-bio-120-gelules\/#primaryimage\"},\"image\":{\"@id\":\"https:\/\/paracherkaoui.ma\/index.php\/produit\/belle-and-bio-curcuma-bio-120-gelules\/#primaryimage\"},\"thumbnailUrl\":\"https:\/\/paracherkaoui.ma\/wp-content\/uploads\/2025\/12\/belle-and-bio-curcuma-bio-120-gelules.jpg\",\"datePublished\":\"2025-12-12T18:44:16+00:00\",\"dateModified\":\"2025-12-12T18:44:19+00:00\",\"breadcrumb\":{\"@id\":\"https:\/\/paracherkaoui.ma\/index.php\/produit\/belle-and-bio-curcuma-bio-120-gelules\/#breadcrumb\"},\"inLanguage\":\"fr-FR\",\"potentialAction\":[{\"@type\":\"ReadAction\",\"target\":[\"https:\/\/paracherkaoui.ma\/index.php\/produit\/belle-and-bio-curcuma-bio-120-gelules\/\"]}]},{\"@type\":\"ImageObject\",\"inLanguage\":\"fr-FR\",\"@id\":\"https:\/\/paracherkaoui.ma\/index.php\/produit\/belle-and-bio-curcuma-bio-120-gelules\/#primaryimage\",\"url\":\"https:\/\/paracherkaoui.ma\/wp-content\/uploads\/2025\/12\/belle-and-bio-curcuma-bio-120-gelules.jpg\",\"contentUrl\":\"https:\/\/paracherkaoui.ma\/wp-content\/uploads\/2025\/12\/belle-and-bio-curcuma-bio-120-gelules.jpg\",\"width\":700,\"height\":700},{\"@type\":\"BreadcrumbList\",\"@id\":\"https:\/\/paracherkaoui.ma\/index.php\/produit\/belle-and-bio-curcuma-bio-120-gelules\/#breadcrumb\",\"itemListElement\":[{\"@type\":\"ListItem\",\"position\":1,\"name\":\"Accueil\",\"item\":\"https:\/\/paracherkaoui.ma\/\"},{\"@type\":\"ListItem\",\"position\":2,\"name\":\"Boutique\",\"item\":\"https:\/\/paracherkaoui.ma\/index.php\/boutique\/\"},{\"@type\":\"ListItem\",\"position\":3,\"name\":\"BELLE AND BIO CURCUMA BIO 120 GELULES\"}]},{\"@type\":\"WebSite\",\"@id\":\"https:\/\/paracherkaoui.ma\/#website\",\"url\":\"https:\/\/paracherkaoui.ma\/\",\"name\":\"Paracherkaoui.ma\",\"description\":\"Achetez en ligne sur Paracherkaoui.ma\",\"potentialAction\":[{\"@type\":\"SearchAction\",\"target\":{\"@type\":\"EntryPoint\",\"urlTemplate\":\"https:\/\/paracherkaoui.ma\/?s={search_term_string}\"},\"query-input\":{\"@type\":\"PropertyValueSpecification\",\"valueRequired\":true,\"valueName\":\"search_term_string\"}}],\"inLanguage\":\"fr-FR\"}]}<\/script>\r\n<!-- \/ Yoast SEO plugin. -->","yoast_head_json":{"title":"BELLE AND BIO CURCUMA BIO 120 GELULES - Paracherkaoui.ma","robots":{"index":"index","follow":"follow","max-snippet":"max-snippet:-1","max-image-preview":"max-image-preview:large","max-video-preview":"max-video-preview:-1"},"canonical":"https:\/\/paracherkaoui.ma\/index.php\/produit\/belle-and-bio-curcuma-bio-120-gelules\/","og_locale":"fr_FR","og_type":"article","og_title":"BELLE AND BIO CURCUMA BIO 120 GELULES - Paracherkaoui.ma","og_description":"Nos articulations sont les pivots de notre mobilit\u00e9, mais elles sont souvent mises \u00e0 rude \u00e9preuve par le temps, l&rsquo;activit\u00e9","og_url":"https:\/\/paracherkaoui.ma\/index.php\/produit\/belle-and-bio-curcuma-bio-120-gelules\/","og_site_name":"Paracherkaoui.ma","article_modified_time":"2025-12-12T18:44:19+00:00","og_image":[{"width":700,"height":700,"url":"https:\/\/paracherkaoui.ma\/wp-content\/uploads\/2025\/12\/belle-and-bio-curcuma-bio-120-gelules.jpg","type":"image\/jpeg"}],"twitter_card":"summary_large_image","twitter_misc":{"Dur\u00e9e de lecture estim\u00e9e":"2 minutes"},"schema":{"@context":"https:\/\/schema.org","@graph":[{"@type":"WebPage","@id":"https:\/\/paracherkaoui.ma\/index.php\/produit\/belle-and-bio-curcuma-bio-120-gelules\/","url":"https:\/\/paracherkaoui.ma\/index.php\/produit\/belle-and-bio-curcuma-bio-120-gelules\/","name":"BELLE AND BIO CURCUMA BIO 120 GELULES - Paracherkaoui.ma","isPartOf":{"@id":"https:\/\/paracherkaoui.ma\/#website"},"primaryImageOfPage":{"@id":"https:\/\/paracherkaoui.ma\/index.php\/produit\/belle-and-bio-curcuma-bio-120-gelules\/#primaryimage"},"image":{"@id":"https:\/\/paracherkaoui.ma\/index.php\/produit\/belle-and-bio-curcuma-bio-120-gelules\/#primaryimage"},"thumbnailUrl":"https:\/\/paracherkaoui.ma\/wp-content\/uploads\/2025\/12\/belle-and-bio-curcuma-bio-120-gelules.jpg","datePublished":"2025-12-12T18:44:16+00:00","dateModified":"2025-12-12T18:44:19+00:00","breadcrumb":{"@id":"https:\/\/paracherkaoui.ma\/index.php\/produit\/belle-and-bio-curcuma-bio-120-gelules\/#breadcrumb"},"inLanguage":"fr-FR","potentialAction":[{"@type":"ReadAction","target":["https:\/\/paracherkaoui.ma\/index.php\/produit\/belle-and-bio-curcuma-bio-120-gelules\/"]}]},{"@type":"ImageObject","inLanguage":"fr-FR","@id":"https:\/\/paracherkaoui.ma\/index.php\/produit\/belle-and-bio-curcuma-bio-120-gelules\/#primaryimage","url":"https:\/\/paracherkaoui.ma\/wp-content\/uploads\/2025\/12\/belle-and-bio-curcuma-bio-120-gelules.jpg","contentUrl":"https:\/\/paracherkaoui.ma\/wp-content\/uploads\/2025\/12\/belle-and-bio-curcuma-bio-120-gelules.jpg","width":700,"height":700},{"@type":"BreadcrumbList","@id":"https:\/\/paracherkaoui.ma\/index.php\/produit\/belle-and-bio-curcuma-bio-120-gelules\/#breadcrumb","itemListElement":[{"@type":"ListItem","position":1,"name":"Accueil","item":"https:\/\/paracherkaoui.ma\/"},{"@type":"ListItem","position":2,"name":"Boutique","item":"https:\/\/paracherkaoui.ma\/index.php\/boutique\/"},{"@type":"ListItem","position":3,"name":"BELLE AND BIO CURCUMA BIO 120 GELULES"}]},{"@type":"WebSite","@id":"https:\/\/paracherkaoui.ma\/#website","url":"https:\/\/paracherkaoui.ma\/","name":"Paracherkaoui.ma","description":"Achetez en ligne sur Paracherkaoui.ma","potentialAction":[{"@type":"SearchAction","target":{"@type":"EntryPoint","urlTemplate":"https:\/\/paracherkaoui.ma\/?s={search_term_string}"},"query-input":{"@type":"PropertyValueSpecification","valueRequired":true,"valueName":"search_term_string"}}],"inLanguage":"fr-FR"}]}},"_links":{"self":[{"href":"https:\/\/paracherkaoui.ma\/index.php\/wp-json\/wp\/v2\/product\/55820","targetHints":{"allow":["GET"]}}],"collection":[{"href":"https:\/\/paracherkaoui.ma\/index.php\/wp-json\/wp\/v2\/product"}],"about":[{"href":"https:\/\/paracherkaoui.ma\/index.php\/wp-json\/wp\/v2\/types\/product"}],"replies":[{"embeddable":true,"href":"https:\/\/paracherkaoui.ma\/index.php\/wp-json\/wp\/v2\/comments?post=55820"}],"version-history":[{"count":1,"href":"https:\/\/paracherkaoui.ma\/index.php\/wp-json\/wp\/v2\/product\/55820\/revisions"}],"predecessor-version":[{"id":55855,"href":"https:\/\/paracherkaoui.ma\/index.php\/wp-json\/wp\/v2\/product\/55820\/revisions\/55855"}],"wp:featuredmedia":[{"embeddable":true,"href":"https:\/\/paracherkaoui.ma\/index.php\/wp-json\/wp\/v2\/media\/55854"}],"wp:attachment":[{"href":"https:\/\/paracherkaoui.ma\/index.php\/wp-json\/wp\/v2\/media?parent=55820"}],"wp:term":[{"taxonomy":"product_brand","embeddable":true,"href":"https:\/\/paracherkaoui.ma\/index.php\/wp-json\/wp\/v2\/product_brand?post=55820"},{"taxonomy":"product_cat","embeddable":true,"href":"https:\/\/paracherkaoui.ma\/index.php\/wp-json\/wp\/v2\/product_cat?post=55820"},{"taxonomy":"product_tag","embeddable":true,"href":"https:\/\/paracherkaoui.ma\/index.php\/wp-json\/wp\/v2\/product_tag?post=55820"}],"curies":[{"name":"wp","href":"https:\/\/api.w.org\/{rel}","templated":true}]}}