{"id":55819,"date":"2025-12-12T19:44:16","date_gmt":"2025-12-12T18:44:16","guid":{"rendered":"https:\/\/test.ecbeaute.com\/?post_type=product&#038;p=55819"},"modified":"2025-12-12T19:44:19","modified_gmt":"2025-12-12T18:44:19","slug":"belle-and-bio-harpagophytum-confort-articulaire-120-gelules","status":"publish","type":"product","link":"https:\/\/paracherkaoui.ma\/index.php\/produit\/belle-and-bio-harpagophytum-confort-articulaire-120-gelules\/","title":{"rendered":"BELLE AND BIO HARPAGOPHYTUM CONFORT ARTICULAIRE 120 GELULES"},"content":{"rendered":"<p>Que ce soit l&rsquo;\u00e2ge, l&rsquo;activit\u00e9 physique intense, ou simplement les al\u00e9as du quotidien, nos articulations sont souvent mises \u00e0 rude \u00e9preuve, pouvant entra\u00eener g\u00eane et perte de mobilit\u00e9. Les BELLE &#038; BIO Harpagophytum Confort Articulaire 120 G\u00e9lules sont la solution naturelle pour soutenir la sant\u00e9 de vos articulations. Ayant pour actif majoritaire l\u2019harpagophytum, ce compl\u00e9ment alimentaire vous apporte tous les bienfaits de cette plante exceptionnelle, \u00e0 chaque utilisation.<br \/>\nL&rsquo;Harpagophytum (Harpagophytum procumbens), \u00e9galement connue sous le nom de \u00ab\u00a0Griffe du Diable\u00a0\u00bb, est une plante originaire d&rsquo;Afrique du Sud, utilis\u00e9e traditionnellement pour ses remarquables propri\u00e9t\u00e9s sur le syst\u00e8me locomoteur. C&rsquo;est une r\u00e9f\u00e9rence incontournable en phytoth\u00e9rapie pour le confort articulaire.<br \/>\nCe compl\u00e9ment est formul\u00e9 pour des bienfaits cibl\u00e9s et efficaces :<br \/>\nPropri\u00e9t\u00e9s Articulaires Cibl\u00e9es : L&rsquo;Harpagophytum est principalement connu pour ses propri\u00e9t\u00e9s articulaires. Il agit en profondeur pour apaiser les sensations d&rsquo;inconfort et aider \u00e0 maintenir l&rsquo;int\u00e9grit\u00e9 du cartilage. Cela le rend parfait pour les personnes souhaitant retrouver une bonne mobilit\u00e9, que ce soit apr\u00e8s une p\u00e9riode d&rsquo;inactivit\u00e9, en cas de raideurs matinales, ou pour soutenir des articulations sollicit\u00e9es.<br \/>\nMaintien de la Flexibilit\u00e9 : L&rsquo;un des atouts majeurs de ce compl\u00e9ment est qu&rsquo;il maintient la flexibilit\u00e9 des articulations. Il aide \u00e0 pr\u00e9server la souplesse des mouvements, facilitant ainsi les gestes du quotidien, l&rsquo;activit\u00e9 physique et le maintien d&rsquo;une vie active et confortable.<br \/>\nQuantit\u00e9 Id\u00e9ale pour une Meilleure Efficacit\u00e9 : En suivant la posologie indiqu\u00e9e, Harpagophytum Bio permet d\u2019obtenir la quantit\u00e9 id\u00e9ale de plante. Ceci est crucial car une concentration ad\u00e9quate est la cl\u00e9 d&rsquo;une meilleure efficacit\u00e9 des principes actifs de l&rsquo;Harpagophytum. Chaque g\u00e9lule est une dose pr\u00e9cise de bien-\u00eatre.<br \/>\nLa certification Bio garantit un Harpagophytum cultiv\u00e9 sans pesticides ni produits chimiques, respectant ainsi l&rsquo;environnement et vous offrant un produit d&rsquo;une puret\u00e9 et d&rsquo;une qualit\u00e9 irr\u00e9prochables.<br \/>\nConseils d&rsquo;utilisation :<br \/>\nR\u00e9f\u00e9rez-vous toujours aux instructions sp\u00e9cifiques figurant sur l&#8217;emballage du produit. La posologie standard est souvent de 2 \u00e0 3 g\u00e9lules par jour.<br \/>\nComposition :<br \/>\nHarpagophytum* &#8211; Harpagophytum procumbens (Burch.) DCh<\/p>\n","protected":false},"excerpt":{"rendered":"<p>Que ce soit l&rsquo;\u00e2ge, l&rsquo;activit\u00e9 physique intense, ou simplement les al\u00e9as du quotidien, nos articulations sont souvent mises \u00e0 rude<\/p>\n","protected":false},"featured_media":55852,"comment_status":"open","ping_status":"closed","template":"","meta":[],"product_brand":[1063],"product_cat":[1081],"product_tag":[],"class_list":{"0":"post-55819","1":"product","2":"type-product","3":"status-publish","4":"has-post-thumbnail","6":"product_brand-belle-and-bio","7":"product_cat-articulations-et-crampes","9":"first","10":"instock","11":"shipping-taxable","12":"purchasable","13":"product-type-simple"},"yoast_head":"<!-- This site is optimized with the Yoast SEO plugin v26.6 - https:\/\/yoast.com\/wordpress\/plugins\/seo\/ -->\r\n<title>BELLE AND BIO HARPAGOPHYTUM CONFORT ARTICULAIRE 120 GELULES - Paracherkaoui.ma<\/title>\r\n<meta name=\"robots\" content=\"index, follow, max-snippet:-1, max-image-preview:large, max-video-preview:-1\" \/>\r\n<link rel=\"canonical\" href=\"https:\/\/paracherkaoui.ma\/index.php\/produit\/belle-and-bio-harpagophytum-confort-articulaire-120-gelules\/\" \/>\r\n<meta property=\"og:locale\" content=\"fr_FR\" \/>\r\n<meta property=\"og:type\" content=\"article\" \/>\r\n<meta property=\"og:title\" content=\"BELLE AND BIO HARPAGOPHYTUM CONFORT ARTICULAIRE 120 GELULES - Paracherkaoui.ma\" \/>\r\n<meta property=\"og:description\" content=\"Que ce soit l&rsquo;\u00e2ge, l&rsquo;activit\u00e9 physique intense, ou simplement les al\u00e9as du quotidien, nos articulations sont souvent mises \u00e0 rude\" \/>\r\n<meta property=\"og:url\" content=\"https:\/\/paracherkaoui.ma\/index.php\/produit\/belle-and-bio-harpagophytum-confort-articulaire-120-gelules\/\" \/>\r\n<meta property=\"og:site_name\" content=\"Paracherkaoui.ma\" \/>\r\n<meta property=\"article:modified_time\" content=\"2025-12-12T18:44:19+00:00\" \/>\r\n<meta property=\"og:image\" content=\"https:\/\/paracherkaoui.ma\/wp-content\/uploads\/2025\/12\/belle-and-bio-harpagophytum-confort-articulaire-120-gelules.jpg\" \/>\r\n\t<meta property=\"og:image:width\" content=\"700\" \/>\r\n\t<meta property=\"og:image:height\" content=\"700\" \/>\r\n\t<meta property=\"og:image:type\" content=\"image\/jpeg\" \/>\r\n<meta name=\"twitter:card\" content=\"summary_large_image\" \/>\r\n<meta name=\"twitter:label1\" content=\"Dur\u00e9e de lecture estim\u00e9e\" \/>\n\t<meta name=\"twitter:data1\" content=\"2 minutes\" \/>\r\n<script type=\"application\/ld+json\" class=\"yoast-schema-graph\">{\"@context\":\"https:\/\/schema.org\",\"@graph\":[{\"@type\":\"WebPage\",\"@id\":\"https:\/\/paracherkaoui.ma\/index.php\/produit\/belle-and-bio-harpagophytum-confort-articulaire-120-gelules\/\",\"url\":\"https:\/\/paracherkaoui.ma\/index.php\/produit\/belle-and-bio-harpagophytum-confort-articulaire-120-gelules\/\",\"name\":\"BELLE AND BIO HARPAGOPHYTUM CONFORT ARTICULAIRE 120 GELULES - Paracherkaoui.ma\",\"isPartOf\":{\"@id\":\"https:\/\/paracherkaoui.ma\/#website\"},\"primaryImageOfPage\":{\"@id\":\"https:\/\/paracherkaoui.ma\/index.php\/produit\/belle-and-bio-harpagophytum-confort-articulaire-120-gelules\/#primaryimage\"},\"image\":{\"@id\":\"https:\/\/paracherkaoui.ma\/index.php\/produit\/belle-and-bio-harpagophytum-confort-articulaire-120-gelules\/#primaryimage\"},\"thumbnailUrl\":\"https:\/\/paracherkaoui.ma\/wp-content\/uploads\/2025\/12\/belle-and-bio-harpagophytum-confort-articulaire-120-gelules.jpg\",\"datePublished\":\"2025-12-12T18:44:16+00:00\",\"dateModified\":\"2025-12-12T18:44:19+00:00\",\"breadcrumb\":{\"@id\":\"https:\/\/paracherkaoui.ma\/index.php\/produit\/belle-and-bio-harpagophytum-confort-articulaire-120-gelules\/#breadcrumb\"},\"inLanguage\":\"fr-FR\",\"potentialAction\":[{\"@type\":\"ReadAction\",\"target\":[\"https:\/\/paracherkaoui.ma\/index.php\/produit\/belle-and-bio-harpagophytum-confort-articulaire-120-gelules\/\"]}]},{\"@type\":\"ImageObject\",\"inLanguage\":\"fr-FR\",\"@id\":\"https:\/\/paracherkaoui.ma\/index.php\/produit\/belle-and-bio-harpagophytum-confort-articulaire-120-gelules\/#primaryimage\",\"url\":\"https:\/\/paracherkaoui.ma\/wp-content\/uploads\/2025\/12\/belle-and-bio-harpagophytum-confort-articulaire-120-gelules.jpg\",\"contentUrl\":\"https:\/\/paracherkaoui.ma\/wp-content\/uploads\/2025\/12\/belle-and-bio-harpagophytum-confort-articulaire-120-gelules.jpg\",\"width\":700,\"height\":700},{\"@type\":\"BreadcrumbList\",\"@id\":\"https:\/\/paracherkaoui.ma\/index.php\/produit\/belle-and-bio-harpagophytum-confort-articulaire-120-gelules\/#breadcrumb\",\"itemListElement\":[{\"@type\":\"ListItem\",\"position\":1,\"name\":\"Accueil\",\"item\":\"https:\/\/paracherkaoui.ma\/\"},{\"@type\":\"ListItem\",\"position\":2,\"name\":\"Boutique\",\"item\":\"https:\/\/paracherkaoui.ma\/index.php\/boutique\/\"},{\"@type\":\"ListItem\",\"position\":3,\"name\":\"BELLE AND BIO HARPAGOPHYTUM CONFORT ARTICULAIRE 120 GELULES\"}]},{\"@type\":\"WebSite\",\"@id\":\"https:\/\/paracherkaoui.ma\/#website\",\"url\":\"https:\/\/paracherkaoui.ma\/\",\"name\":\"Paracherkaoui.ma\",\"description\":\"Achetez en ligne sur Paracherkaoui.ma\",\"potentialAction\":[{\"@type\":\"SearchAction\",\"target\":{\"@type\":\"EntryPoint\",\"urlTemplate\":\"https:\/\/paracherkaoui.ma\/?s={search_term_string}\"},\"query-input\":{\"@type\":\"PropertyValueSpecification\",\"valueRequired\":true,\"valueName\":\"search_term_string\"}}],\"inLanguage\":\"fr-FR\"}]}<\/script>\r\n<!-- \/ Yoast SEO plugin. -->","yoast_head_json":{"title":"BELLE AND BIO HARPAGOPHYTUM CONFORT ARTICULAIRE 120 GELULES - Paracherkaoui.ma","robots":{"index":"index","follow":"follow","max-snippet":"max-snippet:-1","max-image-preview":"max-image-preview:large","max-video-preview":"max-video-preview:-1"},"canonical":"https:\/\/paracherkaoui.ma\/index.php\/produit\/belle-and-bio-harpagophytum-confort-articulaire-120-gelules\/","og_locale":"fr_FR","og_type":"article","og_title":"BELLE AND BIO HARPAGOPHYTUM CONFORT ARTICULAIRE 120 GELULES - Paracherkaoui.ma","og_description":"Que ce soit l&rsquo;\u00e2ge, l&rsquo;activit\u00e9 physique intense, ou simplement les al\u00e9as du quotidien, nos articulations sont souvent mises \u00e0 rude","og_url":"https:\/\/paracherkaoui.ma\/index.php\/produit\/belle-and-bio-harpagophytum-confort-articulaire-120-gelules\/","og_site_name":"Paracherkaoui.ma","article_modified_time":"2025-12-12T18:44:19+00:00","og_image":[{"width":700,"height":700,"url":"https:\/\/paracherkaoui.ma\/wp-content\/uploads\/2025\/12\/belle-and-bio-harpagophytum-confort-articulaire-120-gelules.jpg","type":"image\/jpeg"}],"twitter_card":"summary_large_image","twitter_misc":{"Dur\u00e9e de lecture estim\u00e9e":"2 minutes"},"schema":{"@context":"https:\/\/schema.org","@graph":[{"@type":"WebPage","@id":"https:\/\/paracherkaoui.ma\/index.php\/produit\/belle-and-bio-harpagophytum-confort-articulaire-120-gelules\/","url":"https:\/\/paracherkaoui.ma\/index.php\/produit\/belle-and-bio-harpagophytum-confort-articulaire-120-gelules\/","name":"BELLE AND BIO HARPAGOPHYTUM CONFORT ARTICULAIRE 120 GELULES - Paracherkaoui.ma","isPartOf":{"@id":"https:\/\/paracherkaoui.ma\/#website"},"primaryImageOfPage":{"@id":"https:\/\/paracherkaoui.ma\/index.php\/produit\/belle-and-bio-harpagophytum-confort-articulaire-120-gelules\/#primaryimage"},"image":{"@id":"https:\/\/paracherkaoui.ma\/index.php\/produit\/belle-and-bio-harpagophytum-confort-articulaire-120-gelules\/#primaryimage"},"thumbnailUrl":"https:\/\/paracherkaoui.ma\/wp-content\/uploads\/2025\/12\/belle-and-bio-harpagophytum-confort-articulaire-120-gelules.jpg","datePublished":"2025-12-12T18:44:16+00:00","dateModified":"2025-12-12T18:44:19+00:00","breadcrumb":{"@id":"https:\/\/paracherkaoui.ma\/index.php\/produit\/belle-and-bio-harpagophytum-confort-articulaire-120-gelules\/#breadcrumb"},"inLanguage":"fr-FR","potentialAction":[{"@type":"ReadAction","target":["https:\/\/paracherkaoui.ma\/index.php\/produit\/belle-and-bio-harpagophytum-confort-articulaire-120-gelules\/"]}]},{"@type":"ImageObject","inLanguage":"fr-FR","@id":"https:\/\/paracherkaoui.ma\/index.php\/produit\/belle-and-bio-harpagophytum-confort-articulaire-120-gelules\/#primaryimage","url":"https:\/\/paracherkaoui.ma\/wp-content\/uploads\/2025\/12\/belle-and-bio-harpagophytum-confort-articulaire-120-gelules.jpg","contentUrl":"https:\/\/paracherkaoui.ma\/wp-content\/uploads\/2025\/12\/belle-and-bio-harpagophytum-confort-articulaire-120-gelules.jpg","width":700,"height":700},{"@type":"BreadcrumbList","@id":"https:\/\/paracherkaoui.ma\/index.php\/produit\/belle-and-bio-harpagophytum-confort-articulaire-120-gelules\/#breadcrumb","itemListElement":[{"@type":"ListItem","position":1,"name":"Accueil","item":"https:\/\/paracherkaoui.ma\/"},{"@type":"ListItem","position":2,"name":"Boutique","item":"https:\/\/paracherkaoui.ma\/index.php\/boutique\/"},{"@type":"ListItem","position":3,"name":"BELLE AND BIO HARPAGOPHYTUM CONFORT ARTICULAIRE 120 GELULES"}]},{"@type":"WebSite","@id":"https:\/\/paracherkaoui.ma\/#website","url":"https:\/\/paracherkaoui.ma\/","name":"Paracherkaoui.ma","description":"Achetez en ligne sur Paracherkaoui.ma","potentialAction":[{"@type":"SearchAction","target":{"@type":"EntryPoint","urlTemplate":"https:\/\/paracherkaoui.ma\/?s={search_term_string}"},"query-input":{"@type":"PropertyValueSpecification","valueRequired":true,"valueName":"search_term_string"}}],"inLanguage":"fr-FR"}]}},"_links":{"self":[{"href":"https:\/\/paracherkaoui.ma\/index.php\/wp-json\/wp\/v2\/product\/55819","targetHints":{"allow":["GET"]}}],"collection":[{"href":"https:\/\/paracherkaoui.ma\/index.php\/wp-json\/wp\/v2\/product"}],"about":[{"href":"https:\/\/paracherkaoui.ma\/index.php\/wp-json\/wp\/v2\/types\/product"}],"replies":[{"embeddable":true,"href":"https:\/\/paracherkaoui.ma\/index.php\/wp-json\/wp\/v2\/comments?post=55819"}],"version-history":[{"count":1,"href":"https:\/\/paracherkaoui.ma\/index.php\/wp-json\/wp\/v2\/product\/55819\/revisions"}],"predecessor-version":[{"id":55853,"href":"https:\/\/paracherkaoui.ma\/index.php\/wp-json\/wp\/v2\/product\/55819\/revisions\/55853"}],"wp:featuredmedia":[{"embeddable":true,"href":"https:\/\/paracherkaoui.ma\/index.php\/wp-json\/wp\/v2\/media\/55852"}],"wp:attachment":[{"href":"https:\/\/paracherkaoui.ma\/index.php\/wp-json\/wp\/v2\/media?parent=55819"}],"wp:term":[{"taxonomy":"product_brand","embeddable":true,"href":"https:\/\/paracherkaoui.ma\/index.php\/wp-json\/wp\/v2\/product_brand?post=55819"},{"taxonomy":"product_cat","embeddable":true,"href":"https:\/\/paracherkaoui.ma\/index.php\/wp-json\/wp\/v2\/product_cat?post=55819"},{"taxonomy":"product_tag","embeddable":true,"href":"https:\/\/paracherkaoui.ma\/index.php\/wp-json\/wp\/v2\/product_tag?post=55819"}],"curies":[{"name":"wp","href":"https:\/\/api.w.org\/{rel}","templated":true}]}}