{"id":55763,"date":"2025-12-12T19:44:09","date_gmt":"2025-12-12T18:44:09","guid":{"rendered":"https:\/\/test.ecbeaute.com\/?post_type=product&#038;p=55763"},"modified":"2025-12-12T19:44:15","modified_gmt":"2025-12-12T18:44:15","slug":"vertuplus-cartilage-de-requin-90-gelules","status":"publish","type":"product","link":"https:\/\/paracherkaoui.ma\/index.php\/produit\/vertuplus-cartilage-de-requin-90-gelules\/","title":{"rendered":"VERTUPLUS CARTILAGE DE REQUIN 90 GELULES"},"content":{"rendered":"<p>Le cartilage de requin, une source naturelle de calcium et de vitamine D, est le v\u00e9ritable alli\u00e9 de votre capital osseux. Ce compl\u00e9ment alimentaire exceptionnel offre une solution naturelle pour renforcer vos os et r\u00e9duire l&rsquo;inflammation li\u00e9e aux maladies rhumatismales. Utilis\u00e9 depuis des si\u00e8cles pour ses propri\u00e9t\u00e9s b\u00e9n\u00e9fiques, le cartilage de requin est aujourd&rsquo;hui reconnu pour ses vertus in\u00e9gal\u00e9es dans le soutien de la sant\u00e9 osseuse et articulaire.<br \/>\nProt\u00e9gez et Renforcez Votre Capital Osseux<br \/>\nLe cartilage de requin est riche en calcium, un min\u00e9ral essentiel pour la solidit\u00e9 et la densit\u00e9 de vos os. En int\u00e9grant ce compl\u00e9ment \u00e0 votre routine quotidienne, vous contribuez \u00e0 pr\u00e9venir les risques de fractures et d&rsquo;ost\u00e9oporose. De plus, la vitamine D pr\u00e9sente dans le cartilage de requin favorise l&rsquo;absorption du calcium par l&rsquo;organisme, optimisant ainsi ses bienfaits.<br \/>\nR\u00e9duction de l&rsquo;Inflammation<br \/>\nLes maladies rhumatismales, telles que l&rsquo;arthrite, peuvent causer des douleurs intenses et des inflammations qui affectent les os et les articulations. Le cartilage de requin poss\u00e8de des propri\u00e9t\u00e9s anti-inflammatoires naturelles, aidant \u00e0 att\u00e9nuer ces sympt\u00f4mes et \u00e0 am\u00e9liorer la qualit\u00e9 de vie des personnes souffrant de ces affections. En r\u00e9duisant l&rsquo;inflammation, il permet de retrouver une meilleure mobilit\u00e9 et de soulager les douleurs articulaires.<br \/>\nConseils d&rsquo;utilisation :<br \/>\nil est conseill\u00e9 de prendre une ou deux capsules par jour, de pr\u00e9f\u00e9rence pendant les repas, pour une meilleure absorption.<\/p>\n","protected":false},"excerpt":{"rendered":"<p>Le cartilage de requin, une source naturelle de calcium et de vitamine D, est le v\u00e9ritable alli\u00e9 de votre capital<\/p>\n","protected":false},"featured_media":55808,"comment_status":"open","ping_status":"closed","template":"","meta":[],"product_brand":[1007],"product_cat":[1081],"product_tag":[],"class_list":{"0":"post-55763","1":"product","2":"type-product","3":"status-publish","4":"has-post-thumbnail","6":"product_brand-vertu-plus","7":"product_cat-articulations-et-crampes","9":"first","10":"instock","11":"sale","12":"shipping-taxable","13":"purchasable","14":"product-type-simple"},"yoast_head":"<!-- This site is optimized with the Yoast SEO plugin v26.6 - https:\/\/yoast.com\/wordpress\/plugins\/seo\/ -->\r\n<title>VERTUPLUS CARTILAGE DE REQUIN 90 GELULES - Paracherkaoui.ma<\/title>\r\n<meta name=\"robots\" content=\"index, follow, max-snippet:-1, max-image-preview:large, max-video-preview:-1\" \/>\r\n<link rel=\"canonical\" href=\"https:\/\/paracherkaoui.ma\/index.php\/produit\/vertuplus-cartilage-de-requin-90-gelules\/\" \/>\r\n<meta property=\"og:locale\" content=\"fr_FR\" \/>\r\n<meta property=\"og:type\" content=\"article\" \/>\r\n<meta property=\"og:title\" content=\"VERTUPLUS CARTILAGE DE REQUIN 90 GELULES - Paracherkaoui.ma\" \/>\r\n<meta property=\"og:description\" content=\"Le cartilage de requin, une source naturelle de calcium et de vitamine D, est le v\u00e9ritable alli\u00e9 de votre capital\" \/>\r\n<meta property=\"og:url\" content=\"https:\/\/paracherkaoui.ma\/index.php\/produit\/vertuplus-cartilage-de-requin-90-gelules\/\" \/>\r\n<meta property=\"og:site_name\" content=\"Paracherkaoui.ma\" \/>\r\n<meta property=\"article:modified_time\" content=\"2025-12-12T18:44:15+00:00\" \/>\r\n<meta property=\"og:image\" content=\"https:\/\/paracherkaoui.ma\/wp-content\/uploads\/2025\/12\/vertuplus-vertuplus-cartilage-de-requin-90-gelules-articulations-et-crampes.jpg\" \/>\r\n\t<meta property=\"og:image:width\" content=\"700\" \/>\r\n\t<meta property=\"og:image:height\" content=\"700\" \/>\r\n\t<meta property=\"og:image:type\" content=\"image\/jpeg\" \/>\r\n<meta name=\"twitter:card\" content=\"summary_large_image\" \/>\r\n<meta name=\"twitter:label1\" content=\"Dur\u00e9e de lecture estim\u00e9e\" \/>\n\t<meta name=\"twitter:data1\" content=\"1 minute\" \/>\r\n<script type=\"application\/ld+json\" class=\"yoast-schema-graph\">{\"@context\":\"https:\/\/schema.org\",\"@graph\":[{\"@type\":\"WebPage\",\"@id\":\"https:\/\/paracherkaoui.ma\/index.php\/produit\/vertuplus-cartilage-de-requin-90-gelules\/\",\"url\":\"https:\/\/paracherkaoui.ma\/index.php\/produit\/vertuplus-cartilage-de-requin-90-gelules\/\",\"name\":\"VERTUPLUS CARTILAGE DE REQUIN 90 GELULES - Paracherkaoui.ma\",\"isPartOf\":{\"@id\":\"https:\/\/paracherkaoui.ma\/#website\"},\"primaryImageOfPage\":{\"@id\":\"https:\/\/paracherkaoui.ma\/index.php\/produit\/vertuplus-cartilage-de-requin-90-gelules\/#primaryimage\"},\"image\":{\"@id\":\"https:\/\/paracherkaoui.ma\/index.php\/produit\/vertuplus-cartilage-de-requin-90-gelules\/#primaryimage\"},\"thumbnailUrl\":\"https:\/\/paracherkaoui.ma\/wp-content\/uploads\/2025\/12\/vertuplus-vertuplus-cartilage-de-requin-90-gelules-articulations-et-crampes.jpg\",\"datePublished\":\"2025-12-12T18:44:09+00:00\",\"dateModified\":\"2025-12-12T18:44:15+00:00\",\"breadcrumb\":{\"@id\":\"https:\/\/paracherkaoui.ma\/index.php\/produit\/vertuplus-cartilage-de-requin-90-gelules\/#breadcrumb\"},\"inLanguage\":\"fr-FR\",\"potentialAction\":[{\"@type\":\"ReadAction\",\"target\":[\"https:\/\/paracherkaoui.ma\/index.php\/produit\/vertuplus-cartilage-de-requin-90-gelules\/\"]}]},{\"@type\":\"ImageObject\",\"inLanguage\":\"fr-FR\",\"@id\":\"https:\/\/paracherkaoui.ma\/index.php\/produit\/vertuplus-cartilage-de-requin-90-gelules\/#primaryimage\",\"url\":\"https:\/\/paracherkaoui.ma\/wp-content\/uploads\/2025\/12\/vertuplus-vertuplus-cartilage-de-requin-90-gelules-articulations-et-crampes.jpg\",\"contentUrl\":\"https:\/\/paracherkaoui.ma\/wp-content\/uploads\/2025\/12\/vertuplus-vertuplus-cartilage-de-requin-90-gelules-articulations-et-crampes.jpg\",\"width\":700,\"height\":700},{\"@type\":\"BreadcrumbList\",\"@id\":\"https:\/\/paracherkaoui.ma\/index.php\/produit\/vertuplus-cartilage-de-requin-90-gelules\/#breadcrumb\",\"itemListElement\":[{\"@type\":\"ListItem\",\"position\":1,\"name\":\"Accueil\",\"item\":\"https:\/\/paracherkaoui.ma\/\"},{\"@type\":\"ListItem\",\"position\":2,\"name\":\"Boutique\",\"item\":\"https:\/\/paracherkaoui.ma\/index.php\/boutique\/\"},{\"@type\":\"ListItem\",\"position\":3,\"name\":\"VERTUPLUS CARTILAGE DE REQUIN 90 GELULES\"}]},{\"@type\":\"WebSite\",\"@id\":\"https:\/\/paracherkaoui.ma\/#website\",\"url\":\"https:\/\/paracherkaoui.ma\/\",\"name\":\"Paracherkaoui.ma\",\"description\":\"Achetez en ligne sur Paracherkaoui.ma\",\"potentialAction\":[{\"@type\":\"SearchAction\",\"target\":{\"@type\":\"EntryPoint\",\"urlTemplate\":\"https:\/\/paracherkaoui.ma\/?s={search_term_string}\"},\"query-input\":{\"@type\":\"PropertyValueSpecification\",\"valueRequired\":true,\"valueName\":\"search_term_string\"}}],\"inLanguage\":\"fr-FR\"}]}<\/script>\r\n<!-- \/ Yoast SEO plugin. -->","yoast_head_json":{"title":"VERTUPLUS CARTILAGE DE REQUIN 90 GELULES - Paracherkaoui.ma","robots":{"index":"index","follow":"follow","max-snippet":"max-snippet:-1","max-image-preview":"max-image-preview:large","max-video-preview":"max-video-preview:-1"},"canonical":"https:\/\/paracherkaoui.ma\/index.php\/produit\/vertuplus-cartilage-de-requin-90-gelules\/","og_locale":"fr_FR","og_type":"article","og_title":"VERTUPLUS CARTILAGE DE REQUIN 90 GELULES - Paracherkaoui.ma","og_description":"Le cartilage de requin, une source naturelle de calcium et de vitamine D, est le v\u00e9ritable alli\u00e9 de votre capital","og_url":"https:\/\/paracherkaoui.ma\/index.php\/produit\/vertuplus-cartilage-de-requin-90-gelules\/","og_site_name":"Paracherkaoui.ma","article_modified_time":"2025-12-12T18:44:15+00:00","og_image":[{"width":700,"height":700,"url":"https:\/\/paracherkaoui.ma\/wp-content\/uploads\/2025\/12\/vertuplus-vertuplus-cartilage-de-requin-90-gelules-articulations-et-crampes.jpg","type":"image\/jpeg"}],"twitter_card":"summary_large_image","twitter_misc":{"Dur\u00e9e de lecture estim\u00e9e":"1 minute"},"schema":{"@context":"https:\/\/schema.org","@graph":[{"@type":"WebPage","@id":"https:\/\/paracherkaoui.ma\/index.php\/produit\/vertuplus-cartilage-de-requin-90-gelules\/","url":"https:\/\/paracherkaoui.ma\/index.php\/produit\/vertuplus-cartilage-de-requin-90-gelules\/","name":"VERTUPLUS CARTILAGE DE REQUIN 90 GELULES - Paracherkaoui.ma","isPartOf":{"@id":"https:\/\/paracherkaoui.ma\/#website"},"primaryImageOfPage":{"@id":"https:\/\/paracherkaoui.ma\/index.php\/produit\/vertuplus-cartilage-de-requin-90-gelules\/#primaryimage"},"image":{"@id":"https:\/\/paracherkaoui.ma\/index.php\/produit\/vertuplus-cartilage-de-requin-90-gelules\/#primaryimage"},"thumbnailUrl":"https:\/\/paracherkaoui.ma\/wp-content\/uploads\/2025\/12\/vertuplus-vertuplus-cartilage-de-requin-90-gelules-articulations-et-crampes.jpg","datePublished":"2025-12-12T18:44:09+00:00","dateModified":"2025-12-12T18:44:15+00:00","breadcrumb":{"@id":"https:\/\/paracherkaoui.ma\/index.php\/produit\/vertuplus-cartilage-de-requin-90-gelules\/#breadcrumb"},"inLanguage":"fr-FR","potentialAction":[{"@type":"ReadAction","target":["https:\/\/paracherkaoui.ma\/index.php\/produit\/vertuplus-cartilage-de-requin-90-gelules\/"]}]},{"@type":"ImageObject","inLanguage":"fr-FR","@id":"https:\/\/paracherkaoui.ma\/index.php\/produit\/vertuplus-cartilage-de-requin-90-gelules\/#primaryimage","url":"https:\/\/paracherkaoui.ma\/wp-content\/uploads\/2025\/12\/vertuplus-vertuplus-cartilage-de-requin-90-gelules-articulations-et-crampes.jpg","contentUrl":"https:\/\/paracherkaoui.ma\/wp-content\/uploads\/2025\/12\/vertuplus-vertuplus-cartilage-de-requin-90-gelules-articulations-et-crampes.jpg","width":700,"height":700},{"@type":"BreadcrumbList","@id":"https:\/\/paracherkaoui.ma\/index.php\/produit\/vertuplus-cartilage-de-requin-90-gelules\/#breadcrumb","itemListElement":[{"@type":"ListItem","position":1,"name":"Accueil","item":"https:\/\/paracherkaoui.ma\/"},{"@type":"ListItem","position":2,"name":"Boutique","item":"https:\/\/paracherkaoui.ma\/index.php\/boutique\/"},{"@type":"ListItem","position":3,"name":"VERTUPLUS CARTILAGE DE REQUIN 90 GELULES"}]},{"@type":"WebSite","@id":"https:\/\/paracherkaoui.ma\/#website","url":"https:\/\/paracherkaoui.ma\/","name":"Paracherkaoui.ma","description":"Achetez en ligne sur Paracherkaoui.ma","potentialAction":[{"@type":"SearchAction","target":{"@type":"EntryPoint","urlTemplate":"https:\/\/paracherkaoui.ma\/?s={search_term_string}"},"query-input":{"@type":"PropertyValueSpecification","valueRequired":true,"valueName":"search_term_string"}}],"inLanguage":"fr-FR"}]}},"_links":{"self":[{"href":"https:\/\/paracherkaoui.ma\/index.php\/wp-json\/wp\/v2\/product\/55763","targetHints":{"allow":["GET"]}}],"collection":[{"href":"https:\/\/paracherkaoui.ma\/index.php\/wp-json\/wp\/v2\/product"}],"about":[{"href":"https:\/\/paracherkaoui.ma\/index.php\/wp-json\/wp\/v2\/types\/product"}],"replies":[{"embeddable":true,"href":"https:\/\/paracherkaoui.ma\/index.php\/wp-json\/wp\/v2\/comments?post=55763"}],"version-history":[{"count":1,"href":"https:\/\/paracherkaoui.ma\/index.php\/wp-json\/wp\/v2\/product\/55763\/revisions"}],"predecessor-version":[{"id":55809,"href":"https:\/\/paracherkaoui.ma\/index.php\/wp-json\/wp\/v2\/product\/55763\/revisions\/55809"}],"wp:featuredmedia":[{"embeddable":true,"href":"https:\/\/paracherkaoui.ma\/index.php\/wp-json\/wp\/v2\/media\/55808"}],"wp:attachment":[{"href":"https:\/\/paracherkaoui.ma\/index.php\/wp-json\/wp\/v2\/media?parent=55763"}],"wp:term":[{"taxonomy":"product_brand","embeddable":true,"href":"https:\/\/paracherkaoui.ma\/index.php\/wp-json\/wp\/v2\/product_brand?post=55763"},{"taxonomy":"product_cat","embeddable":true,"href":"https:\/\/paracherkaoui.ma\/index.php\/wp-json\/wp\/v2\/product_cat?post=55763"},{"taxonomy":"product_tag","embeddable":true,"href":"https:\/\/paracherkaoui.ma\/index.php\/wp-json\/wp\/v2\/product_tag?post=55763"}],"curies":[{"name":"wp","href":"https:\/\/api.w.org\/{rel}","templated":true}]}}